{"id":5714,"date":"2019-02-24T15:48:59","date_gmt":"2019-02-24T15:48:59","guid":{"rendered":"https:\/\/www.botta.it\/?page_id=5714"},"modified":"2019-11-19T09:52:38","modified_gmt":"2019-11-19T08:52:38","slug":"animaux-a-bascule","status":"publish","type":"page","link":"https:\/\/www.botta.it\/fr\/animaux-a-bascule\/","title":{"rendered":"Animaux \u00e0 Bascule"},"content":{"rendered":"\t\t<div data-elementor-type=\"wp-post\" data-elementor-id=\"5714\" class=\"elementor elementor-5714 elementor-5709 elementor-bc-flex-widget\">\n\t\t\t\t\t\t\t\t\t<section class=\"elementor-section elementor-top-section elementor-element elementor-element-edf08de elementor-section-boxed elementor-section-height-default elementor-section-height-default\" data-id=\"edf08de\" data-element_type=\"section\" data-settings=\"{&quot;background_background&quot;:&quot;classic&quot;}\">\n\t\t\t\t\t\t<div class=\"elementor-container elementor-column-gap-default\">\n\t\t\t\t\t<div class=\"elementor-column elementor-col-100 elementor-top-column elementor-element elementor-element-56b1489\" data-id=\"56b1489\" data-element_type=\"column\">\n\t\t\t<div class=\"elementor-widget-wrap elementor-element-populated\">\n\t\t\t\t\t\t\t\t<div class=\"elementor-element elementor-element-936c825 elementor-widget elementor-widget-heading\" data-id=\"936c825\" data-element_type=\"widget\" data-widget_type=\"heading.default\">\n\t\t\t\t<div class=\"elementor-widget-container\">\n\t\t\t<h1 class=\"elementor-heading-title elementor-size-default\">ANIMAUX \u00c0 BASCULE<\/h1>\t\t<\/div>\n\t\t\t\t<\/div>\n\t\t\t\t\t<\/div>\n\t\t<\/div>\n\t\t\t\t\t\t\t<\/div>\n\t\t<\/section>\n\t\t\t\t<section class=\"elementor-section elementor-top-section elementor-element elementor-element-d110823 elementor-section-boxed elementor-section-height-default elementor-section-height-default\" data-id=\"d110823\" data-element_type=\"section\">\n\t\t\t\t\t\t<div class=\"elementor-container elementor-column-gap-default\">\n\t\t\t\t\t<div class=\"elementor-column elementor-col-100 elementor-top-column elementor-element elementor-element-35e55b8\" data-id=\"35e55b8\" data-element_type=\"column\">\n\t\t\t<div class=\"elementor-widget-wrap elementor-element-populated\">\n\t\t\t\t\t\t\t\t<div class=\"elementor-element elementor-element-fce0fa3 elementor-widget elementor-widget-breadcrumbs\" data-id=\"fce0fa3\" data-element_type=\"widget\" data-widget_type=\"breadcrumbs.default\">\n\t\t\t\t<div class=\"elementor-widget-container\">\n\t\t\t<p id=\"breadcrumbs\"><span><span><a href=\"https:\/\/www.botta.it\/\">Home<\/a><\/span><\/span><\/p>\t\t<\/div>\n\t\t\t\t<\/div>\n\t\t\t\t\t<\/div>\n\t\t<\/div>\n\t\t\t\t\t\t\t<\/div>\n\t\t<\/section>\n\t\t\t\t<section class=\"elementor-section elementor-top-section elementor-element elementor-element-b80c3d6 elementor-section-boxed elementor-section-height-default elementor-section-height-default\" data-id=\"b80c3d6\" data-element_type=\"section\">\n\t\t\t\t\t\t<div class=\"elementor-container elementor-column-gap-default\">\n\t\t\t\t\t<div class=\"elementor-column elementor-col-50 elementor-top-column elementor-element elementor-element-ae52611\" data-id=\"ae52611\" data-element_type=\"column\">\n\t\t\t<div class=\"elementor-widget-wrap\">\n\t\t\t\t\t\t\t\t\t<\/div>\n\t\t<\/div>\n\t\t\t\t<div class=\"elementor-column elementor-col-50 elementor-top-column elementor-element elementor-element-19c0721\" data-id=\"19c0721\" data-element_type=\"column\">\n\t\t\t<div class=\"elementor-widget-wrap elementor-element-populated\">\n\t\t\t\t\t\t\t\t<div class=\"elementor-element elementor-element-ae885e3 elementor-widget elementor-widget-text-editor\" data-id=\"ae885e3\" data-element_type=\"widget\" data-widget_type=\"text-editor.default\">\n\t\t\t\t<div class=\"elementor-widget-container\">\n\t\t\t\t\t\t\t<h3><strong>Alice<\/strong><\/h3>\n<p><span lang=\"fr\"><span>Il est une<\/span>&nbsp;<span>Moose<\/span>&nbsp;<span>bascule<\/span>&nbsp;en&nbsp;<span>carton alv\u00e9olaire<\/span>&nbsp;<span>recycl\u00e9<\/span>,&nbsp;<span>feutre et<\/span>&nbsp;<span>bois.<\/span>&nbsp;<span>Il peut \u00eatre color\u00e9<\/span>&nbsp;<span>et<\/span><span>personnalis\u00e9<\/span>&nbsp;<span>avec des crayons<\/span>,&nbsp;<span>marqueurs<\/span>, Tempera,&nbsp;<span>ou d\u2019autres<\/span>&nbsp;<span>adh\u00e9sifs<\/span>&nbsp;<span>pour devenir votre<\/span>&nbsp;<span>Alice<\/span>.&nbsp;<span>Sur le dos<\/span>&nbsp;<span>d\u2019un enfant<\/span>&nbsp;<span>imagine<\/span>&nbsp;<span>Alice<\/span><span>pour parcourir les<\/span>&nbsp;<span>for\u00eats enneig\u00e9es<\/span>,&nbsp;<span>de voir<\/span>&nbsp;<span>les<\/span>&nbsp;<span>aurores bor\u00e9ales<\/span>&nbsp;<span>ou<\/span>&nbsp;<span>de vivre<\/span>&nbsp;<span>une autre<\/span>&nbsp;<span>aventure.<\/span><br><span>Convient<\/span>&nbsp;<span>pour ceux pesant<\/span>&nbsp;<span>jusqu\u2019\u00e0 25 kg<\/span>.<\/span><\/p>\n<p><span>Dimensions:<\/span>&nbsp;<span>70<\/span>&nbsp;<span>x 62 x<\/span>&nbsp;<span>30 cm<\/span>;&nbsp;<span>hauteur d\u2019assise<\/span>&nbsp;<span>32<\/span>&nbsp;<span>cm<\/span>.<br><strong><span>Alice<\/span>&nbsp;<span>est 100% recyclable<\/span><\/strong><\/p>\n<h3><strong>B\u00e6rta<\/strong><\/h3>\n<p><span>Il<\/span>&nbsp;<span>est un mouton<\/span>&nbsp;<span>\u00e0 bascule<\/span>&nbsp;<span>carton alv\u00e9olaire<\/span>&nbsp;<span>recycl\u00e9<\/span>, feutre et&nbsp;<span>bois.<\/span>&nbsp;<span>Il peut \u00eatre color\u00e9<\/span>&nbsp;<span>et<\/span>&nbsp;<span>personnalis\u00e9<\/span>&nbsp;<span>avec des crayons<\/span>,&nbsp;<span>marqueurs<\/span>, Tempera,&nbsp;<span>ou d\u2019autres<\/span>&nbsp;<span>adh\u00e9sifs<\/span>&nbsp;<span>pour devenir votre<\/span>&nbsp;<span>B\u00e6rta<\/span>.&nbsp;<span>B\u00e6rta<\/span>&nbsp;<span>\u00e0 cheval sur<\/span>&nbsp;<span>un enfant<\/span>&nbsp;<span>de lib\u00e9rer<\/span>&nbsp;<span>son imagination<\/span>&nbsp;<span>courir<\/span>&nbsp;<span>\u00e0 travers les p\u00e2turages<\/span>&nbsp;<span>verts<\/span>&nbsp;<span>et<\/span>&nbsp;<span>inventer<\/span>&nbsp;<span>ERS<\/span>&nbsp;<span>mirabo-<\/span>&nbsp;<span>aventures<\/span>.<\/p>\n<div>\n<div>\n<div>\n<div>\n<div>\n<div dir=\"ltr\"><span lang=\"fr\"><span>Convient<\/span>&nbsp;<span>pour ceux pesant<\/span>&nbsp;<span>jusqu\u2019\u00e0 25 kg<\/span>.&nbsp;<span>Dimensions:<\/span>&nbsp;<span>70<\/span>&nbsp;<span>x 51<\/span>&nbsp;<span>x 30 cm<\/span>;&nbsp;<span>hauteur d\u2019assise<\/span>&nbsp;<span>32<\/span>&nbsp;<span>cm<\/span>.<br><strong><span>B\u00e6rta<\/span>&nbsp;<span>est 100% recyclable<\/span><\/strong><\/span><strong><br><\/strong><\/div>\n<div dir=\"ltr\"><span style=\"font-size: 15px;\"><br><\/span><\/div><div dir=\"ltr\"><span style=\"font-size: 15px;\"><br><\/span><\/div>\n<div dir=\"ltr\"><p><span style=\"font-size: 15px;\"><\/span><\/p>\n<div style=\"font-size: 15px; font-style: normal; font-weight: 400;\">\n<div style=\"font-size: 15px;\">\n<div style=\"font-size: 15px;\">\n<p style=\"font-size: 15px;\"><span style=\"font-size: 1.66667rem; font-weight: 700; color: rgb(71, 71, 71);\">Annibale<\/span><\/p>\n<p style=\"font-size: 15px;\"><span style=\"font-size: 15px;\">Il<\/span><span style=\"font-size: 15px;\">&nbsp;<\/span><span style=\"font-size: 15px;\">est<\/span><span style=\"font-size: 15px;\">&nbsp;<\/span><span style=\"font-size: 15px;\">un \u00e9l\u00e9phant<\/span><span style=\"font-size: 15px;\">&nbsp;<\/span><span style=\"font-size: 15px;\">nid d\u2019abeille<\/span><span style=\"font-size: 15px;\">&nbsp;<\/span><span style=\"font-size: 15px;\">bascule<\/span><span style=\"font-size: 15px;\">&nbsp;<\/span><span style=\"font-size: 15px;\">carton recycl\u00e9<\/span><span style=\"font-size: 15px;\">, feutre et&nbsp;<\/span><span style=\"font-size: 15px;\">bois.<\/span><span style=\"font-size: 15px;\">&nbsp;<\/span><span style=\"font-size: 15px;\">Il peut \u00eatre color\u00e9<\/span><span style=\"font-size: 15px;\">&nbsp;<\/span><span style=\"font-size: 15px;\">et<\/span><span style=\"font-size: 15px;\">&nbsp;<\/span><span style=\"font-size: 15px;\">personnalis\u00e9<\/span><span style=\"font-size: 15px;\">&nbsp;<\/span><span style=\"font-size: 15px;\">avec des crayons<\/span><span style=\"font-size: 15px;\">,&nbsp;<\/span><span style=\"font-size: 15px;\">marqueurs<\/span><span style=\"font-size: 15px;\">, Tempera,&nbsp;<\/span><span style=\"font-size: 15px;\">ou d\u2019autres<\/span><span style=\"font-size: 15px;\">&nbsp;<\/span><span style=\"font-size: 15px;\">adh\u00e9sifs<\/span><span style=\"font-size: 15px;\">&nbsp;<\/span><span style=\"font-size: 15px;\">pour devenir votre<\/span><span style=\"font-size: 15px;\">&nbsp;<\/span><span style=\"font-size: 15px;\">Hannibal<\/span><span style=\"font-size: 15px;\">.&nbsp;<\/span><span style=\"font-size: 15px;\">Au tournant<\/span><span style=\"font-size: 15px;\">&nbsp;<\/span><span style=\"font-size: 15px;\">d\u2019Hannibal<\/span><span style=\"font-size: 15px;\">&nbsp;<\/span><span style=\"font-size: 15px;\">un enfant<\/span><span style=\"font-size: 15px;\">&nbsp;<\/span><span style=\"font-size: 15px;\">peut jouer<\/span><span style=\"font-size: 15px;\">&nbsp;<\/span><span style=\"font-size: 15px;\">explorateur et<\/span><span style=\"font-size: 15px;\">imaginer \u00eatre<\/span><span style=\"font-size: 15px;\">&nbsp;<\/span><span style=\"font-size: 15px;\">en Afrique<\/span><span style=\"font-size: 15px;\">,&nbsp;<\/span><span style=\"font-size: 15px;\">\u00e0 courir pour<\/span><span style=\"font-size: 15px;\">&nbsp;<\/span><span style=\"font-size: 15px;\">la brousse avec<\/span><span style=\"font-size: 15px;\">&nbsp;<\/span><span style=\"font-size: 15px;\">les gazelles, les<\/span><span style=\"font-size: 15px;\">&nbsp;<\/span><span style=\"font-size: 15px;\">z\u00e8bres<\/span><span style=\"font-size: 15px;\">&nbsp;<\/span><span style=\"font-size: 15px;\">et les girafes<\/span><span style=\"font-size: 15px;\">.&nbsp;<\/span><span style=\"font-size: 15px;\">Peut basculer<\/span><span style=\"font-size: 15px;\">&nbsp;<\/span><span style=\"font-size: 15px;\">rapidement<\/span><span style=\"font-size: 15px;\">&nbsp;<\/span><span style=\"font-size: 15px;\">croyant<\/span><span style=\"font-size: 15px;\">&nbsp;<\/span><span style=\"font-size: 15px;\">\u00e9chapper aux<\/span><span style=\"font-size: 15px;\">lions<\/span><span style=\"font-size: 15px;\">.<\/span><\/p>\n<\/div>\n<\/div>\n<\/div>\n<p><\/p><\/div>\n<\/div>\n<\/div>\n<\/div>\n<\/div>\n<\/div>\n<p><span lang=\"fr\"><span>Convient<\/span>&nbsp;<span>pour ceux pesant<\/span>&nbsp;<span>jusqu\u2019\u00e0 25 kg<\/span>.<br><span>Dimensions:<\/span>&nbsp;<span>70 x<\/span>&nbsp;<span>45<\/span>&nbsp;<span>x 30 cm<\/span>;&nbsp;<span>hauteur d\u2019assise<\/span>&nbsp;<span>32<\/span>&nbsp;<span>cm<\/span><\/span><span lang=\"fr\">.<\/span><strong><span lang=\"fr\"><br><span>Hannibal<\/span>&nbsp;<span>est 100% recyclable<\/span><\/span><\/strong><\/p>\n<h3><strong>George<\/strong><\/h3>\n<p><span lang=\"fr\"><span>Il<\/span>&nbsp;<span>est un pingouin<\/span>&nbsp;<span>bascule<\/span>&nbsp;<span>carton alv\u00e9olaire<\/span>&nbsp;<span>recycl\u00e9<\/span>, feutre et&nbsp;<span>bois.<\/span>&nbsp;<span>Il peut \u00eatre color\u00e9<\/span>&nbsp;<span>et<\/span>&nbsp;<span>personnalis\u00e9<\/span>&nbsp;<span>avec des crayons<\/span>,&nbsp;<span>marqueurs<\/span>, Tempera,&nbsp;<span>ou d\u2019autres<\/span>&nbsp;<span>adh\u00e9sifs<\/span>&nbsp;<span>pour devenir votre<\/span>&nbsp;<span>George<\/span>.&nbsp;<span>George<\/span>&nbsp;<span>serrant un<\/span>&nbsp;<span>enfant peut jouer<\/span>&nbsp;<span>\u00e0 plonger dans<\/span>&nbsp;<span>les<\/span>&nbsp;<span>eaux glac\u00e9es du<\/span>&nbsp;<span>p\u00f4le Sud,<\/span>&nbsp;<span>d\u2019ING<\/span><span>nuo-<\/span>&nbsp;<span>entre les joints<\/span>, les poissons et&nbsp;<span>plong\u00e9e<\/span>&nbsp;<span>de<\/span>&nbsp;<span>l\u2019iceberg<\/span>.<br><span>Convient<\/span>&nbsp;<span>pour ceux pesant<\/span>&nbsp;<span>jusqu\u2019\u00e0 25 kg<\/span>.&nbsp;<span>Dimensions:<\/span>&nbsp;<span>70 x<\/span>&nbsp;<span>45<\/span>&nbsp;<span>x 30 cm<\/span>;&nbsp;<span>hauteur d\u2019assise<\/span>&nbsp;<span>32<\/span>&nbsp;<span>cm<\/span><\/span><span lang=\"fr\">.<\/span><strong><span lang=\"fr\"><br><span>George<\/span>&nbsp;<span>est 100% recyclable<\/span><\/span><\/strong><\/p>\n<pre>by Davide Paganotti Design<\/pre>\t\t\t\t\t\t<\/div>\n\t\t\t\t<\/div>\n\t\t\t\t\t<\/div>\n\t\t<\/div>\n\t\t\t\t\t\t\t<\/div>\n\t\t<\/section>\n\t\t\t\t\t\t\t<\/div>\n\t\t","protected":false},"excerpt":{"rendered":"<p>ANIMAUX \u00c0 BASCULE Alice Il est une\u00a0Moose\u00a0bascule\u00a0en\u00a0carton alv\u00e9olaire\u00a0recycl\u00e9,\u00a0feutre et\u00a0bois.\u00a0Il peut \u00eatre color\u00e9\u00a0etpersonnalis\u00e9\u00a0avec des crayons,\u00a0marqueurs, Tempera,\u00a0ou d\u2019autres\u00a0adh\u00e9sifs\u00a0pour devenir votre\u00a0Alice.\u00a0Sur le dos\u00a0d\u2019un enfant\u00a0imagine\u00a0Alicepour parcourir les\u00a0for\u00eats enneig\u00e9es,\u00a0de voir\u00a0les\u00a0aurores bor\u00e9ales\u00a0ou\u00a0de vivre\u00a0une autre\u00a0aventure. Convient\u00a0pour ceux pesant\u00a0jusqu\u2019\u00e0 25 kg. Dimensions:\u00a070\u00a0x 62 x\u00a030 cm;\u00a0hauteur d\u2019assise\u00a032\u00a0cm. Alice\u00a0est 100% recyclable B\u00e6rta Il\u00a0est un mouton\u00a0\u00e0 bascule\u00a0carton alv\u00e9olaire\u00a0recycl\u00e9, feutre et\u00a0bois.\u00a0Il peut \u00eatre color\u00e9\u00a0et\u00a0personnalis\u00e9\u00a0avec des crayons,\u00a0marqueurs, Tempera,\u00a0ou &hellip;<\/p>\n<p class=\"read-more\"> <a class=\"\" href=\"https:\/\/www.botta.it\/fr\/animaux-a-bascule\/\"> <span class=\"screen-reader-text\">Animaux \u00e0 Bascule<\/span> Lire la Suite \u00bb<\/a><\/p>\n","protected":false},"author":1,"featured_media":8871,"parent":0,"menu_order":0,"comment_status":"closed","ping_status":"closed","template":"","meta":{"om_disable_all_campaigns":false,"_monsterinsights_skip_tracking":false,"_monsterinsights_sitenote_active":false,"_monsterinsights_sitenote_note":"","_monsterinsights_sitenote_category":0,"site-sidebar-layout":"no-sidebar","site-content-layout":"page-builder","ast-global-header-display":"","ast-banner-title-visibility":"","ast-main-header-display":"","ast-hfb-above-header-display":"","ast-hfb-below-header-display":"","ast-hfb-mobile-header-display":"","site-post-title":"disabled","ast-breadcrumbs-content":"","ast-featured-img":"disabled","footer-sml-layout":"","theme-transparent-header-meta":"default","adv-header-id-meta":"","stick-header-meta":"","header-above-stick-meta":"","header-main-stick-meta":"","header-below-stick-meta":"","footnotes":""},"aioseo_notices":[],"yoast_head":"<!-- This site is optimized with the Yoast SEO Premium plugin v19.2.1 (Yoast SEO v21.9.1) - https:\/\/yoast.com\/wordpress\/plugins\/seo\/ -->\n<title>BOTTA PACKAGING \u00bb eco-packaging solutions - Animaux \u00e0 Bascule<\/title>\n<meta name=\"robots\" content=\"index, follow, max-snippet:-1, max-image-preview:large, max-video-preview:-1\" \/>\n<link rel=\"canonical\" href=\"https:\/\/www.botta.it\/fr\/animaux-a-bascule\/\" \/>\n<meta property=\"og:locale\" content=\"fr_FR\" \/>\n<meta property=\"og:type\" content=\"article\" \/>\n<meta property=\"og:title\" content=\"Animaux \u00e0 Bascule\" \/>\n<meta property=\"og:description\" content=\"ANIMAUX \u00c0 BASCULE Alice Il est une\u00a0Moose\u00a0bascule\u00a0en\u00a0carton alv\u00e9olaire\u00a0recycl\u00e9,\u00a0feutre et\u00a0bois.\u00a0Il peut \u00eatre color\u00e9\u00a0etpersonnalis\u00e9\u00a0avec des crayons,\u00a0marqueurs, Tempera,\u00a0ou d\u2019autres\u00a0adh\u00e9sifs\u00a0pour devenir votre\u00a0Alice.\u00a0Sur le dos\u00a0d\u2019un enfant\u00a0imagine\u00a0Alicepour parcourir les\u00a0for\u00eats enneig\u00e9es,\u00a0de voir\u00a0les\u00a0aurores bor\u00e9ales\u00a0ou\u00a0de vivre\u00a0une autre\u00a0aventure. Convient\u00a0pour ceux pesant\u00a0jusqu\u2019\u00e0 25 kg. Dimensions:\u00a070\u00a0x 62 x\u00a030 cm;\u00a0hauteur d\u2019assise\u00a032\u00a0cm. Alice\u00a0est 100% recyclable B\u00e6rta Il\u00a0est un mouton\u00a0\u00e0 bascule\u00a0carton alv\u00e9olaire\u00a0recycl\u00e9, feutre et\u00a0bois.\u00a0Il peut \u00eatre color\u00e9\u00a0et\u00a0personnalis\u00e9\u00a0avec des crayons,\u00a0marqueurs, Tempera,\u00a0ou &hellip; Animaux \u00e0 Bascule Lire la Suite \u00bb\" \/>\n<meta property=\"og:url\" content=\"https:\/\/www.botta.it\/fr\/animaux-a-bascule\/\" \/>\n<meta property=\"og:site_name\" content=\"BOTTA PACKAGING \u00bb eco-packaging solutions\" \/>\n<meta property=\"article:publisher\" content=\"https:\/\/www.facebook.com\/bottapackaging\/\" \/>\n<meta property=\"article:modified_time\" content=\"2019-11-19T08:52:38+00:00\" \/>\n<meta property=\"og:image\" content=\"https:\/\/www.botta.it\/wp-content\/uploads\/2019\/11\/Elefante-a-dondolo-rettangolo-2013-05-24-at-10.43.49-PM-e1369428821127_.png\" \/>\n\t<meta property=\"og:image:width\" content=\"476\" \/>\n\t<meta property=\"og:image:height\" content=\"271\" \/>\n\t<meta property=\"og:image:type\" content=\"image\/png\" \/>\n<meta name=\"twitter:card\" content=\"summary_large_image\" \/>\n<meta name=\"twitter:site\" content=\"@botta_box\" \/>\n<script type=\"application\/ld+json\" class=\"yoast-schema-graph\">{\"@context\":\"https:\/\/schema.org\",\"@graph\":[{\"@type\":\"WebPage\",\"@id\":\"https:\/\/www.botta.it\/fr\/animaux-a-bascule\/\",\"url\":\"https:\/\/www.botta.it\/fr\/animaux-a-bascule\/\",\"name\":\"BOTTA PACKAGING \u00bb eco-packaging solutions - Animaux \u00e0 Bascule\",\"isPartOf\":{\"@id\":\"https:\/\/www.botta.it\/#website\"},\"datePublished\":\"2019-02-24T15:48:59+00:00\",\"dateModified\":\"2019-11-19T08:52:38+00:00\",\"breadcrumb\":{\"@id\":\"https:\/\/www.botta.it\/fr\/animaux-a-bascule\/#breadcrumb\"},\"inLanguage\":\"fr-FR\",\"potentialAction\":[{\"@type\":\"ReadAction\",\"target\":[\"https:\/\/www.botta.it\/fr\/animaux-a-bascule\/\"]}]},{\"@type\":\"BreadcrumbList\",\"@id\":\"https:\/\/www.botta.it\/fr\/animaux-a-bascule\/#breadcrumb\",\"itemListElement\":[{\"@type\":\"ListItem\",\"position\":1,\"name\":\"Home\",\"item\":\"https:\/\/www.botta.it\/\"},{\"@type\":\"ListItem\",\"position\":2,\"name\":\"Animaux \u00e0 Bascule\"}]},{\"@type\":\"WebSite\",\"@id\":\"https:\/\/www.botta.it\/#website\",\"url\":\"https:\/\/www.botta.it\/\",\"name\":\"BOTTA PACKAGING \u00bb eco-packaging solutions\",\"description\":\"Solutions d&#039;emballage \u00e9cologiques, fournitures carton ondul\u00e9, bo\u00eetes, enveloppes, airbags.\",\"publisher\":{\"@id\":\"https:\/\/www.botta.it\/#organization\"},\"potentialAction\":[{\"@type\":\"SearchAction\",\"target\":{\"@type\":\"EntryPoint\",\"urlTemplate\":\"https:\/\/www.botta.it\/?s={search_term_string}\"},\"query-input\":\"required name=search_term_string\"}],\"inLanguage\":\"fr-FR\"},{\"@type\":\"Organization\",\"@id\":\"https:\/\/www.botta.it\/#organization\",\"name\":\"BOTTA EcoPackaging\",\"url\":\"https:\/\/www.botta.it\/\",\"logo\":{\"@type\":\"ImageObject\",\"inLanguage\":\"fr-FR\",\"@id\":\"https:\/\/www.botta.it\/#\/schema\/logo\/image\/\",\"url\":\"https:\/\/www.botta.it\/wp-content\/uploads\/2021\/12\/Logo-RGB.png\",\"contentUrl\":\"https:\/\/www.botta.it\/wp-content\/uploads\/2021\/12\/Logo-RGB.png\",\"width\":1600,\"height\":1043,\"caption\":\"BOTTA EcoPackaging\"},\"image\":{\"@id\":\"https:\/\/www.botta.it\/#\/schema\/logo\/image\/\"},\"sameAs\":[\"https:\/\/www.facebook.com\/bottapackaging\/\",\"https:\/\/twitter.com\/botta_box\",\"https:\/\/www.instagram.com\/botta_box\/\",\"https:\/\/it.linkedin.com\/company\/botta-ecopackaging\",\"https:\/\/www.youtube.com\/channel\/UCLhT-tw_FsukJfrKi73c48Q\"]}]}<\/script>\n<!-- \/ Yoast SEO Premium plugin. -->","yoast_head_json":{"title":"BOTTA PACKAGING \u00bb eco-packaging solutions - Animaux \u00e0 Bascule","robots":{"index":"index","follow":"follow","max-snippet":"max-snippet:-1","max-image-preview":"max-image-preview:large","max-video-preview":"max-video-preview:-1"},"canonical":"https:\/\/www.botta.it\/fr\/animaux-a-bascule\/","og_locale":"fr_FR","og_type":"article","og_title":"Animaux \u00e0 Bascule","og_description":"ANIMAUX \u00c0 BASCULE Alice Il est une\u00a0Moose\u00a0bascule\u00a0en\u00a0carton alv\u00e9olaire\u00a0recycl\u00e9,\u00a0feutre et\u00a0bois.\u00a0Il peut \u00eatre color\u00e9\u00a0etpersonnalis\u00e9\u00a0avec des crayons,\u00a0marqueurs, Tempera,\u00a0ou d\u2019autres\u00a0adh\u00e9sifs\u00a0pour devenir votre\u00a0Alice.\u00a0Sur le dos\u00a0d\u2019un enfant\u00a0imagine\u00a0Alicepour parcourir les\u00a0for\u00eats enneig\u00e9es,\u00a0de voir\u00a0les\u00a0aurores bor\u00e9ales\u00a0ou\u00a0de vivre\u00a0une autre\u00a0aventure. Convient\u00a0pour ceux pesant\u00a0jusqu\u2019\u00e0 25 kg. Dimensions:\u00a070\u00a0x 62 x\u00a030 cm;\u00a0hauteur d\u2019assise\u00a032\u00a0cm. Alice\u00a0est 100% recyclable B\u00e6rta Il\u00a0est un mouton\u00a0\u00e0 bascule\u00a0carton alv\u00e9olaire\u00a0recycl\u00e9, feutre et\u00a0bois.\u00a0Il peut \u00eatre color\u00e9\u00a0et\u00a0personnalis\u00e9\u00a0avec des crayons,\u00a0marqueurs, Tempera,\u00a0ou &hellip; Animaux \u00e0 Bascule Lire la Suite \u00bb","og_url":"https:\/\/www.botta.it\/fr\/animaux-a-bascule\/","og_site_name":"BOTTA PACKAGING \u00bb eco-packaging solutions","article_publisher":"https:\/\/www.facebook.com\/bottapackaging\/","article_modified_time":"2019-11-19T08:52:38+00:00","og_image":[{"width":476,"height":271,"url":"https:\/\/www.botta.it\/wp-content\/uploads\/2019\/11\/Elefante-a-dondolo-rettangolo-2013-05-24-at-10.43.49-PM-e1369428821127_.png","type":"image\/png"}],"twitter_card":"summary_large_image","twitter_site":"@botta_box","schema":{"@context":"https:\/\/schema.org","@graph":[{"@type":"WebPage","@id":"https:\/\/www.botta.it\/fr\/animaux-a-bascule\/","url":"https:\/\/www.botta.it\/fr\/animaux-a-bascule\/","name":"BOTTA PACKAGING \u00bb eco-packaging solutions - Animaux \u00e0 Bascule","isPartOf":{"@id":"https:\/\/www.botta.it\/#website"},"datePublished":"2019-02-24T15:48:59+00:00","dateModified":"2019-11-19T08:52:38+00:00","breadcrumb":{"@id":"https:\/\/www.botta.it\/fr\/animaux-a-bascule\/#breadcrumb"},"inLanguage":"fr-FR","potentialAction":[{"@type":"ReadAction","target":["https:\/\/www.botta.it\/fr\/animaux-a-bascule\/"]}]},{"@type":"BreadcrumbList","@id":"https:\/\/www.botta.it\/fr\/animaux-a-bascule\/#breadcrumb","itemListElement":[{"@type":"ListItem","position":1,"name":"Home","item":"https:\/\/www.botta.it\/"},{"@type":"ListItem","position":2,"name":"Animaux \u00e0 Bascule"}]},{"@type":"WebSite","@id":"https:\/\/www.botta.it\/#website","url":"https:\/\/www.botta.it\/","name":"BOTTA PACKAGING \u00bb eco-packaging solutions","description":"Solutions d&#039;emballage \u00e9cologiques, fournitures carton ondul\u00e9, bo\u00eetes, enveloppes, airbags.","publisher":{"@id":"https:\/\/www.botta.it\/#organization"},"potentialAction":[{"@type":"SearchAction","target":{"@type":"EntryPoint","urlTemplate":"https:\/\/www.botta.it\/?s={search_term_string}"},"query-input":"required name=search_term_string"}],"inLanguage":"fr-FR"},{"@type":"Organization","@id":"https:\/\/www.botta.it\/#organization","name":"BOTTA EcoPackaging","url":"https:\/\/www.botta.it\/","logo":{"@type":"ImageObject","inLanguage":"fr-FR","@id":"https:\/\/www.botta.it\/#\/schema\/logo\/image\/","url":"https:\/\/www.botta.it\/wp-content\/uploads\/2021\/12\/Logo-RGB.png","contentUrl":"https:\/\/www.botta.it\/wp-content\/uploads\/2021\/12\/Logo-RGB.png","width":1600,"height":1043,"caption":"BOTTA EcoPackaging"},"image":{"@id":"https:\/\/www.botta.it\/#\/schema\/logo\/image\/"},"sameAs":["https:\/\/www.facebook.com\/bottapackaging\/","https:\/\/twitter.com\/botta_box","https:\/\/www.instagram.com\/botta_box\/","https:\/\/it.linkedin.com\/company\/botta-ecopackaging","https:\/\/www.youtube.com\/channel\/UCLhT-tw_FsukJfrKi73c48Q"]}]}},"_links":{"self":[{"href":"https:\/\/www.botta.it\/fr\/wp-json\/wp\/v2\/pages\/5714"}],"collection":[{"href":"https:\/\/www.botta.it\/fr\/wp-json\/wp\/v2\/pages"}],"about":[{"href":"https:\/\/www.botta.it\/fr\/wp-json\/wp\/v2\/types\/page"}],"author":[{"embeddable":true,"href":"https:\/\/www.botta.it\/fr\/wp-json\/wp\/v2\/users\/1"}],"replies":[{"embeddable":true,"href":"https:\/\/www.botta.it\/fr\/wp-json\/wp\/v2\/comments?post=5714"}],"version-history":[{"count":0,"href":"https:\/\/www.botta.it\/fr\/wp-json\/wp\/v2\/pages\/5714\/revisions"}],"wp:featuredmedia":[{"embeddable":true,"href":"https:\/\/www.botta.it\/fr\/wp-json\/wp\/v2\/media\/8871"}],"wp:attachment":[{"href":"https:\/\/www.botta.it\/fr\/wp-json\/wp\/v2\/media?parent=5714"}],"curies":[{"name":"wp","href":"https:\/\/api.w.org\/{rel}","templated":true}]}}