{"id":5147,"date":"2019-02-21T01:33:12","date_gmt":"2019-02-21T01:33:12","guid":{"rendered":"https:\/\/www.botta.it\/?page_id=5147"},"modified":"2024-01-19T15:57:17","modified_gmt":"2024-01-19T14:57:17","slug":"systeme-informatique-et-technologie","status":"publish","type":"page","link":"https:\/\/www.botta.it\/fr\/innovation-partagee-pour-des-performances-optimes\/","title":{"rendered":"Innovation Partag\u00e9e pour des Performances Optimes"},"content":{"rendered":"\t\t<div data-elementor-type=\"wp-post\" data-elementor-id=\"5147\" class=\"elementor elementor-5147 elementor-4389\">\n\t\t\t\t\t\t\t<div class=\"elementor-element elementor-element-cb47137 e-flex e-con-boxed e-con\" data-id=\"cb47137\" data-element_type=\"container\" data-settings=\"{&quot;content_width&quot;:&quot;boxed&quot;}\">\n\t\t\t\t\t<div class=\"e-con-inner\">\n\t\t\t\t<div class=\"elementor-element elementor-element-fe503c5 elementor-widget elementor-widget-heading\" data-id=\"fe503c5\" data-element_type=\"widget\" data-widget_type=\"heading.default\">\n\t\t\t\t<div class=\"elementor-widget-container\">\n\t\t\t<h2 class=\"elementor-heading-title elementor-size-default\">Innovation Partag\u00e9e pour des Performances Optimes<\/h2>\t\t<\/div>\n\t\t\t\t<\/div>\n\t\t\t\t\t<\/div>\n\t\t\t\t<\/div>\n\t\t<div class=\"elementor-element elementor-element-6285f7c e-flex e-con-boxed e-con\" data-id=\"6285f7c\" data-element_type=\"container\" data-settings=\"{&quot;content_width&quot;:&quot;boxed&quot;}\">\n\t\t\t\t\t<div class=\"e-con-inner\">\n\t\t\t\t<div class=\"elementor-element elementor-element-2ad7e77 elementor-widget elementor-widget-text-editor\" data-id=\"2ad7e77\" data-element_type=\"widget\" data-widget_type=\"text-editor.default\">\n\t\t\t\t<div class=\"elementor-widget-container\">\n\t\t\t\t\t\t\t<p><img decoding=\"async\" class=\"aligncenter wp-image-22366\" src=\"https:\/\/www.botta.it\/wp-content\/uploads\/2024\/01\/1-2.jpg\" alt=\"Innovazione condivisa per una performance ottimale\" width=\"300\" height=\"200\" srcset=\"https:\/\/www.botta.it\/wp-content\/uploads\/2024\/01\/1-2.jpg 1037w, https:\/\/www.botta.it\/wp-content\/uploads\/2024\/01\/1-2-1024x683.jpg 1024w, https:\/\/www.botta.it\/wp-content\/uploads\/2024\/01\/1-2-150x100.jpg 150w, https:\/\/www.botta.it\/wp-content\/uploads\/2024\/01\/1-2-768x512.jpg 768w, https:\/\/www.botta.it\/wp-content\/uploads\/2024\/01\/1-2-240x160.jpg 240w\" sizes=\"(max-width: 300px) 100vw, 300px\" \/><\/p><p><span style=\"font-weight: 400;\">BOTTA EcoPackaging figure avec fiert\u00e9 parmi les \u00ab\u00a0100 Champions Digitaux de l&rsquo;Europe\u00a0\u00bb reconnus par le Financial Times. Notre utilisation strat\u00e9gique de la technologie de pointe illustre une innovation vertueuse, sp\u00e9cifiquement adapt\u00e9e pour r\u00e9pondre efficacement aux besoins des clients.<\/span><\/p><p><span style=\"font-weight: 400;\">B\u00e9n\u00e9ficiez de notre expertise av\u00e9r\u00e9e en mati\u00e8re d&#8217;emballage durable et de notre engagement continu en recherche et d\u00e9veloppement. D\u00e9couvrez deux ressources pr\u00e9cieuses que nous partageons librement en ligne, mettant en valeur une optimisation concr\u00e8te des ressources gr\u00e2ce \u00e0 des emballages durables et sensibilisant aux impacts associ\u00e9s.<\/span><\/p><ul><li><span style=\"font-weight: 400;\">Acc\u00e9dez \u00e0 notre calculateur convivial et gratuit d&rsquo;Analyse de Cycle de Vie (ACV) sur notre site web, encourageant l&rsquo;int\u00e9gration des ACV dans des programmes complets de durabilit\u00e9.<\/span><\/li><li><span style=\"font-weight: 400;\">Pour les responsables logistiques et d&rsquo;entrep\u00f4t, notre calculateur de palette gratuit, soutenu par un algorithme d&rsquo;optimisation, \u00e9value l&rsquo;efficacit\u00e9 de la palettisation des cargaisons.<\/span><\/li><\/ul><p><span style=\"font-weight: 400;\">Ces outils sont des premi\u00e8res \u00e9tapes essentielles pour les entreprises adoptant des solutions innovantes et durables, en accord avec les directives europ\u00e9ennes en \u00e9volution.<\/span><\/p><p><span style=\"font-weight: 400;\">Explorez notre jeu vid\u00e9o captivant con\u00e7u pour accro\u00eetre la sensibilisation parmi les citoyens, les jeunes et les entreprises de mani\u00e8re divertissante et unique.<\/span><\/p><p><span style=\"font-weight: 400;\">Collaborez avec nous pour tirer parti de notre expertise en faveur d&rsquo;une croissance durable. Consultez nos CONSEILS en mati\u00e8re de durabilit\u00e9 dans la vid\u00e9o YouTube de Lara ou contactez-nous directement.<\/span><\/p><p><span style=\"font-weight: 400;\">Dans une collaboration r\u00e9volutionnaire, nous nous sommes associ\u00e9s \u00e0 une institution mondiale pour calculer les \u00e9missions annuelles de carbone de chaque unit\u00e9 d&#8217;emballage vendue. Traduisez ces donn\u00e9es en projets certifi\u00e9s de durabilit\u00e9 sociale gr\u00e2ce \u00e0 notre <span style=\"text-decoration: underline;\">Service de Compensation Carbone<\/span>. Donnez \u00e0 votre marque le pouvoir de compenser les \u00e9missions in\u00e9vitables li\u00e9es \u00e0 la production d&#8217;emballages durables en contribuant \u00e0 un projet certifi\u00e9 align\u00e9 sur vos objectifs de durabilit\u00e9. Pour en savoir plus : <a href=\"https:\/\/www.botta.it\/prodotti\/eco-carbon-kompensation-service\/\">ici<\/a><\/span><span style=\"font-weight: 400;\">\u00a0ou CONTACTEZ-NOUS.<\/span><\/p>\t\t\t\t\t\t<\/div>\n\t\t\t\t<\/div>\n\t\t\t\t\t<\/div>\n\t\t\t\t<\/div>\n\t\t\t\t\t\t\t<\/div>\n\t\t","protected":false},"excerpt":{"rendered":"<p>Innovation Partag\u00e9e pour des Performances Optimes BOTTA EcoPackaging figure avec fiert\u00e9 parmi les \u00ab\u00a0100 Champions Digitaux de l&rsquo;Europe\u00a0\u00bb reconnus par le Financial Times. Notre utilisation strat\u00e9gique de la technologie de pointe illustre une innovation vertueuse, sp\u00e9cifiquement adapt\u00e9e pour r\u00e9pondre efficacement aux besoins des clients. B\u00e9n\u00e9ficiez de notre expertise av\u00e9r\u00e9e en mati\u00e8re d&#8217;emballage durable et de &hellip;<\/p>\n<p class=\"read-more\"> <a class=\"\" href=\"https:\/\/www.botta.it\/fr\/innovation-partagee-pour-des-performances-optimes\/\"> <span class=\"screen-reader-text\">Innovation Partag\u00e9e pour des Performances Optimes<\/span> Lire la Suite \u00bb<\/a><\/p>\n","protected":false},"author":1,"featured_media":0,"parent":0,"menu_order":0,"comment_status":"closed","ping_status":"closed","template":"elementor_header_footer","meta":{"om_disable_all_campaigns":false,"_monsterinsights_skip_tracking":false,"_monsterinsights_sitenote_active":false,"_monsterinsights_sitenote_note":"","_monsterinsights_sitenote_category":0,"site-sidebar-layout":"no-sidebar","site-content-layout":"page-builder","ast-global-header-display":"","ast-banner-title-visibility":"","ast-main-header-display":"","ast-hfb-above-header-display":"","ast-hfb-below-header-display":"","ast-hfb-mobile-header-display":"","site-post-title":"disabled","ast-breadcrumbs-content":"","ast-featured-img":"disabled","footer-sml-layout":"","theme-transparent-header-meta":"default","adv-header-id-meta":"","stick-header-meta":"","header-above-stick-meta":"","header-main-stick-meta":"","header-below-stick-meta":"","footnotes":""},"aioseo_notices":[],"yoast_head":"<!-- This site is optimized with the Yoast SEO Premium plugin v19.2.1 (Yoast SEO v21.9.1) - https:\/\/yoast.com\/wordpress\/plugins\/seo\/ -->\n<title>BOTTA PACKAGING \u00bb solutions \u00e9co-emballage - Innovation Partag\u00e9e pour des Performances Optimes<\/title>\n<meta name=\"robots\" content=\"index, follow, max-snippet:-1, max-image-preview:large, max-video-preview:-1\" \/>\n<link rel=\"canonical\" href=\"https:\/\/www.botta.it\/de\/computersystem\/\" \/>\n<meta property=\"og:locale\" content=\"fr_FR\" \/>\n<meta property=\"og:type\" content=\"article\" \/>\n<meta property=\"og:title\" content=\"Innovation Partag\u00e9e pour des Performances Optimes\" \/>\n<meta property=\"og:description\" content=\"Innovation Partag\u00e9e pour des Performances Optimes BOTTA EcoPackaging figure avec fiert\u00e9 parmi les \u00ab\u00a0100 Champions Digitaux de l&rsquo;Europe\u00a0\u00bb reconnus par le Financial Times. Notre utilisation strat\u00e9gique de la technologie de pointe illustre une innovation vertueuse, sp\u00e9cifiquement adapt\u00e9e pour r\u00e9pondre efficacement aux besoins des clients. B\u00e9n\u00e9ficiez de notre expertise av\u00e9r\u00e9e en mati\u00e8re d&#8217;emballage durable et de &hellip; Innovation Partag\u00e9e pour des Performances Optimes Lire la Suite \u00bb\" \/>\n<meta property=\"og:url\" content=\"https:\/\/www.botta.it\/de\/computersystem\/\" \/>\n<meta property=\"og:site_name\" content=\"BOTTA PACKAGING \u00bb solutions \u00e9co-emballage\" \/>\n<meta property=\"article:publisher\" content=\"https:\/\/www.facebook.com\/bottapackaging\/\" \/>\n<meta property=\"article:modified_time\" content=\"2024-01-19T14:57:17+00:00\" \/>\n<meta property=\"og:image\" content=\"https:\/\/www.botta.it\/wp-content\/uploads\/2024\/01\/1-2.jpg\" \/>\n<meta name=\"twitter:card\" content=\"summary_large_image\" \/>\n<meta name=\"twitter:site\" content=\"@botta_box\" \/>\n<script type=\"application\/ld+json\" class=\"yoast-schema-graph\">{\"@context\":\"https:\/\/schema.org\",\"@graph\":[{\"@type\":\"WebPage\",\"@id\":\"https:\/\/www.botta.it\/de\/computersystem\/\",\"url\":\"https:\/\/www.botta.it\/de\/computersystem\/\",\"name\":\"BOTTA PACKAGING \u00bb solutions \u00e9co-emballage - Innovation Partag\u00e9e pour des Performances Optimes\",\"isPartOf\":{\"@id\":\"https:\/\/www.botta.it\/#website\"},\"datePublished\":\"2019-02-21T01:33:12+00:00\",\"dateModified\":\"2024-01-19T14:57:17+00:00\",\"breadcrumb\":{\"@id\":\"https:\/\/www.botta.it\/de\/computersystem\/#breadcrumb\"},\"inLanguage\":\"fr-FR\",\"potentialAction\":[{\"@type\":\"ReadAction\",\"target\":[\"https:\/\/www.botta.it\/de\/computersystem\/\"]}]},{\"@type\":\"BreadcrumbList\",\"@id\":\"https:\/\/www.botta.it\/de\/computersystem\/#breadcrumb\",\"itemListElement\":[{\"@type\":\"ListItem\",\"position\":1,\"name\":\"Home\",\"item\":\"https:\/\/www.botta.it\/\"},{\"@type\":\"ListItem\",\"position\":2,\"name\":\"Innovation Partag\u00e9e pour des Performances Optimes\"}]},{\"@type\":\"WebSite\",\"@id\":\"https:\/\/www.botta.it\/#website\",\"url\":\"https:\/\/www.botta.it\/\",\"name\":\"BOTTA PACKAGING \u00bb solutions \u00e9co-emballage\",\"description\":\"Solutions d&#039;emballage \u00e9cologiques, fournitures carton ondul\u00e9, bo\u00eetes, enveloppes, airbags.\",\"publisher\":{\"@id\":\"https:\/\/www.botta.it\/#organization\"},\"potentialAction\":[{\"@type\":\"SearchAction\",\"target\":{\"@type\":\"EntryPoint\",\"urlTemplate\":\"https:\/\/www.botta.it\/?s={search_term_string}\"},\"query-input\":\"required name=search_term_string\"}],\"inLanguage\":\"fr-FR\"},{\"@type\":\"Organization\",\"@id\":\"https:\/\/www.botta.it\/#organization\",\"name\":\"BOTTA EcoPackaging\",\"url\":\"https:\/\/www.botta.it\/\",\"logo\":{\"@type\":\"ImageObject\",\"inLanguage\":\"fr-FR\",\"@id\":\"https:\/\/www.botta.it\/#\/schema\/logo\/image\/\",\"url\":\"https:\/\/www.botta.it\/wp-content\/uploads\/2021\/12\/Logo-RGB.png\",\"contentUrl\":\"https:\/\/www.botta.it\/wp-content\/uploads\/2021\/12\/Logo-RGB.png\",\"width\":1600,\"height\":1043,\"caption\":\"BOTTA EcoPackaging\"},\"image\":{\"@id\":\"https:\/\/www.botta.it\/#\/schema\/logo\/image\/\"},\"sameAs\":[\"https:\/\/www.facebook.com\/bottapackaging\/\",\"https:\/\/twitter.com\/botta_box\",\"https:\/\/www.instagram.com\/botta_box\/\",\"https:\/\/it.linkedin.com\/company\/botta-ecopackaging\",\"https:\/\/www.youtube.com\/channel\/UCLhT-tw_FsukJfrKi73c48Q\"]}]}<\/script>\n<!-- \/ Yoast SEO Premium plugin. -->","yoast_head_json":{"title":"BOTTA PACKAGING \u00bb solutions \u00e9co-emballage - Innovation Partag\u00e9e pour des Performances Optimes","robots":{"index":"index","follow":"follow","max-snippet":"max-snippet:-1","max-image-preview":"max-image-preview:large","max-video-preview":"max-video-preview:-1"},"canonical":"https:\/\/www.botta.it\/de\/computersystem\/","og_locale":"fr_FR","og_type":"article","og_title":"Innovation Partag\u00e9e pour des Performances Optimes","og_description":"Innovation Partag\u00e9e pour des Performances Optimes BOTTA EcoPackaging figure avec fiert\u00e9 parmi les \u00ab\u00a0100 Champions Digitaux de l&rsquo;Europe\u00a0\u00bb reconnus par le Financial Times. Notre utilisation strat\u00e9gique de la technologie de pointe illustre une innovation vertueuse, sp\u00e9cifiquement adapt\u00e9e pour r\u00e9pondre efficacement aux besoins des clients. B\u00e9n\u00e9ficiez de notre expertise av\u00e9r\u00e9e en mati\u00e8re d&#8217;emballage durable et de &hellip; Innovation Partag\u00e9e pour des Performances Optimes Lire la Suite \u00bb","og_url":"https:\/\/www.botta.it\/de\/computersystem\/","og_site_name":"BOTTA PACKAGING \u00bb solutions \u00e9co-emballage","article_publisher":"https:\/\/www.facebook.com\/bottapackaging\/","article_modified_time":"2024-01-19T14:57:17+00:00","og_image":[{"url":"https:\/\/www.botta.it\/wp-content\/uploads\/2024\/01\/1-2.jpg"}],"twitter_card":"summary_large_image","twitter_site":"@botta_box","schema":{"@context":"https:\/\/schema.org","@graph":[{"@type":"WebPage","@id":"https:\/\/www.botta.it\/de\/computersystem\/","url":"https:\/\/www.botta.it\/de\/computersystem\/","name":"BOTTA PACKAGING \u00bb solutions \u00e9co-emballage - Innovation Partag\u00e9e pour des Performances Optimes","isPartOf":{"@id":"https:\/\/www.botta.it\/#website"},"datePublished":"2019-02-21T01:33:12+00:00","dateModified":"2024-01-19T14:57:17+00:00","breadcrumb":{"@id":"https:\/\/www.botta.it\/de\/computersystem\/#breadcrumb"},"inLanguage":"fr-FR","potentialAction":[{"@type":"ReadAction","target":["https:\/\/www.botta.it\/de\/computersystem\/"]}]},{"@type":"BreadcrumbList","@id":"https:\/\/www.botta.it\/de\/computersystem\/#breadcrumb","itemListElement":[{"@type":"ListItem","position":1,"name":"Home","item":"https:\/\/www.botta.it\/"},{"@type":"ListItem","position":2,"name":"Innovation Partag\u00e9e pour des Performances Optimes"}]},{"@type":"WebSite","@id":"https:\/\/www.botta.it\/#website","url":"https:\/\/www.botta.it\/","name":"BOTTA PACKAGING \u00bb solutions \u00e9co-emballage","description":"Solutions d&#039;emballage \u00e9cologiques, fournitures carton ondul\u00e9, bo\u00eetes, enveloppes, airbags.","publisher":{"@id":"https:\/\/www.botta.it\/#organization"},"potentialAction":[{"@type":"SearchAction","target":{"@type":"EntryPoint","urlTemplate":"https:\/\/www.botta.it\/?s={search_term_string}"},"query-input":"required name=search_term_string"}],"inLanguage":"fr-FR"},{"@type":"Organization","@id":"https:\/\/www.botta.it\/#organization","name":"BOTTA EcoPackaging","url":"https:\/\/www.botta.it\/","logo":{"@type":"ImageObject","inLanguage":"fr-FR","@id":"https:\/\/www.botta.it\/#\/schema\/logo\/image\/","url":"https:\/\/www.botta.it\/wp-content\/uploads\/2021\/12\/Logo-RGB.png","contentUrl":"https:\/\/www.botta.it\/wp-content\/uploads\/2021\/12\/Logo-RGB.png","width":1600,"height":1043,"caption":"BOTTA EcoPackaging"},"image":{"@id":"https:\/\/www.botta.it\/#\/schema\/logo\/image\/"},"sameAs":["https:\/\/www.facebook.com\/bottapackaging\/","https:\/\/twitter.com\/botta_box","https:\/\/www.instagram.com\/botta_box\/","https:\/\/it.linkedin.com\/company\/botta-ecopackaging","https:\/\/www.youtube.com\/channel\/UCLhT-tw_FsukJfrKi73c48Q"]}]}},"_links":{"self":[{"href":"https:\/\/www.botta.it\/fr\/wp-json\/wp\/v2\/pages\/5147"}],"collection":[{"href":"https:\/\/www.botta.it\/fr\/wp-json\/wp\/v2\/pages"}],"about":[{"href":"https:\/\/www.botta.it\/fr\/wp-json\/wp\/v2\/types\/page"}],"author":[{"embeddable":true,"href":"https:\/\/www.botta.it\/fr\/wp-json\/wp\/v2\/users\/1"}],"replies":[{"embeddable":true,"href":"https:\/\/www.botta.it\/fr\/wp-json\/wp\/v2\/comments?post=5147"}],"version-history":[{"count":7,"href":"https:\/\/www.botta.it\/fr\/wp-json\/wp\/v2\/pages\/5147\/revisions"}],"predecessor-version":[{"id":22428,"href":"https:\/\/www.botta.it\/fr\/wp-json\/wp\/v2\/pages\/5147\/revisions\/22428"}],"wp:attachment":[{"href":"https:\/\/www.botta.it\/fr\/wp-json\/wp\/v2\/media?parent=5147"}],"curies":[{"name":"wp","href":"https:\/\/api.w.org\/{rel}","templated":true}]}}