{"id":23203,"date":"2024-03-27T17:10:16","date_gmt":"2024-03-27T16:10:16","guid":{"rendered":"https:\/\/www.botta.it\/servizi\/iqrcode-main\/"},"modified":"2025-01-15T12:13:01","modified_gmt":"2025-01-15T11:13:01","slug":"iqrcode","status":"publish","type":"page","link":"https:\/\/www.botta.it\/fr\/iqrcode\/","title":{"rendered":"iQRcode\u2122"},"content":{"rendered":"\t\t<div data-elementor-type=\"wp-page\" data-elementor-id=\"23203\" class=\"elementor elementor-23203 elementor-23189\">\n\t\t\t\t\t\t\t<div class=\"elementor-element elementor-element-827d3c0 e-flex e-con-boxed e-con\" data-id=\"827d3c0\" data-element_type=\"container\" data-settings=\"{&quot;content_width&quot;:&quot;boxed&quot;}\">\n\t\t\t\t\t<div class=\"e-con-inner\">\n\t\t<div class=\"elementor-element elementor-element-dbcb8a0 e-con-full e-flex e-con\" data-id=\"dbcb8a0\" data-element_type=\"container\" data-settings=\"{&quot;content_width&quot;:&quot;full&quot;}\">\n\t\t\t\t<div class=\"elementor-element elementor-element-9c31672 elementor-headline--style-highlight elementor-widget elementor-widget-animated-headline\" data-id=\"9c31672\" data-element_type=\"widget\" data-settings=\"{&quot;highlighted_text&quot;:&quot;iQRcode\\u2122&quot;,&quot;headline_style&quot;:&quot;highlight&quot;,&quot;marker&quot;:&quot;circle&quot;,&quot;loop&quot;:&quot;yes&quot;,&quot;highlight_animation_duration&quot;:1200,&quot;highlight_iteration_delay&quot;:8000}\" data-widget_type=\"animated-headline.default\">\n\t\t\t\t<div class=\"elementor-widget-container\">\n\t\t\t\t\t\t<a href=\"https:\/\/www.botta.it\/fr\/iqrcode\/\">\n\n\t\t\t\t\t<h3 class=\"elementor-headline\">\n\t\t\t\t<span class=\"elementor-headline-dynamic-wrapper elementor-headline-text-wrapper\">\n\t\t\t\t\t<span class=\"elementor-headline-dynamic-text elementor-headline-text-active\">iQRcode\u2122<\/span>\n\t\t\t\t<\/span>\n\t\t\t\t\t<span class=\"elementor-headline-plain-text elementor-headline-text-wrapper\">: La solution intelligente pour l\u2019\u00e9tiquetage environnemental - Conformit\u00e9 \u00e0 l\u2019UE<\/span>\n\t\t\t\t\t<\/h3>\n\t\t<\/a>\t\t<\/div>\n\t\t\t\t<\/div>\n\t\t\t\t<\/div>\n\t\t<div class=\"elementor-element elementor-element-46871a3 e-con-full e-flex e-con\" data-id=\"46871a3\" data-element_type=\"container\" data-settings=\"{&quot;content_width&quot;:&quot;full&quot;}\">\n\t\t\t\t<div class=\"elementor-element elementor-element-f9e2c38 elementor-widget elementor-widget-image\" data-id=\"f9e2c38\" data-element_type=\"widget\" data-widget_type=\"image.default\">\n\t\t\t\t<div class=\"elementor-widget-container\">\n\t\t\t\t\t\t\t\t\t\t\t\t\t\t\t<img decoding=\"async\" width=\"975\" height=\"998\" src=\"https:\/\/www.botta.it\/wp-content\/uploads\/2024\/11\/Copy-of-iQRcode-PPT-Beauty.jpg\" class=\"attachment-large size-large wp-image-25460\" alt=\"\" srcset=\"https:\/\/www.botta.it\/wp-content\/uploads\/2024\/11\/Copy-of-iQRcode-PPT-Beauty.jpg 975w, https:\/\/www.botta.it\/wp-content\/uploads\/2024\/11\/Copy-of-iQRcode-PPT-Beauty-147x150.jpg 147w, https:\/\/www.botta.it\/wp-content\/uploads\/2024\/11\/Copy-of-iQRcode-PPT-Beauty-768x786.jpg 768w, https:\/\/www.botta.it\/wp-content\/uploads\/2024\/11\/Copy-of-iQRcode-PPT-Beauty-240x246.jpg 240w\" sizes=\"(max-width: 975px) 100vw, 975px\" \/>\t\t\t\t\t\t\t\t\t\t\t\t\t\t\t<\/div>\n\t\t\t\t<\/div>\n\t\t\t\t<\/div>\n\t\t\t\t\t<\/div>\n\t\t\t\t<\/div>\n\t\t<div class=\"elementor-element elementor-element-b52f9d0 e-flex e-con-boxed e-con\" data-id=\"b52f9d0\" data-element_type=\"container\" data-settings=\"{&quot;content_width&quot;:&quot;boxed&quot;}\">\n\t\t\t\t\t<div class=\"e-con-inner\">\n\t\t\t\t<div class=\"elementor-element elementor-element-5a783e1 elementor-widget elementor-widget-spacer\" data-id=\"5a783e1\" data-element_type=\"widget\" data-widget_type=\"spacer.default\">\n\t\t\t\t<div class=\"elementor-widget-container\">\n\t\t\t\t\t<div class=\"elementor-spacer\">\n\t\t\t<div class=\"elementor-spacer-inner\"><\/div>\n\t\t<\/div>\n\t\t\t\t<\/div>\n\t\t\t\t<\/div>\n\t\t\t\t\t<\/div>\n\t\t\t\t<\/div>\n\t\t<div class=\"elementor-element elementor-element-a1785c7 e-flex e-con-boxed e-con\" data-id=\"a1785c7\" data-element_type=\"container\" data-settings=\"{&quot;content_width&quot;:&quot;boxed&quot;}\">\n\t\t\t\t\t<div class=\"e-con-inner\">\n\t\t<div class=\"elementor-element elementor-element-c764984 e-con-full e-flex e-con\" data-id=\"c764984\" data-element_type=\"container\" data-settings=\"{&quot;content_width&quot;:&quot;full&quot;}\">\n\t\t\t\t<div class=\"elementor-element elementor-element-e5bb81c elementor-widget elementor-widget-text-editor\" data-id=\"e5bb81c\" data-element_type=\"widget\" data-widget_type=\"text-editor.default\">\n\t\t\t\t<div class=\"elementor-widget-container\">\n\t\t\t\t\t\t\t<h1 style=\"text-align: center;\"><span style=\"color: #000000;\"><strong>IMPACT MONDIAL EN SEULEMENT <span style=\"color: #ff9900;\">2 ANS<\/span><\/strong><\/span><\/h1>\t\t\t\t\t\t<\/div>\n\t\t\t\t<\/div>\n\t\t\t\t<\/div>\n\t\t<div class=\"elementor-element elementor-element-2f4a8a9 e-con-full e-flex e-con\" data-id=\"2f4a8a9\" data-element_type=\"container\" data-settings=\"{&quot;content_width&quot;:&quot;full&quot;}\">\n\t\t\t\t<div class=\"elementor-element elementor-element-20858c8 elementor-widget elementor-widget-counter\" data-id=\"20858c8\" data-element_type=\"widget\" data-widget_type=\"counter.default\">\n\t\t\t\t<div class=\"elementor-widget-container\">\n\t\t\t\t\t<div class=\"elementor-counter\">\n\t\t\t<div class=\"elementor-counter-number-wrapper\">\n\t\t\t\t<span class=\"elementor-counter-number-prefix\"><\/span>\n\t\t\t\t<span class=\"elementor-counter-number\" data-duration=\"2000\" data-to-value=\"15000000\" data-from-value=\"0\" data-delimiter=\",\">0<\/span>\n\t\t\t\t<span class=\"elementor-counter-number-suffix\"><\/span>\n\t\t\t<\/div>\n\t\t\t\t\t\t\t<div class=\"elementor-counter-title\">de iQRcodes\u2122 d\u00e9ploy\u00e9s dans 105 pays, prouvant qu\u2019il s\u2019agit de la solution incontournable pour les marques de beaut\u00e9 souhaitant innover et rester conformes.<\/div>\n\t\t\t\t\t<\/div>\n\t\t\t\t<\/div>\n\t\t\t\t<\/div>\n\t\t\t\t<\/div>\n\t\t\t\t\t<\/div>\n\t\t\t\t<\/div>\n\t\t<div class=\"elementor-element elementor-element-d7154e0 e-flex e-con-boxed e-con\" data-id=\"d7154e0\" data-element_type=\"container\" data-settings=\"{&quot;content_width&quot;:&quot;boxed&quot;}\">\n\t\t\t\t\t<div class=\"e-con-inner\">\n\t\t\t\t<div class=\"elementor-element elementor-element-391745e elementor-widget elementor-widget-image\" data-id=\"391745e\" data-element_type=\"widget\" data-widget_type=\"image.default\">\n\t\t\t\t<div class=\"elementor-widget-container\">\n\t\t\t\t\t\t\t\t\t\t\t\t\t\t\t<img decoding=\"async\" width=\"1024\" height=\"512\" src=\"https:\/\/www.botta.it\/wp-content\/uploads\/2025\/01\/iqrcode-banner-French-1024x512.jpg\" class=\"attachment-large size-large wp-image-25887\" alt=\"\" srcset=\"https:\/\/www.botta.it\/wp-content\/uploads\/2025\/01\/iqrcode-banner-French-1024x512.jpg 1024w, https:\/\/www.botta.it\/wp-content\/uploads\/2025\/01\/iqrcode-banner-French-150x75.jpg 150w, https:\/\/www.botta.it\/wp-content\/uploads\/2025\/01\/iqrcode-banner-French-768x384.jpg 768w, https:\/\/www.botta.it\/wp-content\/uploads\/2025\/01\/iqrcode-banner-French-1536x768.jpg 1536w, https:\/\/www.botta.it\/wp-content\/uploads\/2025\/01\/iqrcode-banner-French-2048x1024.jpg 2048w, https:\/\/www.botta.it\/wp-content\/uploads\/2025\/01\/iqrcode-banner-French-240x120.jpg 240w\" sizes=\"(max-width: 1024px) 100vw, 1024px\" \/>\t\t\t\t\t\t\t\t\t\t\t\t\t\t\t<\/div>\n\t\t\t\t<\/div>\n\t\t\t\t\t<\/div>\n\t\t\t\t<\/div>\n\t\t<div class=\"elementor-element elementor-element-7b25552 e-flex e-con-boxed e-con\" data-id=\"7b25552\" data-element_type=\"container\" data-settings=\"{&quot;content_width&quot;:&quot;boxed&quot;}\">\n\t\t\t\t\t<div class=\"e-con-inner\">\n\t\t<div class=\"elementor-element elementor-element-21abcf5 e-con-full e-flex e-con\" data-id=\"21abcf5\" data-element_type=\"container\" data-settings=\"{&quot;content_width&quot;:&quot;full&quot;}\">\n\t\t\t\t<div class=\"elementor-element elementor-element-3eea6d1 elementor-widget elementor-widget-text-editor\" data-id=\"3eea6d1\" data-element_type=\"widget\" data-widget_type=\"text-editor.default\">\n\t\t\t\t<div class=\"elementor-widget-container\">\n\t\t\t\t\t\t\t<h1><strong><span style=\"color: #000000;\">Les principaux d\u00e9fis de l\u2019emballage<\/span><\/strong><\/h1><ul><li><span style=\"color: #000000;\"><strong>Conformit\u00e9 r\u00e9glementaire :<\/strong> \u00c9tiquetage environnemental obligatoire en Italie et en France, avec d\u2019autres pays \u00e0 suivre.<\/span><\/li><li><span style=\"color: #000000;\"><strong>Passeport num\u00e9rique du produit (DPP) :<\/strong> Obligatoire d\u2019ici 2027 selon le R\u00e8glement europ\u00e9en sur l\u2019\u00e9coconception des produits (ESPR).<\/span><\/li><li><span style=\"color: #000000;\"><strong>Transition des codes-barres :<\/strong> GS1 confirme le passage des codes-barres traditionnels aux codes 2D intelligents d\u2019ici 2027.<\/span><\/li><li><span style=\"color: #000000;\"><strong>Espace limit\u00e9 sur l\u2019emballage :<\/strong> Les listes d\u2019ingr\u00e9dients et les \u00e9tiquettes environnementales r\u00e9duisent l\u2019espace disponible pour le marketing et le branding.<\/span><\/li><\/ul>\t\t\t\t\t\t<\/div>\n\t\t\t\t<\/div>\n\t\t\t\t<\/div>\n\t\t<div class=\"elementor-element elementor-element-1310c09 e-con-full e-flex e-con\" data-id=\"1310c09\" data-element_type=\"container\" data-settings=\"{&quot;content_width&quot;:&quot;full&quot;}\">\n\t\t\t\t<div class=\"elementor-element elementor-element-b67f34a elementor-widget elementor-widget-image\" data-id=\"b67f34a\" data-element_type=\"widget\" data-widget_type=\"image.default\">\n\t\t\t\t<div class=\"elementor-widget-container\">\n\t\t\t\t\t\t\t\t\t\t\t\t\t\t\t<img decoding=\"async\" width=\"863\" height=\"1024\" src=\"https:\/\/www.botta.it\/wp-content\/uploads\/2024\/11\/Copy-of-iQRcode-PPT-Beauty-5-863x1024.png\" class=\"attachment-large size-large wp-image-25513\" alt=\"\" srcset=\"https:\/\/www.botta.it\/wp-content\/uploads\/2024\/11\/Copy-of-iQRcode-PPT-Beauty-5-863x1024.png 863w, https:\/\/www.botta.it\/wp-content\/uploads\/2024\/11\/Copy-of-iQRcode-PPT-Beauty-5-126x150.png 126w, https:\/\/www.botta.it\/wp-content\/uploads\/2024\/11\/Copy-of-iQRcode-PPT-Beauty-5-768x912.png 768w, https:\/\/www.botta.it\/wp-content\/uploads\/2024\/11\/Copy-of-iQRcode-PPT-Beauty-5-1294x1536.png 1294w, https:\/\/www.botta.it\/wp-content\/uploads\/2024\/11\/Copy-of-iQRcode-PPT-Beauty-5-240x285.png 240w, https:\/\/www.botta.it\/wp-content\/uploads\/2024\/11\/Copy-of-iQRcode-PPT-Beauty-5.png 1459w\" sizes=\"(max-width: 863px) 100vw, 863px\" \/>\t\t\t\t\t\t\t\t\t\t\t\t\t\t\t<\/div>\n\t\t\t\t<\/div>\n\t\t\t\t<\/div>\n\t\t\t\t\t<\/div>\n\t\t\t\t<\/div>\n\t\t<div class=\"elementor-element elementor-element-eba1d40 e-flex e-con-boxed e-con\" data-id=\"eba1d40\" data-element_type=\"container\" data-settings=\"{&quot;content_width&quot;:&quot;boxed&quot;}\">\n\t\t\t\t\t<div class=\"e-con-inner\">\n\t\t<div class=\"elementor-element elementor-element-1f527fb e-con-full e-flex e-con\" data-id=\"1f527fb\" data-element_type=\"container\" data-settings=\"{&quot;content_width&quot;:&quot;full&quot;}\">\n\t\t\t\t<div class=\"elementor-element elementor-element-e5f4fe8 elementor-widget__width-initial elementor-widget elementor-widget-image\" data-id=\"e5f4fe8\" data-element_type=\"widget\" data-widget_type=\"image.default\">\n\t\t\t\t<div class=\"elementor-widget-container\">\n\t\t\t\t\t\t\t\t\t\t\t\t\t\t\t<img decoding=\"async\" width=\"1024\" height=\"846\" src=\"https:\/\/www.botta.it\/wp-content\/uploads\/2024\/11\/Copy-of-iQRcode-PPT-Beauty-1-2-1024x846.png\" class=\"attachment-large size-large wp-image-25521\" alt=\"\" srcset=\"https:\/\/www.botta.it\/wp-content\/uploads\/2024\/11\/Copy-of-iQRcode-PPT-Beauty-1-2-1024x846.png 1024w, https:\/\/www.botta.it\/wp-content\/uploads\/2024\/11\/Copy-of-iQRcode-PPT-Beauty-1-2-150x124.png 150w, https:\/\/www.botta.it\/wp-content\/uploads\/2024\/11\/Copy-of-iQRcode-PPT-Beauty-1-2-768x635.png 768w, https:\/\/www.botta.it\/wp-content\/uploads\/2024\/11\/Copy-of-iQRcode-PPT-Beauty-1-2-1536x1270.png 1536w, https:\/\/www.botta.it\/wp-content\/uploads\/2024\/11\/Copy-of-iQRcode-PPT-Beauty-1-2-2048x1693.png 2048w, https:\/\/www.botta.it\/wp-content\/uploads\/2024\/11\/Copy-of-iQRcode-PPT-Beauty-1-2-240x198.png 240w\" sizes=\"(max-width: 1024px) 100vw, 1024px\" \/>\t\t\t\t\t\t\t\t\t\t\t\t\t\t\t<\/div>\n\t\t\t\t<\/div>\n\t\t\t\t<\/div>\n\t\t<div class=\"elementor-element elementor-element-f0765c0 e-con-full e-flex e-con\" data-id=\"f0765c0\" data-element_type=\"container\" data-settings=\"{&quot;content_width&quot;:&quot;full&quot;}\">\n\t\t\t\t<div class=\"elementor-element elementor-element-d4f33ae elementor-widget elementor-widget-text-editor\" data-id=\"d4f33ae\" data-element_type=\"widget\" data-widget_type=\"text-editor.default\">\n\t\t\t\t<div class=\"elementor-widget-container\">\n\t\t\t\t\t\t\t<h1><strong><span style=\"color: #000000;\">Pr\u00e9sentation de <span style=\"color: #ff9900;\">iQRcode\u2122<\/span><\/span><\/strong><\/h1><h4><strong><span style=\"color: #000000;\">Principaux avantages pour les marques et les d\u00e9taillants :<\/span><\/strong><\/h4><ul><li><span style=\"color: #000000;\">Conformit\u00e9 automatique aux r\u00e9glementations de l\u2019UE et aux \u00e9tiquettes environnementales<\/span><\/li><li><span style=\"color: #000000;\">Lib\u00e8re de l\u2019espace sur l\u2019emballage pour raconter l\u2019histoire de la marque et faire du marketing<\/span><\/li><li><span style=\"color: #000000;\">Regroupe les symboles de recyclage Triman, Alu et Pap<\/span><\/li><li><span style=\"color: #000000;\">Soutient le Passeport Num\u00e9rique du Produit<\/span><\/li><li><span style=\"color: #000000;\">Remplace les codes-barres par des codes 2D intelligents d\u2019ici 2027<\/span><\/li><li><span style=\"color: #000000;\">Fournit des donn\u00e9es pr\u00e9cieuses et am\u00e9liore l\u2019accessibilit\u00e9<\/span><\/li><\/ul>\t\t\t\t\t\t<\/div>\n\t\t\t\t<\/div>\n\t\t\t\t<\/div>\n\t\t\t\t\t<\/div>\n\t\t\t\t<\/div>\n\t\t<div class=\"elementor-element elementor-element-cd0786d e-flex e-con-boxed e-con\" data-id=\"cd0786d\" data-element_type=\"container\" data-settings=\"{&quot;content_width&quot;:&quot;boxed&quot;}\">\n\t\t\t\t\t<div class=\"e-con-inner\">\n\t\t\t\t<div class=\"elementor-element elementor-element-dd49594 elementor-align-center elementor-invisible elementor-widget elementor-widget-button\" data-id=\"dd49594\" data-element_type=\"widget\" data-settings=\"{&quot;_animation&quot;:&quot;bounce&quot;}\" data-widget_type=\"button.default\">\n\t\t\t\t<div class=\"elementor-widget-container\">\n\t\t\t\t\t<div class=\"elementor-button-wrapper\">\n\t\t\t<a class=\"elementor-button elementor-button-link elementor-size-xl\" href=\"https:\/\/www.botta.it\/fr\/iqrcode-details\/\">\n\t\t\t\t\t\t<span class=\"elementor-button-content-wrapper\">\n\t\t\t\t\t\t<span class=\"elementor-button-text\">D\u00e9couvrez iQRcode\u2122 !<\/span>\n\t\t<\/span>\n\t\t\t\t\t<\/a>\n\t\t<\/div>\n\t\t\t\t<\/div>\n\t\t\t\t<\/div>\n\t\t\t\t\t<\/div>\n\t\t\t\t<\/div>\n\t\t\t\t\t\t\t<\/div>\n\t\t","protected":false},"excerpt":{"rendered":"<p>&nbsp; iQRcode\u2122 : La solution intelligente pour l\u2019\u00e9tiquetage environnemental &#8211; Conformit\u00e9 \u00e0 l\u2019UE IMPACT MONDIAL EN SEULEMENT 2 ANS 0 de iQRcodes\u2122 d\u00e9ploy\u00e9s dans 105 pays, prouvant qu\u2019il s\u2019agit de la solution incontournable pour les marques de beaut\u00e9 souhaitant innover et rester conformes. Les principaux d\u00e9fis de l\u2019emballage Conformit\u00e9 r\u00e9glementaire : \u00c9tiquetage environnemental obligatoire en &hellip;<\/p>\n<p class=\"read-more\"> <a class=\"\" href=\"https:\/\/www.botta.it\/fr\/iqrcode\/\"> <span class=\"screen-reader-text\">iQRcode\u2122<\/span> Lire la Suite \u00bb<\/a><\/p>\n","protected":false},"author":11,"featured_media":0,"parent":14822,"menu_order":0,"comment_status":"closed","ping_status":"closed","template":"","meta":{"om_disable_all_campaigns":false,"_monsterinsights_skip_tracking":false,"_monsterinsights_sitenote_active":false,"_monsterinsights_sitenote_note":"","_monsterinsights_sitenote_category":0,"site-sidebar-layout":"default","site-content-layout":"default","ast-global-header-display":"","ast-banner-title-visibility":"","ast-main-header-display":"","ast-hfb-above-header-display":"","ast-hfb-below-header-display":"","ast-hfb-mobile-header-display":"","site-post-title":"","ast-breadcrumbs-content":"","ast-featured-img":"","footer-sml-layout":"","theme-transparent-header-meta":"default","adv-header-id-meta":"","stick-header-meta":"","header-above-stick-meta":"","header-main-stick-meta":"","header-below-stick-meta":"","footnotes":""},"aioseo_notices":[],"yoast_head":"<!-- This site is optimized with the Yoast SEO Premium plugin v19.2.1 (Yoast SEO v21.9.1) - https:\/\/yoast.com\/wordpress\/plugins\/seo\/ -->\n<title>BOTTA PACKAGING \u00bb eco-packaging solutions - iQRcode\u2122<\/title>\n<meta name=\"robots\" content=\"index, follow, max-snippet:-1, max-image-preview:large, max-video-preview:-1\" \/>\n<link rel=\"canonical\" href=\"https:\/\/www.botta.it\/fr\/iqrcode\/\" \/>\n<meta property=\"og:locale\" content=\"fr_FR\" \/>\n<meta property=\"og:type\" content=\"article\" \/>\n<meta property=\"og:title\" content=\"iQRcode\u2122\" \/>\n<meta property=\"og:description\" content=\"&nbsp; iQRcode\u2122 : La solution intelligente pour l\u2019\u00e9tiquetage environnemental &#8211; Conformit\u00e9 \u00e0 l\u2019UE IMPACT MONDIAL EN SEULEMENT 2 ANS 0 de iQRcodes\u2122 d\u00e9ploy\u00e9s dans 105 pays, prouvant qu\u2019il s\u2019agit de la solution incontournable pour les marques de beaut\u00e9 souhaitant innover et rester conformes. Les principaux d\u00e9fis de l\u2019emballage Conformit\u00e9 r\u00e9glementaire : \u00c9tiquetage environnemental obligatoire en &hellip; iQRcode\u2122 Lire la Suite \u00bb\" \/>\n<meta property=\"og:url\" content=\"https:\/\/www.botta.it\/fr\/iqrcode\/\" \/>\n<meta property=\"og:site_name\" content=\"BOTTA PACKAGING \u00bb eco-packaging solutions\" \/>\n<meta property=\"article:publisher\" content=\"https:\/\/www.facebook.com\/bottapackaging\/\" \/>\n<meta property=\"article:modified_time\" content=\"2025-01-15T11:13:01+00:00\" \/>\n<meta property=\"og:image\" content=\"https:\/\/www.botta.it\/wp-content\/uploads\/2024\/11\/Copy-of-iQRcode-PPT-Beauty.jpg\" \/>\n<meta name=\"twitter:card\" content=\"summary_large_image\" \/>\n<meta name=\"twitter:site\" content=\"@botta_box\" \/>\n<script type=\"application\/ld+json\" class=\"yoast-schema-graph\">{\"@context\":\"https:\/\/schema.org\",\"@graph\":[{\"@type\":\"WebPage\",\"@id\":\"https:\/\/www.botta.it\/fr\/iqrcode\/\",\"url\":\"https:\/\/www.botta.it\/fr\/iqrcode\/\",\"name\":\"BOTTA PACKAGING \u00bb eco-packaging solutions - iQRcode\u2122\",\"isPartOf\":{\"@id\":\"https:\/\/www.botta.it\/#website\"},\"datePublished\":\"2024-03-27T16:10:16+00:00\",\"dateModified\":\"2025-01-15T11:13:01+00:00\",\"breadcrumb\":{\"@id\":\"https:\/\/www.botta.it\/fr\/iqrcode\/#breadcrumb\"},\"inLanguage\":\"fr-FR\",\"potentialAction\":[{\"@type\":\"ReadAction\",\"target\":[\"https:\/\/www.botta.it\/fr\/iqrcode\/\"]}]},{\"@type\":\"BreadcrumbList\",\"@id\":\"https:\/\/www.botta.it\/fr\/iqrcode\/#breadcrumb\",\"itemListElement\":[{\"@type\":\"ListItem\",\"position\":1,\"name\":\"Home\",\"item\":\"https:\/\/www.botta.it\/\"},{\"@type\":\"ListItem\",\"position\":2,\"name\":\"SERVICES\",\"item\":\"https:\/\/www.botta.it\/fr\/servizi\/\"},{\"@type\":\"ListItem\",\"position\":3,\"name\":\"iQRcode\u2122\"}]},{\"@type\":\"WebSite\",\"@id\":\"https:\/\/www.botta.it\/#website\",\"url\":\"https:\/\/www.botta.it\/\",\"name\":\"BOTTA PACKAGING \u00bb eco-packaging solutions\",\"description\":\"Solutions d&#039;emballage \u00e9cologiques, fournitures carton ondul\u00e9, bo\u00eetes, enveloppes, airbags.\",\"publisher\":{\"@id\":\"https:\/\/www.botta.it\/#organization\"},\"potentialAction\":[{\"@type\":\"SearchAction\",\"target\":{\"@type\":\"EntryPoint\",\"urlTemplate\":\"https:\/\/www.botta.it\/?s={search_term_string}\"},\"query-input\":\"required name=search_term_string\"}],\"inLanguage\":\"fr-FR\"},{\"@type\":\"Organization\",\"@id\":\"https:\/\/www.botta.it\/#organization\",\"name\":\"BOTTA EcoPackaging\",\"url\":\"https:\/\/www.botta.it\/\",\"logo\":{\"@type\":\"ImageObject\",\"inLanguage\":\"fr-FR\",\"@id\":\"https:\/\/www.botta.it\/#\/schema\/logo\/image\/\",\"url\":\"https:\/\/www.botta.it\/wp-content\/uploads\/2021\/12\/Logo-RGB.png\",\"contentUrl\":\"https:\/\/www.botta.it\/wp-content\/uploads\/2021\/12\/Logo-RGB.png\",\"width\":1600,\"height\":1043,\"caption\":\"BOTTA EcoPackaging\"},\"image\":{\"@id\":\"https:\/\/www.botta.it\/#\/schema\/logo\/image\/\"},\"sameAs\":[\"https:\/\/www.facebook.com\/bottapackaging\/\",\"https:\/\/twitter.com\/botta_box\",\"https:\/\/www.instagram.com\/botta_box\/\",\"https:\/\/it.linkedin.com\/company\/botta-ecopackaging\",\"https:\/\/www.youtube.com\/channel\/UCLhT-tw_FsukJfrKi73c48Q\"]}]}<\/script>\n<!-- \/ Yoast SEO Premium plugin. -->","yoast_head_json":{"title":"BOTTA PACKAGING \u00bb eco-packaging solutions - iQRcode\u2122","robots":{"index":"index","follow":"follow","max-snippet":"max-snippet:-1","max-image-preview":"max-image-preview:large","max-video-preview":"max-video-preview:-1"},"canonical":"https:\/\/www.botta.it\/fr\/iqrcode\/","og_locale":"fr_FR","og_type":"article","og_title":"iQRcode\u2122","og_description":"&nbsp; iQRcode\u2122 : La solution intelligente pour l\u2019\u00e9tiquetage environnemental &#8211; Conformit\u00e9 \u00e0 l\u2019UE IMPACT MONDIAL EN SEULEMENT 2 ANS 0 de iQRcodes\u2122 d\u00e9ploy\u00e9s dans 105 pays, prouvant qu\u2019il s\u2019agit de la solution incontournable pour les marques de beaut\u00e9 souhaitant innover et rester conformes. Les principaux d\u00e9fis de l\u2019emballage Conformit\u00e9 r\u00e9glementaire : \u00c9tiquetage environnemental obligatoire en &hellip; iQRcode\u2122 Lire la Suite \u00bb","og_url":"https:\/\/www.botta.it\/fr\/iqrcode\/","og_site_name":"BOTTA PACKAGING \u00bb eco-packaging solutions","article_publisher":"https:\/\/www.facebook.com\/bottapackaging\/","article_modified_time":"2025-01-15T11:13:01+00:00","og_image":[{"url":"https:\/\/www.botta.it\/wp-content\/uploads\/2024\/11\/Copy-of-iQRcode-PPT-Beauty.jpg"}],"twitter_card":"summary_large_image","twitter_site":"@botta_box","schema":{"@context":"https:\/\/schema.org","@graph":[{"@type":"WebPage","@id":"https:\/\/www.botta.it\/fr\/iqrcode\/","url":"https:\/\/www.botta.it\/fr\/iqrcode\/","name":"BOTTA PACKAGING \u00bb eco-packaging solutions - iQRcode\u2122","isPartOf":{"@id":"https:\/\/www.botta.it\/#website"},"datePublished":"2024-03-27T16:10:16+00:00","dateModified":"2025-01-15T11:13:01+00:00","breadcrumb":{"@id":"https:\/\/www.botta.it\/fr\/iqrcode\/#breadcrumb"},"inLanguage":"fr-FR","potentialAction":[{"@type":"ReadAction","target":["https:\/\/www.botta.it\/fr\/iqrcode\/"]}]},{"@type":"BreadcrumbList","@id":"https:\/\/www.botta.it\/fr\/iqrcode\/#breadcrumb","itemListElement":[{"@type":"ListItem","position":1,"name":"Home","item":"https:\/\/www.botta.it\/"},{"@type":"ListItem","position":2,"name":"SERVICES","item":"https:\/\/www.botta.it\/fr\/servizi\/"},{"@type":"ListItem","position":3,"name":"iQRcode\u2122"}]},{"@type":"WebSite","@id":"https:\/\/www.botta.it\/#website","url":"https:\/\/www.botta.it\/","name":"BOTTA PACKAGING \u00bb eco-packaging solutions","description":"Solutions d&#039;emballage \u00e9cologiques, fournitures carton ondul\u00e9, bo\u00eetes, enveloppes, airbags.","publisher":{"@id":"https:\/\/www.botta.it\/#organization"},"potentialAction":[{"@type":"SearchAction","target":{"@type":"EntryPoint","urlTemplate":"https:\/\/www.botta.it\/?s={search_term_string}"},"query-input":"required name=search_term_string"}],"inLanguage":"fr-FR"},{"@type":"Organization","@id":"https:\/\/www.botta.it\/#organization","name":"BOTTA EcoPackaging","url":"https:\/\/www.botta.it\/","logo":{"@type":"ImageObject","inLanguage":"fr-FR","@id":"https:\/\/www.botta.it\/#\/schema\/logo\/image\/","url":"https:\/\/www.botta.it\/wp-content\/uploads\/2021\/12\/Logo-RGB.png","contentUrl":"https:\/\/www.botta.it\/wp-content\/uploads\/2021\/12\/Logo-RGB.png","width":1600,"height":1043,"caption":"BOTTA EcoPackaging"},"image":{"@id":"https:\/\/www.botta.it\/#\/schema\/logo\/image\/"},"sameAs":["https:\/\/www.facebook.com\/bottapackaging\/","https:\/\/twitter.com\/botta_box","https:\/\/www.instagram.com\/botta_box\/","https:\/\/it.linkedin.com\/company\/botta-ecopackaging","https:\/\/www.youtube.com\/channel\/UCLhT-tw_FsukJfrKi73c48Q"]}]}},"_links":{"self":[{"href":"https:\/\/www.botta.it\/fr\/wp-json\/wp\/v2\/pages\/23203"}],"collection":[{"href":"https:\/\/www.botta.it\/fr\/wp-json\/wp\/v2\/pages"}],"about":[{"href":"https:\/\/www.botta.it\/fr\/wp-json\/wp\/v2\/types\/page"}],"author":[{"embeddable":true,"href":"https:\/\/www.botta.it\/fr\/wp-json\/wp\/v2\/users\/11"}],"replies":[{"embeddable":true,"href":"https:\/\/www.botta.it\/fr\/wp-json\/wp\/v2\/comments?post=23203"}],"version-history":[{"count":17,"href":"https:\/\/www.botta.it\/fr\/wp-json\/wp\/v2\/pages\/23203\/revisions"}],"predecessor-version":[{"id":25911,"href":"https:\/\/www.botta.it\/fr\/wp-json\/wp\/v2\/pages\/23203\/revisions\/25911"}],"up":[{"embeddable":true,"href":"https:\/\/www.botta.it\/fr\/wp-json\/wp\/v2\/pages\/14822"}],"wp:attachment":[{"href":"https:\/\/www.botta.it\/fr\/wp-json\/wp\/v2\/media?parent=23203"}],"curies":[{"name":"wp","href":"https:\/\/api.w.org\/{rel}","templated":true}]}}