{"id":14822,"date":"2019-02-17T17:38:10","date_gmt":"2019-02-17T17:38:10","guid":{"rendered":"https:\/\/www.botta.it\/servizi\/"},"modified":"2025-09-08T17:46:37","modified_gmt":"2025-09-08T15:46:37","slug":"servizi","status":"publish","type":"page","link":"https:\/\/www.botta.it\/fr\/servizi\/","title":{"rendered":"SERVICES"},"content":{"rendered":"\t\t<div data-elementor-type=\"wp-page\" data-elementor-id=\"14822\" class=\"elementor elementor-14822 elementor-4968\">\n\t\t\t\t\t\t\t\t\t<section class=\"elementor-section elementor-top-section elementor-element elementor-element-28c941b elementor-section-boxed elementor-section-height-default elementor-section-height-default\" data-id=\"28c941b\" data-element_type=\"section\" data-settings=\"{&quot;background_background&quot;:&quot;classic&quot;}\">\n\t\t\t\t\t\t<div class=\"elementor-container elementor-column-gap-default\">\n\t\t\t\t\t<div class=\"elementor-column elementor-col-100 elementor-top-column elementor-element elementor-element-a0f51c2\" data-id=\"a0f51c2\" data-element_type=\"column\">\n\t\t\t<div class=\"elementor-widget-wrap elementor-element-populated\">\n\t\t\t\t\t\t\t\t<div class=\"elementor-element elementor-element-4c49e78 elementor-widget elementor-widget-heading\" data-id=\"4c49e78\" data-element_type=\"widget\" data-widget_type=\"heading.default\">\n\t\t\t\t<div class=\"elementor-widget-container\">\n\t\t\t<h1 class=\"elementor-heading-title elementor-size-default\">SERVICES<\/h1>\t\t<\/div>\n\t\t\t\t<\/div>\n\t\t\t\t\t<\/div>\n\t\t<\/div>\n\t\t\t\t\t\t\t<\/div>\n\t\t<\/section>\n\t\t<div class=\"elementor-element elementor-element-9cbdeb6 e-flex e-con-boxed e-con\" data-id=\"9cbdeb6\" data-element_type=\"container\" data-settings=\"{&quot;background_background&quot;:&quot;classic&quot;,&quot;content_width&quot;:&quot;boxed&quot;}\">\n\t\t\t\t\t<div class=\"e-con-inner\">\n\t\t\t\t<div class=\"elementor-element elementor-element-88a3afd elementor-widget elementor-widget-text-editor\" data-id=\"88a3afd\" data-element_type=\"widget\" data-widget_type=\"text-editor.default\">\n\t\t\t\t<div class=\"elementor-widget-container\">\n\t\t\t\t\t\t\t<p style=\"text-align: center;\"><span style=\"color: #ffffff;\">D\u00e9couvrez nos solutions innovantes con\u00e7ues pour r\u00e9pondre \u00e0 vos besoins en emballages durables.<\/span><\/p>\t\t\t\t\t\t<\/div>\n\t\t\t\t<\/div>\n\t\t\t\t\t<\/div>\n\t\t\t\t<\/div>\n\t\t\t\t<section class=\"elementor-section elementor-top-section elementor-element elementor-element-701801a elementor-section-boxed elementor-section-height-default elementor-section-height-default\" data-id=\"701801a\" data-element_type=\"section\">\n\t\t\t\t\t\t<div class=\"elementor-container elementor-column-gap-default\">\n\t\t\t\t\t<div class=\"elementor-column elementor-col-100 elementor-top-column elementor-element elementor-element-a349baf\" data-id=\"a349baf\" data-element_type=\"column\">\n\t\t\t<div class=\"elementor-widget-wrap elementor-element-populated\">\n\t\t\t\t\t\t\t\t<div class=\"elementor-element elementor-element-890fb6b elementor-widget elementor-widget-breadcrumbs\" data-id=\"890fb6b\" data-element_type=\"widget\" data-widget_type=\"breadcrumbs.default\">\n\t\t\t\t<div class=\"elementor-widget-container\">\n\t\t\t<p id=\"breadcrumbs\"><span><span><a href=\"https:\/\/www.botta.it\/\">Home<\/a><\/span><\/span><\/p>\t\t<\/div>\n\t\t\t\t<\/div>\n\t\t\t\t\t<\/div>\n\t\t<\/div>\n\t\t\t\t\t\t\t<\/div>\n\t\t<\/section>\n\t\t<div class=\"elementor-element elementor-element-9f5ace5 e-flex e-con-boxed e-con\" data-id=\"9f5ace5\" data-element_type=\"container\" data-settings=\"{&quot;background_background&quot;:&quot;gradient&quot;,&quot;content_width&quot;:&quot;boxed&quot;}\">\n\t\t\t\t\t<div class=\"e-con-inner\">\n\t\t\t\t<div class=\"elementor-element elementor-element-e4b5597 elementor-position-right elementor-vertical-align-top elementor-invisible elementor-widget elementor-widget-image-box\" data-id=\"e4b5597\" data-element_type=\"widget\" data-settings=\"{&quot;_animation&quot;:&quot;fadeInLeft&quot;}\" data-widget_type=\"image-box.default\">\n\t\t\t\t<div class=\"elementor-widget-container\">\n\t\t\t<div class=\"elementor-image-box-wrapper\"><figure class=\"elementor-image-box-img\"><a href=\"https:\/\/www.botta.it\/fr\/iqrcode\/\"><img decoding=\"async\" width=\"975\" height=\"998\" src=\"https:\/\/www.botta.it\/wp-content\/uploads\/2024\/11\/Copy-of-iQRcode-PPT-Beauty.jpg\" class=\"attachment-full size-full wp-image-25459\" alt=\"\" srcset=\"https:\/\/www.botta.it\/wp-content\/uploads\/2024\/11\/Copy-of-iQRcode-PPT-Beauty.jpg 975w, https:\/\/www.botta.it\/wp-content\/uploads\/2024\/11\/Copy-of-iQRcode-PPT-Beauty-147x150.jpg 147w, https:\/\/www.botta.it\/wp-content\/uploads\/2024\/11\/Copy-of-iQRcode-PPT-Beauty-768x786.jpg 768w, https:\/\/www.botta.it\/wp-content\/uploads\/2024\/11\/Copy-of-iQRcode-PPT-Beauty-240x246.jpg 240w\" sizes=\"(max-width: 975px) 100vw, 975px\" \/><\/a><\/figure><div class=\"elementor-image-box-content\"><h1 class=\"elementor-image-box-title\"><a href=\"https:\/\/www.botta.it\/fr\/iqrcode\/\">iQRcode\u2122<\/a><\/h1><p class=\"elementor-image-box-description\">Solution intelligente d\u2019\u00e9tiquetage environnemental \u2013 Conformit\u00e9 UE.<br> Allez au-del\u00e0 des codes-barres traditionnels avec iQRcode\u2122. Assurez votre conformit\u00e9 aux r\u00e9glementations europ\u00e9ennes, am\u00e9liorez la communication avec les consommateurs et exploitez le potentiel du branding sur l\u2019emballage.<\/p><\/div><\/div>\t\t<\/div>\n\t\t\t\t<\/div>\n\t\t\t\t\t<\/div>\n\t\t\t\t<\/div>\n\t\t<div class=\"elementor-element elementor-element-03908bc e-flex e-con-boxed e-con\" data-id=\"03908bc\" data-element_type=\"container\" data-settings=\"{&quot;content_width&quot;:&quot;boxed&quot;}\">\n\t\t\t\t\t<div class=\"e-con-inner\">\n\t\t\t\t<div class=\"elementor-element elementor-element-fd5c66e elementor-align-left elementor-invisible elementor-widget elementor-widget-button\" data-id=\"fd5c66e\" data-element_type=\"widget\" data-settings=\"{&quot;_animation&quot;:&quot;pulse&quot;}\" data-widget_type=\"button.default\">\n\t\t\t\t<div class=\"elementor-widget-container\">\n\t\t\t\t\t<div class=\"elementor-button-wrapper\">\n\t\t\t<a class=\"elementor-button elementor-button-link elementor-size-md\" href=\"https:\/\/www.botta.it\/fr\/iqrcode\/\">\n\t\t\t\t\t\t<span class=\"elementor-button-content-wrapper\">\n\t\t\t\t\t\t<span class=\"elementor-button-icon elementor-align-icon-left\">\n\t\t\t\t<i aria-hidden=\"true\" class=\"fas fa-arrow-circle-right\"><\/i>\t\t\t<\/span>\n\t\t\t\t\t\t<span class=\"elementor-button-text\"> En savoir plus<\/span>\n\t\t<\/span>\n\t\t\t\t\t<\/a>\n\t\t<\/div>\n\t\t\t\t<\/div>\n\t\t\t\t<\/div>\n\t\t\t\t\t<\/div>\n\t\t\t\t<\/div>\n\t\t<div class=\"elementor-element elementor-element-60c646e e-flex e-con-boxed e-con\" data-id=\"60c646e\" data-element_type=\"container\" data-settings=\"{&quot;background_background&quot;:&quot;gradient&quot;,&quot;content_width&quot;:&quot;boxed&quot;}\">\n\t\t\t\t\t<div class=\"e-con-inner\">\n\t\t\t\t<div class=\"elementor-element elementor-element-5f2d36f elementor-position-left elementor-vertical-align-top elementor-invisible elementor-widget elementor-widget-image-box\" data-id=\"5f2d36f\" data-element_type=\"widget\" data-settings=\"{&quot;_animation&quot;:&quot;fadeInLeft&quot;}\" data-widget_type=\"image-box.default\">\n\t\t\t\t<div class=\"elementor-widget-container\">\n\t\t\t<div class=\"elementor-image-box-wrapper\"><figure class=\"elementor-image-box-img\"><a href=\"https:\/\/www.botta.it\/fr\/eco-consultancy-2\/\"><img decoding=\"async\" width=\"1365\" height=\"2048\" src=\"https:\/\/www.botta.it\/wp-content\/uploads\/2025\/09\/botta-ecopackaging-expert-consultancy-e1757345500696.jpg\" class=\"attachment-full size-full wp-image-27969\" alt=\"\" \/><\/a><\/figure><div class=\"elementor-image-box-content\"><h1 class=\"elementor-image-box-title\"><a href=\"https:\/\/www.botta.it\/fr\/eco-consultancy-2\/\">Eco-Consultancy<\/a><\/h1><p class=\"elementor-image-box-description\">Un packaging durable qui fait la diff\u00e9rence.<br>\nExperts PPWR et Ambassadeurs COMIECO : le conseil qui transforme vos emballages en valeur.<\/p><\/div><\/div>\t\t<\/div>\n\t\t\t\t<\/div>\n\t\t\t\t\t<\/div>\n\t\t\t\t<\/div>\n\t\t<div class=\"elementor-element elementor-element-f414322 e-flex e-con-boxed e-con\" data-id=\"f414322\" data-element_type=\"container\" data-settings=\"{&quot;content_width&quot;:&quot;boxed&quot;}\">\n\t\t\t\t\t<div class=\"e-con-inner\">\n\t\t\t\t<div class=\"elementor-element elementor-element-4095dc5 elementor-align-right elementor-invisible elementor-widget elementor-widget-button\" data-id=\"4095dc5\" data-element_type=\"widget\" data-settings=\"{&quot;_animation&quot;:&quot;pulse&quot;}\" data-widget_type=\"button.default\">\n\t\t\t\t<div class=\"elementor-widget-container\">\n\t\t\t\t\t<div class=\"elementor-button-wrapper\">\n\t\t\t<a class=\"elementor-button elementor-button-link elementor-size-md\" href=\"https:\/\/www.botta.it\/fr\/eco-consultancy-2\/\">\n\t\t\t\t\t\t<span class=\"elementor-button-content-wrapper\">\n\t\t\t\t\t\t<span class=\"elementor-button-icon elementor-align-icon-left\">\n\t\t\t\t<i aria-hidden=\"true\" class=\"fas fa-arrow-circle-right\"><\/i>\t\t\t<\/span>\n\t\t\t\t\t\t<span class=\"elementor-button-text\">D\u00e9couvrez notre \u00e9co-consulting<\/span>\n\t\t<\/span>\n\t\t\t\t\t<\/a>\n\t\t<\/div>\n\t\t\t\t<\/div>\n\t\t\t\t<\/div>\n\t\t\t\t\t<\/div>\n\t\t\t\t<\/div>\n\t\t<div class=\"elementor-element elementor-element-7099204 e-flex e-con-boxed e-con\" data-id=\"7099204\" data-element_type=\"container\" data-settings=\"{&quot;background_background&quot;:&quot;gradient&quot;,&quot;content_width&quot;:&quot;boxed&quot;}\">\n\t\t\t\t\t<div class=\"e-con-inner\">\n\t\t\t\t<div class=\"elementor-element elementor-element-09f6d9b elementor-position-right elementor-vertical-align-top elementor-invisible elementor-widget elementor-widget-image-box\" data-id=\"09f6d9b\" data-element_type=\"widget\" data-settings=\"{&quot;_animation&quot;:&quot;fadeInRight&quot;}\" data-widget_type=\"image-box.default\">\n\t\t\t\t<div class=\"elementor-widget-container\">\n\t\t\t<div class=\"elementor-image-box-wrapper\"><figure class=\"elementor-image-box-img\"><a href=\"https:\/\/www.botta.it\/fr\/pallet-calculator\/\"><img decoding=\"async\" width=\"591\" height=\"591\" src=\"https:\/\/www.botta.it\/wp-content\/uploads\/2023\/03\/pallet-paper-wrap-1.png\" class=\"attachment-full size-full wp-image-18974\" alt=\"Carta per imballaggio: soluzioni ecologiche per proteggere i prodotti\" srcset=\"https:\/\/www.botta.it\/wp-content\/uploads\/2023\/03\/pallet-paper-wrap-1.png 591w, https:\/\/www.botta.it\/wp-content\/uploads\/2023\/03\/pallet-paper-wrap-1-150x150.png 150w, https:\/\/www.botta.it\/wp-content\/uploads\/2023\/03\/pallet-paper-wrap-1-300x300.png 300w, https:\/\/www.botta.it\/wp-content\/uploads\/2023\/03\/pallet-paper-wrap-1-240x240.png 240w, https:\/\/www.botta.it\/wp-content\/uploads\/2023\/03\/pallet-paper-wrap-1-100x100.png 100w\" sizes=\"(max-width: 591px) 100vw, 591px\" \/><\/a><\/figure><div class=\"elementor-image-box-content\"><h1 class=\"elementor-image-box-title\"><a href=\"https:\/\/www.botta.it\/fr\/pallet-calculator\/\">Free Pallet Calculator<\/a><\/h1><p class=\"elementor-image-box-description\">Optimisez l\u2019espace palette & r\u00e9duisez les co\u00fbts. <br>Maximisez l\u2019efficacit\u00e9 avec notre calculateur de palettes gratuit. Planifiez intelligemment, \u00e9conomisez des ressources et r\u00e9duisez les \u00e9missions gr\u00e2ce \u00e0 une optimisation pr\u00e9cise de l'utilisation des palettes.<\/p><\/div><\/div>\t\t<\/div>\n\t\t\t\t<\/div>\n\t\t\t\t\t<\/div>\n\t\t\t\t<\/div>\n\t\t<div class=\"elementor-element elementor-element-fe1753b e-flex e-con-boxed e-con\" data-id=\"fe1753b\" data-element_type=\"container\" data-settings=\"{&quot;content_width&quot;:&quot;boxed&quot;}\">\n\t\t\t\t\t<div class=\"e-con-inner\">\n\t\t\t\t<div class=\"elementor-element elementor-element-569a892 elementor-align-left elementor-invisible elementor-widget elementor-widget-button\" data-id=\"569a892\" data-element_type=\"widget\" data-settings=\"{&quot;_animation&quot;:&quot;pulse&quot;}\" data-widget_type=\"button.default\">\n\t\t\t\t<div class=\"elementor-widget-container\">\n\t\t\t\t\t<div class=\"elementor-button-wrapper\">\n\t\t\t<a class=\"elementor-button elementor-button-link elementor-size-md\" href=\"https:\/\/www.botta.it\/fr\/pallet-calculator\/\">\n\t\t\t\t\t\t<span class=\"elementor-button-content-wrapper\">\n\t\t\t\t\t\t<span class=\"elementor-button-icon elementor-align-icon-left\">\n\t\t\t\t<i aria-hidden=\"true\" class=\"fas fa-arrow-circle-right\"><\/i>\t\t\t<\/span>\n\t\t\t\t\t\t<span class=\"elementor-button-text\">Essayez-le gratuitement<\/span>\n\t\t<\/span>\n\t\t\t\t\t<\/a>\n\t\t<\/div>\n\t\t\t\t<\/div>\n\t\t\t\t<\/div>\n\t\t\t\t\t<\/div>\n\t\t\t\t<\/div>\n\t\t<div class=\"elementor-element elementor-element-c4de1fa e-flex e-con-boxed e-con\" data-id=\"c4de1fa\" data-element_type=\"container\" data-settings=\"{&quot;background_background&quot;:&quot;gradient&quot;,&quot;content_width&quot;:&quot;boxed&quot;}\">\n\t\t\t\t\t<div class=\"e-con-inner\">\n\t\t\t\t<div class=\"elementor-element elementor-element-fa02591 elementor-position-left elementor-vertical-align-top elementor-invisible elementor-widget elementor-widget-image-box\" data-id=\"fa02591\" data-element_type=\"widget\" data-settings=\"{&quot;_animation&quot;:&quot;fadeInLeft&quot;}\" data-widget_type=\"image-box.default\">\n\t\t\t\t<div class=\"elementor-widget-container\">\n\t\t\t<div class=\"elementor-image-box-wrapper\"><figure class=\"elementor-image-box-img\"><a href=\"https:\/\/www.botta.it\/fr\/lca-calculator\/\"><img decoding=\"async\" width=\"856\" height=\"798\" src=\"https:\/\/www.botta.it\/wp-content\/uploads\/2021\/12\/LCA_BOTTA_Image-for-press-release.jpg\" class=\"attachment-full size-full wp-image-15066\" alt=\"\" srcset=\"https:\/\/www.botta.it\/wp-content\/uploads\/2021\/12\/LCA_BOTTA_Image-for-press-release.jpg 856w, https:\/\/www.botta.it\/wp-content\/uploads\/2021\/12\/LCA_BOTTA_Image-for-press-release-300x280.jpg 300w, https:\/\/www.botta.it\/wp-content\/uploads\/2021\/12\/LCA_BOTTA_Image-for-press-release-768x716.jpg 768w, https:\/\/www.botta.it\/wp-content\/uploads\/2021\/12\/LCA_BOTTA_Image-for-press-release-240x224.jpg 240w\" sizes=\"(max-width: 856px) 100vw, 856px\" \/><\/a><\/figure><div class=\"elementor-image-box-content\"><h1 class=\"elementor-image-box-title\"><a href=\"https:\/\/www.botta.it\/fr\/lca-calculator\/\">Simplified LCA Calculator<\/a><\/h1><p class=\"elementor-image-box-description\">\u00c9valuation rapide du cycle de vie des emballages.<br> Analysez l\u2019impact environnemental de vos emballages en quelques clics. Notre outil intuitif facilite la prise de d\u00e9cision pour des choix plus durables.<\/p><\/div><\/div>\t\t<\/div>\n\t\t\t\t<\/div>\n\t\t\t\t\t<\/div>\n\t\t\t\t<\/div>\n\t\t<div class=\"elementor-element elementor-element-9a93be9 e-flex e-con-boxed e-con\" data-id=\"9a93be9\" data-element_type=\"container\" data-settings=\"{&quot;content_width&quot;:&quot;boxed&quot;}\">\n\t\t\t\t\t<div class=\"e-con-inner\">\n\t\t\t\t<div class=\"elementor-element elementor-element-cac6138 elementor-align-right elementor-invisible elementor-widget elementor-widget-button\" data-id=\"cac6138\" data-element_type=\"widget\" data-settings=\"{&quot;_animation&quot;:&quot;pulse&quot;}\" data-widget_type=\"button.default\">\n\t\t\t\t<div class=\"elementor-widget-container\">\n\t\t\t\t\t<div class=\"elementor-button-wrapper\">\n\t\t\t<a class=\"elementor-button elementor-button-link elementor-size-md\" href=\"https:\/\/www.botta.it\/fr\/lca-calculator\/\">\n\t\t\t\t\t\t<span class=\"elementor-button-content-wrapper\">\n\t\t\t\t\t\t<span class=\"elementor-button-icon elementor-align-icon-left\">\n\t\t\t\t<i aria-hidden=\"true\" class=\"fas fa-arrow-circle-right\"><\/i>\t\t\t<\/span>\n\t\t\t\t\t\t<span class=\"elementor-button-text\">Calculez maintenant<\/span>\n\t\t<\/span>\n\t\t\t\t\t<\/a>\n\t\t<\/div>\n\t\t\t\t<\/div>\n\t\t\t\t<\/div>\n\t\t\t\t\t<\/div>\n\t\t\t\t<\/div>\n\t\t\t\t\t\t\t<\/div>\n\t\t","protected":false},"excerpt":{"rendered":"<p>SERVICES Explore our innovative solutions designed to meet your sustainable packaging needs. Eco-Consultancy Tailored Sustainability Solutions for Your Business. Unlock the potential of eco-friendly packaging with our expert advice. From reducing waste to regulatory compliance, we guide your journey to a greener future. Explore Eco-Consultancy Free Pallet Calculator Optimize Pallet Space &amp; Reduce Costs. Maximize &hellip;<\/p>\n<p class=\"read-more\"> <a class=\"\" href=\"https:\/\/www.botta.it\/fr\/servizi\/\"> <span class=\"screen-reader-text\">SERVICES<\/span> Lire la Suite \u00bb<\/a><\/p>\n","protected":false},"author":1,"featured_media":0,"parent":0,"menu_order":0,"comment_status":"closed","ping_status":"closed","template":"elementor_header_footer","meta":{"om_disable_all_campaigns":false,"_monsterinsights_skip_tracking":false,"_monsterinsights_sitenote_active":false,"_monsterinsights_sitenote_note":"","_monsterinsights_sitenote_category":0,"site-sidebar-layout":"no-sidebar","site-content-layout":"page-builder","ast-global-header-display":"","ast-banner-title-visibility":"","ast-main-header-display":"","ast-hfb-above-header-display":"","ast-hfb-below-header-display":"","ast-hfb-mobile-header-display":"","site-post-title":"disabled","ast-breadcrumbs-content":"","ast-featured-img":"disabled","footer-sml-layout":"","theme-transparent-header-meta":"default","adv-header-id-meta":"","stick-header-meta":"","header-above-stick-meta":"","header-main-stick-meta":"","header-below-stick-meta":"","footnotes":""},"aioseo_notices":[],"yoast_head":"<!-- This site is optimized with the Yoast SEO Premium plugin v19.2.1 (Yoast SEO v21.9.1) - https:\/\/yoast.com\/wordpress\/plugins\/seo\/ -->\n<title>BOTTA PACKAGING \u00bb solutions \u00e9co-emballage - SERVICES<\/title>\n<meta name=\"robots\" content=\"index, follow, max-snippet:-1, max-image-preview:large, max-video-preview:-1\" \/>\n<link rel=\"canonical\" href=\"https:\/\/www.botta.it\/fr\/servizi\/\" \/>\n<meta property=\"og:locale\" content=\"fr_FR\" \/>\n<meta property=\"og:type\" content=\"article\" \/>\n<meta property=\"og:title\" content=\"SERVICES\" \/>\n<meta property=\"og:description\" content=\"SERVICES Explore our innovative solutions designed to meet your sustainable packaging needs. Eco-Consultancy Tailored Sustainability Solutions for Your Business. Unlock the potential of eco-friendly packaging with our expert advice. From reducing waste to regulatory compliance, we guide your journey to a greener future. Explore Eco-Consultancy Free Pallet Calculator Optimize Pallet Space &amp; Reduce Costs. Maximize &hellip; SERVICES Lire la Suite \u00bb\" \/>\n<meta property=\"og:url\" content=\"https:\/\/www.botta.it\/fr\/servizi\/\" \/>\n<meta property=\"og:site_name\" content=\"BOTTA PACKAGING \u00bb solutions \u00e9co-emballage\" \/>\n<meta property=\"article:publisher\" content=\"https:\/\/www.facebook.com\/bottapackaging\/\" \/>\n<meta property=\"article:modified_time\" content=\"2025-09-08T15:46:37+00:00\" \/>\n<meta property=\"og:image\" content=\"https:\/\/www.botta.it\/wp-content\/uploads\/2024\/06\/6e806fb3e5a34492a9a7994cd28b385a-e1732893443667.jpeg\" \/>\n<meta name=\"twitter:card\" content=\"summary_large_image\" \/>\n<meta name=\"twitter:site\" content=\"@botta_box\" \/>\n<script type=\"application\/ld+json\" class=\"yoast-schema-graph\">{\"@context\":\"https:\/\/schema.org\",\"@graph\":[{\"@type\":\"WebPage\",\"@id\":\"https:\/\/www.botta.it\/fr\/servizi\/\",\"url\":\"https:\/\/www.botta.it\/fr\/servizi\/\",\"name\":\"BOTTA PACKAGING \u00bb solutions \u00e9co-emballage - SERVICES\",\"isPartOf\":{\"@id\":\"https:\/\/www.botta.it\/#website\"},\"datePublished\":\"2019-02-17T17:38:10+00:00\",\"dateModified\":\"2025-09-08T15:46:37+00:00\",\"breadcrumb\":{\"@id\":\"https:\/\/www.botta.it\/fr\/servizi\/#breadcrumb\"},\"inLanguage\":\"fr-FR\",\"potentialAction\":[{\"@type\":\"ReadAction\",\"target\":[\"https:\/\/www.botta.it\/fr\/servizi\/\"]}]},{\"@type\":\"BreadcrumbList\",\"@id\":\"https:\/\/www.botta.it\/fr\/servizi\/#breadcrumb\",\"itemListElement\":[{\"@type\":\"ListItem\",\"position\":1,\"name\":\"Home\",\"item\":\"https:\/\/www.botta.it\/\"},{\"@type\":\"ListItem\",\"position\":2,\"name\":\"SERVICES\"}]},{\"@type\":\"WebSite\",\"@id\":\"https:\/\/www.botta.it\/#website\",\"url\":\"https:\/\/www.botta.it\/\",\"name\":\"BOTTA PACKAGING \u00bb solutions \u00e9co-emballage\",\"description\":\"Solutions d&#039;emballage \u00e9cologiques, fournitures carton ondul\u00e9, bo\u00eetes, enveloppes, airbags.\",\"publisher\":{\"@id\":\"https:\/\/www.botta.it\/#organization\"},\"potentialAction\":[{\"@type\":\"SearchAction\",\"target\":{\"@type\":\"EntryPoint\",\"urlTemplate\":\"https:\/\/www.botta.it\/?s={search_term_string}\"},\"query-input\":\"required name=search_term_string\"}],\"inLanguage\":\"fr-FR\"},{\"@type\":\"Organization\",\"@id\":\"https:\/\/www.botta.it\/#organization\",\"name\":\"BOTTA EcoPackaging\",\"url\":\"https:\/\/www.botta.it\/\",\"logo\":{\"@type\":\"ImageObject\",\"inLanguage\":\"fr-FR\",\"@id\":\"https:\/\/www.botta.it\/#\/schema\/logo\/image\/\",\"url\":\"https:\/\/www.botta.it\/wp-content\/uploads\/2021\/12\/Logo-RGB.png\",\"contentUrl\":\"https:\/\/www.botta.it\/wp-content\/uploads\/2021\/12\/Logo-RGB.png\",\"width\":1600,\"height\":1043,\"caption\":\"BOTTA EcoPackaging\"},\"image\":{\"@id\":\"https:\/\/www.botta.it\/#\/schema\/logo\/image\/\"},\"sameAs\":[\"https:\/\/www.facebook.com\/bottapackaging\/\",\"https:\/\/twitter.com\/botta_box\",\"https:\/\/www.instagram.com\/botta_box\/\",\"https:\/\/it.linkedin.com\/company\/botta-ecopackaging\",\"https:\/\/www.youtube.com\/channel\/UCLhT-tw_FsukJfrKi73c48Q\"]}]}<\/script>\n<!-- \/ Yoast SEO Premium plugin. -->","yoast_head_json":{"title":"BOTTA PACKAGING \u00bb solutions \u00e9co-emballage - SERVICES","robots":{"index":"index","follow":"follow","max-snippet":"max-snippet:-1","max-image-preview":"max-image-preview:large","max-video-preview":"max-video-preview:-1"},"canonical":"https:\/\/www.botta.it\/fr\/servizi\/","og_locale":"fr_FR","og_type":"article","og_title":"SERVICES","og_description":"SERVICES Explore our innovative solutions designed to meet your sustainable packaging needs. Eco-Consultancy Tailored Sustainability Solutions for Your Business. Unlock the potential of eco-friendly packaging with our expert advice. From reducing waste to regulatory compliance, we guide your journey to a greener future. Explore Eco-Consultancy Free Pallet Calculator Optimize Pallet Space &amp; Reduce Costs. Maximize &hellip; SERVICES Lire la Suite \u00bb","og_url":"https:\/\/www.botta.it\/fr\/servizi\/","og_site_name":"BOTTA PACKAGING \u00bb solutions \u00e9co-emballage","article_publisher":"https:\/\/www.facebook.com\/bottapackaging\/","article_modified_time":"2025-09-08T15:46:37+00:00","og_image":[{"url":"https:\/\/www.botta.it\/wp-content\/uploads\/2024\/06\/6e806fb3e5a34492a9a7994cd28b385a-e1732893443667.jpeg"}],"twitter_card":"summary_large_image","twitter_site":"@botta_box","schema":{"@context":"https:\/\/schema.org","@graph":[{"@type":"WebPage","@id":"https:\/\/www.botta.it\/fr\/servizi\/","url":"https:\/\/www.botta.it\/fr\/servizi\/","name":"BOTTA PACKAGING \u00bb solutions \u00e9co-emballage - SERVICES","isPartOf":{"@id":"https:\/\/www.botta.it\/#website"},"datePublished":"2019-02-17T17:38:10+00:00","dateModified":"2025-09-08T15:46:37+00:00","breadcrumb":{"@id":"https:\/\/www.botta.it\/fr\/servizi\/#breadcrumb"},"inLanguage":"fr-FR","potentialAction":[{"@type":"ReadAction","target":["https:\/\/www.botta.it\/fr\/servizi\/"]}]},{"@type":"BreadcrumbList","@id":"https:\/\/www.botta.it\/fr\/servizi\/#breadcrumb","itemListElement":[{"@type":"ListItem","position":1,"name":"Home","item":"https:\/\/www.botta.it\/"},{"@type":"ListItem","position":2,"name":"SERVICES"}]},{"@type":"WebSite","@id":"https:\/\/www.botta.it\/#website","url":"https:\/\/www.botta.it\/","name":"BOTTA PACKAGING \u00bb solutions \u00e9co-emballage","description":"Solutions d&#039;emballage \u00e9cologiques, fournitures carton ondul\u00e9, bo\u00eetes, enveloppes, airbags.","publisher":{"@id":"https:\/\/www.botta.it\/#organization"},"potentialAction":[{"@type":"SearchAction","target":{"@type":"EntryPoint","urlTemplate":"https:\/\/www.botta.it\/?s={search_term_string}"},"query-input":"required name=search_term_string"}],"inLanguage":"fr-FR"},{"@type":"Organization","@id":"https:\/\/www.botta.it\/#organization","name":"BOTTA EcoPackaging","url":"https:\/\/www.botta.it\/","logo":{"@type":"ImageObject","inLanguage":"fr-FR","@id":"https:\/\/www.botta.it\/#\/schema\/logo\/image\/","url":"https:\/\/www.botta.it\/wp-content\/uploads\/2021\/12\/Logo-RGB.png","contentUrl":"https:\/\/www.botta.it\/wp-content\/uploads\/2021\/12\/Logo-RGB.png","width":1600,"height":1043,"caption":"BOTTA EcoPackaging"},"image":{"@id":"https:\/\/www.botta.it\/#\/schema\/logo\/image\/"},"sameAs":["https:\/\/www.facebook.com\/bottapackaging\/","https:\/\/twitter.com\/botta_box","https:\/\/www.instagram.com\/botta_box\/","https:\/\/it.linkedin.com\/company\/botta-ecopackaging","https:\/\/www.youtube.com\/channel\/UCLhT-tw_FsukJfrKi73c48Q"]}]}},"_links":{"self":[{"href":"https:\/\/www.botta.it\/fr\/wp-json\/wp\/v2\/pages\/14822"}],"collection":[{"href":"https:\/\/www.botta.it\/fr\/wp-json\/wp\/v2\/pages"}],"about":[{"href":"https:\/\/www.botta.it\/fr\/wp-json\/wp\/v2\/types\/page"}],"author":[{"embeddable":true,"href":"https:\/\/www.botta.it\/fr\/wp-json\/wp\/v2\/users\/1"}],"replies":[{"embeddable":true,"href":"https:\/\/www.botta.it\/fr\/wp-json\/wp\/v2\/comments?post=14822"}],"version-history":[{"count":63,"href":"https:\/\/www.botta.it\/fr\/wp-json\/wp\/v2\/pages\/14822\/revisions"}],"predecessor-version":[{"id":27990,"href":"https:\/\/www.botta.it\/fr\/wp-json\/wp\/v2\/pages\/14822\/revisions\/27990"}],"wp:attachment":[{"href":"https:\/\/www.botta.it\/fr\/wp-json\/wp\/v2\/media?parent=14822"}],"curies":[{"name":"wp","href":"https:\/\/api.w.org\/{rel}","templated":true}]}}