{"id":14719,"date":"2021-11-15T10:56:33","date_gmt":"2021-11-15T09:56:33","guid":{"rendered":"https:\/\/www.botta.it\/eco-carbon-compensation-service\/"},"modified":"2021-11-15T11:52:24","modified_gmt":"2021-11-15T10:52:24","slug":"eco-carbon-compensation-service","status":"publish","type":"page","link":"https:\/\/www.botta.it\/fr\/eco-carbon-compensation-service\/","title":{"rendered":"SERVICE DE COMPENSATION DE CARBONE"},"content":{"rendered":"\t\t<div data-elementor-type=\"wp-page\" data-elementor-id=\"14719\" class=\"elementor elementor-14719 elementor-14686\">\n\t\t\t\t\t\t\t\t\t<section class=\"elementor-section elementor-top-section elementor-element elementor-element-08e7dd3 elementor-section-boxed elementor-section-height-default elementor-section-height-default\" data-id=\"08e7dd3\" data-element_type=\"section\" data-settings=\"{&quot;background_background&quot;:&quot;classic&quot;}\">\n\t\t\t\t\t\t<div class=\"elementor-container elementor-column-gap-default\">\n\t\t\t\t\t<div class=\"elementor-column elementor-col-100 elementor-top-column elementor-element elementor-element-311effc\" data-id=\"311effc\" data-element_type=\"column\">\n\t\t\t<div class=\"elementor-widget-wrap elementor-element-populated\">\n\t\t\t\t\t\t\t\t<div class=\"elementor-element elementor-element-671c2eb elementor-widget elementor-widget-heading\" data-id=\"671c2eb\" data-element_type=\"widget\" data-widget_type=\"heading.default\">\n\t\t\t\t<div class=\"elementor-widget-container\">\n\t\t\t<h1 class=\"elementor-heading-title elementor-size-default\">SERVICE DE COMPENSATION DE CARBONE<\/h1>\t\t<\/div>\n\t\t\t\t<\/div>\n\t\t\t\t\t<\/div>\n\t\t<\/div>\n\t\t\t\t\t\t\t<\/div>\n\t\t<\/section>\n\t\t\t\t<section class=\"elementor-section elementor-top-section elementor-element elementor-element-8f4c15c elementor-section-boxed elementor-section-height-default elementor-section-height-default\" data-id=\"8f4c15c\" data-element_type=\"section\">\n\t\t\t\t\t\t<div class=\"elementor-container elementor-column-gap-default\">\n\t\t\t\t\t<div class=\"elementor-column elementor-col-100 elementor-top-column elementor-element elementor-element-b61a771\" data-id=\"b61a771\" data-element_type=\"column\">\n\t\t\t<div class=\"elementor-widget-wrap elementor-element-populated\">\n\t\t\t\t\t\t\t\t<div class=\"elementor-element elementor-element-cdc273e elementor-widget elementor-widget-spacer\" data-id=\"cdc273e\" data-element_type=\"widget\" data-widget_type=\"spacer.default\">\n\t\t\t\t<div class=\"elementor-widget-container\">\n\t\t\t\t\t<div class=\"elementor-spacer\">\n\t\t\t<div class=\"elementor-spacer-inner\"><\/div>\n\t\t<\/div>\n\t\t\t\t<\/div>\n\t\t\t\t<\/div>\n\t\t\t\t<div class=\"elementor-element elementor-element-74e0661 elementor-widget elementor-widget-breadcrumbs\" data-id=\"74e0661\" data-element_type=\"widget\" data-widget_type=\"breadcrumbs.default\">\n\t\t\t\t<div class=\"elementor-widget-container\">\n\t\t\t<p id=\"breadcrumbs\"><span><span><a href=\"https:\/\/www.botta.it\/\">Home<\/a><\/span><\/span><\/p>\t\t<\/div>\n\t\t\t\t<\/div>\n\t\t\t\t<div class=\"elementor-element elementor-element-4e5b89e elementor-widget elementor-widget-spacer\" data-id=\"4e5b89e\" data-element_type=\"widget\" data-widget_type=\"spacer.default\">\n\t\t\t\t<div class=\"elementor-widget-container\">\n\t\t\t\t\t<div class=\"elementor-spacer\">\n\t\t\t<div class=\"elementor-spacer-inner\"><\/div>\n\t\t<\/div>\n\t\t\t\t<\/div>\n\t\t\t\t<\/div>\n\t\t\t\t\t<\/div>\n\t\t<\/div>\n\t\t\t\t\t\t\t<\/div>\n\t\t<\/section>\n\t\t\t\t<section class=\"elementor-section elementor-top-section elementor-element elementor-element-a9abd21 elementor-section-boxed elementor-section-height-default elementor-section-height-default\" data-id=\"a9abd21\" data-element_type=\"section\">\n\t\t\t\t\t\t<div class=\"elementor-container elementor-column-gap-wider\">\n\t\t\t\t\t<div class=\"elementor-column elementor-col-33 elementor-top-column elementor-element elementor-element-971243e\" data-id=\"971243e\" data-element_type=\"column\">\n\t\t\t<div class=\"elementor-widget-wrap elementor-element-populated\">\n\t\t\t\t\t\t\t\t<div class=\"elementor-element elementor-element-8b0a29f elementor-widget elementor-widget-image\" data-id=\"8b0a29f\" data-element_type=\"widget\" data-widget_type=\"image.default\">\n\t\t\t\t<div class=\"elementor-widget-container\">\n\t\t\t\t\t\t\t\t\t\t\t\t\t\t\t<img decoding=\"async\" width=\"447\" height=\"1024\" src=\"https:\/\/www.botta.it\/wp-content\/uploads\/2021\/11\/CP_Badge_Choose_Climate_Neutral_P-447x1024.png\" class=\"attachment-large size-large wp-image-14693\" alt=\"\" srcset=\"https:\/\/www.botta.it\/wp-content\/uploads\/2021\/11\/CP_Badge_Choose_Climate_Neutral_P-447x1024.png 447w, https:\/\/www.botta.it\/wp-content\/uploads\/2021\/11\/CP_Badge_Choose_Climate_Neutral_P-131x300.png 131w, https:\/\/www.botta.it\/wp-content\/uploads\/2021\/11\/CP_Badge_Choose_Climate_Neutral_P-240x550.png 240w, https:\/\/www.botta.it\/wp-content\/uploads\/2021\/11\/CP_Badge_Choose_Climate_Neutral_P.png 471w\" sizes=\"(max-width: 447px) 100vw, 447px\" \/>\t\t\t\t\t\t\t\t\t\t\t\t\t\t\t<\/div>\n\t\t\t\t<\/div>\n\t\t\t\t\t<\/div>\n\t\t<\/div>\n\t\t\t\t<div class=\"elementor-column elementor-col-66 elementor-top-column elementor-element elementor-element-5e0a38b\" data-id=\"5e0a38b\" data-element_type=\"column\">\n\t\t\t<div class=\"elementor-widget-wrap elementor-element-populated\">\n\t\t\t\t\t\t\t\t<div class=\"elementor-element elementor-element-f20c3d9 elementor-widget elementor-widget-text-editor\" data-id=\"f20c3d9\" data-element_type=\"widget\" data-widget_type=\"text-editor.default\">\n\t\t\t\t<div class=\"elementor-widget-container\">\n\t\t\t\t\t\t\t<p>BOTTA Packaging s\u2019est toujours engag\u00e9 \u00e0 aider ses clients \u00e0 atteindre leurs objectifs de durabilit\u00e9 dans le domaine de l\u2019emballage. C\u2019est pour cette raison qu\u2019elle a d\u00e9cid\u00e9 d\u2019aller plus loin; Botta Packaging propose d\u00e9sormais \u00e9galement la compensation carbone en tant que service pour ses emballages. Ainsi, en plus des efforts entrepris dans ses conseils en emballage durable pour aider les marques \u00e0 atteindre leurs objectifs de durabilit\u00e9 dans leur utilisation des emballages, Botta Packaging a d\u00e9cid\u00e9 de s\u2019associer \u00e0 une institution mondiale pour pouvoir calculer la quantit\u00e9 d\u2019\u00e9missions de carbone que les emballages de chaque client lib\u00e8rent en un an, et de traduire cela en un programme certifi\u00e9 de compensation.<\/p><p>La compensation carbone en tant que service d\u2019emballage de Botta Packaging donne aux entreprises la possibilit\u00e9 d\u2019agir sur les \u00e9missions in\u00e9vitables restantes pour produire des emballages durables, en compensant les \u00e9missions de carbone et en contribuant \u00e0 un projet certifi\u00e9 de leur choix.\u00a0<\/p><p>En outre, les entreprises peuvent faire imprimer leurs efforts d\u2019emballage neutre en carbone sur l\u2019emballage, y compris un code QR, qui am\u00e8ne les consommateurs directement \u00e0 toutes les informations li\u00e9es au projet certifi\u00e9 auquel l\u2019entreprise contribue. De cette fa\u00e7on, l\u2019engagement peut \u00eatre facilement communiqu\u00e9 aux clients du monde entier.\u00a0<\/p><p>Pour prendre votre mesure climatique et avoir votre \u00e9tiquette d\u2019emballage neutre en carbone, cliquez <a href=\"https:\/\/www.botta.it\/fr\/devis-2\/\">ici<\/a>.<\/p>\t\t\t\t\t\t<\/div>\n\t\t\t\t<\/div>\n\t\t\t\t<div class=\"elementor-element elementor-element-e79f7e6 elementor-widget elementor-widget-button\" data-id=\"e79f7e6\" data-element_type=\"widget\" data-widget_type=\"button.default\">\n\t\t\t\t<div class=\"elementor-widget-container\">\n\t\t\t\t\t<div class=\"elementor-button-wrapper\">\n\t\t\t<a class=\"elementor-button elementor-button-link elementor-size-sm elementor-animation-pulse-shrink\" href=\"mailto:commerciale@botta.it\">\n\t\t\t\t\t\t<span class=\"elementor-button-content-wrapper\">\n\t\t\t\t\t\t<span class=\"elementor-button-text\">Contactez nous<\/span>\n\t\t<\/span>\n\t\t\t\t\t<\/a>\n\t\t<\/div>\n\t\t\t\t<\/div>\n\t\t\t\t<\/div>\n\t\t\t\t\t<\/div>\n\t\t<\/div>\n\t\t\t\t\t\t\t<\/div>\n\t\t<\/section>\n\t\t\t\t\t\t\t<\/div>\n\t\t","protected":false},"excerpt":{"rendered":"<p>BOTTA Packaging s\u2019est toujours engag\u00e9 \u00e0 aider ses clients \u00e0 atteindre leurs objectifs de durabilit\u00e9 dans le domaine de l\u2019emballage. C\u2019est pour cette raison qu\u2019elle a d\u00e9cid\u00e9 d\u2019aller plus loin; Botta Packaging propose d\u00e9sormais \u00e9galement la compensation carbone en tant que service pour ses emballages. Ainsi, en plus des efforts entrepris dans ses conseils en &hellip;<\/p>\n<p class=\"read-more\"> <a class=\"\" href=\"https:\/\/www.botta.it\/fr\/eco-carbon-compensation-service\/\"> <span class=\"screen-reader-text\">SERVICE DE COMPENSATION DE CARBONE<\/span> Lire la Suite \u00bb<\/a><\/p>\n","protected":false},"author":1,"featured_media":0,"parent":0,"menu_order":0,"comment_status":"closed","ping_status":"closed","template":"","meta":{"om_disable_all_campaigns":false,"_monsterinsights_skip_tracking":false,"_monsterinsights_sitenote_active":false,"_monsterinsights_sitenote_note":"","_monsterinsights_sitenote_category":0,"site-sidebar-layout":"no-sidebar","site-content-layout":"page-builder","ast-global-header-display":"","ast-banner-title-visibility":"","ast-main-header-display":"","ast-hfb-above-header-display":"","ast-hfb-below-header-display":"","ast-hfb-mobile-header-display":"","site-post-title":"disabled","ast-breadcrumbs-content":"","ast-featured-img":"disabled","footer-sml-layout":"","theme-transparent-header-meta":"default","adv-header-id-meta":"","stick-header-meta":"","header-above-stick-meta":"","header-main-stick-meta":"","header-below-stick-meta":"","footnotes":""},"aioseo_notices":[],"yoast_head":"<!-- This site is optimized with the Yoast SEO Premium plugin v19.2.1 (Yoast SEO v21.9.1) - https:\/\/yoast.com\/wordpress\/plugins\/seo\/ -->\n<title>BOTTA PACKAGING \u00bb eco-packaging solutions - SERVICE DE COMPENSATION DE CARBONE<\/title>\n<meta name=\"robots\" content=\"index, follow, max-snippet:-1, max-image-preview:large, max-video-preview:-1\" \/>\n<link rel=\"canonical\" href=\"https:\/\/www.botta.it\/fr\/eco-carbon-compensation-service\/\" \/>\n<meta property=\"og:locale\" content=\"fr_FR\" \/>\n<meta property=\"og:type\" content=\"article\" \/>\n<meta property=\"og:title\" content=\"SERVICE DE COMPENSATION DE CARBONE\" \/>\n<meta property=\"og:description\" content=\"BOTTA Packaging s\u2019est toujours engag\u00e9 \u00e0 aider ses clients \u00e0 atteindre leurs objectifs de durabilit\u00e9 dans le domaine de l\u2019emballage. C\u2019est pour cette raison qu\u2019elle a d\u00e9cid\u00e9 d\u2019aller plus loin; Botta Packaging propose d\u00e9sormais \u00e9galement la compensation carbone en tant que service pour ses emballages. Ainsi, en plus des efforts entrepris dans ses conseils en &hellip; SERVICE DE COMPENSATION DE CARBONE Lire la Suite \u00bb\" \/>\n<meta property=\"og:url\" content=\"https:\/\/www.botta.it\/fr\/eco-carbon-compensation-service\/\" \/>\n<meta property=\"og:site_name\" content=\"BOTTA PACKAGING \u00bb eco-packaging solutions\" \/>\n<meta property=\"article:publisher\" content=\"https:\/\/www.facebook.com\/bottapackaging\/\" \/>\n<meta property=\"article:modified_time\" content=\"2021-11-15T10:52:24+00:00\" \/>\n<meta property=\"og:image\" content=\"https:\/\/www.botta.it\/wp-content\/uploads\/2021\/11\/CP_Badge_Choose_Climate_Neutral_P-447x1024.png\" \/>\n<meta name=\"twitter:card\" content=\"summary_large_image\" \/>\n<meta name=\"twitter:site\" content=\"@botta_box\" \/>\n<script type=\"application\/ld+json\" class=\"yoast-schema-graph\">{\"@context\":\"https:\/\/schema.org\",\"@graph\":[{\"@type\":\"WebPage\",\"@id\":\"https:\/\/www.botta.it\/fr\/eco-carbon-compensation-service\/\",\"url\":\"https:\/\/www.botta.it\/fr\/eco-carbon-compensation-service\/\",\"name\":\"BOTTA PACKAGING \u00bb eco-packaging solutions - SERVICE DE COMPENSATION DE CARBONE\",\"isPartOf\":{\"@id\":\"https:\/\/www.botta.it\/#website\"},\"datePublished\":\"2021-11-15T09:56:33+00:00\",\"dateModified\":\"2021-11-15T10:52:24+00:00\",\"breadcrumb\":{\"@id\":\"https:\/\/www.botta.it\/fr\/eco-carbon-compensation-service\/#breadcrumb\"},\"inLanguage\":\"fr-FR\",\"potentialAction\":[{\"@type\":\"ReadAction\",\"target\":[\"https:\/\/www.botta.it\/fr\/eco-carbon-compensation-service\/\"]}]},{\"@type\":\"BreadcrumbList\",\"@id\":\"https:\/\/www.botta.it\/fr\/eco-carbon-compensation-service\/#breadcrumb\",\"itemListElement\":[{\"@type\":\"ListItem\",\"position\":1,\"name\":\"Home\",\"item\":\"https:\/\/www.botta.it\/\"},{\"@type\":\"ListItem\",\"position\":2,\"name\":\"SERVICE DE COMPENSATION DE CARBONE\"}]},{\"@type\":\"WebSite\",\"@id\":\"https:\/\/www.botta.it\/#website\",\"url\":\"https:\/\/www.botta.it\/\",\"name\":\"BOTTA PACKAGING \u00bb eco-packaging solutions\",\"description\":\"Solutions d&#039;emballage \u00e9cologiques, fournitures carton ondul\u00e9, bo\u00eetes, enveloppes, airbags.\",\"publisher\":{\"@id\":\"https:\/\/www.botta.it\/#organization\"},\"potentialAction\":[{\"@type\":\"SearchAction\",\"target\":{\"@type\":\"EntryPoint\",\"urlTemplate\":\"https:\/\/www.botta.it\/?s={search_term_string}\"},\"query-input\":\"required name=search_term_string\"}],\"inLanguage\":\"fr-FR\"},{\"@type\":\"Organization\",\"@id\":\"https:\/\/www.botta.it\/#organization\",\"name\":\"BOTTA EcoPackaging\",\"url\":\"https:\/\/www.botta.it\/\",\"logo\":{\"@type\":\"ImageObject\",\"inLanguage\":\"fr-FR\",\"@id\":\"https:\/\/www.botta.it\/#\/schema\/logo\/image\/\",\"url\":\"https:\/\/www.botta.it\/wp-content\/uploads\/2021\/12\/Logo-RGB.png\",\"contentUrl\":\"https:\/\/www.botta.it\/wp-content\/uploads\/2021\/12\/Logo-RGB.png\",\"width\":1600,\"height\":1043,\"caption\":\"BOTTA EcoPackaging\"},\"image\":{\"@id\":\"https:\/\/www.botta.it\/#\/schema\/logo\/image\/\"},\"sameAs\":[\"https:\/\/www.facebook.com\/bottapackaging\/\",\"https:\/\/twitter.com\/botta_box\",\"https:\/\/www.instagram.com\/botta_box\/\",\"https:\/\/it.linkedin.com\/company\/botta-ecopackaging\",\"https:\/\/www.youtube.com\/channel\/UCLhT-tw_FsukJfrKi73c48Q\"]}]}<\/script>\n<!-- \/ Yoast SEO Premium plugin. -->","yoast_head_json":{"title":"BOTTA PACKAGING \u00bb eco-packaging solutions - SERVICE DE COMPENSATION DE CARBONE","robots":{"index":"index","follow":"follow","max-snippet":"max-snippet:-1","max-image-preview":"max-image-preview:large","max-video-preview":"max-video-preview:-1"},"canonical":"https:\/\/www.botta.it\/fr\/eco-carbon-compensation-service\/","og_locale":"fr_FR","og_type":"article","og_title":"SERVICE DE COMPENSATION DE CARBONE","og_description":"BOTTA Packaging s\u2019est toujours engag\u00e9 \u00e0 aider ses clients \u00e0 atteindre leurs objectifs de durabilit\u00e9 dans le domaine de l\u2019emballage. C\u2019est pour cette raison qu\u2019elle a d\u00e9cid\u00e9 d\u2019aller plus loin; Botta Packaging propose d\u00e9sormais \u00e9galement la compensation carbone en tant que service pour ses emballages. Ainsi, en plus des efforts entrepris dans ses conseils en &hellip; SERVICE DE COMPENSATION DE CARBONE Lire la Suite \u00bb","og_url":"https:\/\/www.botta.it\/fr\/eco-carbon-compensation-service\/","og_site_name":"BOTTA PACKAGING \u00bb eco-packaging solutions","article_publisher":"https:\/\/www.facebook.com\/bottapackaging\/","article_modified_time":"2021-11-15T10:52:24+00:00","og_image":[{"url":"https:\/\/www.botta.it\/wp-content\/uploads\/2021\/11\/CP_Badge_Choose_Climate_Neutral_P-447x1024.png"}],"twitter_card":"summary_large_image","twitter_site":"@botta_box","schema":{"@context":"https:\/\/schema.org","@graph":[{"@type":"WebPage","@id":"https:\/\/www.botta.it\/fr\/eco-carbon-compensation-service\/","url":"https:\/\/www.botta.it\/fr\/eco-carbon-compensation-service\/","name":"BOTTA PACKAGING \u00bb eco-packaging solutions - SERVICE DE COMPENSATION DE CARBONE","isPartOf":{"@id":"https:\/\/www.botta.it\/#website"},"datePublished":"2021-11-15T09:56:33+00:00","dateModified":"2021-11-15T10:52:24+00:00","breadcrumb":{"@id":"https:\/\/www.botta.it\/fr\/eco-carbon-compensation-service\/#breadcrumb"},"inLanguage":"fr-FR","potentialAction":[{"@type":"ReadAction","target":["https:\/\/www.botta.it\/fr\/eco-carbon-compensation-service\/"]}]},{"@type":"BreadcrumbList","@id":"https:\/\/www.botta.it\/fr\/eco-carbon-compensation-service\/#breadcrumb","itemListElement":[{"@type":"ListItem","position":1,"name":"Home","item":"https:\/\/www.botta.it\/"},{"@type":"ListItem","position":2,"name":"SERVICE DE COMPENSATION DE CARBONE"}]},{"@type":"WebSite","@id":"https:\/\/www.botta.it\/#website","url":"https:\/\/www.botta.it\/","name":"BOTTA PACKAGING \u00bb eco-packaging solutions","description":"Solutions d&#039;emballage \u00e9cologiques, fournitures carton ondul\u00e9, bo\u00eetes, enveloppes, airbags.","publisher":{"@id":"https:\/\/www.botta.it\/#organization"},"potentialAction":[{"@type":"SearchAction","target":{"@type":"EntryPoint","urlTemplate":"https:\/\/www.botta.it\/?s={search_term_string}"},"query-input":"required name=search_term_string"}],"inLanguage":"fr-FR"},{"@type":"Organization","@id":"https:\/\/www.botta.it\/#organization","name":"BOTTA EcoPackaging","url":"https:\/\/www.botta.it\/","logo":{"@type":"ImageObject","inLanguage":"fr-FR","@id":"https:\/\/www.botta.it\/#\/schema\/logo\/image\/","url":"https:\/\/www.botta.it\/wp-content\/uploads\/2021\/12\/Logo-RGB.png","contentUrl":"https:\/\/www.botta.it\/wp-content\/uploads\/2021\/12\/Logo-RGB.png","width":1600,"height":1043,"caption":"BOTTA EcoPackaging"},"image":{"@id":"https:\/\/www.botta.it\/#\/schema\/logo\/image\/"},"sameAs":["https:\/\/www.facebook.com\/bottapackaging\/","https:\/\/twitter.com\/botta_box","https:\/\/www.instagram.com\/botta_box\/","https:\/\/it.linkedin.com\/company\/botta-ecopackaging","https:\/\/www.youtube.com\/channel\/UCLhT-tw_FsukJfrKi73c48Q"]}]}},"_links":{"self":[{"href":"https:\/\/www.botta.it\/fr\/wp-json\/wp\/v2\/pages\/14719"}],"collection":[{"href":"https:\/\/www.botta.it\/fr\/wp-json\/wp\/v2\/pages"}],"about":[{"href":"https:\/\/www.botta.it\/fr\/wp-json\/wp\/v2\/types\/page"}],"author":[{"embeddable":true,"href":"https:\/\/www.botta.it\/fr\/wp-json\/wp\/v2\/users\/1"}],"replies":[{"embeddable":true,"href":"https:\/\/www.botta.it\/fr\/wp-json\/wp\/v2\/comments?post=14719"}],"version-history":[{"count":6,"href":"https:\/\/www.botta.it\/fr\/wp-json\/wp\/v2\/pages\/14719\/revisions"}],"predecessor-version":[{"id":14734,"href":"https:\/\/www.botta.it\/fr\/wp-json\/wp\/v2\/pages\/14719\/revisions\/14734"}],"wp:attachment":[{"href":"https:\/\/www.botta.it\/fr\/wp-json\/wp\/v2\/media?parent=14719"}],"curies":[{"name":"wp","href":"https:\/\/api.w.org\/{rel}","templated":true}]}}