{"id":7123,"date":"2019-07-11T09:37:42","date_gmt":"2019-07-11T07:37:42","guid":{"rendered":"https:\/\/www.botta.it\/?post_type=product&#038;p=7123"},"modified":"2025-07-04T09:38:52","modified_gmt":"2025-07-04T07:38:52","slug":"eco-pocket-fur-dokumente","status":"publish","type":"product","link":"https:\/\/www.botta.it\/de\/eco-produkte\/eco-envelopes-bags\/eco-pocket-fur-dokumente\/","title":{"rendered":"ECO-POCKET F\u00dcR DOKUMENTE"},"content":{"rendered":"<p style=\"font-weight: 400;\">Eco-Pocket f\u00fcr Dokumente: eine \u00f6kologische L\u00f6sung, die zu 100% recycelt werden kann, um Dokumente durch Plastiktaschen zu ersetzen.<\/p>\n<ul>\n<li style=\"font-weight: 400;\">Eco-pocket besteht zu 100% aus Papier, ist also zu 100% recycelbar und muss nicht aus dem Karton genommen werden!<\/li>\n<li style=\"font-weight: 400;\">Die R\u00fcckseite des Produkts ist selbstklebend und haftet problemlos auf jedem Material<\/li>\n<li style=\"font-weight: 400;\">Eco-Pocket f\u00fcr Dokumente ist in der Standardgr\u00f6\u00dfe A5 (228x165mm) erh\u00e4ltlich<\/li>\n<li style=\"font-weight: 400;\">Eco-Pocket ist transparent, so dass die Ausweispapiere direkt sichtbar sind<\/li>\n<\/ul>\n","protected":false},"excerpt":{"rendered":"<p style=\"font-weight: 400;\">Eco-Pocket f\u00fcr Dokumente: eine \u00f6kologische L\u00f6sung, die zu 100% recycelt werden kann, um Dokumente durch Plastiktaschen zu ersetzen.<\/p>\n<ul>\n<li style=\"font-weight: 400;\">Eco-pocket besteht zu 100% aus Papier, ist also zu 100% recycelbar und muss nicht aus dem Karton genommen werden!<\/li>\n<li style=\"font-weight: 400;\">Die R\u00fcckseite des Produkts ist selbstklebend und haftet problemlos auf jedem Material<\/li>\n<li style=\"font-weight: 400;\">Eco-Pocket f\u00fcr Dokumente ist in der Standardgr\u00f6\u00dfe A5 (228x165mm) erh\u00e4ltlich<\/li>\n<li style=\"font-weight: 400;\">Eco-Pocket ist transparent, so dass die Ausweispapiere direkt sichtbar sind<\/li>\n<\/ul>\n<blockquote><p>Wenn Sie den <strong>Eco-document pocket wallet<\/strong> als Alternative zu einem Neupapierprodukt w\u00e4hlen, k\u00f6nnen Sie pro 1000 St\u00fcck <strong>33,74 Kg Co2<\/strong> \u00c4quivalent an Treibhausgasemissionen einsparen!<br \/>\nUm alle Umwelteinsparungen zu erfahren, <a href=\"https:\/\/www.botta.it\/wp-content\/uploads\/2022\/01\/6_ECO-WALLET.pdf\" target=\"_blank\" rel=\"noopener\">klicken Sie hier<\/a><\/p>\n<p style=\"font-size: 11px;\">* Sch\u00e4tzungen der Umweltauswirkungen wurden mit dem Environmental Paper Network Paper Calculator Version 4.0 erstellt. F\u00fcr weitere Informationen besuchen Sie <a href=\"https:\/\/www.papercalculator.org\" target=\"_blank\" rel=\"noopener\">www.papercalculator.org<\/a><\/p>\n<\/blockquote>\n","protected":false},"featured_media":23105,"template":"","meta":{"om_disable_all_campaigns":false,"_monsterinsights_skip_tracking":false,"_monsterinsights_sitenote_active":false,"_monsterinsights_sitenote_note":"","_monsterinsights_sitenote_category":0,"site-sidebar-layout":"default","site-content-layout":"default","ast-global-header-display":"","ast-banner-title-visibility":"","ast-main-header-display":"","ast-hfb-above-header-display":"","ast-hfb-below-header-display":"","ast-hfb-mobile-header-display":"","site-post-title":"","ast-breadcrumbs-content":"","ast-featured-img":"","footer-sml-layout":"","theme-transparent-header-meta":"default","adv-header-id-meta":"","stick-header-meta":"","header-above-stick-meta":"","header-main-stick-meta":"","header-below-stick-meta":""},"product_cat":[5311],"product_tag":[5375],"aioseo_notices":[],"yoast_head":"<!-- This site is optimized with the Yoast SEO Premium plugin v19.2.1 (Yoast SEO v21.9.1) - https:\/\/yoast.com\/wordpress\/plugins\/seo\/ -->\n<title>BOTTA PACKAGING \u00bb eco-verpackungsl\u00f6sungen - ECO-POCKET F\u00dcR DOKUMENTE<\/title>\n<meta name=\"description\" content=\"Eco-Pocket f\u00fcr Dokumente: eine \u00f6kologische L\u00f6sung, die zu 100% recycelt werden kann, um Dokumente durch Plastiktaschen zu ersetzen.\" \/>\n<meta name=\"robots\" content=\"index, follow, max-snippet:-1, max-image-preview:large, max-video-preview:-1\" \/>\n<link rel=\"canonical\" href=\"https:\/\/www.botta.it\/de\/eco-produkte\/eco-envelopes-bags\/eco-pocket-fur-dokumente\/\" \/>\n<meta property=\"og:locale\" content=\"de_DE\" \/>\n<meta property=\"og:type\" content=\"article\" \/>\n<meta property=\"og:title\" content=\"ECO-POCKET F\u00dcR DOKUMENTE\" \/>\n<meta property=\"og:description\" content=\"Eco-Pocket f\u00fcr Dokumente: eine \u00f6kologische L\u00f6sung, die zu 100% recycelt werden kann, um Dokumente durch Plastiktaschen zu ersetzen.\" \/>\n<meta property=\"og:url\" content=\"https:\/\/www.botta.it\/de\/eco-produkte\/eco-envelopes-bags\/eco-pocket-fur-dokumente\/\" \/>\n<meta property=\"og:site_name\" content=\"BOTTA PACKAGING \u00bb eco-verpackungsl\u00f6sungen\" \/>\n<meta property=\"article:publisher\" content=\"https:\/\/www.facebook.com\/bottapackaging\/\" \/>\n<meta property=\"article:modified_time\" content=\"2025-07-04T07:38:52+00:00\" \/>\n<meta property=\"og:image\" content=\"https:\/\/www.botta.it\/wp-content\/uploads\/2019\/07\/eco-wallet-new.png\" \/>\n\t<meta property=\"og:image:width\" content=\"1080\" \/>\n\t<meta property=\"og:image:height\" content=\"1080\" \/>\n\t<meta property=\"og:image:type\" content=\"image\/png\" \/>\n<meta name=\"twitter:card\" content=\"summary_large_image\" \/>\n<meta name=\"twitter:site\" content=\"@botta_box\" \/>\n<script type=\"application\/ld+json\" class=\"yoast-schema-graph\">{\"@context\":\"https:\/\/schema.org\",\"@graph\":[{\"@type\":\"WebPage\",\"@id\":\"https:\/\/www.botta.it\/de\/eco-produkte\/eco-envelopes-bags\/eco-pocket-fur-dokumente\/\",\"url\":\"https:\/\/www.botta.it\/de\/eco-produkte\/eco-envelopes-bags\/eco-pocket-fur-dokumente\/\",\"name\":\"BOTTA PACKAGING \u00bb eco-verpackungsl\u00f6sungen - ECO-POCKET F\u00dcR DOKUMENTE\",\"isPartOf\":{\"@id\":\"https:\/\/www.botta.it\/#website\"},\"datePublished\":\"2019-07-11T07:37:42+00:00\",\"dateModified\":\"2025-07-04T07:38:52+00:00\",\"description\":\"Eco-Pocket f\u00fcr Dokumente: eine \u00f6kologische L\u00f6sung, die zu 100% recycelt werden kann, um Dokumente durch Plastiktaschen zu ersetzen.\",\"breadcrumb\":{\"@id\":\"https:\/\/www.botta.it\/de\/eco-produkte\/eco-envelopes-bags\/eco-pocket-fur-dokumente\/#breadcrumb\"},\"inLanguage\":\"de\",\"potentialAction\":[{\"@type\":\"ReadAction\",\"target\":[\"https:\/\/www.botta.it\/de\/eco-produkte\/eco-envelopes-bags\/eco-pocket-fur-dokumente\/\"]}]},{\"@type\":\"BreadcrumbList\",\"@id\":\"https:\/\/www.botta.it\/de\/eco-produkte\/eco-envelopes-bags\/eco-pocket-fur-dokumente\/#breadcrumb\",\"itemListElement\":[{\"@type\":\"ListItem\",\"position\":1,\"name\":\"Home\",\"item\":\"https:\/\/www.botta.it\/\"},{\"@type\":\"ListItem\",\"position\":2,\"name\":\"Prodotti\",\"item\":\"https:\/\/www.botta.it\/shop\/\"},{\"@type\":\"ListItem\",\"position\":3,\"name\":\"ECO-PRODUKTE\",\"item\":\"https:\/\/www.botta.it\/de\/eco-produkte\/\"},{\"@type\":\"ListItem\",\"position\":4,\"name\":\"ECO-ENVELOPES &amp; BAGS\",\"item\":\"https:\/\/www.botta.it\/de\/eco-produkte\/eco-envelopes-bags\/\"},{\"@type\":\"ListItem\",\"position\":5,\"name\":\"ECO-POCKET F\u00dcR DOKUMENTE\"}]},{\"@type\":\"WebSite\",\"@id\":\"https:\/\/www.botta.it\/#website\",\"url\":\"https:\/\/www.botta.it\/\",\"name\":\"BOTTA PACKAGING \u00bb eco-verpackungsl\u00f6sungen\",\"description\":\"\u00d6kologische verpackungsl\u00f6sungen, wellpappe liefert, kartons, umschl\u00e4ge, airbags.\",\"publisher\":{\"@id\":\"https:\/\/www.botta.it\/#organization\"},\"potentialAction\":[{\"@type\":\"SearchAction\",\"target\":{\"@type\":\"EntryPoint\",\"urlTemplate\":\"https:\/\/www.botta.it\/?s={search_term_string}\"},\"query-input\":\"required name=search_term_string\"}],\"inLanguage\":\"de\"},{\"@type\":\"Organization\",\"@id\":\"https:\/\/www.botta.it\/#organization\",\"name\":\"BOTTA EcoPackaging\",\"url\":\"https:\/\/www.botta.it\/\",\"logo\":{\"@type\":\"ImageObject\",\"inLanguage\":\"de\",\"@id\":\"https:\/\/www.botta.it\/#\/schema\/logo\/image\/\",\"url\":\"https:\/\/www.botta.it\/wp-content\/uploads\/2021\/12\/Logo-RGB.png\",\"contentUrl\":\"https:\/\/www.botta.it\/wp-content\/uploads\/2021\/12\/Logo-RGB.png\",\"width\":1600,\"height\":1043,\"caption\":\"BOTTA EcoPackaging\"},\"image\":{\"@id\":\"https:\/\/www.botta.it\/#\/schema\/logo\/image\/\"},\"sameAs\":[\"https:\/\/www.facebook.com\/bottapackaging\/\",\"https:\/\/twitter.com\/botta_box\",\"https:\/\/www.instagram.com\/botta_box\/\",\"https:\/\/it.linkedin.com\/company\/botta-ecopackaging\",\"https:\/\/www.youtube.com\/channel\/UCLhT-tw_FsukJfrKi73c48Q\"]}]}<\/script>\n<!-- \/ Yoast SEO Premium plugin. -->","yoast_head_json":{"title":"BOTTA PACKAGING \u00bb eco-verpackungsl\u00f6sungen - ECO-POCKET F\u00dcR DOKUMENTE","description":"Eco-Pocket f\u00fcr Dokumente: eine \u00f6kologische L\u00f6sung, die zu 100% recycelt werden kann, um Dokumente durch Plastiktaschen zu ersetzen.","robots":{"index":"index","follow":"follow","max-snippet":"max-snippet:-1","max-image-preview":"max-image-preview:large","max-video-preview":"max-video-preview:-1"},"canonical":"https:\/\/www.botta.it\/de\/eco-produkte\/eco-envelopes-bags\/eco-pocket-fur-dokumente\/","og_locale":"de_DE","og_type":"article","og_title":"ECO-POCKET F\u00dcR DOKUMENTE","og_description":"Eco-Pocket f\u00fcr Dokumente: eine \u00f6kologische L\u00f6sung, die zu 100% recycelt werden kann, um Dokumente durch Plastiktaschen zu ersetzen.","og_url":"https:\/\/www.botta.it\/de\/eco-produkte\/eco-envelopes-bags\/eco-pocket-fur-dokumente\/","og_site_name":"BOTTA PACKAGING \u00bb eco-verpackungsl\u00f6sungen","article_publisher":"https:\/\/www.facebook.com\/bottapackaging\/","article_modified_time":"2025-07-04T07:38:52+00:00","og_image":[{"width":1080,"height":1080,"url":"https:\/\/www.botta.it\/wp-content\/uploads\/2019\/07\/eco-wallet-new.png","type":"image\/png"}],"twitter_card":"summary_large_image","twitter_site":"@botta_box","schema":{"@context":"https:\/\/schema.org","@graph":[{"@type":"WebPage","@id":"https:\/\/www.botta.it\/de\/eco-produkte\/eco-envelopes-bags\/eco-pocket-fur-dokumente\/","url":"https:\/\/www.botta.it\/de\/eco-produkte\/eco-envelopes-bags\/eco-pocket-fur-dokumente\/","name":"BOTTA PACKAGING \u00bb eco-verpackungsl\u00f6sungen - ECO-POCKET F\u00dcR DOKUMENTE","isPartOf":{"@id":"https:\/\/www.botta.it\/#website"},"datePublished":"2019-07-11T07:37:42+00:00","dateModified":"2025-07-04T07:38:52+00:00","description":"Eco-Pocket f\u00fcr Dokumente: eine \u00f6kologische L\u00f6sung, die zu 100% recycelt werden kann, um Dokumente durch Plastiktaschen zu ersetzen.","breadcrumb":{"@id":"https:\/\/www.botta.it\/de\/eco-produkte\/eco-envelopes-bags\/eco-pocket-fur-dokumente\/#breadcrumb"},"inLanguage":"de","potentialAction":[{"@type":"ReadAction","target":["https:\/\/www.botta.it\/de\/eco-produkte\/eco-envelopes-bags\/eco-pocket-fur-dokumente\/"]}]},{"@type":"BreadcrumbList","@id":"https:\/\/www.botta.it\/de\/eco-produkte\/eco-envelopes-bags\/eco-pocket-fur-dokumente\/#breadcrumb","itemListElement":[{"@type":"ListItem","position":1,"name":"Home","item":"https:\/\/www.botta.it\/"},{"@type":"ListItem","position":2,"name":"Prodotti","item":"https:\/\/www.botta.it\/shop\/"},{"@type":"ListItem","position":3,"name":"ECO-PRODUKTE","item":"https:\/\/www.botta.it\/de\/eco-produkte\/"},{"@type":"ListItem","position":4,"name":"ECO-ENVELOPES &amp; BAGS","item":"https:\/\/www.botta.it\/de\/eco-produkte\/eco-envelopes-bags\/"},{"@type":"ListItem","position":5,"name":"ECO-POCKET F\u00dcR DOKUMENTE"}]},{"@type":"WebSite","@id":"https:\/\/www.botta.it\/#website","url":"https:\/\/www.botta.it\/","name":"BOTTA PACKAGING \u00bb eco-verpackungsl\u00f6sungen","description":"\u00d6kologische verpackungsl\u00f6sungen, wellpappe liefert, kartons, umschl\u00e4ge, airbags.","publisher":{"@id":"https:\/\/www.botta.it\/#organization"},"potentialAction":[{"@type":"SearchAction","target":{"@type":"EntryPoint","urlTemplate":"https:\/\/www.botta.it\/?s={search_term_string}"},"query-input":"required name=search_term_string"}],"inLanguage":"de"},{"@type":"Organization","@id":"https:\/\/www.botta.it\/#organization","name":"BOTTA EcoPackaging","url":"https:\/\/www.botta.it\/","logo":{"@type":"ImageObject","inLanguage":"de","@id":"https:\/\/www.botta.it\/#\/schema\/logo\/image\/","url":"https:\/\/www.botta.it\/wp-content\/uploads\/2021\/12\/Logo-RGB.png","contentUrl":"https:\/\/www.botta.it\/wp-content\/uploads\/2021\/12\/Logo-RGB.png","width":1600,"height":1043,"caption":"BOTTA EcoPackaging"},"image":{"@id":"https:\/\/www.botta.it\/#\/schema\/logo\/image\/"},"sameAs":["https:\/\/www.facebook.com\/bottapackaging\/","https:\/\/twitter.com\/botta_box","https:\/\/www.instagram.com\/botta_box\/","https:\/\/it.linkedin.com\/company\/botta-ecopackaging","https:\/\/www.youtube.com\/channel\/UCLhT-tw_FsukJfrKi73c48Q"]}]}},"_links":{"self":[{"href":"https:\/\/www.botta.it\/de\/wp-json\/wp\/v2\/product\/7123"}],"collection":[{"href":"https:\/\/www.botta.it\/de\/wp-json\/wp\/v2\/product"}],"about":[{"href":"https:\/\/www.botta.it\/de\/wp-json\/wp\/v2\/types\/product"}],"version-history":[{"count":4,"href":"https:\/\/www.botta.it\/de\/wp-json\/wp\/v2\/product\/7123\/revisions"}],"predecessor-version":[{"id":23106,"href":"https:\/\/www.botta.it\/de\/wp-json\/wp\/v2\/product\/7123\/revisions\/23106"}],"wp:featuredmedia":[{"embeddable":true,"href":"https:\/\/www.botta.it\/de\/wp-json\/wp\/v2\/media\/23105"}],"wp:attachment":[{"href":"https:\/\/www.botta.it\/de\/wp-json\/wp\/v2\/media?parent=7123"}],"wp:term":[{"taxonomy":"product_cat","embeddable":true,"href":"https:\/\/www.botta.it\/de\/wp-json\/wp\/v2\/product_cat?post=7123"},{"taxonomy":"product_tag","embeddable":true,"href":"https:\/\/www.botta.it\/de\/wp-json\/wp\/v2\/product_tag?post=7123"}],"curies":[{"name":"wp","href":"https:\/\/api.w.org\/{rel}","templated":true}]}}