{"id":6948,"date":"2019-07-01T14:12:42","date_gmt":"2019-07-01T12:12:42","guid":{"rendered":"https:\/\/www.botta.it\/?post_type=product&#038;p=6948"},"modified":"2025-05-14T16:55:16","modified_gmt":"2025-05-14T14:55:16","slug":"gepolsterte-briefumschlage-mit-wellpappe","status":"publish","type":"product","link":"https:\/\/www.botta.it\/de\/eco-produkte\/eco-envelopes-bags\/gepolsterte-briefumschlage-mit-wellpappe\/","title":{"rendered":"Gepolsterte Briefumschl\u00e4ge mit Wellpappe"},"content":{"rendered":"<div class=\"flex max-w-full flex-col flex-grow\">\n<div class=\"min-h-[20px] text-message flex w-full flex-col items-end gap-2 whitespace-normal break-words [.text-message+&amp;]:mt-5\" dir=\"auto\" data-message-author-role=\"assistant\" data-message-id=\"129a5a2c-37bd-40ee-9df1-1142bd262ea4\">\n<div class=\"flex w-full flex-col gap-1 empty:hidden first:pt-[3px]\">\n<div class=\"markdown prose w-full break-words dark:prose-invert light\">\n<p>Die Gepolsterte Briefumschl\u00e4ge mit Wellpappe bieten eine umweltfreundliche Verpackungsl\u00f6sung f\u00fcr den Versand Ihrer Produkte. Sie bestehen haupts\u00e4chlich aus Papier mit einer Schutzbeschichtung f\u00fcr zus\u00e4tzliche Festigkeit und einer inneren Schicht aus Wellpapier f\u00fcr Polsterung. Der Umschlag ist FSC\u00ae- und ATICELCA\u00ae-zertifiziert f\u00fcr Recyclingf\u00e4higkeit. Seine markante Havanna-Farbe, kombiniert mit anpassbaren Druckoptionen, hebt ihn von herk\u00f6mmlichen Plastikverpackungen ab. Erh\u00e4ltlich in Standard- oder Sondergr\u00f6\u00dfen, bieten diese Umschl\u00e4ge die gleiche Leistung wie Plastikalternativen mit Luftpolsterfolie, sind jedoch 100 % recycelbar und wiederverwendbar \u2013 ideal f\u00fcr L\u00e4nder mit Verboten gegen zweimaterialige Verpackungen.<\/p>\n<\/div>\n<\/div>\n<\/div>\n<\/div>\n","protected":false},"excerpt":{"rendered":"<p><em>Mit Wellpappe gepolsterte Briefumschl\u00e4ge sind zu 100% recycelbar und bestehen innen und au\u00dfen aus Papier.<\/em><\/p>\n<ul>\n<li>Aus Papier: mit einer Schutzbeschichtung, die Festigkeit und Steifheit verleiht.<\/li>\n<li>Der Schutz entspricht dem von Umschl\u00e4gen mit Luftblasen und sch\u00fctzt Ihre Produkte dank des gepolsterten Innenraums<\/li>\n<li>100% recycelbar &#8211; Hergestellt aus 100% recycelten und wiederverwendeten Materialien.<\/li>\n<li>Einfaches Recycling &#8211; Nur ein Material, trennen Sie den Kunststoff nicht vom Papier. Ideal f\u00fcr einige L\u00e4nder, die Bi-Material in Verpackungen verbieten.<\/li>\n<li>Sonderformate k\u00f6nnen auf Anfrage angefertigt werden.<\/li>\n<li>Perfekt zum Versenden oder Speichern von B\u00fcchern, CDs, DVDs, Dokumenten usw.<\/li>\n<li>Intern standardabmessungen: 110&#215;207,5mm \/ 120&#215;207,5mm \/ 150&#215;207,5mm \/ 180x260mm \/ 220x260mm \/ 220x330mm \/ 240x330mm \/ 270x360mm \/ 300x440mm \/ 350x470mm<\/li>\n<\/ul>\n<div class=\"elementor-element elementor-element-1811020 elementor-widget elementor-widget-button\" data-id=\"1811020\" data-element_type=\"widget\" data-widget_type=\"button.default\">\n<div class=\"elementor-widget-container\">\n<div class=\"elementor-button-wrapper\"><a class=\"elementor-button-link elementor-button elementor-size-sm\" role=\"button\" href=\"https:\/\/instapack.me\/product\/box-fefco-eco-buste-postali-imbottite-con-carta-ondulata\/\" target=\"_blank\" rel=\"noopener noreferrer\">Bestellung ab Lager<\/a><img decoding=\"async\" class=\"alignnone wp-image-10349\" src=\"https:\/\/www.botta.it\/wp-content\/uploads\/2019\/07\/Instapack-logo.png\" alt=\"\" width=\"118\" height=\"49\" \/><\/div>\n<\/div>\n<\/div>\n<blockquote><p>Wenn Sie den <strong>Corrugated Paper-Padded Envelopes<\/strong> als Alternative zu einem Neupapierprodukt w\u00e4hlen, k\u00f6nnen Sie pro 1000 St\u00fcck <strong>210,01 Kg Co2<\/strong> \u00c4quivalent an Treibhausgasemissionen einsparen!<br \/>\nUm alle Umwelteinsparungen zu erfahren, <a href=\"https:\/\/www.botta.it\/wp-content\/uploads\/2022\/01\/5_CORRUGATED-PAPER-PADDED-ENVELOPE-H5.pdf\" target=\"_blank\" rel=\"noopener\">klicken Sie hier<\/a><\/p>\n<p style=\"font-size: 11px;\">* Sch\u00e4tzungen der Umweltauswirkungen wurden mit dem Environmental Paper Network Paper Calculator Version 4.0 erstellt. F\u00fcr weitere Informationen besuchen Sie <a href=\"https:\/\/www.papercalculator.org\" target=\"_blank\" rel=\"noopener\">www.papercalculator.org<\/a><\/p>\n<\/blockquote>\n","protected":false},"featured_media":18299,"template":"","meta":{"om_disable_all_campaigns":false,"_monsterinsights_skip_tracking":false,"_monsterinsights_sitenote_active":false,"_monsterinsights_sitenote_note":"","_monsterinsights_sitenote_category":0,"site-sidebar-layout":"default","site-content-layout":"default","ast-global-header-display":"","ast-banner-title-visibility":"","ast-main-header-display":"","ast-hfb-above-header-display":"","ast-hfb-below-header-display":"","ast-hfb-mobile-header-display":"","site-post-title":"","ast-breadcrumbs-content":"","ast-featured-img":"","footer-sml-layout":"","theme-transparent-header-meta":"default","adv-header-id-meta":"","stick-header-meta":"","header-above-stick-meta":"","header-main-stick-meta":"","header-below-stick-meta":""},"product_cat":[5311],"product_tag":[],"aioseo_notices":[],"yoast_head":"<!-- This site is optimized with the Yoast SEO Premium plugin v19.2.1 (Yoast SEO v21.9.1) - https:\/\/yoast.com\/wordpress\/plugins\/seo\/ -->\n<title>BOTTA PACKAGING \u00bb eco-verpackungsl\u00f6sungen - Gepolsterte Briefumschl\u00e4ge mit Wellpappe<\/title>\n<meta name=\"description\" content=\"Sie bestehen haupts\u00e4chlich aus Papier mit einer Schutzbeschichtung f\u00fcr zus\u00e4tzliche Festigkeit und einer inneren Schicht aus Wellpapier f\u00fcr Polsterung.\" \/>\n<meta name=\"robots\" content=\"index, follow, max-snippet:-1, max-image-preview:large, max-video-preview:-1\" \/>\n<link rel=\"canonical\" href=\"https:\/\/www.botta.it\/de\/eco-produkte\/eco-envelopes-bags\/gepolsterte-briefumschlage-mit-wellpappe\/\" \/>\n<meta property=\"og:locale\" content=\"de_DE\" \/>\n<meta property=\"og:type\" content=\"article\" \/>\n<meta property=\"og:title\" content=\"Gepolsterte Briefumschl\u00e4ge mit Wellpappe\" \/>\n<meta property=\"og:description\" content=\"Sie bestehen haupts\u00e4chlich aus Papier mit einer Schutzbeschichtung f\u00fcr zus\u00e4tzliche Festigkeit und einer inneren Schicht aus Wellpapier f\u00fcr Polsterung.\" \/>\n<meta property=\"og:url\" content=\"https:\/\/www.botta.it\/de\/eco-produkte\/eco-envelopes-bags\/gepolsterte-briefumschlage-mit-wellpappe\/\" \/>\n<meta property=\"og:site_name\" content=\"BOTTA PACKAGING \u00bb eco-verpackungsl\u00f6sungen\" \/>\n<meta property=\"article:publisher\" content=\"https:\/\/www.facebook.com\/bottapackaging\/\" \/>\n<meta property=\"article:modified_time\" content=\"2025-05-14T14:55:16+00:00\" \/>\n<meta property=\"og:image\" content=\"https:\/\/www.botta.it\/wp-content\/uploads\/2019\/07\/ECO-CORRUGATED-PAPER-PADDED-ENVELOPE.jpg\" \/>\n\t<meta property=\"og:image:width\" content=\"1024\" \/>\n\t<meta property=\"og:image:height\" content=\"1024\" \/>\n\t<meta property=\"og:image:type\" content=\"image\/jpeg\" \/>\n<meta name=\"twitter:card\" content=\"summary_large_image\" \/>\n<meta name=\"twitter:site\" content=\"@botta_box\" \/>\n<script type=\"application\/ld+json\" class=\"yoast-schema-graph\">{\"@context\":\"https:\/\/schema.org\",\"@graph\":[{\"@type\":\"WebPage\",\"@id\":\"https:\/\/www.botta.it\/de\/eco-produkte\/eco-envelopes-bags\/gepolsterte-briefumschlage-mit-wellpappe\/\",\"url\":\"https:\/\/www.botta.it\/de\/eco-produkte\/eco-envelopes-bags\/gepolsterte-briefumschlage-mit-wellpappe\/\",\"name\":\"BOTTA PACKAGING \u00bb eco-verpackungsl\u00f6sungen - Gepolsterte Briefumschl\u00e4ge mit Wellpappe\",\"isPartOf\":{\"@id\":\"https:\/\/www.botta.it\/#website\"},\"datePublished\":\"2019-07-01T12:12:42+00:00\",\"dateModified\":\"2025-05-14T14:55:16+00:00\",\"description\":\"Sie bestehen haupts\u00e4chlich aus Papier mit einer Schutzbeschichtung f\u00fcr zus\u00e4tzliche Festigkeit und einer inneren Schicht aus Wellpapier f\u00fcr Polsterung.\",\"breadcrumb\":{\"@id\":\"https:\/\/www.botta.it\/de\/eco-produkte\/eco-envelopes-bags\/gepolsterte-briefumschlage-mit-wellpappe\/#breadcrumb\"},\"inLanguage\":\"de\",\"potentialAction\":[{\"@type\":\"ReadAction\",\"target\":[\"https:\/\/www.botta.it\/de\/eco-produkte\/eco-envelopes-bags\/gepolsterte-briefumschlage-mit-wellpappe\/\"]}]},{\"@type\":\"BreadcrumbList\",\"@id\":\"https:\/\/www.botta.it\/de\/eco-produkte\/eco-envelopes-bags\/gepolsterte-briefumschlage-mit-wellpappe\/#breadcrumb\",\"itemListElement\":[{\"@type\":\"ListItem\",\"position\":1,\"name\":\"Home\",\"item\":\"https:\/\/www.botta.it\/\"},{\"@type\":\"ListItem\",\"position\":2,\"name\":\"Prodotti\",\"item\":\"https:\/\/www.botta.it\/shop\/\"},{\"@type\":\"ListItem\",\"position\":3,\"name\":\"ECO-PRODUKTE\",\"item\":\"https:\/\/www.botta.it\/de\/eco-produkte\/\"},{\"@type\":\"ListItem\",\"position\":4,\"name\":\"ECO-ENVELOPES &amp; BAGS\",\"item\":\"https:\/\/www.botta.it\/de\/eco-produkte\/eco-envelopes-bags\/\"},{\"@type\":\"ListItem\",\"position\":5,\"name\":\"Gepolsterte Briefumschl\u00e4ge mit Wellpappe\"}]},{\"@type\":\"WebSite\",\"@id\":\"https:\/\/www.botta.it\/#website\",\"url\":\"https:\/\/www.botta.it\/\",\"name\":\"BOTTA PACKAGING \u00bb eco-verpackungsl\u00f6sungen\",\"description\":\"\u00d6kologische verpackungsl\u00f6sungen, wellpappe liefert, kartons, umschl\u00e4ge, airbags.\",\"publisher\":{\"@id\":\"https:\/\/www.botta.it\/#organization\"},\"potentialAction\":[{\"@type\":\"SearchAction\",\"target\":{\"@type\":\"EntryPoint\",\"urlTemplate\":\"https:\/\/www.botta.it\/?s={search_term_string}\"},\"query-input\":\"required name=search_term_string\"}],\"inLanguage\":\"de\"},{\"@type\":\"Organization\",\"@id\":\"https:\/\/www.botta.it\/#organization\",\"name\":\"BOTTA EcoPackaging\",\"url\":\"https:\/\/www.botta.it\/\",\"logo\":{\"@type\":\"ImageObject\",\"inLanguage\":\"de\",\"@id\":\"https:\/\/www.botta.it\/#\/schema\/logo\/image\/\",\"url\":\"https:\/\/www.botta.it\/wp-content\/uploads\/2021\/12\/Logo-RGB.png\",\"contentUrl\":\"https:\/\/www.botta.it\/wp-content\/uploads\/2021\/12\/Logo-RGB.png\",\"width\":1600,\"height\":1043,\"caption\":\"BOTTA EcoPackaging\"},\"image\":{\"@id\":\"https:\/\/www.botta.it\/#\/schema\/logo\/image\/\"},\"sameAs\":[\"https:\/\/www.facebook.com\/bottapackaging\/\",\"https:\/\/twitter.com\/botta_box\",\"https:\/\/www.instagram.com\/botta_box\/\",\"https:\/\/it.linkedin.com\/company\/botta-ecopackaging\",\"https:\/\/www.youtube.com\/channel\/UCLhT-tw_FsukJfrKi73c48Q\"]}]}<\/script>\n<!-- \/ Yoast SEO Premium plugin. -->","yoast_head_json":{"title":"BOTTA PACKAGING \u00bb eco-verpackungsl\u00f6sungen - Gepolsterte Briefumschl\u00e4ge mit Wellpappe","description":"Sie bestehen haupts\u00e4chlich aus Papier mit einer Schutzbeschichtung f\u00fcr zus\u00e4tzliche Festigkeit und einer inneren Schicht aus Wellpapier f\u00fcr Polsterung.","robots":{"index":"index","follow":"follow","max-snippet":"max-snippet:-1","max-image-preview":"max-image-preview:large","max-video-preview":"max-video-preview:-1"},"canonical":"https:\/\/www.botta.it\/de\/eco-produkte\/eco-envelopes-bags\/gepolsterte-briefumschlage-mit-wellpappe\/","og_locale":"de_DE","og_type":"article","og_title":"Gepolsterte Briefumschl\u00e4ge mit Wellpappe","og_description":"Sie bestehen haupts\u00e4chlich aus Papier mit einer Schutzbeschichtung f\u00fcr zus\u00e4tzliche Festigkeit und einer inneren Schicht aus Wellpapier f\u00fcr Polsterung.","og_url":"https:\/\/www.botta.it\/de\/eco-produkte\/eco-envelopes-bags\/gepolsterte-briefumschlage-mit-wellpappe\/","og_site_name":"BOTTA PACKAGING \u00bb eco-verpackungsl\u00f6sungen","article_publisher":"https:\/\/www.facebook.com\/bottapackaging\/","article_modified_time":"2025-05-14T14:55:16+00:00","og_image":[{"width":1024,"height":1024,"url":"https:\/\/www.botta.it\/wp-content\/uploads\/2019\/07\/ECO-CORRUGATED-PAPER-PADDED-ENVELOPE.jpg","type":"image\/jpeg"}],"twitter_card":"summary_large_image","twitter_site":"@botta_box","schema":{"@context":"https:\/\/schema.org","@graph":[{"@type":"WebPage","@id":"https:\/\/www.botta.it\/de\/eco-produkte\/eco-envelopes-bags\/gepolsterte-briefumschlage-mit-wellpappe\/","url":"https:\/\/www.botta.it\/de\/eco-produkte\/eco-envelopes-bags\/gepolsterte-briefumschlage-mit-wellpappe\/","name":"BOTTA PACKAGING \u00bb eco-verpackungsl\u00f6sungen - Gepolsterte Briefumschl\u00e4ge mit Wellpappe","isPartOf":{"@id":"https:\/\/www.botta.it\/#website"},"datePublished":"2019-07-01T12:12:42+00:00","dateModified":"2025-05-14T14:55:16+00:00","description":"Sie bestehen haupts\u00e4chlich aus Papier mit einer Schutzbeschichtung f\u00fcr zus\u00e4tzliche Festigkeit und einer inneren Schicht aus Wellpapier f\u00fcr Polsterung.","breadcrumb":{"@id":"https:\/\/www.botta.it\/de\/eco-produkte\/eco-envelopes-bags\/gepolsterte-briefumschlage-mit-wellpappe\/#breadcrumb"},"inLanguage":"de","potentialAction":[{"@type":"ReadAction","target":["https:\/\/www.botta.it\/de\/eco-produkte\/eco-envelopes-bags\/gepolsterte-briefumschlage-mit-wellpappe\/"]}]},{"@type":"BreadcrumbList","@id":"https:\/\/www.botta.it\/de\/eco-produkte\/eco-envelopes-bags\/gepolsterte-briefumschlage-mit-wellpappe\/#breadcrumb","itemListElement":[{"@type":"ListItem","position":1,"name":"Home","item":"https:\/\/www.botta.it\/"},{"@type":"ListItem","position":2,"name":"Prodotti","item":"https:\/\/www.botta.it\/shop\/"},{"@type":"ListItem","position":3,"name":"ECO-PRODUKTE","item":"https:\/\/www.botta.it\/de\/eco-produkte\/"},{"@type":"ListItem","position":4,"name":"ECO-ENVELOPES &amp; BAGS","item":"https:\/\/www.botta.it\/de\/eco-produkte\/eco-envelopes-bags\/"},{"@type":"ListItem","position":5,"name":"Gepolsterte Briefumschl\u00e4ge mit Wellpappe"}]},{"@type":"WebSite","@id":"https:\/\/www.botta.it\/#website","url":"https:\/\/www.botta.it\/","name":"BOTTA PACKAGING \u00bb eco-verpackungsl\u00f6sungen","description":"\u00d6kologische verpackungsl\u00f6sungen, wellpappe liefert, kartons, umschl\u00e4ge, airbags.","publisher":{"@id":"https:\/\/www.botta.it\/#organization"},"potentialAction":[{"@type":"SearchAction","target":{"@type":"EntryPoint","urlTemplate":"https:\/\/www.botta.it\/?s={search_term_string}"},"query-input":"required name=search_term_string"}],"inLanguage":"de"},{"@type":"Organization","@id":"https:\/\/www.botta.it\/#organization","name":"BOTTA EcoPackaging","url":"https:\/\/www.botta.it\/","logo":{"@type":"ImageObject","inLanguage":"de","@id":"https:\/\/www.botta.it\/#\/schema\/logo\/image\/","url":"https:\/\/www.botta.it\/wp-content\/uploads\/2021\/12\/Logo-RGB.png","contentUrl":"https:\/\/www.botta.it\/wp-content\/uploads\/2021\/12\/Logo-RGB.png","width":1600,"height":1043,"caption":"BOTTA EcoPackaging"},"image":{"@id":"https:\/\/www.botta.it\/#\/schema\/logo\/image\/"},"sameAs":["https:\/\/www.facebook.com\/bottapackaging\/","https:\/\/twitter.com\/botta_box","https:\/\/www.instagram.com\/botta_box\/","https:\/\/it.linkedin.com\/company\/botta-ecopackaging","https:\/\/www.youtube.com\/channel\/UCLhT-tw_FsukJfrKi73c48Q"]}]}},"_links":{"self":[{"href":"https:\/\/www.botta.it\/de\/wp-json\/wp\/v2\/product\/6948"}],"collection":[{"href":"https:\/\/www.botta.it\/de\/wp-json\/wp\/v2\/product"}],"about":[{"href":"https:\/\/www.botta.it\/de\/wp-json\/wp\/v2\/types\/product"}],"version-history":[{"count":11,"href":"https:\/\/www.botta.it\/de\/wp-json\/wp\/v2\/product\/6948\/revisions"}],"predecessor-version":[{"id":24866,"href":"https:\/\/www.botta.it\/de\/wp-json\/wp\/v2\/product\/6948\/revisions\/24866"}],"wp:featuredmedia":[{"embeddable":true,"href":"https:\/\/www.botta.it\/de\/wp-json\/wp\/v2\/media\/18299"}],"wp:attachment":[{"href":"https:\/\/www.botta.it\/de\/wp-json\/wp\/v2\/media?parent=6948"}],"wp:term":[{"taxonomy":"product_cat","embeddable":true,"href":"https:\/\/www.botta.it\/de\/wp-json\/wp\/v2\/product_cat?post=6948"},{"taxonomy":"product_tag","embeddable":true,"href":"https:\/\/www.botta.it\/de\/wp-json\/wp\/v2\/product_tag?post=6948"}],"curies":[{"name":"wp","href":"https:\/\/api.w.org\/{rel}","templated":true}]}}