{"id":6885,"date":"2019-07-01T11:05:59","date_gmt":"2019-07-01T09:05:59","guid":{"rendered":"https:\/\/www.botta.it\/?post_type=product&#038;p=6885"},"modified":"2025-05-14T17:23:47","modified_gmt":"2025-05-14T15:23:47","slug":"eco-mailer","status":"publish","type":"product","link":"https:\/\/www.botta.it\/de\/eco-produkte\/eco-envelopes-bags\/eco-mailer\/","title":{"rendered":"ECO-MAILER"},"content":{"rendered":"<p>2-lagiges Spezialpapier;<\/p>\n<p>Variable L\u00e4nge (einfach mit der Schere zu k\u00fcrzen)<\/p>\n<p>Einfache Handhabung;<\/p>\n<p>The case is especially suited for glass, ceramics or small metal itemsca<\/p>\n<p>Custom-fit protection<\/p>\n<p>100 % recyclingf\u00e4hige.<\/p>\n","protected":false},"excerpt":{"rendered":"<blockquote><p>Wenn Sie den <strong>Eco-Mailer Reinforced<\/strong> als Alternative zu einem Neupapierprodukt w\u00e4hlen, k\u00f6nnen Sie pro 1000 St\u00fcck <strong>223,16 Kg Co2<\/strong> \u00c4quivalent an Treibhausgasemissionen einsparen!<br \/>\nUm alle Umwelteinsparungen zu erfahren, <a href=\"https:\/\/www.botta.it\/wp-content\/uploads\/2022\/01\/8_ECO-MAILER-REINFORCED.pdf\" target=\"_blank\" rel=\"noopener\">klicken Sie hier<\/a><\/p>\n<p style=\"font-size: 11px;\">* Sch\u00e4tzungen der Umweltauswirkungen wurden mit dem Environmental Paper Network Paper Calculator Version 4.0 erstellt. F\u00fcr weitere Informationen besuchen Sie <a href=\"https:\/\/www.papercalculator.org\" target=\"_blank\" rel=\"noopener\">www.papercalculator.org<\/a><\/p>\n<\/blockquote>\n","protected":false},"featured_media":26875,"template":"","meta":{"om_disable_all_campaigns":false,"_monsterinsights_skip_tracking":false,"_monsterinsights_sitenote_active":false,"_monsterinsights_sitenote_note":"","_monsterinsights_sitenote_category":0,"site-sidebar-layout":"default","site-content-layout":"default","ast-global-header-display":"","ast-banner-title-visibility":"","ast-main-header-display":"","ast-hfb-above-header-display":"","ast-hfb-below-header-display":"","ast-hfb-mobile-header-display":"","site-post-title":"","ast-breadcrumbs-content":"","ast-featured-img":"","footer-sml-layout":"","theme-transparent-header-meta":"default","adv-header-id-meta":"","stick-header-meta":"","header-above-stick-meta":"","header-main-stick-meta":"","header-below-stick-meta":""},"product_cat":[5311],"product_tag":[],"aioseo_notices":[],"yoast_head":"<!-- This site is optimized with the Yoast SEO Premium plugin v19.2.1 (Yoast SEO v21.9.1) - https:\/\/yoast.com\/wordpress\/plugins\/seo\/ -->\n<title>BOTTA PACKAGING \u00bb eco-verpackungsl\u00f6sungen - ECO-MAILER<\/title>\n<meta name=\"robots\" content=\"index, follow, max-snippet:-1, max-image-preview:large, max-video-preview:-1\" \/>\n<link rel=\"canonical\" href=\"https:\/\/www.botta.it\/de\/eco-produkte\/eco-envelopes-bags\/eco-mailer\/\" \/>\n<meta property=\"og:locale\" content=\"de_DE\" \/>\n<meta property=\"og:type\" content=\"article\" \/>\n<meta property=\"og:title\" content=\"ECO-MAILER\" \/>\n<meta property=\"og:description\" content=\"Wenn Sie den Eco-Mailer Reinforced als Alternative zu einem Neupapierprodukt w\u00e4hlen, k\u00f6nnen Sie pro 1000 St\u00fcck 223,16 Kg Co2 \u00c4quivalent an Treibhausgasemissionen einsparen! Um alle Umwelteinsparungen zu erfahren, klicken Sie hier * Sch\u00e4tzungen der Umweltauswirkungen wurden mit dem Environmental Paper Network Paper Calculator Version 4.0 erstellt. F\u00fcr weitere Informationen besuchen Sie www.papercalculator.org\" \/>\n<meta property=\"og:url\" content=\"https:\/\/www.botta.it\/de\/eco-produkte\/eco-envelopes-bags\/eco-mailer\/\" \/>\n<meta property=\"og:site_name\" content=\"BOTTA PACKAGING \u00bb eco-verpackungsl\u00f6sungen\" \/>\n<meta property=\"article:publisher\" content=\"https:\/\/www.facebook.com\/bottapackaging\/\" \/>\n<meta property=\"article:modified_time\" content=\"2025-05-14T15:23:47+00:00\" \/>\n<meta property=\"og:image\" content=\"https:\/\/www.botta.it\/wp-content\/uploads\/2019\/07\/Eco-mailer-reinforced-1.jpg\" \/>\n\t<meta property=\"og:image:width\" content=\"1024\" \/>\n\t<meta property=\"og:image:height\" content=\"1024\" \/>\n\t<meta property=\"og:image:type\" content=\"image\/jpeg\" \/>\n<meta name=\"twitter:card\" content=\"summary_large_image\" \/>\n<meta name=\"twitter:site\" content=\"@botta_box\" \/>\n<script type=\"application\/ld+json\" class=\"yoast-schema-graph\">{\"@context\":\"https:\/\/schema.org\",\"@graph\":[{\"@type\":\"WebPage\",\"@id\":\"https:\/\/www.botta.it\/de\/eco-produkte\/eco-envelopes-bags\/eco-mailer\/\",\"url\":\"https:\/\/www.botta.it\/de\/eco-produkte\/eco-envelopes-bags\/eco-mailer\/\",\"name\":\"BOTTA PACKAGING \u00bb eco-verpackungsl\u00f6sungen - ECO-MAILER\",\"isPartOf\":{\"@id\":\"https:\/\/www.botta.it\/#website\"},\"datePublished\":\"2019-07-01T09:05:59+00:00\",\"dateModified\":\"2025-05-14T15:23:47+00:00\",\"breadcrumb\":{\"@id\":\"https:\/\/www.botta.it\/de\/eco-produkte\/eco-envelopes-bags\/eco-mailer\/#breadcrumb\"},\"inLanguage\":\"de\",\"potentialAction\":[{\"@type\":\"ReadAction\",\"target\":[\"https:\/\/www.botta.it\/de\/eco-produkte\/eco-envelopes-bags\/eco-mailer\/\"]}]},{\"@type\":\"BreadcrumbList\",\"@id\":\"https:\/\/www.botta.it\/de\/eco-produkte\/eco-envelopes-bags\/eco-mailer\/#breadcrumb\",\"itemListElement\":[{\"@type\":\"ListItem\",\"position\":1,\"name\":\"Home\",\"item\":\"https:\/\/www.botta.it\/\"},{\"@type\":\"ListItem\",\"position\":2,\"name\":\"Prodotti\",\"item\":\"https:\/\/www.botta.it\/shop\/\"},{\"@type\":\"ListItem\",\"position\":3,\"name\":\"ECO-PRODUKTE\",\"item\":\"https:\/\/www.botta.it\/de\/eco-produkte\/\"},{\"@type\":\"ListItem\",\"position\":4,\"name\":\"ECO-ENVELOPES &amp; BAGS\",\"item\":\"https:\/\/www.botta.it\/de\/eco-produkte\/eco-envelopes-bags\/\"},{\"@type\":\"ListItem\",\"position\":5,\"name\":\"ECO-MAILER\"}]},{\"@type\":\"WebSite\",\"@id\":\"https:\/\/www.botta.it\/#website\",\"url\":\"https:\/\/www.botta.it\/\",\"name\":\"BOTTA PACKAGING \u00bb eco-verpackungsl\u00f6sungen\",\"description\":\"\u00d6kologische verpackungsl\u00f6sungen, wellpappe liefert, kartons, umschl\u00e4ge, airbags.\",\"publisher\":{\"@id\":\"https:\/\/www.botta.it\/#organization\"},\"potentialAction\":[{\"@type\":\"SearchAction\",\"target\":{\"@type\":\"EntryPoint\",\"urlTemplate\":\"https:\/\/www.botta.it\/?s={search_term_string}\"},\"query-input\":\"required name=search_term_string\"}],\"inLanguage\":\"de\"},{\"@type\":\"Organization\",\"@id\":\"https:\/\/www.botta.it\/#organization\",\"name\":\"BOTTA EcoPackaging\",\"url\":\"https:\/\/www.botta.it\/\",\"logo\":{\"@type\":\"ImageObject\",\"inLanguage\":\"de\",\"@id\":\"https:\/\/www.botta.it\/#\/schema\/logo\/image\/\",\"url\":\"https:\/\/www.botta.it\/wp-content\/uploads\/2021\/12\/Logo-RGB.png\",\"contentUrl\":\"https:\/\/www.botta.it\/wp-content\/uploads\/2021\/12\/Logo-RGB.png\",\"width\":1600,\"height\":1043,\"caption\":\"BOTTA EcoPackaging\"},\"image\":{\"@id\":\"https:\/\/www.botta.it\/#\/schema\/logo\/image\/\"},\"sameAs\":[\"https:\/\/www.facebook.com\/bottapackaging\/\",\"https:\/\/twitter.com\/botta_box\",\"https:\/\/www.instagram.com\/botta_box\/\",\"https:\/\/it.linkedin.com\/company\/botta-ecopackaging\",\"https:\/\/www.youtube.com\/channel\/UCLhT-tw_FsukJfrKi73c48Q\"]}]}<\/script>\n<!-- \/ Yoast SEO Premium plugin. -->","yoast_head_json":{"title":"BOTTA PACKAGING \u00bb eco-verpackungsl\u00f6sungen - ECO-MAILER","robots":{"index":"index","follow":"follow","max-snippet":"max-snippet:-1","max-image-preview":"max-image-preview:large","max-video-preview":"max-video-preview:-1"},"canonical":"https:\/\/www.botta.it\/de\/eco-produkte\/eco-envelopes-bags\/eco-mailer\/","og_locale":"de_DE","og_type":"article","og_title":"ECO-MAILER","og_description":"Wenn Sie den Eco-Mailer Reinforced als Alternative zu einem Neupapierprodukt w\u00e4hlen, k\u00f6nnen Sie pro 1000 St\u00fcck 223,16 Kg Co2 \u00c4quivalent an Treibhausgasemissionen einsparen! Um alle Umwelteinsparungen zu erfahren, klicken Sie hier * Sch\u00e4tzungen der Umweltauswirkungen wurden mit dem Environmental Paper Network Paper Calculator Version 4.0 erstellt. F\u00fcr weitere Informationen besuchen Sie www.papercalculator.org","og_url":"https:\/\/www.botta.it\/de\/eco-produkte\/eco-envelopes-bags\/eco-mailer\/","og_site_name":"BOTTA PACKAGING \u00bb eco-verpackungsl\u00f6sungen","article_publisher":"https:\/\/www.facebook.com\/bottapackaging\/","article_modified_time":"2025-05-14T15:23:47+00:00","og_image":[{"width":1024,"height":1024,"url":"https:\/\/www.botta.it\/wp-content\/uploads\/2019\/07\/Eco-mailer-reinforced-1.jpg","type":"image\/jpeg"}],"twitter_card":"summary_large_image","twitter_site":"@botta_box","schema":{"@context":"https:\/\/schema.org","@graph":[{"@type":"WebPage","@id":"https:\/\/www.botta.it\/de\/eco-produkte\/eco-envelopes-bags\/eco-mailer\/","url":"https:\/\/www.botta.it\/de\/eco-produkte\/eco-envelopes-bags\/eco-mailer\/","name":"BOTTA PACKAGING \u00bb eco-verpackungsl\u00f6sungen - ECO-MAILER","isPartOf":{"@id":"https:\/\/www.botta.it\/#website"},"datePublished":"2019-07-01T09:05:59+00:00","dateModified":"2025-05-14T15:23:47+00:00","breadcrumb":{"@id":"https:\/\/www.botta.it\/de\/eco-produkte\/eco-envelopes-bags\/eco-mailer\/#breadcrumb"},"inLanguage":"de","potentialAction":[{"@type":"ReadAction","target":["https:\/\/www.botta.it\/de\/eco-produkte\/eco-envelopes-bags\/eco-mailer\/"]}]},{"@type":"BreadcrumbList","@id":"https:\/\/www.botta.it\/de\/eco-produkte\/eco-envelopes-bags\/eco-mailer\/#breadcrumb","itemListElement":[{"@type":"ListItem","position":1,"name":"Home","item":"https:\/\/www.botta.it\/"},{"@type":"ListItem","position":2,"name":"Prodotti","item":"https:\/\/www.botta.it\/shop\/"},{"@type":"ListItem","position":3,"name":"ECO-PRODUKTE","item":"https:\/\/www.botta.it\/de\/eco-produkte\/"},{"@type":"ListItem","position":4,"name":"ECO-ENVELOPES &amp; BAGS","item":"https:\/\/www.botta.it\/de\/eco-produkte\/eco-envelopes-bags\/"},{"@type":"ListItem","position":5,"name":"ECO-MAILER"}]},{"@type":"WebSite","@id":"https:\/\/www.botta.it\/#website","url":"https:\/\/www.botta.it\/","name":"BOTTA PACKAGING \u00bb eco-verpackungsl\u00f6sungen","description":"\u00d6kologische verpackungsl\u00f6sungen, wellpappe liefert, kartons, umschl\u00e4ge, airbags.","publisher":{"@id":"https:\/\/www.botta.it\/#organization"},"potentialAction":[{"@type":"SearchAction","target":{"@type":"EntryPoint","urlTemplate":"https:\/\/www.botta.it\/?s={search_term_string}"},"query-input":"required name=search_term_string"}],"inLanguage":"de"},{"@type":"Organization","@id":"https:\/\/www.botta.it\/#organization","name":"BOTTA EcoPackaging","url":"https:\/\/www.botta.it\/","logo":{"@type":"ImageObject","inLanguage":"de","@id":"https:\/\/www.botta.it\/#\/schema\/logo\/image\/","url":"https:\/\/www.botta.it\/wp-content\/uploads\/2021\/12\/Logo-RGB.png","contentUrl":"https:\/\/www.botta.it\/wp-content\/uploads\/2021\/12\/Logo-RGB.png","width":1600,"height":1043,"caption":"BOTTA EcoPackaging"},"image":{"@id":"https:\/\/www.botta.it\/#\/schema\/logo\/image\/"},"sameAs":["https:\/\/www.facebook.com\/bottapackaging\/","https:\/\/twitter.com\/botta_box","https:\/\/www.instagram.com\/botta_box\/","https:\/\/it.linkedin.com\/company\/botta-ecopackaging","https:\/\/www.youtube.com\/channel\/UCLhT-tw_FsukJfrKi73c48Q"]}]}},"_links":{"self":[{"href":"https:\/\/www.botta.it\/de\/wp-json\/wp\/v2\/product\/6885"}],"collection":[{"href":"https:\/\/www.botta.it\/de\/wp-json\/wp\/v2\/product"}],"about":[{"href":"https:\/\/www.botta.it\/de\/wp-json\/wp\/v2\/types\/product"}],"version-history":[{"count":1,"href":"https:\/\/www.botta.it\/de\/wp-json\/wp\/v2\/product\/6885\/revisions"}],"predecessor-version":[{"id":15203,"href":"https:\/\/www.botta.it\/de\/wp-json\/wp\/v2\/product\/6885\/revisions\/15203"}],"wp:featuredmedia":[{"embeddable":true,"href":"https:\/\/www.botta.it\/de\/wp-json\/wp\/v2\/media\/26875"}],"wp:attachment":[{"href":"https:\/\/www.botta.it\/de\/wp-json\/wp\/v2\/media?parent=6885"}],"wp:term":[{"taxonomy":"product_cat","embeddable":true,"href":"https:\/\/www.botta.it\/de\/wp-json\/wp\/v2\/product_cat?post=6885"},{"taxonomy":"product_tag","embeddable":true,"href":"https:\/\/www.botta.it\/de\/wp-json\/wp\/v2\/product_tag?post=6885"}],"curies":[{"name":"wp","href":"https:\/\/api.w.org\/{rel}","templated":true}]}}