{"id":5523,"date":"2018-01-17T11:19:21","date_gmt":"2018-01-17T10:19:21","guid":{"rendered":"https:\/\/www.botta.it\/prodotto\/boby-box\/"},"modified":"2022-09-07T23:54:36","modified_gmt":"2022-09-07T21:54:36","slug":"boby-box","status":"publish","type":"product","link":"https:\/\/www.botta.it\/de\/produkte\/boby-box\/","title":{"rendered":"Produkt- Boby Box"},"content":{"rendered":"<p>Ein Einwegbeh\u00e4lter f\u00fcr kleine Mengen der festen Verschwendung, normalerweise Hundexkrement. Es schlie\u00dft einen Beh\u00e4lter und eine Schaufel ein, die ihm erlaubt, eingef\u00fcgt in den Beh\u00e4lter leicht, sowie eine kleine Spachtel zu sein m\u00f6glich. Begriffen durch einfache Gelenke, die von einer Platte von Karton, Sterben-K\u00fcrzung und gefaltet anfangen. \u00c4u\u00dferst leicht und leicht, sich in wenigen Schritten zu versammeln.; 100 % recyclingf\u00e4hig.<\/p>\n","protected":false},"excerpt":{"rendered":"<p>Ein Einwegbeh\u00e4lter f\u00fcr kleine Mengen der festen Verschwendung, normalerweise Hundexkrement. Es schlie\u00dft einen Beh\u00e4lter und eine Schaufel ein, die ihm erlaubt, eingef\u00fcgt in den Beh\u00e4lter leicht, sowie eine kleine Spachtel zu sein m\u00f6glich. Begriffen durch einfache Gelenke, die von einer Platte von Karton, Sterben-K\u00fcrzung und gefaltet anfangen. \u00c4u\u00dferst leicht und leicht, sich in wenigen Schritten &hellip;<\/p>\n<p class=\"read-more\"> <a class=\"\" href=\"https:\/\/www.botta.it\/de\/produkte\/boby-box\/\"> <span class=\"screen-reader-text\">Produkt- Boby Box<\/span> Mehr lesen \u00bb<\/a><\/p>\n","protected":false},"featured_media":5524,"template":"","meta":{"om_disable_all_campaigns":false,"_monsterinsights_skip_tracking":false,"_monsterinsights_sitenote_active":false,"_monsterinsights_sitenote_note":"","_monsterinsights_sitenote_category":0,"site-sidebar-layout":"default","site-content-layout":"default","ast-global-header-display":"","ast-banner-title-visibility":"","ast-main-header-display":"","ast-hfb-above-header-display":"","ast-hfb-below-header-display":"","ast-hfb-mobile-header-display":"","site-post-title":"","ast-breadcrumbs-content":"","ast-featured-img":"","footer-sml-layout":"","theme-transparent-header-meta":"default","adv-header-id-meta":"","stick-header-meta":"","header-above-stick-meta":"","header-main-stick-meta":"","header-below-stick-meta":""},"product_cat":[5304],"product_tag":[],"aioseo_notices":[],"yoast_head":"<!-- This site is optimized with the Yoast SEO Premium plugin v19.2.1 (Yoast SEO v21.9.1) - https:\/\/yoast.com\/wordpress\/plugins\/seo\/ -->\n<title>BOTTA PACKAGING \u00bb eco-packaging solutions - Produkt- Boby Box<\/title>\n<meta name=\"robots\" content=\"index, follow, max-snippet:-1, max-image-preview:large, max-video-preview:-1\" \/>\n<link rel=\"canonical\" href=\"https:\/\/www.botta.it\/de\/produkte\/boby-box\/\" \/>\n<meta property=\"og:locale\" content=\"de_DE\" \/>\n<meta property=\"og:type\" content=\"article\" \/>\n<meta property=\"og:title\" content=\"Produkt- Boby Box\" \/>\n<meta property=\"og:description\" content=\"Ein Einwegbeh\u00e4lter f\u00fcr kleine Mengen der festen Verschwendung, normalerweise Hundexkrement. Es schlie\u00dft einen Beh\u00e4lter und eine Schaufel ein, die ihm erlaubt, eingef\u00fcgt in den Beh\u00e4lter leicht, sowie eine kleine Spachtel zu sein m\u00f6glich. Begriffen durch einfache Gelenke, die von einer Platte von Karton, Sterben-K\u00fcrzung und gefaltet anfangen. \u00c4u\u00dferst leicht und leicht, sich in wenigen Schritten &hellip; Produkt- Boby Box Mehr lesen \u00bb\" \/>\n<meta property=\"og:url\" content=\"https:\/\/www.botta.it\/de\/produkte\/boby-box\/\" \/>\n<meta property=\"og:site_name\" content=\"BOTTA PACKAGING \u00bb eco-packaging solutions\" \/>\n<meta property=\"article:publisher\" content=\"https:\/\/www.facebook.com\/bottapackaging\/\" \/>\n<meta property=\"article:modified_time\" content=\"2022-09-07T21:54:36+00:00\" \/>\n<meta property=\"og:image\" content=\"https:\/\/www.botta.it\/wp-content\/uploads\/2018\/01\/boby-box-2-1-240x300.jpg\" \/>\n\t<meta property=\"og:image:width\" content=\"240\" \/>\n\t<meta property=\"og:image:height\" content=\"300\" \/>\n\t<meta property=\"og:image:type\" content=\"image\/jpeg\" \/>\n<meta name=\"twitter:card\" content=\"summary_large_image\" \/>\n<meta name=\"twitter:site\" content=\"@botta_box\" \/>\n<script type=\"application\/ld+json\" class=\"yoast-schema-graph\">{\"@context\":\"https:\/\/schema.org\",\"@graph\":[{\"@type\":\"WebPage\",\"@id\":\"https:\/\/www.botta.it\/de\/produkte\/boby-box\/\",\"url\":\"https:\/\/www.botta.it\/de\/produkte\/boby-box\/\",\"name\":\"BOTTA PACKAGING \u00bb eco-packaging solutions - Produkt- Boby Box\",\"isPartOf\":{\"@id\":\"https:\/\/www.botta.it\/#website\"},\"datePublished\":\"2018-01-17T10:19:21+00:00\",\"dateModified\":\"2022-09-07T21:54:36+00:00\",\"breadcrumb\":{\"@id\":\"https:\/\/www.botta.it\/de\/produkte\/boby-box\/#breadcrumb\"},\"inLanguage\":\"de\",\"potentialAction\":[{\"@type\":\"ReadAction\",\"target\":[\"https:\/\/www.botta.it\/de\/produkte\/boby-box\/\"]}]},{\"@type\":\"BreadcrumbList\",\"@id\":\"https:\/\/www.botta.it\/de\/produkte\/boby-box\/#breadcrumb\",\"itemListElement\":[{\"@type\":\"ListItem\",\"position\":1,\"name\":\"Home\",\"item\":\"https:\/\/www.botta.it\/\"},{\"@type\":\"ListItem\",\"position\":2,\"name\":\"Prodotti\",\"item\":\"https:\/\/www.botta.it\/shop\/\"},{\"@type\":\"ListItem\",\"position\":3,\"name\":\"PRODUKTE\",\"item\":\"https:\/\/www.botta.it\/de\/produkte\/\"},{\"@type\":\"ListItem\",\"position\":4,\"name\":\"Produkt- Boby Box\"}]},{\"@type\":\"WebSite\",\"@id\":\"https:\/\/www.botta.it\/#website\",\"url\":\"https:\/\/www.botta.it\/\",\"name\":\"BOTTA PACKAGING \u00bb eco-packaging solutions\",\"description\":\"\u00d6kologische verpackungsl\u00f6sungen, wellpappe liefert, kartons, umschl\u00e4ge, airbags.\",\"publisher\":{\"@id\":\"https:\/\/www.botta.it\/#organization\"},\"potentialAction\":[{\"@type\":\"SearchAction\",\"target\":{\"@type\":\"EntryPoint\",\"urlTemplate\":\"https:\/\/www.botta.it\/?s={search_term_string}\"},\"query-input\":\"required name=search_term_string\"}],\"inLanguage\":\"de\"},{\"@type\":\"Organization\",\"@id\":\"https:\/\/www.botta.it\/#organization\",\"name\":\"BOTTA EcoPackaging\",\"url\":\"https:\/\/www.botta.it\/\",\"logo\":{\"@type\":\"ImageObject\",\"inLanguage\":\"de\",\"@id\":\"https:\/\/www.botta.it\/#\/schema\/logo\/image\/\",\"url\":\"https:\/\/www.botta.it\/wp-content\/uploads\/2021\/12\/Logo-RGB.png\",\"contentUrl\":\"https:\/\/www.botta.it\/wp-content\/uploads\/2021\/12\/Logo-RGB.png\",\"width\":1600,\"height\":1043,\"caption\":\"BOTTA EcoPackaging\"},\"image\":{\"@id\":\"https:\/\/www.botta.it\/#\/schema\/logo\/image\/\"},\"sameAs\":[\"https:\/\/www.facebook.com\/bottapackaging\/\",\"https:\/\/twitter.com\/botta_box\",\"https:\/\/www.instagram.com\/botta_box\/\",\"https:\/\/it.linkedin.com\/company\/botta-ecopackaging\",\"https:\/\/www.youtube.com\/channel\/UCLhT-tw_FsukJfrKi73c48Q\"]}]}<\/script>\n<!-- \/ Yoast SEO Premium plugin. -->","yoast_head_json":{"title":"BOTTA PACKAGING \u00bb eco-packaging solutions - Produkt- Boby Box","robots":{"index":"index","follow":"follow","max-snippet":"max-snippet:-1","max-image-preview":"max-image-preview:large","max-video-preview":"max-video-preview:-1"},"canonical":"https:\/\/www.botta.it\/de\/produkte\/boby-box\/","og_locale":"de_DE","og_type":"article","og_title":"Produkt- Boby Box","og_description":"Ein Einwegbeh\u00e4lter f\u00fcr kleine Mengen der festen Verschwendung, normalerweise Hundexkrement. Es schlie\u00dft einen Beh\u00e4lter und eine Schaufel ein, die ihm erlaubt, eingef\u00fcgt in den Beh\u00e4lter leicht, sowie eine kleine Spachtel zu sein m\u00f6glich. Begriffen durch einfache Gelenke, die von einer Platte von Karton, Sterben-K\u00fcrzung und gefaltet anfangen. \u00c4u\u00dferst leicht und leicht, sich in wenigen Schritten &hellip; Produkt- Boby Box Mehr lesen \u00bb","og_url":"https:\/\/www.botta.it\/de\/produkte\/boby-box\/","og_site_name":"BOTTA PACKAGING \u00bb eco-packaging solutions","article_publisher":"https:\/\/www.facebook.com\/bottapackaging\/","article_modified_time":"2022-09-07T21:54:36+00:00","og_image":[{"width":240,"height":300,"url":"https:\/\/www.botta.it\/wp-content\/uploads\/2018\/01\/boby-box-2-1-240x300.jpg","type":"image\/jpeg"}],"twitter_card":"summary_large_image","twitter_site":"@botta_box","schema":{"@context":"https:\/\/schema.org","@graph":[{"@type":"WebPage","@id":"https:\/\/www.botta.it\/de\/produkte\/boby-box\/","url":"https:\/\/www.botta.it\/de\/produkte\/boby-box\/","name":"BOTTA PACKAGING \u00bb eco-packaging solutions - Produkt- Boby Box","isPartOf":{"@id":"https:\/\/www.botta.it\/#website"},"datePublished":"2018-01-17T10:19:21+00:00","dateModified":"2022-09-07T21:54:36+00:00","breadcrumb":{"@id":"https:\/\/www.botta.it\/de\/produkte\/boby-box\/#breadcrumb"},"inLanguage":"de","potentialAction":[{"@type":"ReadAction","target":["https:\/\/www.botta.it\/de\/produkte\/boby-box\/"]}]},{"@type":"BreadcrumbList","@id":"https:\/\/www.botta.it\/de\/produkte\/boby-box\/#breadcrumb","itemListElement":[{"@type":"ListItem","position":1,"name":"Home","item":"https:\/\/www.botta.it\/"},{"@type":"ListItem","position":2,"name":"Prodotti","item":"https:\/\/www.botta.it\/shop\/"},{"@type":"ListItem","position":3,"name":"PRODUKTE","item":"https:\/\/www.botta.it\/de\/produkte\/"},{"@type":"ListItem","position":4,"name":"Produkt- Boby Box"}]},{"@type":"WebSite","@id":"https:\/\/www.botta.it\/#website","url":"https:\/\/www.botta.it\/","name":"BOTTA PACKAGING \u00bb eco-packaging solutions","description":"\u00d6kologische verpackungsl\u00f6sungen, wellpappe liefert, kartons, umschl\u00e4ge, airbags.","publisher":{"@id":"https:\/\/www.botta.it\/#organization"},"potentialAction":[{"@type":"SearchAction","target":{"@type":"EntryPoint","urlTemplate":"https:\/\/www.botta.it\/?s={search_term_string}"},"query-input":"required name=search_term_string"}],"inLanguage":"de"},{"@type":"Organization","@id":"https:\/\/www.botta.it\/#organization","name":"BOTTA EcoPackaging","url":"https:\/\/www.botta.it\/","logo":{"@type":"ImageObject","inLanguage":"de","@id":"https:\/\/www.botta.it\/#\/schema\/logo\/image\/","url":"https:\/\/www.botta.it\/wp-content\/uploads\/2021\/12\/Logo-RGB.png","contentUrl":"https:\/\/www.botta.it\/wp-content\/uploads\/2021\/12\/Logo-RGB.png","width":1600,"height":1043,"caption":"BOTTA EcoPackaging"},"image":{"@id":"https:\/\/www.botta.it\/#\/schema\/logo\/image\/"},"sameAs":["https:\/\/www.facebook.com\/bottapackaging\/","https:\/\/twitter.com\/botta_box","https:\/\/www.instagram.com\/botta_box\/","https:\/\/it.linkedin.com\/company\/botta-ecopackaging","https:\/\/www.youtube.com\/channel\/UCLhT-tw_FsukJfrKi73c48Q"]}]}},"_links":{"self":[{"href":"https:\/\/www.botta.it\/de\/wp-json\/wp\/v2\/product\/5523"}],"collection":[{"href":"https:\/\/www.botta.it\/de\/wp-json\/wp\/v2\/product"}],"about":[{"href":"https:\/\/www.botta.it\/de\/wp-json\/wp\/v2\/types\/product"}],"version-history":[{"count":1,"href":"https:\/\/www.botta.it\/de\/wp-json\/wp\/v2\/product\/5523\/revisions"}],"predecessor-version":[{"id":17422,"href":"https:\/\/www.botta.it\/de\/wp-json\/wp\/v2\/product\/5523\/revisions\/17422"}],"wp:featuredmedia":[{"embeddable":true,"href":"https:\/\/www.botta.it\/de\/wp-json\/wp\/v2\/media\/5524"}],"wp:attachment":[{"href":"https:\/\/www.botta.it\/de\/wp-json\/wp\/v2\/media?parent=5523"}],"wp:term":[{"taxonomy":"product_cat","embeddable":true,"href":"https:\/\/www.botta.it\/de\/wp-json\/wp\/v2\/product_cat?post=5523"},{"taxonomy":"product_tag","embeddable":true,"href":"https:\/\/www.botta.it\/de\/wp-json\/wp\/v2\/product_tag?post=5523"}],"curies":[{"name":"wp","href":"https:\/\/api.w.org\/{rel}","templated":true}]}}