{"id":5514,"date":"2018-01-17T12:38:54","date_gmt":"2018-01-17T11:38:54","guid":{"rendered":"https:\/\/www.botta.it\/prodotto\/freezerbox\/"},"modified":"2022-09-07T23:55:01","modified_gmt":"2022-09-07T21:55:01","slug":"freezerbox","status":"publish","type":"product","link":"https:\/\/www.botta.it\/de\/produkte\/freezerbox\/","title":{"rendered":"Freezerbox"},"content":{"rendered":"<p>Effiziente Nutzung des Lagerraums. Mehr Versandoptionen \u2013 aufgrund der l\u00e4ngeren Haltbarkeit kann der Lieferbereich erweitert werden. Umweltfreundlich \u2013 aus nachwachsenden Rohstoffen hergestellt. Verringerung von Transportsch\u00e4den aufgrund hoher Stabilit\u00e4t der Verpackung. asserfeste Pappesorten und andere Barrierebeschichtungen verf\u00fcgbar.<br \/>\nStandardabmessungen erh\u00e4ltlich. Herstellung und Lieferung auf Anfrage.<\/p>\n","protected":false},"excerpt":{"rendered":"<p>Effiziente Nutzung des Lagerraums. Mehr Versandoptionen \u2013 aufgrund der l\u00e4ngeren Haltbarkeit kann der Lieferbereich erweitert werden. Umweltfreundlich \u2013 aus nachwachsenden Rohstoffen hergestellt. Verringerung von Transportsch\u00e4den aufgrund hoher Stabilit\u00e4t der Verpackung. asserfeste Pappesorten und andere Barrierebeschichtungen verf\u00fcgbar. Standardabmessungen erh\u00e4ltlich. Herstellung und Lieferung auf Anfrage.<\/p>\n","protected":false},"featured_media":5515,"template":"","meta":{"om_disable_all_campaigns":false,"_monsterinsights_skip_tracking":false,"_monsterinsights_sitenote_active":false,"_monsterinsights_sitenote_note":"","_monsterinsights_sitenote_category":0,"site-sidebar-layout":"default","site-content-layout":"default","ast-global-header-display":"","ast-banner-title-visibility":"","ast-main-header-display":"","ast-hfb-above-header-display":"","ast-hfb-below-header-display":"","ast-hfb-mobile-header-display":"","site-post-title":"","ast-breadcrumbs-content":"","ast-featured-img":"","footer-sml-layout":"","theme-transparent-header-meta":"default","adv-header-id-meta":"","stick-header-meta":"","header-above-stick-meta":"","header-main-stick-meta":"","header-below-stick-meta":""},"product_cat":[5304],"product_tag":[],"aioseo_notices":[],"yoast_head":"<!-- This site is optimized with the Yoast SEO Premium plugin v19.2.1 (Yoast SEO v21.9.1) - https:\/\/yoast.com\/wordpress\/plugins\/seo\/ -->\n<title>BOTTA PACKAGING \u00bb eco-packaging solutions - Freezerbox<\/title>\n<meta name=\"robots\" content=\"index, follow, max-snippet:-1, max-image-preview:large, max-video-preview:-1\" \/>\n<link rel=\"canonical\" href=\"https:\/\/www.botta.it\/prodotti\/freezer-box\/\" \/>\n<meta property=\"og:locale\" content=\"de_DE\" \/>\n<meta property=\"og:type\" content=\"article\" \/>\n<meta property=\"og:title\" content=\"Freezerbox\" \/>\n<meta property=\"og:description\" content=\"Effiziente Nutzung des Lagerraums. Mehr Versandoptionen \u2013 aufgrund der l\u00e4ngeren Haltbarkeit kann der Lieferbereich erweitert werden. Umweltfreundlich \u2013 aus nachwachsenden Rohstoffen hergestellt. Verringerung von Transportsch\u00e4den aufgrund hoher Stabilit\u00e4t der Verpackung. asserfeste Pappesorten und andere Barrierebeschichtungen verf\u00fcgbar. Standardabmessungen erh\u00e4ltlich. Herstellung und Lieferung auf Anfrage.\" \/>\n<meta property=\"og:url\" content=\"https:\/\/www.botta.it\/prodotti\/freezer-box\/\" \/>\n<meta property=\"og:site_name\" content=\"BOTTA PACKAGING \u00bb eco-packaging solutions\" \/>\n<meta property=\"article:publisher\" content=\"https:\/\/www.facebook.com\/bottapackaging\/\" \/>\n<meta property=\"article:modified_time\" content=\"2022-09-07T21:55:01+00:00\" \/>\n<meta property=\"og:image\" content=\"https:\/\/www.botta.it\/wp-content\/uploads\/2018\/01\/Freezer-Box.webp\" \/>\n\t<meta property=\"og:image:width\" content=\"1280\" \/>\n\t<meta property=\"og:image:height\" content=\"720\" \/>\n\t<meta property=\"og:image:type\" content=\"image\/jpeg\" \/>\n<meta name=\"twitter:card\" content=\"summary_large_image\" \/>\n<meta name=\"twitter:site\" content=\"@botta_box\" \/>\n<script type=\"application\/ld+json\" class=\"yoast-schema-graph\">{\"@context\":\"https:\/\/schema.org\",\"@graph\":[{\"@type\":\"WebPage\",\"@id\":\"https:\/\/www.botta.it\/prodotti\/freezer-box\/\",\"url\":\"https:\/\/www.botta.it\/prodotti\/freezer-box\/\",\"name\":\"BOTTA PACKAGING \u00bb eco-packaging solutions - Freezerbox\",\"isPartOf\":{\"@id\":\"https:\/\/www.botta.it\/#website\"},\"datePublished\":\"2018-01-17T11:38:54+00:00\",\"dateModified\":\"2022-09-07T21:55:01+00:00\",\"breadcrumb\":{\"@id\":\"https:\/\/www.botta.it\/prodotti\/freezer-box\/#breadcrumb\"},\"inLanguage\":\"de\",\"potentialAction\":[{\"@type\":\"ReadAction\",\"target\":[\"https:\/\/www.botta.it\/prodotti\/freezer-box\/\"]}]},{\"@type\":\"BreadcrumbList\",\"@id\":\"https:\/\/www.botta.it\/prodotti\/freezer-box\/#breadcrumb\",\"itemListElement\":[{\"@type\":\"ListItem\",\"position\":1,\"name\":\"Home\",\"item\":\"https:\/\/www.botta.it\/\"},{\"@type\":\"ListItem\",\"position\":2,\"name\":\"Prodotti\",\"item\":\"https:\/\/www.botta.it\/shop\/\"},{\"@type\":\"ListItem\",\"position\":3,\"name\":\"PRODOTTI\",\"item\":\"https:\/\/www.botta.it\/prodotti\/\"},{\"@type\":\"ListItem\",\"position\":4,\"name\":\"Freezerbox\"}]},{\"@type\":\"WebSite\",\"@id\":\"https:\/\/www.botta.it\/#website\",\"url\":\"https:\/\/www.botta.it\/\",\"name\":\"BOTTA PACKAGING \u00bb eco-packaging solutions\",\"description\":\"\u00d6kologische verpackungsl\u00f6sungen, wellpappe liefert, kartons, umschl\u00e4ge, airbags.\",\"publisher\":{\"@id\":\"https:\/\/www.botta.it\/#organization\"},\"potentialAction\":[{\"@type\":\"SearchAction\",\"target\":{\"@type\":\"EntryPoint\",\"urlTemplate\":\"https:\/\/www.botta.it\/?s={search_term_string}\"},\"query-input\":\"required name=search_term_string\"}],\"inLanguage\":\"de\"},{\"@type\":\"Organization\",\"@id\":\"https:\/\/www.botta.it\/#organization\",\"name\":\"BOTTA EcoPackaging\",\"url\":\"https:\/\/www.botta.it\/\",\"logo\":{\"@type\":\"ImageObject\",\"inLanguage\":\"de\",\"@id\":\"https:\/\/www.botta.it\/#\/schema\/logo\/image\/\",\"url\":\"https:\/\/www.botta.it\/wp-content\/uploads\/2021\/12\/Logo-RGB.png\",\"contentUrl\":\"https:\/\/www.botta.it\/wp-content\/uploads\/2021\/12\/Logo-RGB.png\",\"width\":1600,\"height\":1043,\"caption\":\"BOTTA EcoPackaging\"},\"image\":{\"@id\":\"https:\/\/www.botta.it\/#\/schema\/logo\/image\/\"},\"sameAs\":[\"https:\/\/www.facebook.com\/bottapackaging\/\",\"https:\/\/twitter.com\/botta_box\",\"https:\/\/www.instagram.com\/botta_box\/\",\"https:\/\/it.linkedin.com\/company\/botta-ecopackaging\",\"https:\/\/www.youtube.com\/channel\/UCLhT-tw_FsukJfrKi73c48Q\"]}]}<\/script>\n<!-- \/ Yoast SEO Premium plugin. -->","yoast_head_json":{"title":"BOTTA PACKAGING \u00bb eco-packaging solutions - Freezerbox","robots":{"index":"index","follow":"follow","max-snippet":"max-snippet:-1","max-image-preview":"max-image-preview:large","max-video-preview":"max-video-preview:-1"},"canonical":"https:\/\/www.botta.it\/prodotti\/freezer-box\/","og_locale":"de_DE","og_type":"article","og_title":"Freezerbox","og_description":"Effiziente Nutzung des Lagerraums. Mehr Versandoptionen \u2013 aufgrund der l\u00e4ngeren Haltbarkeit kann der Lieferbereich erweitert werden. Umweltfreundlich \u2013 aus nachwachsenden Rohstoffen hergestellt. Verringerung von Transportsch\u00e4den aufgrund hoher Stabilit\u00e4t der Verpackung. asserfeste Pappesorten und andere Barrierebeschichtungen verf\u00fcgbar. Standardabmessungen erh\u00e4ltlich. Herstellung und Lieferung auf Anfrage.","og_url":"https:\/\/www.botta.it\/prodotti\/freezer-box\/","og_site_name":"BOTTA PACKAGING \u00bb eco-packaging solutions","article_publisher":"https:\/\/www.facebook.com\/bottapackaging\/","article_modified_time":"2022-09-07T21:55:01+00:00","og_image":[{"width":1280,"height":720,"url":"https:\/\/www.botta.it\/wp-content\/uploads\/2018\/01\/Freezer-Box.webp","type":"image\/jpeg"}],"twitter_card":"summary_large_image","twitter_site":"@botta_box","schema":{"@context":"https:\/\/schema.org","@graph":[{"@type":"WebPage","@id":"https:\/\/www.botta.it\/prodotti\/freezer-box\/","url":"https:\/\/www.botta.it\/prodotti\/freezer-box\/","name":"BOTTA PACKAGING \u00bb eco-packaging solutions - Freezerbox","isPartOf":{"@id":"https:\/\/www.botta.it\/#website"},"datePublished":"2018-01-17T11:38:54+00:00","dateModified":"2022-09-07T21:55:01+00:00","breadcrumb":{"@id":"https:\/\/www.botta.it\/prodotti\/freezer-box\/#breadcrumb"},"inLanguage":"de","potentialAction":[{"@type":"ReadAction","target":["https:\/\/www.botta.it\/prodotti\/freezer-box\/"]}]},{"@type":"BreadcrumbList","@id":"https:\/\/www.botta.it\/prodotti\/freezer-box\/#breadcrumb","itemListElement":[{"@type":"ListItem","position":1,"name":"Home","item":"https:\/\/www.botta.it\/"},{"@type":"ListItem","position":2,"name":"Prodotti","item":"https:\/\/www.botta.it\/shop\/"},{"@type":"ListItem","position":3,"name":"PRODOTTI","item":"https:\/\/www.botta.it\/prodotti\/"},{"@type":"ListItem","position":4,"name":"Freezerbox"}]},{"@type":"WebSite","@id":"https:\/\/www.botta.it\/#website","url":"https:\/\/www.botta.it\/","name":"BOTTA PACKAGING \u00bb eco-packaging solutions","description":"\u00d6kologische verpackungsl\u00f6sungen, wellpappe liefert, kartons, umschl\u00e4ge, airbags.","publisher":{"@id":"https:\/\/www.botta.it\/#organization"},"potentialAction":[{"@type":"SearchAction","target":{"@type":"EntryPoint","urlTemplate":"https:\/\/www.botta.it\/?s={search_term_string}"},"query-input":"required name=search_term_string"}],"inLanguage":"de"},{"@type":"Organization","@id":"https:\/\/www.botta.it\/#organization","name":"BOTTA EcoPackaging","url":"https:\/\/www.botta.it\/","logo":{"@type":"ImageObject","inLanguage":"de","@id":"https:\/\/www.botta.it\/#\/schema\/logo\/image\/","url":"https:\/\/www.botta.it\/wp-content\/uploads\/2021\/12\/Logo-RGB.png","contentUrl":"https:\/\/www.botta.it\/wp-content\/uploads\/2021\/12\/Logo-RGB.png","width":1600,"height":1043,"caption":"BOTTA EcoPackaging"},"image":{"@id":"https:\/\/www.botta.it\/#\/schema\/logo\/image\/"},"sameAs":["https:\/\/www.facebook.com\/bottapackaging\/","https:\/\/twitter.com\/botta_box","https:\/\/www.instagram.com\/botta_box\/","https:\/\/it.linkedin.com\/company\/botta-ecopackaging","https:\/\/www.youtube.com\/channel\/UCLhT-tw_FsukJfrKi73c48Q"]}]}},"_links":{"self":[{"href":"https:\/\/www.botta.it\/de\/wp-json\/wp\/v2\/product\/5514"}],"collection":[{"href":"https:\/\/www.botta.it\/de\/wp-json\/wp\/v2\/product"}],"about":[{"href":"https:\/\/www.botta.it\/de\/wp-json\/wp\/v2\/types\/product"}],"version-history":[{"count":1,"href":"https:\/\/www.botta.it\/de\/wp-json\/wp\/v2\/product\/5514\/revisions"}],"predecessor-version":[{"id":17421,"href":"https:\/\/www.botta.it\/de\/wp-json\/wp\/v2\/product\/5514\/revisions\/17421"}],"wp:featuredmedia":[{"embeddable":true,"href":"https:\/\/www.botta.it\/de\/wp-json\/wp\/v2\/media\/5515"}],"wp:attachment":[{"href":"https:\/\/www.botta.it\/de\/wp-json\/wp\/v2\/media?parent=5514"}],"wp:term":[{"taxonomy":"product_cat","embeddable":true,"href":"https:\/\/www.botta.it\/de\/wp-json\/wp\/v2\/product_cat?post=5514"},{"taxonomy":"product_tag","embeddable":true,"href":"https:\/\/www.botta.it\/de\/wp-json\/wp\/v2\/product_tag?post=5514"}],"curies":[{"name":"wp","href":"https:\/\/api.w.org\/{rel}","templated":true}]}}