{"id":5162,"date":"2018-09-28T11:44:06","date_gmt":"2018-09-28T09:44:06","guid":{"rendered":"https:\/\/www.botta.it\/?post_type=product&#038;p=5162"},"modified":"2022-09-08T00:02:59","modified_gmt":"2022-09-07T22:02:59","slug":"offenend-papierhuelsen-zum-spinnen","status":"publish","type":"product","link":"https:\/\/www.botta.it\/de\/produkte\/offenend-papierhuelsen-zum-spinnen\/","title":{"rendered":"Offenend-Papierh\u00fclsen zum Spinnen"},"content":{"rendered":"<p>Offenend-Papierh\u00fclsen zum Spinnen:<\/p>\n<ul>\n<li>Pr\u00e4gung,\u00a0verf\u00fcgbar<\/li>\n<li>Au\u00dfenrand gefaltet<\/li>\n<li>gro\u00dfe\u00a0Farbenpalette und Texturen verf\u00fcgbar,<\/li>\n<li>Viele Druckoptionen (z. B. Logos, Texturen, Slogan etc. )<\/li>\n<li>Viele Farben und Texturen in der gleichen Reihenfolge erh\u00e4ltlich!<\/li>\n<li>Standardgr\u00f6\u00dfe<\/li>\n<\/ul>\n<p>&nbsp;<\/p>\n","protected":false},"excerpt":{"rendered":"<p>Offenend-Papierh\u00fclsen zum Spinnen: Pr\u00e4gung,\u00a0verf\u00fcgbar Au\u00dfenrand gefaltet gro\u00dfe\u00a0Farbenpalette und Texturen verf\u00fcgbar, Viele Druckoptionen (z. B. Logos, Texturen, Slogan etc. ) Viele Farben und Texturen in der gleichen Reihenfolge erh\u00e4ltlich! Standardgr\u00f6\u00dfe &nbsp;<\/p>\n","protected":false},"featured_media":5163,"template":"","meta":{"om_disable_all_campaigns":false,"_monsterinsights_skip_tracking":false,"_monsterinsights_sitenote_active":false,"_monsterinsights_sitenote_note":"","_monsterinsights_sitenote_category":0,"site-sidebar-layout":"default","site-content-layout":"default","ast-global-header-display":"","ast-banner-title-visibility":"","ast-main-header-display":"","ast-hfb-above-header-display":"","ast-hfb-below-header-display":"","ast-hfb-mobile-header-display":"","site-post-title":"","ast-breadcrumbs-content":"","ast-featured-img":"","footer-sml-layout":"","theme-transparent-header-meta":"default","adv-header-id-meta":"","stick-header-meta":"","header-above-stick-meta":"","header-main-stick-meta":"","header-below-stick-meta":""},"product_cat":[5304],"product_tag":[],"aioseo_notices":[],"yoast_head":"<!-- This site is optimized with the Yoast SEO Premium plugin v19.2.1 (Yoast SEO v21.9.1) - https:\/\/yoast.com\/wordpress\/plugins\/seo\/ -->\n<title>BOTTA PACKAGING \u00bb eco-verpackungsl\u00f6sungen - Offenend-Papierh\u00fclsen zum Spinnen<\/title>\n<meta name=\"robots\" content=\"index, follow, max-snippet:-1, max-image-preview:large, max-video-preview:-1\" \/>\n<link rel=\"canonical\" href=\"https:\/\/www.botta.it\/de\/produkte\/offenend-papierhuelsen-zum-spinnen\/\" \/>\n<meta property=\"og:locale\" content=\"de_DE\" \/>\n<meta property=\"og:type\" content=\"article\" \/>\n<meta property=\"og:title\" content=\"Offenend-Papierh\u00fclsen zum Spinnen\" \/>\n<meta property=\"og:description\" content=\"Offenend-Papierh\u00fclsen zum Spinnen: Pr\u00e4gung,\u00a0verf\u00fcgbar Au\u00dfenrand gefaltet gro\u00dfe\u00a0Farbenpalette und Texturen verf\u00fcgbar, Viele Druckoptionen (z. B. Logos, Texturen, Slogan etc. ) Viele Farben und Texturen in der gleichen Reihenfolge erh\u00e4ltlich! Standardgr\u00f6\u00dfe &nbsp;\" \/>\n<meta property=\"og:url\" content=\"https:\/\/www.botta.it\/de\/produkte\/offenend-papierhuelsen-zum-spinnen\/\" \/>\n<meta property=\"og:site_name\" content=\"BOTTA PACKAGING \u00bb eco-verpackungsl\u00f6sungen\" \/>\n<meta property=\"article:publisher\" content=\"https:\/\/www.facebook.com\/bottapackaging\/\" \/>\n<meta property=\"article:modified_time\" content=\"2022-09-07T22:02:59+00:00\" \/>\n<meta property=\"og:image\" content=\"https:\/\/www.botta.it\/wp-content\/uploads\/2018\/09\/Tubi_open-end_bordati_goffrati-1-e1538127813221.webp\" \/>\n\t<meta property=\"og:image:width\" content=\"600\" \/>\n\t<meta property=\"og:image:height\" content=\"258\" \/>\n\t<meta property=\"og:image:type\" content=\"image\/jpeg\" \/>\n<meta name=\"twitter:card\" content=\"summary_large_image\" \/>\n<meta name=\"twitter:site\" content=\"@botta_box\" \/>\n<script type=\"application\/ld+json\" class=\"yoast-schema-graph\">{\"@context\":\"https:\/\/schema.org\",\"@graph\":[{\"@type\":\"WebPage\",\"@id\":\"https:\/\/www.botta.it\/de\/produkte\/offenend-papierhuelsen-zum-spinnen\/\",\"url\":\"https:\/\/www.botta.it\/de\/produkte\/offenend-papierhuelsen-zum-spinnen\/\",\"name\":\"BOTTA PACKAGING \u00bb eco-verpackungsl\u00f6sungen - Offenend-Papierh\u00fclsen zum Spinnen\",\"isPartOf\":{\"@id\":\"https:\/\/www.botta.it\/#website\"},\"datePublished\":\"2018-09-28T09:44:06+00:00\",\"dateModified\":\"2022-09-07T22:02:59+00:00\",\"breadcrumb\":{\"@id\":\"https:\/\/www.botta.it\/de\/produkte\/offenend-papierhuelsen-zum-spinnen\/#breadcrumb\"},\"inLanguage\":\"de\",\"potentialAction\":[{\"@type\":\"ReadAction\",\"target\":[\"https:\/\/www.botta.it\/de\/produkte\/offenend-papierhuelsen-zum-spinnen\/\"]}]},{\"@type\":\"BreadcrumbList\",\"@id\":\"https:\/\/www.botta.it\/de\/produkte\/offenend-papierhuelsen-zum-spinnen\/#breadcrumb\",\"itemListElement\":[{\"@type\":\"ListItem\",\"position\":1,\"name\":\"Home\",\"item\":\"https:\/\/www.botta.it\/\"},{\"@type\":\"ListItem\",\"position\":2,\"name\":\"Prodotti\",\"item\":\"https:\/\/www.botta.it\/shop\/\"},{\"@type\":\"ListItem\",\"position\":3,\"name\":\"PRODUKTE\",\"item\":\"https:\/\/www.botta.it\/de\/produkte\/\"},{\"@type\":\"ListItem\",\"position\":4,\"name\":\"Offenend-Papierh\u00fclsen zum Spinnen\"}]},{\"@type\":\"WebSite\",\"@id\":\"https:\/\/www.botta.it\/#website\",\"url\":\"https:\/\/www.botta.it\/\",\"name\":\"BOTTA PACKAGING \u00bb eco-verpackungsl\u00f6sungen\",\"description\":\"\u00d6kologische verpackungsl\u00f6sungen, wellpappe liefert, kartons, umschl\u00e4ge, airbags.\",\"publisher\":{\"@id\":\"https:\/\/www.botta.it\/#organization\"},\"potentialAction\":[{\"@type\":\"SearchAction\",\"target\":{\"@type\":\"EntryPoint\",\"urlTemplate\":\"https:\/\/www.botta.it\/?s={search_term_string}\"},\"query-input\":\"required name=search_term_string\"}],\"inLanguage\":\"de\"},{\"@type\":\"Organization\",\"@id\":\"https:\/\/www.botta.it\/#organization\",\"name\":\"BOTTA EcoPackaging\",\"url\":\"https:\/\/www.botta.it\/\",\"logo\":{\"@type\":\"ImageObject\",\"inLanguage\":\"de\",\"@id\":\"https:\/\/www.botta.it\/#\/schema\/logo\/image\/\",\"url\":\"https:\/\/www.botta.it\/wp-content\/uploads\/2021\/12\/Logo-RGB.png\",\"contentUrl\":\"https:\/\/www.botta.it\/wp-content\/uploads\/2021\/12\/Logo-RGB.png\",\"width\":1600,\"height\":1043,\"caption\":\"BOTTA EcoPackaging\"},\"image\":{\"@id\":\"https:\/\/www.botta.it\/#\/schema\/logo\/image\/\"},\"sameAs\":[\"https:\/\/www.facebook.com\/bottapackaging\/\",\"https:\/\/twitter.com\/botta_box\",\"https:\/\/www.instagram.com\/botta_box\/\",\"https:\/\/it.linkedin.com\/company\/botta-ecopackaging\",\"https:\/\/www.youtube.com\/channel\/UCLhT-tw_FsukJfrKi73c48Q\"]}]}<\/script>\n<!-- \/ Yoast SEO Premium plugin. -->","yoast_head_json":{"title":"BOTTA PACKAGING \u00bb eco-verpackungsl\u00f6sungen - Offenend-Papierh\u00fclsen zum Spinnen","robots":{"index":"index","follow":"follow","max-snippet":"max-snippet:-1","max-image-preview":"max-image-preview:large","max-video-preview":"max-video-preview:-1"},"canonical":"https:\/\/www.botta.it\/de\/produkte\/offenend-papierhuelsen-zum-spinnen\/","og_locale":"de_DE","og_type":"article","og_title":"Offenend-Papierh\u00fclsen zum Spinnen","og_description":"Offenend-Papierh\u00fclsen zum Spinnen: Pr\u00e4gung,\u00a0verf\u00fcgbar Au\u00dfenrand gefaltet gro\u00dfe\u00a0Farbenpalette und Texturen verf\u00fcgbar, Viele Druckoptionen (z. B. Logos, Texturen, Slogan etc. ) Viele Farben und Texturen in der gleichen Reihenfolge erh\u00e4ltlich! Standardgr\u00f6\u00dfe &nbsp;","og_url":"https:\/\/www.botta.it\/de\/produkte\/offenend-papierhuelsen-zum-spinnen\/","og_site_name":"BOTTA PACKAGING \u00bb eco-verpackungsl\u00f6sungen","article_publisher":"https:\/\/www.facebook.com\/bottapackaging\/","article_modified_time":"2022-09-07T22:02:59+00:00","og_image":[{"width":600,"height":258,"url":"https:\/\/www.botta.it\/wp-content\/uploads\/2018\/09\/Tubi_open-end_bordati_goffrati-1-e1538127813221.webp","type":"image\/jpeg"}],"twitter_card":"summary_large_image","twitter_site":"@botta_box","schema":{"@context":"https:\/\/schema.org","@graph":[{"@type":"WebPage","@id":"https:\/\/www.botta.it\/de\/produkte\/offenend-papierhuelsen-zum-spinnen\/","url":"https:\/\/www.botta.it\/de\/produkte\/offenend-papierhuelsen-zum-spinnen\/","name":"BOTTA PACKAGING \u00bb eco-verpackungsl\u00f6sungen - Offenend-Papierh\u00fclsen zum Spinnen","isPartOf":{"@id":"https:\/\/www.botta.it\/#website"},"datePublished":"2018-09-28T09:44:06+00:00","dateModified":"2022-09-07T22:02:59+00:00","breadcrumb":{"@id":"https:\/\/www.botta.it\/de\/produkte\/offenend-papierhuelsen-zum-spinnen\/#breadcrumb"},"inLanguage":"de","potentialAction":[{"@type":"ReadAction","target":["https:\/\/www.botta.it\/de\/produkte\/offenend-papierhuelsen-zum-spinnen\/"]}]},{"@type":"BreadcrumbList","@id":"https:\/\/www.botta.it\/de\/produkte\/offenend-papierhuelsen-zum-spinnen\/#breadcrumb","itemListElement":[{"@type":"ListItem","position":1,"name":"Home","item":"https:\/\/www.botta.it\/"},{"@type":"ListItem","position":2,"name":"Prodotti","item":"https:\/\/www.botta.it\/shop\/"},{"@type":"ListItem","position":3,"name":"PRODUKTE","item":"https:\/\/www.botta.it\/de\/produkte\/"},{"@type":"ListItem","position":4,"name":"Offenend-Papierh\u00fclsen zum Spinnen"}]},{"@type":"WebSite","@id":"https:\/\/www.botta.it\/#website","url":"https:\/\/www.botta.it\/","name":"BOTTA PACKAGING \u00bb eco-verpackungsl\u00f6sungen","description":"\u00d6kologische verpackungsl\u00f6sungen, wellpappe liefert, kartons, umschl\u00e4ge, airbags.","publisher":{"@id":"https:\/\/www.botta.it\/#organization"},"potentialAction":[{"@type":"SearchAction","target":{"@type":"EntryPoint","urlTemplate":"https:\/\/www.botta.it\/?s={search_term_string}"},"query-input":"required name=search_term_string"}],"inLanguage":"de"},{"@type":"Organization","@id":"https:\/\/www.botta.it\/#organization","name":"BOTTA EcoPackaging","url":"https:\/\/www.botta.it\/","logo":{"@type":"ImageObject","inLanguage":"de","@id":"https:\/\/www.botta.it\/#\/schema\/logo\/image\/","url":"https:\/\/www.botta.it\/wp-content\/uploads\/2021\/12\/Logo-RGB.png","contentUrl":"https:\/\/www.botta.it\/wp-content\/uploads\/2021\/12\/Logo-RGB.png","width":1600,"height":1043,"caption":"BOTTA EcoPackaging"},"image":{"@id":"https:\/\/www.botta.it\/#\/schema\/logo\/image\/"},"sameAs":["https:\/\/www.facebook.com\/bottapackaging\/","https:\/\/twitter.com\/botta_box","https:\/\/www.instagram.com\/botta_box\/","https:\/\/it.linkedin.com\/company\/botta-ecopackaging","https:\/\/www.youtube.com\/channel\/UCLhT-tw_FsukJfrKi73c48Q"]}]}},"_links":{"self":[{"href":"https:\/\/www.botta.it\/de\/wp-json\/wp\/v2\/product\/5162"}],"collection":[{"href":"https:\/\/www.botta.it\/de\/wp-json\/wp\/v2\/product"}],"about":[{"href":"https:\/\/www.botta.it\/de\/wp-json\/wp\/v2\/types\/product"}],"version-history":[{"count":1,"href":"https:\/\/www.botta.it\/de\/wp-json\/wp\/v2\/product\/5162\/revisions"}],"predecessor-version":[{"id":17426,"href":"https:\/\/www.botta.it\/de\/wp-json\/wp\/v2\/product\/5162\/revisions\/17426"}],"wp:featuredmedia":[{"embeddable":true,"href":"https:\/\/www.botta.it\/de\/wp-json\/wp\/v2\/media\/5163"}],"wp:attachment":[{"href":"https:\/\/www.botta.it\/de\/wp-json\/wp\/v2\/media?parent=5162"}],"wp:term":[{"taxonomy":"product_cat","embeddable":true,"href":"https:\/\/www.botta.it\/de\/wp-json\/wp\/v2\/product_cat?post=5162"},{"taxonomy":"product_tag","embeddable":true,"href":"https:\/\/www.botta.it\/de\/wp-json\/wp\/v2\/product_tag?post=5162"}],"curies":[{"name":"wp","href":"https:\/\/api.w.org\/{rel}","templated":true}]}}