{"id":29271,"date":"2025-12-10T16:13:26","date_gmt":"2025-12-10T15:13:26","guid":{"rendered":"https:\/\/www.botta.it\/?post_type=product&#038;p=29271"},"modified":"2025-12-19T09:42:02","modified_gmt":"2025-12-19T08:42:02","slug":"eco-spring-filler-zig-zag","status":"publish","type":"product","link":"https:\/\/www.botta.it\/de\/produkte\/eco-produkte\/eco-inner-packaging-de\/eco-filler-de\/eco-spring-filler-zig-zag\/","title":{"rendered":"Eco-Spring Filler Zig Zag"},"content":{"rendered":"<p data-start=\"8249\" data-end=\"8545\">Eco-Spring Filler Zig Zag ist ein nat\u00fcrlicher Holzf\u00fcllstoff zur Produktsicherung, Volumenf\u00fcllung und f\u00fcr ein hochwertiges Unboxing. Das ultrad\u00fcnne spiralisierte Holz passt sich jeder Form an und bietet hervorragende Sto\u00dfd\u00e4mpfung f\u00fcr Kosmetik, Parf\u00fcm, Glaswaren, Keramik, Schmuck und Luxusartikel.<\/p>\n<p data-start=\"8547\" data-end=\"8815\">Der Herstellungsprozess verwendet nur ein Rohmaterial (Birke\/Alder), keine Chemikalien und erzeugt bis zu <strong data-start=\"8653\" data-end=\"8695\">15\u201320\u00d7 mehr Volumen pro kg Rohmaterial<\/strong> als herk\u00f6mmliche F\u00fcllstoffe aus Papier oder Kunststoff. Vollst\u00e4ndig kompostierbar, wiederverwendbar und kreislauff\u00e4hig.<\/p>\n","protected":false},"excerpt":{"rendered":"<p data-start=\"7484\" data-end=\"7698\"><em><strong>Nat\u00fcrliches Holzkissenmaterial \u2013 Premium, plastikfreier F\u00fcllstoff f\u00fcr Verpackung, E-Commerce, Geschenke und empfindliche Produkte. 100% Holz, kompostierbar, wiederverwendbar und FSC-zertifiziert.<\/strong><\/em><\/p>\n<h3 data-start=\"7700\" data-end=\"7721\"><strong data-start=\"7704\" data-end=\"7721\">HAUPTMERKMALE<\/strong><\/h3>\n<ul>\n<li data-start=\"7725\" data-end=\"7776\">100% nat\u00fcrlicher Holzf\u00fcllstoff (ohne Chemikalien)<\/li>\n<li data-start=\"7779\" data-end=\"7825\">FSC\u00ae-zertifizierte Rohmaterialien<\/li>\n<li data-start=\"7828\" data-end=\"7868\">Komplett plastikfrei und kompostierbar<\/li>\n<li data-start=\"7871\" data-end=\"7917\">Hervorragende Sto\u00dfd\u00e4mpfung und Produktschutz<\/li>\n<li data-start=\"7920\" data-end=\"7967\">Leichter Volumenf\u00fcller f\u00fcr Kartons und Pakete<\/li>\n<li data-start=\"7970\" data-end=\"8020\">Ideal f\u00fcr empfindliche oder hochwertige Produkte<\/li>\n<li data-start=\"8023\" data-end=\"8070\">Verbessert das Unboxing und die Markenwirkung<\/li>\n<li data-start=\"8073\" data-end=\"8100\">Mehrfach wiederverwendbar<\/li>\n<li data-start=\"8103\" data-end=\"8163\">In gro\u00dfen Mengen f\u00fcr Industrie oder Einzelhandel verf\u00fcgbar<\/li>\n<li data-start=\"8166\" data-end=\"8218\">Kompatibel mit Logistik, Geschenken und E-Commerce<\/li>\n<\/ul>\n","protected":false},"featured_media":29259,"template":"","meta":{"om_disable_all_campaigns":false,"_monsterinsights_skip_tracking":false,"_monsterinsights_sitenote_active":false,"_monsterinsights_sitenote_note":"","_monsterinsights_sitenote_category":0,"site-sidebar-layout":"default","site-content-layout":"default","ast-global-header-display":"","ast-banner-title-visibility":"","ast-main-header-display":"","ast-hfb-above-header-display":"","ast-hfb-below-header-display":"","ast-hfb-mobile-header-display":"","site-post-title":"","ast-breadcrumbs-content":"","ast-featured-img":"","footer-sml-layout":"","theme-transparent-header-meta":"default","adv-header-id-meta":"","stick-header-meta":"","header-above-stick-meta":"","header-main-stick-meta":"","header-below-stick-meta":""},"product_cat":[5319],"product_tag":[5419,5421,5416,5413,5414,5418,5415,5422,5417,5420],"aioseo_notices":[],"yoast_head":"<!-- This site is optimized with the Yoast SEO Premium plugin v19.2.1 (Yoast SEO v21.9.1) - https:\/\/yoast.com\/wordpress\/plugins\/seo\/ -->\n<title>Eco-Spring Filler Zig Zag - BOTTA EcoPackaging<\/title>\n<meta name=\"description\" content=\"Eco-Spring Filler Zig Zag ist ein 100% nat\u00fcrlicher Holzf\u00fcllstoff mit hervorragender Sto\u00dfd\u00e4mpfung f\u00fcr empfindliche und hochwertige Produkte.\" \/>\n<meta name=\"robots\" content=\"index, follow, max-snippet:-1, max-image-preview:large, max-video-preview:-1\" \/>\n<link rel=\"canonical\" href=\"https:\/\/www.botta.it\/de\/produkte\/eco-produkte\/eco-inner-packaging-de\/eco-filler-de\/eco-spring-filler-zig-zag\/\" \/>\n<meta property=\"og:locale\" content=\"de_DE\" \/>\n<meta property=\"og:type\" content=\"article\" \/>\n<meta property=\"og:title\" content=\"Eco-Spring Filler Zig Zag\" \/>\n<meta property=\"og:description\" content=\"Eco-Spring Filler Zig Zag ist ein 100% nat\u00fcrlicher Holzf\u00fcllstoff mit hervorragender Sto\u00dfd\u00e4mpfung f\u00fcr empfindliche und hochwertige Produkte.\" \/>\n<meta property=\"og:url\" content=\"https:\/\/www.botta.it\/de\/produkte\/eco-produkte\/eco-inner-packaging-de\/eco-filler-de\/eco-spring-filler-zig-zag\/\" \/>\n<meta property=\"og:site_name\" content=\"BOTTA PACKAGING \u00bb eco-packaging solutions\" \/>\n<meta property=\"article:publisher\" content=\"https:\/\/www.facebook.com\/bottapackaging\/\" \/>\n<meta property=\"article:modified_time\" content=\"2025-12-19T08:42:02+00:00\" \/>\n<meta property=\"og:image\" content=\"https:\/\/www.botta.it\/wp-content\/uploads\/2025\/12\/1.jpg\" \/>\n\t<meta property=\"og:image:width\" content=\"2380\" \/>\n\t<meta property=\"og:image:height\" content=\"2380\" \/>\n\t<meta property=\"og:image:type\" content=\"image\/jpeg\" \/>\n<meta name=\"twitter:card\" content=\"summary_large_image\" \/>\n<meta name=\"twitter:site\" content=\"@botta_box\" \/>\n<script type=\"application\/ld+json\" class=\"yoast-schema-graph\">{\"@context\":\"https:\/\/schema.org\",\"@graph\":[{\"@type\":\"WebPage\",\"@id\":\"https:\/\/www.botta.it\/de\/produkte\/eco-produkte\/eco-inner-packaging-de\/eco-filler-de\/eco-spring-filler-zig-zag\/\",\"url\":\"https:\/\/www.botta.it\/de\/produkte\/eco-produkte\/eco-inner-packaging-de\/eco-filler-de\/eco-spring-filler-zig-zag\/\",\"name\":\"Eco-Spring Filler Zig Zag - BOTTA EcoPackaging\",\"isPartOf\":{\"@id\":\"https:\/\/www.botta.it\/#website\"},\"datePublished\":\"2025-12-10T15:13:26+00:00\",\"dateModified\":\"2025-12-19T08:42:02+00:00\",\"description\":\"Eco-Spring Filler Zig Zag ist ein 100% nat\u00fcrlicher Holzf\u00fcllstoff mit hervorragender Sto\u00dfd\u00e4mpfung f\u00fcr empfindliche und hochwertige Produkte.\",\"breadcrumb\":{\"@id\":\"https:\/\/www.botta.it\/de\/produkte\/eco-produkte\/eco-inner-packaging-de\/eco-filler-de\/eco-spring-filler-zig-zag\/#breadcrumb\"},\"inLanguage\":\"de\",\"potentialAction\":[{\"@type\":\"ReadAction\",\"target\":[\"https:\/\/www.botta.it\/de\/produkte\/eco-produkte\/eco-inner-packaging-de\/eco-filler-de\/eco-spring-filler-zig-zag\/\"]}]},{\"@type\":\"BreadcrumbList\",\"@id\":\"https:\/\/www.botta.it\/de\/produkte\/eco-produkte\/eco-inner-packaging-de\/eco-filler-de\/eco-spring-filler-zig-zag\/#breadcrumb\",\"itemListElement\":[{\"@type\":\"ListItem\",\"position\":1,\"name\":\"Home\",\"item\":\"https:\/\/www.botta.it\/\"},{\"@type\":\"ListItem\",\"position\":2,\"name\":\"Prodotti\",\"item\":\"https:\/\/www.botta.it\/shop\/\"},{\"@type\":\"ListItem\",\"position\":3,\"name\":\"ECO-PRODUKTE\",\"item\":\"https:\/\/www.botta.it\/de\/eco-produkte\/\"},{\"@type\":\"ListItem\",\"position\":4,\"name\":\"ECO-INNER PACKAGING\",\"item\":\"https:\/\/www.botta.it\/de\/eco-produkte\/eco-inner-packaging\/\"},{\"@type\":\"ListItem\",\"position\":5,\"name\":\"ECO-FILLER\",\"item\":\"https:\/\/www.botta.it\/de\/eco-produkte\/eco-inner-packaging\/eco-filler\/\"},{\"@type\":\"ListItem\",\"position\":6,\"name\":\"Eco-Spring Filler Zig Zag\"}]},{\"@type\":\"WebSite\",\"@id\":\"https:\/\/www.botta.it\/#website\",\"url\":\"https:\/\/www.botta.it\/\",\"name\":\"BOTTA PACKAGING \u00bb eco-packaging solutions\",\"description\":\"\u00d6kologische verpackungsl\u00f6sungen, wellpappe liefert, kartons, umschl\u00e4ge, airbags.\",\"publisher\":{\"@id\":\"https:\/\/www.botta.it\/#organization\"},\"potentialAction\":[{\"@type\":\"SearchAction\",\"target\":{\"@type\":\"EntryPoint\",\"urlTemplate\":\"https:\/\/www.botta.it\/?s={search_term_string}\"},\"query-input\":\"required name=search_term_string\"}],\"inLanguage\":\"de\"},{\"@type\":\"Organization\",\"@id\":\"https:\/\/www.botta.it\/#organization\",\"name\":\"BOTTA EcoPackaging\",\"url\":\"https:\/\/www.botta.it\/\",\"logo\":{\"@type\":\"ImageObject\",\"inLanguage\":\"de\",\"@id\":\"https:\/\/www.botta.it\/#\/schema\/logo\/image\/\",\"url\":\"https:\/\/www.botta.it\/wp-content\/uploads\/2021\/12\/Logo-RGB.png\",\"contentUrl\":\"https:\/\/www.botta.it\/wp-content\/uploads\/2021\/12\/Logo-RGB.png\",\"width\":1600,\"height\":1043,\"caption\":\"BOTTA EcoPackaging\"},\"image\":{\"@id\":\"https:\/\/www.botta.it\/#\/schema\/logo\/image\/\"},\"sameAs\":[\"https:\/\/www.facebook.com\/bottapackaging\/\",\"https:\/\/twitter.com\/botta_box\",\"https:\/\/www.instagram.com\/botta_box\/\",\"https:\/\/it.linkedin.com\/company\/botta-ecopackaging\",\"https:\/\/www.youtube.com\/channel\/UCLhT-tw_FsukJfrKi73c48Q\"]}]}<\/script>\n<!-- \/ Yoast SEO Premium plugin. -->","yoast_head_json":{"title":"Eco-Spring Filler Zig Zag - BOTTA EcoPackaging","description":"Eco-Spring Filler Zig Zag ist ein 100% nat\u00fcrlicher Holzf\u00fcllstoff mit hervorragender Sto\u00dfd\u00e4mpfung f\u00fcr empfindliche und hochwertige Produkte.","robots":{"index":"index","follow":"follow","max-snippet":"max-snippet:-1","max-image-preview":"max-image-preview:large","max-video-preview":"max-video-preview:-1"},"canonical":"https:\/\/www.botta.it\/de\/produkte\/eco-produkte\/eco-inner-packaging-de\/eco-filler-de\/eco-spring-filler-zig-zag\/","og_locale":"de_DE","og_type":"article","og_title":"Eco-Spring Filler Zig Zag","og_description":"Eco-Spring Filler Zig Zag ist ein 100% nat\u00fcrlicher Holzf\u00fcllstoff mit hervorragender Sto\u00dfd\u00e4mpfung f\u00fcr empfindliche und hochwertige Produkte.","og_url":"https:\/\/www.botta.it\/de\/produkte\/eco-produkte\/eco-inner-packaging-de\/eco-filler-de\/eco-spring-filler-zig-zag\/","og_site_name":"BOTTA PACKAGING \u00bb eco-packaging solutions","article_publisher":"https:\/\/www.facebook.com\/bottapackaging\/","article_modified_time":"2025-12-19T08:42:02+00:00","og_image":[{"width":2380,"height":2380,"url":"https:\/\/www.botta.it\/wp-content\/uploads\/2025\/12\/1.jpg","type":"image\/jpeg"}],"twitter_card":"summary_large_image","twitter_site":"@botta_box","schema":{"@context":"https:\/\/schema.org","@graph":[{"@type":"WebPage","@id":"https:\/\/www.botta.it\/de\/produkte\/eco-produkte\/eco-inner-packaging-de\/eco-filler-de\/eco-spring-filler-zig-zag\/","url":"https:\/\/www.botta.it\/de\/produkte\/eco-produkte\/eco-inner-packaging-de\/eco-filler-de\/eco-spring-filler-zig-zag\/","name":"Eco-Spring Filler Zig Zag - BOTTA EcoPackaging","isPartOf":{"@id":"https:\/\/www.botta.it\/#website"},"datePublished":"2025-12-10T15:13:26+00:00","dateModified":"2025-12-19T08:42:02+00:00","description":"Eco-Spring Filler Zig Zag ist ein 100% nat\u00fcrlicher Holzf\u00fcllstoff mit hervorragender Sto\u00dfd\u00e4mpfung f\u00fcr empfindliche und hochwertige Produkte.","breadcrumb":{"@id":"https:\/\/www.botta.it\/de\/produkte\/eco-produkte\/eco-inner-packaging-de\/eco-filler-de\/eco-spring-filler-zig-zag\/#breadcrumb"},"inLanguage":"de","potentialAction":[{"@type":"ReadAction","target":["https:\/\/www.botta.it\/de\/produkte\/eco-produkte\/eco-inner-packaging-de\/eco-filler-de\/eco-spring-filler-zig-zag\/"]}]},{"@type":"BreadcrumbList","@id":"https:\/\/www.botta.it\/de\/produkte\/eco-produkte\/eco-inner-packaging-de\/eco-filler-de\/eco-spring-filler-zig-zag\/#breadcrumb","itemListElement":[{"@type":"ListItem","position":1,"name":"Home","item":"https:\/\/www.botta.it\/"},{"@type":"ListItem","position":2,"name":"Prodotti","item":"https:\/\/www.botta.it\/shop\/"},{"@type":"ListItem","position":3,"name":"ECO-PRODUKTE","item":"https:\/\/www.botta.it\/de\/eco-produkte\/"},{"@type":"ListItem","position":4,"name":"ECO-INNER PACKAGING","item":"https:\/\/www.botta.it\/de\/eco-produkte\/eco-inner-packaging\/"},{"@type":"ListItem","position":5,"name":"ECO-FILLER","item":"https:\/\/www.botta.it\/de\/eco-produkte\/eco-inner-packaging\/eco-filler\/"},{"@type":"ListItem","position":6,"name":"Eco-Spring Filler Zig Zag"}]},{"@type":"WebSite","@id":"https:\/\/www.botta.it\/#website","url":"https:\/\/www.botta.it\/","name":"BOTTA PACKAGING \u00bb eco-packaging solutions","description":"\u00d6kologische verpackungsl\u00f6sungen, wellpappe liefert, kartons, umschl\u00e4ge, airbags.","publisher":{"@id":"https:\/\/www.botta.it\/#organization"},"potentialAction":[{"@type":"SearchAction","target":{"@type":"EntryPoint","urlTemplate":"https:\/\/www.botta.it\/?s={search_term_string}"},"query-input":"required name=search_term_string"}],"inLanguage":"de"},{"@type":"Organization","@id":"https:\/\/www.botta.it\/#organization","name":"BOTTA EcoPackaging","url":"https:\/\/www.botta.it\/","logo":{"@type":"ImageObject","inLanguage":"de","@id":"https:\/\/www.botta.it\/#\/schema\/logo\/image\/","url":"https:\/\/www.botta.it\/wp-content\/uploads\/2021\/12\/Logo-RGB.png","contentUrl":"https:\/\/www.botta.it\/wp-content\/uploads\/2021\/12\/Logo-RGB.png","width":1600,"height":1043,"caption":"BOTTA EcoPackaging"},"image":{"@id":"https:\/\/www.botta.it\/#\/schema\/logo\/image\/"},"sameAs":["https:\/\/www.facebook.com\/bottapackaging\/","https:\/\/twitter.com\/botta_box","https:\/\/www.instagram.com\/botta_box\/","https:\/\/it.linkedin.com\/company\/botta-ecopackaging","https:\/\/www.youtube.com\/channel\/UCLhT-tw_FsukJfrKi73c48Q"]}]}},"_links":{"self":[{"href":"https:\/\/www.botta.it\/de\/wp-json\/wp\/v2\/product\/29271"}],"collection":[{"href":"https:\/\/www.botta.it\/de\/wp-json\/wp\/v2\/product"}],"about":[{"href":"https:\/\/www.botta.it\/de\/wp-json\/wp\/v2\/types\/product"}],"version-history":[{"count":3,"href":"https:\/\/www.botta.it\/de\/wp-json\/wp\/v2\/product\/29271\/revisions"}],"predecessor-version":[{"id":29378,"href":"https:\/\/www.botta.it\/de\/wp-json\/wp\/v2\/product\/29271\/revisions\/29378"}],"wp:featuredmedia":[{"embeddable":true,"href":"https:\/\/www.botta.it\/de\/wp-json\/wp\/v2\/media\/29259"}],"wp:attachment":[{"href":"https:\/\/www.botta.it\/de\/wp-json\/wp\/v2\/media?parent=29271"}],"wp:term":[{"taxonomy":"product_cat","embeddable":true,"href":"https:\/\/www.botta.it\/de\/wp-json\/wp\/v2\/product_cat?post=29271"},{"taxonomy":"product_tag","embeddable":true,"href":"https:\/\/www.botta.it\/de\/wp-json\/wp\/v2\/product_tag?post=29271"}],"curies":[{"name":"wp","href":"https:\/\/api.w.org\/{rel}","templated":true}]}}