{"id":28048,"date":"2025-09-11T17:54:32","date_gmt":"2025-09-11T15:54:32","guid":{"rendered":"https:\/\/www.botta.it\/?post_type=product&#038;p=28048"},"modified":"2025-09-11T17:54:35","modified_gmt":"2025-09-11T15:54:35","slug":"expandos-eco-triangle-paper-filler","status":"publish","type":"product","link":"https:\/\/www.botta.it\/de\/produkte\/eco-produkte\/eco-inner-packaging-de\/eco-filler-de\/expandos-eco-triangle-paper-filler\/","title":{"rendered":"ExpandOS &#8211; ECO-TRIANGLE PAPER FILLER"},"content":{"rendered":"<p><strong>ExpandOS<\/strong> &#8211; Eco-Triangle Paper Filler ist eine nachhaltige und effiziente Alternative zu herk\u00f6mmlichen Kunststofff\u00fcllstoffen. Entwickelt f\u00fcr moderne Unternehmen, die Kosten senken und gleichzeitig ihre Umweltbilanz verbessern wollen, kombiniert dieses innovative F\u00fcllmaterial Umweltfreundlichkeit, Schutz und Leistung in einer L\u00f6sung.<\/p>\n<p>Hergestellt aus recycelbarem und kompostierbarem Papier, dehnt sich das F\u00fcllmaterial von flach verpackten B\u00f6gen zu einer stabilen Polsterung aus, die Produkte w\u00e4hrend des Transports sch\u00fctzt. Durch seine leichte Struktur spart es nicht nur Lagerfl\u00e4che, sondern reduziert auch Frachtkosten.<\/p>\n<p>F\u00fcr Unternehmen mit hohem Verpackungsvolumen l\u00e4sst sich<strong> ExpandOS<\/strong> &#8211; Eco-Triangle Paper Filler nahtlos in unsere automatische Oberbef\u00fcllungsmaschine integrieren und bietet konstante, abfallarme und zeitsparende Leistung. Dar\u00fcber hinaus sind Branding-Optionen verf\u00fcgbar, mit denen Ihr Unternehmen jeder Sendung einen professionellen und umweltbewussten Auftritt verleihen kann.<\/p>\n","protected":false},"excerpt":{"rendered":"<p><em><strong>Platz optimieren, Kosten senken und Produkte sch\u00fctzen mit umweltfreundlichen Papierf\u00fcllstoffen<\/strong><\/em><\/p>\n<ul>\n<li><strong>Umweltfreundliches Material:<\/strong> 100% recycelbar und kompostierbar, hergestellt aus Frischfaser (mit bis zu 10% Recyclinganteil) oder 100% Recyclingpapier.<\/li>\n<li><strong>Hoher Schutz:<\/strong> Die einzigartige Dreiecksstruktur bietet zuverl\u00e4ssige Polsterung f\u00fcr zerbrechliche, leichte und robuste Artikel.<\/li>\n<li><strong>Leicht &amp; platzsparend:<\/strong> Wird flach verpackt geliefert und dehnt sich im Verh\u00e4ltnis 25:1 aus \u2013 f\u00fcr effiziente Lagerung und maximale Hohlraumf\u00fcllung.<\/li>\n<li><strong>Kosteneffizient:<\/strong> Verringert den Einsatz teurer Kunststofff\u00fcllstoffe und reduziert Transportkosten dank des geringen Gewichts.<\/li>\n<li><strong>Automatisierungsf\u00e4hig:<\/strong> Kompatibel mit der automatischen Oberbef\u00fcllungsmaschine Eco-Triangle f\u00fcr schnelleres Verpacken und weniger Abfall.<\/li>\n<li><strong>Individuelles Branding:<\/strong> M\u00f6glichkeit, Firmenlogos oder Botschaften hinzuzuf\u00fcgen \u2013 f\u00fcr eine professionelle und nachhaltige Markenpr\u00e4senz.<\/li>\n<\/ul>\n","protected":false},"featured_media":28039,"template":"","meta":{"om_disable_all_campaigns":false,"_monsterinsights_skip_tracking":false,"_monsterinsights_sitenote_active":false,"_monsterinsights_sitenote_note":"","_monsterinsights_sitenote_category":0,"site-sidebar-layout":"default","site-content-layout":"default","ast-global-header-display":"","ast-banner-title-visibility":"","ast-main-header-display":"","ast-hfb-above-header-display":"","ast-hfb-below-header-display":"","ast-hfb-mobile-header-display":"","site-post-title":"","ast-breadcrumbs-content":"","ast-featured-img":"","footer-sml-layout":"","theme-transparent-header-meta":"default","adv-header-id-meta":"","stick-header-meta":"","header-above-stick-meta":"","header-main-stick-meta":"","header-below-stick-meta":""},"product_cat":[5319],"product_tag":[],"aioseo_notices":[],"yoast_head":"<!-- This site is optimized with the Yoast SEO Premium plugin v19.2.1 (Yoast SEO v21.9.1) - https:\/\/yoast.com\/wordpress\/plugins\/seo\/ -->\n<title>BOTTA PACKAGING \u00bb eco-packaging solutions - ExpandOS - ECO-TRIANGLE PAPER FILLER<\/title>\n<meta name=\"description\" content=\"ExpandOS Eco-Triangle Paper Filler ist eine nachhaltige, recycelbare und kompostierbare Verpackungsl\u00f6sung, die Platz spart, Kosten reduziert und Produkte mit stabiler Papierpolsterung sch\u00fctzt.\" \/>\n<meta name=\"robots\" content=\"index, follow, max-snippet:-1, max-image-preview:large, max-video-preview:-1\" \/>\n<link rel=\"canonical\" href=\"https:\/\/www.botta.it\/de\/produkte\/eco-produkte\/eco-inner-packaging-de\/eco-filler-de\/expandos-eco-triangle-paper-filler\/\" \/>\n<meta property=\"og:locale\" content=\"de_DE\" \/>\n<meta property=\"og:type\" content=\"article\" \/>\n<meta property=\"og:title\" content=\"ExpandOS - ECO-TRIANGLE PAPER FILLER\" \/>\n<meta property=\"og:description\" content=\"ExpandOS Eco-Triangle Paper Filler ist eine nachhaltige, recycelbare und kompostierbare Verpackungsl\u00f6sung, die Platz spart, Kosten reduziert und Produkte mit stabiler Papierpolsterung sch\u00fctzt.\" \/>\n<meta property=\"og:url\" content=\"https:\/\/www.botta.it\/de\/produkte\/eco-produkte\/eco-inner-packaging-de\/eco-filler-de\/expandos-eco-triangle-paper-filler\/\" \/>\n<meta property=\"og:site_name\" content=\"BOTTA PACKAGING \u00bb eco-packaging solutions\" \/>\n<meta property=\"article:publisher\" content=\"https:\/\/www.facebook.com\/bottapackaging\/\" \/>\n<meta property=\"article:modified_time\" content=\"2025-09-11T15:54:35+00:00\" \/>\n<meta property=\"og:image\" content=\"https:\/\/www.botta.it\/wp-content\/uploads\/2025\/09\/Expandos-BOTTA-EcoPackaging.png\" \/>\n\t<meta property=\"og:image:width\" content=\"2380\" \/>\n\t<meta property=\"og:image:height\" content=\"2380\" \/>\n\t<meta property=\"og:image:type\" content=\"image\/png\" \/>\n<meta name=\"twitter:card\" content=\"summary_large_image\" \/>\n<meta name=\"twitter:site\" content=\"@botta_box\" \/>\n<script type=\"application\/ld+json\" class=\"yoast-schema-graph\">{\"@context\":\"https:\/\/schema.org\",\"@graph\":[{\"@type\":\"WebPage\",\"@id\":\"https:\/\/www.botta.it\/de\/produkte\/eco-produkte\/eco-inner-packaging-de\/eco-filler-de\/expandos-eco-triangle-paper-filler\/\",\"url\":\"https:\/\/www.botta.it\/de\/produkte\/eco-produkte\/eco-inner-packaging-de\/eco-filler-de\/expandos-eco-triangle-paper-filler\/\",\"name\":\"BOTTA PACKAGING \u00bb eco-packaging solutions - ExpandOS - ECO-TRIANGLE PAPER FILLER\",\"isPartOf\":{\"@id\":\"https:\/\/www.botta.it\/#website\"},\"datePublished\":\"2025-09-11T15:54:32+00:00\",\"dateModified\":\"2025-09-11T15:54:35+00:00\",\"description\":\"ExpandOS Eco-Triangle Paper Filler ist eine nachhaltige, recycelbare und kompostierbare Verpackungsl\u00f6sung, die Platz spart, Kosten reduziert und Produkte mit stabiler Papierpolsterung sch\u00fctzt.\",\"breadcrumb\":{\"@id\":\"https:\/\/www.botta.it\/de\/produkte\/eco-produkte\/eco-inner-packaging-de\/eco-filler-de\/expandos-eco-triangle-paper-filler\/#breadcrumb\"},\"inLanguage\":\"de\",\"potentialAction\":[{\"@type\":\"ReadAction\",\"target\":[\"https:\/\/www.botta.it\/de\/produkte\/eco-produkte\/eco-inner-packaging-de\/eco-filler-de\/expandos-eco-triangle-paper-filler\/\"]}]},{\"@type\":\"BreadcrumbList\",\"@id\":\"https:\/\/www.botta.it\/de\/produkte\/eco-produkte\/eco-inner-packaging-de\/eco-filler-de\/expandos-eco-triangle-paper-filler\/#breadcrumb\",\"itemListElement\":[{\"@type\":\"ListItem\",\"position\":1,\"name\":\"Home\",\"item\":\"https:\/\/www.botta.it\/\"},{\"@type\":\"ListItem\",\"position\":2,\"name\":\"Prodotti\",\"item\":\"https:\/\/www.botta.it\/shop\/\"},{\"@type\":\"ListItem\",\"position\":3,\"name\":\"ECO-PRODUKTE\",\"item\":\"https:\/\/www.botta.it\/de\/eco-produkte\/\"},{\"@type\":\"ListItem\",\"position\":4,\"name\":\"ECO-INNER PACKAGING\",\"item\":\"https:\/\/www.botta.it\/de\/eco-produkte\/eco-inner-packaging\/\"},{\"@type\":\"ListItem\",\"position\":5,\"name\":\"ECO-FILLER\",\"item\":\"https:\/\/www.botta.it\/de\/eco-produkte\/eco-inner-packaging\/eco-filler\/\"},{\"@type\":\"ListItem\",\"position\":6,\"name\":\"ExpandOS &#8211; ECO-TRIANGLE PAPER FILLER\"}]},{\"@type\":\"WebSite\",\"@id\":\"https:\/\/www.botta.it\/#website\",\"url\":\"https:\/\/www.botta.it\/\",\"name\":\"BOTTA PACKAGING \u00bb eco-packaging solutions\",\"description\":\"\u00d6kologische verpackungsl\u00f6sungen, wellpappe liefert, kartons, umschl\u00e4ge, airbags.\",\"publisher\":{\"@id\":\"https:\/\/www.botta.it\/#organization\"},\"potentialAction\":[{\"@type\":\"SearchAction\",\"target\":{\"@type\":\"EntryPoint\",\"urlTemplate\":\"https:\/\/www.botta.it\/?s={search_term_string}\"},\"query-input\":\"required name=search_term_string\"}],\"inLanguage\":\"de\"},{\"@type\":\"Organization\",\"@id\":\"https:\/\/www.botta.it\/#organization\",\"name\":\"BOTTA EcoPackaging\",\"url\":\"https:\/\/www.botta.it\/\",\"logo\":{\"@type\":\"ImageObject\",\"inLanguage\":\"de\",\"@id\":\"https:\/\/www.botta.it\/#\/schema\/logo\/image\/\",\"url\":\"https:\/\/www.botta.it\/wp-content\/uploads\/2021\/12\/Logo-RGB.png\",\"contentUrl\":\"https:\/\/www.botta.it\/wp-content\/uploads\/2021\/12\/Logo-RGB.png\",\"width\":1600,\"height\":1043,\"caption\":\"BOTTA EcoPackaging\"},\"image\":{\"@id\":\"https:\/\/www.botta.it\/#\/schema\/logo\/image\/\"},\"sameAs\":[\"https:\/\/www.facebook.com\/bottapackaging\/\",\"https:\/\/twitter.com\/botta_box\",\"https:\/\/www.instagram.com\/botta_box\/\",\"https:\/\/it.linkedin.com\/company\/botta-ecopackaging\",\"https:\/\/www.youtube.com\/channel\/UCLhT-tw_FsukJfrKi73c48Q\"]}]}<\/script>\n<!-- \/ Yoast SEO Premium plugin. -->","yoast_head_json":{"title":"BOTTA PACKAGING \u00bb eco-packaging solutions - ExpandOS - ECO-TRIANGLE PAPER FILLER","description":"ExpandOS Eco-Triangle Paper Filler ist eine nachhaltige, recycelbare und kompostierbare Verpackungsl\u00f6sung, die Platz spart, Kosten reduziert und Produkte mit stabiler Papierpolsterung sch\u00fctzt.","robots":{"index":"index","follow":"follow","max-snippet":"max-snippet:-1","max-image-preview":"max-image-preview:large","max-video-preview":"max-video-preview:-1"},"canonical":"https:\/\/www.botta.it\/de\/produkte\/eco-produkte\/eco-inner-packaging-de\/eco-filler-de\/expandos-eco-triangle-paper-filler\/","og_locale":"de_DE","og_type":"article","og_title":"ExpandOS - ECO-TRIANGLE PAPER FILLER","og_description":"ExpandOS Eco-Triangle Paper Filler ist eine nachhaltige, recycelbare und kompostierbare Verpackungsl\u00f6sung, die Platz spart, Kosten reduziert und Produkte mit stabiler Papierpolsterung sch\u00fctzt.","og_url":"https:\/\/www.botta.it\/de\/produkte\/eco-produkte\/eco-inner-packaging-de\/eco-filler-de\/expandos-eco-triangle-paper-filler\/","og_site_name":"BOTTA PACKAGING \u00bb eco-packaging solutions","article_publisher":"https:\/\/www.facebook.com\/bottapackaging\/","article_modified_time":"2025-09-11T15:54:35+00:00","og_image":[{"width":2380,"height":2380,"url":"https:\/\/www.botta.it\/wp-content\/uploads\/2025\/09\/Expandos-BOTTA-EcoPackaging.png","type":"image\/png"}],"twitter_card":"summary_large_image","twitter_site":"@botta_box","schema":{"@context":"https:\/\/schema.org","@graph":[{"@type":"WebPage","@id":"https:\/\/www.botta.it\/de\/produkte\/eco-produkte\/eco-inner-packaging-de\/eco-filler-de\/expandos-eco-triangle-paper-filler\/","url":"https:\/\/www.botta.it\/de\/produkte\/eco-produkte\/eco-inner-packaging-de\/eco-filler-de\/expandos-eco-triangle-paper-filler\/","name":"BOTTA PACKAGING \u00bb eco-packaging solutions - ExpandOS - ECO-TRIANGLE PAPER FILLER","isPartOf":{"@id":"https:\/\/www.botta.it\/#website"},"datePublished":"2025-09-11T15:54:32+00:00","dateModified":"2025-09-11T15:54:35+00:00","description":"ExpandOS Eco-Triangle Paper Filler ist eine nachhaltige, recycelbare und kompostierbare Verpackungsl\u00f6sung, die Platz spart, Kosten reduziert und Produkte mit stabiler Papierpolsterung sch\u00fctzt.","breadcrumb":{"@id":"https:\/\/www.botta.it\/de\/produkte\/eco-produkte\/eco-inner-packaging-de\/eco-filler-de\/expandos-eco-triangle-paper-filler\/#breadcrumb"},"inLanguage":"de","potentialAction":[{"@type":"ReadAction","target":["https:\/\/www.botta.it\/de\/produkte\/eco-produkte\/eco-inner-packaging-de\/eco-filler-de\/expandos-eco-triangle-paper-filler\/"]}]},{"@type":"BreadcrumbList","@id":"https:\/\/www.botta.it\/de\/produkte\/eco-produkte\/eco-inner-packaging-de\/eco-filler-de\/expandos-eco-triangle-paper-filler\/#breadcrumb","itemListElement":[{"@type":"ListItem","position":1,"name":"Home","item":"https:\/\/www.botta.it\/"},{"@type":"ListItem","position":2,"name":"Prodotti","item":"https:\/\/www.botta.it\/shop\/"},{"@type":"ListItem","position":3,"name":"ECO-PRODUKTE","item":"https:\/\/www.botta.it\/de\/eco-produkte\/"},{"@type":"ListItem","position":4,"name":"ECO-INNER PACKAGING","item":"https:\/\/www.botta.it\/de\/eco-produkte\/eco-inner-packaging\/"},{"@type":"ListItem","position":5,"name":"ECO-FILLER","item":"https:\/\/www.botta.it\/de\/eco-produkte\/eco-inner-packaging\/eco-filler\/"},{"@type":"ListItem","position":6,"name":"ExpandOS &#8211; ECO-TRIANGLE PAPER FILLER"}]},{"@type":"WebSite","@id":"https:\/\/www.botta.it\/#website","url":"https:\/\/www.botta.it\/","name":"BOTTA PACKAGING \u00bb eco-packaging solutions","description":"\u00d6kologische verpackungsl\u00f6sungen, wellpappe liefert, kartons, umschl\u00e4ge, airbags.","publisher":{"@id":"https:\/\/www.botta.it\/#organization"},"potentialAction":[{"@type":"SearchAction","target":{"@type":"EntryPoint","urlTemplate":"https:\/\/www.botta.it\/?s={search_term_string}"},"query-input":"required name=search_term_string"}],"inLanguage":"de"},{"@type":"Organization","@id":"https:\/\/www.botta.it\/#organization","name":"BOTTA EcoPackaging","url":"https:\/\/www.botta.it\/","logo":{"@type":"ImageObject","inLanguage":"de","@id":"https:\/\/www.botta.it\/#\/schema\/logo\/image\/","url":"https:\/\/www.botta.it\/wp-content\/uploads\/2021\/12\/Logo-RGB.png","contentUrl":"https:\/\/www.botta.it\/wp-content\/uploads\/2021\/12\/Logo-RGB.png","width":1600,"height":1043,"caption":"BOTTA EcoPackaging"},"image":{"@id":"https:\/\/www.botta.it\/#\/schema\/logo\/image\/"},"sameAs":["https:\/\/www.facebook.com\/bottapackaging\/","https:\/\/twitter.com\/botta_box","https:\/\/www.instagram.com\/botta_box\/","https:\/\/it.linkedin.com\/company\/botta-ecopackaging","https:\/\/www.youtube.com\/channel\/UCLhT-tw_FsukJfrKi73c48Q"]}]}},"_links":{"self":[{"href":"https:\/\/www.botta.it\/de\/wp-json\/wp\/v2\/product\/28048"}],"collection":[{"href":"https:\/\/www.botta.it\/de\/wp-json\/wp\/v2\/product"}],"about":[{"href":"https:\/\/www.botta.it\/de\/wp-json\/wp\/v2\/types\/product"}],"version-history":[{"count":1,"href":"https:\/\/www.botta.it\/de\/wp-json\/wp\/v2\/product\/28048\/revisions"}],"predecessor-version":[{"id":28050,"href":"https:\/\/www.botta.it\/de\/wp-json\/wp\/v2\/product\/28048\/revisions\/28050"}],"wp:featuredmedia":[{"embeddable":true,"href":"https:\/\/www.botta.it\/de\/wp-json\/wp\/v2\/media\/28039"}],"wp:attachment":[{"href":"https:\/\/www.botta.it\/de\/wp-json\/wp\/v2\/media?parent=28048"}],"wp:term":[{"taxonomy":"product_cat","embeddable":true,"href":"https:\/\/www.botta.it\/de\/wp-json\/wp\/v2\/product_cat?post=28048"},{"taxonomy":"product_tag","embeddable":true,"href":"https:\/\/www.botta.it\/de\/wp-json\/wp\/v2\/product_tag?post=28048"}],"curies":[{"name":"wp","href":"https:\/\/api.w.org\/{rel}","templated":true}]}}