{"id":27472,"date":"2025-07-21T15:27:51","date_gmt":"2025-07-21T13:27:51","guid":{"rendered":"https:\/\/www.botta.it\/?post_type=product&#038;p=27472"},"modified":"2025-07-28T18:03:18","modified_gmt":"2025-07-28T16:03:18","slug":"eco-textile-protective-fibre-pads","status":"publish","type":"product","link":"https:\/\/www.botta.it\/de\/produkte\/eco-produkte\/eco-inner-packaging-de\/eco-filler-de\/eco-textile-protective-fibre-pads\/","title":{"rendered":"Eco-Textile Protective Fibre"},"content":{"rendered":"<p>Eco\u2011Textile Protective Fibre ist eine leistungsstarke Verpackungsl\u00f6sung in zwei Formaten: <strong data-start=\"5909\" data-end=\"5929\">Loose\u2011Fill Fibre<\/strong> und <strong data-start=\"5934\" data-end=\"5948\">Pad Format<\/strong>. Beide bestehen aus <strong data-start=\"5969\" data-end=\"6002\">100\u202f% recycelten Textilfasern<\/strong> und bieten exzellenten Schutz bei reduziertem Umwelteinfluss.<\/p>\n<p data-start=\"7832\" data-end=\"7847\"><strong data-start=\"7832\" data-end=\"7845\">Ihre Wahl<\/strong><\/p>\n<ul data-start=\"7848\" data-end=\"8078\">\n<li data-start=\"7848\" data-end=\"7906\">\n<p data-start=\"7850\" data-end=\"7906\"><strong data-start=\"7850\" data-end=\"7870\">Loose\u2011Fill Fibre<\/strong> f\u00fcr effizientes Volumenverpacken.<\/p>\n<\/li>\n<li data-start=\"7907\" data-end=\"7984\">\n<p data-start=\"7909\" data-end=\"7984\"><strong data-start=\"7909\" data-end=\"7923\">Pad Format<\/strong> f\u00fcr \u00e4sthetisches, markenf\u00f6rderndes Packaging und Unboxing.<\/p>\n<\/li>\n<li data-start=\"7985\" data-end=\"8078\">\n<p data-start=\"7987\" data-end=\"8078\">Kombinieren Sie beide Formate f\u00fcr eine nachhaltige und wirkungsstarke Verpackungsstrategie.<\/p>\n<\/li>\n<\/ul>\n","protected":false},"excerpt":{"rendered":"<p data-start=\"5642\" data-end=\"5705\"><em><strong>Nachhaltige Schutzverpackung | zwei Formate: Loose\u2011Fill &amp; Pad | 100\u202f% recycelt | Zertifiziert &amp; anpassbar<\/strong><\/em><\/p>\n<ul>\n<li data-start=\"3348\" data-end=\"3485\"><strong data-start=\"3350\" data-end=\"3382\">100\u202f% Recycelte Textilfasern: <\/strong>Hergestellt aus kontrollierten, recycelten Materialien \u2013 unterst\u00fctzt eine echte Kreislaufwirtschaft.<\/li>\n<li data-start=\"3348\" data-end=\"3485\"><strong data-start=\"3489\" data-end=\"3529\">Hochleistungsf\u00e4hige Schutzpolsterung: <\/strong>Einzigartiger \u201eFeder\u201c-Effekt mit maximaler R\u00fcckstellkraft \u2013 absorbiert St\u00f6\u00dfe zuverl\u00e4ssig. Zertifiziert mit Protection Efficiency\u00ae.<\/li>\n<li data-start=\"3348\" data-end=\"3485\"><strong data-start=\"3666\" data-end=\"3694\">Leicht &amp; Kosteneffizient: <\/strong>Mit einer Dichte von etwa 5\u202fkg\/m\u00b3 sch\u00fctzt das Material effektiv und senkt gleichzeitig das Versandgewicht und die Transportkosten.<\/li>\n<li data-start=\"3829\" data-end=\"3949\"><strong data-start=\"3831\" data-end=\"3868\">Weiche, Nicht-Abrasive Oberfl\u00e4che: <\/strong>Die textile Oberfl\u00e4che sch\u00fctzt empfindliche Produkte zuverl\u00e4ssig vor Kratzern.<\/li>\n<li data-start=\"3951\" data-end=\"4097\"><strong data-start=\"3953\" data-end=\"3991\">Antistatisch &amp; Korrosionsbest\u00e4ndig: <\/strong>Verhindert elektrostatische Entladung und ist chemisch neutral \u2013 ideal f\u00fcr empfindliche Metallprodukte.<\/li>\n<li data-start=\"4099\" data-end=\"4226\"><strong data-start=\"4101\" data-end=\"4138\">W\u00e4rme- &amp; Feuchtigkeitsregulierend: <\/strong>Hygroskopische Eigenschaften sorgen f\u00fcr ein stabiles Klima im Inneren der Verpackung.<\/li>\n<li data-start=\"4228\" data-end=\"4356\"><strong data-start=\"4230\" data-end=\"4264\">Vielseitiges Loose-Fill Format: <\/strong>Als F\u00fcllmaterial in loser Form verf\u00fcgbar, passt sich jeder Verpackungsform und -gr\u00f6\u00dfe an.<\/li>\n<li data-start=\"4358\" data-end=\"4517\"><strong data-start=\"4360\" data-end=\"4414\">Wiederverwendbar, Recycelbar &amp; Biologisch Abbaubar: <\/strong>Mehrfach verwendbar, vollst\u00e4ndig recycelbar und biologisch abbaubar f\u00fcr eine nachhaltige Entsorgung.<\/li>\n<li data-start=\"4519\" data-end=\"4663\"><strong data-start=\"4521\" data-end=\"4554\">Anpassbar (nur im Pad Format): <\/strong>Das Pad Format kann mit nat\u00fcrlichen Farben und biologischen \u00e4therischen \u00d6len individuell gestaltet werden.<\/li>\n<\/ul>\n","protected":false},"featured_media":27664,"template":"","meta":{"om_disable_all_campaigns":false,"_monsterinsights_skip_tracking":false,"_monsterinsights_sitenote_active":false,"_monsterinsights_sitenote_note":"","_monsterinsights_sitenote_category":0,"site-sidebar-layout":"default","site-content-layout":"default","ast-global-header-display":"","ast-banner-title-visibility":"","ast-main-header-display":"","ast-hfb-above-header-display":"","ast-hfb-below-header-display":"","ast-hfb-mobile-header-display":"","site-post-title":"","ast-breadcrumbs-content":"","ast-featured-img":"","footer-sml-layout":"","theme-transparent-header-meta":"default","adv-header-id-meta":"","stick-header-meta":"","header-above-stick-meta":"","header-main-stick-meta":"","header-below-stick-meta":""},"product_cat":[5319],"product_tag":[],"aioseo_notices":[],"yoast_head":"<!-- This site is optimized with the Yoast SEO Premium plugin v19.2.1 (Yoast SEO v21.9.1) - https:\/\/yoast.com\/wordpress\/plugins\/seo\/ -->\n<title>Eco-Textile Protective Fibre - BOTTA PACKAGING \u00bb eco-packaging solutions<\/title>\n<meta name=\"description\" content=\"mweltfreundliche Verpackungsl\u00f6sungen aus 100\u202f% recycelten Textilfasern. \u00dcberlegener Schutz, reduzierte Versandkosten und nachhaltiges Design. Made in France.\" \/>\n<meta name=\"robots\" content=\"index, follow, max-snippet:-1, max-image-preview:large, max-video-preview:-1\" \/>\n<link rel=\"canonical\" href=\"https:\/\/www.botta.it\/de\/produkte\/eco-produkte\/eco-inner-packaging-de\/eco-filler-de\/eco-textile-protective-fibre-pads\/\" \/>\n<meta property=\"og:locale\" content=\"de_DE\" \/>\n<meta property=\"og:type\" content=\"article\" \/>\n<meta property=\"og:title\" content=\"Eco-Textile Protective Fibre\" \/>\n<meta property=\"og:description\" content=\"mweltfreundliche Verpackungsl\u00f6sungen aus 100\u202f% recycelten Textilfasern. \u00dcberlegener Schutz, reduzierte Versandkosten und nachhaltiges Design. Made in France.\" \/>\n<meta property=\"og:url\" content=\"https:\/\/www.botta.it\/de\/produkte\/eco-produkte\/eco-inner-packaging-de\/eco-filler-de\/eco-textile-protective-fibre-pads\/\" \/>\n<meta property=\"og:site_name\" content=\"BOTTA PACKAGING \u00bb eco-packaging solutions\" \/>\n<meta property=\"article:publisher\" content=\"https:\/\/www.facebook.com\/bottapackaging\/\" \/>\n<meta property=\"article:modified_time\" content=\"2025-07-28T16:03:18+00:00\" \/>\n<meta property=\"og:image\" content=\"https:\/\/www.botta.it\/wp-content\/uploads\/2025\/07\/Eco\u2011Textile-Protective-Fibre-loose-fill-in-use.jpg\" \/>\n\t<meta property=\"og:image:width\" content=\"2380\" \/>\n\t<meta property=\"og:image:height\" content=\"2380\" \/>\n\t<meta property=\"og:image:type\" content=\"image\/jpeg\" \/>\n<meta name=\"twitter:card\" content=\"summary_large_image\" \/>\n<meta name=\"twitter:site\" content=\"@botta_box\" \/>\n<script type=\"application\/ld+json\" class=\"yoast-schema-graph\">{\"@context\":\"https:\/\/schema.org\",\"@graph\":[{\"@type\":\"WebPage\",\"@id\":\"https:\/\/www.botta.it\/de\/produkte\/eco-produkte\/eco-inner-packaging-de\/eco-filler-de\/eco-textile-protective-fibre-pads\/\",\"url\":\"https:\/\/www.botta.it\/de\/produkte\/eco-produkte\/eco-inner-packaging-de\/eco-filler-de\/eco-textile-protective-fibre-pads\/\",\"name\":\"Eco-Textile Protective Fibre - BOTTA PACKAGING \u00bb eco-packaging solutions\",\"isPartOf\":{\"@id\":\"https:\/\/www.botta.it\/#website\"},\"datePublished\":\"2025-07-21T13:27:51+00:00\",\"dateModified\":\"2025-07-28T16:03:18+00:00\",\"description\":\"mweltfreundliche Verpackungsl\u00f6sungen aus 100\u202f% recycelten Textilfasern. \u00dcberlegener Schutz, reduzierte Versandkosten und nachhaltiges Design. Made in France.\",\"breadcrumb\":{\"@id\":\"https:\/\/www.botta.it\/de\/produkte\/eco-produkte\/eco-inner-packaging-de\/eco-filler-de\/eco-textile-protective-fibre-pads\/#breadcrumb\"},\"inLanguage\":\"de\",\"potentialAction\":[{\"@type\":\"ReadAction\",\"target\":[\"https:\/\/www.botta.it\/de\/produkte\/eco-produkte\/eco-inner-packaging-de\/eco-filler-de\/eco-textile-protective-fibre-pads\/\"]}]},{\"@type\":\"BreadcrumbList\",\"@id\":\"https:\/\/www.botta.it\/de\/produkte\/eco-produkte\/eco-inner-packaging-de\/eco-filler-de\/eco-textile-protective-fibre-pads\/#breadcrumb\",\"itemListElement\":[{\"@type\":\"ListItem\",\"position\":1,\"name\":\"Home\",\"item\":\"https:\/\/www.botta.it\/\"},{\"@type\":\"ListItem\",\"position\":2,\"name\":\"Prodotti\",\"item\":\"https:\/\/www.botta.it\/shop\/\"},{\"@type\":\"ListItem\",\"position\":3,\"name\":\"ECO-PRODUKTE\",\"item\":\"https:\/\/www.botta.it\/de\/eco-produkte\/\"},{\"@type\":\"ListItem\",\"position\":4,\"name\":\"ECO-INNER PACKAGING\",\"item\":\"https:\/\/www.botta.it\/de\/eco-produkte\/eco-inner-packaging\/\"},{\"@type\":\"ListItem\",\"position\":5,\"name\":\"ECO-FILLER\",\"item\":\"https:\/\/www.botta.it\/de\/eco-produkte\/eco-inner-packaging\/eco-filler\/\"},{\"@type\":\"ListItem\",\"position\":6,\"name\":\"Eco-Textile Protective Fibre\"}]},{\"@type\":\"WebSite\",\"@id\":\"https:\/\/www.botta.it\/#website\",\"url\":\"https:\/\/www.botta.it\/\",\"name\":\"BOTTA PACKAGING \u00bb eco-packaging solutions\",\"description\":\"\u00d6kologische verpackungsl\u00f6sungen, wellpappe liefert, kartons, umschl\u00e4ge, airbags.\",\"publisher\":{\"@id\":\"https:\/\/www.botta.it\/#organization\"},\"potentialAction\":[{\"@type\":\"SearchAction\",\"target\":{\"@type\":\"EntryPoint\",\"urlTemplate\":\"https:\/\/www.botta.it\/?s={search_term_string}\"},\"query-input\":\"required name=search_term_string\"}],\"inLanguage\":\"de\"},{\"@type\":\"Organization\",\"@id\":\"https:\/\/www.botta.it\/#organization\",\"name\":\"BOTTA EcoPackaging\",\"url\":\"https:\/\/www.botta.it\/\",\"logo\":{\"@type\":\"ImageObject\",\"inLanguage\":\"de\",\"@id\":\"https:\/\/www.botta.it\/#\/schema\/logo\/image\/\",\"url\":\"https:\/\/www.botta.it\/wp-content\/uploads\/2021\/12\/Logo-RGB.png\",\"contentUrl\":\"https:\/\/www.botta.it\/wp-content\/uploads\/2021\/12\/Logo-RGB.png\",\"width\":1600,\"height\":1043,\"caption\":\"BOTTA EcoPackaging\"},\"image\":{\"@id\":\"https:\/\/www.botta.it\/#\/schema\/logo\/image\/\"},\"sameAs\":[\"https:\/\/www.facebook.com\/bottapackaging\/\",\"https:\/\/twitter.com\/botta_box\",\"https:\/\/www.instagram.com\/botta_box\/\",\"https:\/\/it.linkedin.com\/company\/botta-ecopackaging\",\"https:\/\/www.youtube.com\/channel\/UCLhT-tw_FsukJfrKi73c48Q\"]}]}<\/script>\n<!-- \/ Yoast SEO Premium plugin. -->","yoast_head_json":{"title":"Eco-Textile Protective Fibre - BOTTA PACKAGING \u00bb eco-packaging solutions","description":"mweltfreundliche Verpackungsl\u00f6sungen aus 100\u202f% recycelten Textilfasern. \u00dcberlegener Schutz, reduzierte Versandkosten und nachhaltiges Design. Made in France.","robots":{"index":"index","follow":"follow","max-snippet":"max-snippet:-1","max-image-preview":"max-image-preview:large","max-video-preview":"max-video-preview:-1"},"canonical":"https:\/\/www.botta.it\/de\/produkte\/eco-produkte\/eco-inner-packaging-de\/eco-filler-de\/eco-textile-protective-fibre-pads\/","og_locale":"de_DE","og_type":"article","og_title":"Eco-Textile Protective Fibre","og_description":"mweltfreundliche Verpackungsl\u00f6sungen aus 100\u202f% recycelten Textilfasern. \u00dcberlegener Schutz, reduzierte Versandkosten und nachhaltiges Design. Made in France.","og_url":"https:\/\/www.botta.it\/de\/produkte\/eco-produkte\/eco-inner-packaging-de\/eco-filler-de\/eco-textile-protective-fibre-pads\/","og_site_name":"BOTTA PACKAGING \u00bb eco-packaging solutions","article_publisher":"https:\/\/www.facebook.com\/bottapackaging\/","article_modified_time":"2025-07-28T16:03:18+00:00","og_image":[{"width":2380,"height":2380,"url":"https:\/\/www.botta.it\/wp-content\/uploads\/2025\/07\/Eco\u2011Textile-Protective-Fibre-loose-fill-in-use.jpg","type":"image\/jpeg"}],"twitter_card":"summary_large_image","twitter_site":"@botta_box","schema":{"@context":"https:\/\/schema.org","@graph":[{"@type":"WebPage","@id":"https:\/\/www.botta.it\/de\/produkte\/eco-produkte\/eco-inner-packaging-de\/eco-filler-de\/eco-textile-protective-fibre-pads\/","url":"https:\/\/www.botta.it\/de\/produkte\/eco-produkte\/eco-inner-packaging-de\/eco-filler-de\/eco-textile-protective-fibre-pads\/","name":"Eco-Textile Protective Fibre - BOTTA PACKAGING \u00bb eco-packaging solutions","isPartOf":{"@id":"https:\/\/www.botta.it\/#website"},"datePublished":"2025-07-21T13:27:51+00:00","dateModified":"2025-07-28T16:03:18+00:00","description":"mweltfreundliche Verpackungsl\u00f6sungen aus 100\u202f% recycelten Textilfasern. \u00dcberlegener Schutz, reduzierte Versandkosten und nachhaltiges Design. Made in France.","breadcrumb":{"@id":"https:\/\/www.botta.it\/de\/produkte\/eco-produkte\/eco-inner-packaging-de\/eco-filler-de\/eco-textile-protective-fibre-pads\/#breadcrumb"},"inLanguage":"de","potentialAction":[{"@type":"ReadAction","target":["https:\/\/www.botta.it\/de\/produkte\/eco-produkte\/eco-inner-packaging-de\/eco-filler-de\/eco-textile-protective-fibre-pads\/"]}]},{"@type":"BreadcrumbList","@id":"https:\/\/www.botta.it\/de\/produkte\/eco-produkte\/eco-inner-packaging-de\/eco-filler-de\/eco-textile-protective-fibre-pads\/#breadcrumb","itemListElement":[{"@type":"ListItem","position":1,"name":"Home","item":"https:\/\/www.botta.it\/"},{"@type":"ListItem","position":2,"name":"Prodotti","item":"https:\/\/www.botta.it\/shop\/"},{"@type":"ListItem","position":3,"name":"ECO-PRODUKTE","item":"https:\/\/www.botta.it\/de\/eco-produkte\/"},{"@type":"ListItem","position":4,"name":"ECO-INNER PACKAGING","item":"https:\/\/www.botta.it\/de\/eco-produkte\/eco-inner-packaging\/"},{"@type":"ListItem","position":5,"name":"ECO-FILLER","item":"https:\/\/www.botta.it\/de\/eco-produkte\/eco-inner-packaging\/eco-filler\/"},{"@type":"ListItem","position":6,"name":"Eco-Textile Protective Fibre"}]},{"@type":"WebSite","@id":"https:\/\/www.botta.it\/#website","url":"https:\/\/www.botta.it\/","name":"BOTTA PACKAGING \u00bb eco-packaging solutions","description":"\u00d6kologische verpackungsl\u00f6sungen, wellpappe liefert, kartons, umschl\u00e4ge, airbags.","publisher":{"@id":"https:\/\/www.botta.it\/#organization"},"potentialAction":[{"@type":"SearchAction","target":{"@type":"EntryPoint","urlTemplate":"https:\/\/www.botta.it\/?s={search_term_string}"},"query-input":"required name=search_term_string"}],"inLanguage":"de"},{"@type":"Organization","@id":"https:\/\/www.botta.it\/#organization","name":"BOTTA EcoPackaging","url":"https:\/\/www.botta.it\/","logo":{"@type":"ImageObject","inLanguage":"de","@id":"https:\/\/www.botta.it\/#\/schema\/logo\/image\/","url":"https:\/\/www.botta.it\/wp-content\/uploads\/2021\/12\/Logo-RGB.png","contentUrl":"https:\/\/www.botta.it\/wp-content\/uploads\/2021\/12\/Logo-RGB.png","width":1600,"height":1043,"caption":"BOTTA EcoPackaging"},"image":{"@id":"https:\/\/www.botta.it\/#\/schema\/logo\/image\/"},"sameAs":["https:\/\/www.facebook.com\/bottapackaging\/","https:\/\/twitter.com\/botta_box","https:\/\/www.instagram.com\/botta_box\/","https:\/\/it.linkedin.com\/company\/botta-ecopackaging","https:\/\/www.youtube.com\/channel\/UCLhT-tw_FsukJfrKi73c48Q"]}]}},"_links":{"self":[{"href":"https:\/\/www.botta.it\/de\/wp-json\/wp\/v2\/product\/27472"}],"collection":[{"href":"https:\/\/www.botta.it\/de\/wp-json\/wp\/v2\/product"}],"about":[{"href":"https:\/\/www.botta.it\/de\/wp-json\/wp\/v2\/types\/product"}],"version-history":[{"count":3,"href":"https:\/\/www.botta.it\/de\/wp-json\/wp\/v2\/product\/27472\/revisions"}],"predecessor-version":[{"id":27679,"href":"https:\/\/www.botta.it\/de\/wp-json\/wp\/v2\/product\/27472\/revisions\/27679"}],"wp:featuredmedia":[{"embeddable":true,"href":"https:\/\/www.botta.it\/de\/wp-json\/wp\/v2\/media\/27664"}],"wp:attachment":[{"href":"https:\/\/www.botta.it\/de\/wp-json\/wp\/v2\/media?parent=27472"}],"wp:term":[{"taxonomy":"product_cat","embeddable":true,"href":"https:\/\/www.botta.it\/de\/wp-json\/wp\/v2\/product_cat?post=27472"},{"taxonomy":"product_tag","embeddable":true,"href":"https:\/\/www.botta.it\/de\/wp-json\/wp\/v2\/product_tag?post=27472"}],"curies":[{"name":"wp","href":"https:\/\/api.w.org\/{rel}","templated":true}]}}