{"id":27320,"date":"2025-07-04T10:38:13","date_gmt":"2025-07-04T08:38:13","guid":{"rendered":"https:\/\/www.botta.it\/?post_type=product&#038;p=27320"},"modified":"2025-07-04T10:38:16","modified_gmt":"2025-07-04T08:38:16","slug":"angolari-corner-protector-pulp-carta","status":"publish","type":"product","link":"https:\/\/www.botta.it\/de\/produkte\/eco-produkte\/eco-inner-packaging-de\/eco-angolari-de\/angolari-corner-protector-pulp-carta\/","title":{"rendered":"ECO-WINKEL aus Formfaser"},"content":{"rendered":"<p data-start=\"5402\" data-end=\"5620\">ECO-WINKEL aus Formfaser &#8211; eine innovative <strong data-start=\"5463\" data-end=\"5482\">Faserforml\u00f6sung<\/strong> aus 100\u202f% recyceltem Zellstoff. Nachhaltige Alternative zu <strong data-start=\"5542\" data-end=\"5561\">Schaumeins\u00e4tzen<\/strong> und Kunststoffschutz \u2013 biologisch abbaubar und recycelbar.<\/p>\n<p data-start=\"5402\" data-end=\"5620\">\n","protected":false},"excerpt":{"rendered":"<p data-start=\"5310\" data-end=\"5376\"><em><strong data-start=\"5310\" data-end=\"5376\">\u00d6kologischer Faserform-Winkelschutz f\u00fcr nachhaltige Verpackung<\/strong><\/em><\/p>\n<ul>\n<li><strong>Nachhaltige Faserform:<\/strong> aus recyceltem Zellstoff, biologisch abbaubar, recycelbar, kompostierbar.<\/li>\n<li><strong>Robuster Schutz:<\/strong> sch\u00fctzt vor St\u00f6\u00dfen, Druck und Vibrationen.<\/li>\n<li><strong>Plastikfrei:<\/strong> umweltbewusste Alternative zu Plastik und Schaum.<\/li>\n<li><strong>Leicht &amp; kosteng\u00fcnstig:<\/strong> reduziert Versandkosten und Emissionen, ohne Leistungseinbu\u00dfen.<\/li>\n<li><strong>Vielseitig:<\/strong> ideal f\u00fcr Elektronik, M\u00f6bel, Keramik\u2026 perfekt f\u00fcr nachhaltige Marken.<\/li>\n<li><strong>Konstante Qualit\u00e4t:<\/strong> pr\u00e4zise Dimensionen f\u00fcr sichere Logistik und Lagerung.<\/li>\n<\/ul>\n","protected":false},"featured_media":27310,"template":"","meta":{"om_disable_all_campaigns":false,"_monsterinsights_skip_tracking":false,"_monsterinsights_sitenote_active":false,"_monsterinsights_sitenote_note":"","_monsterinsights_sitenote_category":0,"site-sidebar-layout":"default","site-content-layout":"default","ast-global-header-display":"","ast-banner-title-visibility":"","ast-main-header-display":"","ast-hfb-above-header-display":"","ast-hfb-below-header-display":"","ast-hfb-mobile-header-display":"","site-post-title":"","ast-breadcrumbs-content":"","ast-featured-img":"","footer-sml-layout":"","theme-transparent-header-meta":"default","adv-header-id-meta":"","stick-header-meta":"","header-above-stick-meta":"","header-main-stick-meta":"","header-below-stick-meta":""},"product_cat":[5317],"product_tag":[],"aioseo_notices":[],"yoast_head":"<!-- This site is optimized with the Yoast SEO Premium plugin v19.2.1 (Yoast SEO v21.9.1) - https:\/\/yoast.com\/wordpress\/plugins\/seo\/ -->\n<title>BOTTA PACKAGING \u00bb eco-verpackungsl\u00f6sungen - ECO-WINKEL aus Formfaser<\/title>\n<meta name=\"description\" content=\"Sch\u00fctzen Sie Produkte mit BOTTA Winkelschutz und Profilen aus Faserform: recycelt, plastikfrei, flach geliefert f\u00fcr nachhaltige Verpackung.\" \/>\n<meta name=\"robots\" content=\"index, follow, max-snippet:-1, max-image-preview:large, max-video-preview:-1\" \/>\n<link rel=\"canonical\" href=\"https:\/\/www.botta.it\/de\/produkte\/eco-produkte\/eco-inner-packaging-de\/eco-angolari-de\/angolari-corner-protector-pulp-carta\/\" \/>\n<meta property=\"og:locale\" content=\"de_DE\" \/>\n<meta property=\"og:type\" content=\"article\" \/>\n<meta property=\"og:title\" content=\"ECO-WINKEL aus Formfaser\" \/>\n<meta property=\"og:description\" content=\"Sch\u00fctzen Sie Produkte mit BOTTA Winkelschutz und Profilen aus Faserform: recycelt, plastikfrei, flach geliefert f\u00fcr nachhaltige Verpackung.\" \/>\n<meta property=\"og:url\" content=\"https:\/\/www.botta.it\/de\/produkte\/eco-produkte\/eco-inner-packaging-de\/eco-angolari-de\/angolari-corner-protector-pulp-carta\/\" \/>\n<meta property=\"og:site_name\" content=\"BOTTA PACKAGING \u00bb eco-verpackungsl\u00f6sungen\" \/>\n<meta property=\"article:publisher\" content=\"https:\/\/www.facebook.com\/bottapackaging\/\" \/>\n<meta property=\"article:modified_time\" content=\"2025-07-04T08:38:16+00:00\" \/>\n<meta property=\"og:image\" content=\"https:\/\/www.botta.it\/wp-content\/uploads\/2025\/07\/standard-angolari-4.jpg\" \/>\n\t<meta property=\"og:image:width\" content=\"2380\" \/>\n\t<meta property=\"og:image:height\" content=\"2380\" \/>\n\t<meta property=\"og:image:type\" content=\"image\/jpeg\" \/>\n<meta name=\"twitter:card\" content=\"summary_large_image\" \/>\n<meta name=\"twitter:site\" content=\"@botta_box\" \/>\n<script type=\"application\/ld+json\" class=\"yoast-schema-graph\">{\"@context\":\"https:\/\/schema.org\",\"@graph\":[{\"@type\":\"WebPage\",\"@id\":\"https:\/\/www.botta.it\/de\/produkte\/eco-produkte\/eco-inner-packaging-de\/eco-angolari-de\/angolari-corner-protector-pulp-carta\/\",\"url\":\"https:\/\/www.botta.it\/de\/produkte\/eco-produkte\/eco-inner-packaging-de\/eco-angolari-de\/angolari-corner-protector-pulp-carta\/\",\"name\":\"BOTTA PACKAGING \u00bb eco-verpackungsl\u00f6sungen - ECO-WINKEL aus Formfaser\",\"isPartOf\":{\"@id\":\"https:\/\/www.botta.it\/#website\"},\"datePublished\":\"2025-07-04T08:38:13+00:00\",\"dateModified\":\"2025-07-04T08:38:16+00:00\",\"description\":\"Sch\u00fctzen Sie Produkte mit BOTTA Winkelschutz und Profilen aus Faserform: recycelt, plastikfrei, flach geliefert f\u00fcr nachhaltige Verpackung.\",\"breadcrumb\":{\"@id\":\"https:\/\/www.botta.it\/de\/produkte\/eco-produkte\/eco-inner-packaging-de\/eco-angolari-de\/angolari-corner-protector-pulp-carta\/#breadcrumb\"},\"inLanguage\":\"de\",\"potentialAction\":[{\"@type\":\"ReadAction\",\"target\":[\"https:\/\/www.botta.it\/de\/produkte\/eco-produkte\/eco-inner-packaging-de\/eco-angolari-de\/angolari-corner-protector-pulp-carta\/\"]}]},{\"@type\":\"BreadcrumbList\",\"@id\":\"https:\/\/www.botta.it\/de\/produkte\/eco-produkte\/eco-inner-packaging-de\/eco-angolari-de\/angolari-corner-protector-pulp-carta\/#breadcrumb\",\"itemListElement\":[{\"@type\":\"ListItem\",\"position\":1,\"name\":\"Home\",\"item\":\"https:\/\/www.botta.it\/\"},{\"@type\":\"ListItem\",\"position\":2,\"name\":\"Prodotti\",\"item\":\"https:\/\/www.botta.it\/shop\/\"},{\"@type\":\"ListItem\",\"position\":3,\"name\":\"ECO PACKAGING\",\"item\":\"https:\/\/www.botta.it\/eco-packaging\/\"},{\"@type\":\"ListItem\",\"position\":4,\"name\":\"ECO-INNER PACKAGING\",\"item\":\"https:\/\/www.botta.it\/eco-packaging\/eco-inner-packaging\/\"},{\"@type\":\"ListItem\",\"position\":5,\"name\":\"ECO-ANGOLARI\",\"item\":\"https:\/\/www.botta.it\/eco-packaging\/eco-inner-packaging\/eco-angolari\/\"},{\"@type\":\"ListItem\",\"position\":6,\"name\":\"ECO-WINKEL aus Formfaser\"}]},{\"@type\":\"WebSite\",\"@id\":\"https:\/\/www.botta.it\/#website\",\"url\":\"https:\/\/www.botta.it\/\",\"name\":\"BOTTA PACKAGING \u00bb eco-verpackungsl\u00f6sungen\",\"description\":\"\u00d6kologische verpackungsl\u00f6sungen, wellpappe liefert, kartons, umschl\u00e4ge, airbags.\",\"publisher\":{\"@id\":\"https:\/\/www.botta.it\/#organization\"},\"potentialAction\":[{\"@type\":\"SearchAction\",\"target\":{\"@type\":\"EntryPoint\",\"urlTemplate\":\"https:\/\/www.botta.it\/?s={search_term_string}\"},\"query-input\":\"required name=search_term_string\"}],\"inLanguage\":\"de\"},{\"@type\":\"Organization\",\"@id\":\"https:\/\/www.botta.it\/#organization\",\"name\":\"BOTTA EcoPackaging\",\"url\":\"https:\/\/www.botta.it\/\",\"logo\":{\"@type\":\"ImageObject\",\"inLanguage\":\"de\",\"@id\":\"https:\/\/www.botta.it\/#\/schema\/logo\/image\/\",\"url\":\"https:\/\/www.botta.it\/wp-content\/uploads\/2021\/12\/Logo-RGB.png\",\"contentUrl\":\"https:\/\/www.botta.it\/wp-content\/uploads\/2021\/12\/Logo-RGB.png\",\"width\":1600,\"height\":1043,\"caption\":\"BOTTA EcoPackaging\"},\"image\":{\"@id\":\"https:\/\/www.botta.it\/#\/schema\/logo\/image\/\"},\"sameAs\":[\"https:\/\/www.facebook.com\/bottapackaging\/\",\"https:\/\/twitter.com\/botta_box\",\"https:\/\/www.instagram.com\/botta_box\/\",\"https:\/\/it.linkedin.com\/company\/botta-ecopackaging\",\"https:\/\/www.youtube.com\/channel\/UCLhT-tw_FsukJfrKi73c48Q\"]}]}<\/script>\n<!-- \/ Yoast SEO Premium plugin. -->","yoast_head_json":{"title":"BOTTA PACKAGING \u00bb eco-verpackungsl\u00f6sungen - ECO-WINKEL aus Formfaser","description":"Sch\u00fctzen Sie Produkte mit BOTTA Winkelschutz und Profilen aus Faserform: recycelt, plastikfrei, flach geliefert f\u00fcr nachhaltige Verpackung.","robots":{"index":"index","follow":"follow","max-snippet":"max-snippet:-1","max-image-preview":"max-image-preview:large","max-video-preview":"max-video-preview:-1"},"canonical":"https:\/\/www.botta.it\/de\/produkte\/eco-produkte\/eco-inner-packaging-de\/eco-angolari-de\/angolari-corner-protector-pulp-carta\/","og_locale":"de_DE","og_type":"article","og_title":"ECO-WINKEL aus Formfaser","og_description":"Sch\u00fctzen Sie Produkte mit BOTTA Winkelschutz und Profilen aus Faserform: recycelt, plastikfrei, flach geliefert f\u00fcr nachhaltige Verpackung.","og_url":"https:\/\/www.botta.it\/de\/produkte\/eco-produkte\/eco-inner-packaging-de\/eco-angolari-de\/angolari-corner-protector-pulp-carta\/","og_site_name":"BOTTA PACKAGING \u00bb eco-verpackungsl\u00f6sungen","article_publisher":"https:\/\/www.facebook.com\/bottapackaging\/","article_modified_time":"2025-07-04T08:38:16+00:00","og_image":[{"width":2380,"height":2380,"url":"https:\/\/www.botta.it\/wp-content\/uploads\/2025\/07\/standard-angolari-4.jpg","type":"image\/jpeg"}],"twitter_card":"summary_large_image","twitter_site":"@botta_box","schema":{"@context":"https:\/\/schema.org","@graph":[{"@type":"WebPage","@id":"https:\/\/www.botta.it\/de\/produkte\/eco-produkte\/eco-inner-packaging-de\/eco-angolari-de\/angolari-corner-protector-pulp-carta\/","url":"https:\/\/www.botta.it\/de\/produkte\/eco-produkte\/eco-inner-packaging-de\/eco-angolari-de\/angolari-corner-protector-pulp-carta\/","name":"BOTTA PACKAGING \u00bb eco-verpackungsl\u00f6sungen - ECO-WINKEL aus Formfaser","isPartOf":{"@id":"https:\/\/www.botta.it\/#website"},"datePublished":"2025-07-04T08:38:13+00:00","dateModified":"2025-07-04T08:38:16+00:00","description":"Sch\u00fctzen Sie Produkte mit BOTTA Winkelschutz und Profilen aus Faserform: recycelt, plastikfrei, flach geliefert f\u00fcr nachhaltige Verpackung.","breadcrumb":{"@id":"https:\/\/www.botta.it\/de\/produkte\/eco-produkte\/eco-inner-packaging-de\/eco-angolari-de\/angolari-corner-protector-pulp-carta\/#breadcrumb"},"inLanguage":"de","potentialAction":[{"@type":"ReadAction","target":["https:\/\/www.botta.it\/de\/produkte\/eco-produkte\/eco-inner-packaging-de\/eco-angolari-de\/angolari-corner-protector-pulp-carta\/"]}]},{"@type":"BreadcrumbList","@id":"https:\/\/www.botta.it\/de\/produkte\/eco-produkte\/eco-inner-packaging-de\/eco-angolari-de\/angolari-corner-protector-pulp-carta\/#breadcrumb","itemListElement":[{"@type":"ListItem","position":1,"name":"Home","item":"https:\/\/www.botta.it\/"},{"@type":"ListItem","position":2,"name":"Prodotti","item":"https:\/\/www.botta.it\/shop\/"},{"@type":"ListItem","position":3,"name":"ECO PACKAGING","item":"https:\/\/www.botta.it\/eco-packaging\/"},{"@type":"ListItem","position":4,"name":"ECO-INNER PACKAGING","item":"https:\/\/www.botta.it\/eco-packaging\/eco-inner-packaging\/"},{"@type":"ListItem","position":5,"name":"ECO-ANGOLARI","item":"https:\/\/www.botta.it\/eco-packaging\/eco-inner-packaging\/eco-angolari\/"},{"@type":"ListItem","position":6,"name":"ECO-WINKEL aus Formfaser"}]},{"@type":"WebSite","@id":"https:\/\/www.botta.it\/#website","url":"https:\/\/www.botta.it\/","name":"BOTTA PACKAGING \u00bb eco-verpackungsl\u00f6sungen","description":"\u00d6kologische verpackungsl\u00f6sungen, wellpappe liefert, kartons, umschl\u00e4ge, airbags.","publisher":{"@id":"https:\/\/www.botta.it\/#organization"},"potentialAction":[{"@type":"SearchAction","target":{"@type":"EntryPoint","urlTemplate":"https:\/\/www.botta.it\/?s={search_term_string}"},"query-input":"required name=search_term_string"}],"inLanguage":"de"},{"@type":"Organization","@id":"https:\/\/www.botta.it\/#organization","name":"BOTTA EcoPackaging","url":"https:\/\/www.botta.it\/","logo":{"@type":"ImageObject","inLanguage":"de","@id":"https:\/\/www.botta.it\/#\/schema\/logo\/image\/","url":"https:\/\/www.botta.it\/wp-content\/uploads\/2021\/12\/Logo-RGB.png","contentUrl":"https:\/\/www.botta.it\/wp-content\/uploads\/2021\/12\/Logo-RGB.png","width":1600,"height":1043,"caption":"BOTTA EcoPackaging"},"image":{"@id":"https:\/\/www.botta.it\/#\/schema\/logo\/image\/"},"sameAs":["https:\/\/www.facebook.com\/bottapackaging\/","https:\/\/twitter.com\/botta_box","https:\/\/www.instagram.com\/botta_box\/","https:\/\/it.linkedin.com\/company\/botta-ecopackaging","https:\/\/www.youtube.com\/channel\/UCLhT-tw_FsukJfrKi73c48Q"]}]}},"_links":{"self":[{"href":"https:\/\/www.botta.it\/de\/wp-json\/wp\/v2\/product\/27320"}],"collection":[{"href":"https:\/\/www.botta.it\/de\/wp-json\/wp\/v2\/product"}],"about":[{"href":"https:\/\/www.botta.it\/de\/wp-json\/wp\/v2\/types\/product"}],"version-history":[{"count":1,"href":"https:\/\/www.botta.it\/de\/wp-json\/wp\/v2\/product\/27320\/revisions"}],"predecessor-version":[{"id":27322,"href":"https:\/\/www.botta.it\/de\/wp-json\/wp\/v2\/product\/27320\/revisions\/27322"}],"wp:featuredmedia":[{"embeddable":true,"href":"https:\/\/www.botta.it\/de\/wp-json\/wp\/v2\/media\/27310"}],"wp:attachment":[{"href":"https:\/\/www.botta.it\/de\/wp-json\/wp\/v2\/media?parent=27320"}],"wp:term":[{"taxonomy":"product_cat","embeddable":true,"href":"https:\/\/www.botta.it\/de\/wp-json\/wp\/v2\/product_cat?post=27320"},{"taxonomy":"product_tag","embeddable":true,"href":"https:\/\/www.botta.it\/de\/wp-json\/wp\/v2\/product_tag?post=27320"}],"curies":[{"name":"wp","href":"https:\/\/api.w.org\/{rel}","templated":true}]}}