{"id":26351,"date":"2025-03-05T17:45:54","date_gmt":"2025-03-05T16:45:54","guid":{"rendered":"https:\/\/www.botta.it\/?post_type=product&#038;p=26351"},"modified":"2025-05-16T08:53:06","modified_gmt":"2025-05-16T06:53:06","slug":"eco-tissue-cushioning-wrap","status":"publish","type":"product","link":"https:\/\/www.botta.it\/de\/produkte\/eco-produkte\/eco-inner-packaging-de\/eco-wrap-de\/eco-tissue-cushioning-wrap\/","title":{"rendered":"ECO-TISSUE CUSHIONING WRAP"},"content":{"rendered":"<p data-start=\"5989\" data-end=\"6678\">ECO-TISSUE CUSHIONING WRAP ist ein innovatives, mehrschichtiges Wellmaterial, das zu 100 % aus Naturfasern besteht. Entwickelt f\u00fcr eine weiche, flexible und hochsch\u00fctzende Verpackung, kombiniert es fortschrittliche Materialforschung mit Wellentechnologie, um eine kontinuierliche Polsterwirkung zu gew\u00e4hrleisten. Die einzigartige Wellenstruktur erm\u00f6glicht es, nach jedem Aufprall in die urspr\u00fcngliche Form zur\u00fcckzukehren, wodurch es langlebig, wiederverwendbar und vollst\u00e4ndig recycelbar ist. ECO-TISSUE CUSHIONING WRAP ist ideal f\u00fcr Branchen, die eine umweltfreundliche Verpackungsalternative suchen, die St\u00f6\u00dfe und Feuchtigkeit absorbiert und gleichzeitig die Produktintegrit\u00e4t bewahrt.<\/p>\n<h5 data-start=\"6680\" data-end=\"6716\"><\/h5>\n","protected":false},"excerpt":{"rendered":"<p data-start=\"4901\" data-end=\"4956\"><em><strong data-start=\"4901\" data-end=\"4954\">Die weiche und widerstandsf\u00e4hige Schutzverpackung<\/strong><\/em><\/p>\n<ul data-start=\"4984\" data-end=\"5962\">\n<li data-start=\"4984\" data-end=\"5009\"><strong data-start=\"4986\" data-end=\"5007\">Weich &amp; Staubfrei<\/strong><\/li>\n<li data-start=\"5010\" data-end=\"5095\"><strong data-start=\"5012\" data-end=\"5032\">Sto\u00dfabsorbierend<\/strong>: Die einzigartige Wellenstruktur absorbiert Aufprallenergie.<\/li>\n<li data-start=\"5096\" data-end=\"5207\"><strong data-start=\"5098\" data-end=\"5110\">Flexibel<\/strong>: L\u00e4sst sich in jede Richtung biegen und wickeln, ohne seine Polstereigenschaften zu verlieren.<\/li>\n<li data-start=\"5208\" data-end=\"5317\"><strong data-start=\"5210\" data-end=\"5223\">Langlebig<\/strong>: Mehrschichtige Zusammensetzung erh\u00f6ht die Widerstandsf\u00e4higkeit gegen Rei\u00dfen und Schneiden.<\/li>\n<li data-start=\"5318\" data-end=\"5532\"><strong data-start=\"5320\" data-end=\"5348\">Hydrophil &amp; Antioxidativ<\/strong>: Nimmt Feuchtigkeit auf und h\u00e4lt sie zur\u00fcck, um die umliegende Verpackung vor Fl\u00fcssigkeitsaustritt zu sch\u00fctzen, das Oxidationsrisiko zu reduzieren und die Haltbarkeit zu verl\u00e4ngern.<\/li>\n<li data-start=\"5533\" data-end=\"5653\"><strong data-start=\"5535\" data-end=\"5555\">Wiederverwendbar<\/strong>: Beh\u00e4lt auch nach mehrfacher Nutzung seine Struktur und kehrt in die urspr\u00fcngliche Form zur\u00fcck.<\/li>\n<li data-start=\"5654\" data-end=\"5757\"><strong data-start=\"5656\" data-end=\"5672\">Monomaterial<\/strong>: Besteht vollst\u00e4ndig aus Papier und ist daher leicht zu entsorgen und zu recyceln.<\/li>\n<li data-start=\"5758\" data-end=\"5813\"><strong data-start=\"5760\" data-end=\"5774\">Vielseitig<\/strong>: Geeignet f\u00fcr verschiedene Branchen.<\/li>\n<li data-start=\"5814\" data-end=\"5962\"><strong data-start=\"5816\" data-end=\"5846\">Individueller Digitaldruck<\/strong>: Erm\u00f6glicht Branding, Grafiken und Nachhaltigkeitsbotschaften zur Verbesserung der Kommunikation und Interaktion.<\/li>\n<\/ul>\n","protected":false},"featured_media":27079,"template":"","meta":{"om_disable_all_campaigns":false,"_monsterinsights_skip_tracking":false,"_monsterinsights_sitenote_active":false,"_monsterinsights_sitenote_note":"","_monsterinsights_sitenote_category":0,"site-sidebar-layout":"default","site-content-layout":"default","ast-global-header-display":"","ast-banner-title-visibility":"","ast-main-header-display":"","ast-hfb-above-header-display":"","ast-hfb-below-header-display":"","ast-hfb-mobile-header-display":"","site-post-title":"","ast-breadcrumbs-content":"","ast-featured-img":"","footer-sml-layout":"","theme-transparent-header-meta":"default","adv-header-id-meta":"","stick-header-meta":"","header-above-stick-meta":"","header-main-stick-meta":"","header-below-stick-meta":""},"product_cat":[5318],"product_tag":[],"aioseo_notices":[],"yoast_head":"<!-- This site is optimized with the Yoast SEO Premium plugin v19.2.1 (Yoast SEO v21.9.1) - https:\/\/yoast.com\/wordpress\/plugins\/seo\/ -->\n<title>BOTTA PACKAGING \u00bb eco-packaging solutions - ECO-TISSUE CUSHIONING WRAP<\/title>\n<meta name=\"description\" content=\"ECO-TISSUE CUSHIONING WRAP ist eine weiche, widerstandsf\u00e4hige und vollst\u00e4ndig recycelbare Papierverpackung. Sie absorbiert St\u00f6\u00dfe und Feuchtigkeit, um die Produktintegrit\u00e4t zu gew\u00e4hrleisten. Ideal f\u00fcr Luxuswaren, E-Commerce und andere Branchen.\" \/>\n<meta name=\"robots\" content=\"index, follow, max-snippet:-1, max-image-preview:large, max-video-preview:-1\" \/>\n<link rel=\"canonical\" href=\"https:\/\/www.botta.it\/de\/produkte\/eco-produkte\/eco-inner-packaging-de\/eco-wrap-de\/eco-tissue-cushioning-wrap\/\" \/>\n<meta property=\"og:locale\" content=\"de_DE\" \/>\n<meta property=\"og:type\" content=\"article\" \/>\n<meta property=\"og:title\" content=\"ECO-TISSUE CUSHIONING WRAP\" \/>\n<meta property=\"og:description\" content=\"ECO-TISSUE CUSHIONING WRAP ist eine weiche, widerstandsf\u00e4hige und vollst\u00e4ndig recycelbare Papierverpackung. Sie absorbiert St\u00f6\u00dfe und Feuchtigkeit, um die Produktintegrit\u00e4t zu gew\u00e4hrleisten. Ideal f\u00fcr Luxuswaren, E-Commerce und andere Branchen.\" \/>\n<meta property=\"og:url\" content=\"https:\/\/www.botta.it\/de\/produkte\/eco-produkte\/eco-inner-packaging-de\/eco-wrap-de\/eco-tissue-cushioning-wrap\/\" \/>\n<meta property=\"og:site_name\" content=\"BOTTA PACKAGING \u00bb eco-packaging solutions\" \/>\n<meta property=\"article:publisher\" content=\"https:\/\/www.facebook.com\/bottapackaging\/\" \/>\n<meta property=\"article:modified_time\" content=\"2025-05-16T06:53:06+00:00\" \/>\n<meta property=\"og:image\" content=\"https:\/\/www.botta.it\/wp-content\/uploads\/2025\/03\/ECO-TISSUE-CUSHIONING-WRAP.png\" \/>\n\t<meta property=\"og:image:width\" content=\"1024\" \/>\n\t<meta property=\"og:image:height\" content=\"1024\" \/>\n\t<meta property=\"og:image:type\" content=\"image\/png\" \/>\n<meta name=\"twitter:card\" content=\"summary_large_image\" \/>\n<meta name=\"twitter:site\" content=\"@botta_box\" \/>\n<script type=\"application\/ld+json\" class=\"yoast-schema-graph\">{\"@context\":\"https:\/\/schema.org\",\"@graph\":[{\"@type\":\"WebPage\",\"@id\":\"https:\/\/www.botta.it\/de\/produkte\/eco-produkte\/eco-inner-packaging-de\/eco-wrap-de\/eco-tissue-cushioning-wrap\/\",\"url\":\"https:\/\/www.botta.it\/de\/produkte\/eco-produkte\/eco-inner-packaging-de\/eco-wrap-de\/eco-tissue-cushioning-wrap\/\",\"name\":\"BOTTA PACKAGING \u00bb eco-packaging solutions - ECO-TISSUE CUSHIONING WRAP\",\"isPartOf\":{\"@id\":\"https:\/\/www.botta.it\/#website\"},\"datePublished\":\"2025-03-05T16:45:54+00:00\",\"dateModified\":\"2025-05-16T06:53:06+00:00\",\"description\":\"ECO-TISSUE CUSHIONING WRAP ist eine weiche, widerstandsf\u00e4hige und vollst\u00e4ndig recycelbare Papierverpackung. Sie absorbiert St\u00f6\u00dfe und Feuchtigkeit, um die Produktintegrit\u00e4t zu gew\u00e4hrleisten. Ideal f\u00fcr Luxuswaren, E-Commerce und andere Branchen.\",\"breadcrumb\":{\"@id\":\"https:\/\/www.botta.it\/de\/produkte\/eco-produkte\/eco-inner-packaging-de\/eco-wrap-de\/eco-tissue-cushioning-wrap\/#breadcrumb\"},\"inLanguage\":\"de\",\"potentialAction\":[{\"@type\":\"ReadAction\",\"target\":[\"https:\/\/www.botta.it\/de\/produkte\/eco-produkte\/eco-inner-packaging-de\/eco-wrap-de\/eco-tissue-cushioning-wrap\/\"]}]},{\"@type\":\"BreadcrumbList\",\"@id\":\"https:\/\/www.botta.it\/de\/produkte\/eco-produkte\/eco-inner-packaging-de\/eco-wrap-de\/eco-tissue-cushioning-wrap\/#breadcrumb\",\"itemListElement\":[{\"@type\":\"ListItem\",\"position\":1,\"name\":\"Home\",\"item\":\"https:\/\/www.botta.it\/\"},{\"@type\":\"ListItem\",\"position\":2,\"name\":\"Prodotti\",\"item\":\"https:\/\/www.botta.it\/shop\/\"},{\"@type\":\"ListItem\",\"position\":3,\"name\":\"ECO PACKAGING\",\"item\":\"https:\/\/www.botta.it\/eco-packaging\/\"},{\"@type\":\"ListItem\",\"position\":4,\"name\":\"ECO-INNER PACKAGING\",\"item\":\"https:\/\/www.botta.it\/eco-packaging\/eco-inner-packaging\/\"},{\"@type\":\"ListItem\",\"position\":5,\"name\":\"ECO-WRAP\",\"item\":\"https:\/\/www.botta.it\/eco-packaging\/eco-inner-packaging\/eco-wrap\/\"},{\"@type\":\"ListItem\",\"position\":6,\"name\":\"ECO-TISSUE CUSHIONING WRAP\"}]},{\"@type\":\"WebSite\",\"@id\":\"https:\/\/www.botta.it\/#website\",\"url\":\"https:\/\/www.botta.it\/\",\"name\":\"BOTTA PACKAGING \u00bb eco-packaging solutions\",\"description\":\"\u00d6kologische verpackungsl\u00f6sungen, wellpappe liefert, kartons, umschl\u00e4ge, airbags.\",\"publisher\":{\"@id\":\"https:\/\/www.botta.it\/#organization\"},\"potentialAction\":[{\"@type\":\"SearchAction\",\"target\":{\"@type\":\"EntryPoint\",\"urlTemplate\":\"https:\/\/www.botta.it\/?s={search_term_string}\"},\"query-input\":\"required name=search_term_string\"}],\"inLanguage\":\"de\"},{\"@type\":\"Organization\",\"@id\":\"https:\/\/www.botta.it\/#organization\",\"name\":\"BOTTA EcoPackaging\",\"url\":\"https:\/\/www.botta.it\/\",\"logo\":{\"@type\":\"ImageObject\",\"inLanguage\":\"de\",\"@id\":\"https:\/\/www.botta.it\/#\/schema\/logo\/image\/\",\"url\":\"https:\/\/www.botta.it\/wp-content\/uploads\/2021\/12\/Logo-RGB.png\",\"contentUrl\":\"https:\/\/www.botta.it\/wp-content\/uploads\/2021\/12\/Logo-RGB.png\",\"width\":1600,\"height\":1043,\"caption\":\"BOTTA EcoPackaging\"},\"image\":{\"@id\":\"https:\/\/www.botta.it\/#\/schema\/logo\/image\/\"},\"sameAs\":[\"https:\/\/www.facebook.com\/bottapackaging\/\",\"https:\/\/twitter.com\/botta_box\",\"https:\/\/www.instagram.com\/botta_box\/\",\"https:\/\/it.linkedin.com\/company\/botta-ecopackaging\",\"https:\/\/www.youtube.com\/channel\/UCLhT-tw_FsukJfrKi73c48Q\"]}]}<\/script>\n<!-- \/ Yoast SEO Premium plugin. -->","yoast_head_json":{"title":"BOTTA PACKAGING \u00bb eco-packaging solutions - ECO-TISSUE CUSHIONING WRAP","description":"ECO-TISSUE CUSHIONING WRAP ist eine weiche, widerstandsf\u00e4hige und vollst\u00e4ndig recycelbare Papierverpackung. Sie absorbiert St\u00f6\u00dfe und Feuchtigkeit, um die Produktintegrit\u00e4t zu gew\u00e4hrleisten. Ideal f\u00fcr Luxuswaren, E-Commerce und andere Branchen.","robots":{"index":"index","follow":"follow","max-snippet":"max-snippet:-1","max-image-preview":"max-image-preview:large","max-video-preview":"max-video-preview:-1"},"canonical":"https:\/\/www.botta.it\/de\/produkte\/eco-produkte\/eco-inner-packaging-de\/eco-wrap-de\/eco-tissue-cushioning-wrap\/","og_locale":"de_DE","og_type":"article","og_title":"ECO-TISSUE CUSHIONING WRAP","og_description":"ECO-TISSUE CUSHIONING WRAP ist eine weiche, widerstandsf\u00e4hige und vollst\u00e4ndig recycelbare Papierverpackung. Sie absorbiert St\u00f6\u00dfe und Feuchtigkeit, um die Produktintegrit\u00e4t zu gew\u00e4hrleisten. Ideal f\u00fcr Luxuswaren, E-Commerce und andere Branchen.","og_url":"https:\/\/www.botta.it\/de\/produkte\/eco-produkte\/eco-inner-packaging-de\/eco-wrap-de\/eco-tissue-cushioning-wrap\/","og_site_name":"BOTTA PACKAGING \u00bb eco-packaging solutions","article_publisher":"https:\/\/www.facebook.com\/bottapackaging\/","article_modified_time":"2025-05-16T06:53:06+00:00","og_image":[{"width":1024,"height":1024,"url":"https:\/\/www.botta.it\/wp-content\/uploads\/2025\/03\/ECO-TISSUE-CUSHIONING-WRAP.png","type":"image\/png"}],"twitter_card":"summary_large_image","twitter_site":"@botta_box","schema":{"@context":"https:\/\/schema.org","@graph":[{"@type":"WebPage","@id":"https:\/\/www.botta.it\/de\/produkte\/eco-produkte\/eco-inner-packaging-de\/eco-wrap-de\/eco-tissue-cushioning-wrap\/","url":"https:\/\/www.botta.it\/de\/produkte\/eco-produkte\/eco-inner-packaging-de\/eco-wrap-de\/eco-tissue-cushioning-wrap\/","name":"BOTTA PACKAGING \u00bb eco-packaging solutions - ECO-TISSUE CUSHIONING WRAP","isPartOf":{"@id":"https:\/\/www.botta.it\/#website"},"datePublished":"2025-03-05T16:45:54+00:00","dateModified":"2025-05-16T06:53:06+00:00","description":"ECO-TISSUE CUSHIONING WRAP ist eine weiche, widerstandsf\u00e4hige und vollst\u00e4ndig recycelbare Papierverpackung. Sie absorbiert St\u00f6\u00dfe und Feuchtigkeit, um die Produktintegrit\u00e4t zu gew\u00e4hrleisten. Ideal f\u00fcr Luxuswaren, E-Commerce und andere Branchen.","breadcrumb":{"@id":"https:\/\/www.botta.it\/de\/produkte\/eco-produkte\/eco-inner-packaging-de\/eco-wrap-de\/eco-tissue-cushioning-wrap\/#breadcrumb"},"inLanguage":"de","potentialAction":[{"@type":"ReadAction","target":["https:\/\/www.botta.it\/de\/produkte\/eco-produkte\/eco-inner-packaging-de\/eco-wrap-de\/eco-tissue-cushioning-wrap\/"]}]},{"@type":"BreadcrumbList","@id":"https:\/\/www.botta.it\/de\/produkte\/eco-produkte\/eco-inner-packaging-de\/eco-wrap-de\/eco-tissue-cushioning-wrap\/#breadcrumb","itemListElement":[{"@type":"ListItem","position":1,"name":"Home","item":"https:\/\/www.botta.it\/"},{"@type":"ListItem","position":2,"name":"Prodotti","item":"https:\/\/www.botta.it\/shop\/"},{"@type":"ListItem","position":3,"name":"ECO PACKAGING","item":"https:\/\/www.botta.it\/eco-packaging\/"},{"@type":"ListItem","position":4,"name":"ECO-INNER PACKAGING","item":"https:\/\/www.botta.it\/eco-packaging\/eco-inner-packaging\/"},{"@type":"ListItem","position":5,"name":"ECO-WRAP","item":"https:\/\/www.botta.it\/eco-packaging\/eco-inner-packaging\/eco-wrap\/"},{"@type":"ListItem","position":6,"name":"ECO-TISSUE CUSHIONING WRAP"}]},{"@type":"WebSite","@id":"https:\/\/www.botta.it\/#website","url":"https:\/\/www.botta.it\/","name":"BOTTA PACKAGING \u00bb eco-packaging solutions","description":"\u00d6kologische verpackungsl\u00f6sungen, wellpappe liefert, kartons, umschl\u00e4ge, airbags.","publisher":{"@id":"https:\/\/www.botta.it\/#organization"},"potentialAction":[{"@type":"SearchAction","target":{"@type":"EntryPoint","urlTemplate":"https:\/\/www.botta.it\/?s={search_term_string}"},"query-input":"required name=search_term_string"}],"inLanguage":"de"},{"@type":"Organization","@id":"https:\/\/www.botta.it\/#organization","name":"BOTTA EcoPackaging","url":"https:\/\/www.botta.it\/","logo":{"@type":"ImageObject","inLanguage":"de","@id":"https:\/\/www.botta.it\/#\/schema\/logo\/image\/","url":"https:\/\/www.botta.it\/wp-content\/uploads\/2021\/12\/Logo-RGB.png","contentUrl":"https:\/\/www.botta.it\/wp-content\/uploads\/2021\/12\/Logo-RGB.png","width":1600,"height":1043,"caption":"BOTTA EcoPackaging"},"image":{"@id":"https:\/\/www.botta.it\/#\/schema\/logo\/image\/"},"sameAs":["https:\/\/www.facebook.com\/bottapackaging\/","https:\/\/twitter.com\/botta_box","https:\/\/www.instagram.com\/botta_box\/","https:\/\/it.linkedin.com\/company\/botta-ecopackaging","https:\/\/www.youtube.com\/channel\/UCLhT-tw_FsukJfrKi73c48Q"]}]}},"_links":{"self":[{"href":"https:\/\/www.botta.it\/de\/wp-json\/wp\/v2\/product\/26351"}],"collection":[{"href":"https:\/\/www.botta.it\/de\/wp-json\/wp\/v2\/product"}],"about":[{"href":"https:\/\/www.botta.it\/de\/wp-json\/wp\/v2\/types\/product"}],"version-history":[{"count":1,"href":"https:\/\/www.botta.it\/de\/wp-json\/wp\/v2\/product\/26351\/revisions"}],"predecessor-version":[{"id":26353,"href":"https:\/\/www.botta.it\/de\/wp-json\/wp\/v2\/product\/26351\/revisions\/26353"}],"wp:featuredmedia":[{"embeddable":true,"href":"https:\/\/www.botta.it\/de\/wp-json\/wp\/v2\/media\/27079"}],"wp:attachment":[{"href":"https:\/\/www.botta.it\/de\/wp-json\/wp\/v2\/media?parent=26351"}],"wp:term":[{"taxonomy":"product_cat","embeddable":true,"href":"https:\/\/www.botta.it\/de\/wp-json\/wp\/v2\/product_cat?post=26351"},{"taxonomy":"product_tag","embeddable":true,"href":"https:\/\/www.botta.it\/de\/wp-json\/wp\/v2\/product_tag?post=26351"}],"curies":[{"name":"wp","href":"https:\/\/api.w.org\/{rel}","templated":true}]}}