{"id":24183,"date":"2024-06-06T11:49:26","date_gmt":"2024-06-06T09:49:26","guid":{"rendered":"https:\/\/www.botta.it\/?post_type=product&#038;p=24183"},"modified":"2025-05-15T11:33:11","modified_gmt":"2025-05-15T09:33:11","slug":"eco-mushroom-cushioning","status":"publish","type":"product","link":"https:\/\/www.botta.it\/de\/produkte\/eco-produkte\/eco-inner-packaging-de\/eco-mushroom-cushioning\/","title":{"rendered":"Eco-Mushroom Cushioning"},"content":{"rendered":"<p><strong>Eco-Mushroom Cushioning<\/strong> ist die perfekte nachhaltige Alternative zu traditionellen Verpackungen. Hergestellt aus nachwachsendem Pilzmyzel und recycelten Materialien ist es \u00f6kologisch und kompostierbare (Zertifizierung ausstehend). Kompakt und robust verhindert es Kratzer und Besch\u00e4digungen der Produktoberfl\u00e4chen. Dank der hervorragenden Feuchtigkeitsbest\u00e4ndigkeit, der geringen Geruchsemission und der ungiftigen Eigenschaften eignet es sich f\u00fcr eine breite Palette von Produkten, von empfindlicher Elektronik bis hin zu sperrigen G\u00fctern. Die einfache Montage spart Verpackungszeit und -kosten, w\u00e4hrend die Druckoption die Markenbekanntheit steigert.<\/p>\n","protected":false},"excerpt":{"rendered":"<p><em><strong>Kompostierbare Polsterung, nachhaltiger Schutz f\u00fcr jeden Versand, vielseitige Verwendung f\u00fcr empfindliche Artikel und vieles mehr.<\/strong><\/em><\/p>\n<p>&nbsp;<\/p>\n<ul>\n<li><strong>Nachhaltig:<\/strong> Hergestellt aus nachwachsenden Rohstoffen (Pilzmyzel).<\/li>\n<li><strong>Kompakt und robust:<\/strong> Absorbiert St\u00f6\u00dfe und sch\u00fctzt Ihre Produkte w\u00e4hrend des Transports.<\/li>\n<li><strong>Kompostierbare <\/strong>(Zertifizierung ausstehend).<\/li>\n<li><strong>Weiche Haptik:<\/strong> Verhindert Kratzer und Besch\u00e4digungen der Produktoberfl\u00e4chen.<\/li>\n<li><strong>Einfache Montage:<\/strong> Spart Verpackungszeit und reduziert damit verbundene Kosten.<\/li>\n<li><strong>Vielseitig einsetzbar:<\/strong> Geeignet f\u00fcr eine breite Palette von Produkten, von empfindlicher Elektronik bis hin zu gro\u00dfen Artikeln.<\/li>\n<li><strong>Ungiftig.<\/strong><\/li>\n<li><strong>Feuchtigkeitsbest\u00e4ndig.<\/strong><\/li>\n<li><strong>Geruchsarm:<\/strong> Mit leicht nat\u00fcrlichem Aroma.<\/li>\n<li><strong>Branding-Option:<\/strong> Steigern Sie die Markenbekanntheit mit individuellem Druck.<\/li>\n<\/ul>\n","protected":false},"featured_media":26960,"template":"","meta":{"om_disable_all_campaigns":false,"_monsterinsights_skip_tracking":false,"_monsterinsights_sitenote_active":false,"_monsterinsights_sitenote_note":"","_monsterinsights_sitenote_category":0,"site-sidebar-layout":"default","site-content-layout":"default","ast-global-header-display":"","ast-banner-title-visibility":"","ast-main-header-display":"","ast-hfb-above-header-display":"","ast-hfb-below-header-display":"","ast-hfb-mobile-header-display":"","site-post-title":"","ast-breadcrumbs-content":"","ast-featured-img":"","footer-sml-layout":"","theme-transparent-header-meta":"default","adv-header-id-meta":"","stick-header-meta":"","header-above-stick-meta":"","header-main-stick-meta":"","header-below-stick-meta":""},"product_cat":[5316],"product_tag":[],"aioseo_notices":[],"yoast_head":"<!-- This site is optimized with the Yoast SEO Premium plugin v19.2.1 (Yoast SEO v21.9.1) - https:\/\/yoast.com\/wordpress\/plugins\/seo\/ -->\n<title>BOTTA EcoPackaging - Eco-Mushroom Cushioning<\/title>\n<meta name=\"description\" content=\"Umweltfreundliche &amp; kompostierbare Verpackung! Nachhaltiger Schutz f\u00fcr Ihre Sendungen.\" \/>\n<meta name=\"robots\" content=\"index, follow, max-snippet:-1, max-image-preview:large, max-video-preview:-1\" \/>\n<link rel=\"canonical\" href=\"https:\/\/www.botta.it\/de\/produkte\/eco-produkte\/eco-inner-packaging-de\/eco-mushroom-cushioning\/\" \/>\n<meta property=\"og:locale\" content=\"de_DE\" \/>\n<meta property=\"og:type\" content=\"article\" \/>\n<meta property=\"og:title\" content=\"Eco-Mushroom Cushioning\" \/>\n<meta property=\"og:description\" content=\"Umweltfreundliche &amp; kompostierbare Verpackung! Nachhaltiger Schutz f\u00fcr Ihre Sendungen.\" \/>\n<meta property=\"og:url\" content=\"https:\/\/www.botta.it\/de\/produkte\/eco-produkte\/eco-inner-packaging-de\/eco-mushroom-cushioning\/\" \/>\n<meta property=\"og:site_name\" content=\"BOTTA PACKAGING \u00bb eco-packaging solutions\" \/>\n<meta property=\"article:publisher\" content=\"https:\/\/www.facebook.com\/bottapackaging\/\" \/>\n<meta property=\"article:modified_time\" content=\"2025-05-15T09:33:11+00:00\" \/>\n<meta property=\"og:image\" content=\"https:\/\/www.botta.it\/wp-content\/uploads\/2024\/06\/eco-mushroom-cushioning.png\" \/>\n\t<meta property=\"og:image:width\" content=\"1024\" \/>\n\t<meta property=\"og:image:height\" content=\"1024\" \/>\n\t<meta property=\"og:image:type\" content=\"image\/png\" \/>\n<meta name=\"twitter:card\" content=\"summary_large_image\" \/>\n<meta name=\"twitter:site\" content=\"@botta_box\" \/>\n<script type=\"application\/ld+json\" class=\"yoast-schema-graph\">{\"@context\":\"https:\/\/schema.org\",\"@graph\":[{\"@type\":\"WebPage\",\"@id\":\"https:\/\/www.botta.it\/de\/produkte\/eco-produkte\/eco-inner-packaging-de\/eco-mushroom-cushioning\/\",\"url\":\"https:\/\/www.botta.it\/de\/produkte\/eco-produkte\/eco-inner-packaging-de\/eco-mushroom-cushioning\/\",\"name\":\"BOTTA EcoPackaging - Eco-Mushroom Cushioning\",\"isPartOf\":{\"@id\":\"https:\/\/www.botta.it\/#website\"},\"datePublished\":\"2024-06-06T09:49:26+00:00\",\"dateModified\":\"2025-05-15T09:33:11+00:00\",\"description\":\"Umweltfreundliche & kompostierbare Verpackung! Nachhaltiger Schutz f\u00fcr Ihre Sendungen.\",\"breadcrumb\":{\"@id\":\"https:\/\/www.botta.it\/de\/produkte\/eco-produkte\/eco-inner-packaging-de\/eco-mushroom-cushioning\/#breadcrumb\"},\"inLanguage\":\"de\",\"potentialAction\":[{\"@type\":\"ReadAction\",\"target\":[\"https:\/\/www.botta.it\/de\/produkte\/eco-produkte\/eco-inner-packaging-de\/eco-mushroom-cushioning\/\"]}]},{\"@type\":\"BreadcrumbList\",\"@id\":\"https:\/\/www.botta.it\/de\/produkte\/eco-produkte\/eco-inner-packaging-de\/eco-mushroom-cushioning\/#breadcrumb\",\"itemListElement\":[{\"@type\":\"ListItem\",\"position\":1,\"name\":\"Home\",\"item\":\"https:\/\/www.botta.it\/\"},{\"@type\":\"ListItem\",\"position\":2,\"name\":\"Prodotti\",\"item\":\"https:\/\/www.botta.it\/shop\/\"},{\"@type\":\"ListItem\",\"position\":3,\"name\":\"ECO-PRODUKTE\",\"item\":\"https:\/\/www.botta.it\/de\/eco-produkte\/\"},{\"@type\":\"ListItem\",\"position\":4,\"name\":\"ECO-INNER PACKAGING\",\"item\":\"https:\/\/www.botta.it\/de\/eco-produkte\/eco-inner-packaging\/\"},{\"@type\":\"ListItem\",\"position\":5,\"name\":\"Eco-Mushroom Cushioning\"}]},{\"@type\":\"WebSite\",\"@id\":\"https:\/\/www.botta.it\/#website\",\"url\":\"https:\/\/www.botta.it\/\",\"name\":\"BOTTA PACKAGING \u00bb eco-packaging solutions\",\"description\":\"\u00d6kologische verpackungsl\u00f6sungen, wellpappe liefert, kartons, umschl\u00e4ge, airbags.\",\"publisher\":{\"@id\":\"https:\/\/www.botta.it\/#organization\"},\"potentialAction\":[{\"@type\":\"SearchAction\",\"target\":{\"@type\":\"EntryPoint\",\"urlTemplate\":\"https:\/\/www.botta.it\/?s={search_term_string}\"},\"query-input\":\"required name=search_term_string\"}],\"inLanguage\":\"de\"},{\"@type\":\"Organization\",\"@id\":\"https:\/\/www.botta.it\/#organization\",\"name\":\"BOTTA EcoPackaging\",\"url\":\"https:\/\/www.botta.it\/\",\"logo\":{\"@type\":\"ImageObject\",\"inLanguage\":\"de\",\"@id\":\"https:\/\/www.botta.it\/#\/schema\/logo\/image\/\",\"url\":\"https:\/\/www.botta.it\/wp-content\/uploads\/2021\/12\/Logo-RGB.png\",\"contentUrl\":\"https:\/\/www.botta.it\/wp-content\/uploads\/2021\/12\/Logo-RGB.png\",\"width\":1600,\"height\":1043,\"caption\":\"BOTTA EcoPackaging\"},\"image\":{\"@id\":\"https:\/\/www.botta.it\/#\/schema\/logo\/image\/\"},\"sameAs\":[\"https:\/\/www.facebook.com\/bottapackaging\/\",\"https:\/\/twitter.com\/botta_box\",\"https:\/\/www.instagram.com\/botta_box\/\",\"https:\/\/it.linkedin.com\/company\/botta-ecopackaging\",\"https:\/\/www.youtube.com\/channel\/UCLhT-tw_FsukJfrKi73c48Q\"]}]}<\/script>\n<!-- \/ Yoast SEO Premium plugin. -->","yoast_head_json":{"title":"BOTTA EcoPackaging - Eco-Mushroom Cushioning","description":"Umweltfreundliche & kompostierbare Verpackung! Nachhaltiger Schutz f\u00fcr Ihre Sendungen.","robots":{"index":"index","follow":"follow","max-snippet":"max-snippet:-1","max-image-preview":"max-image-preview:large","max-video-preview":"max-video-preview:-1"},"canonical":"https:\/\/www.botta.it\/de\/produkte\/eco-produkte\/eco-inner-packaging-de\/eco-mushroom-cushioning\/","og_locale":"de_DE","og_type":"article","og_title":"Eco-Mushroom Cushioning","og_description":"Umweltfreundliche & kompostierbare Verpackung! Nachhaltiger Schutz f\u00fcr Ihre Sendungen.","og_url":"https:\/\/www.botta.it\/de\/produkte\/eco-produkte\/eco-inner-packaging-de\/eco-mushroom-cushioning\/","og_site_name":"BOTTA PACKAGING \u00bb eco-packaging solutions","article_publisher":"https:\/\/www.facebook.com\/bottapackaging\/","article_modified_time":"2025-05-15T09:33:11+00:00","og_image":[{"width":1024,"height":1024,"url":"https:\/\/www.botta.it\/wp-content\/uploads\/2024\/06\/eco-mushroom-cushioning.png","type":"image\/png"}],"twitter_card":"summary_large_image","twitter_site":"@botta_box","schema":{"@context":"https:\/\/schema.org","@graph":[{"@type":"WebPage","@id":"https:\/\/www.botta.it\/de\/produkte\/eco-produkte\/eco-inner-packaging-de\/eco-mushroom-cushioning\/","url":"https:\/\/www.botta.it\/de\/produkte\/eco-produkte\/eco-inner-packaging-de\/eco-mushroom-cushioning\/","name":"BOTTA EcoPackaging - Eco-Mushroom Cushioning","isPartOf":{"@id":"https:\/\/www.botta.it\/#website"},"datePublished":"2024-06-06T09:49:26+00:00","dateModified":"2025-05-15T09:33:11+00:00","description":"Umweltfreundliche & kompostierbare Verpackung! Nachhaltiger Schutz f\u00fcr Ihre Sendungen.","breadcrumb":{"@id":"https:\/\/www.botta.it\/de\/produkte\/eco-produkte\/eco-inner-packaging-de\/eco-mushroom-cushioning\/#breadcrumb"},"inLanguage":"de","potentialAction":[{"@type":"ReadAction","target":["https:\/\/www.botta.it\/de\/produkte\/eco-produkte\/eco-inner-packaging-de\/eco-mushroom-cushioning\/"]}]},{"@type":"BreadcrumbList","@id":"https:\/\/www.botta.it\/de\/produkte\/eco-produkte\/eco-inner-packaging-de\/eco-mushroom-cushioning\/#breadcrumb","itemListElement":[{"@type":"ListItem","position":1,"name":"Home","item":"https:\/\/www.botta.it\/"},{"@type":"ListItem","position":2,"name":"Prodotti","item":"https:\/\/www.botta.it\/shop\/"},{"@type":"ListItem","position":3,"name":"ECO-PRODUKTE","item":"https:\/\/www.botta.it\/de\/eco-produkte\/"},{"@type":"ListItem","position":4,"name":"ECO-INNER PACKAGING","item":"https:\/\/www.botta.it\/de\/eco-produkte\/eco-inner-packaging\/"},{"@type":"ListItem","position":5,"name":"Eco-Mushroom Cushioning"}]},{"@type":"WebSite","@id":"https:\/\/www.botta.it\/#website","url":"https:\/\/www.botta.it\/","name":"BOTTA PACKAGING \u00bb eco-packaging solutions","description":"\u00d6kologische verpackungsl\u00f6sungen, wellpappe liefert, kartons, umschl\u00e4ge, airbags.","publisher":{"@id":"https:\/\/www.botta.it\/#organization"},"potentialAction":[{"@type":"SearchAction","target":{"@type":"EntryPoint","urlTemplate":"https:\/\/www.botta.it\/?s={search_term_string}"},"query-input":"required name=search_term_string"}],"inLanguage":"de"},{"@type":"Organization","@id":"https:\/\/www.botta.it\/#organization","name":"BOTTA EcoPackaging","url":"https:\/\/www.botta.it\/","logo":{"@type":"ImageObject","inLanguage":"de","@id":"https:\/\/www.botta.it\/#\/schema\/logo\/image\/","url":"https:\/\/www.botta.it\/wp-content\/uploads\/2021\/12\/Logo-RGB.png","contentUrl":"https:\/\/www.botta.it\/wp-content\/uploads\/2021\/12\/Logo-RGB.png","width":1600,"height":1043,"caption":"BOTTA EcoPackaging"},"image":{"@id":"https:\/\/www.botta.it\/#\/schema\/logo\/image\/"},"sameAs":["https:\/\/www.facebook.com\/bottapackaging\/","https:\/\/twitter.com\/botta_box","https:\/\/www.instagram.com\/botta_box\/","https:\/\/it.linkedin.com\/company\/botta-ecopackaging","https:\/\/www.youtube.com\/channel\/UCLhT-tw_FsukJfrKi73c48Q"]}]}},"_links":{"self":[{"href":"https:\/\/www.botta.it\/de\/wp-json\/wp\/v2\/product\/24183"}],"collection":[{"href":"https:\/\/www.botta.it\/de\/wp-json\/wp\/v2\/product"}],"about":[{"href":"https:\/\/www.botta.it\/de\/wp-json\/wp\/v2\/types\/product"}],"version-history":[{"count":1,"href":"https:\/\/www.botta.it\/de\/wp-json\/wp\/v2\/product\/24183\/revisions"}],"predecessor-version":[{"id":24185,"href":"https:\/\/www.botta.it\/de\/wp-json\/wp\/v2\/product\/24183\/revisions\/24185"}],"wp:featuredmedia":[{"embeddable":true,"href":"https:\/\/www.botta.it\/de\/wp-json\/wp\/v2\/media\/26960"}],"wp:attachment":[{"href":"https:\/\/www.botta.it\/de\/wp-json\/wp\/v2\/media?parent=24183"}],"wp:term":[{"taxonomy":"product_cat","embeddable":true,"href":"https:\/\/www.botta.it\/de\/wp-json\/wp\/v2\/product_cat?post=24183"},{"taxonomy":"product_tag","embeddable":true,"href":"https:\/\/www.botta.it\/de\/wp-json\/wp\/v2\/product_tag?post=24183"}],"curies":[{"name":"wp","href":"https:\/\/api.w.org\/{rel}","templated":true}]}}