{"id":23181,"date":"2024-03-27T16:40:38","date_gmt":"2024-03-27T15:40:38","guid":{"rendered":"https:\/\/www.botta.it\/?post_type=product&#038;p=23181"},"modified":"2025-07-15T10:50:34","modified_gmt":"2025-07-15T08:50:34","slug":"eco-pallet-cover-with-straps","status":"publish","type":"product","link":"https:\/\/www.botta.it\/de\/produkte\/eco-produkte\/eco-palletisation-accessories-de\/eco-pallet-cover-with-straps\/","title":{"rendered":"Eco-Pallet Stretch Film Reusable"},"content":{"rendered":"<p>Eco-Pallet Cover ist eine innovative, wiederverwendbare L\u00f6sung, die entwickelt wurde, um herk\u00f6mmliche Plastik-Stretchfolien zu ersetzen. Diese nachhaltige Abdeckung reduziert den Einsatz von Einwegplastik und die Verpackungsabfallmenge erheblich und tr\u00e4gt somit positiv zur Kreislaufwirtschaft bei. Sie verf\u00fcgt \u00fcber ein strapazierf\u00e4higes, verstellbares Gurtband aus robustem PP-Material, das daf\u00fcr sorgt, dass Ihre Ladung w\u00e4hrend des horizontalen und vertikalen Transports unabh\u00e4ngig von der Entfernung stabil bleibt. Dar\u00fcber hinaus ist die \u00d6kopallettenabdeckung vollst\u00e4ndig anpassbar und bietet Optionen f\u00fcr Gr\u00f6\u00dfe, Farbe, Logo, Verschlusssystem und Anwendung, um Ihre spezifischen Anforderungen zu erf\u00fcllen.<\/p>\n","protected":false},"excerpt":{"rendered":"<p><em>Die Wiederverwendbare und Effiziente L\u00f6sung f\u00fcr den Palettentransport<\/em><\/p>\n<ul>\n<li><strong>Wiederverwendbar:<\/strong> Die \u00d6kopallettenabdeckung ist eine wiederverwendbare Alternative zu herk\u00f6mmlicher Plastik-Stretchfolie, um Einwegplastik zu minimieren und die Gesamterzeugung von Verpackungsm\u00fcll zu reduzieren.<\/li>\n<li><strong>Strapazierf\u00e4higes und verstellbares Gurtband:<\/strong> Hergestellt aus PP-Material f\u00fcr eine \u00fcberlegene Laststabilisierung w\u00e4hrend des Transports.<\/li>\n<li><strong>Geeignet f\u00fcr verschiedene Bewegungen:<\/strong> Gew\u00e4hrleistet Stabilit\u00e4t f\u00fcr horizontale oder vertikale Bewegungen, f\u00fcr kurze oder lange Entfernungen.<\/li>\n<li><strong>Anpassbar:<\/strong> Kann in Gr\u00f6\u00dfe, Farbe, Logo, Verschlusssystem und Anwendung individuell angepasst werden, um spezifische Anforderungen zu erf\u00fcllen.<\/li>\n<\/ul>\n","protected":false},"featured_media":26968,"template":"","meta":{"om_disable_all_campaigns":false,"_monsterinsights_skip_tracking":false,"_monsterinsights_sitenote_active":false,"_monsterinsights_sitenote_note":"","_monsterinsights_sitenote_category":0,"site-sidebar-layout":"default","site-content-layout":"default","ast-global-header-display":"","ast-banner-title-visibility":"","ast-main-header-display":"","ast-hfb-above-header-display":"","ast-hfb-below-header-display":"","ast-hfb-mobile-header-display":"","site-post-title":"","ast-breadcrumbs-content":"","ast-featured-img":"","footer-sml-layout":"","theme-transparent-header-meta":"default","adv-header-id-meta":"","stick-header-meta":"","header-above-stick-meta":"","header-main-stick-meta":"","header-below-stick-meta":""},"product_cat":[5310],"product_tag":[],"aioseo_notices":[],"yoast_head":"<!-- This site is optimized with the Yoast SEO Premium plugin v19.2.1 (Yoast SEO v21.9.1) - https:\/\/yoast.com\/wordpress\/plugins\/seo\/ -->\n<title>BOTTA PACKAGING \u00bb eco-packaging solutions - Eco-Pallet Stretch Film Reusable<\/title>\n<meta name=\"description\" content=\"Die wiederverwendbare Alternative zu Plastikstretchfolie. Abfall reduzieren &amp; Paletten f\u00fcr den Transport sichern.\" \/>\n<meta name=\"robots\" content=\"index, follow, max-snippet:-1, max-image-preview:large, max-video-preview:-1\" \/>\n<link rel=\"canonical\" href=\"https:\/\/www.botta.it\/de\/produkte\/eco-produkte\/eco-palletisation-accessories-de\/eco-pallet-cover-with-straps\/\" \/>\n<meta property=\"og:locale\" content=\"de_DE\" \/>\n<meta property=\"og:type\" content=\"article\" \/>\n<meta property=\"og:title\" content=\"Eco-Pallet Stretch Film Reusable\" \/>\n<meta property=\"og:description\" content=\"Die wiederverwendbare Alternative zu Plastikstretchfolie. Abfall reduzieren &amp; Paletten f\u00fcr den Transport sichern.\" \/>\n<meta property=\"og:url\" content=\"https:\/\/www.botta.it\/de\/produkte\/eco-produkte\/eco-palletisation-accessories-de\/eco-pallet-cover-with-straps\/\" \/>\n<meta property=\"og:site_name\" content=\"BOTTA PACKAGING \u00bb eco-packaging solutions\" \/>\n<meta property=\"article:publisher\" content=\"https:\/\/www.facebook.com\/bottapackaging\/\" \/>\n<meta property=\"article:modified_time\" content=\"2025-07-15T08:50:34+00:00\" \/>\n<meta property=\"og:image\" content=\"https:\/\/www.botta.it\/wp-content\/uploads\/2024\/03\/eco-pallet-cover-with-strap.png\" \/>\n\t<meta property=\"og:image:width\" content=\"1024\" \/>\n\t<meta property=\"og:image:height\" content=\"1024\" \/>\n\t<meta property=\"og:image:type\" content=\"image\/png\" \/>\n<meta name=\"twitter:card\" content=\"summary_large_image\" \/>\n<meta name=\"twitter:site\" content=\"@botta_box\" \/>\n<script type=\"application\/ld+json\" class=\"yoast-schema-graph\">{\"@context\":\"https:\/\/schema.org\",\"@graph\":[{\"@type\":\"WebPage\",\"@id\":\"https:\/\/www.botta.it\/de\/produkte\/eco-produkte\/eco-palletisation-accessories-de\/eco-pallet-cover-with-straps\/\",\"url\":\"https:\/\/www.botta.it\/de\/produkte\/eco-produkte\/eco-palletisation-accessories-de\/eco-pallet-cover-with-straps\/\",\"name\":\"BOTTA PACKAGING \u00bb eco-packaging solutions - Eco-Pallet Stretch Film Reusable\",\"isPartOf\":{\"@id\":\"https:\/\/www.botta.it\/#website\"},\"datePublished\":\"2024-03-27T15:40:38+00:00\",\"dateModified\":\"2025-07-15T08:50:34+00:00\",\"description\":\"Die wiederverwendbare Alternative zu Plastikstretchfolie. Abfall reduzieren & Paletten f\u00fcr den Transport sichern.\",\"breadcrumb\":{\"@id\":\"https:\/\/www.botta.it\/de\/produkte\/eco-produkte\/eco-palletisation-accessories-de\/eco-pallet-cover-with-straps\/#breadcrumb\"},\"inLanguage\":\"de\",\"potentialAction\":[{\"@type\":\"ReadAction\",\"target\":[\"https:\/\/www.botta.it\/de\/produkte\/eco-produkte\/eco-palletisation-accessories-de\/eco-pallet-cover-with-straps\/\"]}]},{\"@type\":\"BreadcrumbList\",\"@id\":\"https:\/\/www.botta.it\/de\/produkte\/eco-produkte\/eco-palletisation-accessories-de\/eco-pallet-cover-with-straps\/#breadcrumb\",\"itemListElement\":[{\"@type\":\"ListItem\",\"position\":1,\"name\":\"Home\",\"item\":\"https:\/\/www.botta.it\/\"},{\"@type\":\"ListItem\",\"position\":2,\"name\":\"Prodotti\",\"item\":\"https:\/\/www.botta.it\/shop\/\"},{\"@type\":\"ListItem\",\"position\":3,\"name\":\"ECO PACKAGING\",\"item\":\"https:\/\/www.botta.it\/en\/eco-packaging\/\"},{\"@type\":\"ListItem\",\"position\":4,\"name\":\"ECO-PALLETISATION ACCESSORIES\",\"item\":\"https:\/\/www.botta.it\/en\/eco-packaging\/eco-palletisation-accessories\/\"},{\"@type\":\"ListItem\",\"position\":5,\"name\":\"Eco-Pallet Stretch Film Reusable\"}]},{\"@type\":\"WebSite\",\"@id\":\"https:\/\/www.botta.it\/#website\",\"url\":\"https:\/\/www.botta.it\/\",\"name\":\"BOTTA PACKAGING \u00bb eco-packaging solutions\",\"description\":\"\u00d6kologische verpackungsl\u00f6sungen, wellpappe liefert, kartons, umschl\u00e4ge, airbags.\",\"publisher\":{\"@id\":\"https:\/\/www.botta.it\/#organization\"},\"potentialAction\":[{\"@type\":\"SearchAction\",\"target\":{\"@type\":\"EntryPoint\",\"urlTemplate\":\"https:\/\/www.botta.it\/?s={search_term_string}\"},\"query-input\":\"required name=search_term_string\"}],\"inLanguage\":\"de\"},{\"@type\":\"Organization\",\"@id\":\"https:\/\/www.botta.it\/#organization\",\"name\":\"BOTTA EcoPackaging\",\"url\":\"https:\/\/www.botta.it\/\",\"logo\":{\"@type\":\"ImageObject\",\"inLanguage\":\"de\",\"@id\":\"https:\/\/www.botta.it\/#\/schema\/logo\/image\/\",\"url\":\"https:\/\/www.botta.it\/wp-content\/uploads\/2021\/12\/Logo-RGB.png\",\"contentUrl\":\"https:\/\/www.botta.it\/wp-content\/uploads\/2021\/12\/Logo-RGB.png\",\"width\":1600,\"height\":1043,\"caption\":\"BOTTA EcoPackaging\"},\"image\":{\"@id\":\"https:\/\/www.botta.it\/#\/schema\/logo\/image\/\"},\"sameAs\":[\"https:\/\/www.facebook.com\/bottapackaging\/\",\"https:\/\/twitter.com\/botta_box\",\"https:\/\/www.instagram.com\/botta_box\/\",\"https:\/\/it.linkedin.com\/company\/botta-ecopackaging\",\"https:\/\/www.youtube.com\/channel\/UCLhT-tw_FsukJfrKi73c48Q\"]}]}<\/script>\n<!-- \/ Yoast SEO Premium plugin. -->","yoast_head_json":{"title":"BOTTA PACKAGING \u00bb eco-packaging solutions - Eco-Pallet Stretch Film Reusable","description":"Die wiederverwendbare Alternative zu Plastikstretchfolie. Abfall reduzieren & Paletten f\u00fcr den Transport sichern.","robots":{"index":"index","follow":"follow","max-snippet":"max-snippet:-1","max-image-preview":"max-image-preview:large","max-video-preview":"max-video-preview:-1"},"canonical":"https:\/\/www.botta.it\/de\/produkte\/eco-produkte\/eco-palletisation-accessories-de\/eco-pallet-cover-with-straps\/","og_locale":"de_DE","og_type":"article","og_title":"Eco-Pallet Stretch Film Reusable","og_description":"Die wiederverwendbare Alternative zu Plastikstretchfolie. Abfall reduzieren & Paletten f\u00fcr den Transport sichern.","og_url":"https:\/\/www.botta.it\/de\/produkte\/eco-produkte\/eco-palletisation-accessories-de\/eco-pallet-cover-with-straps\/","og_site_name":"BOTTA PACKAGING \u00bb eco-packaging solutions","article_publisher":"https:\/\/www.facebook.com\/bottapackaging\/","article_modified_time":"2025-07-15T08:50:34+00:00","og_image":[{"width":1024,"height":1024,"url":"https:\/\/www.botta.it\/wp-content\/uploads\/2024\/03\/eco-pallet-cover-with-strap.png","type":"image\/png"}],"twitter_card":"summary_large_image","twitter_site":"@botta_box","schema":{"@context":"https:\/\/schema.org","@graph":[{"@type":"WebPage","@id":"https:\/\/www.botta.it\/de\/produkte\/eco-produkte\/eco-palletisation-accessories-de\/eco-pallet-cover-with-straps\/","url":"https:\/\/www.botta.it\/de\/produkte\/eco-produkte\/eco-palletisation-accessories-de\/eco-pallet-cover-with-straps\/","name":"BOTTA PACKAGING \u00bb eco-packaging solutions - Eco-Pallet Stretch Film Reusable","isPartOf":{"@id":"https:\/\/www.botta.it\/#website"},"datePublished":"2024-03-27T15:40:38+00:00","dateModified":"2025-07-15T08:50:34+00:00","description":"Die wiederverwendbare Alternative zu Plastikstretchfolie. Abfall reduzieren & Paletten f\u00fcr den Transport sichern.","breadcrumb":{"@id":"https:\/\/www.botta.it\/de\/produkte\/eco-produkte\/eco-palletisation-accessories-de\/eco-pallet-cover-with-straps\/#breadcrumb"},"inLanguage":"de","potentialAction":[{"@type":"ReadAction","target":["https:\/\/www.botta.it\/de\/produkte\/eco-produkte\/eco-palletisation-accessories-de\/eco-pallet-cover-with-straps\/"]}]},{"@type":"BreadcrumbList","@id":"https:\/\/www.botta.it\/de\/produkte\/eco-produkte\/eco-palletisation-accessories-de\/eco-pallet-cover-with-straps\/#breadcrumb","itemListElement":[{"@type":"ListItem","position":1,"name":"Home","item":"https:\/\/www.botta.it\/"},{"@type":"ListItem","position":2,"name":"Prodotti","item":"https:\/\/www.botta.it\/shop\/"},{"@type":"ListItem","position":3,"name":"ECO PACKAGING","item":"https:\/\/www.botta.it\/en\/eco-packaging\/"},{"@type":"ListItem","position":4,"name":"ECO-PALLETISATION ACCESSORIES","item":"https:\/\/www.botta.it\/en\/eco-packaging\/eco-palletisation-accessories\/"},{"@type":"ListItem","position":5,"name":"Eco-Pallet Stretch Film Reusable"}]},{"@type":"WebSite","@id":"https:\/\/www.botta.it\/#website","url":"https:\/\/www.botta.it\/","name":"BOTTA PACKAGING \u00bb eco-packaging solutions","description":"\u00d6kologische verpackungsl\u00f6sungen, wellpappe liefert, kartons, umschl\u00e4ge, airbags.","publisher":{"@id":"https:\/\/www.botta.it\/#organization"},"potentialAction":[{"@type":"SearchAction","target":{"@type":"EntryPoint","urlTemplate":"https:\/\/www.botta.it\/?s={search_term_string}"},"query-input":"required name=search_term_string"}],"inLanguage":"de"},{"@type":"Organization","@id":"https:\/\/www.botta.it\/#organization","name":"BOTTA EcoPackaging","url":"https:\/\/www.botta.it\/","logo":{"@type":"ImageObject","inLanguage":"de","@id":"https:\/\/www.botta.it\/#\/schema\/logo\/image\/","url":"https:\/\/www.botta.it\/wp-content\/uploads\/2021\/12\/Logo-RGB.png","contentUrl":"https:\/\/www.botta.it\/wp-content\/uploads\/2021\/12\/Logo-RGB.png","width":1600,"height":1043,"caption":"BOTTA EcoPackaging"},"image":{"@id":"https:\/\/www.botta.it\/#\/schema\/logo\/image\/"},"sameAs":["https:\/\/www.facebook.com\/bottapackaging\/","https:\/\/twitter.com\/botta_box","https:\/\/www.instagram.com\/botta_box\/","https:\/\/it.linkedin.com\/company\/botta-ecopackaging","https:\/\/www.youtube.com\/channel\/UCLhT-tw_FsukJfrKi73c48Q"]}]}},"_links":{"self":[{"href":"https:\/\/www.botta.it\/de\/wp-json\/wp\/v2\/product\/23181"}],"collection":[{"href":"https:\/\/www.botta.it\/de\/wp-json\/wp\/v2\/product"}],"about":[{"href":"https:\/\/www.botta.it\/de\/wp-json\/wp\/v2\/types\/product"}],"version-history":[{"count":2,"href":"https:\/\/www.botta.it\/de\/wp-json\/wp\/v2\/product\/23181\/revisions"}],"predecessor-version":[{"id":23433,"href":"https:\/\/www.botta.it\/de\/wp-json\/wp\/v2\/product\/23181\/revisions\/23433"}],"wp:featuredmedia":[{"embeddable":true,"href":"https:\/\/www.botta.it\/de\/wp-json\/wp\/v2\/media\/26968"}],"wp:attachment":[{"href":"https:\/\/www.botta.it\/de\/wp-json\/wp\/v2\/media?parent=23181"}],"wp:term":[{"taxonomy":"product_cat","embeddable":true,"href":"https:\/\/www.botta.it\/de\/wp-json\/wp\/v2\/product_cat?post=23181"},{"taxonomy":"product_tag","embeddable":true,"href":"https:\/\/www.botta.it\/de\/wp-json\/wp\/v2\/product_tag?post=23181"}],"curies":[{"name":"wp","href":"https:\/\/api.w.org\/{rel}","templated":true}]}}