{"id":22737,"date":"2024-02-12T14:52:30","date_gmt":"2024-02-12T13:52:30","guid":{"rendered":"https:\/\/www.botta.it\/?post_type=product&#038;p=22737"},"modified":"2025-05-15T15:02:13","modified_gmt":"2025-05-15T13:02:13","slug":"eco-paper-watch-holder","status":"publish","type":"product","link":"https:\/\/www.botta.it\/de\/produkte\/eco-produkte\/eco-luxury-solutions-de\/eco-paper-watch-holder\/","title":{"rendered":"Eco-Paper Watch Holder"},"content":{"rendered":"<p>Eco-Paper Watch Holder wurde entwickelt, um die g\u00e4ngigeren PU-Schaumeinlagen zu ersetzen, die in der Regel f\u00fcr Uhren und Schmuck verwendet werden. Aus FSC\u00ae-zertifizierten weichen Papierpolstern gefertigt, sind sie au\u00dferdem stilvoll, originell und individuell anpassbar und bieten hohe Flexibilit\u00e4t. Die mehrschichtige Konstruktion in Verbindung mit gepr\u00e4gten Schichten sorgt f\u00fcr hervorragenden mechanischen Schutz w\u00e4hrend des Transports. Dar\u00fcber hinaus sind diese gepolsterten Kissen nicht nur papier-recycelbar, sondern k\u00f6nnen auch als einzigartiges Werbemittel mit individuellen Formen, Farben und Grafiken dienen. Ideal f\u00fcr Luxusprodukte, verf\u00fcgen diese Halter \u00fcber eine glatte Oberfl\u00e4che zum Schutz Ihrer Artikel vor Kratzern. W\u00e4hlen Sie zwischen Luxus-Schwarz, klassischem Wei\u00df oder neutralem Braun, um das Image Ihrer Marke zu unterstreichen.<\/p>\n","protected":false},"excerpt":{"rendered":"<p><em>Die papierbasierte Alternative zu traditionellen Schaumstoffeinlagen<\/em><\/p>\n<ul>\n<li><strong>Patentiert<\/strong><\/li>\n<li><strong>100% umweltfreundlich:<\/strong>\u00a0Hergestellt aus FSC\u00ae-zertifizierten weichen Papierpolstern,\u00a0sind unsere Uhrenhalter nicht nur flexibel,\u00a0sondern auch umweltbewusst.<\/li>\n<li><strong>Papier-recycelbar<\/strong><\/li>\n<li><strong>Mehrschichtige Konstruktion:<\/strong>\u00a0Bestehend aus 2 bis 9 Papierlagen mit gepr\u00e4gten Schichten f\u00fcr eine Polsterwirkung,\u00a0die mechanischen Schutz vor Druck und St\u00f6\u00dfen w\u00e4hrend des Transports bietet.<\/li>\n<li><strong>Vielseitige Werbung:<\/strong>\u00a0Das gepolsterte Papierkissen dient als hervorragendes Werbemittel und bietet Optionen zur individuellen Gestaltung,\u00a0wie das Zuschneiden in verschiedene Formen und Bedrucken mit individuellen Farben und Grafiken.<\/li>\n<li><strong>\u00c4sthetisch ansprechend:<\/strong>\u00a0Unsere Uhren-\/Schmuckhalter verf\u00fcgen \u00fcber ein markantes Design mit wellenf\u00f6rmigen Linien zwischen der Polsterung,\u00a0das Ihren Produkten ein einzigartiges und \u00e4sthetisches Aussehen verleiht.<\/li>\n<li><strong>Ideal f\u00fcr Luxusprodukte:<\/strong>\u00a0Die Uhrenhalter verf\u00fcgen \u00fcber eine glatte Oberfl\u00e4che,\u00a0um Spuren oder Kratzer auf Ihren wertvollen Produkten zu vermeiden.<\/li>\n<li><strong>Farboptionen:<\/strong>\u00a0Erh\u00e4ltlich in den Farben Luxus-Schwarz,\u00a0klassisches Wei\u00df und neutrales Braun,\u00a0um verschiedene Marken\u00e4sthetiken zu erg\u00e4nzen.<\/li>\n<\/ul>\n","protected":false},"featured_media":27008,"template":"","meta":{"om_disable_all_campaigns":false,"_monsterinsights_skip_tracking":false,"_monsterinsights_sitenote_active":false,"_monsterinsights_sitenote_note":"","_monsterinsights_sitenote_category":0,"site-sidebar-layout":"default","site-content-layout":"default","ast-global-header-display":"","ast-banner-title-visibility":"","ast-main-header-display":"","ast-hfb-above-header-display":"","ast-hfb-below-header-display":"","ast-hfb-mobile-header-display":"","site-post-title":"","ast-breadcrumbs-content":"","ast-featured-img":"","footer-sml-layout":"","theme-transparent-header-meta":"default","adv-header-id-meta":"","stick-header-meta":"","header-above-stick-meta":"","header-main-stick-meta":"","header-below-stick-meta":""},"product_cat":[5306],"product_tag":[],"aioseo_notices":[],"yoast_head":"<!-- This site is optimized with the Yoast SEO Premium plugin v19.2.1 (Yoast SEO v21.9.1) - https:\/\/yoast.com\/wordpress\/plugins\/seo\/ -->\n<title>Eco-Paper Watch Holder<\/title>\n<meta name=\"description\" content=\"Eco-Paper Watch Holder wurde entwickelt, um die g\u00e4ngigeren PU-Schaumeinlagen zu ersetzen, die in der Regel f\u00fcr Uhren und Schmuck verwendet werden.\" \/>\n<meta name=\"robots\" content=\"index, follow, max-snippet:-1, max-image-preview:large, max-video-preview:-1\" \/>\n<link rel=\"canonical\" href=\"https:\/\/www.botta.it\/de\/produkte\/eco-produkte\/eco-luxury-solutions-de\/eco-paper-watch-holder\/\" \/>\n<meta property=\"og:locale\" content=\"de_DE\" \/>\n<meta property=\"og:type\" content=\"article\" \/>\n<meta property=\"og:title\" content=\"Eco-Paper Watch Holder\" \/>\n<meta property=\"og:description\" content=\"Eco-Paper Watch Holder wurde entwickelt, um die g\u00e4ngigeren PU-Schaumeinlagen zu ersetzen, die in der Regel f\u00fcr Uhren und Schmuck verwendet werden.\" \/>\n<meta property=\"og:url\" content=\"https:\/\/www.botta.it\/de\/produkte\/eco-produkte\/eco-luxury-solutions-de\/eco-paper-watch-holder\/\" \/>\n<meta property=\"og:site_name\" content=\"BOTTA PACKAGING \u00bb eco-packaging solutions\" \/>\n<meta property=\"article:publisher\" content=\"https:\/\/www.facebook.com\/bottapackaging\/\" \/>\n<meta property=\"article:modified_time\" content=\"2025-05-15T13:02:13+00:00\" \/>\n<meta property=\"og:image\" content=\"https:\/\/www.botta.it\/wp-content\/uploads\/2024\/02\/Eco-paper-watch-holder-1-1024x1024.png\" \/>\n\t<meta property=\"og:image:width\" content=\"1024\" \/>\n\t<meta property=\"og:image:height\" content=\"1024\" \/>\n\t<meta property=\"og:image:type\" content=\"image\/png\" \/>\n<meta name=\"twitter:card\" content=\"summary_large_image\" \/>\n<meta name=\"twitter:site\" content=\"@botta_box\" \/>\n<script type=\"application\/ld+json\" class=\"yoast-schema-graph\">{\"@context\":\"https:\/\/schema.org\",\"@graph\":[{\"@type\":\"WebPage\",\"@id\":\"https:\/\/www.botta.it\/de\/produkte\/eco-produkte\/eco-luxury-solutions-de\/eco-paper-watch-holder\/\",\"url\":\"https:\/\/www.botta.it\/de\/produkte\/eco-produkte\/eco-luxury-solutions-de\/eco-paper-watch-holder\/\",\"name\":\"Eco-Paper Watch Holder\",\"isPartOf\":{\"@id\":\"https:\/\/www.botta.it\/#website\"},\"datePublished\":\"2024-02-12T13:52:30+00:00\",\"dateModified\":\"2025-05-15T13:02:13+00:00\",\"description\":\"Eco-Paper Watch Holder wurde entwickelt, um die g\u00e4ngigeren PU-Schaumeinlagen zu ersetzen, die in der Regel f\u00fcr Uhren und Schmuck verwendet werden.\",\"breadcrumb\":{\"@id\":\"https:\/\/www.botta.it\/de\/produkte\/eco-produkte\/eco-luxury-solutions-de\/eco-paper-watch-holder\/#breadcrumb\"},\"inLanguage\":\"de\",\"potentialAction\":[{\"@type\":\"ReadAction\",\"target\":[\"https:\/\/www.botta.it\/de\/produkte\/eco-produkte\/eco-luxury-solutions-de\/eco-paper-watch-holder\/\"]}]},{\"@type\":\"BreadcrumbList\",\"@id\":\"https:\/\/www.botta.it\/de\/produkte\/eco-produkte\/eco-luxury-solutions-de\/eco-paper-watch-holder\/#breadcrumb\",\"itemListElement\":[{\"@type\":\"ListItem\",\"position\":1,\"name\":\"Home\",\"item\":\"https:\/\/www.botta.it\/\"},{\"@type\":\"ListItem\",\"position\":2,\"name\":\"Prodotti\",\"item\":\"https:\/\/www.botta.it\/shop\/\"},{\"@type\":\"ListItem\",\"position\":3,\"name\":\"ECO PACKAGING\",\"item\":\"https:\/\/www.botta.it\/eco-packaging\/\"},{\"@type\":\"ListItem\",\"position\":4,\"name\":\"ECO-LUXURY SOLUTIONS\",\"item\":\"https:\/\/www.botta.it\/eco-packaging\/eco-luxury-solutions\/\"},{\"@type\":\"ListItem\",\"position\":5,\"name\":\"Eco-Paper Watch Holder\"}]},{\"@type\":\"WebSite\",\"@id\":\"https:\/\/www.botta.it\/#website\",\"url\":\"https:\/\/www.botta.it\/\",\"name\":\"BOTTA PACKAGING \u00bb eco-packaging solutions\",\"description\":\"\u00d6kologische verpackungsl\u00f6sungen, wellpappe liefert, kartons, umschl\u00e4ge, airbags.\",\"publisher\":{\"@id\":\"https:\/\/www.botta.it\/#organization\"},\"potentialAction\":[{\"@type\":\"SearchAction\",\"target\":{\"@type\":\"EntryPoint\",\"urlTemplate\":\"https:\/\/www.botta.it\/?s={search_term_string}\"},\"query-input\":\"required name=search_term_string\"}],\"inLanguage\":\"de\"},{\"@type\":\"Organization\",\"@id\":\"https:\/\/www.botta.it\/#organization\",\"name\":\"BOTTA EcoPackaging\",\"url\":\"https:\/\/www.botta.it\/\",\"logo\":{\"@type\":\"ImageObject\",\"inLanguage\":\"de\",\"@id\":\"https:\/\/www.botta.it\/#\/schema\/logo\/image\/\",\"url\":\"https:\/\/www.botta.it\/wp-content\/uploads\/2021\/12\/Logo-RGB.png\",\"contentUrl\":\"https:\/\/www.botta.it\/wp-content\/uploads\/2021\/12\/Logo-RGB.png\",\"width\":1600,\"height\":1043,\"caption\":\"BOTTA EcoPackaging\"},\"image\":{\"@id\":\"https:\/\/www.botta.it\/#\/schema\/logo\/image\/\"},\"sameAs\":[\"https:\/\/www.facebook.com\/bottapackaging\/\",\"https:\/\/twitter.com\/botta_box\",\"https:\/\/www.instagram.com\/botta_box\/\",\"https:\/\/it.linkedin.com\/company\/botta-ecopackaging\",\"https:\/\/www.youtube.com\/channel\/UCLhT-tw_FsukJfrKi73c48Q\"]}]}<\/script>\n<!-- \/ Yoast SEO Premium plugin. -->","yoast_head_json":{"title":"Eco-Paper Watch Holder","description":"Eco-Paper Watch Holder wurde entwickelt, um die g\u00e4ngigeren PU-Schaumeinlagen zu ersetzen, die in der Regel f\u00fcr Uhren und Schmuck verwendet werden.","robots":{"index":"index","follow":"follow","max-snippet":"max-snippet:-1","max-image-preview":"max-image-preview:large","max-video-preview":"max-video-preview:-1"},"canonical":"https:\/\/www.botta.it\/de\/produkte\/eco-produkte\/eco-luxury-solutions-de\/eco-paper-watch-holder\/","og_locale":"de_DE","og_type":"article","og_title":"Eco-Paper Watch Holder","og_description":"Eco-Paper Watch Holder wurde entwickelt, um die g\u00e4ngigeren PU-Schaumeinlagen zu ersetzen, die in der Regel f\u00fcr Uhren und Schmuck verwendet werden.","og_url":"https:\/\/www.botta.it\/de\/produkte\/eco-produkte\/eco-luxury-solutions-de\/eco-paper-watch-holder\/","og_site_name":"BOTTA PACKAGING \u00bb eco-packaging solutions","article_publisher":"https:\/\/www.facebook.com\/bottapackaging\/","article_modified_time":"2025-05-15T13:02:13+00:00","og_image":[{"width":1024,"height":1024,"url":"https:\/\/www.botta.it\/wp-content\/uploads\/2024\/02\/Eco-paper-watch-holder-1-1024x1024.png","type":"image\/png"}],"twitter_card":"summary_large_image","twitter_site":"@botta_box","schema":{"@context":"https:\/\/schema.org","@graph":[{"@type":"WebPage","@id":"https:\/\/www.botta.it\/de\/produkte\/eco-produkte\/eco-luxury-solutions-de\/eco-paper-watch-holder\/","url":"https:\/\/www.botta.it\/de\/produkte\/eco-produkte\/eco-luxury-solutions-de\/eco-paper-watch-holder\/","name":"Eco-Paper Watch Holder","isPartOf":{"@id":"https:\/\/www.botta.it\/#website"},"datePublished":"2024-02-12T13:52:30+00:00","dateModified":"2025-05-15T13:02:13+00:00","description":"Eco-Paper Watch Holder wurde entwickelt, um die g\u00e4ngigeren PU-Schaumeinlagen zu ersetzen, die in der Regel f\u00fcr Uhren und Schmuck verwendet werden.","breadcrumb":{"@id":"https:\/\/www.botta.it\/de\/produkte\/eco-produkte\/eco-luxury-solutions-de\/eco-paper-watch-holder\/#breadcrumb"},"inLanguage":"de","potentialAction":[{"@type":"ReadAction","target":["https:\/\/www.botta.it\/de\/produkte\/eco-produkte\/eco-luxury-solutions-de\/eco-paper-watch-holder\/"]}]},{"@type":"BreadcrumbList","@id":"https:\/\/www.botta.it\/de\/produkte\/eco-produkte\/eco-luxury-solutions-de\/eco-paper-watch-holder\/#breadcrumb","itemListElement":[{"@type":"ListItem","position":1,"name":"Home","item":"https:\/\/www.botta.it\/"},{"@type":"ListItem","position":2,"name":"Prodotti","item":"https:\/\/www.botta.it\/shop\/"},{"@type":"ListItem","position":3,"name":"ECO PACKAGING","item":"https:\/\/www.botta.it\/eco-packaging\/"},{"@type":"ListItem","position":4,"name":"ECO-LUXURY SOLUTIONS","item":"https:\/\/www.botta.it\/eco-packaging\/eco-luxury-solutions\/"},{"@type":"ListItem","position":5,"name":"Eco-Paper Watch Holder"}]},{"@type":"WebSite","@id":"https:\/\/www.botta.it\/#website","url":"https:\/\/www.botta.it\/","name":"BOTTA PACKAGING \u00bb eco-packaging solutions","description":"\u00d6kologische verpackungsl\u00f6sungen, wellpappe liefert, kartons, umschl\u00e4ge, airbags.","publisher":{"@id":"https:\/\/www.botta.it\/#organization"},"potentialAction":[{"@type":"SearchAction","target":{"@type":"EntryPoint","urlTemplate":"https:\/\/www.botta.it\/?s={search_term_string}"},"query-input":"required name=search_term_string"}],"inLanguage":"de"},{"@type":"Organization","@id":"https:\/\/www.botta.it\/#organization","name":"BOTTA EcoPackaging","url":"https:\/\/www.botta.it\/","logo":{"@type":"ImageObject","inLanguage":"de","@id":"https:\/\/www.botta.it\/#\/schema\/logo\/image\/","url":"https:\/\/www.botta.it\/wp-content\/uploads\/2021\/12\/Logo-RGB.png","contentUrl":"https:\/\/www.botta.it\/wp-content\/uploads\/2021\/12\/Logo-RGB.png","width":1600,"height":1043,"caption":"BOTTA EcoPackaging"},"image":{"@id":"https:\/\/www.botta.it\/#\/schema\/logo\/image\/"},"sameAs":["https:\/\/www.facebook.com\/bottapackaging\/","https:\/\/twitter.com\/botta_box","https:\/\/www.instagram.com\/botta_box\/","https:\/\/it.linkedin.com\/company\/botta-ecopackaging","https:\/\/www.youtube.com\/channel\/UCLhT-tw_FsukJfrKi73c48Q"]}]}},"_links":{"self":[{"href":"https:\/\/www.botta.it\/de\/wp-json\/wp\/v2\/product\/22737"}],"collection":[{"href":"https:\/\/www.botta.it\/de\/wp-json\/wp\/v2\/product"}],"about":[{"href":"https:\/\/www.botta.it\/de\/wp-json\/wp\/v2\/types\/product"}],"version-history":[{"count":2,"href":"https:\/\/www.botta.it\/de\/wp-json\/wp\/v2\/product\/22737\/revisions"}],"predecessor-version":[{"id":24891,"href":"https:\/\/www.botta.it\/de\/wp-json\/wp\/v2\/product\/22737\/revisions\/24891"}],"wp:featuredmedia":[{"embeddable":true,"href":"https:\/\/www.botta.it\/de\/wp-json\/wp\/v2\/media\/27008"}],"wp:attachment":[{"href":"https:\/\/www.botta.it\/de\/wp-json\/wp\/v2\/media?parent=22737"}],"wp:term":[{"taxonomy":"product_cat","embeddable":true,"href":"https:\/\/www.botta.it\/de\/wp-json\/wp\/v2\/product_cat?post=22737"},{"taxonomy":"product_tag","embeddable":true,"href":"https:\/\/www.botta.it\/de\/wp-json\/wp\/v2\/product_tag?post=22737"}],"curies":[{"name":"wp","href":"https:\/\/api.w.org\/{rel}","templated":true}]}}