{"id":22692,"date":"2024-02-12T11:38:09","date_gmt":"2024-02-12T10:38:09","guid":{"rendered":"https:\/\/www.botta.it\/?post_type=product&#038;p=22692"},"modified":"2025-05-19T15:10:04","modified_gmt":"2025-05-19T13:10:04","slug":"22692","status":"publish","type":"product","link":"https:\/\/www.botta.it\/de\/prodotto\/eco-produkte\/eco-palletisation-accessories-de\/eco-home-compostable-stretch-film\/","title":{"rendered":"ECO-HOME COMPOSTABLE STRETCH FILM"},"content":{"rendered":"<p>Die Eco Home Compostable Stretch Film ist ein revolution\u00e4res Produkt, das eine intelligente und umweltfreundliche Alternative zur traditionellen Stretchfolie aus Kunststoff zum Sichern und Sch\u00fctzen von Waren bietet. Sie besteht aus einer heimkompostierbaren Folie, die sich auf nat\u00fcrliche Weise zu organischem Material abbaut und Abfall und CO2-Emissionen reduziert. Mit hervorragenden Dehnf\u00e4higkeiten, Selbstklebrigkeit und Kompatibilit\u00e4t mit verschiedenen Maschinen gew\u00e4hrleistet diese Folie eine zuverl\u00e4ssige und vielseitige Verpackung f\u00fcr Transportschutz und Pr\u00e4sentation. W\u00e4hlen Sie Nachhaltigkeit, ohne Kompromisse bei der Leistung einzugehen, mit der Eco Home Compostable Stretch Film.<\/p>\n","protected":false},"excerpt":{"rendered":"<p><em>Nachhaltige, strapazierf\u00e4hige und vielseitige Verpackungsl\u00f6sung<\/em><\/p>\n<ul>\n<li><strong>Heimkompostierbar:<\/strong>\u00a0Kann zusammen mit anderen organischen Abf\u00e4llen kompostiert werden,\u00a0wodurch n\u00e4hrstoffreicher Boden entsteht,\u00a0der der Landwirtschaft zugute kommt.<\/li>\n<li><strong>Umweltfreundlich:<\/strong>\u00a0Teilweise aus biobasierten Harzen hergestellt,\u00a0die den Einsatz von fossilen Brennstoffen reduzieren und eine nachhaltigere Lieferkette gew\u00e4hrleisten.<\/li>\n<li><strong>\u00c4hnliche Leistung wie PE\/PVC-Folie:<\/strong>\u00a0Bietet zuverl\u00e4ssige Dehnbarkeit,\u00a0hohen Glanz und Klarheit und sorgt so f\u00fcr sichere Verpackungen f\u00fcr verschiedene Anwendungen.<\/li>\n<li><strong>Haltbar:<\/strong>\u00a0Bietet eine Haltbarkeit von 6 Monaten,\u00a0was die Langlebigkeit und Benutzerfreundlichkeit des Produkts gew\u00e4hrleistet.<\/li>\n<li><strong>Vielseitigkeit:<\/strong>\u00a0Funktioniert auf manuellen,\u00a0halb- und vollautomatischen Maschinen.<\/li>\n<\/ul>\n","protected":false},"featured_media":22679,"template":"","meta":{"om_disable_all_campaigns":false,"_monsterinsights_skip_tracking":false,"_monsterinsights_sitenote_active":false,"_monsterinsights_sitenote_note":"","_monsterinsights_sitenote_category":0,"site-sidebar-layout":"default","site-content-layout":"default","ast-global-header-display":"","ast-banner-title-visibility":"","ast-main-header-display":"","ast-hfb-above-header-display":"","ast-hfb-below-header-display":"","ast-hfb-mobile-header-display":"","site-post-title":"","ast-breadcrumbs-content":"","ast-featured-img":"","footer-sml-layout":"","theme-transparent-header-meta":"default","adv-header-id-meta":"","stick-header-meta":"","header-above-stick-meta":"","header-main-stick-meta":"","header-below-stick-meta":""},"product_cat":[5310],"product_tag":[],"aioseo_notices":[],"yoast_head":"<!-- This site is optimized with the Yoast SEO Premium plugin v19.2.1 (Yoast SEO v21.9.1) - https:\/\/yoast.com\/wordpress\/plugins\/seo\/ -->\n<title>BOTTA PACKAGING \u00bb eco-verpackungsl\u00f6sungen - ECO-HOME COMPOSTABLE STRETCH FILM<\/title>\n<meta name=\"robots\" content=\"index, follow, max-snippet:-1, max-image-preview:large, max-video-preview:-1\" \/>\n<link rel=\"canonical\" href=\"https:\/\/www.botta.it\/de\/prodotto\/eco-produkte\/eco-palletisation-accessories-de\/eco-home-compostable-stretch-film\/\" \/>\n<meta property=\"og:locale\" content=\"de_DE\" \/>\n<meta property=\"og:type\" content=\"article\" \/>\n<meta property=\"og:title\" content=\"ECO-HOME COMPOSTABLE STRETCH FILM\" \/>\n<meta property=\"og:description\" content=\"Nachhaltige, strapazierf\u00e4hige und vielseitige Verpackungsl\u00f6sung   Heimkompostierbar:\u00a0Kann zusammen mit anderen organischen Abf\u00e4llen kompostiert werden,\u00a0wodurch n\u00e4hrstoffreicher Boden entsteht,\u00a0der der Landwirtschaft zugute kommt.  Umweltfreundlich:\u00a0Teilweise aus biobasierten Harzen hergestellt,\u00a0die den Einsatz von fossilen Brennstoffen reduzieren und eine nachhaltigere Lieferkette gew\u00e4hrleisten.  \u00c4hnliche Leistung wie PE\/PVC-Folie:\u00a0Bietet zuverl\u00e4ssige Dehnbarkeit,\u00a0hohen Glanz und Klarheit und sorgt so f\u00fcr sichere Verpackungen f\u00fcr verschiedene Anwendungen.  Haltbar:\u00a0Bietet eine Haltbarkeit von 6 Monaten,\u00a0was die Langlebigkeit und Benutzerfreundlichkeit des Produkts gew\u00e4hrleistet.  Vielseitigkeit:\u00a0Funktioniert auf manuellen,\u00a0halb- und vollautomatischen Maschinen.\" \/>\n<meta property=\"og:url\" content=\"https:\/\/www.botta.it\/de\/prodotto\/eco-produkte\/eco-palletisation-accessories-de\/eco-home-compostable-stretch-film\/\" \/>\n<meta property=\"og:site_name\" content=\"BOTTA PACKAGING \u00bb eco-verpackungsl\u00f6sungen\" \/>\n<meta property=\"article:publisher\" content=\"https:\/\/www.facebook.com\/bottapackaging\/\" \/>\n<meta property=\"article:modified_time\" content=\"2025-05-19T13:10:04+00:00\" \/>\n<meta property=\"og:image\" content=\"https:\/\/www.botta.it\/wp-content\/uploads\/2024\/02\/eco-home-compostable-stretch-film-1.png\" \/>\n\t<meta property=\"og:image:width\" content=\"1080\" \/>\n\t<meta property=\"og:image:height\" content=\"1080\" \/>\n\t<meta property=\"og:image:type\" content=\"image\/png\" \/>\n<meta name=\"twitter:card\" content=\"summary_large_image\" \/>\n<meta name=\"twitter:site\" content=\"@botta_box\" \/>\n<script type=\"application\/ld+json\" class=\"yoast-schema-graph\">{\"@context\":\"https:\/\/schema.org\",\"@graph\":[{\"@type\":\"WebPage\",\"@id\":\"https:\/\/www.botta.it\/de\/prodotto\/eco-produkte\/eco-palletisation-accessories-de\/eco-home-compostable-stretch-film\/\",\"url\":\"https:\/\/www.botta.it\/de\/prodotto\/eco-produkte\/eco-palletisation-accessories-de\/eco-home-compostable-stretch-film\/\",\"name\":\"BOTTA PACKAGING \u00bb eco-verpackungsl\u00f6sungen - ECO-HOME COMPOSTABLE STRETCH FILM\",\"isPartOf\":{\"@id\":\"https:\/\/www.botta.it\/#website\"},\"datePublished\":\"2024-02-12T10:38:09+00:00\",\"dateModified\":\"2025-05-19T13:10:04+00:00\",\"breadcrumb\":{\"@id\":\"https:\/\/www.botta.it\/de\/prodotto\/eco-produkte\/eco-palletisation-accessories-de\/eco-home-compostable-stretch-film\/#breadcrumb\"},\"inLanguage\":\"de\",\"potentialAction\":[{\"@type\":\"ReadAction\",\"target\":[\"https:\/\/www.botta.it\/de\/prodotto\/eco-produkte\/eco-palletisation-accessories-de\/eco-home-compostable-stretch-film\/\"]}]},{\"@type\":\"BreadcrumbList\",\"@id\":\"https:\/\/www.botta.it\/de\/prodotto\/eco-produkte\/eco-palletisation-accessories-de\/eco-home-compostable-stretch-film\/#breadcrumb\",\"itemListElement\":[{\"@type\":\"ListItem\",\"position\":1,\"name\":\"Home\",\"item\":\"https:\/\/www.botta.it\/\"},{\"@type\":\"ListItem\",\"position\":2,\"name\":\"Prodotti\",\"item\":\"https:\/\/www.botta.it\/shop\/\"},{\"@type\":\"ListItem\",\"position\":3,\"name\":\"ECO PACKAGING\",\"item\":\"https:\/\/www.botta.it\/eco-packaging\/\"},{\"@type\":\"ListItem\",\"position\":4,\"name\":\"ECO-PALLETIZZAZIONE E ACCESSORI\",\"item\":\"https:\/\/www.botta.it\/eco-packaging\/eco-palletizzazione-e-accessori\/\"},{\"@type\":\"ListItem\",\"position\":5,\"name\":\"ECO-HOME COMPOSTABLE STRETCH FILM\"}]},{\"@type\":\"WebSite\",\"@id\":\"https:\/\/www.botta.it\/#website\",\"url\":\"https:\/\/www.botta.it\/\",\"name\":\"BOTTA PACKAGING \u00bb eco-verpackungsl\u00f6sungen\",\"description\":\"\u00d6kologische verpackungsl\u00f6sungen, wellpappe liefert, kartons, umschl\u00e4ge, airbags.\",\"publisher\":{\"@id\":\"https:\/\/www.botta.it\/#organization\"},\"potentialAction\":[{\"@type\":\"SearchAction\",\"target\":{\"@type\":\"EntryPoint\",\"urlTemplate\":\"https:\/\/www.botta.it\/?s={search_term_string}\"},\"query-input\":\"required name=search_term_string\"}],\"inLanguage\":\"de\"},{\"@type\":\"Organization\",\"@id\":\"https:\/\/www.botta.it\/#organization\",\"name\":\"BOTTA EcoPackaging\",\"url\":\"https:\/\/www.botta.it\/\",\"logo\":{\"@type\":\"ImageObject\",\"inLanguage\":\"de\",\"@id\":\"https:\/\/www.botta.it\/#\/schema\/logo\/image\/\",\"url\":\"https:\/\/www.botta.it\/wp-content\/uploads\/2021\/12\/Logo-RGB.png\",\"contentUrl\":\"https:\/\/www.botta.it\/wp-content\/uploads\/2021\/12\/Logo-RGB.png\",\"width\":1600,\"height\":1043,\"caption\":\"BOTTA EcoPackaging\"},\"image\":{\"@id\":\"https:\/\/www.botta.it\/#\/schema\/logo\/image\/\"},\"sameAs\":[\"https:\/\/www.facebook.com\/bottapackaging\/\",\"https:\/\/twitter.com\/botta_box\",\"https:\/\/www.instagram.com\/botta_box\/\",\"https:\/\/it.linkedin.com\/company\/botta-ecopackaging\",\"https:\/\/www.youtube.com\/channel\/UCLhT-tw_FsukJfrKi73c48Q\"]}]}<\/script>\n<!-- \/ Yoast SEO Premium plugin. -->","yoast_head_json":{"title":"BOTTA PACKAGING \u00bb eco-verpackungsl\u00f6sungen - ECO-HOME COMPOSTABLE STRETCH FILM","robots":{"index":"index","follow":"follow","max-snippet":"max-snippet:-1","max-image-preview":"max-image-preview:large","max-video-preview":"max-video-preview:-1"},"canonical":"https:\/\/www.botta.it\/de\/prodotto\/eco-produkte\/eco-palletisation-accessories-de\/eco-home-compostable-stretch-film\/","og_locale":"de_DE","og_type":"article","og_title":"ECO-HOME COMPOSTABLE STRETCH FILM","og_description":"Nachhaltige, strapazierf\u00e4hige und vielseitige Verpackungsl\u00f6sung   Heimkompostierbar:\u00a0Kann zusammen mit anderen organischen Abf\u00e4llen kompostiert werden,\u00a0wodurch n\u00e4hrstoffreicher Boden entsteht,\u00a0der der Landwirtschaft zugute kommt.  Umweltfreundlich:\u00a0Teilweise aus biobasierten Harzen hergestellt,\u00a0die den Einsatz von fossilen Brennstoffen reduzieren und eine nachhaltigere Lieferkette gew\u00e4hrleisten.  \u00c4hnliche Leistung wie PE\/PVC-Folie:\u00a0Bietet zuverl\u00e4ssige Dehnbarkeit,\u00a0hohen Glanz und Klarheit und sorgt so f\u00fcr sichere Verpackungen f\u00fcr verschiedene Anwendungen.  Haltbar:\u00a0Bietet eine Haltbarkeit von 6 Monaten,\u00a0was die Langlebigkeit und Benutzerfreundlichkeit des Produkts gew\u00e4hrleistet.  Vielseitigkeit:\u00a0Funktioniert auf manuellen,\u00a0halb- und vollautomatischen Maschinen.","og_url":"https:\/\/www.botta.it\/de\/prodotto\/eco-produkte\/eco-palletisation-accessories-de\/eco-home-compostable-stretch-film\/","og_site_name":"BOTTA PACKAGING \u00bb eco-verpackungsl\u00f6sungen","article_publisher":"https:\/\/www.facebook.com\/bottapackaging\/","article_modified_time":"2025-05-19T13:10:04+00:00","og_image":[{"width":1080,"height":1080,"url":"https:\/\/www.botta.it\/wp-content\/uploads\/2024\/02\/eco-home-compostable-stretch-film-1.png","type":"image\/png"}],"twitter_card":"summary_large_image","twitter_site":"@botta_box","schema":{"@context":"https:\/\/schema.org","@graph":[{"@type":"WebPage","@id":"https:\/\/www.botta.it\/de\/prodotto\/eco-produkte\/eco-palletisation-accessories-de\/eco-home-compostable-stretch-film\/","url":"https:\/\/www.botta.it\/de\/prodotto\/eco-produkte\/eco-palletisation-accessories-de\/eco-home-compostable-stretch-film\/","name":"BOTTA PACKAGING \u00bb eco-verpackungsl\u00f6sungen - ECO-HOME COMPOSTABLE STRETCH FILM","isPartOf":{"@id":"https:\/\/www.botta.it\/#website"},"datePublished":"2024-02-12T10:38:09+00:00","dateModified":"2025-05-19T13:10:04+00:00","breadcrumb":{"@id":"https:\/\/www.botta.it\/de\/prodotto\/eco-produkte\/eco-palletisation-accessories-de\/eco-home-compostable-stretch-film\/#breadcrumb"},"inLanguage":"de","potentialAction":[{"@type":"ReadAction","target":["https:\/\/www.botta.it\/de\/prodotto\/eco-produkte\/eco-palletisation-accessories-de\/eco-home-compostable-stretch-film\/"]}]},{"@type":"BreadcrumbList","@id":"https:\/\/www.botta.it\/de\/prodotto\/eco-produkte\/eco-palletisation-accessories-de\/eco-home-compostable-stretch-film\/#breadcrumb","itemListElement":[{"@type":"ListItem","position":1,"name":"Home","item":"https:\/\/www.botta.it\/"},{"@type":"ListItem","position":2,"name":"Prodotti","item":"https:\/\/www.botta.it\/shop\/"},{"@type":"ListItem","position":3,"name":"ECO PACKAGING","item":"https:\/\/www.botta.it\/eco-packaging\/"},{"@type":"ListItem","position":4,"name":"ECO-PALLETIZZAZIONE E ACCESSORI","item":"https:\/\/www.botta.it\/eco-packaging\/eco-palletizzazione-e-accessori\/"},{"@type":"ListItem","position":5,"name":"ECO-HOME COMPOSTABLE STRETCH FILM"}]},{"@type":"WebSite","@id":"https:\/\/www.botta.it\/#website","url":"https:\/\/www.botta.it\/","name":"BOTTA PACKAGING \u00bb eco-verpackungsl\u00f6sungen","description":"\u00d6kologische verpackungsl\u00f6sungen, wellpappe liefert, kartons, umschl\u00e4ge, airbags.","publisher":{"@id":"https:\/\/www.botta.it\/#organization"},"potentialAction":[{"@type":"SearchAction","target":{"@type":"EntryPoint","urlTemplate":"https:\/\/www.botta.it\/?s={search_term_string}"},"query-input":"required name=search_term_string"}],"inLanguage":"de"},{"@type":"Organization","@id":"https:\/\/www.botta.it\/#organization","name":"BOTTA EcoPackaging","url":"https:\/\/www.botta.it\/","logo":{"@type":"ImageObject","inLanguage":"de","@id":"https:\/\/www.botta.it\/#\/schema\/logo\/image\/","url":"https:\/\/www.botta.it\/wp-content\/uploads\/2021\/12\/Logo-RGB.png","contentUrl":"https:\/\/www.botta.it\/wp-content\/uploads\/2021\/12\/Logo-RGB.png","width":1600,"height":1043,"caption":"BOTTA EcoPackaging"},"image":{"@id":"https:\/\/www.botta.it\/#\/schema\/logo\/image\/"},"sameAs":["https:\/\/www.facebook.com\/bottapackaging\/","https:\/\/twitter.com\/botta_box","https:\/\/www.instagram.com\/botta_box\/","https:\/\/it.linkedin.com\/company\/botta-ecopackaging","https:\/\/www.youtube.com\/channel\/UCLhT-tw_FsukJfrKi73c48Q"]}]}},"_links":{"self":[{"href":"https:\/\/www.botta.it\/de\/wp-json\/wp\/v2\/product\/22692"}],"collection":[{"href":"https:\/\/www.botta.it\/de\/wp-json\/wp\/v2\/product"}],"about":[{"href":"https:\/\/www.botta.it\/de\/wp-json\/wp\/v2\/types\/product"}],"version-history":[{"count":2,"href":"https:\/\/www.botta.it\/de\/wp-json\/wp\/v2\/product\/22692\/revisions"}],"predecessor-version":[{"id":22695,"href":"https:\/\/www.botta.it\/de\/wp-json\/wp\/v2\/product\/22692\/revisions\/22695"}],"wp:featuredmedia":[{"embeddable":true,"href":"https:\/\/www.botta.it\/de\/wp-json\/wp\/v2\/media\/22679"}],"wp:attachment":[{"href":"https:\/\/www.botta.it\/de\/wp-json\/wp\/v2\/media?parent=22692"}],"wp:term":[{"taxonomy":"product_cat","embeddable":true,"href":"https:\/\/www.botta.it\/de\/wp-json\/wp\/v2\/product_cat?post=22692"},{"taxonomy":"product_tag","embeddable":true,"href":"https:\/\/www.botta.it\/de\/wp-json\/wp\/v2\/product_tag?post=22692"}],"curies":[{"name":"wp","href":"https:\/\/api.w.org\/{rel}","templated":true}]}}