{"id":22662,"date":"2024-02-08T15:48:49","date_gmt":"2024-02-08T14:48:49","guid":{"rendered":"https:\/\/www.botta.it\/?post_type=product&#038;p=22662"},"modified":"2025-05-19T14:40:42","modified_gmt":"2025-05-19T12:40:42","slug":"eco-pallet-wrap-honeycomb-paper","status":"publish","type":"product","link":"https:\/\/www.botta.it\/de\/produkte\/eco-produkte\/eco-palletisation-accessories-de\/eco-pallet-wrap-honeycomb-paper\/","title":{"rendered":"ECO-PALLET WRAP HONEYCOMB PAPER"},"content":{"rendered":"<p><strong>Eco-Pallet Wrap Honeycomb Paper<\/strong> ist eine innovative L\u00f6sung f\u00fcr nachhaltigen Versand. Dieses zu 100% auf Papier basierende Palettenumwicklungssystem ist eine plastikfreie Alternative zu herk\u00f6mmlichen Materialien und bietet eine vollst\u00e4ndig recycelbare L\u00f6sung f\u00fcr Ihre Versandbed\u00fcrfnisse. Entwickelt mit Hochspannungs-Stretch-Technologie bietet es maximalen Schutz und Haftung, um die Integrit\u00e4t der G\u00fcter w\u00e4hrend des Transports zu gew\u00e4hrleisten. Die einzigartige 3D-Hexagon-Wabenstruktur erm\u00f6glicht es dem Papierprodukt, sich in Form zu dehnen, und maximiert die Festigkeit und Steifheit seiner Fasern, wodurch ein robustes, dehnbares Palettenumwicklungsprodukt entsteht, das umweltsch\u00e4dlichen, auf Kunststoff basierenden Alternativen \u00fcberlegen ist.<\/p>\n","protected":false},"excerpt":{"rendered":"<p><em>Eine zu 100% auf Papier basierende, plastikfreie L\u00f6sung f\u00fcr das Umwickeln von Paletten<\/em><\/p>\n<ul>\n<li><strong>Nachhaltige Alternative zur Plastik-Palettenumwicklung:<\/strong> Eine zu 100% umweltfreundliche, auf Papier basierende L\u00f6sung, die denselben Schutz wie herk\u00f6mmliche Plastikumwicklungen bietet, ohne die Nachhaltigkeit zu beeintr\u00e4chtigen.<\/li>\n<li><strong>3D-Hexagon-Wabenstruktur:<\/strong> Verwandelt dehnbares Papier in ein robustes Polsterprodukt, das Paletten auch unter herausfordernden Bedingungen sicher umwickelt.<\/li>\n<li><strong>Verbesserte Festigkeit und Dehnbarkeit:<\/strong> Pr\u00e4zise geschnittene Winkel maximieren die Festigkeit und Steifheit der Fasern, dehnen sich in Form aus und verdoppeln sich fast in der L\u00e4nge.<\/li>\n<li><strong>Einfach zu verwenden und anpassungsf\u00e4hig: <\/strong>Kompatibel mit Standard-Palettenumwickelungsger\u00e4ten, bequem und flexibel f\u00fcr verschiedene Palettengr\u00f6\u00dfen und Anwendungen.<\/li>\n<\/ul>\n","protected":false},"featured_media":27167,"template":"","meta":{"om_disable_all_campaigns":false,"_monsterinsights_skip_tracking":false,"_monsterinsights_sitenote_active":false,"_monsterinsights_sitenote_note":"","_monsterinsights_sitenote_category":0,"site-sidebar-layout":"default","site-content-layout":"default","ast-global-header-display":"","ast-banner-title-visibility":"","ast-main-header-display":"","ast-hfb-above-header-display":"","ast-hfb-below-header-display":"","ast-hfb-mobile-header-display":"","site-post-title":"","ast-breadcrumbs-content":"","ast-featured-img":"","footer-sml-layout":"","theme-transparent-header-meta":"default","adv-header-id-meta":"","stick-header-meta":"","header-above-stick-meta":"","header-main-stick-meta":"","header-below-stick-meta":""},"product_cat":[5310],"product_tag":[],"aioseo_notices":[],"yoast_head":"<!-- This site is optimized with the Yoast SEO Premium plugin v19.2.1 (Yoast SEO v21.9.1) - https:\/\/yoast.com\/wordpress\/plugins\/seo\/ -->\n<title>BOTTA PACKAGING \u00bb eco-verpackungsl\u00f6sungen - ECO-PALLET WRAP HONEYCOMB PAPER<\/title>\n<meta name=\"robots\" content=\"index, follow, max-snippet:-1, max-image-preview:large, max-video-preview:-1\" \/>\n<link rel=\"canonical\" href=\"https:\/\/www.botta.it\/de\/produkte\/eco-produkte\/eco-palletisation-accessories-de\/eco-pallet-wrap-honeycomb-paper\/\" \/>\n<meta property=\"og:locale\" content=\"de_DE\" \/>\n<meta property=\"og:type\" content=\"article\" \/>\n<meta property=\"og:title\" content=\"ECO-PALLET WRAP HONEYCOMB PAPER\" \/>\n<meta property=\"og:description\" content=\"Eine zu 100% auf Papier basierende, plastikfreie L\u00f6sung f\u00fcr das Umwickeln von Paletten   Nachhaltige Alternative zur Plastik-Palettenumwicklung: Eine zu 100% umweltfreundliche, auf Papier basierende L\u00f6sung, die denselben Schutz wie herk\u00f6mmliche Plastikumwicklungen bietet, ohne die Nachhaltigkeit zu beeintr\u00e4chtigen.  3D-Hexagon-Wabenstruktur: Verwandelt dehnbares Papier in ein robustes Polsterprodukt, das Paletten auch unter herausfordernden Bedingungen sicher umwickelt.  Verbesserte Festigkeit und Dehnbarkeit: Pr\u00e4zise geschnittene Winkel maximieren die Festigkeit und Steifheit der Fasern, dehnen sich in Form aus und verdoppeln sich fast in der L\u00e4nge.  Einfach zu verwenden und anpassungsf\u00e4hig: Kompatibel mit Standard-Palettenumwickelungsger\u00e4ten, bequem und flexibel f\u00fcr verschiedene Palettengr\u00f6\u00dfen und Anwendungen.\" \/>\n<meta property=\"og:url\" content=\"https:\/\/www.botta.it\/de\/produkte\/eco-produkte\/eco-palletisation-accessories-de\/eco-pallet-wrap-honeycomb-paper\/\" \/>\n<meta property=\"og:site_name\" content=\"BOTTA PACKAGING \u00bb eco-verpackungsl\u00f6sungen\" \/>\n<meta property=\"article:publisher\" content=\"https:\/\/www.facebook.com\/bottapackaging\/\" \/>\n<meta property=\"article:modified_time\" content=\"2025-05-19T12:40:42+00:00\" \/>\n<meta property=\"og:image\" content=\"https:\/\/www.botta.it\/wp-content\/uploads\/2024\/02\/ECO-PALLET-WRAP-HONEYCOMB-PAPER-1.png\" \/>\n\t<meta property=\"og:image:width\" content=\"1024\" \/>\n\t<meta property=\"og:image:height\" content=\"1024\" \/>\n\t<meta property=\"og:image:type\" content=\"image\/png\" \/>\n<meta name=\"twitter:card\" content=\"summary_large_image\" \/>\n<meta name=\"twitter:site\" content=\"@botta_box\" \/>\n<script type=\"application\/ld+json\" class=\"yoast-schema-graph\">{\"@context\":\"https:\/\/schema.org\",\"@graph\":[{\"@type\":\"WebPage\",\"@id\":\"https:\/\/www.botta.it\/de\/produkte\/eco-produkte\/eco-palletisation-accessories-de\/eco-pallet-wrap-honeycomb-paper\/\",\"url\":\"https:\/\/www.botta.it\/de\/produkte\/eco-produkte\/eco-palletisation-accessories-de\/eco-pallet-wrap-honeycomb-paper\/\",\"name\":\"BOTTA PACKAGING \u00bb eco-verpackungsl\u00f6sungen - ECO-PALLET WRAP HONEYCOMB PAPER\",\"isPartOf\":{\"@id\":\"https:\/\/www.botta.it\/#website\"},\"datePublished\":\"2024-02-08T14:48:49+00:00\",\"dateModified\":\"2025-05-19T12:40:42+00:00\",\"breadcrumb\":{\"@id\":\"https:\/\/www.botta.it\/de\/produkte\/eco-produkte\/eco-palletisation-accessories-de\/eco-pallet-wrap-honeycomb-paper\/#breadcrumb\"},\"inLanguage\":\"de\",\"potentialAction\":[{\"@type\":\"ReadAction\",\"target\":[\"https:\/\/www.botta.it\/de\/produkte\/eco-produkte\/eco-palletisation-accessories-de\/eco-pallet-wrap-honeycomb-paper\/\"]}]},{\"@type\":\"BreadcrumbList\",\"@id\":\"https:\/\/www.botta.it\/de\/produkte\/eco-produkte\/eco-palletisation-accessories-de\/eco-pallet-wrap-honeycomb-paper\/#breadcrumb\",\"itemListElement\":[{\"@type\":\"ListItem\",\"position\":1,\"name\":\"Home\",\"item\":\"https:\/\/www.botta.it\/\"},{\"@type\":\"ListItem\",\"position\":2,\"name\":\"Prodotti\",\"item\":\"https:\/\/www.botta.it\/shop\/\"},{\"@type\":\"ListItem\",\"position\":3,\"name\":\"ECO PACKAGING\",\"item\":\"https:\/\/www.botta.it\/eco-packaging\/\"},{\"@type\":\"ListItem\",\"position\":4,\"name\":\"ECO-PALLETIZZAZIONE E ACCESSORI\",\"item\":\"https:\/\/www.botta.it\/eco-packaging\/eco-palletizzazione-e-accessori\/\"},{\"@type\":\"ListItem\",\"position\":5,\"name\":\"ECO-PALLET WRAP HONEYCOMB PAPER\"}]},{\"@type\":\"WebSite\",\"@id\":\"https:\/\/www.botta.it\/#website\",\"url\":\"https:\/\/www.botta.it\/\",\"name\":\"BOTTA PACKAGING \u00bb eco-verpackungsl\u00f6sungen\",\"description\":\"\u00d6kologische verpackungsl\u00f6sungen, wellpappe liefert, kartons, umschl\u00e4ge, airbags.\",\"publisher\":{\"@id\":\"https:\/\/www.botta.it\/#organization\"},\"potentialAction\":[{\"@type\":\"SearchAction\",\"target\":{\"@type\":\"EntryPoint\",\"urlTemplate\":\"https:\/\/www.botta.it\/?s={search_term_string}\"},\"query-input\":\"required name=search_term_string\"}],\"inLanguage\":\"de\"},{\"@type\":\"Organization\",\"@id\":\"https:\/\/www.botta.it\/#organization\",\"name\":\"BOTTA EcoPackaging\",\"url\":\"https:\/\/www.botta.it\/\",\"logo\":{\"@type\":\"ImageObject\",\"inLanguage\":\"de\",\"@id\":\"https:\/\/www.botta.it\/#\/schema\/logo\/image\/\",\"url\":\"https:\/\/www.botta.it\/wp-content\/uploads\/2021\/12\/Logo-RGB.png\",\"contentUrl\":\"https:\/\/www.botta.it\/wp-content\/uploads\/2021\/12\/Logo-RGB.png\",\"width\":1600,\"height\":1043,\"caption\":\"BOTTA EcoPackaging\"},\"image\":{\"@id\":\"https:\/\/www.botta.it\/#\/schema\/logo\/image\/\"},\"sameAs\":[\"https:\/\/www.facebook.com\/bottapackaging\/\",\"https:\/\/twitter.com\/botta_box\",\"https:\/\/www.instagram.com\/botta_box\/\",\"https:\/\/it.linkedin.com\/company\/botta-ecopackaging\",\"https:\/\/www.youtube.com\/channel\/UCLhT-tw_FsukJfrKi73c48Q\"]}]}<\/script>\n<!-- \/ Yoast SEO Premium plugin. -->","yoast_head_json":{"title":"BOTTA PACKAGING \u00bb eco-verpackungsl\u00f6sungen - ECO-PALLET WRAP HONEYCOMB PAPER","robots":{"index":"index","follow":"follow","max-snippet":"max-snippet:-1","max-image-preview":"max-image-preview:large","max-video-preview":"max-video-preview:-1"},"canonical":"https:\/\/www.botta.it\/de\/produkte\/eco-produkte\/eco-palletisation-accessories-de\/eco-pallet-wrap-honeycomb-paper\/","og_locale":"de_DE","og_type":"article","og_title":"ECO-PALLET WRAP HONEYCOMB PAPER","og_description":"Eine zu 100% auf Papier basierende, plastikfreie L\u00f6sung f\u00fcr das Umwickeln von Paletten   Nachhaltige Alternative zur Plastik-Palettenumwicklung: Eine zu 100% umweltfreundliche, auf Papier basierende L\u00f6sung, die denselben Schutz wie herk\u00f6mmliche Plastikumwicklungen bietet, ohne die Nachhaltigkeit zu beeintr\u00e4chtigen.  3D-Hexagon-Wabenstruktur: Verwandelt dehnbares Papier in ein robustes Polsterprodukt, das Paletten auch unter herausfordernden Bedingungen sicher umwickelt.  Verbesserte Festigkeit und Dehnbarkeit: Pr\u00e4zise geschnittene Winkel maximieren die Festigkeit und Steifheit der Fasern, dehnen sich in Form aus und verdoppeln sich fast in der L\u00e4nge.  Einfach zu verwenden und anpassungsf\u00e4hig: Kompatibel mit Standard-Palettenumwickelungsger\u00e4ten, bequem und flexibel f\u00fcr verschiedene Palettengr\u00f6\u00dfen und Anwendungen.","og_url":"https:\/\/www.botta.it\/de\/produkte\/eco-produkte\/eco-palletisation-accessories-de\/eco-pallet-wrap-honeycomb-paper\/","og_site_name":"BOTTA PACKAGING \u00bb eco-verpackungsl\u00f6sungen","article_publisher":"https:\/\/www.facebook.com\/bottapackaging\/","article_modified_time":"2025-05-19T12:40:42+00:00","og_image":[{"width":1024,"height":1024,"url":"https:\/\/www.botta.it\/wp-content\/uploads\/2024\/02\/ECO-PALLET-WRAP-HONEYCOMB-PAPER-1.png","type":"image\/png"}],"twitter_card":"summary_large_image","twitter_site":"@botta_box","schema":{"@context":"https:\/\/schema.org","@graph":[{"@type":"WebPage","@id":"https:\/\/www.botta.it\/de\/produkte\/eco-produkte\/eco-palletisation-accessories-de\/eco-pallet-wrap-honeycomb-paper\/","url":"https:\/\/www.botta.it\/de\/produkte\/eco-produkte\/eco-palletisation-accessories-de\/eco-pallet-wrap-honeycomb-paper\/","name":"BOTTA PACKAGING \u00bb eco-verpackungsl\u00f6sungen - ECO-PALLET WRAP HONEYCOMB PAPER","isPartOf":{"@id":"https:\/\/www.botta.it\/#website"},"datePublished":"2024-02-08T14:48:49+00:00","dateModified":"2025-05-19T12:40:42+00:00","breadcrumb":{"@id":"https:\/\/www.botta.it\/de\/produkte\/eco-produkte\/eco-palletisation-accessories-de\/eco-pallet-wrap-honeycomb-paper\/#breadcrumb"},"inLanguage":"de","potentialAction":[{"@type":"ReadAction","target":["https:\/\/www.botta.it\/de\/produkte\/eco-produkte\/eco-palletisation-accessories-de\/eco-pallet-wrap-honeycomb-paper\/"]}]},{"@type":"BreadcrumbList","@id":"https:\/\/www.botta.it\/de\/produkte\/eco-produkte\/eco-palletisation-accessories-de\/eco-pallet-wrap-honeycomb-paper\/#breadcrumb","itemListElement":[{"@type":"ListItem","position":1,"name":"Home","item":"https:\/\/www.botta.it\/"},{"@type":"ListItem","position":2,"name":"Prodotti","item":"https:\/\/www.botta.it\/shop\/"},{"@type":"ListItem","position":3,"name":"ECO PACKAGING","item":"https:\/\/www.botta.it\/eco-packaging\/"},{"@type":"ListItem","position":4,"name":"ECO-PALLETIZZAZIONE E ACCESSORI","item":"https:\/\/www.botta.it\/eco-packaging\/eco-palletizzazione-e-accessori\/"},{"@type":"ListItem","position":5,"name":"ECO-PALLET WRAP HONEYCOMB PAPER"}]},{"@type":"WebSite","@id":"https:\/\/www.botta.it\/#website","url":"https:\/\/www.botta.it\/","name":"BOTTA PACKAGING \u00bb eco-verpackungsl\u00f6sungen","description":"\u00d6kologische verpackungsl\u00f6sungen, wellpappe liefert, kartons, umschl\u00e4ge, airbags.","publisher":{"@id":"https:\/\/www.botta.it\/#organization"},"potentialAction":[{"@type":"SearchAction","target":{"@type":"EntryPoint","urlTemplate":"https:\/\/www.botta.it\/?s={search_term_string}"},"query-input":"required name=search_term_string"}],"inLanguage":"de"},{"@type":"Organization","@id":"https:\/\/www.botta.it\/#organization","name":"BOTTA EcoPackaging","url":"https:\/\/www.botta.it\/","logo":{"@type":"ImageObject","inLanguage":"de","@id":"https:\/\/www.botta.it\/#\/schema\/logo\/image\/","url":"https:\/\/www.botta.it\/wp-content\/uploads\/2021\/12\/Logo-RGB.png","contentUrl":"https:\/\/www.botta.it\/wp-content\/uploads\/2021\/12\/Logo-RGB.png","width":1600,"height":1043,"caption":"BOTTA EcoPackaging"},"image":{"@id":"https:\/\/www.botta.it\/#\/schema\/logo\/image\/"},"sameAs":["https:\/\/www.facebook.com\/bottapackaging\/","https:\/\/twitter.com\/botta_box","https:\/\/www.instagram.com\/botta_box\/","https:\/\/it.linkedin.com\/company\/botta-ecopackaging","https:\/\/www.youtube.com\/channel\/UCLhT-tw_FsukJfrKi73c48Q"]}]}},"_links":{"self":[{"href":"https:\/\/www.botta.it\/de\/wp-json\/wp\/v2\/product\/22662"}],"collection":[{"href":"https:\/\/www.botta.it\/de\/wp-json\/wp\/v2\/product"}],"about":[{"href":"https:\/\/www.botta.it\/de\/wp-json\/wp\/v2\/types\/product"}],"version-history":[{"count":1,"href":"https:\/\/www.botta.it\/de\/wp-json\/wp\/v2\/product\/22662\/revisions"}],"predecessor-version":[{"id":22664,"href":"https:\/\/www.botta.it\/de\/wp-json\/wp\/v2\/product\/22662\/revisions\/22664"}],"wp:featuredmedia":[{"embeddable":true,"href":"https:\/\/www.botta.it\/de\/wp-json\/wp\/v2\/media\/27167"}],"wp:attachment":[{"href":"https:\/\/www.botta.it\/de\/wp-json\/wp\/v2\/media?parent=22662"}],"wp:term":[{"taxonomy":"product_cat","embeddable":true,"href":"https:\/\/www.botta.it\/de\/wp-json\/wp\/v2\/product_cat?post=22662"},{"taxonomy":"product_tag","embeddable":true,"href":"https:\/\/www.botta.it\/de\/wp-json\/wp\/v2\/product_tag?post=22662"}],"curies":[{"name":"wp","href":"https:\/\/api.w.org\/{rel}","templated":true}]}}