{"id":21399,"date":"2023-11-15T14:32:52","date_gmt":"2023-11-15T13:32:52","guid":{"rendered":"https:\/\/www.botta.it\/?post_type=product&#038;p=21399"},"modified":"2025-05-15T12:13:31","modified_gmt":"2025-05-15T10:13:31","slug":"eco-papier-kabelbinder","status":"publish","type":"product","link":"https:\/\/www.botta.it\/de\/produkte\/eco-produkte\/eco-closures-and-sealing-de\/eco-papier-kabelbinder\/","title":{"rendered":"ECO-PAPIER KABELBINDER"},"content":{"rendered":"<p><span style=\"font-weight: 400;\">Eco-Paper Kabelbinder \u2013 der Inbegriff nachhaltiger Verpackungsinnovationen. Hergestellt aus umweltfreundlichem Kraftpapier, sind diese Krawatten eine Alternative zu herk\u00f6mmlichen Plastikkrawatten. Sie sind f\u00fcr die nahtlose Integration in Recyclingsysteme konzipiert, machen Schneiden oder Scheren \u00fcberfl\u00fcssig und sorgen f\u00fcr eine schnelle und problemlose Verarbeitung. Unser manipulationssicheres Design garantiert die Sicherheit Ihrer Produkte in Einzelhandelsgesch\u00e4ften unter Wahrung der Verpackungsintegrit\u00e4t und macht sie ideal f\u00fcr die Pr\u00e4sentation Ihrer Bem\u00fchungen um nachhaltige Verpackungen. Ideal bei der Verwendung von Mehrwegverpackungen und -beuteln. Dar\u00fcber hinaus k\u00f6nnen diese Krawatten mit Ihrem Firmenlogo in leuchtenden Farben personalisiert werden, sodass Sie ein mutiges und umweltbewusstes Statement f\u00fcr alle Ihre Verpackungsanforderungen setzen k\u00f6nnen.<\/span><\/p>\n","protected":false},"excerpt":{"rendered":"<p><i>Eine umweltfreundliche Alternative zu den gew\u00f6hnlichen Kunststoffkabelbindern<\/i><\/p>\n<ul>\n<li style=\"font-weight: 400;\"><b>100% umweltfreundlich und nachhaltig:<\/b><span style=\"font-weight: 400;\"> Hergestellt aus Kraftpapier, bietet es eine nachhaltige Alternative zu herk\u00f6mmlichen Kunststoffkabelbindern, <\/span><span style=\"font-weight: 400;\">die bis zu 200 Jahre brauchen, um sich zu zersetzen [1]<\/span><\/li>\n<li style=\"font-weight: 400;\"><b>Einfach zu bedienen: <\/b><span style=\"font-weight: 400;\">Schnell zu montieren<\/span><\/li>\n<li style=\"font-weight: 400;\"><b>Sicherheit der Mitarbeiter: <\/b><span style=\"font-weight: 400;\">Zum \u00d6ffnen sind keine Schnitte oder Scheren erforderlich<\/span><\/li>\n<li style=\"font-weight: 400;\"><b>Manipulationssicher und sicher: <\/b><span style=\"font-weight: 400;\">Sch\u00fctzen Sie Ihre wertvollen Waren im Einzelhandel mit unserem manipulationssicheren Design, das die Sicherheit und Integrit\u00e4t der Produkte gew\u00e4hrleistet.<\/span><\/li>\n<li style=\"font-weight: 400;\"><b>Wiederverwendbare Exzellenz<\/b><span style=\"font-weight: 400;\">: Bewahrt die Unversehrtheit der Verpackung beim Auftragen und Entnehmen und ist damit ideal f\u00fcr wiederverwendbare und nachhaltige Verpackungsl\u00f6sungen.<\/span><\/li>\n<li style=\"font-weight: 400;\"><b>Nahtlose Integration:<\/b><span style=\"font-weight: 400;\"> sorgt f\u00fcr eine m\u00fchelose Verarbeitung in Papierrecyclingstr\u00f6men\u00a0<\/span><\/li>\n<li style=\"font-weight: 400;\"><b>Anpassbares Branding:<\/b><span style=\"font-weight: 400;\"> Heben Sie Ihre Marke hervor, indem Sie diese Krawatten mit Ihrem Firmenlogo versehen und so ein mutiges und umweltbewusstes Statement f\u00fcr Ihre Kunden schaffen.<\/span><\/li>\n<\/ul>\n","protected":false},"featured_media":21360,"template":"","meta":{"om_disable_all_campaigns":false,"_monsterinsights_skip_tracking":false,"_monsterinsights_sitenote_active":false,"_monsterinsights_sitenote_note":"","_monsterinsights_sitenote_category":0,"site-sidebar-layout":"default","site-content-layout":"default","ast-global-header-display":"","ast-banner-title-visibility":"","ast-main-header-display":"","ast-hfb-above-header-display":"","ast-hfb-below-header-display":"","ast-hfb-mobile-header-display":"","site-post-title":"","ast-breadcrumbs-content":"","ast-featured-img":"","footer-sml-layout":"","theme-transparent-header-meta":"default","adv-header-id-meta":"","stick-header-meta":"","header-above-stick-meta":"","header-main-stick-meta":"","header-below-stick-meta":""},"product_cat":[5308],"product_tag":[],"aioseo_notices":[],"yoast_head":"<!-- This site is optimized with the Yoast SEO Premium plugin v19.2.1 (Yoast SEO v21.9.1) - https:\/\/yoast.com\/wordpress\/plugins\/seo\/ -->\n<title>ECO-PAPIER KABELBINDER<\/title>\n<meta name=\"description\" content=\"Eco-Paper Kabelbinder \u2013 der Inbegriff nachhaltiger Verpackungsinnovationen. Hergestellt aus umweltfreundlichem Kraftpapier, sind diese Krawatten eine Alternative zu herk\u00f6mmlichen Plastikkrawatten.\" \/>\n<meta name=\"robots\" content=\"index, follow, max-snippet:-1, max-image-preview:large, max-video-preview:-1\" \/>\n<link rel=\"canonical\" href=\"https:\/\/www.botta.it\/de\/produkte\/eco-produkte\/eco-closures-and-sealing-de\/eco-papier-kabelbinder\/\" \/>\n<meta property=\"og:locale\" content=\"de_DE\" \/>\n<meta property=\"og:type\" content=\"article\" \/>\n<meta property=\"og:title\" content=\"ECO-PAPIER KABELBINDER\" \/>\n<meta property=\"og:description\" content=\"Eco-Paper Kabelbinder \u2013 der Inbegriff nachhaltiger Verpackungsinnovationen. Hergestellt aus umweltfreundlichem Kraftpapier, sind diese Krawatten eine Alternative zu herk\u00f6mmlichen Plastikkrawatten.\" \/>\n<meta property=\"og:url\" content=\"https:\/\/www.botta.it\/de\/produkte\/eco-produkte\/eco-closures-and-sealing-de\/eco-papier-kabelbinder\/\" \/>\n<meta property=\"og:site_name\" content=\"BOTTA PACKAGING \u00bb eco-packaging solutions\" \/>\n<meta property=\"article:publisher\" content=\"https:\/\/www.facebook.com\/bottapackaging\/\" \/>\n<meta property=\"article:modified_time\" content=\"2025-05-15T10:13:31+00:00\" \/>\n<meta property=\"og:image\" content=\"https:\/\/www.botta.it\/wp-content\/uploads\/2023\/11\/Paper-cable-tie-1.png\" \/>\n\t<meta property=\"og:image:width\" content=\"1583\" \/>\n\t<meta property=\"og:image:height\" content=\"1583\" \/>\n\t<meta property=\"og:image:type\" content=\"image\/png\" \/>\n<meta name=\"twitter:card\" content=\"summary_large_image\" \/>\n<meta name=\"twitter:site\" content=\"@botta_box\" \/>\n<script type=\"application\/ld+json\" class=\"yoast-schema-graph\">{\"@context\":\"https:\/\/schema.org\",\"@graph\":[{\"@type\":\"WebPage\",\"@id\":\"https:\/\/www.botta.it\/de\/produkte\/eco-produkte\/eco-closures-and-sealing-de\/eco-papier-kabelbinder\/\",\"url\":\"https:\/\/www.botta.it\/de\/produkte\/eco-produkte\/eco-closures-and-sealing-de\/eco-papier-kabelbinder\/\",\"name\":\"ECO-PAPIER KABELBINDER\",\"isPartOf\":{\"@id\":\"https:\/\/www.botta.it\/#website\"},\"datePublished\":\"2023-11-15T13:32:52+00:00\",\"dateModified\":\"2025-05-15T10:13:31+00:00\",\"description\":\"Eco-Paper Kabelbinder \u2013 der Inbegriff nachhaltiger Verpackungsinnovationen. Hergestellt aus umweltfreundlichem Kraftpapier, sind diese Krawatten eine Alternative zu herk\u00f6mmlichen Plastikkrawatten.\",\"breadcrumb\":{\"@id\":\"https:\/\/www.botta.it\/de\/produkte\/eco-produkte\/eco-closures-and-sealing-de\/eco-papier-kabelbinder\/#breadcrumb\"},\"inLanguage\":\"de\",\"potentialAction\":[{\"@type\":\"ReadAction\",\"target\":[\"https:\/\/www.botta.it\/de\/produkte\/eco-produkte\/eco-closures-and-sealing-de\/eco-papier-kabelbinder\/\"]}]},{\"@type\":\"BreadcrumbList\",\"@id\":\"https:\/\/www.botta.it\/de\/produkte\/eco-produkte\/eco-closures-and-sealing-de\/eco-papier-kabelbinder\/#breadcrumb\",\"itemListElement\":[{\"@type\":\"ListItem\",\"position\":1,\"name\":\"Home\",\"item\":\"https:\/\/www.botta.it\/\"},{\"@type\":\"ListItem\",\"position\":2,\"name\":\"Prodotti\",\"item\":\"https:\/\/www.botta.it\/shop\/\"},{\"@type\":\"ListItem\",\"position\":3,\"name\":\"ECO PACKAGING\",\"item\":\"https:\/\/www.botta.it\/eco-packaging\/\"},{\"@type\":\"ListItem\",\"position\":4,\"name\":\"ECO-CHIUSURE E SIGILLATURE\",\"item\":\"https:\/\/www.botta.it\/eco-packaging\/eco-chiusure-e-sigillature\/\"},{\"@type\":\"ListItem\",\"position\":5,\"name\":\"ECO-PAPIER KABELBINDER\"}]},{\"@type\":\"WebSite\",\"@id\":\"https:\/\/www.botta.it\/#website\",\"url\":\"https:\/\/www.botta.it\/\",\"name\":\"BOTTA PACKAGING \u00bb eco-packaging solutions\",\"description\":\"\u00d6kologische verpackungsl\u00f6sungen, wellpappe liefert, kartons, umschl\u00e4ge, airbags.\",\"publisher\":{\"@id\":\"https:\/\/www.botta.it\/#organization\"},\"potentialAction\":[{\"@type\":\"SearchAction\",\"target\":{\"@type\":\"EntryPoint\",\"urlTemplate\":\"https:\/\/www.botta.it\/?s={search_term_string}\"},\"query-input\":\"required name=search_term_string\"}],\"inLanguage\":\"de\"},{\"@type\":\"Organization\",\"@id\":\"https:\/\/www.botta.it\/#organization\",\"name\":\"BOTTA EcoPackaging\",\"url\":\"https:\/\/www.botta.it\/\",\"logo\":{\"@type\":\"ImageObject\",\"inLanguage\":\"de\",\"@id\":\"https:\/\/www.botta.it\/#\/schema\/logo\/image\/\",\"url\":\"https:\/\/www.botta.it\/wp-content\/uploads\/2021\/12\/Logo-RGB.png\",\"contentUrl\":\"https:\/\/www.botta.it\/wp-content\/uploads\/2021\/12\/Logo-RGB.png\",\"width\":1600,\"height\":1043,\"caption\":\"BOTTA EcoPackaging\"},\"image\":{\"@id\":\"https:\/\/www.botta.it\/#\/schema\/logo\/image\/\"},\"sameAs\":[\"https:\/\/www.facebook.com\/bottapackaging\/\",\"https:\/\/twitter.com\/botta_box\",\"https:\/\/www.instagram.com\/botta_box\/\",\"https:\/\/it.linkedin.com\/company\/botta-ecopackaging\",\"https:\/\/www.youtube.com\/channel\/UCLhT-tw_FsukJfrKi73c48Q\"]}]}<\/script>\n<!-- \/ Yoast SEO Premium plugin. -->","yoast_head_json":{"title":"ECO-PAPIER KABELBINDER","description":"Eco-Paper Kabelbinder \u2013 der Inbegriff nachhaltiger Verpackungsinnovationen. Hergestellt aus umweltfreundlichem Kraftpapier, sind diese Krawatten eine Alternative zu herk\u00f6mmlichen Plastikkrawatten.","robots":{"index":"index","follow":"follow","max-snippet":"max-snippet:-1","max-image-preview":"max-image-preview:large","max-video-preview":"max-video-preview:-1"},"canonical":"https:\/\/www.botta.it\/de\/produkte\/eco-produkte\/eco-closures-and-sealing-de\/eco-papier-kabelbinder\/","og_locale":"de_DE","og_type":"article","og_title":"ECO-PAPIER KABELBINDER","og_description":"Eco-Paper Kabelbinder \u2013 der Inbegriff nachhaltiger Verpackungsinnovationen. Hergestellt aus umweltfreundlichem Kraftpapier, sind diese Krawatten eine Alternative zu herk\u00f6mmlichen Plastikkrawatten.","og_url":"https:\/\/www.botta.it\/de\/produkte\/eco-produkte\/eco-closures-and-sealing-de\/eco-papier-kabelbinder\/","og_site_name":"BOTTA PACKAGING \u00bb eco-packaging solutions","article_publisher":"https:\/\/www.facebook.com\/bottapackaging\/","article_modified_time":"2025-05-15T10:13:31+00:00","og_image":[{"width":1583,"height":1583,"url":"https:\/\/www.botta.it\/wp-content\/uploads\/2023\/11\/Paper-cable-tie-1.png","type":"image\/png"}],"twitter_card":"summary_large_image","twitter_site":"@botta_box","schema":{"@context":"https:\/\/schema.org","@graph":[{"@type":"WebPage","@id":"https:\/\/www.botta.it\/de\/produkte\/eco-produkte\/eco-closures-and-sealing-de\/eco-papier-kabelbinder\/","url":"https:\/\/www.botta.it\/de\/produkte\/eco-produkte\/eco-closures-and-sealing-de\/eco-papier-kabelbinder\/","name":"ECO-PAPIER KABELBINDER","isPartOf":{"@id":"https:\/\/www.botta.it\/#website"},"datePublished":"2023-11-15T13:32:52+00:00","dateModified":"2025-05-15T10:13:31+00:00","description":"Eco-Paper Kabelbinder \u2013 der Inbegriff nachhaltiger Verpackungsinnovationen. Hergestellt aus umweltfreundlichem Kraftpapier, sind diese Krawatten eine Alternative zu herk\u00f6mmlichen Plastikkrawatten.","breadcrumb":{"@id":"https:\/\/www.botta.it\/de\/produkte\/eco-produkte\/eco-closures-and-sealing-de\/eco-papier-kabelbinder\/#breadcrumb"},"inLanguage":"de","potentialAction":[{"@type":"ReadAction","target":["https:\/\/www.botta.it\/de\/produkte\/eco-produkte\/eco-closures-and-sealing-de\/eco-papier-kabelbinder\/"]}]},{"@type":"BreadcrumbList","@id":"https:\/\/www.botta.it\/de\/produkte\/eco-produkte\/eco-closures-and-sealing-de\/eco-papier-kabelbinder\/#breadcrumb","itemListElement":[{"@type":"ListItem","position":1,"name":"Home","item":"https:\/\/www.botta.it\/"},{"@type":"ListItem","position":2,"name":"Prodotti","item":"https:\/\/www.botta.it\/shop\/"},{"@type":"ListItem","position":3,"name":"ECO PACKAGING","item":"https:\/\/www.botta.it\/eco-packaging\/"},{"@type":"ListItem","position":4,"name":"ECO-CHIUSURE E SIGILLATURE","item":"https:\/\/www.botta.it\/eco-packaging\/eco-chiusure-e-sigillature\/"},{"@type":"ListItem","position":5,"name":"ECO-PAPIER KABELBINDER"}]},{"@type":"WebSite","@id":"https:\/\/www.botta.it\/#website","url":"https:\/\/www.botta.it\/","name":"BOTTA PACKAGING \u00bb eco-packaging solutions","description":"\u00d6kologische verpackungsl\u00f6sungen, wellpappe liefert, kartons, umschl\u00e4ge, airbags.","publisher":{"@id":"https:\/\/www.botta.it\/#organization"},"potentialAction":[{"@type":"SearchAction","target":{"@type":"EntryPoint","urlTemplate":"https:\/\/www.botta.it\/?s={search_term_string}"},"query-input":"required name=search_term_string"}],"inLanguage":"de"},{"@type":"Organization","@id":"https:\/\/www.botta.it\/#organization","name":"BOTTA EcoPackaging","url":"https:\/\/www.botta.it\/","logo":{"@type":"ImageObject","inLanguage":"de","@id":"https:\/\/www.botta.it\/#\/schema\/logo\/image\/","url":"https:\/\/www.botta.it\/wp-content\/uploads\/2021\/12\/Logo-RGB.png","contentUrl":"https:\/\/www.botta.it\/wp-content\/uploads\/2021\/12\/Logo-RGB.png","width":1600,"height":1043,"caption":"BOTTA EcoPackaging"},"image":{"@id":"https:\/\/www.botta.it\/#\/schema\/logo\/image\/"},"sameAs":["https:\/\/www.facebook.com\/bottapackaging\/","https:\/\/twitter.com\/botta_box","https:\/\/www.instagram.com\/botta_box\/","https:\/\/it.linkedin.com\/company\/botta-ecopackaging","https:\/\/www.youtube.com\/channel\/UCLhT-tw_FsukJfrKi73c48Q"]}]}},"_links":{"self":[{"href":"https:\/\/www.botta.it\/de\/wp-json\/wp\/v2\/product\/21399"}],"collection":[{"href":"https:\/\/www.botta.it\/de\/wp-json\/wp\/v2\/product"}],"about":[{"href":"https:\/\/www.botta.it\/de\/wp-json\/wp\/v2\/types\/product"}],"version-history":[{"count":2,"href":"https:\/\/www.botta.it\/de\/wp-json\/wp\/v2\/product\/21399\/revisions"}],"predecessor-version":[{"id":24870,"href":"https:\/\/www.botta.it\/de\/wp-json\/wp\/v2\/product\/21399\/revisions\/24870"}],"wp:featuredmedia":[{"embeddable":true,"href":"https:\/\/www.botta.it\/de\/wp-json\/wp\/v2\/media\/21360"}],"wp:attachment":[{"href":"https:\/\/www.botta.it\/de\/wp-json\/wp\/v2\/media?parent=21399"}],"wp:term":[{"taxonomy":"product_cat","embeddable":true,"href":"https:\/\/www.botta.it\/de\/wp-json\/wp\/v2\/product_cat?post=21399"},{"taxonomy":"product_tag","embeddable":true,"href":"https:\/\/www.botta.it\/de\/wp-json\/wp\/v2\/product_tag?post=21399"}],"curies":[{"name":"wp","href":"https:\/\/api.w.org\/{rel}","templated":true}]}}