{"id":19507,"date":"2023-06-28T12:25:51","date_gmt":"2023-06-28T10:25:51","guid":{"rendered":"https:\/\/www.botta.it\/prodotto\/unkategorisiert\/eco-buste-pcr\/"},"modified":"2024-09-11T17:24:06","modified_gmt":"2024-09-11T15:24:06","slug":"eco-buste-pcr","status":"publish","type":"product","link":"https:\/\/www.botta.it\/de\/produkte\/eco-packaging\/alternative-alla-plastica-monouso\/eco-buste-pcr\/","title":{"rendered":"Eco-PCR Envelopes"},"content":{"rendered":"<p><b>PCR-\u00d6ko-Taschen<\/b><span style=\"font-weight: 400;\"> sind eine nachhaltige und zuverl\u00e4ssige Verpackungsoption f\u00fcr E-Commerce-Unternehmen, die ihre Umweltauswirkungen minimieren m\u00f6chten. Diese Umschl\u00e4ge werden aus PCR-Material hergestellt, das aus Post-Consumer-Recycling gewonnen wird, was dazu beitr\u00e4gt, Ressourcen zu schonen und Kunststoffabf\u00e4lle zu reduzieren. Dank ihrer robusten Konstruktion und hohen Durchsto\u00df- und Rei\u00dffestigkeit gew\u00e4hrleisten diese Umschl\u00e4ge den sicheren Versand empfindlicher Produkte wie Kleidung und Schmuck.<\/span><\/p>\n<p><span style=\"font-weight: 400;\">Au\u00dferdem sind diese Umschl\u00e4ge durchsichtig und erm\u00f6glichen es den Kunden, den Inhalt leicht zu \u00fcberpr\u00fcfen, was ihr Einkaufserlebnis verbessert. Dar\u00fcber hinaus tr\u00e4gt die Verwendung von PCR-Material im Produktionsprozess zur Kreislaufwirtschaft bei, indem recycelte Materialien einem neuen Zweck zugef\u00fchrt werden.<\/span><\/p>\n","protected":false},"excerpt":{"rendered":"<p><b>PCR-Postumschl\u00e4ge: \u00f6kologisch, haltbar und leicht!<\/b><\/p>\n<ul>\n<li style=\"font-weight: 400;\"><b>Eine umweltfreundliche Wahl:<\/b><span style=\"font-weight: 400;\"> Hergestellt aus Post-Consumer-Recycling-Material (PCR): ist eine umweltfreundliche Verpackungsoption, die aus recycelten Kunststoffen wie PET, HDPE und PP hergestellt wird, die von den Verbrauchern im Rahmen von Recyclingprogrammen gesammelt und zu neuen Produkten verarbeitet werden.\u00a0\u00a0<\/span><\/li>\n<li style=\"font-weight: 400;\"><b>Beitrag zur Kreislaufwirtschaft:<\/b><span style=\"font-weight: 400;\"> Die Verwendung von PCR tr\u00e4gt dazu bei, Kunststoffabf\u00e4lle zu reduzieren und Ressourcen zu sparen.\u00a0<\/span><\/li>\n<li style=\"font-weight: 400;\"><b>Heben Sie sich von anderen ab<\/b><span style=\"font-weight: 400;\">: Sie sind in verschiedenen Farben erh\u00e4ltlich und k\u00f6nnen mit Ihrem Logo oder Design bedruckt werden.<\/span><\/li>\n<li style=\"font-weight: 400;\"><b>Langlebig: Robust und rei\u00dffest,<\/b><span style=\"font-weight: 400;\"> sch\u00fctzen sie Ihre Produkte vor Besch\u00e4digung und Verschmutzung.<\/span><\/li>\n<li style=\"font-weight: 400;\"><b>Ideal f\u00fcr den Versand von Kleidung,<\/b><span style=\"font-weight: 400;\"> Textilien oder Weichwaren, um einen sicheren Transport zu gew\u00e4hrleisten.<\/span><\/li>\n<li style=\"font-weight: 400;\"><b>Verbessert das Einkaufserlebnis:<\/b><span style=\"font-weight: 400;\"> Durch die Transparenz k\u00f6nnen die Kunden die Produkte im Inneren sehen.<\/span><\/li>\n<li><b>Reduziert Versand- und Lagerkosten:<\/b><span style=\"font-weight: 400;\"> Leicht und platzsparend halten sie die Versandkosten niedrig und optimieren den Platzbedarf.<\/span><\/li>\n<\/ul>\n","protected":false},"featured_media":19501,"template":"","meta":{"om_disable_all_campaigns":false,"_monsterinsights_skip_tracking":false,"_monsterinsights_sitenote_active":false,"_monsterinsights_sitenote_note":"","_monsterinsights_sitenote_category":0,"site-sidebar-layout":"default","site-content-layout":"default","ast-global-header-display":"","ast-banner-title-visibility":"","ast-main-header-display":"","ast-hfb-above-header-display":"","ast-hfb-below-header-display":"","ast-hfb-mobile-header-display":"","site-post-title":"","ast-breadcrumbs-content":"","ast-featured-img":"","footer-sml-layout":"","theme-transparent-header-meta":"default","adv-header-id-meta":"","stick-header-meta":"","header-above-stick-meta":"","header-main-stick-meta":"","header-below-stick-meta":""},"product_cat":[5305],"product_tag":[],"aioseo_notices":[],"yoast_head":"<!-- This site is optimized with the Yoast SEO Premium plugin v19.2.1 (Yoast SEO v21.9.1) - https:\/\/yoast.com\/wordpress\/plugins\/seo\/ -->\n<title>BOTTA PACKAGING \u00bb eco-packaging solutions - Eco-PCR Envelopes<\/title>\n<meta name=\"description\" content=\"PCR-\u00d6ko-Taschen sind eine nachhaltige und zuverl\u00e4ssige Verpackungsoption f\u00fcr E-Commerce-Unternehmen, die ihre Umweltauswirkungen minimieren m\u00f6chten.\" \/>\n<meta name=\"robots\" content=\"index, follow, max-snippet:-1, max-image-preview:large, max-video-preview:-1\" \/>\n<link rel=\"canonical\" href=\"https:\/\/www.botta.it\/de\/produkte\/eco-packaging\/alternative-alla-plastica-monouso\/eco-buste-pcr\/\" \/>\n<meta property=\"og:locale\" content=\"de_DE\" \/>\n<meta property=\"og:type\" content=\"article\" \/>\n<meta property=\"og:title\" content=\"Eco-PCR Envelopes\" \/>\n<meta property=\"og:description\" content=\"PCR-\u00d6ko-Taschen sind eine nachhaltige und zuverl\u00e4ssige Verpackungsoption f\u00fcr E-Commerce-Unternehmen, die ihre Umweltauswirkungen minimieren m\u00f6chten.\" \/>\n<meta property=\"og:url\" content=\"https:\/\/www.botta.it\/de\/produkte\/eco-packaging\/alternative-alla-plastica-monouso\/eco-buste-pcr\/\" \/>\n<meta property=\"og:site_name\" content=\"BOTTA PACKAGING \u00bb eco-packaging solutions\" \/>\n<meta property=\"article:publisher\" content=\"https:\/\/www.facebook.com\/bottapackaging\/\" \/>\n<meta property=\"article:modified_time\" content=\"2024-09-11T15:24:06+00:00\" \/>\n<meta property=\"og:image\" content=\"https:\/\/www.botta.it\/wp-content\/uploads\/2023\/06\/Eco-PCR-Envelopes-1.jpg\" \/>\n\t<meta property=\"og:image:width\" content=\"1200\" \/>\n\t<meta property=\"og:image:height\" content=\"1200\" \/>\n\t<meta property=\"og:image:type\" content=\"image\/jpeg\" \/>\n<meta name=\"twitter:card\" content=\"summary_large_image\" \/>\n<meta name=\"twitter:site\" content=\"@botta_box\" \/>\n<script type=\"application\/ld+json\" class=\"yoast-schema-graph\">{\"@context\":\"https:\/\/schema.org\",\"@graph\":[{\"@type\":\"WebPage\",\"@id\":\"https:\/\/www.botta.it\/de\/produkte\/eco-packaging\/alternative-alla-plastica-monouso\/eco-buste-pcr\/\",\"url\":\"https:\/\/www.botta.it\/de\/produkte\/eco-packaging\/alternative-alla-plastica-monouso\/eco-buste-pcr\/\",\"name\":\"BOTTA PACKAGING \u00bb eco-packaging solutions - Eco-PCR Envelopes\",\"isPartOf\":{\"@id\":\"https:\/\/www.botta.it\/#website\"},\"datePublished\":\"2023-06-28T10:25:51+00:00\",\"dateModified\":\"2024-09-11T15:24:06+00:00\",\"description\":\"PCR-\u00d6ko-Taschen sind eine nachhaltige und zuverl\u00e4ssige Verpackungsoption f\u00fcr E-Commerce-Unternehmen, die ihre Umweltauswirkungen minimieren m\u00f6chten.\",\"breadcrumb\":{\"@id\":\"https:\/\/www.botta.it\/de\/produkte\/eco-packaging\/alternative-alla-plastica-monouso\/eco-buste-pcr\/#breadcrumb\"},\"inLanguage\":\"de\",\"potentialAction\":[{\"@type\":\"ReadAction\",\"target\":[\"https:\/\/www.botta.it\/de\/produkte\/eco-packaging\/alternative-alla-plastica-monouso\/eco-buste-pcr\/\"]}]},{\"@type\":\"BreadcrumbList\",\"@id\":\"https:\/\/www.botta.it\/de\/produkte\/eco-packaging\/alternative-alla-plastica-monouso\/eco-buste-pcr\/#breadcrumb\",\"itemListElement\":[{\"@type\":\"ListItem\",\"position\":1,\"name\":\"Home\",\"item\":\"https:\/\/www.botta.it\/\"},{\"@type\":\"ListItem\",\"position\":2,\"name\":\"Prodotti\",\"item\":\"https:\/\/www.botta.it\/shop\/\"},{\"@type\":\"ListItem\",\"position\":3,\"name\":\"ECO PACKAGING\",\"item\":\"https:\/\/www.botta.it\/eco-packaging\/\"},{\"@type\":\"ListItem\",\"position\":4,\"name\":\"Alternative alla plastica monouso\",\"item\":\"https:\/\/www.botta.it\/eco-packaging\/alternative-alla-plastica-monouso\/\"},{\"@type\":\"ListItem\",\"position\":5,\"name\":\"Eco-PCR Envelopes\"}]},{\"@type\":\"WebSite\",\"@id\":\"https:\/\/www.botta.it\/#website\",\"url\":\"https:\/\/www.botta.it\/\",\"name\":\"BOTTA PACKAGING \u00bb eco-packaging solutions\",\"description\":\"\u00d6kologische verpackungsl\u00f6sungen, wellpappe liefert, kartons, umschl\u00e4ge, airbags.\",\"publisher\":{\"@id\":\"https:\/\/www.botta.it\/#organization\"},\"potentialAction\":[{\"@type\":\"SearchAction\",\"target\":{\"@type\":\"EntryPoint\",\"urlTemplate\":\"https:\/\/www.botta.it\/?s={search_term_string}\"},\"query-input\":\"required name=search_term_string\"}],\"inLanguage\":\"de\"},{\"@type\":\"Organization\",\"@id\":\"https:\/\/www.botta.it\/#organization\",\"name\":\"BOTTA EcoPackaging\",\"url\":\"https:\/\/www.botta.it\/\",\"logo\":{\"@type\":\"ImageObject\",\"inLanguage\":\"de\",\"@id\":\"https:\/\/www.botta.it\/#\/schema\/logo\/image\/\",\"url\":\"https:\/\/www.botta.it\/wp-content\/uploads\/2021\/12\/Logo-RGB.png\",\"contentUrl\":\"https:\/\/www.botta.it\/wp-content\/uploads\/2021\/12\/Logo-RGB.png\",\"width\":1600,\"height\":1043,\"caption\":\"BOTTA EcoPackaging\"},\"image\":{\"@id\":\"https:\/\/www.botta.it\/#\/schema\/logo\/image\/\"},\"sameAs\":[\"https:\/\/www.facebook.com\/bottapackaging\/\",\"https:\/\/twitter.com\/botta_box\",\"https:\/\/www.instagram.com\/botta_box\/\",\"https:\/\/it.linkedin.com\/company\/botta-ecopackaging\",\"https:\/\/www.youtube.com\/channel\/UCLhT-tw_FsukJfrKi73c48Q\"]}]}<\/script>\n<!-- \/ Yoast SEO Premium plugin. -->","yoast_head_json":{"title":"BOTTA PACKAGING \u00bb eco-packaging solutions - Eco-PCR Envelopes","description":"PCR-\u00d6ko-Taschen sind eine nachhaltige und zuverl\u00e4ssige Verpackungsoption f\u00fcr E-Commerce-Unternehmen, die ihre Umweltauswirkungen minimieren m\u00f6chten.","robots":{"index":"index","follow":"follow","max-snippet":"max-snippet:-1","max-image-preview":"max-image-preview:large","max-video-preview":"max-video-preview:-1"},"canonical":"https:\/\/www.botta.it\/de\/produkte\/eco-packaging\/alternative-alla-plastica-monouso\/eco-buste-pcr\/","og_locale":"de_DE","og_type":"article","og_title":"Eco-PCR Envelopes","og_description":"PCR-\u00d6ko-Taschen sind eine nachhaltige und zuverl\u00e4ssige Verpackungsoption f\u00fcr E-Commerce-Unternehmen, die ihre Umweltauswirkungen minimieren m\u00f6chten.","og_url":"https:\/\/www.botta.it\/de\/produkte\/eco-packaging\/alternative-alla-plastica-monouso\/eco-buste-pcr\/","og_site_name":"BOTTA PACKAGING \u00bb eco-packaging solutions","article_publisher":"https:\/\/www.facebook.com\/bottapackaging\/","article_modified_time":"2024-09-11T15:24:06+00:00","og_image":[{"width":1200,"height":1200,"url":"https:\/\/www.botta.it\/wp-content\/uploads\/2023\/06\/Eco-PCR-Envelopes-1.jpg","type":"image\/jpeg"}],"twitter_card":"summary_large_image","twitter_site":"@botta_box","schema":{"@context":"https:\/\/schema.org","@graph":[{"@type":"WebPage","@id":"https:\/\/www.botta.it\/de\/produkte\/eco-packaging\/alternative-alla-plastica-monouso\/eco-buste-pcr\/","url":"https:\/\/www.botta.it\/de\/produkte\/eco-packaging\/alternative-alla-plastica-monouso\/eco-buste-pcr\/","name":"BOTTA PACKAGING \u00bb eco-packaging solutions - Eco-PCR Envelopes","isPartOf":{"@id":"https:\/\/www.botta.it\/#website"},"datePublished":"2023-06-28T10:25:51+00:00","dateModified":"2024-09-11T15:24:06+00:00","description":"PCR-\u00d6ko-Taschen sind eine nachhaltige und zuverl\u00e4ssige Verpackungsoption f\u00fcr E-Commerce-Unternehmen, die ihre Umweltauswirkungen minimieren m\u00f6chten.","breadcrumb":{"@id":"https:\/\/www.botta.it\/de\/produkte\/eco-packaging\/alternative-alla-plastica-monouso\/eco-buste-pcr\/#breadcrumb"},"inLanguage":"de","potentialAction":[{"@type":"ReadAction","target":["https:\/\/www.botta.it\/de\/produkte\/eco-packaging\/alternative-alla-plastica-monouso\/eco-buste-pcr\/"]}]},{"@type":"BreadcrumbList","@id":"https:\/\/www.botta.it\/de\/produkte\/eco-packaging\/alternative-alla-plastica-monouso\/eco-buste-pcr\/#breadcrumb","itemListElement":[{"@type":"ListItem","position":1,"name":"Home","item":"https:\/\/www.botta.it\/"},{"@type":"ListItem","position":2,"name":"Prodotti","item":"https:\/\/www.botta.it\/shop\/"},{"@type":"ListItem","position":3,"name":"ECO PACKAGING","item":"https:\/\/www.botta.it\/eco-packaging\/"},{"@type":"ListItem","position":4,"name":"Alternative alla plastica monouso","item":"https:\/\/www.botta.it\/eco-packaging\/alternative-alla-plastica-monouso\/"},{"@type":"ListItem","position":5,"name":"Eco-PCR Envelopes"}]},{"@type":"WebSite","@id":"https:\/\/www.botta.it\/#website","url":"https:\/\/www.botta.it\/","name":"BOTTA PACKAGING \u00bb eco-packaging solutions","description":"\u00d6kologische verpackungsl\u00f6sungen, wellpappe liefert, kartons, umschl\u00e4ge, airbags.","publisher":{"@id":"https:\/\/www.botta.it\/#organization"},"potentialAction":[{"@type":"SearchAction","target":{"@type":"EntryPoint","urlTemplate":"https:\/\/www.botta.it\/?s={search_term_string}"},"query-input":"required name=search_term_string"}],"inLanguage":"de"},{"@type":"Organization","@id":"https:\/\/www.botta.it\/#organization","name":"BOTTA EcoPackaging","url":"https:\/\/www.botta.it\/","logo":{"@type":"ImageObject","inLanguage":"de","@id":"https:\/\/www.botta.it\/#\/schema\/logo\/image\/","url":"https:\/\/www.botta.it\/wp-content\/uploads\/2021\/12\/Logo-RGB.png","contentUrl":"https:\/\/www.botta.it\/wp-content\/uploads\/2021\/12\/Logo-RGB.png","width":1600,"height":1043,"caption":"BOTTA EcoPackaging"},"image":{"@id":"https:\/\/www.botta.it\/#\/schema\/logo\/image\/"},"sameAs":["https:\/\/www.facebook.com\/bottapackaging\/","https:\/\/twitter.com\/botta_box","https:\/\/www.instagram.com\/botta_box\/","https:\/\/it.linkedin.com\/company\/botta-ecopackaging","https:\/\/www.youtube.com\/channel\/UCLhT-tw_FsukJfrKi73c48Q"]}]}},"_links":{"self":[{"href":"https:\/\/www.botta.it\/de\/wp-json\/wp\/v2\/product\/19507"}],"collection":[{"href":"https:\/\/www.botta.it\/de\/wp-json\/wp\/v2\/product"}],"about":[{"href":"https:\/\/www.botta.it\/de\/wp-json\/wp\/v2\/types\/product"}],"version-history":[{"count":3,"href":"https:\/\/www.botta.it\/de\/wp-json\/wp\/v2\/product\/19507\/revisions"}],"predecessor-version":[{"id":24848,"href":"https:\/\/www.botta.it\/de\/wp-json\/wp\/v2\/product\/19507\/revisions\/24848"}],"wp:featuredmedia":[{"embeddable":true,"href":"https:\/\/www.botta.it\/de\/wp-json\/wp\/v2\/media\/19501"}],"wp:attachment":[{"href":"https:\/\/www.botta.it\/de\/wp-json\/wp\/v2\/media?parent=19507"}],"wp:term":[{"taxonomy":"product_cat","embeddable":true,"href":"https:\/\/www.botta.it\/de\/wp-json\/wp\/v2\/product_cat?post=19507"},{"taxonomy":"product_tag","embeddable":true,"href":"https:\/\/www.botta.it\/de\/wp-json\/wp\/v2\/product_tag?post=19507"}],"curies":[{"name":"wp","href":"https:\/\/api.w.org\/{rel}","templated":true}]}}