{"id":19422,"date":"2023-06-21T22:00:57","date_gmt":"2023-06-21T20:00:57","guid":{"rendered":"https:\/\/www.botta.it\/prodotto\/unkategorisiert\/eco-thermal-labels-paper-recyclable\/"},"modified":"2025-05-16T12:15:10","modified_gmt":"2025-05-16T10:15:10","slug":"eco-thermal-labels-paper-recyclable","status":"publish","type":"product","link":"https:\/\/www.botta.it\/de\/produkte\/eco-packaging\/eco-luxury-solutions\/eco-thermal-labels-paper-recyclable\/","title":{"rendered":"\u00d6ko-Thermo-Etiketten &#8211; Papier recycelbar"},"content":{"rendered":"<p><b>\u00d6ko-Thermopapierrollen &#8211; Recyclingpapier<\/b><span style=\"font-weight: 400;\"> ist die nachhaltige Alternative zu herk\u00f6mmlichem Thermobonpapier.\u00a0<\/span><\/p>\n<p><span style=\"font-weight: 400;\">Dieses Produkt ist das einzige vollst\u00e4ndig recycelbare Thermopapier, das mit dem normalen Papierm\u00fcll entsorgt werden kann. Es nutzt einen rein physikalischen Prozess zur Erzeugung eines Bildes anstelle einer chemischen Reaktion auf W\u00e4rme und bietet einen dauerhaften, chemiefreien Druck mit einer unverwechselbaren blauen Farbe.\u00a0<\/span><\/p>\n<p><span style=\"font-weight: 400;\">Langlebig: Der Aufdruck auf dem Etikett h\u00e4lt \u00fcber 30 Jahre lang.<\/span><\/p>\n<p><span style=\"font-weight: 400;\">Zugelassen f\u00fcr den direkten Kontakt mit Lebensmitteln und kompatibel mit den meisten Thermodruckern POS-Drucker, ist es die perfekte Wahl f\u00fcr Unternehmen, die die Umweltbelastung minimieren wollen, ohne dabei ohne die Leistung zu beeintr\u00e4chtigen.<\/span><\/p>\n","protected":false},"excerpt":{"rendered":"<p><strong><em>Werden Sie gr\u00fcn mit unserer nachhaltigen, langlebigen, sicheren, unverwechselbaren und kompatiblen Alternative zu herk\u00f6mmlichem Thermopapier.<\/em><\/strong><\/p>\n<ul>\n<li><strong>Zeigen Sie, dass Sie sich f\u00fcr den Umweltschutz engagieren:<\/strong> Das einzige Thermobonpapier auf dem Markt, das vollst\u00e4ndig recycelbar ist. Es kann problemlos zusammen mit anderen Papierabf\u00e4llen recycelt werden, wodurch die Umweltbelastung verringert wird.<\/li>\n<li><strong>Ziehen Sie die Aufmerksamkeit Ihrer Kunden auf sich:<\/strong> Leicht erkennbar durch die unverwechselbare blaue Farbe, die einen Hauch von Einzigartigkeit verleiht<\/li>\n<li><strong>Leistungsstark und einfach zu verwenden: <\/strong>Entwickelt f\u00fcr den nahtlosen Einsatz mit den meisten POS-Thermodruckern, einschlie\u00dflich Epson, Toshiba, NCR und Diebold Nixdorf. Das Druckbild ist \u00fcber 30 Jahre haltbar und sorgt so f\u00fcr eine lang anhaltende Werbewirksamkeit.<\/li>\n<li><strong>Lebensmittelecht:<\/strong>Zugelassen f\u00fcr den direkten Kontakt mit Lebensmitteln, daher geeignet f\u00fcr den Druck von Quittungen f\u00fcr Lebensmittelk\u00e4ufe oder Restaurantrechnungen.<\/li>\n<li><strong>Aticelca-Zertifizierung ausstehend: <\/strong>Wir sind derzeit dabei, die Aticelca-Zertifizierung zu erhalten, eine anerkannte Zertifizierung f\u00fcr \u00f6kologische Nachhaltigkeit in der Papierindustrie.<\/li>\n<\/ul>\n","protected":false},"featured_media":27145,"template":"","meta":{"om_disable_all_campaigns":false,"_monsterinsights_skip_tracking":false,"_monsterinsights_sitenote_active":false,"_monsterinsights_sitenote_note":"","_monsterinsights_sitenote_category":0,"site-sidebar-layout":"default","site-content-layout":"default","ast-global-header-display":"","ast-banner-title-visibility":"","ast-main-header-display":"","ast-hfb-above-header-display":"","ast-hfb-below-header-display":"","ast-hfb-mobile-header-display":"","site-post-title":"","ast-breadcrumbs-content":"","ast-featured-img":"","footer-sml-layout":"","theme-transparent-header-meta":"default","adv-header-id-meta":"","stick-header-meta":"","header-above-stick-meta":"","header-main-stick-meta":"","header-below-stick-meta":""},"product_cat":[5306],"product_tag":[],"aioseo_notices":[],"yoast_head":"<!-- This site is optimized with the Yoast SEO Premium plugin v19.2.1 (Yoast SEO v21.9.1) - https:\/\/yoast.com\/wordpress\/plugins\/seo\/ -->\n<title>BOTTA PACKAGING \u00bb eco-packaging solutions - \u00d6ko-Thermo-Etiketten - Papier recycelbar<\/title>\n<meta name=\"robots\" content=\"index, follow, max-snippet:-1, max-image-preview:large, max-video-preview:-1\" \/>\n<link rel=\"canonical\" href=\"https:\/\/www.botta.it\/de\/produkte\/eco-packaging\/eco-luxury-solutions\/eco-thermal-labels-paper-recyclable\/\" \/>\n<meta property=\"og:locale\" content=\"de_DE\" \/>\n<meta property=\"og:type\" content=\"article\" \/>\n<meta property=\"og:title\" content=\"\u00d6ko-Thermo-Etiketten - Papier recycelbar\" \/>\n<meta property=\"og:description\" content=\"Werden Sie gr\u00fcn mit unserer nachhaltigen, langlebigen, sicheren, unverwechselbaren und kompatiblen Alternative zu herk\u00f6mmlichem Thermopapier.   Zeigen Sie, dass Sie sich f\u00fcr den Umweltschutz engagieren: Das einzige Thermobonpapier auf dem Markt, das vollst\u00e4ndig recycelbar ist. Es kann problemlos zusammen mit anderen Papierabf\u00e4llen recycelt werden, wodurch die Umweltbelastung verringert wird.  Ziehen Sie die Aufmerksamkeit Ihrer Kunden auf sich: Leicht erkennbar durch die unverwechselbare blaue Farbe, die einen Hauch von Einzigartigkeit verleiht  Leistungsstark und einfach zu verwenden: Entwickelt f\u00fcr den nahtlosen Einsatz mit den meisten POS-Thermodruckern, einschlie\u00dflich Epson, Toshiba, NCR und Diebold Nixdorf. Das Druckbild ist \u00fcber 30 Jahre haltbar und sorgt so f\u00fcr eine lang anhaltende Werbewirksamkeit.  Lebensmittelecht:Zugelassen f\u00fcr den direkten Kontakt mit Lebensmitteln, daher geeignet f\u00fcr den Druck von Quittungen f\u00fcr Lebensmittelk\u00e4ufe oder Restaurantrechnungen.  Aticelca-Zertifizierung ausstehend: Wir sind derzeit dabei, die Aticelca-Zertifizierung zu erhalten, eine anerkannte Zertifizierung f\u00fcr \u00f6kologische Nachhaltigkeit in der Papierindustrie.\" \/>\n<meta property=\"og:url\" content=\"https:\/\/www.botta.it\/de\/produkte\/eco-packaging\/eco-luxury-solutions\/eco-thermal-labels-paper-recyclable\/\" \/>\n<meta property=\"og:site_name\" content=\"BOTTA PACKAGING \u00bb eco-packaging solutions\" \/>\n<meta property=\"article:publisher\" content=\"https:\/\/www.facebook.com\/bottapackaging\/\" \/>\n<meta property=\"article:modified_time\" content=\"2025-05-16T10:15:10+00:00\" \/>\n<meta property=\"og:image\" content=\"https:\/\/www.botta.it\/wp-content\/uploads\/2023\/06\/Thermal-Paper.png\" \/>\n\t<meta property=\"og:image:width\" content=\"1080\" \/>\n\t<meta property=\"og:image:height\" content=\"1080\" \/>\n\t<meta property=\"og:image:type\" content=\"image\/png\" \/>\n<meta name=\"twitter:card\" content=\"summary_large_image\" \/>\n<meta name=\"twitter:site\" content=\"@botta_box\" \/>\n<script type=\"application\/ld+json\" class=\"yoast-schema-graph\">{\"@context\":\"https:\/\/schema.org\",\"@graph\":[{\"@type\":\"WebPage\",\"@id\":\"https:\/\/www.botta.it\/de\/produkte\/eco-packaging\/eco-luxury-solutions\/eco-thermal-labels-paper-recyclable\/\",\"url\":\"https:\/\/www.botta.it\/de\/produkte\/eco-packaging\/eco-luxury-solutions\/eco-thermal-labels-paper-recyclable\/\",\"name\":\"BOTTA PACKAGING \u00bb eco-packaging solutions - \u00d6ko-Thermo-Etiketten - Papier recycelbar\",\"isPartOf\":{\"@id\":\"https:\/\/www.botta.it\/#website\"},\"datePublished\":\"2023-06-21T20:00:57+00:00\",\"dateModified\":\"2025-05-16T10:15:10+00:00\",\"breadcrumb\":{\"@id\":\"https:\/\/www.botta.it\/de\/produkte\/eco-packaging\/eco-luxury-solutions\/eco-thermal-labels-paper-recyclable\/#breadcrumb\"},\"inLanguage\":\"de\",\"potentialAction\":[{\"@type\":\"ReadAction\",\"target\":[\"https:\/\/www.botta.it\/de\/produkte\/eco-packaging\/eco-luxury-solutions\/eco-thermal-labels-paper-recyclable\/\"]}]},{\"@type\":\"BreadcrumbList\",\"@id\":\"https:\/\/www.botta.it\/de\/produkte\/eco-packaging\/eco-luxury-solutions\/eco-thermal-labels-paper-recyclable\/#breadcrumb\",\"itemListElement\":[{\"@type\":\"ListItem\",\"position\":1,\"name\":\"Home\",\"item\":\"https:\/\/www.botta.it\/\"},{\"@type\":\"ListItem\",\"position\":2,\"name\":\"Prodotti\",\"item\":\"https:\/\/www.botta.it\/shop\/\"},{\"@type\":\"ListItem\",\"position\":3,\"name\":\"ECO PACKAGING\",\"item\":\"https:\/\/www.botta.it\/eco-packaging\/\"},{\"@type\":\"ListItem\",\"position\":4,\"name\":\"ECO-LUXURY SOLUTIONS\",\"item\":\"https:\/\/www.botta.it\/eco-packaging\/eco-luxury-solutions\/\"},{\"@type\":\"ListItem\",\"position\":5,\"name\":\"\u00d6ko-Thermo-Etiketten &#8211; Papier recycelbar\"}]},{\"@type\":\"WebSite\",\"@id\":\"https:\/\/www.botta.it\/#website\",\"url\":\"https:\/\/www.botta.it\/\",\"name\":\"BOTTA PACKAGING \u00bb eco-packaging solutions\",\"description\":\"\u00d6kologische verpackungsl\u00f6sungen, wellpappe liefert, kartons, umschl\u00e4ge, airbags.\",\"publisher\":{\"@id\":\"https:\/\/www.botta.it\/#organization\"},\"potentialAction\":[{\"@type\":\"SearchAction\",\"target\":{\"@type\":\"EntryPoint\",\"urlTemplate\":\"https:\/\/www.botta.it\/?s={search_term_string}\"},\"query-input\":\"required name=search_term_string\"}],\"inLanguage\":\"de\"},{\"@type\":\"Organization\",\"@id\":\"https:\/\/www.botta.it\/#organization\",\"name\":\"BOTTA EcoPackaging\",\"url\":\"https:\/\/www.botta.it\/\",\"logo\":{\"@type\":\"ImageObject\",\"inLanguage\":\"de\",\"@id\":\"https:\/\/www.botta.it\/#\/schema\/logo\/image\/\",\"url\":\"https:\/\/www.botta.it\/wp-content\/uploads\/2021\/12\/Logo-RGB.png\",\"contentUrl\":\"https:\/\/www.botta.it\/wp-content\/uploads\/2021\/12\/Logo-RGB.png\",\"width\":1600,\"height\":1043,\"caption\":\"BOTTA EcoPackaging\"},\"image\":{\"@id\":\"https:\/\/www.botta.it\/#\/schema\/logo\/image\/\"},\"sameAs\":[\"https:\/\/www.facebook.com\/bottapackaging\/\",\"https:\/\/twitter.com\/botta_box\",\"https:\/\/www.instagram.com\/botta_box\/\",\"https:\/\/it.linkedin.com\/company\/botta-ecopackaging\",\"https:\/\/www.youtube.com\/channel\/UCLhT-tw_FsukJfrKi73c48Q\"]}]}<\/script>\n<!-- \/ Yoast SEO Premium plugin. -->","yoast_head_json":{"title":"BOTTA PACKAGING \u00bb eco-packaging solutions - \u00d6ko-Thermo-Etiketten - Papier recycelbar","robots":{"index":"index","follow":"follow","max-snippet":"max-snippet:-1","max-image-preview":"max-image-preview:large","max-video-preview":"max-video-preview:-1"},"canonical":"https:\/\/www.botta.it\/de\/produkte\/eco-packaging\/eco-luxury-solutions\/eco-thermal-labels-paper-recyclable\/","og_locale":"de_DE","og_type":"article","og_title":"\u00d6ko-Thermo-Etiketten - Papier recycelbar","og_description":"Werden Sie gr\u00fcn mit unserer nachhaltigen, langlebigen, sicheren, unverwechselbaren und kompatiblen Alternative zu herk\u00f6mmlichem Thermopapier.   Zeigen Sie, dass Sie sich f\u00fcr den Umweltschutz engagieren: Das einzige Thermobonpapier auf dem Markt, das vollst\u00e4ndig recycelbar ist. Es kann problemlos zusammen mit anderen Papierabf\u00e4llen recycelt werden, wodurch die Umweltbelastung verringert wird.  Ziehen Sie die Aufmerksamkeit Ihrer Kunden auf sich: Leicht erkennbar durch die unverwechselbare blaue Farbe, die einen Hauch von Einzigartigkeit verleiht  Leistungsstark und einfach zu verwenden: Entwickelt f\u00fcr den nahtlosen Einsatz mit den meisten POS-Thermodruckern, einschlie\u00dflich Epson, Toshiba, NCR und Diebold Nixdorf. Das Druckbild ist \u00fcber 30 Jahre haltbar und sorgt so f\u00fcr eine lang anhaltende Werbewirksamkeit.  Lebensmittelecht:Zugelassen f\u00fcr den direkten Kontakt mit Lebensmitteln, daher geeignet f\u00fcr den Druck von Quittungen f\u00fcr Lebensmittelk\u00e4ufe oder Restaurantrechnungen.  Aticelca-Zertifizierung ausstehend: Wir sind derzeit dabei, die Aticelca-Zertifizierung zu erhalten, eine anerkannte Zertifizierung f\u00fcr \u00f6kologische Nachhaltigkeit in der Papierindustrie.","og_url":"https:\/\/www.botta.it\/de\/produkte\/eco-packaging\/eco-luxury-solutions\/eco-thermal-labels-paper-recyclable\/","og_site_name":"BOTTA PACKAGING \u00bb eco-packaging solutions","article_publisher":"https:\/\/www.facebook.com\/bottapackaging\/","article_modified_time":"2025-05-16T10:15:10+00:00","og_image":[{"width":1080,"height":1080,"url":"https:\/\/www.botta.it\/wp-content\/uploads\/2023\/06\/Thermal-Paper.png","type":"image\/png"}],"twitter_card":"summary_large_image","twitter_site":"@botta_box","schema":{"@context":"https:\/\/schema.org","@graph":[{"@type":"WebPage","@id":"https:\/\/www.botta.it\/de\/produkte\/eco-packaging\/eco-luxury-solutions\/eco-thermal-labels-paper-recyclable\/","url":"https:\/\/www.botta.it\/de\/produkte\/eco-packaging\/eco-luxury-solutions\/eco-thermal-labels-paper-recyclable\/","name":"BOTTA PACKAGING \u00bb eco-packaging solutions - \u00d6ko-Thermo-Etiketten - Papier recycelbar","isPartOf":{"@id":"https:\/\/www.botta.it\/#website"},"datePublished":"2023-06-21T20:00:57+00:00","dateModified":"2025-05-16T10:15:10+00:00","breadcrumb":{"@id":"https:\/\/www.botta.it\/de\/produkte\/eco-packaging\/eco-luxury-solutions\/eco-thermal-labels-paper-recyclable\/#breadcrumb"},"inLanguage":"de","potentialAction":[{"@type":"ReadAction","target":["https:\/\/www.botta.it\/de\/produkte\/eco-packaging\/eco-luxury-solutions\/eco-thermal-labels-paper-recyclable\/"]}]},{"@type":"BreadcrumbList","@id":"https:\/\/www.botta.it\/de\/produkte\/eco-packaging\/eco-luxury-solutions\/eco-thermal-labels-paper-recyclable\/#breadcrumb","itemListElement":[{"@type":"ListItem","position":1,"name":"Home","item":"https:\/\/www.botta.it\/"},{"@type":"ListItem","position":2,"name":"Prodotti","item":"https:\/\/www.botta.it\/shop\/"},{"@type":"ListItem","position":3,"name":"ECO PACKAGING","item":"https:\/\/www.botta.it\/eco-packaging\/"},{"@type":"ListItem","position":4,"name":"ECO-LUXURY SOLUTIONS","item":"https:\/\/www.botta.it\/eco-packaging\/eco-luxury-solutions\/"},{"@type":"ListItem","position":5,"name":"\u00d6ko-Thermo-Etiketten &#8211; Papier recycelbar"}]},{"@type":"WebSite","@id":"https:\/\/www.botta.it\/#website","url":"https:\/\/www.botta.it\/","name":"BOTTA PACKAGING \u00bb eco-packaging solutions","description":"\u00d6kologische verpackungsl\u00f6sungen, wellpappe liefert, kartons, umschl\u00e4ge, airbags.","publisher":{"@id":"https:\/\/www.botta.it\/#organization"},"potentialAction":[{"@type":"SearchAction","target":{"@type":"EntryPoint","urlTemplate":"https:\/\/www.botta.it\/?s={search_term_string}"},"query-input":"required name=search_term_string"}],"inLanguage":"de"},{"@type":"Organization","@id":"https:\/\/www.botta.it\/#organization","name":"BOTTA EcoPackaging","url":"https:\/\/www.botta.it\/","logo":{"@type":"ImageObject","inLanguage":"de","@id":"https:\/\/www.botta.it\/#\/schema\/logo\/image\/","url":"https:\/\/www.botta.it\/wp-content\/uploads\/2021\/12\/Logo-RGB.png","contentUrl":"https:\/\/www.botta.it\/wp-content\/uploads\/2021\/12\/Logo-RGB.png","width":1600,"height":1043,"caption":"BOTTA EcoPackaging"},"image":{"@id":"https:\/\/www.botta.it\/#\/schema\/logo\/image\/"},"sameAs":["https:\/\/www.facebook.com\/bottapackaging\/","https:\/\/twitter.com\/botta_box","https:\/\/www.instagram.com\/botta_box\/","https:\/\/it.linkedin.com\/company\/botta-ecopackaging","https:\/\/www.youtube.com\/channel\/UCLhT-tw_FsukJfrKi73c48Q"]}]}},"_links":{"self":[{"href":"https:\/\/www.botta.it\/de\/wp-json\/wp\/v2\/product\/19422"}],"collection":[{"href":"https:\/\/www.botta.it\/de\/wp-json\/wp\/v2\/product"}],"about":[{"href":"https:\/\/www.botta.it\/de\/wp-json\/wp\/v2\/types\/product"}],"version-history":[{"count":4,"href":"https:\/\/www.botta.it\/de\/wp-json\/wp\/v2\/product\/19422\/revisions"}],"predecessor-version":[{"id":27147,"href":"https:\/\/www.botta.it\/de\/wp-json\/wp\/v2\/product\/19422\/revisions\/27147"}],"wp:featuredmedia":[{"embeddable":true,"href":"https:\/\/www.botta.it\/de\/wp-json\/wp\/v2\/media\/27145"}],"wp:attachment":[{"href":"https:\/\/www.botta.it\/de\/wp-json\/wp\/v2\/media?parent=19422"}],"wp:term":[{"taxonomy":"product_cat","embeddable":true,"href":"https:\/\/www.botta.it\/de\/wp-json\/wp\/v2\/product_cat?post=19422"},{"taxonomy":"product_tag","embeddable":true,"href":"https:\/\/www.botta.it\/de\/wp-json\/wp\/v2\/product_tag?post=19422"}],"curies":[{"name":"wp","href":"https:\/\/api.w.org\/{rel}","templated":true}]}}