{"id":19379,"date":"2023-06-16T09:51:25","date_gmt":"2023-06-16T07:51:25","guid":{"rendered":"https:\/\/www.botta.it\/prodotto\/unkategorisiert\/eco-soft-touch-shopper-reusable\/"},"modified":"2025-05-16T12:03:48","modified_gmt":"2025-05-16T10:03:48","slug":"eco-soft-touch-shopper-reusable","status":"publish","type":"product","link":"https:\/\/www.botta.it\/de\/produkte\/eco-packaging\/eco-buste-sacchi\/eco-soft-touch-shopper-reusable\/","title":{"rendered":"Eco-Soft Touch Shopper Reusable"},"content":{"rendered":"<p><span style=\"font-weight: 400;\">Wir stellen unseren Eco-Soft Touch Shopper Reusable vor, die ultimative Einkaufstasche aus Papier, die Haltbarkeit, Funktionalit\u00e4t und Nachhaltigkeit vereint. Sie ist aus einem einzigartigen, starken und weichen Papier hergestellt, das rei\u00dffest, feuchtigkeitsresistent und kratzfest ist. Ihre wertvollen und luxuri\u00f6sen Gegenst\u00e4nde werden gesch\u00fctzt, w\u00e4hrend Sie sich angenehm anfassen k\u00f6nnen. Keine Fingerabdr\u00fccke mehr durch scharfe Kanten oder Ecken! Unsere Tasche sorgt f\u00fcr ein sicheres und angenehmes Einkaufserlebnis. Unsere Tasche ist zusammen mit anderen Verpackungsmaterialien aus Papier und Karton recycelbar. Sie ist auch f\u00fcr den Kontakt mit Lebensmitteln zertifiziert, was ihre Sicherheit garantiert. Bitte beachten Sie, dass eine FSC-Zertifizierung auf Anfrage erh\u00e4ltlich ist.<\/span><\/p>\n<p><span style=\"font-weight: 400;\">Individuelle Gestaltung ist das A und O! W\u00e4hlen Sie die Gr\u00f6\u00dfe, den Aufdruck und die Menge, die Ihre Markenidentit\u00e4t widerspiegeln. Steigern Sie Ihre Sichtbarkeit und hinterlassen Sie einen bleibenden Eindruck bei Ihren Kunden. Es ist an der Zeit, die perfekte Mischung aus Langlebigkeit, Funktionalit\u00e4t und Nachhaltigkeit mit unserem wiederverwendbaren Eco-Soft Touch Shopper zu erleben. Kontaktieren Sie uns noch heute, um Ihr Einkaufserlebnis zu verbessern.<\/span><\/p>\n","protected":false},"excerpt":{"rendered":"<p><b>Der Eco-Soft Touch Shopper Reusable ist unsere neue und einzigartige Einkaufstasche aus Papier, die Langlebigkeit, Funktionalit\u00e4t und Nachhaltigkeit vereint.<\/b><\/p>\n<p><b>Hauptmerkmale und Vorteile:<\/b><\/p>\n<ul>\n<li style=\"font-weight: 400;\"><span style=\"font-weight: 400;\">Recycelbar: Kann zusammen mit anderen Verpackungsmaterialien aus Papier oder Karton recycelt werden. Bitte beachten Sie, dass eine FSC-Zertifizierung auf Anfrage erh\u00e4ltlich ist.<\/span><\/li>\n<li style=\"font-weight: 400;\"><span style=\"font-weight: 400;\">Sicher in der Anwendung: Zertifiziert und f\u00fcr den Kontakt mit Lebensmitteln zugelassen.<\/span><\/li>\n<li style=\"font-weight: 400;\"><span style=\"font-weight: 400;\">Wiederverwendbar: Kann beliebig oft wiederverwendet werden, ohne seine Form und Qualit\u00e4t zu verlieren. Au\u00dferdem l\u00e4sst er sich leicht zusammenfalten und aufbewahren.<\/span><\/li>\n<li style=\"font-weight: 400;\"><span style=\"font-weight: 400;\">Weiche Haptik: Angenehm in der Handhabung, keine Gefahr von Fingerverletzungen.<\/span><\/li>\n<li style=\"font-weight: 400;\"><span style=\"font-weight: 400;\">Kratzfest: Verhindert das Zerkratzen und Besch\u00e4digen Ihrer empfindlichen und luxuri\u00f6sen Gegenst\u00e4nde.<\/span><\/li>\n<li style=\"font-weight: 400;\"><span style=\"font-weight: 400;\">Feuchtigkeitsresistent<\/span><\/li>\n<li style=\"font-weight: 400;\"><span style=\"font-weight: 400;\">Langlebig und rei\u00dffest<\/span><\/li>\n<li style=\"font-weight: 400;\"><span style=\"font-weight: 400;\">Ma\u00dfgeschneiderte Gr\u00f6\u00dfen und Aufdrucke<\/span><\/li>\n<\/ul>\n","protected":false},"featured_media":27140,"template":"","meta":{"om_disable_all_campaigns":false,"_monsterinsights_skip_tracking":false,"_monsterinsights_sitenote_active":false,"_monsterinsights_sitenote_note":"","_monsterinsights_sitenote_category":0,"site-sidebar-layout":"default","site-content-layout":"default","ast-global-header-display":"","ast-banner-title-visibility":"","ast-main-header-display":"","ast-hfb-above-header-display":"","ast-hfb-below-header-display":"","ast-hfb-mobile-header-display":"","site-post-title":"","ast-breadcrumbs-content":"","ast-featured-img":"","footer-sml-layout":"","theme-transparent-header-meta":"default","adv-header-id-meta":"","stick-header-meta":"","header-above-stick-meta":"","header-main-stick-meta":"","header-below-stick-meta":""},"product_cat":[5311],"product_tag":[],"aioseo_notices":[],"yoast_head":"<!-- This site is optimized with the Yoast SEO Premium plugin v19.2.1 (Yoast SEO v21.9.1) - https:\/\/yoast.com\/wordpress\/plugins\/seo\/ -->\n<title>BOTTA PACKAGING \u00bb eco-verpackungsl\u00f6sungen - Eco-Soft Touch Shopper Reusable<\/title>\n<meta name=\"robots\" content=\"index, follow, max-snippet:-1, max-image-preview:large, max-video-preview:-1\" \/>\n<link rel=\"canonical\" href=\"https:\/\/www.botta.it\/de\/produkte\/eco-packaging\/eco-buste-sacchi\/eco-soft-touch-shopper-reusable\/\" \/>\n<meta property=\"og:locale\" content=\"de_DE\" \/>\n<meta property=\"og:type\" content=\"article\" \/>\n<meta property=\"og:title\" content=\"Eco-Soft Touch Shopper Reusable\" \/>\n<meta property=\"og:description\" content=\"Der Eco-Soft Touch Shopper Reusable ist unsere neue und einzigartige Einkaufstasche aus Papier, die Langlebigkeit, Funktionalit\u00e4t und Nachhaltigkeit vereint.  Hauptmerkmale und Vorteile:   Recycelbar: Kann zusammen mit anderen Verpackungsmaterialien aus Papier oder Karton recycelt werden. Bitte beachten Sie, dass eine FSC-Zertifizierung auf Anfrage erh\u00e4ltlich ist.  Sicher in der Anwendung: Zertifiziert und f\u00fcr den Kontakt mit Lebensmitteln zugelassen.  Wiederverwendbar: Kann beliebig oft wiederverwendet werden, ohne seine Form und Qualit\u00e4t zu verlieren. Au\u00dferdem l\u00e4sst er sich leicht zusammenfalten und aufbewahren.  Weiche Haptik: Angenehm in der Handhabung, keine Gefahr von Fingerverletzungen.  Kratzfest: Verhindert das Zerkratzen und Besch\u00e4digen Ihrer empfindlichen und luxuri\u00f6sen Gegenst\u00e4nde.  Feuchtigkeitsresistent  Langlebig und rei\u00dffest  Ma\u00dfgeschneiderte Gr\u00f6\u00dfen und Aufdrucke\" \/>\n<meta property=\"og:url\" content=\"https:\/\/www.botta.it\/de\/produkte\/eco-packaging\/eco-buste-sacchi\/eco-soft-touch-shopper-reusable\/\" \/>\n<meta property=\"og:site_name\" content=\"BOTTA PACKAGING \u00bb eco-verpackungsl\u00f6sungen\" \/>\n<meta property=\"article:publisher\" content=\"https:\/\/www.facebook.com\/bottapackaging\/\" \/>\n<meta property=\"article:modified_time\" content=\"2025-05-16T10:03:48+00:00\" \/>\n<meta property=\"og:image\" content=\"https:\/\/www.botta.it\/wp-content\/uploads\/2023\/06\/soft-touch-shopper-1024x1024.png\" \/>\n\t<meta property=\"og:image:width\" content=\"1024\" \/>\n\t<meta property=\"og:image:height\" content=\"1024\" \/>\n\t<meta property=\"og:image:type\" content=\"image\/png\" \/>\n<meta name=\"twitter:card\" content=\"summary_large_image\" \/>\n<meta name=\"twitter:site\" content=\"@botta_box\" \/>\n<script type=\"application\/ld+json\" class=\"yoast-schema-graph\">{\"@context\":\"https:\/\/schema.org\",\"@graph\":[{\"@type\":\"WebPage\",\"@id\":\"https:\/\/www.botta.it\/de\/produkte\/eco-packaging\/eco-buste-sacchi\/eco-soft-touch-shopper-reusable\/\",\"url\":\"https:\/\/www.botta.it\/de\/produkte\/eco-packaging\/eco-buste-sacchi\/eco-soft-touch-shopper-reusable\/\",\"name\":\"BOTTA PACKAGING \u00bb eco-verpackungsl\u00f6sungen - Eco-Soft Touch Shopper Reusable\",\"isPartOf\":{\"@id\":\"https:\/\/www.botta.it\/#website\"},\"datePublished\":\"2023-06-16T07:51:25+00:00\",\"dateModified\":\"2025-05-16T10:03:48+00:00\",\"breadcrumb\":{\"@id\":\"https:\/\/www.botta.it\/de\/produkte\/eco-packaging\/eco-buste-sacchi\/eco-soft-touch-shopper-reusable\/#breadcrumb\"},\"inLanguage\":\"de\",\"potentialAction\":[{\"@type\":\"ReadAction\",\"target\":[\"https:\/\/www.botta.it\/de\/produkte\/eco-packaging\/eco-buste-sacchi\/eco-soft-touch-shopper-reusable\/\"]}]},{\"@type\":\"BreadcrumbList\",\"@id\":\"https:\/\/www.botta.it\/de\/produkte\/eco-packaging\/eco-buste-sacchi\/eco-soft-touch-shopper-reusable\/#breadcrumb\",\"itemListElement\":[{\"@type\":\"ListItem\",\"position\":1,\"name\":\"Home\",\"item\":\"https:\/\/www.botta.it\/\"},{\"@type\":\"ListItem\",\"position\":2,\"name\":\"Prodotti\",\"item\":\"https:\/\/www.botta.it\/shop\/\"},{\"@type\":\"ListItem\",\"position\":3,\"name\":\"ECO PACKAGING\",\"item\":\"https:\/\/www.botta.it\/eco-packaging\/\"},{\"@type\":\"ListItem\",\"position\":4,\"name\":\"ECO-BUSTE &amp; SACCHI\",\"item\":\"https:\/\/www.botta.it\/eco-packaging\/eco-buste-sacchi\/\"},{\"@type\":\"ListItem\",\"position\":5,\"name\":\"Eco-Soft Touch Shopper Reusable\"}]},{\"@type\":\"WebSite\",\"@id\":\"https:\/\/www.botta.it\/#website\",\"url\":\"https:\/\/www.botta.it\/\",\"name\":\"BOTTA PACKAGING \u00bb eco-verpackungsl\u00f6sungen\",\"description\":\"\u00d6kologische verpackungsl\u00f6sungen, wellpappe liefert, kartons, umschl\u00e4ge, airbags.\",\"publisher\":{\"@id\":\"https:\/\/www.botta.it\/#organization\"},\"potentialAction\":[{\"@type\":\"SearchAction\",\"target\":{\"@type\":\"EntryPoint\",\"urlTemplate\":\"https:\/\/www.botta.it\/?s={search_term_string}\"},\"query-input\":\"required name=search_term_string\"}],\"inLanguage\":\"de\"},{\"@type\":\"Organization\",\"@id\":\"https:\/\/www.botta.it\/#organization\",\"name\":\"BOTTA EcoPackaging\",\"url\":\"https:\/\/www.botta.it\/\",\"logo\":{\"@type\":\"ImageObject\",\"inLanguage\":\"de\",\"@id\":\"https:\/\/www.botta.it\/#\/schema\/logo\/image\/\",\"url\":\"https:\/\/www.botta.it\/wp-content\/uploads\/2021\/12\/Logo-RGB.png\",\"contentUrl\":\"https:\/\/www.botta.it\/wp-content\/uploads\/2021\/12\/Logo-RGB.png\",\"width\":1600,\"height\":1043,\"caption\":\"BOTTA EcoPackaging\"},\"image\":{\"@id\":\"https:\/\/www.botta.it\/#\/schema\/logo\/image\/\"},\"sameAs\":[\"https:\/\/www.facebook.com\/bottapackaging\/\",\"https:\/\/twitter.com\/botta_box\",\"https:\/\/www.instagram.com\/botta_box\/\",\"https:\/\/it.linkedin.com\/company\/botta-ecopackaging\",\"https:\/\/www.youtube.com\/channel\/UCLhT-tw_FsukJfrKi73c48Q\"]}]}<\/script>\n<!-- \/ Yoast SEO Premium plugin. -->","yoast_head_json":{"title":"BOTTA PACKAGING \u00bb eco-verpackungsl\u00f6sungen - Eco-Soft Touch Shopper Reusable","robots":{"index":"index","follow":"follow","max-snippet":"max-snippet:-1","max-image-preview":"max-image-preview:large","max-video-preview":"max-video-preview:-1"},"canonical":"https:\/\/www.botta.it\/de\/produkte\/eco-packaging\/eco-buste-sacchi\/eco-soft-touch-shopper-reusable\/","og_locale":"de_DE","og_type":"article","og_title":"Eco-Soft Touch Shopper Reusable","og_description":"Der Eco-Soft Touch Shopper Reusable ist unsere neue und einzigartige Einkaufstasche aus Papier, die Langlebigkeit, Funktionalit\u00e4t und Nachhaltigkeit vereint.  Hauptmerkmale und Vorteile:   Recycelbar: Kann zusammen mit anderen Verpackungsmaterialien aus Papier oder Karton recycelt werden. Bitte beachten Sie, dass eine FSC-Zertifizierung auf Anfrage erh\u00e4ltlich ist.  Sicher in der Anwendung: Zertifiziert und f\u00fcr den Kontakt mit Lebensmitteln zugelassen.  Wiederverwendbar: Kann beliebig oft wiederverwendet werden, ohne seine Form und Qualit\u00e4t zu verlieren. Au\u00dferdem l\u00e4sst er sich leicht zusammenfalten und aufbewahren.  Weiche Haptik: Angenehm in der Handhabung, keine Gefahr von Fingerverletzungen.  Kratzfest: Verhindert das Zerkratzen und Besch\u00e4digen Ihrer empfindlichen und luxuri\u00f6sen Gegenst\u00e4nde.  Feuchtigkeitsresistent  Langlebig und rei\u00dffest  Ma\u00dfgeschneiderte Gr\u00f6\u00dfen und Aufdrucke","og_url":"https:\/\/www.botta.it\/de\/produkte\/eco-packaging\/eco-buste-sacchi\/eco-soft-touch-shopper-reusable\/","og_site_name":"BOTTA PACKAGING \u00bb eco-verpackungsl\u00f6sungen","article_publisher":"https:\/\/www.facebook.com\/bottapackaging\/","article_modified_time":"2025-05-16T10:03:48+00:00","og_image":[{"width":1024,"height":1024,"url":"https:\/\/www.botta.it\/wp-content\/uploads\/2023\/06\/soft-touch-shopper-1024x1024.png","type":"image\/png"}],"twitter_card":"summary_large_image","twitter_site":"@botta_box","schema":{"@context":"https:\/\/schema.org","@graph":[{"@type":"WebPage","@id":"https:\/\/www.botta.it\/de\/produkte\/eco-packaging\/eco-buste-sacchi\/eco-soft-touch-shopper-reusable\/","url":"https:\/\/www.botta.it\/de\/produkte\/eco-packaging\/eco-buste-sacchi\/eco-soft-touch-shopper-reusable\/","name":"BOTTA PACKAGING \u00bb eco-verpackungsl\u00f6sungen - Eco-Soft Touch Shopper Reusable","isPartOf":{"@id":"https:\/\/www.botta.it\/#website"},"datePublished":"2023-06-16T07:51:25+00:00","dateModified":"2025-05-16T10:03:48+00:00","breadcrumb":{"@id":"https:\/\/www.botta.it\/de\/produkte\/eco-packaging\/eco-buste-sacchi\/eco-soft-touch-shopper-reusable\/#breadcrumb"},"inLanguage":"de","potentialAction":[{"@type":"ReadAction","target":["https:\/\/www.botta.it\/de\/produkte\/eco-packaging\/eco-buste-sacchi\/eco-soft-touch-shopper-reusable\/"]}]},{"@type":"BreadcrumbList","@id":"https:\/\/www.botta.it\/de\/produkte\/eco-packaging\/eco-buste-sacchi\/eco-soft-touch-shopper-reusable\/#breadcrumb","itemListElement":[{"@type":"ListItem","position":1,"name":"Home","item":"https:\/\/www.botta.it\/"},{"@type":"ListItem","position":2,"name":"Prodotti","item":"https:\/\/www.botta.it\/shop\/"},{"@type":"ListItem","position":3,"name":"ECO PACKAGING","item":"https:\/\/www.botta.it\/eco-packaging\/"},{"@type":"ListItem","position":4,"name":"ECO-BUSTE &amp; SACCHI","item":"https:\/\/www.botta.it\/eco-packaging\/eco-buste-sacchi\/"},{"@type":"ListItem","position":5,"name":"Eco-Soft Touch Shopper Reusable"}]},{"@type":"WebSite","@id":"https:\/\/www.botta.it\/#website","url":"https:\/\/www.botta.it\/","name":"BOTTA PACKAGING \u00bb eco-verpackungsl\u00f6sungen","description":"\u00d6kologische verpackungsl\u00f6sungen, wellpappe liefert, kartons, umschl\u00e4ge, airbags.","publisher":{"@id":"https:\/\/www.botta.it\/#organization"},"potentialAction":[{"@type":"SearchAction","target":{"@type":"EntryPoint","urlTemplate":"https:\/\/www.botta.it\/?s={search_term_string}"},"query-input":"required name=search_term_string"}],"inLanguage":"de"},{"@type":"Organization","@id":"https:\/\/www.botta.it\/#organization","name":"BOTTA EcoPackaging","url":"https:\/\/www.botta.it\/","logo":{"@type":"ImageObject","inLanguage":"de","@id":"https:\/\/www.botta.it\/#\/schema\/logo\/image\/","url":"https:\/\/www.botta.it\/wp-content\/uploads\/2021\/12\/Logo-RGB.png","contentUrl":"https:\/\/www.botta.it\/wp-content\/uploads\/2021\/12\/Logo-RGB.png","width":1600,"height":1043,"caption":"BOTTA EcoPackaging"},"image":{"@id":"https:\/\/www.botta.it\/#\/schema\/logo\/image\/"},"sameAs":["https:\/\/www.facebook.com\/bottapackaging\/","https:\/\/twitter.com\/botta_box","https:\/\/www.instagram.com\/botta_box\/","https:\/\/it.linkedin.com\/company\/botta-ecopackaging","https:\/\/www.youtube.com\/channel\/UCLhT-tw_FsukJfrKi73c48Q"]}]}},"_links":{"self":[{"href":"https:\/\/www.botta.it\/de\/wp-json\/wp\/v2\/product\/19379"}],"collection":[{"href":"https:\/\/www.botta.it\/de\/wp-json\/wp\/v2\/product"}],"about":[{"href":"https:\/\/www.botta.it\/de\/wp-json\/wp\/v2\/types\/product"}],"version-history":[{"count":5,"href":"https:\/\/www.botta.it\/de\/wp-json\/wp\/v2\/product\/19379\/revisions"}],"predecessor-version":[{"id":27141,"href":"https:\/\/www.botta.it\/de\/wp-json\/wp\/v2\/product\/19379\/revisions\/27141"}],"wp:featuredmedia":[{"embeddable":true,"href":"https:\/\/www.botta.it\/de\/wp-json\/wp\/v2\/media\/27140"}],"wp:attachment":[{"href":"https:\/\/www.botta.it\/de\/wp-json\/wp\/v2\/media?parent=19379"}],"wp:term":[{"taxonomy":"product_cat","embeddable":true,"href":"https:\/\/www.botta.it\/de\/wp-json\/wp\/v2\/product_cat?post=19379"},{"taxonomy":"product_tag","embeddable":true,"href":"https:\/\/www.botta.it\/de\/wp-json\/wp\/v2\/product_tag?post=19379"}],"curies":[{"name":"wp","href":"https:\/\/api.w.org\/{rel}","templated":true}]}}