{"id":18984,"date":"2023-03-09T09:48:10","date_gmt":"2023-03-09T08:48:10","guid":{"rendered":"https:\/\/www.botta.it\/prodotto\/unkategorisiert\/film-estensibile-in-carta-per-bancali\/"},"modified":"2026-04-01T09:30:38","modified_gmt":"2026-04-01T07:30:38","slug":"film-estensibile-in-carta-per-bancali","status":"publish","type":"product","link":"https:\/\/www.botta.it\/de\/produkte\/eco-packaging\/eco-palletizzazione-e-accessori\/film-estensibile-in-carta-per-bancali\/","title":{"rendered":"Papierstretchfolie f\u00fcr Paletten"},"content":{"rendered":"<p><span data-contrast=\"auto\">Palettenwickelpapier ist eine nachhaltige und umweltfreundliche Verpackungsl\u00f6sung, die eine Alternative zu herk\u00f6mmlichen Kunststofffolien und -filmen zum Schutz von Palettenladungen darstellt. Das aus nat\u00fcrlichem Kraftpapier hergestellte Produkt ist \u00e4u\u00dferst flexibel, dehnbar und rei\u00dffest und bietet eine hervorragende Polsterung und Formbarkeit.<\/span><span data-ccp-props=\"{&quot;201341983&quot;:0,&quot;335559739&quot;:160,&quot;335559740&quot;:259}\">\u00a0<\/span><\/p>\n<p><span data-contrast=\"auto\">Es verf\u00fcgt \u00fcber eine au\u00dfergew\u00f6hnliche Papierdehnung von 30 % und hohe Festigkeitseigenschaften, wodurch es sich f\u00fcr Palettenladungen mit quadratischem Profil eignet. Das Produkt ist leicht, einfach zu handhaben und kann mit handels\u00fcblichen manuellen Palettenwickelmaschinen verwendet werden, was es zu einer vielseitigen Option f\u00fcr Unternehmen macht. Dar\u00fcber hinaus ist das Palettenwickelpapier vollst\u00e4ndig recycelbar, es ist eine verantwortungsvolle Wahl f\u00fcr Unternehmen darstellt, die auf nachhaltige Verpackungen umsteigen wollen.<\/span><span data-ccp-props=\"{&quot;201341983&quot;:0,&quot;335559739&quot;:160,&quot;335559740&quot;:259}\">\u00a0<\/span><\/p>\n<p><span data-contrast=\"auto\">Es ist jedoch zu beachten, dass das Produkt m\u00f6glicherweise nicht f\u00fcr schwere Lasten oder gro\u00dfe Sendungen geeignet ist und beim Schutz unregelm\u00e4\u00dfiger Ladungen Einschr\u00e4nkungen aufweist.<\/span><span data-ccp-props=\"{&quot;201341983&quot;:0,&quot;335559739&quot;:160,&quot;335559740&quot;:259}\">\u00a0<\/span><\/p>\n","protected":false},"excerpt":{"rendered":"<p><b><i><span data-contrast=\"auto\">Papierstretchfolie f\u00fcr Paletten: umweltfreundlich, recycelbar und dehnbar!<\/span><\/i><\/b><span data-ccp-props=\"{&quot;201341983&quot;:0,&quot;335559739&quot;:160,&quot;335559740&quot;:259}\">\u00a0<\/span><\/p>\n<ul>\n<li><strong>ATICELCA-Zertifizierung<\/strong> f\u00fcr die Recycelbarkeit von Papier<\/li>\n<li data-leveltext=\"\uf0fc\" data-font=\"Wingdings\" data-listid=\"4\" data-list-defn-props=\"{&quot;335552541&quot;:1,&quot;335559684&quot;:-2,&quot;335559685&quot;:720,&quot;335559991&quot;:360,&quot;469769226&quot;:&quot;Wingdings&quot;,&quot;469769242&quot;:[8226],&quot;469777803&quot;:&quot;left&quot;,&quot;469777804&quot;:&quot;\uf0fc&quot;,&quot;469777815&quot;:&quot;hybridMultilevel&quot;}\" data-aria-posinset=\"1\" data-aria-level=\"1\"><b><span data-contrast=\"auto\">Eine konkrete \u00f6kologische Wahl<\/span><\/b><span data-contrast=\"auto\">: Kraftpapierfolie, die als Alternative zu herk\u00f6mmlichen Kunststofffolien und Folien entwickelt wurde, um Palettenladungen zu sch\u00fctzen.<\/span><span data-ccp-props=\"{&quot;201341983&quot;:0,&quot;335559739&quot;:160,&quot;335559740&quot;:259}\">\u00a0<\/span><\/li>\n<li data-leveltext=\"\uf0fc\" data-font=\"Wingdings\" data-listid=\"4\" data-list-defn-props=\"{&quot;335552541&quot;:1,&quot;335559684&quot;:-2,&quot;335559685&quot;:720,&quot;335559991&quot;:360,&quot;469769226&quot;:&quot;Wingdings&quot;,&quot;469769242&quot;:[8226],&quot;469777803&quot;:&quot;left&quot;,&quot;469777804&quot;:&quot;\uf0fc&quot;,&quot;469777815&quot;:&quot;hybridMultilevel&quot;}\" data-aria-posinset=\"2\" data-aria-level=\"1\"><b><span data-contrast=\"auto\">Dehnbar und vielseitig<\/span><\/b><span data-contrast=\"auto\">: 30% Papierdehnung, hohe Festigkeit und Flexibilit\u00e4t machen sie ideal f\u00fcr den Schutz verschiedener Arten von Palettenladungen.<\/span><span data-ccp-props=\"{&quot;201341983&quot;:0,&quot;335559739&quot;:160,&quot;335559740&quot;:259}\">\u00a0<\/span><\/li>\n<li data-leveltext=\"\uf0fc\" data-font=\"Wingdings\" data-listid=\"4\" data-list-defn-props=\"{&quot;335552541&quot;:1,&quot;335559684&quot;:-2,&quot;335559685&quot;:720,&quot;335559991&quot;:360,&quot;469769226&quot;:&quot;Wingdings&quot;,&quot;469769242&quot;:[8226],&quot;469777803&quot;:&quot;left&quot;,&quot;469777804&quot;:&quot;\uf0fc&quot;,&quot;469777815&quot;:&quot;hybridMultilevel&quot;}\" data-aria-posinset=\"3\" data-aria-level=\"1\"><b><span data-contrast=\"auto\">Kompatibel mit manuellen Standard-Palettenwickelmaschinen<\/span><\/b><span data-ccp-props=\"{&quot;201341983&quot;:0,&quot;335559739&quot;:160,&quot;335559740&quot;:259}\">\u00a0<\/span><\/li>\n<li data-leveltext=\"\uf0fc\" data-font=\"Wingdings\" data-listid=\"4\" data-list-defn-props=\"{&quot;335552541&quot;:1,&quot;335559684&quot;:-2,&quot;335559685&quot;:720,&quot;335559991&quot;:360,&quot;469769226&quot;:&quot;Wingdings&quot;,&quot;469769242&quot;:[8226],&quot;469777803&quot;:&quot;left&quot;,&quot;469777804&quot;:&quot;\uf0fc&quot;,&quot;469777815&quot;:&quot;hybridMultilevel&quot;}\" data-aria-posinset=\"4\" data-aria-level=\"1\"><b><span data-contrast=\"auto\">Geeignet f\u00fcr Ladungen auf Paletten mit quadratischem Profil<\/span><\/b><span data-ccp-props=\"{&quot;201341983&quot;:0,&quot;335559739&quot;:160,&quot;335559740&quot;:259}\">\u00a0<\/span><\/li>\n<li data-leveltext=\"\uf0fc\" data-font=\"Wingdings\" data-listid=\"4\" data-list-defn-props=\"{&quot;335552541&quot;:1,&quot;335559684&quot;:-2,&quot;335559685&quot;:720,&quot;335559991&quot;:360,&quot;469769226&quot;:&quot;Wingdings&quot;,&quot;469769242&quot;:[8226],&quot;469777803&quot;:&quot;left&quot;,&quot;469777804&quot;:&quot;\uf0fc&quot;,&quot;469777815&quot;:&quot;hybridMultilevel&quot;}\" data-aria-posinset=\"4\" data-aria-level=\"1\"><b><span data-contrast=\"auto\">100% recycelbar:<\/span><\/b><span data-contrast=\"auto\"> hergestellt aus Kraftpapier\u00a0<\/span><span data-ccp-props=\"{&quot;201341983&quot;:0,&quot;335559739&quot;:160,&quot;335559740&quot;:259}\">\u00a0<\/span><\/li>\n<li data-leveltext=\"\uf0fc\" data-font=\"Wingdings\" data-listid=\"4\" data-list-defn-props=\"{&quot;335552541&quot;:1,&quot;335559684&quot;:-2,&quot;335559685&quot;:720,&quot;335559991&quot;:360,&quot;469769226&quot;:&quot;Wingdings&quot;,&quot;469769242&quot;:[8226],&quot;469777803&quot;:&quot;left&quot;,&quot;469777804&quot;:&quot;\uf0fc&quot;,&quot;469777815&quot;:&quot;hybridMultilevel&quot;}\" data-aria-posinset=\"4\" data-aria-level=\"1\"><b><span data-contrast=\"auto\">Ideal f\u00fcr leichte und normale Ladungen<\/span><\/b><span data-contrast=\"auto\">: Kontaktieren Sie uns, um sicherzustellen, dass wir das richtige Produkt f\u00fcr Ihre spezifischen Anforderungen haben.<\/span><span data-ccp-props=\"{&quot;201341983&quot;:0,&quot;335559739&quot;:160,&quot;335559740&quot;:259}\">\u00a0<\/span><\/li>\n<li data-leveltext=\"\uf0fc\" data-font=\"Wingdings\" data-listid=\"4\" data-list-defn-props=\"{&quot;335552541&quot;:1,&quot;335559684&quot;:-2,&quot;335559685&quot;:720,&quot;335559991&quot;:360,&quot;469769226&quot;:&quot;Wingdings&quot;,&quot;469769242&quot;:[8226],&quot;469777803&quot;:&quot;left&quot;,&quot;469777804&quot;:&quot;\uf0fc&quot;,&quot;469777815&quot;:&quot;hybridMultilevel&quot;}\" data-aria-posinset=\"4\" data-aria-level=\"1\"><b><span data-contrast=\"auto\">Hohe Leistung<\/span><\/b><span data-contrast=\"auto\">: Flexibel, dehnbar und sehr rei\u00dffest, sowie elastisch, gepolstert und formbar.<\/span><span data-ccp-props=\"{&quot;201341983&quot;:0,&quot;335559739&quot;:160,&quot;335559740&quot;:259}\">\u00a0<\/span><\/li>\n<\/ul>\n","protected":false},"featured_media":29467,"template":"","meta":{"om_disable_all_campaigns":false,"_monsterinsights_skip_tracking":false,"_monsterinsights_sitenote_active":false,"_monsterinsights_sitenote_note":"","_monsterinsights_sitenote_category":0,"site-sidebar-layout":"default","site-content-layout":"default","ast-global-header-display":"","ast-banner-title-visibility":"","ast-main-header-display":"","ast-hfb-above-header-display":"","ast-hfb-below-header-display":"","ast-hfb-mobile-header-display":"","site-post-title":"","ast-breadcrumbs-content":"","ast-featured-img":"","footer-sml-layout":"","theme-transparent-header-meta":"default","adv-header-id-meta":"","stick-header-meta":"","header-above-stick-meta":"","header-main-stick-meta":"","header-below-stick-meta":""},"product_cat":[5310],"product_tag":[],"aioseo_notices":[],"yoast_head":"<!-- This site is optimized with the Yoast SEO Premium plugin v19.2.1 (Yoast SEO v21.9.1) - https:\/\/yoast.com\/wordpress\/plugins\/seo\/ -->\n<title>BOTTA PACKAGING \u00bb eco-packaging solutions - Papierstretchfolie f\u00fcr Paletten<\/title>\n<meta name=\"robots\" content=\"index, follow, max-snippet:-1, max-image-preview:large, max-video-preview:-1\" \/>\n<link rel=\"canonical\" href=\"https:\/\/www.botta.it\/de\/produkte\/eco-packaging\/eco-palletizzazione-e-accessori\/film-estensibile-in-carta-per-bancali\/\" \/>\n<meta property=\"og:locale\" content=\"de_DE\" \/>\n<meta property=\"og:type\" content=\"article\" \/>\n<meta property=\"og:title\" content=\"Papierstretchfolie f\u00fcr Paletten\" \/>\n<meta property=\"og:description\" content=\"Papierstretchfolie f\u00fcr Paletten: umweltfreundlich, recycelbar und dehnbar!\u00a0   ATICELCA-Zertifizierung f\u00fcr die Recycelbarkeit von Papier  Eine konkrete \u00f6kologische Wahl: Kraftpapierfolie, die als Alternative zu herk\u00f6mmlichen Kunststofffolien und Folien entwickelt wurde, um Palettenladungen zu sch\u00fctzen.\u00a0  Dehnbar und vielseitig: 30% Papierdehnung, hohe Festigkeit und Flexibilit\u00e4t machen sie ideal f\u00fcr den Schutz verschiedener Arten von Palettenladungen.\u00a0  Kompatibel mit manuellen Standard-Palettenwickelmaschinen\u00a0  Geeignet f\u00fcr Ladungen auf Paletten mit quadratischem Profil\u00a0  100% recycelbar: hergestellt aus Kraftpapier\u00a0\u00a0  Ideal f\u00fcr leichte und normale Ladungen: Kontaktieren Sie uns, um sicherzustellen, dass wir das richtige Produkt f\u00fcr Ihre spezifischen Anforderungen haben.\u00a0  Hohe Leistung: Flexibel, dehnbar und sehr rei\u00dffest, sowie elastisch, gepolstert und formbar.\u00a0\" \/>\n<meta property=\"og:url\" content=\"https:\/\/www.botta.it\/de\/produkte\/eco-packaging\/eco-palletizzazione-e-accessori\/film-estensibile-in-carta-per-bancali\/\" \/>\n<meta property=\"og:site_name\" content=\"BOTTA PACKAGING \u00bb eco-packaging solutions\" \/>\n<meta property=\"article:publisher\" content=\"https:\/\/www.facebook.com\/bottapackaging\/\" \/>\n<meta property=\"article:modified_time\" content=\"2026-04-01T07:30:38+00:00\" \/>\n<meta property=\"og:image\" content=\"https:\/\/www.botta.it\/wp-content\/uploads\/2023\/03\/stretch-film-new.png\" \/>\n\t<meta property=\"og:image:width\" content=\"2380\" \/>\n\t<meta property=\"og:image:height\" content=\"2380\" \/>\n\t<meta property=\"og:image:type\" content=\"image\/png\" \/>\n<meta name=\"twitter:card\" content=\"summary_large_image\" \/>\n<meta name=\"twitter:site\" content=\"@botta_box\" \/>\n<script type=\"application\/ld+json\" class=\"yoast-schema-graph\">{\"@context\":\"https:\/\/schema.org\",\"@graph\":[{\"@type\":\"WebPage\",\"@id\":\"https:\/\/www.botta.it\/de\/produkte\/eco-packaging\/eco-palletizzazione-e-accessori\/film-estensibile-in-carta-per-bancali\/\",\"url\":\"https:\/\/www.botta.it\/de\/produkte\/eco-packaging\/eco-palletizzazione-e-accessori\/film-estensibile-in-carta-per-bancali\/\",\"name\":\"BOTTA PACKAGING \u00bb eco-packaging solutions - Papierstretchfolie f\u00fcr Paletten\",\"isPartOf\":{\"@id\":\"https:\/\/www.botta.it\/#website\"},\"datePublished\":\"2023-03-09T08:48:10+00:00\",\"dateModified\":\"2026-04-01T07:30:38+00:00\",\"breadcrumb\":{\"@id\":\"https:\/\/www.botta.it\/de\/produkte\/eco-packaging\/eco-palletizzazione-e-accessori\/film-estensibile-in-carta-per-bancali\/#breadcrumb\"},\"inLanguage\":\"de\",\"potentialAction\":[{\"@type\":\"ReadAction\",\"target\":[\"https:\/\/www.botta.it\/de\/produkte\/eco-packaging\/eco-palletizzazione-e-accessori\/film-estensibile-in-carta-per-bancali\/\"]}]},{\"@type\":\"BreadcrumbList\",\"@id\":\"https:\/\/www.botta.it\/de\/produkte\/eco-packaging\/eco-palletizzazione-e-accessori\/film-estensibile-in-carta-per-bancali\/#breadcrumb\",\"itemListElement\":[{\"@type\":\"ListItem\",\"position\":1,\"name\":\"Home\",\"item\":\"https:\/\/www.botta.it\/\"},{\"@type\":\"ListItem\",\"position\":2,\"name\":\"Prodotti\",\"item\":\"https:\/\/www.botta.it\/shop\/\"},{\"@type\":\"ListItem\",\"position\":3,\"name\":\"ECO PACKAGING\",\"item\":\"https:\/\/www.botta.it\/eco-packaging\/\"},{\"@type\":\"ListItem\",\"position\":4,\"name\":\"ECO-PALLETIZZAZIONE E ACCESSORI\",\"item\":\"https:\/\/www.botta.it\/eco-packaging\/eco-palletizzazione-e-accessori\/\"},{\"@type\":\"ListItem\",\"position\":5,\"name\":\"Papierstretchfolie f\u00fcr Paletten\"}]},{\"@type\":\"WebSite\",\"@id\":\"https:\/\/www.botta.it\/#website\",\"url\":\"https:\/\/www.botta.it\/\",\"name\":\"BOTTA PACKAGING \u00bb eco-packaging solutions\",\"description\":\"\u00d6kologische verpackungsl\u00f6sungen, wellpappe liefert, kartons, umschl\u00e4ge, airbags.\",\"publisher\":{\"@id\":\"https:\/\/www.botta.it\/#organization\"},\"potentialAction\":[{\"@type\":\"SearchAction\",\"target\":{\"@type\":\"EntryPoint\",\"urlTemplate\":\"https:\/\/www.botta.it\/?s={search_term_string}\"},\"query-input\":\"required name=search_term_string\"}],\"inLanguage\":\"de\"},{\"@type\":\"Organization\",\"@id\":\"https:\/\/www.botta.it\/#organization\",\"name\":\"BOTTA EcoPackaging\",\"url\":\"https:\/\/www.botta.it\/\",\"logo\":{\"@type\":\"ImageObject\",\"inLanguage\":\"de\",\"@id\":\"https:\/\/www.botta.it\/#\/schema\/logo\/image\/\",\"url\":\"https:\/\/www.botta.it\/wp-content\/uploads\/2021\/12\/Logo-RGB.png\",\"contentUrl\":\"https:\/\/www.botta.it\/wp-content\/uploads\/2021\/12\/Logo-RGB.png\",\"width\":1600,\"height\":1043,\"caption\":\"BOTTA EcoPackaging\"},\"image\":{\"@id\":\"https:\/\/www.botta.it\/#\/schema\/logo\/image\/\"},\"sameAs\":[\"https:\/\/www.facebook.com\/bottapackaging\/\",\"https:\/\/twitter.com\/botta_box\",\"https:\/\/www.instagram.com\/botta_box\/\",\"https:\/\/it.linkedin.com\/company\/botta-ecopackaging\",\"https:\/\/www.youtube.com\/channel\/UCLhT-tw_FsukJfrKi73c48Q\"]}]}<\/script>\n<!-- \/ Yoast SEO Premium plugin. -->","yoast_head_json":{"title":"BOTTA PACKAGING \u00bb eco-packaging solutions - Papierstretchfolie f\u00fcr Paletten","robots":{"index":"index","follow":"follow","max-snippet":"max-snippet:-1","max-image-preview":"max-image-preview:large","max-video-preview":"max-video-preview:-1"},"canonical":"https:\/\/www.botta.it\/de\/produkte\/eco-packaging\/eco-palletizzazione-e-accessori\/film-estensibile-in-carta-per-bancali\/","og_locale":"de_DE","og_type":"article","og_title":"Papierstretchfolie f\u00fcr Paletten","og_description":"Papierstretchfolie f\u00fcr Paletten: umweltfreundlich, recycelbar und dehnbar!\u00a0   ATICELCA-Zertifizierung f\u00fcr die Recycelbarkeit von Papier  Eine konkrete \u00f6kologische Wahl: Kraftpapierfolie, die als Alternative zu herk\u00f6mmlichen Kunststofffolien und Folien entwickelt wurde, um Palettenladungen zu sch\u00fctzen.\u00a0  Dehnbar und vielseitig: 30% Papierdehnung, hohe Festigkeit und Flexibilit\u00e4t machen sie ideal f\u00fcr den Schutz verschiedener Arten von Palettenladungen.\u00a0  Kompatibel mit manuellen Standard-Palettenwickelmaschinen\u00a0  Geeignet f\u00fcr Ladungen auf Paletten mit quadratischem Profil\u00a0  100% recycelbar: hergestellt aus Kraftpapier\u00a0\u00a0  Ideal f\u00fcr leichte und normale Ladungen: Kontaktieren Sie uns, um sicherzustellen, dass wir das richtige Produkt f\u00fcr Ihre spezifischen Anforderungen haben.\u00a0  Hohe Leistung: Flexibel, dehnbar und sehr rei\u00dffest, sowie elastisch, gepolstert und formbar.\u00a0","og_url":"https:\/\/www.botta.it\/de\/produkte\/eco-packaging\/eco-palletizzazione-e-accessori\/film-estensibile-in-carta-per-bancali\/","og_site_name":"BOTTA PACKAGING \u00bb eco-packaging solutions","article_publisher":"https:\/\/www.facebook.com\/bottapackaging\/","article_modified_time":"2026-04-01T07:30:38+00:00","og_image":[{"width":2380,"height":2380,"url":"https:\/\/www.botta.it\/wp-content\/uploads\/2023\/03\/stretch-film-new.png","type":"image\/png"}],"twitter_card":"summary_large_image","twitter_site":"@botta_box","schema":{"@context":"https:\/\/schema.org","@graph":[{"@type":"WebPage","@id":"https:\/\/www.botta.it\/de\/produkte\/eco-packaging\/eco-palletizzazione-e-accessori\/film-estensibile-in-carta-per-bancali\/","url":"https:\/\/www.botta.it\/de\/produkte\/eco-packaging\/eco-palletizzazione-e-accessori\/film-estensibile-in-carta-per-bancali\/","name":"BOTTA PACKAGING \u00bb eco-packaging solutions - Papierstretchfolie f\u00fcr Paletten","isPartOf":{"@id":"https:\/\/www.botta.it\/#website"},"datePublished":"2023-03-09T08:48:10+00:00","dateModified":"2026-04-01T07:30:38+00:00","breadcrumb":{"@id":"https:\/\/www.botta.it\/de\/produkte\/eco-packaging\/eco-palletizzazione-e-accessori\/film-estensibile-in-carta-per-bancali\/#breadcrumb"},"inLanguage":"de","potentialAction":[{"@type":"ReadAction","target":["https:\/\/www.botta.it\/de\/produkte\/eco-packaging\/eco-palletizzazione-e-accessori\/film-estensibile-in-carta-per-bancali\/"]}]},{"@type":"BreadcrumbList","@id":"https:\/\/www.botta.it\/de\/produkte\/eco-packaging\/eco-palletizzazione-e-accessori\/film-estensibile-in-carta-per-bancali\/#breadcrumb","itemListElement":[{"@type":"ListItem","position":1,"name":"Home","item":"https:\/\/www.botta.it\/"},{"@type":"ListItem","position":2,"name":"Prodotti","item":"https:\/\/www.botta.it\/shop\/"},{"@type":"ListItem","position":3,"name":"ECO PACKAGING","item":"https:\/\/www.botta.it\/eco-packaging\/"},{"@type":"ListItem","position":4,"name":"ECO-PALLETIZZAZIONE E ACCESSORI","item":"https:\/\/www.botta.it\/eco-packaging\/eco-palletizzazione-e-accessori\/"},{"@type":"ListItem","position":5,"name":"Papierstretchfolie f\u00fcr Paletten"}]},{"@type":"WebSite","@id":"https:\/\/www.botta.it\/#website","url":"https:\/\/www.botta.it\/","name":"BOTTA PACKAGING \u00bb eco-packaging solutions","description":"\u00d6kologische verpackungsl\u00f6sungen, wellpappe liefert, kartons, umschl\u00e4ge, airbags.","publisher":{"@id":"https:\/\/www.botta.it\/#organization"},"potentialAction":[{"@type":"SearchAction","target":{"@type":"EntryPoint","urlTemplate":"https:\/\/www.botta.it\/?s={search_term_string}"},"query-input":"required name=search_term_string"}],"inLanguage":"de"},{"@type":"Organization","@id":"https:\/\/www.botta.it\/#organization","name":"BOTTA EcoPackaging","url":"https:\/\/www.botta.it\/","logo":{"@type":"ImageObject","inLanguage":"de","@id":"https:\/\/www.botta.it\/#\/schema\/logo\/image\/","url":"https:\/\/www.botta.it\/wp-content\/uploads\/2021\/12\/Logo-RGB.png","contentUrl":"https:\/\/www.botta.it\/wp-content\/uploads\/2021\/12\/Logo-RGB.png","width":1600,"height":1043,"caption":"BOTTA EcoPackaging"},"image":{"@id":"https:\/\/www.botta.it\/#\/schema\/logo\/image\/"},"sameAs":["https:\/\/www.facebook.com\/bottapackaging\/","https:\/\/twitter.com\/botta_box","https:\/\/www.instagram.com\/botta_box\/","https:\/\/it.linkedin.com\/company\/botta-ecopackaging","https:\/\/www.youtube.com\/channel\/UCLhT-tw_FsukJfrKi73c48Q"]}]}},"_links":{"self":[{"href":"https:\/\/www.botta.it\/de\/wp-json\/wp\/v2\/product\/18984"}],"collection":[{"href":"https:\/\/www.botta.it\/de\/wp-json\/wp\/v2\/product"}],"about":[{"href":"https:\/\/www.botta.it\/de\/wp-json\/wp\/v2\/types\/product"}],"version-history":[{"count":8,"href":"https:\/\/www.botta.it\/de\/wp-json\/wp\/v2\/product\/18984\/revisions"}],"predecessor-version":[{"id":25773,"href":"https:\/\/www.botta.it\/de\/wp-json\/wp\/v2\/product\/18984\/revisions\/25773"}],"wp:featuredmedia":[{"embeddable":true,"href":"https:\/\/www.botta.it\/de\/wp-json\/wp\/v2\/media\/29467"}],"wp:attachment":[{"href":"https:\/\/www.botta.it\/de\/wp-json\/wp\/v2\/media?parent=18984"}],"wp:term":[{"taxonomy":"product_cat","embeddable":true,"href":"https:\/\/www.botta.it\/de\/wp-json\/wp\/v2\/product_cat?post=18984"},{"taxonomy":"product_tag","embeddable":true,"href":"https:\/\/www.botta.it\/de\/wp-json\/wp\/v2\/product_tag?post=18984"}],"curies":[{"name":"wp","href":"https:\/\/api.w.org\/{rel}","templated":true}]}}