{"id":18144,"date":"2022-11-04T12:38:49","date_gmt":"2022-11-04T11:38:49","guid":{"rendered":"https:\/\/www.botta.it\/prodotto\/unkategorisiert\/eco-profilo-protettivo-mashed-paper-carta-pressata\/"},"modified":"2023-10-09T14:36:56","modified_gmt":"2023-10-09T12:36:56","slug":"eco-profilo-protettivo-mashed-paper-carta-pressata","status":"publish","type":"product","link":"https:\/\/www.botta.it\/de\/produkte\/eco-packaging\/eco-inner-packaging\/eco-angolari\/eco-profilo-protettivo-mashed-paper-carta-pressata\/","title":{"rendered":"Eco-Edge Protector Mashed Paper"},"content":{"rendered":"<p><span style=\"font-weight: 400\">Unser Eco-Edge Protector Mashed Paper dient als zus\u00e4tzliche und nachhaltige Unterst\u00fctzung bei der Verpackung Ihrer Produkte. Das aus Altpapier hergestellte Produkt ist nicht nur zu 100 % recycelbar, sondern bietet auch einen \u00e4u\u00dferst haltbaren und verbesserten Schutz f\u00fcr Ihre Produktkanten beim Verladen und Versand, wie z. B. die Kanten der St\u00fchle, die in einer Ladung nahe beieinander stehen. Die starke Struktur des gestampften Papiers erf\u00fcllt zudem h\u00f6chste Qualit\u00e4tsanforderungen und bleibt auch bei starken oder schnellen St\u00f6\u00dfen intakt. Dar\u00fcber hinaus k\u00f6nnen die Gr\u00f6\u00dfen individuell angepasst werden, so dass sie zu einer Vielzahl von Produkten passen.\u00a0<\/span><\/p>\n<p><span style=\"font-weight: 400\">Sollten Sie neben den Kanten einen zus\u00e4tzlichen Schutz f\u00fcr Ihre Produktecken suchen, k\u00f6nnen Sie sich hier \u00fcber unsere Serie der Eco Corner Protectors informieren.<\/span><\/p>\n","protected":false},"excerpt":{"rendered":"<p><b>Wir stellen das Eco-Edge Protector Mashed Paper vor: die ultimative L\u00f6sung zum Schutz Ihrer Produkte w\u00e4hrend des Versands und der Handhabung. Das zu 100 % aus recycelbarem Altpapier hergestellte Papier sch\u00fctzt Ecken und Kanten, verhindert Besch\u00e4digungen und sorgt f\u00fcr einen makellosen Zustand. Seine einzigartige Struktur erm\u00f6glicht eine schnelle Wiederherstellung, selbst wenn die Produkte auf scharfe Kanten gesto\u00dfen sind. Mit den anpassbaren Gr\u00f6\u00dfen k\u00f6nnen Sie die perfekte Passform f\u00fcr Ihre Produkte finden. Werten Sie Ihre Verpackungen mit dem Eco-Edge Protector Mashed Paper auf und geben Sie Ihren Produkten den ultimativen Schutz, den sie verdienen.<\/b><\/p>\n<p><b>Hauptmerkmale und Vorteile:<\/b><\/p>\n<ul>\n<li><b>Recycelbar und nachhaltig: Hergestellt aus Altpapiermaterialien mit einem vollst\u00e4ndig geformten Rand und hoher Flexibilit\u00e4t.<\/b><\/li>\n<li><b>Geringes Gewicht: Reduziert die Transportkosten.<\/b><\/li>\n<li><b>Einfache und sichere Handhabung spart Zeit beim Verpacken.<\/b><\/li>\n<li><b>Hohe Haltbarkeit und Stabilit\u00e4t.<\/b><\/li>\n<li><b>Sto\u00dfd\u00e4mpfung: verhindert Sch\u00e4den w\u00e4hrend des Transports.<\/b><\/li>\n<li><b>Ma\u00dfgeschneiderte Gr\u00f6\u00dfen.<\/b><\/li>\n<\/ul>\n","protected":false},"featured_media":18482,"template":"","meta":{"om_disable_all_campaigns":false,"_monsterinsights_skip_tracking":false,"_monsterinsights_sitenote_active":false,"_monsterinsights_sitenote_note":"","_monsterinsights_sitenote_category":0,"site-sidebar-layout":"default","site-content-layout":"default","ast-global-header-display":"","ast-banner-title-visibility":"","ast-main-header-display":"","ast-hfb-above-header-display":"","ast-hfb-below-header-display":"","ast-hfb-mobile-header-display":"","site-post-title":"","ast-breadcrumbs-content":"","ast-featured-img":"","footer-sml-layout":"","theme-transparent-header-meta":"default","adv-header-id-meta":"","stick-header-meta":"","header-above-stick-meta":"","header-main-stick-meta":"","header-below-stick-meta":""},"product_cat":[5314],"product_tag":[],"aioseo_notices":[],"yoast_head":"<!-- This site is optimized with the Yoast SEO Premium plugin v19.2.1 (Yoast SEO v21.9.1) - https:\/\/yoast.com\/wordpress\/plugins\/seo\/ -->\n<title>BOTTA PACKAGING \u00bb eco-packaging solutions - Eco-Edge Protector Mashed Paper<\/title>\n<meta name=\"robots\" content=\"index, follow, max-snippet:-1, max-image-preview:large, max-video-preview:-1\" \/>\n<link rel=\"canonical\" href=\"https:\/\/www.botta.it\/de\/produkte\/eco-packaging\/eco-inner-packaging\/eco-angolari\/eco-profilo-protettivo-mashed-paper-carta-pressata\/\" \/>\n<meta property=\"og:locale\" content=\"de_DE\" \/>\n<meta property=\"og:type\" content=\"article\" \/>\n<meta property=\"og:title\" content=\"Eco-Edge Protector Mashed Paper\" \/>\n<meta property=\"og:description\" content=\"Wir stellen das Eco-Edge Protector Mashed Paper vor: die ultimative L\u00f6sung zum Schutz Ihrer Produkte w\u00e4hrend des Versands und der Handhabung. Das zu 100 % aus recycelbarem Altpapier hergestellte Papier sch\u00fctzt Ecken und Kanten, verhindert Besch\u00e4digungen und sorgt f\u00fcr einen makellosen Zustand. Seine einzigartige Struktur erm\u00f6glicht eine schnelle Wiederherstellung, selbst wenn die Produkte auf scharfe Kanten gesto\u00dfen sind. Mit den anpassbaren Gr\u00f6\u00dfen k\u00f6nnen Sie die perfekte Passform f\u00fcr Ihre Produkte finden. Werten Sie Ihre Verpackungen mit dem Eco-Edge Protector Mashed Paper auf und geben Sie Ihren Produkten den ultimativen Schutz, den sie verdienen.  Hauptmerkmale und Vorteile:   Recycelbar und nachhaltig: Hergestellt aus Altpapiermaterialien mit einem vollst\u00e4ndig geformten Rand und hoher Flexibilit\u00e4t.  Geringes Gewicht: Reduziert die Transportkosten.  Einfache und sichere Handhabung spart Zeit beim Verpacken.  Hohe Haltbarkeit und Stabilit\u00e4t.  Sto\u00dfd\u00e4mpfung: verhindert Sch\u00e4den w\u00e4hrend des Transports.  Ma\u00dfgeschneiderte Gr\u00f6\u00dfen.\" \/>\n<meta property=\"og:url\" content=\"https:\/\/www.botta.it\/de\/produkte\/eco-packaging\/eco-inner-packaging\/eco-angolari\/eco-profilo-protettivo-mashed-paper-carta-pressata\/\" \/>\n<meta property=\"og:site_name\" content=\"BOTTA PACKAGING \u00bb eco-packaging solutions\" \/>\n<meta property=\"article:publisher\" content=\"https:\/\/www.facebook.com\/bottapackaging\/\" \/>\n<meta property=\"article:modified_time\" content=\"2023-10-09T12:36:56+00:00\" \/>\n<meta property=\"og:image\" content=\"https:\/\/www.botta.it\/wp-content\/uploads\/2022\/11\/Eco-Edge-Protector-Mashed-Paper.jpg\" \/>\n\t<meta property=\"og:image:width\" content=\"1600\" \/>\n\t<meta property=\"og:image:height\" content=\"1600\" \/>\n\t<meta property=\"og:image:type\" content=\"image\/jpeg\" \/>\n<meta name=\"twitter:card\" content=\"summary_large_image\" \/>\n<meta name=\"twitter:site\" content=\"@botta_box\" \/>\n<script type=\"application\/ld+json\" class=\"yoast-schema-graph\">{\"@context\":\"https:\/\/schema.org\",\"@graph\":[{\"@type\":\"WebPage\",\"@id\":\"https:\/\/www.botta.it\/de\/produkte\/eco-packaging\/eco-inner-packaging\/eco-angolari\/eco-profilo-protettivo-mashed-paper-carta-pressata\/\",\"url\":\"https:\/\/www.botta.it\/de\/produkte\/eco-packaging\/eco-inner-packaging\/eco-angolari\/eco-profilo-protettivo-mashed-paper-carta-pressata\/\",\"name\":\"BOTTA PACKAGING \u00bb eco-packaging solutions - Eco-Edge Protector Mashed Paper\",\"isPartOf\":{\"@id\":\"https:\/\/www.botta.it\/#website\"},\"datePublished\":\"2022-11-04T11:38:49+00:00\",\"dateModified\":\"2023-10-09T12:36:56+00:00\",\"breadcrumb\":{\"@id\":\"https:\/\/www.botta.it\/de\/produkte\/eco-packaging\/eco-inner-packaging\/eco-angolari\/eco-profilo-protettivo-mashed-paper-carta-pressata\/#breadcrumb\"},\"inLanguage\":\"de\",\"potentialAction\":[{\"@type\":\"ReadAction\",\"target\":[\"https:\/\/www.botta.it\/de\/produkte\/eco-packaging\/eco-inner-packaging\/eco-angolari\/eco-profilo-protettivo-mashed-paper-carta-pressata\/\"]}]},{\"@type\":\"BreadcrumbList\",\"@id\":\"https:\/\/www.botta.it\/de\/produkte\/eco-packaging\/eco-inner-packaging\/eco-angolari\/eco-profilo-protettivo-mashed-paper-carta-pressata\/#breadcrumb\",\"itemListElement\":[{\"@type\":\"ListItem\",\"position\":1,\"name\":\"Home\",\"item\":\"https:\/\/www.botta.it\/\"},{\"@type\":\"ListItem\",\"position\":2,\"name\":\"Prodotti\",\"item\":\"https:\/\/www.botta.it\/shop\/\"},{\"@type\":\"ListItem\",\"position\":3,\"name\":\"ECO PACKAGING\",\"item\":\"https:\/\/www.botta.it\/eco-packaging\/\"},{\"@type\":\"ListItem\",\"position\":4,\"name\":\"ECO-PROTECTIVE PACKAGING\",\"item\":\"https:\/\/www.botta.it\/eco-packaging\/eco-protective-packaging\/\"},{\"@type\":\"ListItem\",\"position\":5,\"name\":\"Eco-Edge Protector Mashed Paper\"}]},{\"@type\":\"WebSite\",\"@id\":\"https:\/\/www.botta.it\/#website\",\"url\":\"https:\/\/www.botta.it\/\",\"name\":\"BOTTA PACKAGING \u00bb eco-packaging solutions\",\"description\":\"\u00d6kologische verpackungsl\u00f6sungen, wellpappe liefert, kartons, umschl\u00e4ge, airbags.\",\"publisher\":{\"@id\":\"https:\/\/www.botta.it\/#organization\"},\"potentialAction\":[{\"@type\":\"SearchAction\",\"target\":{\"@type\":\"EntryPoint\",\"urlTemplate\":\"https:\/\/www.botta.it\/?s={search_term_string}\"},\"query-input\":\"required name=search_term_string\"}],\"inLanguage\":\"de\"},{\"@type\":\"Organization\",\"@id\":\"https:\/\/www.botta.it\/#organization\",\"name\":\"BOTTA EcoPackaging\",\"url\":\"https:\/\/www.botta.it\/\",\"logo\":{\"@type\":\"ImageObject\",\"inLanguage\":\"de\",\"@id\":\"https:\/\/www.botta.it\/#\/schema\/logo\/image\/\",\"url\":\"https:\/\/www.botta.it\/wp-content\/uploads\/2021\/12\/Logo-RGB.png\",\"contentUrl\":\"https:\/\/www.botta.it\/wp-content\/uploads\/2021\/12\/Logo-RGB.png\",\"width\":1600,\"height\":1043,\"caption\":\"BOTTA EcoPackaging\"},\"image\":{\"@id\":\"https:\/\/www.botta.it\/#\/schema\/logo\/image\/\"},\"sameAs\":[\"https:\/\/www.facebook.com\/bottapackaging\/\",\"https:\/\/twitter.com\/botta_box\",\"https:\/\/www.instagram.com\/botta_box\/\",\"https:\/\/it.linkedin.com\/company\/botta-ecopackaging\",\"https:\/\/www.youtube.com\/channel\/UCLhT-tw_FsukJfrKi73c48Q\"]}]}<\/script>\n<!-- \/ Yoast SEO Premium plugin. -->","yoast_head_json":{"title":"BOTTA PACKAGING \u00bb eco-packaging solutions - Eco-Edge Protector Mashed Paper","robots":{"index":"index","follow":"follow","max-snippet":"max-snippet:-1","max-image-preview":"max-image-preview:large","max-video-preview":"max-video-preview:-1"},"canonical":"https:\/\/www.botta.it\/de\/produkte\/eco-packaging\/eco-inner-packaging\/eco-angolari\/eco-profilo-protettivo-mashed-paper-carta-pressata\/","og_locale":"de_DE","og_type":"article","og_title":"Eco-Edge Protector Mashed Paper","og_description":"Wir stellen das Eco-Edge Protector Mashed Paper vor: die ultimative L\u00f6sung zum Schutz Ihrer Produkte w\u00e4hrend des Versands und der Handhabung. Das zu 100 % aus recycelbarem Altpapier hergestellte Papier sch\u00fctzt Ecken und Kanten, verhindert Besch\u00e4digungen und sorgt f\u00fcr einen makellosen Zustand. Seine einzigartige Struktur erm\u00f6glicht eine schnelle Wiederherstellung, selbst wenn die Produkte auf scharfe Kanten gesto\u00dfen sind. Mit den anpassbaren Gr\u00f6\u00dfen k\u00f6nnen Sie die perfekte Passform f\u00fcr Ihre Produkte finden. Werten Sie Ihre Verpackungen mit dem Eco-Edge Protector Mashed Paper auf und geben Sie Ihren Produkten den ultimativen Schutz, den sie verdienen.  Hauptmerkmale und Vorteile:   Recycelbar und nachhaltig: Hergestellt aus Altpapiermaterialien mit einem vollst\u00e4ndig geformten Rand und hoher Flexibilit\u00e4t.  Geringes Gewicht: Reduziert die Transportkosten.  Einfache und sichere Handhabung spart Zeit beim Verpacken.  Hohe Haltbarkeit und Stabilit\u00e4t.  Sto\u00dfd\u00e4mpfung: verhindert Sch\u00e4den w\u00e4hrend des Transports.  Ma\u00dfgeschneiderte Gr\u00f6\u00dfen.","og_url":"https:\/\/www.botta.it\/de\/produkte\/eco-packaging\/eco-inner-packaging\/eco-angolari\/eco-profilo-protettivo-mashed-paper-carta-pressata\/","og_site_name":"BOTTA PACKAGING \u00bb eco-packaging solutions","article_publisher":"https:\/\/www.facebook.com\/bottapackaging\/","article_modified_time":"2023-10-09T12:36:56+00:00","og_image":[{"width":1600,"height":1600,"url":"https:\/\/www.botta.it\/wp-content\/uploads\/2022\/11\/Eco-Edge-Protector-Mashed-Paper.jpg","type":"image\/jpeg"}],"twitter_card":"summary_large_image","twitter_site":"@botta_box","schema":{"@context":"https:\/\/schema.org","@graph":[{"@type":"WebPage","@id":"https:\/\/www.botta.it\/de\/produkte\/eco-packaging\/eco-inner-packaging\/eco-angolari\/eco-profilo-protettivo-mashed-paper-carta-pressata\/","url":"https:\/\/www.botta.it\/de\/produkte\/eco-packaging\/eco-inner-packaging\/eco-angolari\/eco-profilo-protettivo-mashed-paper-carta-pressata\/","name":"BOTTA PACKAGING \u00bb eco-packaging solutions - Eco-Edge Protector Mashed Paper","isPartOf":{"@id":"https:\/\/www.botta.it\/#website"},"datePublished":"2022-11-04T11:38:49+00:00","dateModified":"2023-10-09T12:36:56+00:00","breadcrumb":{"@id":"https:\/\/www.botta.it\/de\/produkte\/eco-packaging\/eco-inner-packaging\/eco-angolari\/eco-profilo-protettivo-mashed-paper-carta-pressata\/#breadcrumb"},"inLanguage":"de","potentialAction":[{"@type":"ReadAction","target":["https:\/\/www.botta.it\/de\/produkte\/eco-packaging\/eco-inner-packaging\/eco-angolari\/eco-profilo-protettivo-mashed-paper-carta-pressata\/"]}]},{"@type":"BreadcrumbList","@id":"https:\/\/www.botta.it\/de\/produkte\/eco-packaging\/eco-inner-packaging\/eco-angolari\/eco-profilo-protettivo-mashed-paper-carta-pressata\/#breadcrumb","itemListElement":[{"@type":"ListItem","position":1,"name":"Home","item":"https:\/\/www.botta.it\/"},{"@type":"ListItem","position":2,"name":"Prodotti","item":"https:\/\/www.botta.it\/shop\/"},{"@type":"ListItem","position":3,"name":"ECO PACKAGING","item":"https:\/\/www.botta.it\/eco-packaging\/"},{"@type":"ListItem","position":4,"name":"ECO-PROTECTIVE PACKAGING","item":"https:\/\/www.botta.it\/eco-packaging\/eco-protective-packaging\/"},{"@type":"ListItem","position":5,"name":"Eco-Edge Protector Mashed Paper"}]},{"@type":"WebSite","@id":"https:\/\/www.botta.it\/#website","url":"https:\/\/www.botta.it\/","name":"BOTTA PACKAGING \u00bb eco-packaging solutions","description":"\u00d6kologische verpackungsl\u00f6sungen, wellpappe liefert, kartons, umschl\u00e4ge, airbags.","publisher":{"@id":"https:\/\/www.botta.it\/#organization"},"potentialAction":[{"@type":"SearchAction","target":{"@type":"EntryPoint","urlTemplate":"https:\/\/www.botta.it\/?s={search_term_string}"},"query-input":"required name=search_term_string"}],"inLanguage":"de"},{"@type":"Organization","@id":"https:\/\/www.botta.it\/#organization","name":"BOTTA EcoPackaging","url":"https:\/\/www.botta.it\/","logo":{"@type":"ImageObject","inLanguage":"de","@id":"https:\/\/www.botta.it\/#\/schema\/logo\/image\/","url":"https:\/\/www.botta.it\/wp-content\/uploads\/2021\/12\/Logo-RGB.png","contentUrl":"https:\/\/www.botta.it\/wp-content\/uploads\/2021\/12\/Logo-RGB.png","width":1600,"height":1043,"caption":"BOTTA EcoPackaging"},"image":{"@id":"https:\/\/www.botta.it\/#\/schema\/logo\/image\/"},"sameAs":["https:\/\/www.facebook.com\/bottapackaging\/","https:\/\/twitter.com\/botta_box","https:\/\/www.instagram.com\/botta_box\/","https:\/\/it.linkedin.com\/company\/botta-ecopackaging","https:\/\/www.youtube.com\/channel\/UCLhT-tw_FsukJfrKi73c48Q"]}]}},"_links":{"self":[{"href":"https:\/\/www.botta.it\/de\/wp-json\/wp\/v2\/product\/18144"}],"collection":[{"href":"https:\/\/www.botta.it\/de\/wp-json\/wp\/v2\/product"}],"about":[{"href":"https:\/\/www.botta.it\/de\/wp-json\/wp\/v2\/types\/product"}],"version-history":[{"count":2,"href":"https:\/\/www.botta.it\/de\/wp-json\/wp\/v2\/product\/18144\/revisions"}],"predecessor-version":[{"id":20740,"href":"https:\/\/www.botta.it\/de\/wp-json\/wp\/v2\/product\/18144\/revisions\/20740"}],"wp:featuredmedia":[{"embeddable":true,"href":"https:\/\/www.botta.it\/de\/wp-json\/wp\/v2\/media\/18482"}],"wp:attachment":[{"href":"https:\/\/www.botta.it\/de\/wp-json\/wp\/v2\/media?parent=18144"}],"wp:term":[{"taxonomy":"product_cat","embeddable":true,"href":"https:\/\/www.botta.it\/de\/wp-json\/wp\/v2\/product_cat?post=18144"},{"taxonomy":"product_tag","embeddable":true,"href":"https:\/\/www.botta.it\/de\/wp-json\/wp\/v2\/product_tag?post=18144"}],"curies":[{"name":"wp","href":"https:\/\/api.w.org\/{rel}","templated":true}]}}