{"id":17901,"date":"2022-09-15T12:25:07","date_gmt":"2022-09-15T10:25:07","guid":{"rendered":"https:\/\/www.botta.it\/prodotto\/unkategorisiert\/eco-filler-zig-zag\/"},"modified":"2025-05-19T17:58:49","modified_gmt":"2025-05-19T15:58:49","slug":"eco-filler-zig-zag","status":"publish","type":"product","link":"https:\/\/www.botta.it\/de\/produkte\/eco-packaging\/eco-inner-packaging\/eco-filler\/eco-filler-zig-zag\/","title":{"rendered":"Eco-filler Zig Zag"},"content":{"rendered":"<p><span style=\"font-weight: 400;\">Der \u00d6ko-F\u00fcllstoff Zig Zag wird aus Recyclingpapier hergestellt und ist daher zu 100 % recycelbar und umweltfreundlich. Au\u00dferdem k\u00f6nnen Sie mit der 3-lagigen Zick-Zack-Form selbst die kleinsten L\u00fccken im Karton perfekt ausf\u00fcllen und St\u00f6\u00dfe absorbieren, so dass Ihre Produkte beim Transport nicht verrutschen oder besch\u00e4digt werden. Dar\u00fcber hinaus ist dieses Produkt einfach in der Anwendung, nicht scheuernd, staubfrei und \u00e4sthetisch und verleiht Ihrer Verpackung einen eleganten und stilvollen Touch. Dar\u00fcber hinaus wird der \u00d6ko-F\u00fcller Zig Zag zum Verpacken verschiedener Produkte verwendet, z. B. zum Verpacken von Geschenken, Spielzeug, Kosmetika, Porzellanartikeln und sogar zerbrechlichen Produkten. Er wird auf Wasserbasis gef\u00e4rbt und ist in 24 Farben erh\u00e4ltlich, weitere auf Anfrage.<\/span><\/p>\n","protected":false},"excerpt":{"rendered":"<p><span style=\"font-weight: 400;\">Wir stellen den Eco-filler Zig Zag vor &#8211; die umweltfreundliche L\u00f6sung f\u00fcr Verpackungen und Geschenkverpackungen. Dieses nachhaltige Produkt aus 100 % recyceltem Kraftpapier f\u00fcllt Leerr\u00e4ume, sch\u00fctzt Ihre Produkte w\u00e4hrend des Transports und verleiht ihnen einen eleganten Touch. Werten Sie Ihre Verpackungen mit dem Eco-filler Zig Zag auf.<\/span><\/p>\n<p><span style=\"font-weight: 400;\">Hauptmerkmale und Vorteile:<\/span><\/p>\n<ul>\n<li style=\"font-weight: 400;\"><b>100% recycelbar und \u00f6kologisch:<\/b><span style=\"font-weight: 400;\"> drei Schichten aus recyceltem Kraftpapier<\/span><\/li>\n<li style=\"font-weight: 400;\"><b>Anpassbar:<\/b><span style=\"font-weight: 400;\"> Farbstoff auf Wasserbasis, auf Anfrage in mehr als 24 Farben erh\u00e4ltlich<\/span><\/li>\n<li style=\"font-weight: 400;\"><b>Sch\u00fctzend: <\/b><span style=\"font-weight: 400;\">Mechanisch gefaltet in Form einer Ziehharmonika. Es f\u00fcllt leere R\u00e4ume aus, absorbiert St\u00f6\u00dfe, h\u00e4lt und sch\u00fctzt die Produkte im Inneren der Schachteln<\/span><b>.<\/b><\/li>\n<li style=\"font-weight: 400;\"><b>Benutzerfreundlich: <\/b><span style=\"font-weight: 400;\">Einfach zu verwenden, nicht scheuernd, staubfrei<\/span><\/li>\n<li style=\"font-weight: 400;\"><b style=\"font-style: inherit;\">\u00c4sthetisch: <\/b><span style=\"font-weight: 400;\">verbessert das Markenimage und erh\u00f6ht die Kundenzufriedenheit<\/span><\/li>\n<\/ul>\n","protected":false},"featured_media":27188,"template":"","meta":{"om_disable_all_campaigns":false,"_monsterinsights_skip_tracking":false,"_monsterinsights_sitenote_active":false,"_monsterinsights_sitenote_note":"","_monsterinsights_sitenote_category":0,"site-sidebar-layout":"default","site-content-layout":"default","ast-global-header-display":"","ast-banner-title-visibility":"","ast-main-header-display":"","ast-hfb-above-header-display":"","ast-hfb-below-header-display":"","ast-hfb-mobile-header-display":"","site-post-title":"","ast-breadcrumbs-content":"","ast-featured-img":"","footer-sml-layout":"","theme-transparent-header-meta":"default","adv-header-id-meta":"","stick-header-meta":"","header-above-stick-meta":"","header-main-stick-meta":"","header-below-stick-meta":""},"product_cat":[808,5316,5319],"product_tag":[],"aioseo_notices":[],"yoast_head":"<!-- This site is optimized with the Yoast SEO Premium plugin v19.2.1 (Yoast SEO v21.9.1) - https:\/\/yoast.com\/wordpress\/plugins\/seo\/ -->\n<title>BOTTA PACKAGING \u00bb eco-verpackungsl\u00f6sungen - Eco-filler Zig Zag<\/title>\n<meta name=\"robots\" content=\"index, follow, max-snippet:-1, max-image-preview:large, max-video-preview:-1\" \/>\n<link rel=\"canonical\" href=\"https:\/\/www.botta.it\/de\/produkte\/eco-packaging\/eco-inner-packaging\/eco-filler\/eco-filler-zig-zag\/\" \/>\n<meta property=\"og:locale\" content=\"de_DE\" \/>\n<meta property=\"og:type\" content=\"article\" \/>\n<meta property=\"og:title\" content=\"Eco-filler Zig Zag\" \/>\n<meta property=\"og:description\" content=\"Wir stellen den Eco-filler Zig Zag vor - die umweltfreundliche L\u00f6sung f\u00fcr Verpackungen und Geschenkverpackungen. Dieses nachhaltige Produkt aus 100 % recyceltem Kraftpapier f\u00fcllt Leerr\u00e4ume, sch\u00fctzt Ihre Produkte w\u00e4hrend des Transports und verleiht ihnen einen eleganten Touch. Werten Sie Ihre Verpackungen mit dem Eco-filler Zig Zag auf.  Hauptmerkmale und Vorteile:   100% recycelbar und \u00f6kologisch: drei Schichten aus recyceltem Kraftpapier  Anpassbar: Farbstoff auf Wasserbasis, auf Anfrage in mehr als 24 Farben erh\u00e4ltlich  Sch\u00fctzend: Mechanisch gefaltet in Form einer Ziehharmonika. Es f\u00fcllt leere R\u00e4ume aus, absorbiert St\u00f6\u00dfe, h\u00e4lt und sch\u00fctzt die Produkte im Inneren der Schachteln.  Benutzerfreundlich: Einfach zu verwenden, nicht scheuernd, staubfrei  \u00c4sthetisch: verbessert das Markenimage und erh\u00f6ht die Kundenzufriedenheit\" \/>\n<meta property=\"og:url\" content=\"https:\/\/www.botta.it\/de\/produkte\/eco-packaging\/eco-inner-packaging\/eco-filler\/eco-filler-zig-zag\/\" \/>\n<meta property=\"og:site_name\" content=\"BOTTA PACKAGING \u00bb eco-verpackungsl\u00f6sungen\" \/>\n<meta property=\"article:publisher\" content=\"https:\/\/www.facebook.com\/bottapackaging\/\" \/>\n<meta property=\"article:modified_time\" content=\"2025-05-19T15:58:49+00:00\" \/>\n<meta property=\"og:image\" content=\"https:\/\/www.botta.it\/wp-content\/uploads\/2022\/09\/Eco-Filler-Zig-Zag-1.png\" \/>\n\t<meta property=\"og:image:width\" content=\"1024\" \/>\n\t<meta property=\"og:image:height\" content=\"1024\" \/>\n\t<meta property=\"og:image:type\" content=\"image\/png\" \/>\n<meta name=\"twitter:card\" content=\"summary_large_image\" \/>\n<meta name=\"twitter:site\" content=\"@botta_box\" \/>\n<script type=\"application\/ld+json\" class=\"yoast-schema-graph\">{\"@context\":\"https:\/\/schema.org\",\"@graph\":[{\"@type\":\"WebPage\",\"@id\":\"https:\/\/www.botta.it\/de\/produkte\/eco-packaging\/eco-inner-packaging\/eco-filler\/eco-filler-zig-zag\/\",\"url\":\"https:\/\/www.botta.it\/de\/produkte\/eco-packaging\/eco-inner-packaging\/eco-filler\/eco-filler-zig-zag\/\",\"name\":\"BOTTA PACKAGING \u00bb eco-verpackungsl\u00f6sungen - Eco-filler Zig Zag\",\"isPartOf\":{\"@id\":\"https:\/\/www.botta.it\/#website\"},\"datePublished\":\"2022-09-15T10:25:07+00:00\",\"dateModified\":\"2025-05-19T15:58:49+00:00\",\"breadcrumb\":{\"@id\":\"https:\/\/www.botta.it\/de\/produkte\/eco-packaging\/eco-inner-packaging\/eco-filler\/eco-filler-zig-zag\/#breadcrumb\"},\"inLanguage\":\"de\",\"potentialAction\":[{\"@type\":\"ReadAction\",\"target\":[\"https:\/\/www.botta.it\/de\/produkte\/eco-packaging\/eco-inner-packaging\/eco-filler\/eco-filler-zig-zag\/\"]}]},{\"@type\":\"BreadcrumbList\",\"@id\":\"https:\/\/www.botta.it\/de\/produkte\/eco-packaging\/eco-inner-packaging\/eco-filler\/eco-filler-zig-zag\/#breadcrumb\",\"itemListElement\":[{\"@type\":\"ListItem\",\"position\":1,\"name\":\"Home\",\"item\":\"https:\/\/www.botta.it\/\"},{\"@type\":\"ListItem\",\"position\":2,\"name\":\"Prodotti\",\"item\":\"https:\/\/www.botta.it\/shop\/\"},{\"@type\":\"ListItem\",\"position\":3,\"name\":\"ECO PACKAGING\",\"item\":\"https:\/\/www.botta.it\/eco-packaging\/\"},{\"@type\":\"ListItem\",\"position\":4,\"name\":\"ECO-INNER PACKAGING\",\"item\":\"https:\/\/www.botta.it\/eco-packaging\/eco-inner-packaging\/\"},{\"@type\":\"ListItem\",\"position\":5,\"name\":\"ECO-FILLER\",\"item\":\"https:\/\/www.botta.it\/eco-packaging\/eco-inner-packaging\/eco-filler\/\"},{\"@type\":\"ListItem\",\"position\":6,\"name\":\"Eco-filler Zig Zag\"}]},{\"@type\":\"WebSite\",\"@id\":\"https:\/\/www.botta.it\/#website\",\"url\":\"https:\/\/www.botta.it\/\",\"name\":\"BOTTA PACKAGING \u00bb eco-verpackungsl\u00f6sungen\",\"description\":\"\u00d6kologische verpackungsl\u00f6sungen, wellpappe liefert, kartons, umschl\u00e4ge, airbags.\",\"publisher\":{\"@id\":\"https:\/\/www.botta.it\/#organization\"},\"potentialAction\":[{\"@type\":\"SearchAction\",\"target\":{\"@type\":\"EntryPoint\",\"urlTemplate\":\"https:\/\/www.botta.it\/?s={search_term_string}\"},\"query-input\":\"required name=search_term_string\"}],\"inLanguage\":\"de\"},{\"@type\":\"Organization\",\"@id\":\"https:\/\/www.botta.it\/#organization\",\"name\":\"BOTTA EcoPackaging\",\"url\":\"https:\/\/www.botta.it\/\",\"logo\":{\"@type\":\"ImageObject\",\"inLanguage\":\"de\",\"@id\":\"https:\/\/www.botta.it\/#\/schema\/logo\/image\/\",\"url\":\"https:\/\/www.botta.it\/wp-content\/uploads\/2021\/12\/Logo-RGB.png\",\"contentUrl\":\"https:\/\/www.botta.it\/wp-content\/uploads\/2021\/12\/Logo-RGB.png\",\"width\":1600,\"height\":1043,\"caption\":\"BOTTA EcoPackaging\"},\"image\":{\"@id\":\"https:\/\/www.botta.it\/#\/schema\/logo\/image\/\"},\"sameAs\":[\"https:\/\/www.facebook.com\/bottapackaging\/\",\"https:\/\/twitter.com\/botta_box\",\"https:\/\/www.instagram.com\/botta_box\/\",\"https:\/\/it.linkedin.com\/company\/botta-ecopackaging\",\"https:\/\/www.youtube.com\/channel\/UCLhT-tw_FsukJfrKi73c48Q\"]}]}<\/script>\n<!-- \/ Yoast SEO Premium plugin. -->","yoast_head_json":{"title":"BOTTA PACKAGING \u00bb eco-verpackungsl\u00f6sungen - Eco-filler Zig Zag","robots":{"index":"index","follow":"follow","max-snippet":"max-snippet:-1","max-image-preview":"max-image-preview:large","max-video-preview":"max-video-preview:-1"},"canonical":"https:\/\/www.botta.it\/de\/produkte\/eco-packaging\/eco-inner-packaging\/eco-filler\/eco-filler-zig-zag\/","og_locale":"de_DE","og_type":"article","og_title":"Eco-filler Zig Zag","og_description":"Wir stellen den Eco-filler Zig Zag vor - die umweltfreundliche L\u00f6sung f\u00fcr Verpackungen und Geschenkverpackungen. Dieses nachhaltige Produkt aus 100 % recyceltem Kraftpapier f\u00fcllt Leerr\u00e4ume, sch\u00fctzt Ihre Produkte w\u00e4hrend des Transports und verleiht ihnen einen eleganten Touch. Werten Sie Ihre Verpackungen mit dem Eco-filler Zig Zag auf.  Hauptmerkmale und Vorteile:   100% recycelbar und \u00f6kologisch: drei Schichten aus recyceltem Kraftpapier  Anpassbar: Farbstoff auf Wasserbasis, auf Anfrage in mehr als 24 Farben erh\u00e4ltlich  Sch\u00fctzend: Mechanisch gefaltet in Form einer Ziehharmonika. Es f\u00fcllt leere R\u00e4ume aus, absorbiert St\u00f6\u00dfe, h\u00e4lt und sch\u00fctzt die Produkte im Inneren der Schachteln.  Benutzerfreundlich: Einfach zu verwenden, nicht scheuernd, staubfrei  \u00c4sthetisch: verbessert das Markenimage und erh\u00f6ht die Kundenzufriedenheit","og_url":"https:\/\/www.botta.it\/de\/produkte\/eco-packaging\/eco-inner-packaging\/eco-filler\/eco-filler-zig-zag\/","og_site_name":"BOTTA PACKAGING \u00bb eco-verpackungsl\u00f6sungen","article_publisher":"https:\/\/www.facebook.com\/bottapackaging\/","article_modified_time":"2025-05-19T15:58:49+00:00","og_image":[{"width":1024,"height":1024,"url":"https:\/\/www.botta.it\/wp-content\/uploads\/2022\/09\/Eco-Filler-Zig-Zag-1.png","type":"image\/png"}],"twitter_card":"summary_large_image","twitter_site":"@botta_box","schema":{"@context":"https:\/\/schema.org","@graph":[{"@type":"WebPage","@id":"https:\/\/www.botta.it\/de\/produkte\/eco-packaging\/eco-inner-packaging\/eco-filler\/eco-filler-zig-zag\/","url":"https:\/\/www.botta.it\/de\/produkte\/eco-packaging\/eco-inner-packaging\/eco-filler\/eco-filler-zig-zag\/","name":"BOTTA PACKAGING \u00bb eco-verpackungsl\u00f6sungen - Eco-filler Zig Zag","isPartOf":{"@id":"https:\/\/www.botta.it\/#website"},"datePublished":"2022-09-15T10:25:07+00:00","dateModified":"2025-05-19T15:58:49+00:00","breadcrumb":{"@id":"https:\/\/www.botta.it\/de\/produkte\/eco-packaging\/eco-inner-packaging\/eco-filler\/eco-filler-zig-zag\/#breadcrumb"},"inLanguage":"de","potentialAction":[{"@type":"ReadAction","target":["https:\/\/www.botta.it\/de\/produkte\/eco-packaging\/eco-inner-packaging\/eco-filler\/eco-filler-zig-zag\/"]}]},{"@type":"BreadcrumbList","@id":"https:\/\/www.botta.it\/de\/produkte\/eco-packaging\/eco-inner-packaging\/eco-filler\/eco-filler-zig-zag\/#breadcrumb","itemListElement":[{"@type":"ListItem","position":1,"name":"Home","item":"https:\/\/www.botta.it\/"},{"@type":"ListItem","position":2,"name":"Prodotti","item":"https:\/\/www.botta.it\/shop\/"},{"@type":"ListItem","position":3,"name":"ECO PACKAGING","item":"https:\/\/www.botta.it\/eco-packaging\/"},{"@type":"ListItem","position":4,"name":"ECO-INNER PACKAGING","item":"https:\/\/www.botta.it\/eco-packaging\/eco-inner-packaging\/"},{"@type":"ListItem","position":5,"name":"ECO-FILLER","item":"https:\/\/www.botta.it\/eco-packaging\/eco-inner-packaging\/eco-filler\/"},{"@type":"ListItem","position":6,"name":"Eco-filler Zig Zag"}]},{"@type":"WebSite","@id":"https:\/\/www.botta.it\/#website","url":"https:\/\/www.botta.it\/","name":"BOTTA PACKAGING \u00bb eco-verpackungsl\u00f6sungen","description":"\u00d6kologische verpackungsl\u00f6sungen, wellpappe liefert, kartons, umschl\u00e4ge, airbags.","publisher":{"@id":"https:\/\/www.botta.it\/#organization"},"potentialAction":[{"@type":"SearchAction","target":{"@type":"EntryPoint","urlTemplate":"https:\/\/www.botta.it\/?s={search_term_string}"},"query-input":"required name=search_term_string"}],"inLanguage":"de"},{"@type":"Organization","@id":"https:\/\/www.botta.it\/#organization","name":"BOTTA EcoPackaging","url":"https:\/\/www.botta.it\/","logo":{"@type":"ImageObject","inLanguage":"de","@id":"https:\/\/www.botta.it\/#\/schema\/logo\/image\/","url":"https:\/\/www.botta.it\/wp-content\/uploads\/2021\/12\/Logo-RGB.png","contentUrl":"https:\/\/www.botta.it\/wp-content\/uploads\/2021\/12\/Logo-RGB.png","width":1600,"height":1043,"caption":"BOTTA EcoPackaging"},"image":{"@id":"https:\/\/www.botta.it\/#\/schema\/logo\/image\/"},"sameAs":["https:\/\/www.facebook.com\/bottapackaging\/","https:\/\/twitter.com\/botta_box","https:\/\/www.instagram.com\/botta_box\/","https:\/\/it.linkedin.com\/company\/botta-ecopackaging","https:\/\/www.youtube.com\/channel\/UCLhT-tw_FsukJfrKi73c48Q"]}]}},"_links":{"self":[{"href":"https:\/\/www.botta.it\/de\/wp-json\/wp\/v2\/product\/17901"}],"collection":[{"href":"https:\/\/www.botta.it\/de\/wp-json\/wp\/v2\/product"}],"about":[{"href":"https:\/\/www.botta.it\/de\/wp-json\/wp\/v2\/types\/product"}],"version-history":[{"count":4,"href":"https:\/\/www.botta.it\/de\/wp-json\/wp\/v2\/product\/17901\/revisions"}],"predecessor-version":[{"id":26948,"href":"https:\/\/www.botta.it\/de\/wp-json\/wp\/v2\/product\/17901\/revisions\/26948"}],"wp:featuredmedia":[{"embeddable":true,"href":"https:\/\/www.botta.it\/de\/wp-json\/wp\/v2\/media\/27188"}],"wp:attachment":[{"href":"https:\/\/www.botta.it\/de\/wp-json\/wp\/v2\/media?parent=17901"}],"wp:term":[{"taxonomy":"product_cat","embeddable":true,"href":"https:\/\/www.botta.it\/de\/wp-json\/wp\/v2\/product_cat?post=17901"},{"taxonomy":"product_tag","embeddable":true,"href":"https:\/\/www.botta.it\/de\/wp-json\/wp\/v2\/product_tag?post=17901"}],"curies":[{"name":"wp","href":"https:\/\/api.w.org\/{rel}","templated":true}]}}