{"id":17876,"date":"2022-09-15T11:36:01","date_gmt":"2022-09-15T09:36:01","guid":{"rendered":"https:\/\/www.botta.it\/prodotto\/unkategorisiert\/flexi-hex-air\/"},"modified":"2025-05-16T10:03:28","modified_gmt":"2025-05-16T08:03:28","slug":"flexi-hex-air","status":"publish","type":"product","link":"https:\/\/www.botta.it\/de\/produkte\/eco-packaging\/eco-protective-packaging\/flexi-hex-air\/","title":{"rendered":"Flexi-Hex\u00ae Air"},"content":{"rendered":"<p><span style=\"font-weight: 400;\">Flexi-Hex\u00ae Air &#8211; die einzigartige und nachhaltige Verpackungsh\u00fclle f\u00fcr kleine Handels- und Haushaltswaren wie Flaschen, Gl\u00e4ser, Tuben, Keramik, Glaswaren und vieles mehr. Sie wird aus Seidenpapier hergestellt und ist zu 100 % recycelbar und biologisch abbaubar. Seine sechseckige Zellstruktur passt sich an verschiedene Formen und Gr\u00f6\u00dfen an und sorgt f\u00fcr Sichtbarkeit und ein au\u00dfergew\u00f6hnliches Auspackerlebnis. Flexi-Hex\u00ae Air ist leicht und einfach zu verwenden, spart Platz und verringert so die Umweltbelastung. Erh\u00e4ltlich in vier Gr\u00f6\u00dfen und drei Farben (Kraft, Schwarz und Wei\u00df), ist es die perfekte umweltfreundliche L\u00f6sung f\u00fcr effizientes Verpacken und Versenden.<\/span><\/p>\n","protected":false},"excerpt":{"rendered":"<p><span style=\"font-weight: 400;\">Wir stellen Flexi-Hex\u00ae Air vor &#8211; die nachhaltige Verpackungsh\u00fclle f\u00fcr gewerbliche Produkte und Haushaltswaren. Sie wird aus recycelbarem Seidenpapier hergestellt und bietet umweltfreundlichen Schutz. Mit ihrer innovativen sechseckigen Zellstruktur umh\u00fcllt sie m\u00fchelos Produkte jeder Gr\u00f6\u00dfe und Form. Werten Sie Ihre Verpackungen mit Flexi-Hex\u00ae Air auf &#8211; die stilvolle und nachhaltige Wahl.<\/span><\/p>\n<p><span style=\"font-weight: 400;\">Hauptmerkmale und Vorteile:<\/span><\/p>\n<ul>\n<li><b>100% plastikfrei<\/b><\/li>\n<li><b>Bordsteinkante recycelbar<\/b><\/li>\n<li><b>Nat\u00fcrlich biologisch abbaubar<\/b><\/li>\n<li><b>Einfach zu verwenden<\/b><\/li>\n<li><b>Flach verpackt:<\/b><span style=\"font-weight: 400;\"> Reduziert die Logistikkosten und optimiert die Lagerfl\u00e4che, wenn es flach ist<\/span><\/li>\n<li><b>Innovatives Design: <\/b><span style=\"font-weight: 400;\">geeignet f\u00fcr die Auslage im Gesch\u00e4ft oder als Geschenkverpackung<\/span><\/li>\n<li><b>Starke sechseckige Zellstruktur<\/b><\/li>\n<li><b style=\"font-style: inherit;\">Anpassungsf\u00e4hig:<\/b><span style=\"font-weight: 400;\"> an verschiedene Formen und Gr\u00f6\u00dfen, z.B. Flaschen, Gl\u00e4ser, Tuben, Keramik, Glaswaren, etc.<\/span><\/li>\n<\/ul>\n<p><span style=\"font-weight: 400;\">Bitte beachten Sie, dass Zubeh\u00f6r wie Verschl\u00fcsse, B\u00e4nder und externe Postboxen separat erh\u00e4ltlich sind.<\/span><\/p>\n<ul>\n<li style=\"list-style-type: none;\"><\/li>\n<\/ul>\n","protected":false},"featured_media":27104,"template":"","meta":{"om_disable_all_campaigns":false,"_monsterinsights_skip_tracking":false,"_monsterinsights_sitenote_active":false,"_monsterinsights_sitenote_note":"","_monsterinsights_sitenote_category":0,"site-sidebar-layout":"default","site-content-layout":"default","ast-global-header-display":"","ast-banner-title-visibility":"","ast-main-header-display":"","ast-hfb-above-header-display":"","ast-hfb-below-header-display":"","ast-hfb-mobile-header-display":"","site-post-title":"","ast-breadcrumbs-content":"","ast-featured-img":"","footer-sml-layout":"","theme-transparent-header-meta":"default","adv-header-id-meta":"","stick-header-meta":"","header-above-stick-meta":"","header-main-stick-meta":"","header-below-stick-meta":""},"product_cat":[5314,5315,5306],"product_tag":[],"aioseo_notices":[],"yoast_head":"<!-- This site is optimized with the Yoast SEO Premium plugin v19.2.1 (Yoast SEO v21.9.1) - https:\/\/yoast.com\/wordpress\/plugins\/seo\/ -->\n<title>BOTTA PACKAGING \u00bb eco-verpackungsl\u00f6sungen - Flexi-Hex\u00ae Air<\/title>\n<meta name=\"robots\" content=\"index, follow, max-snippet:-1, max-image-preview:large, max-video-preview:-1\" \/>\n<link rel=\"canonical\" href=\"https:\/\/www.botta.it\/de\/produkte\/eco-packaging\/eco-protective-packaging\/flexi-hex-air\/\" \/>\n<meta property=\"og:locale\" content=\"de_DE\" \/>\n<meta property=\"og:type\" content=\"article\" \/>\n<meta property=\"og:title\" content=\"Flexi-Hex\u00ae Air\" \/>\n<meta property=\"og:description\" content=\"Wir stellen Flexi-Hex\u00ae Air vor - die nachhaltige Verpackungsh\u00fclle f\u00fcr gewerbliche Produkte und Haushaltswaren. Sie wird aus recycelbarem Seidenpapier hergestellt und bietet umweltfreundlichen Schutz. Mit ihrer innovativen sechseckigen Zellstruktur umh\u00fcllt sie m\u00fchelos Produkte jeder Gr\u00f6\u00dfe und Form. Werten Sie Ihre Verpackungen mit Flexi-Hex\u00ae Air auf - die stilvolle und nachhaltige Wahl.  Hauptmerkmale und Vorteile:   100% plastikfrei  Bordsteinkante recycelbar  Nat\u00fcrlich biologisch abbaubar  Einfach zu verwenden  Flach verpackt: Reduziert die Logistikkosten und optimiert die Lagerfl\u00e4che, wenn es flach ist  Innovatives Design: geeignet f\u00fcr die Auslage im Gesch\u00e4ft oder als Geschenkverpackung  Starke sechseckige Zellstruktur  Anpassungsf\u00e4hig: an verschiedene Formen und Gr\u00f6\u00dfen, z.B. Flaschen, Gl\u00e4ser, Tuben, Keramik, Glaswaren, etc.  Bitte beachten Sie, dass Zubeh\u00f6r wie Verschl\u00fcsse, B\u00e4nder und externe Postboxen separat erh\u00e4ltlich sind.\" \/>\n<meta property=\"og:url\" content=\"https:\/\/www.botta.it\/de\/produkte\/eco-packaging\/eco-protective-packaging\/flexi-hex-air\/\" \/>\n<meta property=\"og:site_name\" content=\"BOTTA PACKAGING \u00bb eco-verpackungsl\u00f6sungen\" \/>\n<meta property=\"article:publisher\" content=\"https:\/\/www.facebook.com\/bottapackaging\/\" \/>\n<meta property=\"article:modified_time\" content=\"2025-05-16T08:03:28+00:00\" \/>\n<meta property=\"og:image\" content=\"https:\/\/www.botta.it\/wp-content\/uploads\/2022\/09\/Flexi-hex-air.png\" \/>\n\t<meta property=\"og:image:width\" content=\"1024\" \/>\n\t<meta property=\"og:image:height\" content=\"1024\" \/>\n\t<meta property=\"og:image:type\" content=\"image\/png\" \/>\n<meta name=\"twitter:card\" content=\"summary_large_image\" \/>\n<meta name=\"twitter:site\" content=\"@botta_box\" \/>\n<script type=\"application\/ld+json\" class=\"yoast-schema-graph\">{\"@context\":\"https:\/\/schema.org\",\"@graph\":[{\"@type\":\"WebPage\",\"@id\":\"https:\/\/www.botta.it\/de\/produkte\/eco-packaging\/eco-protective-packaging\/flexi-hex-air\/\",\"url\":\"https:\/\/www.botta.it\/de\/produkte\/eco-packaging\/eco-protective-packaging\/flexi-hex-air\/\",\"name\":\"BOTTA PACKAGING \u00bb eco-verpackungsl\u00f6sungen - Flexi-Hex\u00ae Air\",\"isPartOf\":{\"@id\":\"https:\/\/www.botta.it\/#website\"},\"datePublished\":\"2022-09-15T09:36:01+00:00\",\"dateModified\":\"2025-05-16T08:03:28+00:00\",\"breadcrumb\":{\"@id\":\"https:\/\/www.botta.it\/de\/produkte\/eco-packaging\/eco-protective-packaging\/flexi-hex-air\/#breadcrumb\"},\"inLanguage\":\"de\",\"potentialAction\":[{\"@type\":\"ReadAction\",\"target\":[\"https:\/\/www.botta.it\/de\/produkte\/eco-packaging\/eco-protective-packaging\/flexi-hex-air\/\"]}]},{\"@type\":\"BreadcrumbList\",\"@id\":\"https:\/\/www.botta.it\/de\/produkte\/eco-packaging\/eco-protective-packaging\/flexi-hex-air\/#breadcrumb\",\"itemListElement\":[{\"@type\":\"ListItem\",\"position\":1,\"name\":\"Home\",\"item\":\"https:\/\/www.botta.it\/\"},{\"@type\":\"ListItem\",\"position\":2,\"name\":\"Prodotti\",\"item\":\"https:\/\/www.botta.it\/shop\/\"},{\"@type\":\"ListItem\",\"position\":3,\"name\":\"ECO PACKAGING\",\"item\":\"https:\/\/www.botta.it\/eco-packaging\/\"},{\"@type\":\"ListItem\",\"position\":4,\"name\":\"ECO-PROTECTIVE PACKAGING\",\"item\":\"https:\/\/www.botta.it\/eco-packaging\/eco-protective-packaging\/\"},{\"@type\":\"ListItem\",\"position\":5,\"name\":\"Flexi-Hex\u00ae Air\"}]},{\"@type\":\"WebSite\",\"@id\":\"https:\/\/www.botta.it\/#website\",\"url\":\"https:\/\/www.botta.it\/\",\"name\":\"BOTTA PACKAGING \u00bb eco-verpackungsl\u00f6sungen\",\"description\":\"\u00d6kologische verpackungsl\u00f6sungen, wellpappe liefert, kartons, umschl\u00e4ge, airbags.\",\"publisher\":{\"@id\":\"https:\/\/www.botta.it\/#organization\"},\"potentialAction\":[{\"@type\":\"SearchAction\",\"target\":{\"@type\":\"EntryPoint\",\"urlTemplate\":\"https:\/\/www.botta.it\/?s={search_term_string}\"},\"query-input\":\"required name=search_term_string\"}],\"inLanguage\":\"de\"},{\"@type\":\"Organization\",\"@id\":\"https:\/\/www.botta.it\/#organization\",\"name\":\"BOTTA EcoPackaging\",\"url\":\"https:\/\/www.botta.it\/\",\"logo\":{\"@type\":\"ImageObject\",\"inLanguage\":\"de\",\"@id\":\"https:\/\/www.botta.it\/#\/schema\/logo\/image\/\",\"url\":\"https:\/\/www.botta.it\/wp-content\/uploads\/2021\/12\/Logo-RGB.png\",\"contentUrl\":\"https:\/\/www.botta.it\/wp-content\/uploads\/2021\/12\/Logo-RGB.png\",\"width\":1600,\"height\":1043,\"caption\":\"BOTTA EcoPackaging\"},\"image\":{\"@id\":\"https:\/\/www.botta.it\/#\/schema\/logo\/image\/\"},\"sameAs\":[\"https:\/\/www.facebook.com\/bottapackaging\/\",\"https:\/\/twitter.com\/botta_box\",\"https:\/\/www.instagram.com\/botta_box\/\",\"https:\/\/it.linkedin.com\/company\/botta-ecopackaging\",\"https:\/\/www.youtube.com\/channel\/UCLhT-tw_FsukJfrKi73c48Q\"]}]}<\/script>\n<!-- \/ Yoast SEO Premium plugin. -->","yoast_head_json":{"title":"BOTTA PACKAGING \u00bb eco-verpackungsl\u00f6sungen - Flexi-Hex\u00ae Air","robots":{"index":"index","follow":"follow","max-snippet":"max-snippet:-1","max-image-preview":"max-image-preview:large","max-video-preview":"max-video-preview:-1"},"canonical":"https:\/\/www.botta.it\/de\/produkte\/eco-packaging\/eco-protective-packaging\/flexi-hex-air\/","og_locale":"de_DE","og_type":"article","og_title":"Flexi-Hex\u00ae Air","og_description":"Wir stellen Flexi-Hex\u00ae Air vor - die nachhaltige Verpackungsh\u00fclle f\u00fcr gewerbliche Produkte und Haushaltswaren. Sie wird aus recycelbarem Seidenpapier hergestellt und bietet umweltfreundlichen Schutz. Mit ihrer innovativen sechseckigen Zellstruktur umh\u00fcllt sie m\u00fchelos Produkte jeder Gr\u00f6\u00dfe und Form. Werten Sie Ihre Verpackungen mit Flexi-Hex\u00ae Air auf - die stilvolle und nachhaltige Wahl.  Hauptmerkmale und Vorteile:   100% plastikfrei  Bordsteinkante recycelbar  Nat\u00fcrlich biologisch abbaubar  Einfach zu verwenden  Flach verpackt: Reduziert die Logistikkosten und optimiert die Lagerfl\u00e4che, wenn es flach ist  Innovatives Design: geeignet f\u00fcr die Auslage im Gesch\u00e4ft oder als Geschenkverpackung  Starke sechseckige Zellstruktur  Anpassungsf\u00e4hig: an verschiedene Formen und Gr\u00f6\u00dfen, z.B. Flaschen, Gl\u00e4ser, Tuben, Keramik, Glaswaren, etc.  Bitte beachten Sie, dass Zubeh\u00f6r wie Verschl\u00fcsse, B\u00e4nder und externe Postboxen separat erh\u00e4ltlich sind.","og_url":"https:\/\/www.botta.it\/de\/produkte\/eco-packaging\/eco-protective-packaging\/flexi-hex-air\/","og_site_name":"BOTTA PACKAGING \u00bb eco-verpackungsl\u00f6sungen","article_publisher":"https:\/\/www.facebook.com\/bottapackaging\/","article_modified_time":"2025-05-16T08:03:28+00:00","og_image":[{"width":1024,"height":1024,"url":"https:\/\/www.botta.it\/wp-content\/uploads\/2022\/09\/Flexi-hex-air.png","type":"image\/png"}],"twitter_card":"summary_large_image","twitter_site":"@botta_box","schema":{"@context":"https:\/\/schema.org","@graph":[{"@type":"WebPage","@id":"https:\/\/www.botta.it\/de\/produkte\/eco-packaging\/eco-protective-packaging\/flexi-hex-air\/","url":"https:\/\/www.botta.it\/de\/produkte\/eco-packaging\/eco-protective-packaging\/flexi-hex-air\/","name":"BOTTA PACKAGING \u00bb eco-verpackungsl\u00f6sungen - Flexi-Hex\u00ae Air","isPartOf":{"@id":"https:\/\/www.botta.it\/#website"},"datePublished":"2022-09-15T09:36:01+00:00","dateModified":"2025-05-16T08:03:28+00:00","breadcrumb":{"@id":"https:\/\/www.botta.it\/de\/produkte\/eco-packaging\/eco-protective-packaging\/flexi-hex-air\/#breadcrumb"},"inLanguage":"de","potentialAction":[{"@type":"ReadAction","target":["https:\/\/www.botta.it\/de\/produkte\/eco-packaging\/eco-protective-packaging\/flexi-hex-air\/"]}]},{"@type":"BreadcrumbList","@id":"https:\/\/www.botta.it\/de\/produkte\/eco-packaging\/eco-protective-packaging\/flexi-hex-air\/#breadcrumb","itemListElement":[{"@type":"ListItem","position":1,"name":"Home","item":"https:\/\/www.botta.it\/"},{"@type":"ListItem","position":2,"name":"Prodotti","item":"https:\/\/www.botta.it\/shop\/"},{"@type":"ListItem","position":3,"name":"ECO PACKAGING","item":"https:\/\/www.botta.it\/eco-packaging\/"},{"@type":"ListItem","position":4,"name":"ECO-PROTECTIVE PACKAGING","item":"https:\/\/www.botta.it\/eco-packaging\/eco-protective-packaging\/"},{"@type":"ListItem","position":5,"name":"Flexi-Hex\u00ae Air"}]},{"@type":"WebSite","@id":"https:\/\/www.botta.it\/#website","url":"https:\/\/www.botta.it\/","name":"BOTTA PACKAGING \u00bb eco-verpackungsl\u00f6sungen","description":"\u00d6kologische verpackungsl\u00f6sungen, wellpappe liefert, kartons, umschl\u00e4ge, airbags.","publisher":{"@id":"https:\/\/www.botta.it\/#organization"},"potentialAction":[{"@type":"SearchAction","target":{"@type":"EntryPoint","urlTemplate":"https:\/\/www.botta.it\/?s={search_term_string}"},"query-input":"required name=search_term_string"}],"inLanguage":"de"},{"@type":"Organization","@id":"https:\/\/www.botta.it\/#organization","name":"BOTTA EcoPackaging","url":"https:\/\/www.botta.it\/","logo":{"@type":"ImageObject","inLanguage":"de","@id":"https:\/\/www.botta.it\/#\/schema\/logo\/image\/","url":"https:\/\/www.botta.it\/wp-content\/uploads\/2021\/12\/Logo-RGB.png","contentUrl":"https:\/\/www.botta.it\/wp-content\/uploads\/2021\/12\/Logo-RGB.png","width":1600,"height":1043,"caption":"BOTTA EcoPackaging"},"image":{"@id":"https:\/\/www.botta.it\/#\/schema\/logo\/image\/"},"sameAs":["https:\/\/www.facebook.com\/bottapackaging\/","https:\/\/twitter.com\/botta_box","https:\/\/www.instagram.com\/botta_box\/","https:\/\/it.linkedin.com\/company\/botta-ecopackaging","https:\/\/www.youtube.com\/channel\/UCLhT-tw_FsukJfrKi73c48Q"]}]}},"_links":{"self":[{"href":"https:\/\/www.botta.it\/de\/wp-json\/wp\/v2\/product\/17876"}],"collection":[{"href":"https:\/\/www.botta.it\/de\/wp-json\/wp\/v2\/product"}],"about":[{"href":"https:\/\/www.botta.it\/de\/wp-json\/wp\/v2\/types\/product"}],"version-history":[{"count":6,"href":"https:\/\/www.botta.it\/de\/wp-json\/wp\/v2\/product\/17876\/revisions"}],"predecessor-version":[{"id":27105,"href":"https:\/\/www.botta.it\/de\/wp-json\/wp\/v2\/product\/17876\/revisions\/27105"}],"wp:featuredmedia":[{"embeddable":true,"href":"https:\/\/www.botta.it\/de\/wp-json\/wp\/v2\/media\/27104"}],"wp:attachment":[{"href":"https:\/\/www.botta.it\/de\/wp-json\/wp\/v2\/media?parent=17876"}],"wp:term":[{"taxonomy":"product_cat","embeddable":true,"href":"https:\/\/www.botta.it\/de\/wp-json\/wp\/v2\/product_cat?post=17876"},{"taxonomy":"product_tag","embeddable":true,"href":"https:\/\/www.botta.it\/de\/wp-json\/wp\/v2\/product_tag?post=17876"}],"curies":[{"name":"wp","href":"https:\/\/api.w.org\/{rel}","templated":true}]}}