{"id":16813,"date":"2022-07-29T15:17:05","date_gmt":"2022-07-29T13:17:05","guid":{"rendered":"https:\/\/www.botta.it\/prodotto\/unkategorisiert\/eco-silk-paper\/"},"modified":"2025-05-15T16:24:56","modified_gmt":"2025-05-15T14:24:56","slug":"eco-silk-paper","status":"publish","type":"product","link":"https:\/\/www.botta.it\/de\/eco-produkte\/eco-inner-packaging\/eco-wrap\/eco-silk-paper\/","title":{"rendered":"Eco-Silk Paper"},"content":{"rendered":"<p><span style=\"font-weight: 400;\">Eco-Silk Paper ist ein leichtes Seidenpapier, das Ihre Produkte einwickelt, aufwertet und sch\u00fctzt, w\u00e4hrend es sie staubfrei h\u00e4lt. Es bietet eine umweltfreundliche L\u00f6sung f\u00fcr verschiedene Verpackungsanforderungen und verleiht Ihrer Marke eine einzigartige Note. Durch seine d\u00fcnne und vielseitige Beschaffenheit kann Eco-Silk Paper in verschiedenen Bereichen wie Mode, Kosmetik, Luxusg\u00fcter, Schmuck, Lederwaren, Geschenke, Floristik, Hochzeiten, Partys und sogar in der Lebensmittelindustrie eingesetzt werden. W\u00e4hlen Sie aus einer breiten Palette von Farben und Typen und personalisieren Sie das Seidenpapier mit Ihrem Logo, um Ihre Marke zu bewerben und ein unvergessliches Unboxing-Erlebnis zu schaffen. Das Produkt ist in verschiedenen Formaten erh\u00e4ltlich und kann auf Wunsch je nach gew\u00fcnschter Menge individuell gestaltet werden.<\/span><\/p>\n","protected":false},"excerpt":{"rendered":"<p><b>Wir stellen vor: Eco-Silk Paper &#8211; das leichte Seidenpapier, das Ihre Produkte aufwertet und sch\u00fctzt und gleichzeitig eine umweltfreundliche L\u00f6sung darstellt. Das vielseitige und anpassbare Eco-Silk Paper bietet eine Reihe von Vorteilen f\u00fcr Ihren Verpackungsbedarf.\u00a0<\/b><\/p>\n<p><b>Wichtigste Eigenschaften und Vorteile :<\/b><\/p>\n<ul>\n<li style=\"font-weight: 400;\"><b>Praktisch: <\/b><span style=\"font-weight: 400;\">Leichtes Seidenpapier, das sich perfekt zum Verpacken und Aufwerten Ihrer Produkte eignet<\/span><\/li>\n<li style=\"font-weight: 400;\"><b>Umweltfreundlich:<\/b><span style=\"font-weight: 400;\"> Eine umweltfreundliche L\u00f6sung, die sich f\u00fcr verschiedene Branchen eignet<\/span><\/li>\n<li style=\"font-weight: 400;\"><b>Farbenfrohe Optionen:<\/b><span style=\"font-weight: 400;\"> Erh\u00e4ltlich in einer breiten Palette von leuchtenden Farben, auch in Metallic-Ausf\u00fchrung<\/span><\/li>\n<li style=\"font-weight: 400;\"><b>Individuell gestaltet:<\/b><span style=\"font-weight: 400;\"> Personalisieren Sie es mit Ihrem Logo\/Markenbotschaft, um Ihre Marke zu bewerben und ein einzigartiges Unboxing-Erlebnis zu schaffen.<\/span><\/li>\n<li style=\"font-weight: 400;\"><b>Benutzerdefinierte Formate:<\/b><span style=\"font-weight: 400;\"> Flexible und anpassbare Formate auf der Grundlage Ihrer Mengenanforderungen<\/span><\/li>\n<li style=\"font-weight: 400;\"><b>Poly\u00e4thylen-Version: <\/b><span style=\"font-weight: 400;\">Erh\u00e4ltlich in einer f\u00fcr den Kontakt mit Lebensmitteln geeigneten Polyethylen-Version<\/span><\/li>\n<li style=\"font-weight: 400;\"><b style=\"font-style: inherit;\">Nachhaltigkeit: <\/b><span style=\"font-weight: 400;\">FSC\u00ae-Zertifizierung auf Anfrage erh\u00e4ltlich<\/span><\/li>\n<\/ul>\n","protected":false},"featured_media":27031,"template":"","meta":{"om_disable_all_campaigns":false,"_monsterinsights_skip_tracking":false,"_monsterinsights_sitenote_active":false,"_monsterinsights_sitenote_note":"","_monsterinsights_sitenote_category":0,"site-sidebar-layout":"default","site-content-layout":"default","ast-global-header-display":"","ast-banner-title-visibility":"","ast-main-header-display":"","ast-hfb-above-header-display":"","ast-hfb-below-header-display":"","ast-hfb-mobile-header-display":"","site-post-title":"","ast-breadcrumbs-content":"","ast-featured-img":"","footer-sml-layout":"","theme-transparent-header-meta":"default","adv-header-id-meta":"","stick-header-meta":"","header-above-stick-meta":"","header-main-stick-meta":"","header-below-stick-meta":""},"product_cat":[5318,5306],"product_tag":[],"aioseo_notices":[],"yoast_head":"<!-- This site is optimized with the Yoast SEO Premium plugin v19.2.1 (Yoast SEO v21.9.1) - https:\/\/yoast.com\/wordpress\/plugins\/seo\/ -->\n<title>BOTTA PACKAGING \u00bb eco-packaging solutions - Eco-Silk Paper<\/title>\n<meta name=\"robots\" content=\"index, follow, max-snippet:-1, max-image-preview:large, max-video-preview:-1\" \/>\n<link rel=\"canonical\" href=\"https:\/\/www.botta.it\/de\/eco-produkte\/eco-inner-packaging\/eco-wrap\/eco-silk-paper\/\" \/>\n<meta property=\"og:locale\" content=\"de_DE\" \/>\n<meta property=\"og:type\" content=\"article\" \/>\n<meta property=\"og:title\" content=\"Eco-Silk Paper\" \/>\n<meta property=\"og:description\" content=\"Wir stellen vor: Eco-Silk Paper - das leichte Seidenpapier, das Ihre Produkte aufwertet und sch\u00fctzt und gleichzeitig eine umweltfreundliche L\u00f6sung darstellt. Das vielseitige und anpassbare Eco-Silk Paper bietet eine Reihe von Vorteilen f\u00fcr Ihren Verpackungsbedarf.\u00a0  Wichtigste Eigenschaften und Vorteile :   Praktisch: Leichtes Seidenpapier, das sich perfekt zum Verpacken und Aufwerten Ihrer Produkte eignet  Umweltfreundlich: Eine umweltfreundliche L\u00f6sung, die sich f\u00fcr verschiedene Branchen eignet  Farbenfrohe Optionen: Erh\u00e4ltlich in einer breiten Palette von leuchtenden Farben, auch in Metallic-Ausf\u00fchrung  Individuell gestaltet: Personalisieren Sie es mit Ihrem Logo\/Markenbotschaft, um Ihre Marke zu bewerben und ein einzigartiges Unboxing-Erlebnis zu schaffen.  Benutzerdefinierte Formate: Flexible und anpassbare Formate auf der Grundlage Ihrer Mengenanforderungen  Poly\u00e4thylen-Version: Erh\u00e4ltlich in einer f\u00fcr den Kontakt mit Lebensmitteln geeigneten Polyethylen-Version  Nachhaltigkeit: FSC\u00ae-Zertifizierung auf Anfrage erh\u00e4ltlich\" \/>\n<meta property=\"og:url\" content=\"https:\/\/www.botta.it\/de\/eco-produkte\/eco-inner-packaging\/eco-wrap\/eco-silk-paper\/\" \/>\n<meta property=\"og:site_name\" content=\"BOTTA PACKAGING \u00bb eco-packaging solutions\" \/>\n<meta property=\"article:publisher\" content=\"https:\/\/www.facebook.com\/bottapackaging\/\" \/>\n<meta property=\"article:modified_time\" content=\"2025-05-15T14:24:56+00:00\" \/>\n<meta property=\"og:image\" content=\"https:\/\/www.botta.it\/wp-content\/uploads\/2022\/07\/Eco-Silk-Paper.png\" \/>\n\t<meta property=\"og:image:width\" content=\"1024\" \/>\n\t<meta property=\"og:image:height\" content=\"1024\" \/>\n\t<meta property=\"og:image:type\" content=\"image\/png\" \/>\n<meta name=\"twitter:card\" content=\"summary_large_image\" \/>\n<meta name=\"twitter:site\" content=\"@botta_box\" \/>\n<script type=\"application\/ld+json\" class=\"yoast-schema-graph\">{\"@context\":\"https:\/\/schema.org\",\"@graph\":[{\"@type\":\"WebPage\",\"@id\":\"https:\/\/www.botta.it\/de\/eco-produkte\/eco-inner-packaging\/eco-wrap\/eco-silk-paper\/\",\"url\":\"https:\/\/www.botta.it\/de\/eco-produkte\/eco-inner-packaging\/eco-wrap\/eco-silk-paper\/\",\"name\":\"BOTTA PACKAGING \u00bb eco-packaging solutions - Eco-Silk Paper\",\"isPartOf\":{\"@id\":\"https:\/\/www.botta.it\/#website\"},\"datePublished\":\"2022-07-29T13:17:05+00:00\",\"dateModified\":\"2025-05-15T14:24:56+00:00\",\"breadcrumb\":{\"@id\":\"https:\/\/www.botta.it\/de\/eco-produkte\/eco-inner-packaging\/eco-wrap\/eco-silk-paper\/#breadcrumb\"},\"inLanguage\":\"de\",\"potentialAction\":[{\"@type\":\"ReadAction\",\"target\":[\"https:\/\/www.botta.it\/de\/eco-produkte\/eco-inner-packaging\/eco-wrap\/eco-silk-paper\/\"]}]},{\"@type\":\"BreadcrumbList\",\"@id\":\"https:\/\/www.botta.it\/de\/eco-produkte\/eco-inner-packaging\/eco-wrap\/eco-silk-paper\/#breadcrumb\",\"itemListElement\":[{\"@type\":\"ListItem\",\"position\":1,\"name\":\"Home\",\"item\":\"https:\/\/www.botta.it\/\"},{\"@type\":\"ListItem\",\"position\":2,\"name\":\"Prodotti\",\"item\":\"https:\/\/www.botta.it\/shop\/\"},{\"@type\":\"ListItem\",\"position\":3,\"name\":\"ECO-PRODUKTE\",\"item\":\"https:\/\/www.botta.it\/de\/eco-produkte\/\"},{\"@type\":\"ListItem\",\"position\":4,\"name\":\"ECO-INNER PACKAGING\",\"item\":\"https:\/\/www.botta.it\/de\/eco-produkte\/eco-inner-packaging\/\"},{\"@type\":\"ListItem\",\"position\":5,\"name\":\"ECO-WRAP\",\"item\":\"https:\/\/www.botta.it\/de\/eco-produkte\/eco-inner-packaging\/eco-wrap\/\"},{\"@type\":\"ListItem\",\"position\":6,\"name\":\"Eco-Silk Paper\"}]},{\"@type\":\"WebSite\",\"@id\":\"https:\/\/www.botta.it\/#website\",\"url\":\"https:\/\/www.botta.it\/\",\"name\":\"BOTTA PACKAGING \u00bb eco-packaging solutions\",\"description\":\"\u00d6kologische verpackungsl\u00f6sungen, wellpappe liefert, kartons, umschl\u00e4ge, airbags.\",\"publisher\":{\"@id\":\"https:\/\/www.botta.it\/#organization\"},\"potentialAction\":[{\"@type\":\"SearchAction\",\"target\":{\"@type\":\"EntryPoint\",\"urlTemplate\":\"https:\/\/www.botta.it\/?s={search_term_string}\"},\"query-input\":\"required name=search_term_string\"}],\"inLanguage\":\"de\"},{\"@type\":\"Organization\",\"@id\":\"https:\/\/www.botta.it\/#organization\",\"name\":\"BOTTA EcoPackaging\",\"url\":\"https:\/\/www.botta.it\/\",\"logo\":{\"@type\":\"ImageObject\",\"inLanguage\":\"de\",\"@id\":\"https:\/\/www.botta.it\/#\/schema\/logo\/image\/\",\"url\":\"https:\/\/www.botta.it\/wp-content\/uploads\/2021\/12\/Logo-RGB.png\",\"contentUrl\":\"https:\/\/www.botta.it\/wp-content\/uploads\/2021\/12\/Logo-RGB.png\",\"width\":1600,\"height\":1043,\"caption\":\"BOTTA EcoPackaging\"},\"image\":{\"@id\":\"https:\/\/www.botta.it\/#\/schema\/logo\/image\/\"},\"sameAs\":[\"https:\/\/www.facebook.com\/bottapackaging\/\",\"https:\/\/twitter.com\/botta_box\",\"https:\/\/www.instagram.com\/botta_box\/\",\"https:\/\/it.linkedin.com\/company\/botta-ecopackaging\",\"https:\/\/www.youtube.com\/channel\/UCLhT-tw_FsukJfrKi73c48Q\"]}]}<\/script>\n<!-- \/ Yoast SEO Premium plugin. -->","yoast_head_json":{"title":"BOTTA PACKAGING \u00bb eco-packaging solutions - Eco-Silk Paper","robots":{"index":"index","follow":"follow","max-snippet":"max-snippet:-1","max-image-preview":"max-image-preview:large","max-video-preview":"max-video-preview:-1"},"canonical":"https:\/\/www.botta.it\/de\/eco-produkte\/eco-inner-packaging\/eco-wrap\/eco-silk-paper\/","og_locale":"de_DE","og_type":"article","og_title":"Eco-Silk Paper","og_description":"Wir stellen vor: Eco-Silk Paper - das leichte Seidenpapier, das Ihre Produkte aufwertet und sch\u00fctzt und gleichzeitig eine umweltfreundliche L\u00f6sung darstellt. Das vielseitige und anpassbare Eco-Silk Paper bietet eine Reihe von Vorteilen f\u00fcr Ihren Verpackungsbedarf.\u00a0  Wichtigste Eigenschaften und Vorteile :   Praktisch: Leichtes Seidenpapier, das sich perfekt zum Verpacken und Aufwerten Ihrer Produkte eignet  Umweltfreundlich: Eine umweltfreundliche L\u00f6sung, die sich f\u00fcr verschiedene Branchen eignet  Farbenfrohe Optionen: Erh\u00e4ltlich in einer breiten Palette von leuchtenden Farben, auch in Metallic-Ausf\u00fchrung  Individuell gestaltet: Personalisieren Sie es mit Ihrem Logo\/Markenbotschaft, um Ihre Marke zu bewerben und ein einzigartiges Unboxing-Erlebnis zu schaffen.  Benutzerdefinierte Formate: Flexible und anpassbare Formate auf der Grundlage Ihrer Mengenanforderungen  Poly\u00e4thylen-Version: Erh\u00e4ltlich in einer f\u00fcr den Kontakt mit Lebensmitteln geeigneten Polyethylen-Version  Nachhaltigkeit: FSC\u00ae-Zertifizierung auf Anfrage erh\u00e4ltlich","og_url":"https:\/\/www.botta.it\/de\/eco-produkte\/eco-inner-packaging\/eco-wrap\/eco-silk-paper\/","og_site_name":"BOTTA PACKAGING \u00bb eco-packaging solutions","article_publisher":"https:\/\/www.facebook.com\/bottapackaging\/","article_modified_time":"2025-05-15T14:24:56+00:00","og_image":[{"width":1024,"height":1024,"url":"https:\/\/www.botta.it\/wp-content\/uploads\/2022\/07\/Eco-Silk-Paper.png","type":"image\/png"}],"twitter_card":"summary_large_image","twitter_site":"@botta_box","schema":{"@context":"https:\/\/schema.org","@graph":[{"@type":"WebPage","@id":"https:\/\/www.botta.it\/de\/eco-produkte\/eco-inner-packaging\/eco-wrap\/eco-silk-paper\/","url":"https:\/\/www.botta.it\/de\/eco-produkte\/eco-inner-packaging\/eco-wrap\/eco-silk-paper\/","name":"BOTTA PACKAGING \u00bb eco-packaging solutions - Eco-Silk Paper","isPartOf":{"@id":"https:\/\/www.botta.it\/#website"},"datePublished":"2022-07-29T13:17:05+00:00","dateModified":"2025-05-15T14:24:56+00:00","breadcrumb":{"@id":"https:\/\/www.botta.it\/de\/eco-produkte\/eco-inner-packaging\/eco-wrap\/eco-silk-paper\/#breadcrumb"},"inLanguage":"de","potentialAction":[{"@type":"ReadAction","target":["https:\/\/www.botta.it\/de\/eco-produkte\/eco-inner-packaging\/eco-wrap\/eco-silk-paper\/"]}]},{"@type":"BreadcrumbList","@id":"https:\/\/www.botta.it\/de\/eco-produkte\/eco-inner-packaging\/eco-wrap\/eco-silk-paper\/#breadcrumb","itemListElement":[{"@type":"ListItem","position":1,"name":"Home","item":"https:\/\/www.botta.it\/"},{"@type":"ListItem","position":2,"name":"Prodotti","item":"https:\/\/www.botta.it\/shop\/"},{"@type":"ListItem","position":3,"name":"ECO-PRODUKTE","item":"https:\/\/www.botta.it\/de\/eco-produkte\/"},{"@type":"ListItem","position":4,"name":"ECO-INNER PACKAGING","item":"https:\/\/www.botta.it\/de\/eco-produkte\/eco-inner-packaging\/"},{"@type":"ListItem","position":5,"name":"ECO-WRAP","item":"https:\/\/www.botta.it\/de\/eco-produkte\/eco-inner-packaging\/eco-wrap\/"},{"@type":"ListItem","position":6,"name":"Eco-Silk Paper"}]},{"@type":"WebSite","@id":"https:\/\/www.botta.it\/#website","url":"https:\/\/www.botta.it\/","name":"BOTTA PACKAGING \u00bb eco-packaging solutions","description":"\u00d6kologische verpackungsl\u00f6sungen, wellpappe liefert, kartons, umschl\u00e4ge, airbags.","publisher":{"@id":"https:\/\/www.botta.it\/#organization"},"potentialAction":[{"@type":"SearchAction","target":{"@type":"EntryPoint","urlTemplate":"https:\/\/www.botta.it\/?s={search_term_string}"},"query-input":"required name=search_term_string"}],"inLanguage":"de"},{"@type":"Organization","@id":"https:\/\/www.botta.it\/#organization","name":"BOTTA EcoPackaging","url":"https:\/\/www.botta.it\/","logo":{"@type":"ImageObject","inLanguage":"de","@id":"https:\/\/www.botta.it\/#\/schema\/logo\/image\/","url":"https:\/\/www.botta.it\/wp-content\/uploads\/2021\/12\/Logo-RGB.png","contentUrl":"https:\/\/www.botta.it\/wp-content\/uploads\/2021\/12\/Logo-RGB.png","width":1600,"height":1043,"caption":"BOTTA EcoPackaging"},"image":{"@id":"https:\/\/www.botta.it\/#\/schema\/logo\/image\/"},"sameAs":["https:\/\/www.facebook.com\/bottapackaging\/","https:\/\/twitter.com\/botta_box","https:\/\/www.instagram.com\/botta_box\/","https:\/\/it.linkedin.com\/company\/botta-ecopackaging","https:\/\/www.youtube.com\/channel\/UCLhT-tw_FsukJfrKi73c48Q"]}]}},"_links":{"self":[{"href":"https:\/\/www.botta.it\/de\/wp-json\/wp\/v2\/product\/16813"}],"collection":[{"href":"https:\/\/www.botta.it\/de\/wp-json\/wp\/v2\/product"}],"about":[{"href":"https:\/\/www.botta.it\/de\/wp-json\/wp\/v2\/types\/product"}],"version-history":[{"count":4,"href":"https:\/\/www.botta.it\/de\/wp-json\/wp\/v2\/product\/16813\/revisions"}],"predecessor-version":[{"id":27032,"href":"https:\/\/www.botta.it\/de\/wp-json\/wp\/v2\/product\/16813\/revisions\/27032"}],"wp:featuredmedia":[{"embeddable":true,"href":"https:\/\/www.botta.it\/de\/wp-json\/wp\/v2\/media\/27031"}],"wp:attachment":[{"href":"https:\/\/www.botta.it\/de\/wp-json\/wp\/v2\/media?parent=16813"}],"wp:term":[{"taxonomy":"product_cat","embeddable":true,"href":"https:\/\/www.botta.it\/de\/wp-json\/wp\/v2\/product_cat?post=16813"},{"taxonomy":"product_tag","embeddable":true,"href":"https:\/\/www.botta.it\/de\/wp-json\/wp\/v2\/product_tag?post=16813"}],"curies":[{"name":"wp","href":"https:\/\/api.w.org\/{rel}","templated":true}]}}