{"id":16781,"date":"2022-07-28T16:33:05","date_gmt":"2022-07-28T14:33:05","guid":{"rendered":"https:\/\/www.botta.it\/prodotto\/unkategorisiert\/eco-elastico-fermacarico\/"},"modified":"2025-05-15T10:26:19","modified_gmt":"2025-05-15T08:26:19","slug":"eco-elastic-lastenhalter","status":"publish","type":"product","link":"https:\/\/www.botta.it\/de\/eco-produkte\/eco-palletisation-accessories\/eco-elastic-lastenhalter\/","title":{"rendered":"Eco-Elastic Lastenhalter"},"content":{"rendered":"<p><span style=\"font-weight: 400;\">Der Eco-Elastic Load Holder ist eine dynamische und nachhaltige Verpackungsl\u00f6sung f\u00fcr Unternehmen, die nach einer besseren M\u00f6glichkeit suchen, ihre Ladungen zu verpacken. Dieses Produkt stabilisiert nicht nur Ihre Ladungen, sondern reduziert auch den Verpackungsm\u00fcll aus Kunststoff, da keine Stretchfolie mehr ben\u00f6tigt wird. Au\u00dferdem m\u00fcssen Sie in Lagern, in denen eine Kommissionierung stattfindet, mit dem Eco-Elastic Load Holder nur das 10 cm lange Gummiband durchschneiden, anstatt die Kunststoff-Stretchfolie durchzuschneiden, um einen Karton aus der Ladung zu entnehmen und die Ladung dann neu zu verpacken. Sollte dennoch ein Stabilisator ben\u00f6tigt werden, kann ein weiterer cm-Streifen in weniger als 5 Sekunden ausgetauscht werden, ohne dass eine zus\u00e4tzliche Ausr\u00fcstung erforderlich ist.\u00a0\u00a0\u00a0\u00a0<\/span><\/p>\n<p><span style=\"font-weight: 400;\">Unser Eco-Elastic Load Holder eignet sich f\u00fcr alle Arten von Verpackungen, wie z. B. Kartons, Dosen, S\u00e4cke und Eimer, und ist kosteng\u00fcnstig, was ihn zu einer guten Wahl f\u00fcr umweltbewusste Unternehmen macht. Au\u00dferdem kann er zusammen mit unserem Eco-Pallet Avoider Papierbogen verwendet werden, um die Effektivit\u00e4t Ihres Verpackungsprozesses zu erh\u00f6hen.<\/span><\/p>\n","protected":false},"excerpt":{"rendered":"<p><span style=\"font-weight: 400;\">Wir stellen vor: Eco-Elastic Load Holder &#8211; die umweltfreundliche Alternative zu Plastikstretchfolien. Verabschieden Sie sich von Verpackungsm\u00fcll und begr\u00fc\u00dfen Sie eine kosteneffektive L\u00f6sung. Er ist umweltfreundlich, zeitsparend, einfach zu verwenden, kosteneffektiv, recycelbar und angemessen. Verbessern Sie Ihren Palettierprozess noch heute.<\/span><\/p>\n<p><span style=\"font-weight: 400;\">Hauptmerkmale und Vorteile:\u00a0\u00a0<\/span><\/p>\n<ul>\n<li style=\"font-weight: 400;\"><span style=\"font-weight: 400;\">Umweltfreundlich: Die Verwendung von Plastikstretchfolie entf\u00e4llt, was zu einer Reduzierung des Verpackungsm\u00fclls f\u00fchrt.<\/span><\/li>\n<li style=\"font-weight: 400;\"><span style=\"font-weight: 400;\">Zeitsparend und einfach in der Anwendung: Kann in weniger als 5 Sekunden angebracht werden\u00a0<\/span><\/li>\n<li style=\"font-weight: 400;\"><span style=\"font-weight: 400;\">Konkurrenzf\u00e4higer Preis<\/span><\/li>\n<li style=\"font-weight: 400;\"><span style=\"font-weight: 400;\">Handgehalten: Manuelle Anbringung ohne zus\u00e4tzliche Ausr\u00fcstung\u00a0<\/span><\/li>\n<li style=\"font-weight: 400;\"><span style=\"font-weight: 400;\">Vielseitig: Funktioniert mit verschiedenen Lasten<\/span><\/li>\n<li style=\"font-weight: 400;\"><span style=\"font-weight: 400;\">Wiederverwertbar: mit Kunststoff.<\/span><\/li>\n<li style=\"font-weight: 400;\"><span style=\"font-weight: 400;\">Angemessen: Hilft bei der einfachen Anbringung von Eckensch\u00fctzern an Palettenladungen.<\/span><\/li>\n<\/ul>\n","protected":false},"featured_media":26934,"template":"","meta":{"om_disable_all_campaigns":false,"_monsterinsights_skip_tracking":false,"_monsterinsights_sitenote_active":false,"_monsterinsights_sitenote_note":"","_monsterinsights_sitenote_category":0,"site-sidebar-layout":"default","site-content-layout":"default","ast-global-header-display":"","ast-banner-title-visibility":"","ast-main-header-display":"","ast-hfb-above-header-display":"","ast-hfb-below-header-display":"","ast-hfb-mobile-header-display":"","site-post-title":"","ast-breadcrumbs-content":"","ast-featured-img":"","footer-sml-layout":"","theme-transparent-header-meta":"default","adv-header-id-meta":"","stick-header-meta":"","header-above-stick-meta":"","header-main-stick-meta":"","header-below-stick-meta":""},"product_cat":[5310],"product_tag":[],"aioseo_notices":[],"yoast_head":"<!-- This site is optimized with the Yoast SEO Premium plugin v19.2.1 (Yoast SEO v21.9.1) - https:\/\/yoast.com\/wordpress\/plugins\/seo\/ -->\n<title>BOTTA PACKAGING \u00bb eco-verpackungsl\u00f6sungen - Eco-Elastic Lastenhalter<\/title>\n<meta name=\"robots\" content=\"index, follow, max-snippet:-1, max-image-preview:large, max-video-preview:-1\" \/>\n<link rel=\"canonical\" href=\"https:\/\/www.botta.it\/de\/eco-produkte\/eco-palletisation-accessories\/eco-elastic-lastenhalter\/\" \/>\n<meta property=\"og:locale\" content=\"de_DE\" \/>\n<meta property=\"og:type\" content=\"article\" \/>\n<meta property=\"og:title\" content=\"Eco-Elastic Lastenhalter\" \/>\n<meta property=\"og:description\" content=\"Wir stellen vor: Eco-Elastic Load Holder - die umweltfreundliche Alternative zu Plastikstretchfolien. Verabschieden Sie sich von Verpackungsm\u00fcll und begr\u00fc\u00dfen Sie eine kosteneffektive L\u00f6sung. Er ist umweltfreundlich, zeitsparend, einfach zu verwenden, kosteneffektiv, recycelbar und angemessen. Verbessern Sie Ihren Palettierprozess noch heute.  Hauptmerkmale und Vorteile:\u00a0\u00a0   Umweltfreundlich: Die Verwendung von Plastikstretchfolie entf\u00e4llt, was zu einer Reduzierung des Verpackungsm\u00fclls f\u00fchrt.  Zeitsparend und einfach in der Anwendung: Kann in weniger als 5 Sekunden angebracht werden\u00a0  Konkurrenzf\u00e4higer Preis  Handgehalten: Manuelle Anbringung ohne zus\u00e4tzliche Ausr\u00fcstung\u00a0  Vielseitig: Funktioniert mit verschiedenen Lasten  Wiederverwertbar: mit Kunststoff.  Angemessen: Hilft bei der einfachen Anbringung von Eckensch\u00fctzern an Palettenladungen.\" \/>\n<meta property=\"og:url\" content=\"https:\/\/www.botta.it\/de\/eco-produkte\/eco-palletisation-accessories\/eco-elastic-lastenhalter\/\" \/>\n<meta property=\"og:site_name\" content=\"BOTTA PACKAGING \u00bb eco-verpackungsl\u00f6sungen\" \/>\n<meta property=\"article:publisher\" content=\"https:\/\/www.facebook.com\/bottapackaging\/\" \/>\n<meta property=\"article:modified_time\" content=\"2025-05-15T08:26:19+00:00\" \/>\n<meta property=\"og:image\" content=\"https:\/\/www.botta.it\/wp-content\/uploads\/2022\/07\/Eco-Elastic-Load-Holder.png\" \/>\n\t<meta property=\"og:image:width\" content=\"1024\" \/>\n\t<meta property=\"og:image:height\" content=\"1024\" \/>\n\t<meta property=\"og:image:type\" content=\"image\/png\" \/>\n<meta name=\"twitter:card\" content=\"summary_large_image\" \/>\n<meta name=\"twitter:site\" content=\"@botta_box\" \/>\n<script type=\"application\/ld+json\" class=\"yoast-schema-graph\">{\"@context\":\"https:\/\/schema.org\",\"@graph\":[{\"@type\":\"WebPage\",\"@id\":\"https:\/\/www.botta.it\/de\/eco-produkte\/eco-palletisation-accessories\/eco-elastic-lastenhalter\/\",\"url\":\"https:\/\/www.botta.it\/de\/eco-produkte\/eco-palletisation-accessories\/eco-elastic-lastenhalter\/\",\"name\":\"BOTTA PACKAGING \u00bb eco-verpackungsl\u00f6sungen - Eco-Elastic Lastenhalter\",\"isPartOf\":{\"@id\":\"https:\/\/www.botta.it\/#website\"},\"datePublished\":\"2022-07-28T14:33:05+00:00\",\"dateModified\":\"2025-05-15T08:26:19+00:00\",\"breadcrumb\":{\"@id\":\"https:\/\/www.botta.it\/de\/eco-produkte\/eco-palletisation-accessories\/eco-elastic-lastenhalter\/#breadcrumb\"},\"inLanguage\":\"de\",\"potentialAction\":[{\"@type\":\"ReadAction\",\"target\":[\"https:\/\/www.botta.it\/de\/eco-produkte\/eco-palletisation-accessories\/eco-elastic-lastenhalter\/\"]}]},{\"@type\":\"BreadcrumbList\",\"@id\":\"https:\/\/www.botta.it\/de\/eco-produkte\/eco-palletisation-accessories\/eco-elastic-lastenhalter\/#breadcrumb\",\"itemListElement\":[{\"@type\":\"ListItem\",\"position\":1,\"name\":\"Home\",\"item\":\"https:\/\/www.botta.it\/\"},{\"@type\":\"ListItem\",\"position\":2,\"name\":\"Prodotti\",\"item\":\"https:\/\/www.botta.it\/shop\/\"},{\"@type\":\"ListItem\",\"position\":3,\"name\":\"ECO-PRODUKTE\",\"item\":\"https:\/\/www.botta.it\/de\/eco-produkte\/\"},{\"@type\":\"ListItem\",\"position\":4,\"name\":\"ECO-PALLETISATION ACCESSORIES\",\"item\":\"https:\/\/www.botta.it\/de\/eco-produkte\/eco-palletisation-accessories\/\"},{\"@type\":\"ListItem\",\"position\":5,\"name\":\"Eco-Elastic Lastenhalter\"}]},{\"@type\":\"WebSite\",\"@id\":\"https:\/\/www.botta.it\/#website\",\"url\":\"https:\/\/www.botta.it\/\",\"name\":\"BOTTA PACKAGING \u00bb eco-verpackungsl\u00f6sungen\",\"description\":\"\u00d6kologische verpackungsl\u00f6sungen, wellpappe liefert, kartons, umschl\u00e4ge, airbags.\",\"publisher\":{\"@id\":\"https:\/\/www.botta.it\/#organization\"},\"potentialAction\":[{\"@type\":\"SearchAction\",\"target\":{\"@type\":\"EntryPoint\",\"urlTemplate\":\"https:\/\/www.botta.it\/?s={search_term_string}\"},\"query-input\":\"required name=search_term_string\"}],\"inLanguage\":\"de\"},{\"@type\":\"Organization\",\"@id\":\"https:\/\/www.botta.it\/#organization\",\"name\":\"BOTTA EcoPackaging\",\"url\":\"https:\/\/www.botta.it\/\",\"logo\":{\"@type\":\"ImageObject\",\"inLanguage\":\"de\",\"@id\":\"https:\/\/www.botta.it\/#\/schema\/logo\/image\/\",\"url\":\"https:\/\/www.botta.it\/wp-content\/uploads\/2021\/12\/Logo-RGB.png\",\"contentUrl\":\"https:\/\/www.botta.it\/wp-content\/uploads\/2021\/12\/Logo-RGB.png\",\"width\":1600,\"height\":1043,\"caption\":\"BOTTA EcoPackaging\"},\"image\":{\"@id\":\"https:\/\/www.botta.it\/#\/schema\/logo\/image\/\"},\"sameAs\":[\"https:\/\/www.facebook.com\/bottapackaging\/\",\"https:\/\/twitter.com\/botta_box\",\"https:\/\/www.instagram.com\/botta_box\/\",\"https:\/\/it.linkedin.com\/company\/botta-ecopackaging\",\"https:\/\/www.youtube.com\/channel\/UCLhT-tw_FsukJfrKi73c48Q\"]}]}<\/script>\n<!-- \/ Yoast SEO Premium plugin. -->","yoast_head_json":{"title":"BOTTA PACKAGING \u00bb eco-verpackungsl\u00f6sungen - Eco-Elastic Lastenhalter","robots":{"index":"index","follow":"follow","max-snippet":"max-snippet:-1","max-image-preview":"max-image-preview:large","max-video-preview":"max-video-preview:-1"},"canonical":"https:\/\/www.botta.it\/de\/eco-produkte\/eco-palletisation-accessories\/eco-elastic-lastenhalter\/","og_locale":"de_DE","og_type":"article","og_title":"Eco-Elastic Lastenhalter","og_description":"Wir stellen vor: Eco-Elastic Load Holder - die umweltfreundliche Alternative zu Plastikstretchfolien. Verabschieden Sie sich von Verpackungsm\u00fcll und begr\u00fc\u00dfen Sie eine kosteneffektive L\u00f6sung. Er ist umweltfreundlich, zeitsparend, einfach zu verwenden, kosteneffektiv, recycelbar und angemessen. Verbessern Sie Ihren Palettierprozess noch heute.  Hauptmerkmale und Vorteile:\u00a0\u00a0   Umweltfreundlich: Die Verwendung von Plastikstretchfolie entf\u00e4llt, was zu einer Reduzierung des Verpackungsm\u00fclls f\u00fchrt.  Zeitsparend und einfach in der Anwendung: Kann in weniger als 5 Sekunden angebracht werden\u00a0  Konkurrenzf\u00e4higer Preis  Handgehalten: Manuelle Anbringung ohne zus\u00e4tzliche Ausr\u00fcstung\u00a0  Vielseitig: Funktioniert mit verschiedenen Lasten  Wiederverwertbar: mit Kunststoff.  Angemessen: Hilft bei der einfachen Anbringung von Eckensch\u00fctzern an Palettenladungen.","og_url":"https:\/\/www.botta.it\/de\/eco-produkte\/eco-palletisation-accessories\/eco-elastic-lastenhalter\/","og_site_name":"BOTTA PACKAGING \u00bb eco-verpackungsl\u00f6sungen","article_publisher":"https:\/\/www.facebook.com\/bottapackaging\/","article_modified_time":"2025-05-15T08:26:19+00:00","og_image":[{"width":1024,"height":1024,"url":"https:\/\/www.botta.it\/wp-content\/uploads\/2022\/07\/Eco-Elastic-Load-Holder.png","type":"image\/png"}],"twitter_card":"summary_large_image","twitter_site":"@botta_box","schema":{"@context":"https:\/\/schema.org","@graph":[{"@type":"WebPage","@id":"https:\/\/www.botta.it\/de\/eco-produkte\/eco-palletisation-accessories\/eco-elastic-lastenhalter\/","url":"https:\/\/www.botta.it\/de\/eco-produkte\/eco-palletisation-accessories\/eco-elastic-lastenhalter\/","name":"BOTTA PACKAGING \u00bb eco-verpackungsl\u00f6sungen - Eco-Elastic Lastenhalter","isPartOf":{"@id":"https:\/\/www.botta.it\/#website"},"datePublished":"2022-07-28T14:33:05+00:00","dateModified":"2025-05-15T08:26:19+00:00","breadcrumb":{"@id":"https:\/\/www.botta.it\/de\/eco-produkte\/eco-palletisation-accessories\/eco-elastic-lastenhalter\/#breadcrumb"},"inLanguage":"de","potentialAction":[{"@type":"ReadAction","target":["https:\/\/www.botta.it\/de\/eco-produkte\/eco-palletisation-accessories\/eco-elastic-lastenhalter\/"]}]},{"@type":"BreadcrumbList","@id":"https:\/\/www.botta.it\/de\/eco-produkte\/eco-palletisation-accessories\/eco-elastic-lastenhalter\/#breadcrumb","itemListElement":[{"@type":"ListItem","position":1,"name":"Home","item":"https:\/\/www.botta.it\/"},{"@type":"ListItem","position":2,"name":"Prodotti","item":"https:\/\/www.botta.it\/shop\/"},{"@type":"ListItem","position":3,"name":"ECO-PRODUKTE","item":"https:\/\/www.botta.it\/de\/eco-produkte\/"},{"@type":"ListItem","position":4,"name":"ECO-PALLETISATION ACCESSORIES","item":"https:\/\/www.botta.it\/de\/eco-produkte\/eco-palletisation-accessories\/"},{"@type":"ListItem","position":5,"name":"Eco-Elastic Lastenhalter"}]},{"@type":"WebSite","@id":"https:\/\/www.botta.it\/#website","url":"https:\/\/www.botta.it\/","name":"BOTTA PACKAGING \u00bb eco-verpackungsl\u00f6sungen","description":"\u00d6kologische verpackungsl\u00f6sungen, wellpappe liefert, kartons, umschl\u00e4ge, airbags.","publisher":{"@id":"https:\/\/www.botta.it\/#organization"},"potentialAction":[{"@type":"SearchAction","target":{"@type":"EntryPoint","urlTemplate":"https:\/\/www.botta.it\/?s={search_term_string}"},"query-input":"required name=search_term_string"}],"inLanguage":"de"},{"@type":"Organization","@id":"https:\/\/www.botta.it\/#organization","name":"BOTTA EcoPackaging","url":"https:\/\/www.botta.it\/","logo":{"@type":"ImageObject","inLanguage":"de","@id":"https:\/\/www.botta.it\/#\/schema\/logo\/image\/","url":"https:\/\/www.botta.it\/wp-content\/uploads\/2021\/12\/Logo-RGB.png","contentUrl":"https:\/\/www.botta.it\/wp-content\/uploads\/2021\/12\/Logo-RGB.png","width":1600,"height":1043,"caption":"BOTTA EcoPackaging"},"image":{"@id":"https:\/\/www.botta.it\/#\/schema\/logo\/image\/"},"sameAs":["https:\/\/www.facebook.com\/bottapackaging\/","https:\/\/twitter.com\/botta_box","https:\/\/www.instagram.com\/botta_box\/","https:\/\/it.linkedin.com\/company\/botta-ecopackaging","https:\/\/www.youtube.com\/channel\/UCLhT-tw_FsukJfrKi73c48Q"]}]}},"_links":{"self":[{"href":"https:\/\/www.botta.it\/de\/wp-json\/wp\/v2\/product\/16781"}],"collection":[{"href":"https:\/\/www.botta.it\/de\/wp-json\/wp\/v2\/product"}],"about":[{"href":"https:\/\/www.botta.it\/de\/wp-json\/wp\/v2\/types\/product"}],"version-history":[{"count":6,"href":"https:\/\/www.botta.it\/de\/wp-json\/wp\/v2\/product\/16781\/revisions"}],"predecessor-version":[{"id":26938,"href":"https:\/\/www.botta.it\/de\/wp-json\/wp\/v2\/product\/16781\/revisions\/26938"}],"wp:featuredmedia":[{"embeddable":true,"href":"https:\/\/www.botta.it\/de\/wp-json\/wp\/v2\/media\/26934"}],"wp:attachment":[{"href":"https:\/\/www.botta.it\/de\/wp-json\/wp\/v2\/media?parent=16781"}],"wp:term":[{"taxonomy":"product_cat","embeddable":true,"href":"https:\/\/www.botta.it\/de\/wp-json\/wp\/v2\/product_cat?post=16781"},{"taxonomy":"product_tag","embeddable":true,"href":"https:\/\/www.botta.it\/de\/wp-json\/wp\/v2\/product_tag?post=16781"}],"curies":[{"name":"wp","href":"https:\/\/api.w.org\/{rel}","templated":true}]}}