{"id":16676,"date":"2022-07-20T14:28:23","date_gmt":"2022-07-20T12:28:23","guid":{"rendered":"https:\/\/www.botta.it\/prodotto\/unkategorisiert\/eco-mushroom-bottle-packaging\/"},"modified":"2025-05-14T17:48:58","modified_gmt":"2025-05-14T15:48:58","slug":"eco-mushroom-flaschenverpackung","status":"publish","type":"product","link":"https:\/\/www.botta.it\/de\/eco-produkte\/eco-protective-packaging\/bottle-packaging\/eco-mushroom-flaschenverpackung\/","title":{"rendered":"Eco-Mushroom Flaschenverpackung"},"content":{"rendered":"<p><span style=\"font-weight: 400;\">Diese \u00d6ko-Pilz-Flaschenverpackung ist nicht nur umweltfreundlich, sondern verf\u00fcgt auch \u00fcber die sch\u00fctzenden Eigenschaften von Polystyrolverpackungen (EPS), ohne dass bei ihrer Herstellung Einwegkunststoffe verwendet werden. So sind Ihre Flaschen w\u00e4hrend des Transports vollst\u00e4ndig gesch\u00fctzt. Au\u00dferdem kann sie innerhalb von 40 Tagen sicher zu Hause entsorgt werden und hinterl\u00e4sst keine Spuren, ist also zu 100 % biologisch abbaubar und kompostierbar. Mit seinem innovativen Design bringt dieses Produkt auch viele andere Vorteile f\u00fcr Ihre Verpackungsverfahren mit sich, wie z. B. einen geringeren Zeitaufwand bei der Montage.<\/span><\/p>\n<p><span style=\"font-weight: 400;\">Die Eco-Mushroom-Flaschenverpackung ist eine perfekte Alternative f\u00fcr Flaschenverpackungen. Dieses Produkt kann bis zu zwei Flaschen aufnehmen.<\/span><\/p>\n","protected":false},"excerpt":{"rendered":"<p><b>Wir stellen die Eco-Mushroom-Flaschenverpackung vor: die umweltfreundliche L\u00f6sung f\u00fcr Ihre abgef\u00fcllten Produkte. Mit hervorragendem Schutz und einem leistungsstarken Design ist sie die ideale Wahl, um weniger umweltfreundliche Materialien zu ersetzen. Steigen Sie jetzt um auf eine nachhaltige Verpackung!<\/b><\/p>\n<p><b>Hauptmerkmale und Vorteile:<\/b><\/p>\n<ul>\n<li style=\"font-weight: 400;\"><b>Schnelle biologische Zersetzung:<\/b><span style=\"font-weight: 400;\"> Nat\u00fcrliche Zersetzung in 40 Tagen und 100% biologisch abbaubar.<\/span><\/li>\n<li style=\"font-weight: 400;\"><b>Plastikfrei<\/b><\/li>\n<li style=\"font-weight: 400;\"><b>Vollst\u00e4ndiger Schutz der Flaschen<\/b><span style=\"font-weight: 400;\">: Wird mit einem Boden und einer Abdeckung geliefert, die Ihre Flaschen w\u00e4hrend des Transports vollst\u00e4ndig sch\u00fctzen.<\/span><\/li>\n<li style=\"font-weight: 400;\"><b>Stilvolles und innovatives Design:<\/b><span style=\"font-weight: 400;\">\u00a0 Perfekt f\u00fcr Geschenksets und attraktive Displays.<\/span><\/li>\n<li style=\"font-weight: 400;\"><b>Bequeme Handhabung:<\/b><span style=\"font-weight: 400;\"> Zeitersparnis beim Beladen, Lagern und Transportieren.<\/span><\/li>\n<li style=\"font-weight: 400;\"><b style=\"font-style: inherit;\">Nachhaltige Herstellung:<\/b><span style=\"font-weight: 400;\"> Geringer Energieverbrauch und CO2-Aussto\u00df.<\/span><\/li>\n<\/ul>\n","protected":false},"featured_media":26878,"template":"","meta":{"om_disable_all_campaigns":false,"_monsterinsights_skip_tracking":false,"_monsterinsights_sitenote_active":false,"_monsterinsights_sitenote_note":"","_monsterinsights_sitenote_category":0,"site-sidebar-layout":"default","site-content-layout":"default","ast-global-header-display":"","ast-banner-title-visibility":"","ast-main-header-display":"","ast-hfb-above-header-display":"","ast-hfb-below-header-display":"","ast-hfb-mobile-header-display":"","site-post-title":"","ast-breadcrumbs-content":"","ast-featured-img":"","footer-sml-layout":"","theme-transparent-header-meta":"default","adv-header-id-meta":"","stick-header-meta":"","header-above-stick-meta":"","header-main-stick-meta":"","header-below-stick-meta":""},"product_cat":[5315],"product_tag":[],"aioseo_notices":[],"yoast_head":"<!-- This site is optimized with the Yoast SEO Premium plugin v19.2.1 (Yoast SEO v21.9.1) - https:\/\/yoast.com\/wordpress\/plugins\/seo\/ -->\n<title>BOTTA PACKAGING \u00bb eco-verpackungsl\u00f6sungen - Eco-Mushroom Flaschenverpackung<\/title>\n<meta name=\"robots\" content=\"index, follow, max-snippet:-1, max-image-preview:large, max-video-preview:-1\" \/>\n<link rel=\"canonical\" href=\"https:\/\/www.botta.it\/de\/eco-produkte\/eco-protective-packaging\/bottle-packaging\/eco-mushroom-flaschenverpackung\/\" \/>\n<meta property=\"og:locale\" content=\"de_DE\" \/>\n<meta property=\"og:type\" content=\"article\" \/>\n<meta property=\"og:title\" content=\"Eco-Mushroom Flaschenverpackung\" \/>\n<meta property=\"og:description\" content=\"Wir stellen die Eco-Mushroom-Flaschenverpackung vor: die umweltfreundliche L\u00f6sung f\u00fcr Ihre abgef\u00fcllten Produkte. Mit hervorragendem Schutz und einem leistungsstarken Design ist sie die ideale Wahl, um weniger umweltfreundliche Materialien zu ersetzen. Steigen Sie jetzt um auf eine nachhaltige Verpackung!  Hauptmerkmale und Vorteile:   Schnelle biologische Zersetzung: Nat\u00fcrliche Zersetzung in 40 Tagen und 100% biologisch abbaubar.  Plastikfrei  Vollst\u00e4ndiger Schutz der Flaschen: Wird mit einem Boden und einer Abdeckung geliefert, die Ihre Flaschen w\u00e4hrend des Transports vollst\u00e4ndig sch\u00fctzen.  Stilvolles und innovatives Design:\u00a0 Perfekt f\u00fcr Geschenksets und attraktive Displays.  Bequeme Handhabung: Zeitersparnis beim Beladen, Lagern und Transportieren.  Nachhaltige Herstellung: Geringer Energieverbrauch und CO2-Aussto\u00df.\" \/>\n<meta property=\"og:url\" content=\"https:\/\/www.botta.it\/de\/eco-produkte\/eco-protective-packaging\/bottle-packaging\/eco-mushroom-flaschenverpackung\/\" \/>\n<meta property=\"og:site_name\" content=\"BOTTA PACKAGING \u00bb eco-verpackungsl\u00f6sungen\" \/>\n<meta property=\"article:publisher\" content=\"https:\/\/www.facebook.com\/bottapackaging\/\" \/>\n<meta property=\"article:modified_time\" content=\"2025-05-14T15:48:58+00:00\" \/>\n<meta property=\"og:image\" content=\"https:\/\/www.botta.it\/wp-content\/uploads\/2022\/07\/Eco-mushroom-bottle-packaging.png\" \/>\n\t<meta property=\"og:image:width\" content=\"1024\" \/>\n\t<meta property=\"og:image:height\" content=\"1024\" \/>\n\t<meta property=\"og:image:type\" content=\"image\/png\" \/>\n<meta name=\"twitter:card\" content=\"summary_large_image\" \/>\n<meta name=\"twitter:site\" content=\"@botta_box\" \/>\n<script type=\"application\/ld+json\" class=\"yoast-schema-graph\">{\"@context\":\"https:\/\/schema.org\",\"@graph\":[{\"@type\":\"WebPage\",\"@id\":\"https:\/\/www.botta.it\/de\/eco-produkte\/eco-protective-packaging\/bottle-packaging\/eco-mushroom-flaschenverpackung\/\",\"url\":\"https:\/\/www.botta.it\/de\/eco-produkte\/eco-protective-packaging\/bottle-packaging\/eco-mushroom-flaschenverpackung\/\",\"name\":\"BOTTA PACKAGING \u00bb eco-verpackungsl\u00f6sungen - Eco-Mushroom Flaschenverpackung\",\"isPartOf\":{\"@id\":\"https:\/\/www.botta.it\/#website\"},\"datePublished\":\"2022-07-20T12:28:23+00:00\",\"dateModified\":\"2025-05-14T15:48:58+00:00\",\"breadcrumb\":{\"@id\":\"https:\/\/www.botta.it\/de\/eco-produkte\/eco-protective-packaging\/bottle-packaging\/eco-mushroom-flaschenverpackung\/#breadcrumb\"},\"inLanguage\":\"de\",\"potentialAction\":[{\"@type\":\"ReadAction\",\"target\":[\"https:\/\/www.botta.it\/de\/eco-produkte\/eco-protective-packaging\/bottle-packaging\/eco-mushroom-flaschenverpackung\/\"]}]},{\"@type\":\"BreadcrumbList\",\"@id\":\"https:\/\/www.botta.it\/de\/eco-produkte\/eco-protective-packaging\/bottle-packaging\/eco-mushroom-flaschenverpackung\/#breadcrumb\",\"itemListElement\":[{\"@type\":\"ListItem\",\"position\":1,\"name\":\"Home\",\"item\":\"https:\/\/www.botta.it\/\"},{\"@type\":\"ListItem\",\"position\":2,\"name\":\"Prodotti\",\"item\":\"https:\/\/www.botta.it\/shop\/\"},{\"@type\":\"ListItem\",\"position\":3,\"name\":\"ECO-PRODUKTE\",\"item\":\"https:\/\/www.botta.it\/de\/eco-produkte\/\"},{\"@type\":\"ListItem\",\"position\":4,\"name\":\"ECO-PROTECTIVE PACKAGING\",\"item\":\"https:\/\/www.botta.it\/de\/eco-produkte\/eco-protective-packaging\/\"},{\"@type\":\"ListItem\",\"position\":5,\"name\":\"BOTTLE PACKAGING\",\"item\":\"https:\/\/www.botta.it\/de\/eco-produkte\/eco-protective-packaging\/bottle-packaging\/\"},{\"@type\":\"ListItem\",\"position\":6,\"name\":\"Eco-Mushroom Flaschenverpackung\"}]},{\"@type\":\"WebSite\",\"@id\":\"https:\/\/www.botta.it\/#website\",\"url\":\"https:\/\/www.botta.it\/\",\"name\":\"BOTTA PACKAGING \u00bb eco-verpackungsl\u00f6sungen\",\"description\":\"\u00d6kologische verpackungsl\u00f6sungen, wellpappe liefert, kartons, umschl\u00e4ge, airbags.\",\"publisher\":{\"@id\":\"https:\/\/www.botta.it\/#organization\"},\"potentialAction\":[{\"@type\":\"SearchAction\",\"target\":{\"@type\":\"EntryPoint\",\"urlTemplate\":\"https:\/\/www.botta.it\/?s={search_term_string}\"},\"query-input\":\"required name=search_term_string\"}],\"inLanguage\":\"de\"},{\"@type\":\"Organization\",\"@id\":\"https:\/\/www.botta.it\/#organization\",\"name\":\"BOTTA EcoPackaging\",\"url\":\"https:\/\/www.botta.it\/\",\"logo\":{\"@type\":\"ImageObject\",\"inLanguage\":\"de\",\"@id\":\"https:\/\/www.botta.it\/#\/schema\/logo\/image\/\",\"url\":\"https:\/\/www.botta.it\/wp-content\/uploads\/2021\/12\/Logo-RGB.png\",\"contentUrl\":\"https:\/\/www.botta.it\/wp-content\/uploads\/2021\/12\/Logo-RGB.png\",\"width\":1600,\"height\":1043,\"caption\":\"BOTTA EcoPackaging\"},\"image\":{\"@id\":\"https:\/\/www.botta.it\/#\/schema\/logo\/image\/\"},\"sameAs\":[\"https:\/\/www.facebook.com\/bottapackaging\/\",\"https:\/\/twitter.com\/botta_box\",\"https:\/\/www.instagram.com\/botta_box\/\",\"https:\/\/it.linkedin.com\/company\/botta-ecopackaging\",\"https:\/\/www.youtube.com\/channel\/UCLhT-tw_FsukJfrKi73c48Q\"]}]}<\/script>\n<!-- \/ Yoast SEO Premium plugin. -->","yoast_head_json":{"title":"BOTTA PACKAGING \u00bb eco-verpackungsl\u00f6sungen - Eco-Mushroom Flaschenverpackung","robots":{"index":"index","follow":"follow","max-snippet":"max-snippet:-1","max-image-preview":"max-image-preview:large","max-video-preview":"max-video-preview:-1"},"canonical":"https:\/\/www.botta.it\/de\/eco-produkte\/eco-protective-packaging\/bottle-packaging\/eco-mushroom-flaschenverpackung\/","og_locale":"de_DE","og_type":"article","og_title":"Eco-Mushroom Flaschenverpackung","og_description":"Wir stellen die Eco-Mushroom-Flaschenverpackung vor: die umweltfreundliche L\u00f6sung f\u00fcr Ihre abgef\u00fcllten Produkte. Mit hervorragendem Schutz und einem leistungsstarken Design ist sie die ideale Wahl, um weniger umweltfreundliche Materialien zu ersetzen. Steigen Sie jetzt um auf eine nachhaltige Verpackung!  Hauptmerkmale und Vorteile:   Schnelle biologische Zersetzung: Nat\u00fcrliche Zersetzung in 40 Tagen und 100% biologisch abbaubar.  Plastikfrei  Vollst\u00e4ndiger Schutz der Flaschen: Wird mit einem Boden und einer Abdeckung geliefert, die Ihre Flaschen w\u00e4hrend des Transports vollst\u00e4ndig sch\u00fctzen.  Stilvolles und innovatives Design:\u00a0 Perfekt f\u00fcr Geschenksets und attraktive Displays.  Bequeme Handhabung: Zeitersparnis beim Beladen, Lagern und Transportieren.  Nachhaltige Herstellung: Geringer Energieverbrauch und CO2-Aussto\u00df.","og_url":"https:\/\/www.botta.it\/de\/eco-produkte\/eco-protective-packaging\/bottle-packaging\/eco-mushroom-flaschenverpackung\/","og_site_name":"BOTTA PACKAGING \u00bb eco-verpackungsl\u00f6sungen","article_publisher":"https:\/\/www.facebook.com\/bottapackaging\/","article_modified_time":"2025-05-14T15:48:58+00:00","og_image":[{"width":1024,"height":1024,"url":"https:\/\/www.botta.it\/wp-content\/uploads\/2022\/07\/Eco-mushroom-bottle-packaging.png","type":"image\/png"}],"twitter_card":"summary_large_image","twitter_site":"@botta_box","schema":{"@context":"https:\/\/schema.org","@graph":[{"@type":"WebPage","@id":"https:\/\/www.botta.it\/de\/eco-produkte\/eco-protective-packaging\/bottle-packaging\/eco-mushroom-flaschenverpackung\/","url":"https:\/\/www.botta.it\/de\/eco-produkte\/eco-protective-packaging\/bottle-packaging\/eco-mushroom-flaschenverpackung\/","name":"BOTTA PACKAGING \u00bb eco-verpackungsl\u00f6sungen - Eco-Mushroom Flaschenverpackung","isPartOf":{"@id":"https:\/\/www.botta.it\/#website"},"datePublished":"2022-07-20T12:28:23+00:00","dateModified":"2025-05-14T15:48:58+00:00","breadcrumb":{"@id":"https:\/\/www.botta.it\/de\/eco-produkte\/eco-protective-packaging\/bottle-packaging\/eco-mushroom-flaschenverpackung\/#breadcrumb"},"inLanguage":"de","potentialAction":[{"@type":"ReadAction","target":["https:\/\/www.botta.it\/de\/eco-produkte\/eco-protective-packaging\/bottle-packaging\/eco-mushroom-flaschenverpackung\/"]}]},{"@type":"BreadcrumbList","@id":"https:\/\/www.botta.it\/de\/eco-produkte\/eco-protective-packaging\/bottle-packaging\/eco-mushroom-flaschenverpackung\/#breadcrumb","itemListElement":[{"@type":"ListItem","position":1,"name":"Home","item":"https:\/\/www.botta.it\/"},{"@type":"ListItem","position":2,"name":"Prodotti","item":"https:\/\/www.botta.it\/shop\/"},{"@type":"ListItem","position":3,"name":"ECO-PRODUKTE","item":"https:\/\/www.botta.it\/de\/eco-produkte\/"},{"@type":"ListItem","position":4,"name":"ECO-PROTECTIVE PACKAGING","item":"https:\/\/www.botta.it\/de\/eco-produkte\/eco-protective-packaging\/"},{"@type":"ListItem","position":5,"name":"BOTTLE PACKAGING","item":"https:\/\/www.botta.it\/de\/eco-produkte\/eco-protective-packaging\/bottle-packaging\/"},{"@type":"ListItem","position":6,"name":"Eco-Mushroom Flaschenverpackung"}]},{"@type":"WebSite","@id":"https:\/\/www.botta.it\/#website","url":"https:\/\/www.botta.it\/","name":"BOTTA PACKAGING \u00bb eco-verpackungsl\u00f6sungen","description":"\u00d6kologische verpackungsl\u00f6sungen, wellpappe liefert, kartons, umschl\u00e4ge, airbags.","publisher":{"@id":"https:\/\/www.botta.it\/#organization"},"potentialAction":[{"@type":"SearchAction","target":{"@type":"EntryPoint","urlTemplate":"https:\/\/www.botta.it\/?s={search_term_string}"},"query-input":"required name=search_term_string"}],"inLanguage":"de"},{"@type":"Organization","@id":"https:\/\/www.botta.it\/#organization","name":"BOTTA EcoPackaging","url":"https:\/\/www.botta.it\/","logo":{"@type":"ImageObject","inLanguage":"de","@id":"https:\/\/www.botta.it\/#\/schema\/logo\/image\/","url":"https:\/\/www.botta.it\/wp-content\/uploads\/2021\/12\/Logo-RGB.png","contentUrl":"https:\/\/www.botta.it\/wp-content\/uploads\/2021\/12\/Logo-RGB.png","width":1600,"height":1043,"caption":"BOTTA EcoPackaging"},"image":{"@id":"https:\/\/www.botta.it\/#\/schema\/logo\/image\/"},"sameAs":["https:\/\/www.facebook.com\/bottapackaging\/","https:\/\/twitter.com\/botta_box","https:\/\/www.instagram.com\/botta_box\/","https:\/\/it.linkedin.com\/company\/botta-ecopackaging","https:\/\/www.youtube.com\/channel\/UCLhT-tw_FsukJfrKi73c48Q"]}]}},"_links":{"self":[{"href":"https:\/\/www.botta.it\/de\/wp-json\/wp\/v2\/product\/16676"}],"collection":[{"href":"https:\/\/www.botta.it\/de\/wp-json\/wp\/v2\/product"}],"about":[{"href":"https:\/\/www.botta.it\/de\/wp-json\/wp\/v2\/types\/product"}],"version-history":[{"count":5,"href":"https:\/\/www.botta.it\/de\/wp-json\/wp\/v2\/product\/16676\/revisions"}],"predecessor-version":[{"id":26885,"href":"https:\/\/www.botta.it\/de\/wp-json\/wp\/v2\/product\/16676\/revisions\/26885"}],"wp:featuredmedia":[{"embeddable":true,"href":"https:\/\/www.botta.it\/de\/wp-json\/wp\/v2\/media\/26878"}],"wp:attachment":[{"href":"https:\/\/www.botta.it\/de\/wp-json\/wp\/v2\/media?parent=16676"}],"wp:term":[{"taxonomy":"product_cat","embeddable":true,"href":"https:\/\/www.botta.it\/de\/wp-json\/wp\/v2\/product_cat?post=16676"},{"taxonomy":"product_tag","embeddable":true,"href":"https:\/\/www.botta.it\/de\/wp-json\/wp\/v2\/product_tag?post=16676"}],"curies":[{"name":"wp","href":"https:\/\/api.w.org\/{rel}","templated":true}]}}