{"id":16523,"date":"2022-07-18T10:07:50","date_gmt":"2022-07-18T08:07:50","guid":{"rendered":"https:\/\/www.botta.it\/prodotto\/unkategorisiert\/eco-fascetta-in-carta-rinforzata\/"},"modified":"2025-05-15T12:28:17","modified_gmt":"2025-05-15T10:28:17","slug":"eco-paper-banding-reinforced","status":"publish","type":"product","link":"https:\/\/www.botta.it\/de\/eco-produkte\/eco-closures-and-sealing\/eco-paper-banding-reinforced\/","title":{"rendered":"Eco-Paper Banding Reinforced"},"content":{"rendered":"<p><span style=\"font-weight: 400;\">Eco-Paper Banding Reinforced ist eine gro\u00dfartige umweltfreundliche Alternative zu Kunststoffumreifungen oder Schrumpfverpackungen, die eine robuste St\u00e4rke aufweist, aber ohne die Umweltauswirkungen von Kunststoffabf\u00e4llen, wenn sie in der Umwelt verbleiben. Es ist so konzipiert, dass es einfach mit einem oder zwei doppelseitigen Klebeb\u00e4ndern verwendet werden kann, die fest auf der Produktoberfl\u00e4che haften und eine starke Sicherung f\u00fcr Ihre Produkte bieten.<\/span><\/p>\n<p><span style=\"font-weight: 400;\">Eco-Paper Banding Reinforced ist ideal f\u00fcr kleine Verpackungen. F\u00fcr gro\u00dfe Packst\u00fccke k\u00f6nnen Sie auf \u00d6ko-Papierband zur\u00fcckgreifen. Es ben\u00f6tigt weniger Energie als Kunststoffband und ist dank der Aticelca-Zertifizierung f\u00fcr die Wiederverwertbarkeit von Papier recyclingf\u00e4hig.<\/span><\/p>\n","protected":false},"excerpt":{"rendered":"<p><span style=\"font-weight: 400;\">\u00d6ko-Papierbanderole Verst\u00e4rkt: Innovative, widerstandsf\u00e4hige und umweltfreundliche Verpackung f\u00fcr kleine Pakete und Flaschen. Dank seines vielseitigen Designs kann es auch als Armband f\u00fcr Konzerte und Veranstaltungen verwendet werden. Entscheiden Sie sich f\u00fcr Nachhaltigkeit und Langlebigkeit mit Eco-Paper Banding Reinforced.\u00a0<\/span><\/p>\n<p><span style=\"font-weight: 400;\">Hauptmerkmale und Vorteile:<\/span><\/p>\n<ul>\n<li style=\"font-weight: 400;\"><b>Widerstandsf\u00e4hig:<\/b><span style=\"font-weight: 400;\"> verst\u00e4rkt mit multidirektionalen, dicht gewebten Schn\u00fcren.<\/span><\/li>\n<li style=\"font-weight: 400;\"><b>Doppelte Papierwand, rei\u00dffest und wasserdicht:<\/b><span style=\"font-weight: 400;\"> bietet eine starke und verbesserte Umreifung f\u00fcr Ihre Produkte.<\/span><\/li>\n<li style=\"font-weight: 400;\"><b>Papier wiederverwertbar:<\/b><span style=\"font-weight: 400;\"> Zertifiziert von Aticelca f\u00fcr die Wiederverwertbarkeit von Papier.<\/span><\/li>\n<li style=\"font-weight: 400;\"><b style=\"font-style: inherit;\">Einfach zu handhaben:<\/b><span style=\"font-weight: 400;\"> Sparen Sie Zeit und Kosten bei Ihrem Verpackungsprozess.<\/span><\/li>\n<\/ul>\n","protected":false},"featured_media":26980,"template":"","meta":{"om_disable_all_campaigns":false,"_monsterinsights_skip_tracking":false,"_monsterinsights_sitenote_active":false,"_monsterinsights_sitenote_note":"","_monsterinsights_sitenote_category":0,"site-sidebar-layout":"default","site-content-layout":"default","ast-global-header-display":"","ast-banner-title-visibility":"","ast-main-header-display":"","ast-hfb-above-header-display":"","ast-hfb-below-header-display":"","ast-hfb-mobile-header-display":"","site-post-title":"","ast-breadcrumbs-content":"","ast-featured-img":"","footer-sml-layout":"","theme-transparent-header-meta":"default","adv-header-id-meta":"","stick-header-meta":"","header-above-stick-meta":"","header-main-stick-meta":"","header-below-stick-meta":""},"product_cat":[5308],"product_tag":[],"aioseo_notices":[],"yoast_head":"<!-- This site is optimized with the Yoast SEO Premium plugin v19.2.1 (Yoast SEO v21.9.1) - https:\/\/yoast.com\/wordpress\/plugins\/seo\/ -->\n<title>BOTTA PACKAGING \u00bb eco-verpackungsl\u00f6sungen - Eco-Paper Banding Reinforced<\/title>\n<meta name=\"robots\" content=\"index, follow, max-snippet:-1, max-image-preview:large, max-video-preview:-1\" \/>\n<link rel=\"canonical\" href=\"https:\/\/www.botta.it\/de\/eco-produkte\/eco-closures-and-sealing\/eco-paper-banding-reinforced\/\" \/>\n<meta property=\"og:locale\" content=\"de_DE\" \/>\n<meta property=\"og:type\" content=\"article\" \/>\n<meta property=\"og:title\" content=\"Eco-Paper Banding Reinforced\" \/>\n<meta property=\"og:description\" content=\"\u00d6ko-Papierbanderole Verst\u00e4rkt: Innovative, widerstandsf\u00e4hige und umweltfreundliche Verpackung f\u00fcr kleine Pakete und Flaschen. Dank seines vielseitigen Designs kann es auch als Armband f\u00fcr Konzerte und Veranstaltungen verwendet werden. Entscheiden Sie sich f\u00fcr Nachhaltigkeit und Langlebigkeit mit Eco-Paper Banding Reinforced.\u00a0  Hauptmerkmale und Vorteile:   Widerstandsf\u00e4hig: verst\u00e4rkt mit multidirektionalen, dicht gewebten Schn\u00fcren.  Doppelte Papierwand, rei\u00dffest und wasserdicht: bietet eine starke und verbesserte Umreifung f\u00fcr Ihre Produkte.  Papier wiederverwertbar: Zertifiziert von Aticelca f\u00fcr die Wiederverwertbarkeit von Papier.  Einfach zu handhaben: Sparen Sie Zeit und Kosten bei Ihrem Verpackungsprozess.\" \/>\n<meta property=\"og:url\" content=\"https:\/\/www.botta.it\/de\/eco-produkte\/eco-closures-and-sealing\/eco-paper-banding-reinforced\/\" \/>\n<meta property=\"og:site_name\" content=\"BOTTA PACKAGING \u00bb eco-verpackungsl\u00f6sungen\" \/>\n<meta property=\"article:publisher\" content=\"https:\/\/www.facebook.com\/bottapackaging\/\" \/>\n<meta property=\"article:modified_time\" content=\"2025-05-15T10:28:17+00:00\" \/>\n<meta property=\"og:image\" content=\"https:\/\/www.botta.it\/wp-content\/uploads\/2022\/07\/Eco-Paper-Banding-Reinforced-1024x1024.png\" \/>\n\t<meta property=\"og:image:width\" content=\"1024\" \/>\n\t<meta property=\"og:image:height\" content=\"1024\" \/>\n\t<meta property=\"og:image:type\" content=\"image\/png\" \/>\n<meta name=\"twitter:card\" content=\"summary_large_image\" \/>\n<meta name=\"twitter:site\" content=\"@botta_box\" \/>\n<script type=\"application\/ld+json\" class=\"yoast-schema-graph\">{\"@context\":\"https:\/\/schema.org\",\"@graph\":[{\"@type\":\"WebPage\",\"@id\":\"https:\/\/www.botta.it\/de\/eco-produkte\/eco-closures-and-sealing\/eco-paper-banding-reinforced\/\",\"url\":\"https:\/\/www.botta.it\/de\/eco-produkte\/eco-closures-and-sealing\/eco-paper-banding-reinforced\/\",\"name\":\"BOTTA PACKAGING \u00bb eco-verpackungsl\u00f6sungen - Eco-Paper Banding Reinforced\",\"isPartOf\":{\"@id\":\"https:\/\/www.botta.it\/#website\"},\"datePublished\":\"2022-07-18T08:07:50+00:00\",\"dateModified\":\"2025-05-15T10:28:17+00:00\",\"breadcrumb\":{\"@id\":\"https:\/\/www.botta.it\/de\/eco-produkte\/eco-closures-and-sealing\/eco-paper-banding-reinforced\/#breadcrumb\"},\"inLanguage\":\"de\",\"potentialAction\":[{\"@type\":\"ReadAction\",\"target\":[\"https:\/\/www.botta.it\/de\/eco-produkte\/eco-closures-and-sealing\/eco-paper-banding-reinforced\/\"]}]},{\"@type\":\"BreadcrumbList\",\"@id\":\"https:\/\/www.botta.it\/de\/eco-produkte\/eco-closures-and-sealing\/eco-paper-banding-reinforced\/#breadcrumb\",\"itemListElement\":[{\"@type\":\"ListItem\",\"position\":1,\"name\":\"Home\",\"item\":\"https:\/\/www.botta.it\/\"},{\"@type\":\"ListItem\",\"position\":2,\"name\":\"Prodotti\",\"item\":\"https:\/\/www.botta.it\/shop\/\"},{\"@type\":\"ListItem\",\"position\":3,\"name\":\"ECO-PRODUKTE\",\"item\":\"https:\/\/www.botta.it\/de\/eco-produkte\/\"},{\"@type\":\"ListItem\",\"position\":4,\"name\":\"ECO-CLOSURES AND SEALING\",\"item\":\"https:\/\/www.botta.it\/de\/eco-produkte\/eco-closures-and-sealing\/\"},{\"@type\":\"ListItem\",\"position\":5,\"name\":\"Eco-Paper Banding Reinforced\"}]},{\"@type\":\"WebSite\",\"@id\":\"https:\/\/www.botta.it\/#website\",\"url\":\"https:\/\/www.botta.it\/\",\"name\":\"BOTTA PACKAGING \u00bb eco-verpackungsl\u00f6sungen\",\"description\":\"\u00d6kologische verpackungsl\u00f6sungen, wellpappe liefert, kartons, umschl\u00e4ge, airbags.\",\"publisher\":{\"@id\":\"https:\/\/www.botta.it\/#organization\"},\"potentialAction\":[{\"@type\":\"SearchAction\",\"target\":{\"@type\":\"EntryPoint\",\"urlTemplate\":\"https:\/\/www.botta.it\/?s={search_term_string}\"},\"query-input\":\"required name=search_term_string\"}],\"inLanguage\":\"de\"},{\"@type\":\"Organization\",\"@id\":\"https:\/\/www.botta.it\/#organization\",\"name\":\"BOTTA EcoPackaging\",\"url\":\"https:\/\/www.botta.it\/\",\"logo\":{\"@type\":\"ImageObject\",\"inLanguage\":\"de\",\"@id\":\"https:\/\/www.botta.it\/#\/schema\/logo\/image\/\",\"url\":\"https:\/\/www.botta.it\/wp-content\/uploads\/2021\/12\/Logo-RGB.png\",\"contentUrl\":\"https:\/\/www.botta.it\/wp-content\/uploads\/2021\/12\/Logo-RGB.png\",\"width\":1600,\"height\":1043,\"caption\":\"BOTTA EcoPackaging\"},\"image\":{\"@id\":\"https:\/\/www.botta.it\/#\/schema\/logo\/image\/\"},\"sameAs\":[\"https:\/\/www.facebook.com\/bottapackaging\/\",\"https:\/\/twitter.com\/botta_box\",\"https:\/\/www.instagram.com\/botta_box\/\",\"https:\/\/it.linkedin.com\/company\/botta-ecopackaging\",\"https:\/\/www.youtube.com\/channel\/UCLhT-tw_FsukJfrKi73c48Q\"]}]}<\/script>\n<!-- \/ Yoast SEO Premium plugin. -->","yoast_head_json":{"title":"BOTTA PACKAGING \u00bb eco-verpackungsl\u00f6sungen - Eco-Paper Banding Reinforced","robots":{"index":"index","follow":"follow","max-snippet":"max-snippet:-1","max-image-preview":"max-image-preview:large","max-video-preview":"max-video-preview:-1"},"canonical":"https:\/\/www.botta.it\/de\/eco-produkte\/eco-closures-and-sealing\/eco-paper-banding-reinforced\/","og_locale":"de_DE","og_type":"article","og_title":"Eco-Paper Banding Reinforced","og_description":"\u00d6ko-Papierbanderole Verst\u00e4rkt: Innovative, widerstandsf\u00e4hige und umweltfreundliche Verpackung f\u00fcr kleine Pakete und Flaschen. Dank seines vielseitigen Designs kann es auch als Armband f\u00fcr Konzerte und Veranstaltungen verwendet werden. Entscheiden Sie sich f\u00fcr Nachhaltigkeit und Langlebigkeit mit Eco-Paper Banding Reinforced.\u00a0  Hauptmerkmale und Vorteile:   Widerstandsf\u00e4hig: verst\u00e4rkt mit multidirektionalen, dicht gewebten Schn\u00fcren.  Doppelte Papierwand, rei\u00dffest und wasserdicht: bietet eine starke und verbesserte Umreifung f\u00fcr Ihre Produkte.  Papier wiederverwertbar: Zertifiziert von Aticelca f\u00fcr die Wiederverwertbarkeit von Papier.  Einfach zu handhaben: Sparen Sie Zeit und Kosten bei Ihrem Verpackungsprozess.","og_url":"https:\/\/www.botta.it\/de\/eco-produkte\/eco-closures-and-sealing\/eco-paper-banding-reinforced\/","og_site_name":"BOTTA PACKAGING \u00bb eco-verpackungsl\u00f6sungen","article_publisher":"https:\/\/www.facebook.com\/bottapackaging\/","article_modified_time":"2025-05-15T10:28:17+00:00","og_image":[{"width":1024,"height":1024,"url":"https:\/\/www.botta.it\/wp-content\/uploads\/2022\/07\/Eco-Paper-Banding-Reinforced-1024x1024.png","type":"image\/png"}],"twitter_card":"summary_large_image","twitter_site":"@botta_box","schema":{"@context":"https:\/\/schema.org","@graph":[{"@type":"WebPage","@id":"https:\/\/www.botta.it\/de\/eco-produkte\/eco-closures-and-sealing\/eco-paper-banding-reinforced\/","url":"https:\/\/www.botta.it\/de\/eco-produkte\/eco-closures-and-sealing\/eco-paper-banding-reinforced\/","name":"BOTTA PACKAGING \u00bb eco-verpackungsl\u00f6sungen - Eco-Paper Banding Reinforced","isPartOf":{"@id":"https:\/\/www.botta.it\/#website"},"datePublished":"2022-07-18T08:07:50+00:00","dateModified":"2025-05-15T10:28:17+00:00","breadcrumb":{"@id":"https:\/\/www.botta.it\/de\/eco-produkte\/eco-closures-and-sealing\/eco-paper-banding-reinforced\/#breadcrumb"},"inLanguage":"de","potentialAction":[{"@type":"ReadAction","target":["https:\/\/www.botta.it\/de\/eco-produkte\/eco-closures-and-sealing\/eco-paper-banding-reinforced\/"]}]},{"@type":"BreadcrumbList","@id":"https:\/\/www.botta.it\/de\/eco-produkte\/eco-closures-and-sealing\/eco-paper-banding-reinforced\/#breadcrumb","itemListElement":[{"@type":"ListItem","position":1,"name":"Home","item":"https:\/\/www.botta.it\/"},{"@type":"ListItem","position":2,"name":"Prodotti","item":"https:\/\/www.botta.it\/shop\/"},{"@type":"ListItem","position":3,"name":"ECO-PRODUKTE","item":"https:\/\/www.botta.it\/de\/eco-produkte\/"},{"@type":"ListItem","position":4,"name":"ECO-CLOSURES AND SEALING","item":"https:\/\/www.botta.it\/de\/eco-produkte\/eco-closures-and-sealing\/"},{"@type":"ListItem","position":5,"name":"Eco-Paper Banding Reinforced"}]},{"@type":"WebSite","@id":"https:\/\/www.botta.it\/#website","url":"https:\/\/www.botta.it\/","name":"BOTTA PACKAGING \u00bb eco-verpackungsl\u00f6sungen","description":"\u00d6kologische verpackungsl\u00f6sungen, wellpappe liefert, kartons, umschl\u00e4ge, airbags.","publisher":{"@id":"https:\/\/www.botta.it\/#organization"},"potentialAction":[{"@type":"SearchAction","target":{"@type":"EntryPoint","urlTemplate":"https:\/\/www.botta.it\/?s={search_term_string}"},"query-input":"required name=search_term_string"}],"inLanguage":"de"},{"@type":"Organization","@id":"https:\/\/www.botta.it\/#organization","name":"BOTTA EcoPackaging","url":"https:\/\/www.botta.it\/","logo":{"@type":"ImageObject","inLanguage":"de","@id":"https:\/\/www.botta.it\/#\/schema\/logo\/image\/","url":"https:\/\/www.botta.it\/wp-content\/uploads\/2021\/12\/Logo-RGB.png","contentUrl":"https:\/\/www.botta.it\/wp-content\/uploads\/2021\/12\/Logo-RGB.png","width":1600,"height":1043,"caption":"BOTTA EcoPackaging"},"image":{"@id":"https:\/\/www.botta.it\/#\/schema\/logo\/image\/"},"sameAs":["https:\/\/www.facebook.com\/bottapackaging\/","https:\/\/twitter.com\/botta_box","https:\/\/www.instagram.com\/botta_box\/","https:\/\/it.linkedin.com\/company\/botta-ecopackaging","https:\/\/www.youtube.com\/channel\/UCLhT-tw_FsukJfrKi73c48Q"]}]}},"_links":{"self":[{"href":"https:\/\/www.botta.it\/de\/wp-json\/wp\/v2\/product\/16523"}],"collection":[{"href":"https:\/\/www.botta.it\/de\/wp-json\/wp\/v2\/product"}],"about":[{"href":"https:\/\/www.botta.it\/de\/wp-json\/wp\/v2\/types\/product"}],"version-history":[{"count":4,"href":"https:\/\/www.botta.it\/de\/wp-json\/wp\/v2\/product\/16523\/revisions"}],"predecessor-version":[{"id":26981,"href":"https:\/\/www.botta.it\/de\/wp-json\/wp\/v2\/product\/16523\/revisions\/26981"}],"wp:featuredmedia":[{"embeddable":true,"href":"https:\/\/www.botta.it\/de\/wp-json\/wp\/v2\/media\/26980"}],"wp:attachment":[{"href":"https:\/\/www.botta.it\/de\/wp-json\/wp\/v2\/media?parent=16523"}],"wp:term":[{"taxonomy":"product_cat","embeddable":true,"href":"https:\/\/www.botta.it\/de\/wp-json\/wp\/v2\/product_cat?post=16523"},{"taxonomy":"product_tag","embeddable":true,"href":"https:\/\/www.botta.it\/de\/wp-json\/wp\/v2\/product_tag?post=16523"}],"curies":[{"name":"wp","href":"https:\/\/api.w.org\/{rel}","templated":true}]}}