{"id":16402,"date":"2022-07-11T23:04:41","date_gmt":"2022-07-11T21:04:41","guid":{"rendered":"https:\/\/www.botta.it\/prodotto\/unkategorisiert\/eco-angolari-mashed-paper\/"},"modified":"2025-05-15T08:58:51","modified_gmt":"2025-05-15T06:58:51","slug":"eco-eckenschutz-mashed-paper","status":"publish","type":"product","link":"https:\/\/www.botta.it\/de\/eco-produkte\/eco-inner-packaging\/eco-angolari\/eco-eckenschutz-mashed-paper\/","title":{"rendered":"Eco-Eckenschutz Mashed Paper"},"content":{"rendered":"<p><span style=\"font-weight: 400;\">Unser <\/span><b>Eco-Corner Protector Mashed Paper<\/b><span style=\"font-weight: 400;\"> hilft, die Ecken Ihrer Produkte vor Besch\u00e4digungen und Bruch beim Transport zu sch\u00fctzen, selbst bei sperrigen Produkten. Dank seiner einzigartigen Struktur kann es selbst nach einem Sturz oder dem Kontakt mit scharfen Kanten aus gro\u00dfer Entfernung schnell wieder seine urspr\u00fcngliche Form annehmen.\u00a0<\/span><\/p>\n<p><span style=\"font-weight: 400;\">Dar\u00fcber hinaus wird unser<\/span><b> Eco-Corner Protector Mashed Paper<\/b><span style=\"font-weight: 400;\"> ausschlie\u00dflich aus hochwertigem Altpapier hergestellt, so dass es nicht nur zu 100 % recycelbar, sondern auch umweltfreundlich ist. Indem Sie auf nachhaltige Verpackungen setzen, k\u00f6nnen Sie Ihr Markenimage verbessern und der wachsenden Nachfrage nach umweltbewussten Produkten bei Ihren Kunden gerecht werden. Au\u00dferdem tr\u00e4gt das geringe Gewicht dazu bei, Versandkosten und teures Gewicht in Ihrem Verpackungsprozess zu reduzieren.<\/span><\/p>\n","protected":false},"excerpt":{"rendered":"<p><span style=\"font-weight: 400;\">Wir stellen das Eco Corner Protector Mashed Paper vor: die umweltfreundliche L\u00f6sung f\u00fcr hervorragenden Produktschutz. Mit seinem vollst\u00e4ndig geformten Steg und seiner hohen Flexibilit\u00e4t bietet es einen besseren Schutz f\u00fcr Ecken und erh\u00f6ht die Stabilit\u00e4t der Ladung. Entscheiden Sie sich f\u00fcr Nachhaltigkeit und Qualit\u00e4t mit Eco Corner Protector Mashed Paper.<\/span><\/p>\n<p><span style=\"font-weight: 400;\">Hauptmerkmale und Vorteile:<\/span><\/p>\n<ul>\n<li><b>100% recycelbar<\/b><\/li>\n<li><b>Nachhaltig:<\/b><span style=\"font-weight: 400;\"> Hergestellt aus Altpapier, das zur Schonung der nat\u00fcrlichen Ressourcen beitr\u00e4gt.\u00a0<\/span><\/li>\n<li><b>Belastbar und regenerierbar: <\/b><span style=\"font-weight: 400;\">Bleibt intakt und kehrt auch nach St\u00fcrzen auf scharfe Kanten schnell wieder in den Ausgangszustand zur\u00fcck.<\/span><\/li>\n<li><b>Kosteng\u00fcnstig:<\/b><span style=\"font-weight: 400;\"> Das geringe Gewicht reduziert die Versandkosten.\u00a0<\/span><\/li>\n<li><b>Praktisch:<\/b><span style=\"font-weight: 400;\"> L\u00e4sst sich leicht anbringen und passt sich den Produktecken an.\u00a0<\/span><\/li>\n<li><b>Effizient:<\/b><span style=\"font-weight: 400;\"> Zeitersparnis bei der Anwendung.\u00a0<\/span><\/li>\n<li><b>Sch\u00fctzend: <\/b><span style=\"font-weight: 400;\">Starke Struktur mit Sto\u00dfd\u00e4mpfungseigenschaften, die einen besseren Schutz f\u00fcr die Ecken Ihrer Produkte bietet.\u00a0<\/span><\/li>\n<li><b>Flexibel:<\/b><span style=\"font-weight: 400;\"> Leicht zu handhaben und hochflexibel.<\/span><\/li>\n<\/ul>\n","protected":false},"featured_media":26900,"template":"","meta":{"om_disable_all_campaigns":false,"_monsterinsights_skip_tracking":false,"_monsterinsights_sitenote_active":false,"_monsterinsights_sitenote_note":"","_monsterinsights_sitenote_category":0,"site-sidebar-layout":"default","site-content-layout":"default","ast-global-header-display":"","ast-banner-title-visibility":"","ast-main-header-display":"","ast-hfb-above-header-display":"","ast-hfb-below-header-display":"","ast-hfb-mobile-header-display":"","site-post-title":"","ast-breadcrumbs-content":"","ast-featured-img":"","footer-sml-layout":"","theme-transparent-header-meta":"default","adv-header-id-meta":"","stick-header-meta":"","header-above-stick-meta":"","header-main-stick-meta":"","header-below-stick-meta":""},"product_cat":[5317],"product_tag":[],"aioseo_notices":[],"yoast_head":"<!-- This site is optimized with the Yoast SEO Premium plugin v19.2.1 (Yoast SEO v21.9.1) - https:\/\/yoast.com\/wordpress\/plugins\/seo\/ -->\n<title>BOTTA PACKAGING \u00bb eco-packaging solutions - Eco-Eckenschutz Mashed Paper<\/title>\n<meta name=\"robots\" content=\"index, follow, max-snippet:-1, max-image-preview:large, max-video-preview:-1\" \/>\n<link rel=\"canonical\" href=\"https:\/\/www.botta.it\/de\/eco-produkte\/eco-inner-packaging\/eco-angolari\/eco-eckenschutz-mashed-paper\/\" \/>\n<meta property=\"og:locale\" content=\"de_DE\" \/>\n<meta property=\"og:type\" content=\"article\" \/>\n<meta property=\"og:title\" content=\"Eco-Eckenschutz Mashed Paper\" \/>\n<meta property=\"og:description\" content=\"Wir stellen das Eco Corner Protector Mashed Paper vor: die umweltfreundliche L\u00f6sung f\u00fcr hervorragenden Produktschutz. Mit seinem vollst\u00e4ndig geformten Steg und seiner hohen Flexibilit\u00e4t bietet es einen besseren Schutz f\u00fcr Ecken und erh\u00f6ht die Stabilit\u00e4t der Ladung. Entscheiden Sie sich f\u00fcr Nachhaltigkeit und Qualit\u00e4t mit Eco Corner Protector Mashed Paper.  Hauptmerkmale und Vorteile:   100% recycelbar  Nachhaltig: Hergestellt aus Altpapier, das zur Schonung der nat\u00fcrlichen Ressourcen beitr\u00e4gt.\u00a0  Belastbar und regenerierbar: Bleibt intakt und kehrt auch nach St\u00fcrzen auf scharfe Kanten schnell wieder in den Ausgangszustand zur\u00fcck.  Kosteng\u00fcnstig: Das geringe Gewicht reduziert die Versandkosten.\u00a0  Praktisch: L\u00e4sst sich leicht anbringen und passt sich den Produktecken an.\u00a0  Effizient: Zeitersparnis bei der Anwendung.\u00a0  Sch\u00fctzend: Starke Struktur mit Sto\u00dfd\u00e4mpfungseigenschaften, die einen besseren Schutz f\u00fcr die Ecken Ihrer Produkte bietet.\u00a0  Flexibel: Leicht zu handhaben und hochflexibel.\" \/>\n<meta property=\"og:url\" content=\"https:\/\/www.botta.it\/de\/eco-produkte\/eco-inner-packaging\/eco-angolari\/eco-eckenschutz-mashed-paper\/\" \/>\n<meta property=\"og:site_name\" content=\"BOTTA PACKAGING \u00bb eco-packaging solutions\" \/>\n<meta property=\"article:publisher\" content=\"https:\/\/www.facebook.com\/bottapackaging\/\" \/>\n<meta property=\"article:modified_time\" content=\"2025-05-15T06:58:51+00:00\" \/>\n<meta property=\"og:image\" content=\"https:\/\/www.botta.it\/wp-content\/uploads\/2022\/07\/Eco-corner-protector-mashed-paper.png\" \/>\n\t<meta property=\"og:image:width\" content=\"1024\" \/>\n\t<meta property=\"og:image:height\" content=\"1024\" \/>\n\t<meta property=\"og:image:type\" content=\"image\/png\" \/>\n<meta name=\"twitter:card\" content=\"summary_large_image\" \/>\n<meta name=\"twitter:site\" content=\"@botta_box\" \/>\n<script type=\"application\/ld+json\" class=\"yoast-schema-graph\">{\"@context\":\"https:\/\/schema.org\",\"@graph\":[{\"@type\":\"WebPage\",\"@id\":\"https:\/\/www.botta.it\/de\/eco-produkte\/eco-inner-packaging\/eco-angolari\/eco-eckenschutz-mashed-paper\/\",\"url\":\"https:\/\/www.botta.it\/de\/eco-produkte\/eco-inner-packaging\/eco-angolari\/eco-eckenschutz-mashed-paper\/\",\"name\":\"BOTTA PACKAGING \u00bb eco-packaging solutions - Eco-Eckenschutz Mashed Paper\",\"isPartOf\":{\"@id\":\"https:\/\/www.botta.it\/#website\"},\"datePublished\":\"2022-07-11T21:04:41+00:00\",\"dateModified\":\"2025-05-15T06:58:51+00:00\",\"breadcrumb\":{\"@id\":\"https:\/\/www.botta.it\/de\/eco-produkte\/eco-inner-packaging\/eco-angolari\/eco-eckenschutz-mashed-paper\/#breadcrumb\"},\"inLanguage\":\"de\",\"potentialAction\":[{\"@type\":\"ReadAction\",\"target\":[\"https:\/\/www.botta.it\/de\/eco-produkte\/eco-inner-packaging\/eco-angolari\/eco-eckenschutz-mashed-paper\/\"]}]},{\"@type\":\"BreadcrumbList\",\"@id\":\"https:\/\/www.botta.it\/de\/eco-produkte\/eco-inner-packaging\/eco-angolari\/eco-eckenschutz-mashed-paper\/#breadcrumb\",\"itemListElement\":[{\"@type\":\"ListItem\",\"position\":1,\"name\":\"Home\",\"item\":\"https:\/\/www.botta.it\/\"},{\"@type\":\"ListItem\",\"position\":2,\"name\":\"Prodotti\",\"item\":\"https:\/\/www.botta.it\/shop\/\"},{\"@type\":\"ListItem\",\"position\":3,\"name\":\"ECO-PRODUKTE\",\"item\":\"https:\/\/www.botta.it\/de\/eco-produkte\/\"},{\"@type\":\"ListItem\",\"position\":4,\"name\":\"ECO-INNER PACKAGING\",\"item\":\"https:\/\/www.botta.it\/de\/eco-produkte\/eco-inner-packaging\/\"},{\"@type\":\"ListItem\",\"position\":5,\"name\":\"ECO-ANGOLARI\",\"item\":\"https:\/\/www.botta.it\/de\/eco-produkte\/eco-inner-packaging\/eco-angolari\/\"},{\"@type\":\"ListItem\",\"position\":6,\"name\":\"Eco-Eckenschutz Mashed Paper\"}]},{\"@type\":\"WebSite\",\"@id\":\"https:\/\/www.botta.it\/#website\",\"url\":\"https:\/\/www.botta.it\/\",\"name\":\"BOTTA PACKAGING \u00bb eco-packaging solutions\",\"description\":\"\u00d6kologische verpackungsl\u00f6sungen, wellpappe liefert, kartons, umschl\u00e4ge, airbags.\",\"publisher\":{\"@id\":\"https:\/\/www.botta.it\/#organization\"},\"potentialAction\":[{\"@type\":\"SearchAction\",\"target\":{\"@type\":\"EntryPoint\",\"urlTemplate\":\"https:\/\/www.botta.it\/?s={search_term_string}\"},\"query-input\":\"required name=search_term_string\"}],\"inLanguage\":\"de\"},{\"@type\":\"Organization\",\"@id\":\"https:\/\/www.botta.it\/#organization\",\"name\":\"BOTTA EcoPackaging\",\"url\":\"https:\/\/www.botta.it\/\",\"logo\":{\"@type\":\"ImageObject\",\"inLanguage\":\"de\",\"@id\":\"https:\/\/www.botta.it\/#\/schema\/logo\/image\/\",\"url\":\"https:\/\/www.botta.it\/wp-content\/uploads\/2021\/12\/Logo-RGB.png\",\"contentUrl\":\"https:\/\/www.botta.it\/wp-content\/uploads\/2021\/12\/Logo-RGB.png\",\"width\":1600,\"height\":1043,\"caption\":\"BOTTA EcoPackaging\"},\"image\":{\"@id\":\"https:\/\/www.botta.it\/#\/schema\/logo\/image\/\"},\"sameAs\":[\"https:\/\/www.facebook.com\/bottapackaging\/\",\"https:\/\/twitter.com\/botta_box\",\"https:\/\/www.instagram.com\/botta_box\/\",\"https:\/\/it.linkedin.com\/company\/botta-ecopackaging\",\"https:\/\/www.youtube.com\/channel\/UCLhT-tw_FsukJfrKi73c48Q\"]}]}<\/script>\n<!-- \/ Yoast SEO Premium plugin. -->","yoast_head_json":{"title":"BOTTA PACKAGING \u00bb eco-packaging solutions - Eco-Eckenschutz Mashed Paper","robots":{"index":"index","follow":"follow","max-snippet":"max-snippet:-1","max-image-preview":"max-image-preview:large","max-video-preview":"max-video-preview:-1"},"canonical":"https:\/\/www.botta.it\/de\/eco-produkte\/eco-inner-packaging\/eco-angolari\/eco-eckenschutz-mashed-paper\/","og_locale":"de_DE","og_type":"article","og_title":"Eco-Eckenschutz Mashed Paper","og_description":"Wir stellen das Eco Corner Protector Mashed Paper vor: die umweltfreundliche L\u00f6sung f\u00fcr hervorragenden Produktschutz. Mit seinem vollst\u00e4ndig geformten Steg und seiner hohen Flexibilit\u00e4t bietet es einen besseren Schutz f\u00fcr Ecken und erh\u00f6ht die Stabilit\u00e4t der Ladung. Entscheiden Sie sich f\u00fcr Nachhaltigkeit und Qualit\u00e4t mit Eco Corner Protector Mashed Paper.  Hauptmerkmale und Vorteile:   100% recycelbar  Nachhaltig: Hergestellt aus Altpapier, das zur Schonung der nat\u00fcrlichen Ressourcen beitr\u00e4gt.\u00a0  Belastbar und regenerierbar: Bleibt intakt und kehrt auch nach St\u00fcrzen auf scharfe Kanten schnell wieder in den Ausgangszustand zur\u00fcck.  Kosteng\u00fcnstig: Das geringe Gewicht reduziert die Versandkosten.\u00a0  Praktisch: L\u00e4sst sich leicht anbringen und passt sich den Produktecken an.\u00a0  Effizient: Zeitersparnis bei der Anwendung.\u00a0  Sch\u00fctzend: Starke Struktur mit Sto\u00dfd\u00e4mpfungseigenschaften, die einen besseren Schutz f\u00fcr die Ecken Ihrer Produkte bietet.\u00a0  Flexibel: Leicht zu handhaben und hochflexibel.","og_url":"https:\/\/www.botta.it\/de\/eco-produkte\/eco-inner-packaging\/eco-angolari\/eco-eckenschutz-mashed-paper\/","og_site_name":"BOTTA PACKAGING \u00bb eco-packaging solutions","article_publisher":"https:\/\/www.facebook.com\/bottapackaging\/","article_modified_time":"2025-05-15T06:58:51+00:00","og_image":[{"width":1024,"height":1024,"url":"https:\/\/www.botta.it\/wp-content\/uploads\/2022\/07\/Eco-corner-protector-mashed-paper.png","type":"image\/png"}],"twitter_card":"summary_large_image","twitter_site":"@botta_box","schema":{"@context":"https:\/\/schema.org","@graph":[{"@type":"WebPage","@id":"https:\/\/www.botta.it\/de\/eco-produkte\/eco-inner-packaging\/eco-angolari\/eco-eckenschutz-mashed-paper\/","url":"https:\/\/www.botta.it\/de\/eco-produkte\/eco-inner-packaging\/eco-angolari\/eco-eckenschutz-mashed-paper\/","name":"BOTTA PACKAGING \u00bb eco-packaging solutions - Eco-Eckenschutz Mashed Paper","isPartOf":{"@id":"https:\/\/www.botta.it\/#website"},"datePublished":"2022-07-11T21:04:41+00:00","dateModified":"2025-05-15T06:58:51+00:00","breadcrumb":{"@id":"https:\/\/www.botta.it\/de\/eco-produkte\/eco-inner-packaging\/eco-angolari\/eco-eckenschutz-mashed-paper\/#breadcrumb"},"inLanguage":"de","potentialAction":[{"@type":"ReadAction","target":["https:\/\/www.botta.it\/de\/eco-produkte\/eco-inner-packaging\/eco-angolari\/eco-eckenschutz-mashed-paper\/"]}]},{"@type":"BreadcrumbList","@id":"https:\/\/www.botta.it\/de\/eco-produkte\/eco-inner-packaging\/eco-angolari\/eco-eckenschutz-mashed-paper\/#breadcrumb","itemListElement":[{"@type":"ListItem","position":1,"name":"Home","item":"https:\/\/www.botta.it\/"},{"@type":"ListItem","position":2,"name":"Prodotti","item":"https:\/\/www.botta.it\/shop\/"},{"@type":"ListItem","position":3,"name":"ECO-PRODUKTE","item":"https:\/\/www.botta.it\/de\/eco-produkte\/"},{"@type":"ListItem","position":4,"name":"ECO-INNER PACKAGING","item":"https:\/\/www.botta.it\/de\/eco-produkte\/eco-inner-packaging\/"},{"@type":"ListItem","position":5,"name":"ECO-ANGOLARI","item":"https:\/\/www.botta.it\/de\/eco-produkte\/eco-inner-packaging\/eco-angolari\/"},{"@type":"ListItem","position":6,"name":"Eco-Eckenschutz Mashed Paper"}]},{"@type":"WebSite","@id":"https:\/\/www.botta.it\/#website","url":"https:\/\/www.botta.it\/","name":"BOTTA PACKAGING \u00bb eco-packaging solutions","description":"\u00d6kologische verpackungsl\u00f6sungen, wellpappe liefert, kartons, umschl\u00e4ge, airbags.","publisher":{"@id":"https:\/\/www.botta.it\/#organization"},"potentialAction":[{"@type":"SearchAction","target":{"@type":"EntryPoint","urlTemplate":"https:\/\/www.botta.it\/?s={search_term_string}"},"query-input":"required name=search_term_string"}],"inLanguage":"de"},{"@type":"Organization","@id":"https:\/\/www.botta.it\/#organization","name":"BOTTA EcoPackaging","url":"https:\/\/www.botta.it\/","logo":{"@type":"ImageObject","inLanguage":"de","@id":"https:\/\/www.botta.it\/#\/schema\/logo\/image\/","url":"https:\/\/www.botta.it\/wp-content\/uploads\/2021\/12\/Logo-RGB.png","contentUrl":"https:\/\/www.botta.it\/wp-content\/uploads\/2021\/12\/Logo-RGB.png","width":1600,"height":1043,"caption":"BOTTA EcoPackaging"},"image":{"@id":"https:\/\/www.botta.it\/#\/schema\/logo\/image\/"},"sameAs":["https:\/\/www.facebook.com\/bottapackaging\/","https:\/\/twitter.com\/botta_box","https:\/\/www.instagram.com\/botta_box\/","https:\/\/it.linkedin.com\/company\/botta-ecopackaging","https:\/\/www.youtube.com\/channel\/UCLhT-tw_FsukJfrKi73c48Q"]}]}},"_links":{"self":[{"href":"https:\/\/www.botta.it\/de\/wp-json\/wp\/v2\/product\/16402"}],"collection":[{"href":"https:\/\/www.botta.it\/de\/wp-json\/wp\/v2\/product"}],"about":[{"href":"https:\/\/www.botta.it\/de\/wp-json\/wp\/v2\/types\/product"}],"version-history":[{"count":4,"href":"https:\/\/www.botta.it\/de\/wp-json\/wp\/v2\/product\/16402\/revisions"}],"predecessor-version":[{"id":26904,"href":"https:\/\/www.botta.it\/de\/wp-json\/wp\/v2\/product\/16402\/revisions\/26904"}],"wp:featuredmedia":[{"embeddable":true,"href":"https:\/\/www.botta.it\/de\/wp-json\/wp\/v2\/media\/26900"}],"wp:attachment":[{"href":"https:\/\/www.botta.it\/de\/wp-json\/wp\/v2\/media?parent=16402"}],"wp:term":[{"taxonomy":"product_cat","embeddable":true,"href":"https:\/\/www.botta.it\/de\/wp-json\/wp\/v2\/product_cat?post=16402"},{"taxonomy":"product_tag","embeddable":true,"href":"https:\/\/www.botta.it\/de\/wp-json\/wp\/v2\/product_tag?post=16402"}],"curies":[{"name":"wp","href":"https:\/\/api.w.org\/{rel}","templated":true}]}}