{"id":15594,"date":"2022-03-21T11:34:22","date_gmt":"2022-03-21T10:34:22","guid":{"rendered":"https:\/\/www.botta.it\/prodotto\/unkategorisiert\/eco-vassoio-per-alimenti\/"},"modified":"2025-05-14T17:58:09","modified_gmt":"2025-05-14T15:58:09","slug":"eco-tablett-fur-lebensmittel","status":"publish","type":"product","link":"https:\/\/www.botta.it\/de\/eco-produkte\/eco-food-packaging\/eco-tablett-fur-lebensmittel\/","title":{"rendered":"ECO-TABLETT F\u00dcR LEBENSMITTEL"},"content":{"rendered":"<h6>Wichtigste Vorteile:<\/h6>\n<p>\u2022 <em><strong>Eco-Tablett f\u00fcr Lebensmittel<\/strong> <\/em>besteht aus reiner Zellulose<\/p>\n<p>\u2022 Geeignet f\u00fcr Lebensmittelkontakt, hat einen atmungsaktiven Boden und wasserabweisende und \u00f6labweisende Eigenschaften, was es zu einem Produkt mit hervorragender Leistung macht.<br \/>\n\u2022 Entwickelt, um Lebensmittel f\u00fcr den Einzelhandel und GDO zu speichern.<\/p>\n<p>\u2022 Robuste Struktur, ideal f\u00fcr den Transport<br \/>\n\u2022 Wiederverwertbar in Papier<br \/>\n\u2022 Erh\u00e4ltlich in verschiedenen Standardformaten und in verschiedenen Grammaturen<br \/>\n\u2022 M\u00f6glichkeit der Anpassung<\/p>\n","protected":false},"excerpt":{"rendered":"<p><span style=\"font-weight: 400;\">Wir stellen vor: Eco-Tray Bakery &#8211; die perfekte umweltfreundliche L\u00f6sung, um sowohl Ihre Lebensmittel als auch die Umwelt zu sch\u00fctzen!\u00a0\u00a0\u00a0<\/span><\/p>\n<p><span style=\"font-weight: 400;\">Die wichtigsten Vorteile und Eigenschaften:\u00a0<\/span><\/p>\n<ul>\n<li style=\"list-style-type: none;\">\n<ul>\n<li style=\"font-weight: 400;\"><b>Material:<\/b><span style=\"font-weight: 400;\"> reine Zellulose.<\/span><\/li>\n<li style=\"font-weight: 400;\"><b>Umweltfreundlich: <\/b><span style=\"font-weight: 400;\">Biologisch abbaubar und in Papier recycelbar.\u00a0<\/span><\/li>\n<li style=\"font-weight: 400;\"><b>Verwendbar:<\/b><span style=\"font-weight: 400;\"> f\u00fcr die Aufbewahrung von Lebensmitteln in Einzelhandelsgesch\u00e4ften und GDO.<\/span><\/li>\n<li style=\"font-weight: 400;\"><b>Sicher:<\/b><span style=\"font-weight: 400;\"> Zugelassen f\u00fcr den direkten Kontakt mit Lebensmitteln\u00a0<\/span><\/li>\n<li style=\"font-weight: 400;\"><b>Effizient:<\/b><span style=\"font-weight: 400;\"> Hervorragende Leistung mit atmungsaktiver Basis, wasserabweisend und \u00f6labweisend.\u00a0<\/span><\/li>\n<li style=\"font-weight: 400;\"><b>Anpassbar\u00a0<\/b><\/li>\n<li style=\"font-weight: 400;\"><b>Erh\u00e4ltlich in verschiedenen Gr\u00f6\u00dfen und Gewichten: <\/b><span style=\"font-weight: 400;\">Kontaktieren Sie uns, um mehr zu erfahren.<\/span><\/li>\n<li style=\"font-weight: 400;\"><b style=\"font-style: inherit;\">Unverw\u00fcstlich:<\/b><span style=\"font-weight: 400;\"> Stabile Struktur, ideal f\u00fcr den Transport.<\/span><\/li>\n<\/ul>\n<\/li>\n<\/ul>\n","protected":false},"featured_media":26886,"template":"","meta":{"om_disable_all_campaigns":false,"_monsterinsights_skip_tracking":false,"_monsterinsights_sitenote_active":false,"_monsterinsights_sitenote_note":"","_monsterinsights_sitenote_category":0,"site-sidebar-layout":"default","site-content-layout":"default","ast-global-header-display":"","ast-banner-title-visibility":"","ast-main-header-display":"","ast-hfb-above-header-display":"","ast-hfb-below-header-display":"","ast-hfb-mobile-header-display":"","site-post-title":"","ast-breadcrumbs-content":"","ast-featured-img":"","footer-sml-layout":"","theme-transparent-header-meta":"default","adv-header-id-meta":"","stick-header-meta":"","header-above-stick-meta":"","header-main-stick-meta":"","header-below-stick-meta":""},"product_cat":[5307],"product_tag":[],"aioseo_notices":[],"yoast_head":"<!-- This site is optimized with the Yoast SEO Premium plugin v19.2.1 (Yoast SEO v21.9.1) - https:\/\/yoast.com\/wordpress\/plugins\/seo\/ -->\n<title>BOTTA PACKAGING \u00bb eco-verpackungsl\u00f6sungen - ECO-TABLETT F\u00dcR LEBENSMITTEL<\/title>\n<meta name=\"description\" content=\"Eco-Tablett f\u00fcr Lebensmittel aus \u00d6kologischem Papier ist die umweltfreundliche L\u00f6sung f\u00fcr die Aufbewahrung von Lebensmitteln.\" \/>\n<meta name=\"robots\" content=\"index, follow, max-snippet:-1, max-image-preview:large, max-video-preview:-1\" \/>\n<link rel=\"canonical\" href=\"https:\/\/www.botta.it\/de\/eco-produkte\/eco-food-packaging\/eco-tablett-fur-lebensmittel\/\" \/>\n<meta property=\"og:locale\" content=\"de_DE\" \/>\n<meta property=\"og:type\" content=\"article\" \/>\n<meta property=\"og:title\" content=\"ECO-TABLETT F\u00dcR LEBENSMITTEL\" \/>\n<meta property=\"og:description\" content=\"Eco-Tablett f\u00fcr Lebensmittel aus \u00d6kologischem Papier ist die umweltfreundliche L\u00f6sung f\u00fcr die Aufbewahrung von Lebensmitteln.\" \/>\n<meta property=\"og:url\" content=\"https:\/\/www.botta.it\/de\/eco-produkte\/eco-food-packaging\/eco-tablett-fur-lebensmittel\/\" \/>\n<meta property=\"og:site_name\" content=\"BOTTA PACKAGING \u00bb eco-verpackungsl\u00f6sungen\" \/>\n<meta property=\"article:publisher\" content=\"https:\/\/www.facebook.com\/bottapackaging\/\" \/>\n<meta property=\"article:modified_time\" content=\"2025-05-14T15:58:09+00:00\" \/>\n<meta property=\"og:image\" content=\"https:\/\/www.botta.it\/wp-content\/uploads\/2022\/03\/Eco-bakery-tray.png\" \/>\n\t<meta property=\"og:image:width\" content=\"1024\" \/>\n\t<meta property=\"og:image:height\" content=\"1024\" \/>\n\t<meta property=\"og:image:type\" content=\"image\/png\" \/>\n<meta name=\"twitter:card\" content=\"summary_large_image\" \/>\n<meta name=\"twitter:site\" content=\"@botta_box\" \/>\n<script type=\"application\/ld+json\" class=\"yoast-schema-graph\">{\"@context\":\"https:\/\/schema.org\",\"@graph\":[{\"@type\":\"WebPage\",\"@id\":\"https:\/\/www.botta.it\/de\/eco-produkte\/eco-food-packaging\/eco-tablett-fur-lebensmittel\/\",\"url\":\"https:\/\/www.botta.it\/de\/eco-produkte\/eco-food-packaging\/eco-tablett-fur-lebensmittel\/\",\"name\":\"BOTTA PACKAGING \u00bb eco-verpackungsl\u00f6sungen - ECO-TABLETT F\u00dcR LEBENSMITTEL\",\"isPartOf\":{\"@id\":\"https:\/\/www.botta.it\/#website\"},\"datePublished\":\"2022-03-21T10:34:22+00:00\",\"dateModified\":\"2025-05-14T15:58:09+00:00\",\"description\":\"Eco-Tablett f\u00fcr Lebensmittel aus \u00d6kologischem Papier ist die umweltfreundliche L\u00f6sung f\u00fcr die Aufbewahrung von Lebensmitteln.\",\"breadcrumb\":{\"@id\":\"https:\/\/www.botta.it\/de\/eco-produkte\/eco-food-packaging\/eco-tablett-fur-lebensmittel\/#breadcrumb\"},\"inLanguage\":\"de\",\"potentialAction\":[{\"@type\":\"ReadAction\",\"target\":[\"https:\/\/www.botta.it\/de\/eco-produkte\/eco-food-packaging\/eco-tablett-fur-lebensmittel\/\"]}]},{\"@type\":\"BreadcrumbList\",\"@id\":\"https:\/\/www.botta.it\/de\/eco-produkte\/eco-food-packaging\/eco-tablett-fur-lebensmittel\/#breadcrumb\",\"itemListElement\":[{\"@type\":\"ListItem\",\"position\":1,\"name\":\"Home\",\"item\":\"https:\/\/www.botta.it\/\"},{\"@type\":\"ListItem\",\"position\":2,\"name\":\"Prodotti\",\"item\":\"https:\/\/www.botta.it\/shop\/\"},{\"@type\":\"ListItem\",\"position\":3,\"name\":\"ECO-PRODUKTE\",\"item\":\"https:\/\/www.botta.it\/de\/eco-produkte\/\"},{\"@type\":\"ListItem\",\"position\":4,\"name\":\"ECO-FOOD PACKAGING\",\"item\":\"https:\/\/www.botta.it\/de\/eco-produkte\/eco-food-packaging\/\"},{\"@type\":\"ListItem\",\"position\":5,\"name\":\"ECO-TABLETT F\u00dcR LEBENSMITTEL\"}]},{\"@type\":\"WebSite\",\"@id\":\"https:\/\/www.botta.it\/#website\",\"url\":\"https:\/\/www.botta.it\/\",\"name\":\"BOTTA PACKAGING \u00bb eco-verpackungsl\u00f6sungen\",\"description\":\"\u00d6kologische verpackungsl\u00f6sungen, wellpappe liefert, kartons, umschl\u00e4ge, airbags.\",\"publisher\":{\"@id\":\"https:\/\/www.botta.it\/#organization\"},\"potentialAction\":[{\"@type\":\"SearchAction\",\"target\":{\"@type\":\"EntryPoint\",\"urlTemplate\":\"https:\/\/www.botta.it\/?s={search_term_string}\"},\"query-input\":\"required name=search_term_string\"}],\"inLanguage\":\"de\"},{\"@type\":\"Organization\",\"@id\":\"https:\/\/www.botta.it\/#organization\",\"name\":\"BOTTA EcoPackaging\",\"url\":\"https:\/\/www.botta.it\/\",\"logo\":{\"@type\":\"ImageObject\",\"inLanguage\":\"de\",\"@id\":\"https:\/\/www.botta.it\/#\/schema\/logo\/image\/\",\"url\":\"https:\/\/www.botta.it\/wp-content\/uploads\/2021\/12\/Logo-RGB.png\",\"contentUrl\":\"https:\/\/www.botta.it\/wp-content\/uploads\/2021\/12\/Logo-RGB.png\",\"width\":1600,\"height\":1043,\"caption\":\"BOTTA EcoPackaging\"},\"image\":{\"@id\":\"https:\/\/www.botta.it\/#\/schema\/logo\/image\/\"},\"sameAs\":[\"https:\/\/www.facebook.com\/bottapackaging\/\",\"https:\/\/twitter.com\/botta_box\",\"https:\/\/www.instagram.com\/botta_box\/\",\"https:\/\/it.linkedin.com\/company\/botta-ecopackaging\",\"https:\/\/www.youtube.com\/channel\/UCLhT-tw_FsukJfrKi73c48Q\"]}]}<\/script>\n<!-- \/ Yoast SEO Premium plugin. -->","yoast_head_json":{"title":"BOTTA PACKAGING \u00bb eco-verpackungsl\u00f6sungen - ECO-TABLETT F\u00dcR LEBENSMITTEL","description":"Eco-Tablett f\u00fcr Lebensmittel aus \u00d6kologischem Papier ist die umweltfreundliche L\u00f6sung f\u00fcr die Aufbewahrung von Lebensmitteln.","robots":{"index":"index","follow":"follow","max-snippet":"max-snippet:-1","max-image-preview":"max-image-preview:large","max-video-preview":"max-video-preview:-1"},"canonical":"https:\/\/www.botta.it\/de\/eco-produkte\/eco-food-packaging\/eco-tablett-fur-lebensmittel\/","og_locale":"de_DE","og_type":"article","og_title":"ECO-TABLETT F\u00dcR LEBENSMITTEL","og_description":"Eco-Tablett f\u00fcr Lebensmittel aus \u00d6kologischem Papier ist die umweltfreundliche L\u00f6sung f\u00fcr die Aufbewahrung von Lebensmitteln.","og_url":"https:\/\/www.botta.it\/de\/eco-produkte\/eco-food-packaging\/eco-tablett-fur-lebensmittel\/","og_site_name":"BOTTA PACKAGING \u00bb eco-verpackungsl\u00f6sungen","article_publisher":"https:\/\/www.facebook.com\/bottapackaging\/","article_modified_time":"2025-05-14T15:58:09+00:00","og_image":[{"width":1024,"height":1024,"url":"https:\/\/www.botta.it\/wp-content\/uploads\/2022\/03\/Eco-bakery-tray.png","type":"image\/png"}],"twitter_card":"summary_large_image","twitter_site":"@botta_box","schema":{"@context":"https:\/\/schema.org","@graph":[{"@type":"WebPage","@id":"https:\/\/www.botta.it\/de\/eco-produkte\/eco-food-packaging\/eco-tablett-fur-lebensmittel\/","url":"https:\/\/www.botta.it\/de\/eco-produkte\/eco-food-packaging\/eco-tablett-fur-lebensmittel\/","name":"BOTTA PACKAGING \u00bb eco-verpackungsl\u00f6sungen - ECO-TABLETT F\u00dcR LEBENSMITTEL","isPartOf":{"@id":"https:\/\/www.botta.it\/#website"},"datePublished":"2022-03-21T10:34:22+00:00","dateModified":"2025-05-14T15:58:09+00:00","description":"Eco-Tablett f\u00fcr Lebensmittel aus \u00d6kologischem Papier ist die umweltfreundliche L\u00f6sung f\u00fcr die Aufbewahrung von Lebensmitteln.","breadcrumb":{"@id":"https:\/\/www.botta.it\/de\/eco-produkte\/eco-food-packaging\/eco-tablett-fur-lebensmittel\/#breadcrumb"},"inLanguage":"de","potentialAction":[{"@type":"ReadAction","target":["https:\/\/www.botta.it\/de\/eco-produkte\/eco-food-packaging\/eco-tablett-fur-lebensmittel\/"]}]},{"@type":"BreadcrumbList","@id":"https:\/\/www.botta.it\/de\/eco-produkte\/eco-food-packaging\/eco-tablett-fur-lebensmittel\/#breadcrumb","itemListElement":[{"@type":"ListItem","position":1,"name":"Home","item":"https:\/\/www.botta.it\/"},{"@type":"ListItem","position":2,"name":"Prodotti","item":"https:\/\/www.botta.it\/shop\/"},{"@type":"ListItem","position":3,"name":"ECO-PRODUKTE","item":"https:\/\/www.botta.it\/de\/eco-produkte\/"},{"@type":"ListItem","position":4,"name":"ECO-FOOD PACKAGING","item":"https:\/\/www.botta.it\/de\/eco-produkte\/eco-food-packaging\/"},{"@type":"ListItem","position":5,"name":"ECO-TABLETT F\u00dcR LEBENSMITTEL"}]},{"@type":"WebSite","@id":"https:\/\/www.botta.it\/#website","url":"https:\/\/www.botta.it\/","name":"BOTTA PACKAGING \u00bb eco-verpackungsl\u00f6sungen","description":"\u00d6kologische verpackungsl\u00f6sungen, wellpappe liefert, kartons, umschl\u00e4ge, airbags.","publisher":{"@id":"https:\/\/www.botta.it\/#organization"},"potentialAction":[{"@type":"SearchAction","target":{"@type":"EntryPoint","urlTemplate":"https:\/\/www.botta.it\/?s={search_term_string}"},"query-input":"required name=search_term_string"}],"inLanguage":"de"},{"@type":"Organization","@id":"https:\/\/www.botta.it\/#organization","name":"BOTTA EcoPackaging","url":"https:\/\/www.botta.it\/","logo":{"@type":"ImageObject","inLanguage":"de","@id":"https:\/\/www.botta.it\/#\/schema\/logo\/image\/","url":"https:\/\/www.botta.it\/wp-content\/uploads\/2021\/12\/Logo-RGB.png","contentUrl":"https:\/\/www.botta.it\/wp-content\/uploads\/2021\/12\/Logo-RGB.png","width":1600,"height":1043,"caption":"BOTTA EcoPackaging"},"image":{"@id":"https:\/\/www.botta.it\/#\/schema\/logo\/image\/"},"sameAs":["https:\/\/www.facebook.com\/bottapackaging\/","https:\/\/twitter.com\/botta_box","https:\/\/www.instagram.com\/botta_box\/","https:\/\/it.linkedin.com\/company\/botta-ecopackaging","https:\/\/www.youtube.com\/channel\/UCLhT-tw_FsukJfrKi73c48Q"]}]}},"_links":{"self":[{"href":"https:\/\/www.botta.it\/de\/wp-json\/wp\/v2\/product\/15594"}],"collection":[{"href":"https:\/\/www.botta.it\/de\/wp-json\/wp\/v2\/product"}],"about":[{"href":"https:\/\/www.botta.it\/de\/wp-json\/wp\/v2\/types\/product"}],"version-history":[{"count":5,"href":"https:\/\/www.botta.it\/de\/wp-json\/wp\/v2\/product\/15594\/revisions"}],"predecessor-version":[{"id":26890,"href":"https:\/\/www.botta.it\/de\/wp-json\/wp\/v2\/product\/15594\/revisions\/26890"}],"wp:featuredmedia":[{"embeddable":true,"href":"https:\/\/www.botta.it\/de\/wp-json\/wp\/v2\/media\/26886"}],"wp:attachment":[{"href":"https:\/\/www.botta.it\/de\/wp-json\/wp\/v2\/media?parent=15594"}],"wp:term":[{"taxonomy":"product_cat","embeddable":true,"href":"https:\/\/www.botta.it\/de\/wp-json\/wp\/v2\/product_cat?post=15594"},{"taxonomy":"product_tag","embeddable":true,"href":"https:\/\/www.botta.it\/de\/wp-json\/wp\/v2\/product_tag?post=15594"}],"curies":[{"name":"wp","href":"https:\/\/api.w.org\/{rel}","templated":true}]}}