{"id":15485,"date":"2022-02-03T12:35:43","date_gmt":"2022-02-03T11:35:43","guid":{"rendered":"https:\/\/www.botta.it\/prodotto\/unkategorisiert\/ecopalletavoider\/"},"modified":"2025-05-19T14:50:23","modified_gmt":"2025-05-19T12:50:23","slug":"ecopalletavoider","status":"publish","type":"product","link":"https:\/\/www.botta.it\/de\/eco-produkte\/eco-palletisation-accessories\/ecopalletavoider\/","title":{"rendered":"EcoPalletAvoider"},"content":{"rendered":"<p><span style=\"font-weight: 400;\">Mit dem EcoPalletAvoider k\u00f6nnen Sie Ihre Produkte direkt auf unseren stabilen Zwischenlagen aus Karton palettieren und so deren sichere Handhabung und Transport gew\u00e4hrleisten. Es gen\u00fcgt, Ihren Gabelstapler f\u00fcr die Handhabung von EcoPalletAvoider auszur\u00fcsten!<\/span><\/p>\n<p><span style=\"font-weight: 400;\">Unser komplettes Sortiment an Zwischenlagen eignet sich f\u00fcr alle Arten der Beladung, f\u00fcr verschiedene Gewichte und Arten von Kartons oder Beh\u00e4ltern, die Sie verwenden. EcoPalletAvoider ist die \u00f6kologische Alternative, auf die Sie gewartet haben. Sie macht Holzpaletten \u00fcberfl\u00fcssig und maximiert gleichzeitig Ihre Transportkosten und die Effizienz Ihrer Lagerung. Dank ihres geringen Gewichts und ihrer platzsparenden Abmessungen werden die EcoPalletAvoider Ihren Versandprozess revolutionieren. Dar\u00fcber hinaus ist EcoPalletAvoider feuchtigkeitsabweisend, so dass die Unversehrtheit der Produkte auch nach dem Seetransport im Container gew\u00e4hrleistet ist.<\/span><\/p>\n<p><span style=\"font-weight: 400;\">Erleben Sie die Zukunft des Versands mit EcoPalletAvoider &#8211; die intelligente, effiziente und umweltbewusste Wahl f\u00fcr Ihr Unternehmen.<\/span><\/p>\n","protected":false},"excerpt":{"rendered":"<p><b>Wir stellen vor: EcoPalletAvoider: Revolutionieren Sie Ihre Versand-Effizienz!<\/b><\/p>\n<p><span style=\"font-weight: 400;\">Die wichtigsten Vorteile und Eigenschaften:\u00a0<\/span><\/p>\n<ul>\n<li style=\"font-weight: 400;\"><b>Umweltfreundlich und recycelbar:<\/b><span style=\"font-weight: 400;\"> Hergestellt aus Karton.<\/span><\/li>\n<li style=\"font-weight: 400;\"><b>Niedrigere Transportkosten:<\/b><span style=\"font-weight: 400;\"> Optimieren Sie Ihre Transportkosten.<\/span><\/li>\n<li style=\"font-weight: 400;\"><b>Erh\u00f6hen Sie das Ladevolumen:<\/b><span style=\"font-weight: 400;\"> Maximieren Sie die Raumausnutzung.<\/span><\/li>\n<li style=\"font-weight: 400;\"><b>Vermeiden Sie traditionelle Holzpaletten:<\/b><span style=\"font-weight: 400;\"> Entscheiden Sie sich f\u00fcr eine intelligentere Alternative.<\/span><\/li>\n<li style=\"font-weight: 400;\"><b>Anpassbare Optionen:<\/b><span style=\"font-weight: 400;\"> Ma\u00dfgeschneidert f\u00fcr Ihre Einrichtungen.<\/span><\/li>\n<li style=\"font-weight: 400;\"><b style=\"font-style: inherit;\">Rutschfeste Beschichtungen und wasserfeste Behandlung verf\u00fcgbar:<\/b><span style=\"font-weight: 400;\"> Garantiert verbesserter Schutz.<\/span><\/li>\n<\/ul>\n","protected":false},"featured_media":27171,"template":"","meta":{"om_disable_all_campaigns":false,"_monsterinsights_skip_tracking":false,"_monsterinsights_sitenote_active":false,"_monsterinsights_sitenote_note":"","_monsterinsights_sitenote_category":0,"site-sidebar-layout":"default","site-content-layout":"default","ast-global-header-display":"","ast-banner-title-visibility":"","ast-main-header-display":"","ast-hfb-above-header-display":"","ast-hfb-below-header-display":"","ast-hfb-mobile-header-display":"","site-post-title":"","ast-breadcrumbs-content":"","ast-featured-img":"","footer-sml-layout":"","theme-transparent-header-meta":"default","adv-header-id-meta":"","stick-header-meta":"","header-above-stick-meta":"","header-main-stick-meta":"","header-below-stick-meta":""},"product_cat":[5310],"product_tag":[],"aioseo_notices":[],"yoast_head":"<!-- This site is optimized with the Yoast SEO Premium plugin v19.2.1 (Yoast SEO v21.9.1) - https:\/\/yoast.com\/wordpress\/plugins\/seo\/ -->\n<title>BOTTA PACKAGING \u00bb eco-packaging solutions - EcoPalletAvoider<\/title>\n<meta name=\"description\" content=\"EcoPalletAvoider \u00e8 uno slip-sheet realizzato in cartone, un&#039;alternativa ecologica ai pallet in legno senza compromessi.\" \/>\n<meta name=\"robots\" content=\"index, follow, max-snippet:-1, max-image-preview:large, max-video-preview:-1\" \/>\n<link rel=\"canonical\" href=\"https:\/\/www.botta.it\/de\/eco-produkte\/eco-palletisation-accessories\/ecopalletavoider\/\" \/>\n<meta property=\"og:locale\" content=\"de_DE\" \/>\n<meta property=\"og:type\" content=\"article\" \/>\n<meta property=\"og:title\" content=\"EcoPalletAvoider\" \/>\n<meta property=\"og:description\" content=\"EcoPalletAvoider \u00e8 uno slip-sheet realizzato in cartone, un&#039;alternativa ecologica ai pallet in legno senza compromessi.\" \/>\n<meta property=\"og:url\" content=\"https:\/\/www.botta.it\/de\/eco-produkte\/eco-palletisation-accessories\/ecopalletavoider\/\" \/>\n<meta property=\"og:site_name\" content=\"BOTTA PACKAGING \u00bb eco-packaging solutions\" \/>\n<meta property=\"article:publisher\" content=\"https:\/\/www.facebook.com\/bottapackaging\/\" \/>\n<meta property=\"article:modified_time\" content=\"2025-05-19T12:50:23+00:00\" \/>\n<meta property=\"og:image\" content=\"https:\/\/www.botta.it\/wp-content\/uploads\/2022\/02\/anti-pallet.png\" \/>\n\t<meta property=\"og:image:width\" content=\"1080\" \/>\n\t<meta property=\"og:image:height\" content=\"1080\" \/>\n\t<meta property=\"og:image:type\" content=\"image\/png\" \/>\n<meta name=\"twitter:card\" content=\"summary_large_image\" \/>\n<meta name=\"twitter:site\" content=\"@botta_box\" \/>\n<script type=\"application\/ld+json\" class=\"yoast-schema-graph\">{\"@context\":\"https:\/\/schema.org\",\"@graph\":[{\"@type\":\"WebPage\",\"@id\":\"https:\/\/www.botta.it\/de\/eco-produkte\/eco-palletisation-accessories\/ecopalletavoider\/\",\"url\":\"https:\/\/www.botta.it\/de\/eco-produkte\/eco-palletisation-accessories\/ecopalletavoider\/\",\"name\":\"BOTTA PACKAGING \u00bb eco-packaging solutions - EcoPalletAvoider\",\"isPartOf\":{\"@id\":\"https:\/\/www.botta.it\/#website\"},\"datePublished\":\"2022-02-03T11:35:43+00:00\",\"dateModified\":\"2025-05-19T12:50:23+00:00\",\"description\":\"EcoPalletAvoider \u00e8 uno slip-sheet realizzato in cartone, un'alternativa ecologica ai pallet in legno senza compromessi.\",\"breadcrumb\":{\"@id\":\"https:\/\/www.botta.it\/de\/eco-produkte\/eco-palletisation-accessories\/ecopalletavoider\/#breadcrumb\"},\"inLanguage\":\"de\",\"potentialAction\":[{\"@type\":\"ReadAction\",\"target\":[\"https:\/\/www.botta.it\/de\/eco-produkte\/eco-palletisation-accessories\/ecopalletavoider\/\"]}]},{\"@type\":\"BreadcrumbList\",\"@id\":\"https:\/\/www.botta.it\/de\/eco-produkte\/eco-palletisation-accessories\/ecopalletavoider\/#breadcrumb\",\"itemListElement\":[{\"@type\":\"ListItem\",\"position\":1,\"name\":\"Home\",\"item\":\"https:\/\/www.botta.it\/\"},{\"@type\":\"ListItem\",\"position\":2,\"name\":\"Prodotti\",\"item\":\"https:\/\/www.botta.it\/shop\/\"},{\"@type\":\"ListItem\",\"position\":3,\"name\":\"ECO-PRODUKTE\",\"item\":\"https:\/\/www.botta.it\/de\/eco-produkte\/\"},{\"@type\":\"ListItem\",\"position\":4,\"name\":\"ECO-PALLETISATION ACCESSORIES\",\"item\":\"https:\/\/www.botta.it\/de\/eco-produkte\/eco-palletisation-accessories\/\"},{\"@type\":\"ListItem\",\"position\":5,\"name\":\"EcoPalletAvoider\"}]},{\"@type\":\"WebSite\",\"@id\":\"https:\/\/www.botta.it\/#website\",\"url\":\"https:\/\/www.botta.it\/\",\"name\":\"BOTTA PACKAGING \u00bb eco-packaging solutions\",\"description\":\"\u00d6kologische verpackungsl\u00f6sungen, wellpappe liefert, kartons, umschl\u00e4ge, airbags.\",\"publisher\":{\"@id\":\"https:\/\/www.botta.it\/#organization\"},\"potentialAction\":[{\"@type\":\"SearchAction\",\"target\":{\"@type\":\"EntryPoint\",\"urlTemplate\":\"https:\/\/www.botta.it\/?s={search_term_string}\"},\"query-input\":\"required name=search_term_string\"}],\"inLanguage\":\"de\"},{\"@type\":\"Organization\",\"@id\":\"https:\/\/www.botta.it\/#organization\",\"name\":\"BOTTA EcoPackaging\",\"url\":\"https:\/\/www.botta.it\/\",\"logo\":{\"@type\":\"ImageObject\",\"inLanguage\":\"de\",\"@id\":\"https:\/\/www.botta.it\/#\/schema\/logo\/image\/\",\"url\":\"https:\/\/www.botta.it\/wp-content\/uploads\/2021\/12\/Logo-RGB.png\",\"contentUrl\":\"https:\/\/www.botta.it\/wp-content\/uploads\/2021\/12\/Logo-RGB.png\",\"width\":1600,\"height\":1043,\"caption\":\"BOTTA EcoPackaging\"},\"image\":{\"@id\":\"https:\/\/www.botta.it\/#\/schema\/logo\/image\/\"},\"sameAs\":[\"https:\/\/www.facebook.com\/bottapackaging\/\",\"https:\/\/twitter.com\/botta_box\",\"https:\/\/www.instagram.com\/botta_box\/\",\"https:\/\/it.linkedin.com\/company\/botta-ecopackaging\",\"https:\/\/www.youtube.com\/channel\/UCLhT-tw_FsukJfrKi73c48Q\"]}]}<\/script>\n<!-- \/ Yoast SEO Premium plugin. -->","yoast_head_json":{"title":"BOTTA PACKAGING \u00bb eco-packaging solutions - EcoPalletAvoider","description":"EcoPalletAvoider \u00e8 uno slip-sheet realizzato in cartone, un'alternativa ecologica ai pallet in legno senza compromessi.","robots":{"index":"index","follow":"follow","max-snippet":"max-snippet:-1","max-image-preview":"max-image-preview:large","max-video-preview":"max-video-preview:-1"},"canonical":"https:\/\/www.botta.it\/de\/eco-produkte\/eco-palletisation-accessories\/ecopalletavoider\/","og_locale":"de_DE","og_type":"article","og_title":"EcoPalletAvoider","og_description":"EcoPalletAvoider \u00e8 uno slip-sheet realizzato in cartone, un'alternativa ecologica ai pallet in legno senza compromessi.","og_url":"https:\/\/www.botta.it\/de\/eco-produkte\/eco-palletisation-accessories\/ecopalletavoider\/","og_site_name":"BOTTA PACKAGING \u00bb eco-packaging solutions","article_publisher":"https:\/\/www.facebook.com\/bottapackaging\/","article_modified_time":"2025-05-19T12:50:23+00:00","og_image":[{"width":1080,"height":1080,"url":"https:\/\/www.botta.it\/wp-content\/uploads\/2022\/02\/anti-pallet.png","type":"image\/png"}],"twitter_card":"summary_large_image","twitter_site":"@botta_box","schema":{"@context":"https:\/\/schema.org","@graph":[{"@type":"WebPage","@id":"https:\/\/www.botta.it\/de\/eco-produkte\/eco-palletisation-accessories\/ecopalletavoider\/","url":"https:\/\/www.botta.it\/de\/eco-produkte\/eco-palletisation-accessories\/ecopalletavoider\/","name":"BOTTA PACKAGING \u00bb eco-packaging solutions - EcoPalletAvoider","isPartOf":{"@id":"https:\/\/www.botta.it\/#website"},"datePublished":"2022-02-03T11:35:43+00:00","dateModified":"2025-05-19T12:50:23+00:00","description":"EcoPalletAvoider \u00e8 uno slip-sheet realizzato in cartone, un'alternativa ecologica ai pallet in legno senza compromessi.","breadcrumb":{"@id":"https:\/\/www.botta.it\/de\/eco-produkte\/eco-palletisation-accessories\/ecopalletavoider\/#breadcrumb"},"inLanguage":"de","potentialAction":[{"@type":"ReadAction","target":["https:\/\/www.botta.it\/de\/eco-produkte\/eco-palletisation-accessories\/ecopalletavoider\/"]}]},{"@type":"BreadcrumbList","@id":"https:\/\/www.botta.it\/de\/eco-produkte\/eco-palletisation-accessories\/ecopalletavoider\/#breadcrumb","itemListElement":[{"@type":"ListItem","position":1,"name":"Home","item":"https:\/\/www.botta.it\/"},{"@type":"ListItem","position":2,"name":"Prodotti","item":"https:\/\/www.botta.it\/shop\/"},{"@type":"ListItem","position":3,"name":"ECO-PRODUKTE","item":"https:\/\/www.botta.it\/de\/eco-produkte\/"},{"@type":"ListItem","position":4,"name":"ECO-PALLETISATION ACCESSORIES","item":"https:\/\/www.botta.it\/de\/eco-produkte\/eco-palletisation-accessories\/"},{"@type":"ListItem","position":5,"name":"EcoPalletAvoider"}]},{"@type":"WebSite","@id":"https:\/\/www.botta.it\/#website","url":"https:\/\/www.botta.it\/","name":"BOTTA PACKAGING \u00bb eco-packaging solutions","description":"\u00d6kologische verpackungsl\u00f6sungen, wellpappe liefert, kartons, umschl\u00e4ge, airbags.","publisher":{"@id":"https:\/\/www.botta.it\/#organization"},"potentialAction":[{"@type":"SearchAction","target":{"@type":"EntryPoint","urlTemplate":"https:\/\/www.botta.it\/?s={search_term_string}"},"query-input":"required name=search_term_string"}],"inLanguage":"de"},{"@type":"Organization","@id":"https:\/\/www.botta.it\/#organization","name":"BOTTA EcoPackaging","url":"https:\/\/www.botta.it\/","logo":{"@type":"ImageObject","inLanguage":"de","@id":"https:\/\/www.botta.it\/#\/schema\/logo\/image\/","url":"https:\/\/www.botta.it\/wp-content\/uploads\/2021\/12\/Logo-RGB.png","contentUrl":"https:\/\/www.botta.it\/wp-content\/uploads\/2021\/12\/Logo-RGB.png","width":1600,"height":1043,"caption":"BOTTA EcoPackaging"},"image":{"@id":"https:\/\/www.botta.it\/#\/schema\/logo\/image\/"},"sameAs":["https:\/\/www.facebook.com\/bottapackaging\/","https:\/\/twitter.com\/botta_box","https:\/\/www.instagram.com\/botta_box\/","https:\/\/it.linkedin.com\/company\/botta-ecopackaging","https:\/\/www.youtube.com\/channel\/UCLhT-tw_FsukJfrKi73c48Q"]}]}},"_links":{"self":[{"href":"https:\/\/www.botta.it\/de\/wp-json\/wp\/v2\/product\/15485"}],"collection":[{"href":"https:\/\/www.botta.it\/de\/wp-json\/wp\/v2\/product"}],"about":[{"href":"https:\/\/www.botta.it\/de\/wp-json\/wp\/v2\/types\/product"}],"version-history":[{"count":4,"href":"https:\/\/www.botta.it\/de\/wp-json\/wp\/v2\/product\/15485\/revisions"}],"predecessor-version":[{"id":27172,"href":"https:\/\/www.botta.it\/de\/wp-json\/wp\/v2\/product\/15485\/revisions\/27172"}],"wp:featuredmedia":[{"embeddable":true,"href":"https:\/\/www.botta.it\/de\/wp-json\/wp\/v2\/media\/27171"}],"wp:attachment":[{"href":"https:\/\/www.botta.it\/de\/wp-json\/wp\/v2\/media?parent=15485"}],"wp:term":[{"taxonomy":"product_cat","embeddable":true,"href":"https:\/\/www.botta.it\/de\/wp-json\/wp\/v2\/product_cat?post=15485"},{"taxonomy":"product_tag","embeddable":true,"href":"https:\/\/www.botta.it\/de\/wp-json\/wp\/v2\/product_tag?post=15485"}],"curies":[{"name":"wp","href":"https:\/\/api.w.org\/{rel}","templated":true}]}}