{"id":14593,"date":"2021-11-11T14:16:40","date_gmt":"2021-11-11T13:16:40","guid":{"rendered":"https:\/\/www.botta.it\/prodotto\/unkategorisiert\/eco-bag-in-carta-robusta-avana\/"},"modified":"2025-12-23T11:36:35","modified_gmt":"2025-12-23T10:36:35","slug":"eco-bag-aus-braun-papier","status":"publish","type":"product","link":"https:\/\/www.botta.it\/de\/eco-produkte\/eco-envelopes-bags\/eco-bag-aus-braun-papier\/","title":{"rendered":"ECO-BAG Strong Brown Paper"},"content":{"rendered":"<p><span style=\"font-weight: 400;\">Die ECO-BAG Strong Brown Paper besteht zu 100% aus Papier, ist robust und gro\u00df. Es ist in braunem Papier, Standardgr\u00f6\u00dfen erh\u00e4ltlich. Allerdings k\u00f6nnen wir benutzerdefinierte Gr\u00f6\u00dfen, auf die Anfrage.\u00a0 Es ist m\u00f6glich, ECO-BAG mit kundenspezifischem Druck, Seitenfalten, doppelseitigem Klebebandverschluss und Bodentyp zu haben.\u00a0 Der Verschluss kann mit zwei Klebestreifen versehen werden: einer f\u00fcr den Versand und der andere f\u00fcr die R\u00fccksendung.<\/span><\/p>\n","protected":false},"excerpt":{"rendered":"<p><b>Wir stellen Ihnen das umweltfreundliche ECO-BAG-Papier vor: die perfekten Umschl\u00e4ge f\u00fcr Ihr E-Commerce-Gesch\u00e4ft!<\/b><\/p>\n<p><span style=\"font-weight: 400;\">Die wichtigsten Vorteile und Eigenschaften:\u00a0<\/span><\/p>\n<ul>\n<li style=\"list-style-type: none;\">\n<ul>\n<li style=\"font-weight: 400;\"><b>Umweltfreundlich:<\/b><span style=\"font-weight: 400;\"> 100% aus Papier<\/span><\/li>\n<li style=\"font-weight: 400;\"><b>Biologisch abbaubar und wiederverwertbar<\/b><\/li>\n<li style=\"font-weight: 400;\"><b>Wiederverwendbar:<\/b><span style=\"font-weight: 400;\"> Der Verschluss ist mit einem doppelten Klebestreifen versehen. Der erste Streifen dient zum Verschlie\u00dfen des Umschlags und der zweite kann zum Wiederverschlie\u00dfen des Umschlags im Falle einer R\u00fccksendung verwendet werden.<\/span><\/li>\n<li style=\"font-weight: 400;\"><b>Robust und volumin\u00f6s:<\/b><span style=\"font-weight: 400;\"> dank der hohen Grammatur des Papiers<\/span><\/li>\n<li style=\"font-weight: 400;\"><strong data-start=\"475\" data-end=\"513\">Erh\u00e4ltlich in zwei Standardgr\u00f6\u00dfen<\/strong><\/li>\n<li style=\"font-weight: 400;\"><b style=\"font-style: inherit;\">Anpassbar:<\/b><span style=\"font-weight: 400;\"> Gr\u00f6\u00dfe, Aufdruck, Seitenfalten, doppelseitiger Klebebandverschluss und Boden k\u00f6nnen auf Anfrage angepasst werden.<\/span><\/li>\n<\/ul>\n<\/li>\n<\/ul>\n","protected":false},"featured_media":29441,"template":"","meta":{"om_disable_all_campaigns":false,"_monsterinsights_skip_tracking":false,"_monsterinsights_sitenote_active":false,"_monsterinsights_sitenote_note":"","_monsterinsights_sitenote_category":0,"site-sidebar-layout":"default","site-content-layout":"default","ast-global-header-display":"","ast-banner-title-visibility":"","ast-main-header-display":"","ast-hfb-above-header-display":"","ast-hfb-below-header-display":"","ast-hfb-mobile-header-display":"","site-post-title":"","ast-breadcrumbs-content":"","ast-featured-img":"","footer-sml-layout":"","theme-transparent-header-meta":"default","adv-header-id-meta":"","stick-header-meta":"","header-above-stick-meta":"","header-main-stick-meta":"","header-below-stick-meta":""},"product_cat":[5311],"product_tag":[],"aioseo_notices":[],"yoast_head":"<!-- This site is optimized with the Yoast SEO Premium plugin v19.2.1 (Yoast SEO v21.9.1) - https:\/\/yoast.com\/wordpress\/plugins\/seo\/ -->\n<title>BOTTA PACKAGING \u00bb eco-packaging solutions - ECO-BAG Strong Brown Paper<\/title>\n<meta name=\"description\" content=\"Die ECO-BAG Strong Brown Paper besteht zu 100% aus Papier, ist robust und gro\u00df. Es ist in braunem Papier, Standardgr\u00f6\u00dfen erh\u00e4ltlich.\" \/>\n<meta name=\"robots\" content=\"index, follow, max-snippet:-1, max-image-preview:large, max-video-preview:-1\" \/>\n<link rel=\"canonical\" href=\"https:\/\/www.botta.it\/de\/eco-produkte\/eco-envelopes-bags\/eco-bag-aus-braun-papier\/\" \/>\n<meta property=\"og:locale\" content=\"de_DE\" \/>\n<meta property=\"og:type\" content=\"article\" \/>\n<meta property=\"og:title\" content=\"ECO-BAG Strong Brown Paper\" \/>\n<meta property=\"og:description\" content=\"Die ECO-BAG Strong Brown Paper besteht zu 100% aus Papier, ist robust und gro\u00df. Es ist in braunem Papier, Standardgr\u00f6\u00dfen erh\u00e4ltlich.\" \/>\n<meta property=\"og:url\" content=\"https:\/\/www.botta.it\/de\/eco-produkte\/eco-envelopes-bags\/eco-bag-aus-braun-papier\/\" \/>\n<meta property=\"og:site_name\" content=\"BOTTA PACKAGING \u00bb eco-packaging solutions\" \/>\n<meta property=\"article:publisher\" content=\"https:\/\/www.facebook.com\/bottapackaging\/\" \/>\n<meta property=\"article:modified_time\" content=\"2025-12-23T10:36:35+00:00\" \/>\n<meta property=\"og:image\" content=\"https:\/\/www.botta.it\/wp-content\/uploads\/2021\/11\/Untitled-design.jpg\" \/>\n\t<meta property=\"og:image:width\" content=\"2380\" \/>\n\t<meta property=\"og:image:height\" content=\"2380\" \/>\n\t<meta property=\"og:image:type\" content=\"image\/jpeg\" \/>\n<meta name=\"twitter:card\" content=\"summary_large_image\" \/>\n<meta name=\"twitter:site\" content=\"@botta_box\" \/>\n<script type=\"application\/ld+json\" class=\"yoast-schema-graph\">{\"@context\":\"https:\/\/schema.org\",\"@graph\":[{\"@type\":\"WebPage\",\"@id\":\"https:\/\/www.botta.it\/de\/eco-produkte\/eco-envelopes-bags\/eco-bag-aus-braun-papier\/\",\"url\":\"https:\/\/www.botta.it\/de\/eco-produkte\/eco-envelopes-bags\/eco-bag-aus-braun-papier\/\",\"name\":\"BOTTA PACKAGING \u00bb eco-packaging solutions - ECO-BAG Strong Brown Paper\",\"isPartOf\":{\"@id\":\"https:\/\/www.botta.it\/#website\"},\"datePublished\":\"2021-11-11T13:16:40+00:00\",\"dateModified\":\"2025-12-23T10:36:35+00:00\",\"description\":\"Die ECO-BAG Strong Brown Paper besteht zu 100% aus Papier, ist robust und gro\u00df. Es ist in braunem Papier, Standardgr\u00f6\u00dfen erh\u00e4ltlich.\",\"breadcrumb\":{\"@id\":\"https:\/\/www.botta.it\/de\/eco-produkte\/eco-envelopes-bags\/eco-bag-aus-braun-papier\/#breadcrumb\"},\"inLanguage\":\"de\",\"potentialAction\":[{\"@type\":\"ReadAction\",\"target\":[\"https:\/\/www.botta.it\/de\/eco-produkte\/eco-envelopes-bags\/eco-bag-aus-braun-papier\/\"]}]},{\"@type\":\"BreadcrumbList\",\"@id\":\"https:\/\/www.botta.it\/de\/eco-produkte\/eco-envelopes-bags\/eco-bag-aus-braun-papier\/#breadcrumb\",\"itemListElement\":[{\"@type\":\"ListItem\",\"position\":1,\"name\":\"Home\",\"item\":\"https:\/\/www.botta.it\/\"},{\"@type\":\"ListItem\",\"position\":2,\"name\":\"Prodotti\",\"item\":\"https:\/\/www.botta.it\/shop\/\"},{\"@type\":\"ListItem\",\"position\":3,\"name\":\"ECO-PRODUKTE\",\"item\":\"https:\/\/www.botta.it\/de\/eco-produkte\/\"},{\"@type\":\"ListItem\",\"position\":4,\"name\":\"ECO-ENVELOPES &amp; BAGS\",\"item\":\"https:\/\/www.botta.it\/de\/eco-produkte\/eco-envelopes-bags\/\"},{\"@type\":\"ListItem\",\"position\":5,\"name\":\"ECO-BAG Strong Brown Paper\"}]},{\"@type\":\"WebSite\",\"@id\":\"https:\/\/www.botta.it\/#website\",\"url\":\"https:\/\/www.botta.it\/\",\"name\":\"BOTTA PACKAGING \u00bb eco-packaging solutions\",\"description\":\"\u00d6kologische verpackungsl\u00f6sungen, wellpappe liefert, kartons, umschl\u00e4ge, airbags.\",\"publisher\":{\"@id\":\"https:\/\/www.botta.it\/#organization\"},\"potentialAction\":[{\"@type\":\"SearchAction\",\"target\":{\"@type\":\"EntryPoint\",\"urlTemplate\":\"https:\/\/www.botta.it\/?s={search_term_string}\"},\"query-input\":\"required name=search_term_string\"}],\"inLanguage\":\"de\"},{\"@type\":\"Organization\",\"@id\":\"https:\/\/www.botta.it\/#organization\",\"name\":\"BOTTA EcoPackaging\",\"url\":\"https:\/\/www.botta.it\/\",\"logo\":{\"@type\":\"ImageObject\",\"inLanguage\":\"de\",\"@id\":\"https:\/\/www.botta.it\/#\/schema\/logo\/image\/\",\"url\":\"https:\/\/www.botta.it\/wp-content\/uploads\/2021\/12\/Logo-RGB.png\",\"contentUrl\":\"https:\/\/www.botta.it\/wp-content\/uploads\/2021\/12\/Logo-RGB.png\",\"width\":1600,\"height\":1043,\"caption\":\"BOTTA EcoPackaging\"},\"image\":{\"@id\":\"https:\/\/www.botta.it\/#\/schema\/logo\/image\/\"},\"sameAs\":[\"https:\/\/www.facebook.com\/bottapackaging\/\",\"https:\/\/twitter.com\/botta_box\",\"https:\/\/www.instagram.com\/botta_box\/\",\"https:\/\/it.linkedin.com\/company\/botta-ecopackaging\",\"https:\/\/www.youtube.com\/channel\/UCLhT-tw_FsukJfrKi73c48Q\"]}]}<\/script>\n<!-- \/ Yoast SEO Premium plugin. -->","yoast_head_json":{"title":"BOTTA PACKAGING \u00bb eco-packaging solutions - ECO-BAG Strong Brown Paper","description":"Die ECO-BAG Strong Brown Paper besteht zu 100% aus Papier, ist robust und gro\u00df. Es ist in braunem Papier, Standardgr\u00f6\u00dfen erh\u00e4ltlich.","robots":{"index":"index","follow":"follow","max-snippet":"max-snippet:-1","max-image-preview":"max-image-preview:large","max-video-preview":"max-video-preview:-1"},"canonical":"https:\/\/www.botta.it\/de\/eco-produkte\/eco-envelopes-bags\/eco-bag-aus-braun-papier\/","og_locale":"de_DE","og_type":"article","og_title":"ECO-BAG Strong Brown Paper","og_description":"Die ECO-BAG Strong Brown Paper besteht zu 100% aus Papier, ist robust und gro\u00df. Es ist in braunem Papier, Standardgr\u00f6\u00dfen erh\u00e4ltlich.","og_url":"https:\/\/www.botta.it\/de\/eco-produkte\/eco-envelopes-bags\/eco-bag-aus-braun-papier\/","og_site_name":"BOTTA PACKAGING \u00bb eco-packaging solutions","article_publisher":"https:\/\/www.facebook.com\/bottapackaging\/","article_modified_time":"2025-12-23T10:36:35+00:00","og_image":[{"width":2380,"height":2380,"url":"https:\/\/www.botta.it\/wp-content\/uploads\/2021\/11\/Untitled-design.jpg","type":"image\/jpeg"}],"twitter_card":"summary_large_image","twitter_site":"@botta_box","schema":{"@context":"https:\/\/schema.org","@graph":[{"@type":"WebPage","@id":"https:\/\/www.botta.it\/de\/eco-produkte\/eco-envelopes-bags\/eco-bag-aus-braun-papier\/","url":"https:\/\/www.botta.it\/de\/eco-produkte\/eco-envelopes-bags\/eco-bag-aus-braun-papier\/","name":"BOTTA PACKAGING \u00bb eco-packaging solutions - ECO-BAG Strong Brown Paper","isPartOf":{"@id":"https:\/\/www.botta.it\/#website"},"datePublished":"2021-11-11T13:16:40+00:00","dateModified":"2025-12-23T10:36:35+00:00","description":"Die ECO-BAG Strong Brown Paper besteht zu 100% aus Papier, ist robust und gro\u00df. Es ist in braunem Papier, Standardgr\u00f6\u00dfen erh\u00e4ltlich.","breadcrumb":{"@id":"https:\/\/www.botta.it\/de\/eco-produkte\/eco-envelopes-bags\/eco-bag-aus-braun-papier\/#breadcrumb"},"inLanguage":"de","potentialAction":[{"@type":"ReadAction","target":["https:\/\/www.botta.it\/de\/eco-produkte\/eco-envelopes-bags\/eco-bag-aus-braun-papier\/"]}]},{"@type":"BreadcrumbList","@id":"https:\/\/www.botta.it\/de\/eco-produkte\/eco-envelopes-bags\/eco-bag-aus-braun-papier\/#breadcrumb","itemListElement":[{"@type":"ListItem","position":1,"name":"Home","item":"https:\/\/www.botta.it\/"},{"@type":"ListItem","position":2,"name":"Prodotti","item":"https:\/\/www.botta.it\/shop\/"},{"@type":"ListItem","position":3,"name":"ECO-PRODUKTE","item":"https:\/\/www.botta.it\/de\/eco-produkte\/"},{"@type":"ListItem","position":4,"name":"ECO-ENVELOPES &amp; BAGS","item":"https:\/\/www.botta.it\/de\/eco-produkte\/eco-envelopes-bags\/"},{"@type":"ListItem","position":5,"name":"ECO-BAG Strong Brown Paper"}]},{"@type":"WebSite","@id":"https:\/\/www.botta.it\/#website","url":"https:\/\/www.botta.it\/","name":"BOTTA PACKAGING \u00bb eco-packaging solutions","description":"\u00d6kologische verpackungsl\u00f6sungen, wellpappe liefert, kartons, umschl\u00e4ge, airbags.","publisher":{"@id":"https:\/\/www.botta.it\/#organization"},"potentialAction":[{"@type":"SearchAction","target":{"@type":"EntryPoint","urlTemplate":"https:\/\/www.botta.it\/?s={search_term_string}"},"query-input":"required name=search_term_string"}],"inLanguage":"de"},{"@type":"Organization","@id":"https:\/\/www.botta.it\/#organization","name":"BOTTA EcoPackaging","url":"https:\/\/www.botta.it\/","logo":{"@type":"ImageObject","inLanguage":"de","@id":"https:\/\/www.botta.it\/#\/schema\/logo\/image\/","url":"https:\/\/www.botta.it\/wp-content\/uploads\/2021\/12\/Logo-RGB.png","contentUrl":"https:\/\/www.botta.it\/wp-content\/uploads\/2021\/12\/Logo-RGB.png","width":1600,"height":1043,"caption":"BOTTA EcoPackaging"},"image":{"@id":"https:\/\/www.botta.it\/#\/schema\/logo\/image\/"},"sameAs":["https:\/\/www.facebook.com\/bottapackaging\/","https:\/\/twitter.com\/botta_box","https:\/\/www.instagram.com\/botta_box\/","https:\/\/it.linkedin.com\/company\/botta-ecopackaging","https:\/\/www.youtube.com\/channel\/UCLhT-tw_FsukJfrKi73c48Q"]}]}},"_links":{"self":[{"href":"https:\/\/www.botta.it\/de\/wp-json\/wp\/v2\/product\/14593"}],"collection":[{"href":"https:\/\/www.botta.it\/de\/wp-json\/wp\/v2\/product"}],"about":[{"href":"https:\/\/www.botta.it\/de\/wp-json\/wp\/v2\/types\/product"}],"version-history":[{"count":5,"href":"https:\/\/www.botta.it\/de\/wp-json\/wp\/v2\/product\/14593\/revisions"}],"predecessor-version":[{"id":29446,"href":"https:\/\/www.botta.it\/de\/wp-json\/wp\/v2\/product\/14593\/revisions\/29446"}],"wp:featuredmedia":[{"embeddable":true,"href":"https:\/\/www.botta.it\/de\/wp-json\/wp\/v2\/media\/29441"}],"wp:attachment":[{"href":"https:\/\/www.botta.it\/de\/wp-json\/wp\/v2\/media?parent=14593"}],"wp:term":[{"taxonomy":"product_cat","embeddable":true,"href":"https:\/\/www.botta.it\/de\/wp-json\/wp\/v2\/product_cat?post=14593"},{"taxonomy":"product_tag","embeddable":true,"href":"https:\/\/www.botta.it\/de\/wp-json\/wp\/v2\/product_tag?post=14593"}],"curies":[{"name":"wp","href":"https:\/\/api.w.org\/{rel}","templated":true}]}}