{"id":14496,"date":"2021-10-20T18:44:16","date_gmt":"2021-10-20T16:44:16","guid":{"rendered":"https:\/\/www.botta.it\/?post_type=product&#038;p=14496"},"modified":"2025-05-16T11:55:07","modified_gmt":"2025-05-16T09:55:07","slug":"eco-paper-rfid-keycards-hotel","status":"publish","type":"product","link":"https:\/\/www.botta.it\/de\/eco-produkte\/hotel-sector-project\/eco-paper-rfid-keycards-hotel\/","title":{"rendered":"Eco-Paper RFID Keycards Hotel"},"content":{"rendered":"<p><span style=\"font-weight: 400;\">Die Eco-Paper RFID Keycards Hotel ist eine individuell gestaltbare Hotelschl\u00fcsselkarte mit allen Merkmalen der herk\u00f6mmlichen PVC-Kunststoffalternative, die jedoch aus erneuerbarem Papierzellstoff hergestellt wird, was sie zu einer nachhaltigen Option macht!\u00a0<\/span><\/p>\n<p><span style=\"font-weight: 400;\">Hotel-Schl\u00fcsselkarten werden in der Regel aus haltbarem PVC-Material hergestellt, das 80-100 Jahre lang halten kann. Die durchschnittliche Lebensdauer einer Schl\u00fcsselkarte betr\u00e4gt jedoch nur etwa zwei Wochen oder drei Aufenthalte. Dies f\u00fchrt zu einer erheblichen Menge an unn\u00f6tigem Plastikm\u00fcll. Allein in US-Hotels fallen aufgrund der kurzen Lebensdauer von Schl\u00fcsselkarten jedes Jahr rund 1 300 Tonnen biologisch nicht abbaubarer Kunststoffabfall an. Um dieses Problem anzugehen und den Plastikm\u00fcll in der Hotelbranche zu reduzieren, sind nachhaltige L\u00f6sungen erforderlich.<\/span><\/p>\n<p><span style=\"font-weight: 400;\">Dieses Thema unterstreicht den Bedarf an nachhaltigeren L\u00f6sungen wie der \u00d6ko-Papier-Keycard, um den Plastikm\u00fcll in der Hotelbranche zu reduzieren.<\/span><\/p>\n","protected":false},"excerpt":{"rendered":"<p><span style=\"font-weight: 400;\">Es ist an der Zeit, auf die Eco-Paper RFID Hotel Keycards umzusteigen und einen Beitrag zu einer nachhaltigeren Umwelt zu leisten!\u00a0<\/span><\/p>\n<p><span style=\"font-weight: 400;\">Die wichtigsten Vorteile und Eigenschaften:\u00a0<\/span><\/p>\n<ul>\n<li><b>Hergestellt aus 100% Altpapier<\/b><\/li>\n<li><b>Papierteil kann recycelt werden<\/b><\/li>\n<li><b>leicht trennbar<\/b><\/li>\n<li><b>Langlebig<\/b><\/li>\n<li><b>Kosteng\u00fcnstig<\/b><\/li>\n<li><b>kann in bestehende RFID-Schlie\u00dfsysteme integriert werden.<\/b><\/li>\n<li><b>Kundenspezifische Designoptionen verf\u00fcgbar, um Ihre Marke zu unterstreichen<\/b><\/li>\n<li><b>Sicher<\/b><\/li>\n<li><b>Optionale antimikrobielle Beschichtung zur Verhinderung von Mikroorganismen auf der Oberfl\u00e4che<\/b><\/li>\n<li><b>hygienisch und sicher<\/b><\/li>\n<\/ul>\n","protected":false},"featured_media":27134,"template":"","meta":{"om_disable_all_campaigns":false,"_monsterinsights_skip_tracking":false,"_monsterinsights_sitenote_active":false,"_monsterinsights_sitenote_note":"","_monsterinsights_sitenote_category":0,"site-sidebar-layout":"default","site-content-layout":"default","ast-global-header-display":"","ast-banner-title-visibility":"","ast-main-header-display":"","ast-hfb-above-header-display":"","ast-hfb-below-header-display":"","ast-hfb-mobile-header-display":"","site-post-title":"","ast-breadcrumbs-content":"","ast-featured-img":"","footer-sml-layout":"","theme-transparent-header-meta":"default","adv-header-id-meta":"","stick-header-meta":"","header-above-stick-meta":"","header-main-stick-meta":"","header-below-stick-meta":""},"product_cat":[5305],"product_tag":[],"aioseo_notices":[],"yoast_head":"<!-- This site is optimized with the Yoast SEO Premium plugin v19.2.1 (Yoast SEO v21.9.1) - https:\/\/yoast.com\/wordpress\/plugins\/seo\/ -->\n<title>BOTTA PACKAGING \u00bb eco-packaging solutions - Eco-Paper RFID Keycards Hotel<\/title>\n<meta name=\"description\" content=\"Eco-Single Bottle Pinch Top Box \u00e8 la soluzione innovativa e originale per trasportare in modo sicuro una bottiglia singola.\" \/>\n<meta name=\"robots\" content=\"index, follow, max-snippet:-1, max-image-preview:large, max-video-preview:-1\" \/>\n<link rel=\"canonical\" href=\"https:\/\/www.botta.it\/de\/eco-produkte\/hotel-sector-project\/eco-paper-rfid-keycards-hotel\/\" \/>\n<meta property=\"og:locale\" content=\"de_DE\" \/>\n<meta property=\"og:type\" content=\"article\" \/>\n<meta property=\"og:title\" content=\"Eco-Paper RFID Keycards Hotel\" \/>\n<meta property=\"og:description\" content=\"Eco-Single Bottle Pinch Top Box \u00e8 la soluzione innovativa e originale per trasportare in modo sicuro una bottiglia singola.\" \/>\n<meta property=\"og:url\" content=\"https:\/\/www.botta.it\/de\/eco-produkte\/hotel-sector-project\/eco-paper-rfid-keycards-hotel\/\" \/>\n<meta property=\"og:site_name\" content=\"BOTTA PACKAGING \u00bb eco-packaging solutions\" \/>\n<meta property=\"article:publisher\" content=\"https:\/\/www.facebook.com\/bottapackaging\/\" \/>\n<meta property=\"article:modified_time\" content=\"2025-05-16T09:55:07+00:00\" \/>\n<meta property=\"og:image\" content=\"https:\/\/www.botta.it\/wp-content\/uploads\/2021\/10\/rfid-hotel-card.png\" \/>\n\t<meta property=\"og:image:width\" content=\"1080\" \/>\n\t<meta property=\"og:image:height\" content=\"1080\" \/>\n\t<meta property=\"og:image:type\" content=\"image\/png\" \/>\n<meta name=\"twitter:card\" content=\"summary_large_image\" \/>\n<meta name=\"twitter:site\" content=\"@botta_box\" \/>\n<script type=\"application\/ld+json\" class=\"yoast-schema-graph\">{\"@context\":\"https:\/\/schema.org\",\"@graph\":[{\"@type\":\"WebPage\",\"@id\":\"https:\/\/www.botta.it\/de\/eco-produkte\/hotel-sector-project\/eco-paper-rfid-keycards-hotel\/\",\"url\":\"https:\/\/www.botta.it\/de\/eco-produkte\/hotel-sector-project\/eco-paper-rfid-keycards-hotel\/\",\"name\":\"BOTTA PACKAGING \u00bb eco-packaging solutions - Eco-Paper RFID Keycards Hotel\",\"isPartOf\":{\"@id\":\"https:\/\/www.botta.it\/#website\"},\"datePublished\":\"2021-10-20T16:44:16+00:00\",\"dateModified\":\"2025-05-16T09:55:07+00:00\",\"description\":\"Eco-Single Bottle Pinch Top Box \u00e8 la soluzione innovativa e originale per trasportare in modo sicuro una bottiglia singola.\",\"breadcrumb\":{\"@id\":\"https:\/\/www.botta.it\/de\/eco-produkte\/hotel-sector-project\/eco-paper-rfid-keycards-hotel\/#breadcrumb\"},\"inLanguage\":\"de\",\"potentialAction\":[{\"@type\":\"ReadAction\",\"target\":[\"https:\/\/www.botta.it\/de\/eco-produkte\/hotel-sector-project\/eco-paper-rfid-keycards-hotel\/\"]}]},{\"@type\":\"BreadcrumbList\",\"@id\":\"https:\/\/www.botta.it\/de\/eco-produkte\/hotel-sector-project\/eco-paper-rfid-keycards-hotel\/#breadcrumb\",\"itemListElement\":[{\"@type\":\"ListItem\",\"position\":1,\"name\":\"Home\",\"item\":\"https:\/\/www.botta.it\/\"},{\"@type\":\"ListItem\",\"position\":2,\"name\":\"Prodotti\",\"item\":\"https:\/\/www.botta.it\/shop\/\"},{\"@type\":\"ListItem\",\"position\":3,\"name\":\"ECO-PRODUKTE\",\"item\":\"https:\/\/www.botta.it\/de\/eco-produkte\/\"},{\"@type\":\"ListItem\",\"position\":4,\"name\":\"Single-Use Plastic Alternatives\",\"item\":\"https:\/\/www.botta.it\/de\/eco-produkte\/single-use-plastic-alternatives\/\"},{\"@type\":\"ListItem\",\"position\":5,\"name\":\"Eco-Paper RFID Keycards Hotel\"}]},{\"@type\":\"WebSite\",\"@id\":\"https:\/\/www.botta.it\/#website\",\"url\":\"https:\/\/www.botta.it\/\",\"name\":\"BOTTA PACKAGING \u00bb eco-packaging solutions\",\"description\":\"\u00d6kologische verpackungsl\u00f6sungen, wellpappe liefert, kartons, umschl\u00e4ge, airbags.\",\"publisher\":{\"@id\":\"https:\/\/www.botta.it\/#organization\"},\"potentialAction\":[{\"@type\":\"SearchAction\",\"target\":{\"@type\":\"EntryPoint\",\"urlTemplate\":\"https:\/\/www.botta.it\/?s={search_term_string}\"},\"query-input\":\"required name=search_term_string\"}],\"inLanguage\":\"de\"},{\"@type\":\"Organization\",\"@id\":\"https:\/\/www.botta.it\/#organization\",\"name\":\"BOTTA EcoPackaging\",\"url\":\"https:\/\/www.botta.it\/\",\"logo\":{\"@type\":\"ImageObject\",\"inLanguage\":\"de\",\"@id\":\"https:\/\/www.botta.it\/#\/schema\/logo\/image\/\",\"url\":\"https:\/\/www.botta.it\/wp-content\/uploads\/2021\/12\/Logo-RGB.png\",\"contentUrl\":\"https:\/\/www.botta.it\/wp-content\/uploads\/2021\/12\/Logo-RGB.png\",\"width\":1600,\"height\":1043,\"caption\":\"BOTTA EcoPackaging\"},\"image\":{\"@id\":\"https:\/\/www.botta.it\/#\/schema\/logo\/image\/\"},\"sameAs\":[\"https:\/\/www.facebook.com\/bottapackaging\/\",\"https:\/\/twitter.com\/botta_box\",\"https:\/\/www.instagram.com\/botta_box\/\",\"https:\/\/it.linkedin.com\/company\/botta-ecopackaging\",\"https:\/\/www.youtube.com\/channel\/UCLhT-tw_FsukJfrKi73c48Q\"]}]}<\/script>\n<!-- \/ Yoast SEO Premium plugin. -->","yoast_head_json":{"title":"BOTTA PACKAGING \u00bb eco-packaging solutions - Eco-Paper RFID Keycards Hotel","description":"Eco-Single Bottle Pinch Top Box \u00e8 la soluzione innovativa e originale per trasportare in modo sicuro una bottiglia singola.","robots":{"index":"index","follow":"follow","max-snippet":"max-snippet:-1","max-image-preview":"max-image-preview:large","max-video-preview":"max-video-preview:-1"},"canonical":"https:\/\/www.botta.it\/de\/eco-produkte\/hotel-sector-project\/eco-paper-rfid-keycards-hotel\/","og_locale":"de_DE","og_type":"article","og_title":"Eco-Paper RFID Keycards Hotel","og_description":"Eco-Single Bottle Pinch Top Box \u00e8 la soluzione innovativa e originale per trasportare in modo sicuro una bottiglia singola.","og_url":"https:\/\/www.botta.it\/de\/eco-produkte\/hotel-sector-project\/eco-paper-rfid-keycards-hotel\/","og_site_name":"BOTTA PACKAGING \u00bb eco-packaging solutions","article_publisher":"https:\/\/www.facebook.com\/bottapackaging\/","article_modified_time":"2025-05-16T09:55:07+00:00","og_image":[{"width":1080,"height":1080,"url":"https:\/\/www.botta.it\/wp-content\/uploads\/2021\/10\/rfid-hotel-card.png","type":"image\/png"}],"twitter_card":"summary_large_image","twitter_site":"@botta_box","schema":{"@context":"https:\/\/schema.org","@graph":[{"@type":"WebPage","@id":"https:\/\/www.botta.it\/de\/eco-produkte\/hotel-sector-project\/eco-paper-rfid-keycards-hotel\/","url":"https:\/\/www.botta.it\/de\/eco-produkte\/hotel-sector-project\/eco-paper-rfid-keycards-hotel\/","name":"BOTTA PACKAGING \u00bb eco-packaging solutions - Eco-Paper RFID Keycards Hotel","isPartOf":{"@id":"https:\/\/www.botta.it\/#website"},"datePublished":"2021-10-20T16:44:16+00:00","dateModified":"2025-05-16T09:55:07+00:00","description":"Eco-Single Bottle Pinch Top Box \u00e8 la soluzione innovativa e originale per trasportare in modo sicuro una bottiglia singola.","breadcrumb":{"@id":"https:\/\/www.botta.it\/de\/eco-produkte\/hotel-sector-project\/eco-paper-rfid-keycards-hotel\/#breadcrumb"},"inLanguage":"de","potentialAction":[{"@type":"ReadAction","target":["https:\/\/www.botta.it\/de\/eco-produkte\/hotel-sector-project\/eco-paper-rfid-keycards-hotel\/"]}]},{"@type":"BreadcrumbList","@id":"https:\/\/www.botta.it\/de\/eco-produkte\/hotel-sector-project\/eco-paper-rfid-keycards-hotel\/#breadcrumb","itemListElement":[{"@type":"ListItem","position":1,"name":"Home","item":"https:\/\/www.botta.it\/"},{"@type":"ListItem","position":2,"name":"Prodotti","item":"https:\/\/www.botta.it\/shop\/"},{"@type":"ListItem","position":3,"name":"ECO-PRODUKTE","item":"https:\/\/www.botta.it\/de\/eco-produkte\/"},{"@type":"ListItem","position":4,"name":"Single-Use Plastic Alternatives","item":"https:\/\/www.botta.it\/de\/eco-produkte\/single-use-plastic-alternatives\/"},{"@type":"ListItem","position":5,"name":"Eco-Paper RFID Keycards Hotel"}]},{"@type":"WebSite","@id":"https:\/\/www.botta.it\/#website","url":"https:\/\/www.botta.it\/","name":"BOTTA PACKAGING \u00bb eco-packaging solutions","description":"\u00d6kologische verpackungsl\u00f6sungen, wellpappe liefert, kartons, umschl\u00e4ge, airbags.","publisher":{"@id":"https:\/\/www.botta.it\/#organization"},"potentialAction":[{"@type":"SearchAction","target":{"@type":"EntryPoint","urlTemplate":"https:\/\/www.botta.it\/?s={search_term_string}"},"query-input":"required name=search_term_string"}],"inLanguage":"de"},{"@type":"Organization","@id":"https:\/\/www.botta.it\/#organization","name":"BOTTA EcoPackaging","url":"https:\/\/www.botta.it\/","logo":{"@type":"ImageObject","inLanguage":"de","@id":"https:\/\/www.botta.it\/#\/schema\/logo\/image\/","url":"https:\/\/www.botta.it\/wp-content\/uploads\/2021\/12\/Logo-RGB.png","contentUrl":"https:\/\/www.botta.it\/wp-content\/uploads\/2021\/12\/Logo-RGB.png","width":1600,"height":1043,"caption":"BOTTA EcoPackaging"},"image":{"@id":"https:\/\/www.botta.it\/#\/schema\/logo\/image\/"},"sameAs":["https:\/\/www.facebook.com\/bottapackaging\/","https:\/\/twitter.com\/botta_box","https:\/\/www.instagram.com\/botta_box\/","https:\/\/it.linkedin.com\/company\/botta-ecopackaging","https:\/\/www.youtube.com\/channel\/UCLhT-tw_FsukJfrKi73c48Q"]}]}},"_links":{"self":[{"href":"https:\/\/www.botta.it\/de\/wp-json\/wp\/v2\/product\/14496"}],"collection":[{"href":"https:\/\/www.botta.it\/de\/wp-json\/wp\/v2\/product"}],"about":[{"href":"https:\/\/www.botta.it\/de\/wp-json\/wp\/v2\/types\/product"}],"version-history":[{"count":4,"href":"https:\/\/www.botta.it\/de\/wp-json\/wp\/v2\/product\/14496\/revisions"}],"predecessor-version":[{"id":27136,"href":"https:\/\/www.botta.it\/de\/wp-json\/wp\/v2\/product\/14496\/revisions\/27136"}],"wp:featuredmedia":[{"embeddable":true,"href":"https:\/\/www.botta.it\/de\/wp-json\/wp\/v2\/media\/27134"}],"wp:attachment":[{"href":"https:\/\/www.botta.it\/de\/wp-json\/wp\/v2\/media?parent=14496"}],"wp:term":[{"taxonomy":"product_cat","embeddable":true,"href":"https:\/\/www.botta.it\/de\/wp-json\/wp\/v2\/product_cat?post=14496"},{"taxonomy":"product_tag","embeddable":true,"href":"https:\/\/www.botta.it\/de\/wp-json\/wp\/v2\/product_tag?post=14496"}],"curies":[{"name":"wp","href":"https:\/\/api.w.org\/{rel}","templated":true}]}}