{"id":13952,"date":"2021-08-07T06:35:13","date_gmt":"2021-08-07T04:35:13","guid":{"rendered":"https:\/\/www.botta.it\/?post_type=product&#038;p=13952"},"modified":"2025-05-15T16:34:55","modified_gmt":"2025-05-15T14:34:55","slug":"eco-single-bottle-pinch-top-box","status":"publish","type":"product","link":"https:\/\/www.botta.it\/de\/eco-produkte\/eco-protective-packaging\/bottle-packaging\/eco-single-bottle-pinch-top-box\/","title":{"rendered":"Eco-Single Bottle Pinch Top Box"},"content":{"rendered":"<p dir=\"ltr\" style=\"line-height: 1.295; margin-top: 0pt; margin-bottom: 8pt;\"><span style=\"font-size: 11pt; font-family: 'Times New Roman',serif; color: #000000; background-color: transparent; font-weight: 400; font-style: normal; font-variant: normal; text-decoration: none; vertical-align: baseline;\">Die Flaschen werden mit Flexi-Hex\u00ae umwickelt und gesch\u00fctzt und dann in die Box gestellt. Die innovative, zum Patent angemeldete Box wird ausschlie\u00dflich aus FSC-zertifiziertem Papier hergestellt, ohne jegliche Art von Kunststoff. Au\u00dferdem ist das Papier recycelbar und biologisch abbaubar. Dank ihres intelligenten und innovativen Designs ist sie ideal f\u00fcr den elektronischen Handel. Dank des Aufrei\u00dfstreifens, der ein einfaches \u00d6ffnen erm\u00f6glicht, verbessert sich auch das Auspackerlebnis f\u00fcr den Verbraucher. Diese innovative Verpackungstechnik verringert die Wahrscheinlichkeit von Bruchsch\u00e4den.<\/span><\/p>\n<p>&nbsp;<\/p>\n<p dir=\"ltr\" style=\"line-height: 1.295; margin-top: 0pt; margin-bottom: 8pt;\"><span style=\"font-size: 11pt; font-family: 'Times New Roman',serif; color: #000000; background-color: transparent; font-weight: 400; font-style: normal; font-variant: normal; text-decoration: none; vertical-align: baseline;\">Sie ist in verschiedenen Gr\u00f6\u00dfen erh\u00e4ltlich: f\u00fcr eine, zwei oder drei Flaschen, bis zu einer maximalen H\u00f6he von 320 mm. Bei entsprechender St\u00fcckzahl kann der Karton mit dem Branding Ihres Unternehmens versehen werden.<\/span><\/p>\n","protected":false},"excerpt":{"rendered":"<p><span style=\"font-weight: 400;\">Wir stellen die Eco-Single Bottle Pinch Top Box vor: die innovative und originelle L\u00f6sung f\u00fcr den sicheren Transport von Flaschen durch einen Kurierdienst oder eine Lieferung.\u00a0<\/span><\/p>\n<ul>\n<li style=\"list-style-type: none;\">\n<ul>\n<li style=\"font-weight: 400;\"><b>Innovativ:<\/b><span style=\"font-weight: 400;\"> originelle L\u00f6sung f\u00fcr den Flaschentransport per Kurierdienst oder Lieferung<\/span><\/li>\n<li style=\"font-weight: 400;\"><b>Sch\u00fctzende Verpackung:<\/b><span style=\"font-weight: 400;\"> Wird mit Flexi-Hex verwendet, das sich um die Flasche wickelt und sie an den Seiten sch\u00fctzt. Dadurch wird auch die Wahrscheinlichkeit eines Bruchs verringert.<\/span><\/li>\n<li style=\"font-weight: 400;\"><b>Hergestellt aus FSC-zertifiziertem Papier<\/b><\/li>\n<li style=\"font-weight: 400;\"><b>Recycelbar und biologisch abbaubar<\/b><\/li>\n<li style=\"font-weight: 400;\"><b>Patentiert<\/b><\/li>\n<li style=\"font-weight: 400;\"><b>Umweltfreundlich<\/b><\/li>\n<li style=\"font-weight: 400;\"><b>Erh\u00e4ltlich in verschiedenen Gr\u00f6\u00dfen:<\/b><span style=\"font-weight: 400;\"> f\u00fcr eine, zwei oder drei Flaschen<\/span><\/li>\n<li style=\"font-weight: 400;\"><b>Individuell gestaltet:<\/b><span style=\"font-weight: 400;\"> kann mit dem Logo\/der Marke Ihres Unternehmens personalisiert werden. Die Verf\u00fcgbarkeit dieses Services h\u00e4ngt von der gew\u00fcnschten Menge ab.\u00a0<\/span><\/li>\n<li style=\"font-weight: 400;\"><b>Leicht und einfach zu verwenden. <\/b><\/li>\n<\/ul>\n<\/li>\n<\/ul>\n<ul>\n<li style=\"list-style-type: none;\"><\/li>\n<\/ul>\n","protected":false},"featured_media":27035,"template":"","meta":{"om_disable_all_campaigns":false,"_monsterinsights_skip_tracking":false,"_monsterinsights_sitenote_active":false,"_monsterinsights_sitenote_note":"","_monsterinsights_sitenote_category":0,"site-sidebar-layout":"default","site-content-layout":"default","ast-global-header-display":"","ast-banner-title-visibility":"","ast-main-header-display":"","ast-hfb-above-header-display":"","ast-hfb-below-header-display":"","ast-hfb-mobile-header-display":"","site-post-title":"","ast-breadcrumbs-content":"","ast-featured-img":"","footer-sml-layout":"","theme-transparent-header-meta":"default","adv-header-id-meta":"","stick-header-meta":"","header-above-stick-meta":"","header-main-stick-meta":"","header-below-stick-meta":""},"product_cat":[5315,5306],"product_tag":[],"aioseo_notices":[],"yoast_head":"<!-- This site is optimized with the Yoast SEO Premium plugin v19.2.1 (Yoast SEO v21.9.1) - https:\/\/yoast.com\/wordpress\/plugins\/seo\/ -->\n<title>BOTTA PACKAGING \u00bb eco-verpackungsl\u00f6sungen - Eco-Single Bottle Pinch Top Box<\/title>\n<meta name=\"description\" content=\"Die Eco-Single Bottle Pinch Top Box ist die innovative und originelle L\u00f6sung f\u00fcr den sicheren Transport einer einzelnen Flasche.\" \/>\n<meta name=\"robots\" content=\"index, follow, max-snippet:-1, max-image-preview:large, max-video-preview:-1\" \/>\n<link rel=\"canonical\" href=\"https:\/\/www.botta.it\/de\/eco-produkte\/eco-protective-packaging\/bottle-packaging\/eco-single-bottle-pinch-top-box\/\" \/>\n<meta property=\"og:locale\" content=\"de_DE\" \/>\n<meta property=\"og:type\" content=\"article\" \/>\n<meta property=\"og:title\" content=\"Eco-Single Bottle Pinch Top Box\" \/>\n<meta property=\"og:description\" content=\"Die Eco-Single Bottle Pinch Top Box ist die innovative und originelle L\u00f6sung f\u00fcr den sicheren Transport einer einzelnen Flasche.\" \/>\n<meta property=\"og:url\" content=\"https:\/\/www.botta.it\/de\/eco-produkte\/eco-protective-packaging\/bottle-packaging\/eco-single-bottle-pinch-top-box\/\" \/>\n<meta property=\"og:site_name\" content=\"BOTTA PACKAGING \u00bb eco-verpackungsl\u00f6sungen\" \/>\n<meta property=\"article:publisher\" content=\"https:\/\/www.facebook.com\/bottapackaging\/\" \/>\n<meta property=\"article:modified_time\" content=\"2025-05-15T14:34:55+00:00\" \/>\n<meta property=\"og:image\" content=\"https:\/\/www.botta.it\/wp-content\/uploads\/2021\/08\/Eco-single-pinch-top-box-1.jpg\" \/>\n\t<meta property=\"og:image:width\" content=\"1024\" \/>\n\t<meta property=\"og:image:height\" content=\"1024\" \/>\n\t<meta property=\"og:image:type\" content=\"image\/jpeg\" \/>\n<meta name=\"twitter:card\" content=\"summary_large_image\" \/>\n<meta name=\"twitter:site\" content=\"@botta_box\" \/>\n<script type=\"application\/ld+json\" class=\"yoast-schema-graph\">{\"@context\":\"https:\/\/schema.org\",\"@graph\":[{\"@type\":\"WebPage\",\"@id\":\"https:\/\/www.botta.it\/de\/eco-produkte\/eco-protective-packaging\/bottle-packaging\/eco-single-bottle-pinch-top-box\/\",\"url\":\"https:\/\/www.botta.it\/de\/eco-produkte\/eco-protective-packaging\/bottle-packaging\/eco-single-bottle-pinch-top-box\/\",\"name\":\"BOTTA PACKAGING \u00bb eco-verpackungsl\u00f6sungen - Eco-Single Bottle Pinch Top Box\",\"isPartOf\":{\"@id\":\"https:\/\/www.botta.it\/#website\"},\"datePublished\":\"2021-08-07T04:35:13+00:00\",\"dateModified\":\"2025-05-15T14:34:55+00:00\",\"description\":\"Die Eco-Single Bottle Pinch Top Box ist die innovative und originelle L\u00f6sung f\u00fcr den sicheren Transport einer einzelnen Flasche.\",\"breadcrumb\":{\"@id\":\"https:\/\/www.botta.it\/de\/eco-produkte\/eco-protective-packaging\/bottle-packaging\/eco-single-bottle-pinch-top-box\/#breadcrumb\"},\"inLanguage\":\"de\",\"potentialAction\":[{\"@type\":\"ReadAction\",\"target\":[\"https:\/\/www.botta.it\/de\/eco-produkte\/eco-protective-packaging\/bottle-packaging\/eco-single-bottle-pinch-top-box\/\"]}]},{\"@type\":\"BreadcrumbList\",\"@id\":\"https:\/\/www.botta.it\/de\/eco-produkte\/eco-protective-packaging\/bottle-packaging\/eco-single-bottle-pinch-top-box\/#breadcrumb\",\"itemListElement\":[{\"@type\":\"ListItem\",\"position\":1,\"name\":\"Home\",\"item\":\"https:\/\/www.botta.it\/\"},{\"@type\":\"ListItem\",\"position\":2,\"name\":\"Prodotti\",\"item\":\"https:\/\/www.botta.it\/shop\/\"},{\"@type\":\"ListItem\",\"position\":3,\"name\":\"ECO-PRODUKTE\",\"item\":\"https:\/\/www.botta.it\/de\/eco-produkte\/\"},{\"@type\":\"ListItem\",\"position\":4,\"name\":\"ECO-PROTECTIVE PACKAGING\",\"item\":\"https:\/\/www.botta.it\/de\/eco-produkte\/eco-protective-packaging\/\"},{\"@type\":\"ListItem\",\"position\":5,\"name\":\"BOTTLE PACKAGING\",\"item\":\"https:\/\/www.botta.it\/de\/eco-produkte\/eco-protective-packaging\/bottle-packaging\/\"},{\"@type\":\"ListItem\",\"position\":6,\"name\":\"Eco-Single Bottle Pinch Top Box\"}]},{\"@type\":\"WebSite\",\"@id\":\"https:\/\/www.botta.it\/#website\",\"url\":\"https:\/\/www.botta.it\/\",\"name\":\"BOTTA PACKAGING \u00bb eco-verpackungsl\u00f6sungen\",\"description\":\"\u00d6kologische verpackungsl\u00f6sungen, wellpappe liefert, kartons, umschl\u00e4ge, airbags.\",\"publisher\":{\"@id\":\"https:\/\/www.botta.it\/#organization\"},\"potentialAction\":[{\"@type\":\"SearchAction\",\"target\":{\"@type\":\"EntryPoint\",\"urlTemplate\":\"https:\/\/www.botta.it\/?s={search_term_string}\"},\"query-input\":\"required name=search_term_string\"}],\"inLanguage\":\"de\"},{\"@type\":\"Organization\",\"@id\":\"https:\/\/www.botta.it\/#organization\",\"name\":\"BOTTA EcoPackaging\",\"url\":\"https:\/\/www.botta.it\/\",\"logo\":{\"@type\":\"ImageObject\",\"inLanguage\":\"de\",\"@id\":\"https:\/\/www.botta.it\/#\/schema\/logo\/image\/\",\"url\":\"https:\/\/www.botta.it\/wp-content\/uploads\/2021\/12\/Logo-RGB.png\",\"contentUrl\":\"https:\/\/www.botta.it\/wp-content\/uploads\/2021\/12\/Logo-RGB.png\",\"width\":1600,\"height\":1043,\"caption\":\"BOTTA EcoPackaging\"},\"image\":{\"@id\":\"https:\/\/www.botta.it\/#\/schema\/logo\/image\/\"},\"sameAs\":[\"https:\/\/www.facebook.com\/bottapackaging\/\",\"https:\/\/twitter.com\/botta_box\",\"https:\/\/www.instagram.com\/botta_box\/\",\"https:\/\/it.linkedin.com\/company\/botta-ecopackaging\",\"https:\/\/www.youtube.com\/channel\/UCLhT-tw_FsukJfrKi73c48Q\"]}]}<\/script>\n<!-- \/ Yoast SEO Premium plugin. -->","yoast_head_json":{"title":"BOTTA PACKAGING \u00bb eco-verpackungsl\u00f6sungen - Eco-Single Bottle Pinch Top Box","description":"Die Eco-Single Bottle Pinch Top Box ist die innovative und originelle L\u00f6sung f\u00fcr den sicheren Transport einer einzelnen Flasche.","robots":{"index":"index","follow":"follow","max-snippet":"max-snippet:-1","max-image-preview":"max-image-preview:large","max-video-preview":"max-video-preview:-1"},"canonical":"https:\/\/www.botta.it\/de\/eco-produkte\/eco-protective-packaging\/bottle-packaging\/eco-single-bottle-pinch-top-box\/","og_locale":"de_DE","og_type":"article","og_title":"Eco-Single Bottle Pinch Top Box","og_description":"Die Eco-Single Bottle Pinch Top Box ist die innovative und originelle L\u00f6sung f\u00fcr den sicheren Transport einer einzelnen Flasche.","og_url":"https:\/\/www.botta.it\/de\/eco-produkte\/eco-protective-packaging\/bottle-packaging\/eco-single-bottle-pinch-top-box\/","og_site_name":"BOTTA PACKAGING \u00bb eco-verpackungsl\u00f6sungen","article_publisher":"https:\/\/www.facebook.com\/bottapackaging\/","article_modified_time":"2025-05-15T14:34:55+00:00","og_image":[{"width":1024,"height":1024,"url":"https:\/\/www.botta.it\/wp-content\/uploads\/2021\/08\/Eco-single-pinch-top-box-1.jpg","type":"image\/jpeg"}],"twitter_card":"summary_large_image","twitter_site":"@botta_box","schema":{"@context":"https:\/\/schema.org","@graph":[{"@type":"WebPage","@id":"https:\/\/www.botta.it\/de\/eco-produkte\/eco-protective-packaging\/bottle-packaging\/eco-single-bottle-pinch-top-box\/","url":"https:\/\/www.botta.it\/de\/eco-produkte\/eco-protective-packaging\/bottle-packaging\/eco-single-bottle-pinch-top-box\/","name":"BOTTA PACKAGING \u00bb eco-verpackungsl\u00f6sungen - Eco-Single Bottle Pinch Top Box","isPartOf":{"@id":"https:\/\/www.botta.it\/#website"},"datePublished":"2021-08-07T04:35:13+00:00","dateModified":"2025-05-15T14:34:55+00:00","description":"Die Eco-Single Bottle Pinch Top Box ist die innovative und originelle L\u00f6sung f\u00fcr den sicheren Transport einer einzelnen Flasche.","breadcrumb":{"@id":"https:\/\/www.botta.it\/de\/eco-produkte\/eco-protective-packaging\/bottle-packaging\/eco-single-bottle-pinch-top-box\/#breadcrumb"},"inLanguage":"de","potentialAction":[{"@type":"ReadAction","target":["https:\/\/www.botta.it\/de\/eco-produkte\/eco-protective-packaging\/bottle-packaging\/eco-single-bottle-pinch-top-box\/"]}]},{"@type":"BreadcrumbList","@id":"https:\/\/www.botta.it\/de\/eco-produkte\/eco-protective-packaging\/bottle-packaging\/eco-single-bottle-pinch-top-box\/#breadcrumb","itemListElement":[{"@type":"ListItem","position":1,"name":"Home","item":"https:\/\/www.botta.it\/"},{"@type":"ListItem","position":2,"name":"Prodotti","item":"https:\/\/www.botta.it\/shop\/"},{"@type":"ListItem","position":3,"name":"ECO-PRODUKTE","item":"https:\/\/www.botta.it\/de\/eco-produkte\/"},{"@type":"ListItem","position":4,"name":"ECO-PROTECTIVE PACKAGING","item":"https:\/\/www.botta.it\/de\/eco-produkte\/eco-protective-packaging\/"},{"@type":"ListItem","position":5,"name":"BOTTLE PACKAGING","item":"https:\/\/www.botta.it\/de\/eco-produkte\/eco-protective-packaging\/bottle-packaging\/"},{"@type":"ListItem","position":6,"name":"Eco-Single Bottle Pinch Top Box"}]},{"@type":"WebSite","@id":"https:\/\/www.botta.it\/#website","url":"https:\/\/www.botta.it\/","name":"BOTTA PACKAGING \u00bb eco-verpackungsl\u00f6sungen","description":"\u00d6kologische verpackungsl\u00f6sungen, wellpappe liefert, kartons, umschl\u00e4ge, airbags.","publisher":{"@id":"https:\/\/www.botta.it\/#organization"},"potentialAction":[{"@type":"SearchAction","target":{"@type":"EntryPoint","urlTemplate":"https:\/\/www.botta.it\/?s={search_term_string}"},"query-input":"required name=search_term_string"}],"inLanguage":"de"},{"@type":"Organization","@id":"https:\/\/www.botta.it\/#organization","name":"BOTTA EcoPackaging","url":"https:\/\/www.botta.it\/","logo":{"@type":"ImageObject","inLanguage":"de","@id":"https:\/\/www.botta.it\/#\/schema\/logo\/image\/","url":"https:\/\/www.botta.it\/wp-content\/uploads\/2021\/12\/Logo-RGB.png","contentUrl":"https:\/\/www.botta.it\/wp-content\/uploads\/2021\/12\/Logo-RGB.png","width":1600,"height":1043,"caption":"BOTTA EcoPackaging"},"image":{"@id":"https:\/\/www.botta.it\/#\/schema\/logo\/image\/"},"sameAs":["https:\/\/www.facebook.com\/bottapackaging\/","https:\/\/twitter.com\/botta_box","https:\/\/www.instagram.com\/botta_box\/","https:\/\/it.linkedin.com\/company\/botta-ecopackaging","https:\/\/www.youtube.com\/channel\/UCLhT-tw_FsukJfrKi73c48Q"]}]}},"_links":{"self":[{"href":"https:\/\/www.botta.it\/de\/wp-json\/wp\/v2\/product\/13952"}],"collection":[{"href":"https:\/\/www.botta.it\/de\/wp-json\/wp\/v2\/product"}],"about":[{"href":"https:\/\/www.botta.it\/de\/wp-json\/wp\/v2\/types\/product"}],"version-history":[{"count":4,"href":"https:\/\/www.botta.it\/de\/wp-json\/wp\/v2\/product\/13952\/revisions"}],"predecessor-version":[{"id":27037,"href":"https:\/\/www.botta.it\/de\/wp-json\/wp\/v2\/product\/13952\/revisions\/27037"}],"wp:featuredmedia":[{"embeddable":true,"href":"https:\/\/www.botta.it\/de\/wp-json\/wp\/v2\/media\/27035"}],"wp:attachment":[{"href":"https:\/\/www.botta.it\/de\/wp-json\/wp\/v2\/media?parent=13952"}],"wp:term":[{"taxonomy":"product_cat","embeddable":true,"href":"https:\/\/www.botta.it\/de\/wp-json\/wp\/v2\/product_cat?post=13952"},{"taxonomy":"product_tag","embeddable":true,"href":"https:\/\/www.botta.it\/de\/wp-json\/wp\/v2\/product_tag?post=13952"}],"curies":[{"name":"wp","href":"https:\/\/api.w.org\/{rel}","templated":true}]}}