{"id":12529,"date":"2021-08-05T13:04:08","date_gmt":"2021-08-05T11:04:08","guid":{"rendered":"https:\/\/www.botta.it\/?post_type=product&#038;p=12529"},"modified":"2026-01-12T15:46:05","modified_gmt":"2026-01-12T14:46:05","slug":"eco-paper-strapping","status":"publish","type":"product","link":"https:\/\/www.botta.it\/de\/eco-produkte\/eco-palletisation-accessories\/eco-paper-strapping\/","title":{"rendered":"ECO-PAPER STRAPPING"},"content":{"rendered":"<p>Das <em><strong>Eco-Paper Strapping<\/strong><\/em> ist das neue Papierband, das f\u00fcr alle Arten von Verpackungen geeignet ist.<\/p>\n<p>Es besteht aus recycelbarem Papier und ist daher als umweltfreundlich anerkannt. Dar\u00fcber hinaus hat es eine hervorragende Best\u00e4ndigkeit, die es perfekt f\u00fcr jede L\u00f6sung macht.<\/p>\n<p>Das <em><strong>Eco-Paper Strapping<\/strong><\/em> haftet an jeder Art von Material, was der Verpackung w\u00e4hrend des Transports absolute Sicherheit verleiht.<\/p>\n<h6><strong>Das <em>Eco-Paper Strapping<\/em>\u00a0 hat die Italienische ATICELCA-Zertifizierung f\u00fcr Papierrecyclingf\u00e4higkeit.<\/strong><\/h6>\n","protected":false},"excerpt":{"rendered":"<p><strong><em>Die verschiedenen Gr\u00f6\u00dfen erm\u00f6glichen eine Anpassung an jede Art von Situation.<\/em><\/strong><\/p>\n<ul>\n<li>Hergestellt aus recycelbarem Papier<\/li>\n<li>Seine Haftf\u00e4higkeit macht es perfekt f\u00fcr jede Art von Verpackung<\/li>\n<li>Erh\u00e4ltlich in 3 verschiedenen Gr\u00f6\u00dfen<\/li>\n<li>Ideal f\u00fcr die Umreifung von Kartons anstelle von Plastik<\/li>\n<li>Die Rollen k\u00f6nnen in Standard-Umreifungsmaschinen verwendet werden<\/li>\n<\/ul>\n<p>&nbsp;<\/p>\n","protected":false},"featured_media":18372,"template":"","meta":{"om_disable_all_campaigns":false,"_monsterinsights_skip_tracking":false,"_monsterinsights_sitenote_active":false,"_monsterinsights_sitenote_note":"","_monsterinsights_sitenote_category":0,"site-sidebar-layout":"default","site-content-layout":"default","ast-global-header-display":"","ast-banner-title-visibility":"","ast-main-header-display":"","ast-hfb-above-header-display":"","ast-hfb-below-header-display":"","ast-hfb-mobile-header-display":"","site-post-title":"","ast-breadcrumbs-content":"","ast-featured-img":"","footer-sml-layout":"","theme-transparent-header-meta":"default","adv-header-id-meta":"","stick-header-meta":"","header-above-stick-meta":"","header-main-stick-meta":"","header-below-stick-meta":""},"product_cat":[5310,5308],"product_tag":[],"aioseo_notices":[],"yoast_head":"<!-- This site is optimized with the Yoast SEO Premium plugin v19.2.1 (Yoast SEO v21.9.1) - https:\/\/yoast.com\/wordpress\/plugins\/seo\/ -->\n<title>BOTTA PACKAGING \u00bb eco-packaging solutions - ECO-PAPER STRAPPING<\/title>\n<meta name=\"description\" content=\"Eco-Paper Strapping, papierband neue, haftet an jedem Material, ideal f\u00fcr jede Art von Verpackung Umreifung.\" \/>\n<meta name=\"robots\" content=\"index, follow, max-snippet:-1, max-image-preview:large, max-video-preview:-1\" \/>\n<link rel=\"canonical\" href=\"https:\/\/www.botta.it\/de\/eco-produkte\/eco-palletisation-accessories\/eco-paper-strapping\/\" \/>\n<meta property=\"og:locale\" content=\"de_DE\" \/>\n<meta property=\"og:type\" content=\"article\" \/>\n<meta property=\"og:title\" content=\"ECO-PAPER STRAPPING\" \/>\n<meta property=\"og:description\" content=\"Eco-Paper Strapping, papierband neue, haftet an jedem Material, ideal f\u00fcr jede Art von Verpackung Umreifung.\" \/>\n<meta property=\"og:url\" content=\"https:\/\/www.botta.it\/de\/eco-produkte\/eco-palletisation-accessories\/eco-paper-strapping\/\" \/>\n<meta property=\"og:site_name\" content=\"BOTTA PACKAGING \u00bb eco-packaging solutions\" \/>\n<meta property=\"article:publisher\" content=\"https:\/\/www.facebook.com\/bottapackaging\/\" \/>\n<meta property=\"article:modified_time\" content=\"2026-01-12T14:46:05+00:00\" \/>\n<meta property=\"og:image\" content=\"https:\/\/www.botta.it\/wp-content\/uploads\/2021\/08\/Eco-paper-strapping.jpg\" \/>\n\t<meta property=\"og:image:width\" content=\"1600\" \/>\n\t<meta property=\"og:image:height\" content=\"1600\" \/>\n\t<meta property=\"og:image:type\" content=\"image\/jpeg\" \/>\n<meta name=\"twitter:card\" content=\"summary_large_image\" \/>\n<meta name=\"twitter:site\" content=\"@botta_box\" \/>\n<script type=\"application\/ld+json\" class=\"yoast-schema-graph\">{\"@context\":\"https:\/\/schema.org\",\"@graph\":[{\"@type\":\"WebPage\",\"@id\":\"https:\/\/www.botta.it\/de\/eco-produkte\/eco-palletisation-accessories\/eco-paper-strapping\/\",\"url\":\"https:\/\/www.botta.it\/de\/eco-produkte\/eco-palletisation-accessories\/eco-paper-strapping\/\",\"name\":\"BOTTA PACKAGING \u00bb eco-packaging solutions - ECO-PAPER STRAPPING\",\"isPartOf\":{\"@id\":\"https:\/\/www.botta.it\/#website\"},\"datePublished\":\"2021-08-05T11:04:08+00:00\",\"dateModified\":\"2026-01-12T14:46:05+00:00\",\"description\":\"Eco-Paper Strapping, papierband neue, haftet an jedem Material, ideal f\u00fcr jede Art von Verpackung Umreifung.\",\"breadcrumb\":{\"@id\":\"https:\/\/www.botta.it\/de\/eco-produkte\/eco-palletisation-accessories\/eco-paper-strapping\/#breadcrumb\"},\"inLanguage\":\"de\",\"potentialAction\":[{\"@type\":\"ReadAction\",\"target\":[\"https:\/\/www.botta.it\/de\/eco-produkte\/eco-palletisation-accessories\/eco-paper-strapping\/\"]}]},{\"@type\":\"BreadcrumbList\",\"@id\":\"https:\/\/www.botta.it\/de\/eco-produkte\/eco-palletisation-accessories\/eco-paper-strapping\/#breadcrumb\",\"itemListElement\":[{\"@type\":\"ListItem\",\"position\":1,\"name\":\"Home\",\"item\":\"https:\/\/www.botta.it\/\"},{\"@type\":\"ListItem\",\"position\":2,\"name\":\"Prodotti\",\"item\":\"https:\/\/www.botta.it\/shop\/\"},{\"@type\":\"ListItem\",\"position\":3,\"name\":\"ECO-PRODUKTE\",\"item\":\"https:\/\/www.botta.it\/de\/eco-produkte\/\"},{\"@type\":\"ListItem\",\"position\":4,\"name\":\"ECO-PALLETISATION ACCESSORIES\",\"item\":\"https:\/\/www.botta.it\/de\/eco-produkte\/eco-palletisation-accessories\/\"},{\"@type\":\"ListItem\",\"position\":5,\"name\":\"ECO-PAPER STRAPPING\"}]},{\"@type\":\"WebSite\",\"@id\":\"https:\/\/www.botta.it\/#website\",\"url\":\"https:\/\/www.botta.it\/\",\"name\":\"BOTTA PACKAGING \u00bb eco-packaging solutions\",\"description\":\"\u00d6kologische verpackungsl\u00f6sungen, wellpappe liefert, kartons, umschl\u00e4ge, airbags.\",\"publisher\":{\"@id\":\"https:\/\/www.botta.it\/#organization\"},\"potentialAction\":[{\"@type\":\"SearchAction\",\"target\":{\"@type\":\"EntryPoint\",\"urlTemplate\":\"https:\/\/www.botta.it\/?s={search_term_string}\"},\"query-input\":\"required name=search_term_string\"}],\"inLanguage\":\"de\"},{\"@type\":\"Organization\",\"@id\":\"https:\/\/www.botta.it\/#organization\",\"name\":\"BOTTA EcoPackaging\",\"url\":\"https:\/\/www.botta.it\/\",\"logo\":{\"@type\":\"ImageObject\",\"inLanguage\":\"de\",\"@id\":\"https:\/\/www.botta.it\/#\/schema\/logo\/image\/\",\"url\":\"https:\/\/www.botta.it\/wp-content\/uploads\/2021\/12\/Logo-RGB.png\",\"contentUrl\":\"https:\/\/www.botta.it\/wp-content\/uploads\/2021\/12\/Logo-RGB.png\",\"width\":1600,\"height\":1043,\"caption\":\"BOTTA EcoPackaging\"},\"image\":{\"@id\":\"https:\/\/www.botta.it\/#\/schema\/logo\/image\/\"},\"sameAs\":[\"https:\/\/www.facebook.com\/bottapackaging\/\",\"https:\/\/twitter.com\/botta_box\",\"https:\/\/www.instagram.com\/botta_box\/\",\"https:\/\/it.linkedin.com\/company\/botta-ecopackaging\",\"https:\/\/www.youtube.com\/channel\/UCLhT-tw_FsukJfrKi73c48Q\"]}]}<\/script>\n<!-- \/ Yoast SEO Premium plugin. -->","yoast_head_json":{"title":"BOTTA PACKAGING \u00bb eco-packaging solutions - ECO-PAPER STRAPPING","description":"Eco-Paper Strapping, papierband neue, haftet an jedem Material, ideal f\u00fcr jede Art von Verpackung Umreifung.","robots":{"index":"index","follow":"follow","max-snippet":"max-snippet:-1","max-image-preview":"max-image-preview:large","max-video-preview":"max-video-preview:-1"},"canonical":"https:\/\/www.botta.it\/de\/eco-produkte\/eco-palletisation-accessories\/eco-paper-strapping\/","og_locale":"de_DE","og_type":"article","og_title":"ECO-PAPER STRAPPING","og_description":"Eco-Paper Strapping, papierband neue, haftet an jedem Material, ideal f\u00fcr jede Art von Verpackung Umreifung.","og_url":"https:\/\/www.botta.it\/de\/eco-produkte\/eco-palletisation-accessories\/eco-paper-strapping\/","og_site_name":"BOTTA PACKAGING \u00bb eco-packaging solutions","article_publisher":"https:\/\/www.facebook.com\/bottapackaging\/","article_modified_time":"2026-01-12T14:46:05+00:00","og_image":[{"width":1600,"height":1600,"url":"https:\/\/www.botta.it\/wp-content\/uploads\/2021\/08\/Eco-paper-strapping.jpg","type":"image\/jpeg"}],"twitter_card":"summary_large_image","twitter_site":"@botta_box","schema":{"@context":"https:\/\/schema.org","@graph":[{"@type":"WebPage","@id":"https:\/\/www.botta.it\/de\/eco-produkte\/eco-palletisation-accessories\/eco-paper-strapping\/","url":"https:\/\/www.botta.it\/de\/eco-produkte\/eco-palletisation-accessories\/eco-paper-strapping\/","name":"BOTTA PACKAGING \u00bb eco-packaging solutions - ECO-PAPER STRAPPING","isPartOf":{"@id":"https:\/\/www.botta.it\/#website"},"datePublished":"2021-08-05T11:04:08+00:00","dateModified":"2026-01-12T14:46:05+00:00","description":"Eco-Paper Strapping, papierband neue, haftet an jedem Material, ideal f\u00fcr jede Art von Verpackung Umreifung.","breadcrumb":{"@id":"https:\/\/www.botta.it\/de\/eco-produkte\/eco-palletisation-accessories\/eco-paper-strapping\/#breadcrumb"},"inLanguage":"de","potentialAction":[{"@type":"ReadAction","target":["https:\/\/www.botta.it\/de\/eco-produkte\/eco-palletisation-accessories\/eco-paper-strapping\/"]}]},{"@type":"BreadcrumbList","@id":"https:\/\/www.botta.it\/de\/eco-produkte\/eco-palletisation-accessories\/eco-paper-strapping\/#breadcrumb","itemListElement":[{"@type":"ListItem","position":1,"name":"Home","item":"https:\/\/www.botta.it\/"},{"@type":"ListItem","position":2,"name":"Prodotti","item":"https:\/\/www.botta.it\/shop\/"},{"@type":"ListItem","position":3,"name":"ECO-PRODUKTE","item":"https:\/\/www.botta.it\/de\/eco-produkte\/"},{"@type":"ListItem","position":4,"name":"ECO-PALLETISATION ACCESSORIES","item":"https:\/\/www.botta.it\/de\/eco-produkte\/eco-palletisation-accessories\/"},{"@type":"ListItem","position":5,"name":"ECO-PAPER STRAPPING"}]},{"@type":"WebSite","@id":"https:\/\/www.botta.it\/#website","url":"https:\/\/www.botta.it\/","name":"BOTTA PACKAGING \u00bb eco-packaging solutions","description":"\u00d6kologische verpackungsl\u00f6sungen, wellpappe liefert, kartons, umschl\u00e4ge, airbags.","publisher":{"@id":"https:\/\/www.botta.it\/#organization"},"potentialAction":[{"@type":"SearchAction","target":{"@type":"EntryPoint","urlTemplate":"https:\/\/www.botta.it\/?s={search_term_string}"},"query-input":"required name=search_term_string"}],"inLanguage":"de"},{"@type":"Organization","@id":"https:\/\/www.botta.it\/#organization","name":"BOTTA EcoPackaging","url":"https:\/\/www.botta.it\/","logo":{"@type":"ImageObject","inLanguage":"de","@id":"https:\/\/www.botta.it\/#\/schema\/logo\/image\/","url":"https:\/\/www.botta.it\/wp-content\/uploads\/2021\/12\/Logo-RGB.png","contentUrl":"https:\/\/www.botta.it\/wp-content\/uploads\/2021\/12\/Logo-RGB.png","width":1600,"height":1043,"caption":"BOTTA EcoPackaging"},"image":{"@id":"https:\/\/www.botta.it\/#\/schema\/logo\/image\/"},"sameAs":["https:\/\/www.facebook.com\/bottapackaging\/","https:\/\/twitter.com\/botta_box","https:\/\/www.instagram.com\/botta_box\/","https:\/\/it.linkedin.com\/company\/botta-ecopackaging","https:\/\/www.youtube.com\/channel\/UCLhT-tw_FsukJfrKi73c48Q"]}]}},"_links":{"self":[{"href":"https:\/\/www.botta.it\/de\/wp-json\/wp\/v2\/product\/12529"}],"collection":[{"href":"https:\/\/www.botta.it\/de\/wp-json\/wp\/v2\/product"}],"about":[{"href":"https:\/\/www.botta.it\/de\/wp-json\/wp\/v2\/types\/product"}],"version-history":[{"count":9,"href":"https:\/\/www.botta.it\/de\/wp-json\/wp\/v2\/product\/12529\/revisions"}],"predecessor-version":[{"id":24859,"href":"https:\/\/www.botta.it\/de\/wp-json\/wp\/v2\/product\/12529\/revisions\/24859"}],"wp:featuredmedia":[{"embeddable":true,"href":"https:\/\/www.botta.it\/de\/wp-json\/wp\/v2\/media\/18372"}],"wp:attachment":[{"href":"https:\/\/www.botta.it\/de\/wp-json\/wp\/v2\/media?parent=12529"}],"wp:term":[{"taxonomy":"product_cat","embeddable":true,"href":"https:\/\/www.botta.it\/de\/wp-json\/wp\/v2\/product_cat?post=12529"},{"taxonomy":"product_tag","embeddable":true,"href":"https:\/\/www.botta.it\/de\/wp-json\/wp\/v2\/product_tag?post=12529"}],"curies":[{"name":"wp","href":"https:\/\/api.w.org\/{rel}","templated":true}]}}