{"id":12325,"date":"2019-09-30T15:33:37","date_gmt":"2019-09-30T13:33:37","guid":{"rendered":"https:\/\/www.botta.it\/prodotto\/eco-fix-sheet\/"},"modified":"2025-05-15T11:10:50","modified_gmt":"2025-05-15T09:10:50","slug":"eco-fix-sheet","status":"publish","type":"product","link":"https:\/\/www.botta.it\/de\/eco-produkte\/eco-palletisation-accessories\/eco-fix-sheet\/","title":{"rendered":"Eco Fix-Sheet"},"content":{"rendered":"<p>Unser Eco Fix-Sheet besteht aus recyceltem Papier, das mit Millionen kleiner Polyesterpunkte bedeckt ist. Diese Punkte erm\u00f6glichen das Fixieren der Kartons auf den Paletten, da sie ein Verrutschen verhindern. Obwohl Papier als recycelbares Material mit kleinen Polyesterpunkten bedeckt ist, ist es umweltfreundlich. Warum? Die Menge an kleinen Polyesterpunkten auf der Oberfl\u00e4che ist klein genug, um die Standards zu erf\u00fcllen.<\/p>\n<p>Durch Polyesternoppen erf\u00fcllt das Eco Fix-Sheet seinen Zweck, die Kartons oder andere Packst\u00fccke erfolgreich zwischen sich auf der Palette zu fixieren. Es sorgt f\u00fcr den richtigen Halt, der Paletten auch bei gef\u00e4hrlicher Neigung und Handhabung sicher h\u00e4lt.<\/p>\n<p><strong>Merkmale unserer Eco Fix-Sheets:<\/strong><\/p>\n<ul>\n<li>Hergestellt aus umweltfreundlichen und recycelten Materialien<\/li>\n<li>Kann auf der Palette befestigte Kisten auch unter der Neigung halten<\/li>\n<li>Wiederverwendbar<\/li>\n<li>Erh\u00e4ltlich in verschiedenen, kundenspezifischen Abmessungen und Farben<\/li>\n<li>Feuchtigkeits- und wasserabweisende Laken erh\u00e4ltlich<\/li>\n<li>Geeignet f\u00fcr verschiedene Verpackungsprodukte mit unterschiedlichen Gr\u00f6\u00dfen<\/li>\n<li>Ideal, um Kartons vor dem Verrutschen zu sch\u00fctzen<\/li>\n<li>Perfekt f\u00fcr Lagerhallen, Container und besonders f\u00fcr Transportpaletten<\/li>\n<li>Einfach und schnell zwischen zwei Oberfl\u00e4chen zu setzen<\/li>\n<\/ul>\n<p>Eco Fix-Sheet ist wiederverwendbar und nachhaltig<\/p>\n<p>Als umweltfreundliches Produkt ist das Eco Fix-Sheet au\u00dferdem wiederverwendbar und einfach zu handhaben. Wasserdichte Folien sind ebenfalls erh\u00e4ltlich, und es ist die perfekte L\u00f6sung f\u00fcr den Fall, dass die Ladung mit Feuchtigkeit oder Wasser in Kontakt kommen kann, normalerweise w\u00e4hrend des Transports, insbesondere im Freien (wenn es regnet) oder wenn die Verpackungen Fl\u00fcssigkeiten enthalten oder auslaufen, so dass die Anti-Rutsch-Wirkung gew\u00e4hrleistet ist und weder Wasser noch k\u00f6nnen der Ladung schaden. Dank seiner gesch\u00fctzten Oberfl\u00e4che mit wasserdichtem Material ist das Eco Fix-Sheet in der Lage, unterschiedlichen Bedingungen zu trotzen.<\/p>\n<p>Der Mehrwert unseres Eco Fix-Sheets besteht darin, dass es nachhaltig ist, leicht recycelt und wiederverwendet werden kann!<\/p>\n<p>Weitere \u00d6ko-Produkte\u202ffinden<a href=\"https:\/\/www.botta.it\/de\/product-categories\/eco-produkt\/\"> Sie hier<\/a><\/p>\n<p>&nbsp;<\/p>\n","protected":false},"excerpt":{"rendered":"<p><b><span data-contrast=\"auto\">Ladungssicherungsbogen auf Papierbasis\u00a0<\/span><\/b><span data-ccp-props=\"{&quot;201341983&quot;:0,&quot;335559739&quot;:160,&quot;335559740&quot;:259}\">\u00a0<\/span><\/p>\n<ul>\n<li data-leveltext=\"\uf0fc\" data-font=\"Wingdings\" data-listid=\"17\" data-list-defn-props=\"{&quot;335552541&quot;:1,&quot;335559684&quot;:-2,&quot;335559685&quot;:720,&quot;335559991&quot;:360,&quot;469769226&quot;:&quot;Wingdings&quot;,&quot;469769242&quot;:[8226],&quot;469777803&quot;:&quot;left&quot;,&quot;469777804&quot;:&quot;\uf0fc&quot;,&quot;469777815&quot;:&quot;hybridMultilevel&quot;}\" data-aria-posinset=\"1\" data-aria-level=\"1\"><b><span data-contrast=\"auto\">Reduzieren Sie den Einsatz von Kunststoff bei der Palettierung:<\/span><\/b><span data-contrast=\"auto\"> Papierbogen, der dank seiner gepunkteten Struktur die Ladung auf den Paletten stoppt, auch wenn diese gekippt sind\u00a0<\/span><span data-ccp-props=\"{&quot;201341983&quot;:0,&quot;335559739&quot;:160,&quot;335559740&quot;:259}\">\u00a0<\/span><\/li>\n<li data-leveltext=\"\uf0fc\" data-font=\"Wingdings\" data-listid=\"17\" data-list-defn-props=\"{&quot;335552541&quot;:1,&quot;335559684&quot;:-2,&quot;335559685&quot;:720,&quot;335559991&quot;:360,&quot;469769226&quot;:&quot;Wingdings&quot;,&quot;469769242&quot;:[8226],&quot;469777803&quot;:&quot;left&quot;,&quot;469777804&quot;:&quot;\uf0fc&quot;,&quot;469777815&quot;:&quot;hybridMultilevel&quot;}\" data-aria-posinset=\"2\" data-aria-level=\"1\"><b><span data-contrast=\"auto\">W\u00e4hlen Sie das f\u00fcr Ihre Bed\u00fcrfnisse am besten geeignete Format:<\/span><\/b><span data-contrast=\"auto\"> in verschiedenen Formaten erh\u00e4ltlich<\/span><span data-ccp-props=\"{&quot;201341983&quot;:0,&quot;335559739&quot;:160,&quot;335559740&quot;:259}\">\u00a0<\/span><\/li>\n<li data-leveltext=\"\uf0fc\" data-font=\"Wingdings\" data-listid=\"17\" data-list-defn-props=\"{&quot;335552541&quot;:1,&quot;335559684&quot;:-2,&quot;335559685&quot;:720,&quot;335559991&quot;:360,&quot;469769226&quot;:&quot;Wingdings&quot;,&quot;469769242&quot;:[8226],&quot;469777803&quot;:&quot;left&quot;,&quot;469777804&quot;:&quot;\uf0fc&quot;,&quot;469777815&quot;:&quot;hybridMultilevel&quot;}\" data-aria-posinset=\"3\" data-aria-level=\"1\"><b><span data-contrast=\"auto\">Wiederverwendbar:<\/span><\/b><span data-contrast=\"auto\"> die B\u00f6gen k\u00f6nnen wiederverwendet werden<\/span><span data-ccp-props=\"{&quot;201341983&quot;:0,&quot;335559739&quot;:160,&quot;335559740&quot;:259}\">\u00a0<\/span><\/li>\n<li data-leveltext=\"\uf0fc\" data-font=\"Wingdings\" data-listid=\"17\" data-list-defn-props=\"{&quot;335552541&quot;:1,&quot;335559684&quot;:-2,&quot;335559685&quot;:720,&quot;335559991&quot;:360,&quot;469769226&quot;:&quot;Wingdings&quot;,&quot;469769242&quot;:[8226],&quot;469777803&quot;:&quot;left&quot;,&quot;469777804&quot;:&quot;\uf0fc&quot;,&quot;469777815&quot;:&quot;hybridMultilevel&quot;}\" data-aria-posinset=\"3\" data-aria-level=\"1\"><b><span data-contrast=\"auto\">Schnell und einfach zu verwenden:<\/span><\/b><span data-contrast=\"auto\"> Ideal, um Kartons oder jede Art von Paketen vor dem Verrutschen zu sch\u00fctzen, schnell und einfach zwischen Pakete zu legen<\/span><span data-ccp-props=\"{&quot;201341983&quot;:0,&quot;335559739&quot;:160,&quot;335559740&quot;:259}\">\u00a0<\/span><\/li>\n<\/ul>\n","protected":false},"featured_media":26949,"template":"","meta":{"om_disable_all_campaigns":false,"_monsterinsights_skip_tracking":false,"_monsterinsights_sitenote_active":false,"_monsterinsights_sitenote_note":"","_monsterinsights_sitenote_category":0,"site-sidebar-layout":"default","site-content-layout":"default","ast-global-header-display":"","ast-banner-title-visibility":"","ast-main-header-display":"","ast-hfb-above-header-display":"","ast-hfb-below-header-display":"","ast-hfb-mobile-header-display":"","site-post-title":"","ast-breadcrumbs-content":"","ast-featured-img":"","footer-sml-layout":"","theme-transparent-header-meta":"default","adv-header-id-meta":"","stick-header-meta":"","header-above-stick-meta":"","header-main-stick-meta":"","header-below-stick-meta":""},"product_cat":[5310],"product_tag":[],"aioseo_notices":[],"yoast_head":"<!-- This site is optimized with the Yoast SEO Premium plugin v19.2.1 (Yoast SEO v21.9.1) - https:\/\/yoast.com\/wordpress\/plugins\/seo\/ -->\n<title>Eco Fix-Sheet - botta.it | Fix boxes on the pallets - BOTTA packaging<\/title>\n<meta name=\"description\" content=\"Choose our Eco Fix-Sheet, an ecological and eco-sustainable solution: fix boxes on the pallets and avoid damages during transport!\" \/>\n<meta name=\"robots\" content=\"index, follow, max-snippet:-1, max-image-preview:large, max-video-preview:-1\" \/>\n<link rel=\"canonical\" href=\"https:\/\/www.botta.it\/de\/eco-produkte\/eco-palletisation-accessories\/eco-fix-sheet\/\" \/>\n<meta property=\"og:locale\" content=\"de_DE\" \/>\n<meta property=\"og:type\" content=\"article\" \/>\n<meta property=\"og:title\" content=\"Eco Fix-Sheet\" \/>\n<meta property=\"og:description\" content=\"Choose our Eco Fix-Sheet, an ecological and eco-sustainable solution: fix boxes on the pallets and avoid damages during transport!\" \/>\n<meta property=\"og:url\" content=\"https:\/\/www.botta.it\/de\/eco-produkte\/eco-palletisation-accessories\/eco-fix-sheet\/\" \/>\n<meta property=\"og:site_name\" content=\"BOTTA PACKAGING \u00bb eco-packaging solutions\" \/>\n<meta property=\"article:publisher\" content=\"https:\/\/www.facebook.com\/bottapackaging\/\" \/>\n<meta property=\"article:modified_time\" content=\"2025-05-15T09:10:50+00:00\" \/>\n<meta property=\"og:image\" content=\"https:\/\/www.botta.it\/wp-content\/uploads\/2019\/09\/Eco-fix-sheet.png\" \/>\n\t<meta property=\"og:image:width\" content=\"1080\" \/>\n\t<meta property=\"og:image:height\" content=\"1080\" \/>\n\t<meta property=\"og:image:type\" content=\"image\/png\" \/>\n<meta name=\"twitter:card\" content=\"summary_large_image\" \/>\n<meta name=\"twitter:site\" content=\"@botta_box\" \/>\n<script type=\"application\/ld+json\" class=\"yoast-schema-graph\">{\"@context\":\"https:\/\/schema.org\",\"@graph\":[{\"@type\":\"WebPage\",\"@id\":\"https:\/\/www.botta.it\/de\/eco-produkte\/eco-palletisation-accessories\/eco-fix-sheet\/\",\"url\":\"https:\/\/www.botta.it\/de\/eco-produkte\/eco-palletisation-accessories\/eco-fix-sheet\/\",\"name\":\"Eco Fix-Sheet - botta.it | Fix boxes on the pallets - BOTTA packaging\",\"isPartOf\":{\"@id\":\"https:\/\/www.botta.it\/#website\"},\"datePublished\":\"2019-09-30T13:33:37+00:00\",\"dateModified\":\"2025-05-15T09:10:50+00:00\",\"description\":\"Choose our Eco Fix-Sheet, an ecological and eco-sustainable solution: fix boxes on the pallets and avoid damages during transport!\",\"breadcrumb\":{\"@id\":\"https:\/\/www.botta.it\/de\/eco-produkte\/eco-palletisation-accessories\/eco-fix-sheet\/#breadcrumb\"},\"inLanguage\":\"de\",\"potentialAction\":[{\"@type\":\"ReadAction\",\"target\":[\"https:\/\/www.botta.it\/de\/eco-produkte\/eco-palletisation-accessories\/eco-fix-sheet\/\"]}]},{\"@type\":\"BreadcrumbList\",\"@id\":\"https:\/\/www.botta.it\/de\/eco-produkte\/eco-palletisation-accessories\/eco-fix-sheet\/#breadcrumb\",\"itemListElement\":[{\"@type\":\"ListItem\",\"position\":1,\"name\":\"Home\",\"item\":\"https:\/\/www.botta.it\/\"},{\"@type\":\"ListItem\",\"position\":2,\"name\":\"Prodotti\",\"item\":\"https:\/\/www.botta.it\/shop\/\"},{\"@type\":\"ListItem\",\"position\":3,\"name\":\"ECO-PRODUKTE\",\"item\":\"https:\/\/www.botta.it\/de\/eco-produkte\/\"},{\"@type\":\"ListItem\",\"position\":4,\"name\":\"ECO-PALLETISATION ACCESSORIES\",\"item\":\"https:\/\/www.botta.it\/de\/eco-produkte\/eco-palletisation-accessories\/\"},{\"@type\":\"ListItem\",\"position\":5,\"name\":\"Eco Fix-Sheet\"}]},{\"@type\":\"WebSite\",\"@id\":\"https:\/\/www.botta.it\/#website\",\"url\":\"https:\/\/www.botta.it\/\",\"name\":\"BOTTA PACKAGING \u00bb eco-packaging solutions\",\"description\":\"\u00d6kologische verpackungsl\u00f6sungen, wellpappe liefert, kartons, umschl\u00e4ge, airbags.\",\"publisher\":{\"@id\":\"https:\/\/www.botta.it\/#organization\"},\"potentialAction\":[{\"@type\":\"SearchAction\",\"target\":{\"@type\":\"EntryPoint\",\"urlTemplate\":\"https:\/\/www.botta.it\/?s={search_term_string}\"},\"query-input\":\"required name=search_term_string\"}],\"inLanguage\":\"de\"},{\"@type\":\"Organization\",\"@id\":\"https:\/\/www.botta.it\/#organization\",\"name\":\"BOTTA EcoPackaging\",\"url\":\"https:\/\/www.botta.it\/\",\"logo\":{\"@type\":\"ImageObject\",\"inLanguage\":\"de\",\"@id\":\"https:\/\/www.botta.it\/#\/schema\/logo\/image\/\",\"url\":\"https:\/\/www.botta.it\/wp-content\/uploads\/2021\/12\/Logo-RGB.png\",\"contentUrl\":\"https:\/\/www.botta.it\/wp-content\/uploads\/2021\/12\/Logo-RGB.png\",\"width\":1600,\"height\":1043,\"caption\":\"BOTTA EcoPackaging\"},\"image\":{\"@id\":\"https:\/\/www.botta.it\/#\/schema\/logo\/image\/\"},\"sameAs\":[\"https:\/\/www.facebook.com\/bottapackaging\/\",\"https:\/\/twitter.com\/botta_box\",\"https:\/\/www.instagram.com\/botta_box\/\",\"https:\/\/it.linkedin.com\/company\/botta-ecopackaging\",\"https:\/\/www.youtube.com\/channel\/UCLhT-tw_FsukJfrKi73c48Q\"]}]}<\/script>\n<!-- \/ Yoast SEO Premium plugin. -->","yoast_head_json":{"title":"Eco Fix-Sheet - botta.it | Fix boxes on the pallets - BOTTA packaging","description":"Choose our Eco Fix-Sheet, an ecological and eco-sustainable solution: fix boxes on the pallets and avoid damages during transport!","robots":{"index":"index","follow":"follow","max-snippet":"max-snippet:-1","max-image-preview":"max-image-preview:large","max-video-preview":"max-video-preview:-1"},"canonical":"https:\/\/www.botta.it\/de\/eco-produkte\/eco-palletisation-accessories\/eco-fix-sheet\/","og_locale":"de_DE","og_type":"article","og_title":"Eco Fix-Sheet","og_description":"Choose our Eco Fix-Sheet, an ecological and eco-sustainable solution: fix boxes on the pallets and avoid damages during transport!","og_url":"https:\/\/www.botta.it\/de\/eco-produkte\/eco-palletisation-accessories\/eco-fix-sheet\/","og_site_name":"BOTTA PACKAGING \u00bb eco-packaging solutions","article_publisher":"https:\/\/www.facebook.com\/bottapackaging\/","article_modified_time":"2025-05-15T09:10:50+00:00","og_image":[{"width":1080,"height":1080,"url":"https:\/\/www.botta.it\/wp-content\/uploads\/2019\/09\/Eco-fix-sheet.png","type":"image\/png"}],"twitter_card":"summary_large_image","twitter_site":"@botta_box","schema":{"@context":"https:\/\/schema.org","@graph":[{"@type":"WebPage","@id":"https:\/\/www.botta.it\/de\/eco-produkte\/eco-palletisation-accessories\/eco-fix-sheet\/","url":"https:\/\/www.botta.it\/de\/eco-produkte\/eco-palletisation-accessories\/eco-fix-sheet\/","name":"Eco Fix-Sheet - botta.it | Fix boxes on the pallets - BOTTA packaging","isPartOf":{"@id":"https:\/\/www.botta.it\/#website"},"datePublished":"2019-09-30T13:33:37+00:00","dateModified":"2025-05-15T09:10:50+00:00","description":"Choose our Eco Fix-Sheet, an ecological and eco-sustainable solution: fix boxes on the pallets and avoid damages during transport!","breadcrumb":{"@id":"https:\/\/www.botta.it\/de\/eco-produkte\/eco-palletisation-accessories\/eco-fix-sheet\/#breadcrumb"},"inLanguage":"de","potentialAction":[{"@type":"ReadAction","target":["https:\/\/www.botta.it\/de\/eco-produkte\/eco-palletisation-accessories\/eco-fix-sheet\/"]}]},{"@type":"BreadcrumbList","@id":"https:\/\/www.botta.it\/de\/eco-produkte\/eco-palletisation-accessories\/eco-fix-sheet\/#breadcrumb","itemListElement":[{"@type":"ListItem","position":1,"name":"Home","item":"https:\/\/www.botta.it\/"},{"@type":"ListItem","position":2,"name":"Prodotti","item":"https:\/\/www.botta.it\/shop\/"},{"@type":"ListItem","position":3,"name":"ECO-PRODUKTE","item":"https:\/\/www.botta.it\/de\/eco-produkte\/"},{"@type":"ListItem","position":4,"name":"ECO-PALLETISATION ACCESSORIES","item":"https:\/\/www.botta.it\/de\/eco-produkte\/eco-palletisation-accessories\/"},{"@type":"ListItem","position":5,"name":"Eco Fix-Sheet"}]},{"@type":"WebSite","@id":"https:\/\/www.botta.it\/#website","url":"https:\/\/www.botta.it\/","name":"BOTTA PACKAGING \u00bb eco-packaging solutions","description":"\u00d6kologische verpackungsl\u00f6sungen, wellpappe liefert, kartons, umschl\u00e4ge, airbags.","publisher":{"@id":"https:\/\/www.botta.it\/#organization"},"potentialAction":[{"@type":"SearchAction","target":{"@type":"EntryPoint","urlTemplate":"https:\/\/www.botta.it\/?s={search_term_string}"},"query-input":"required name=search_term_string"}],"inLanguage":"de"},{"@type":"Organization","@id":"https:\/\/www.botta.it\/#organization","name":"BOTTA EcoPackaging","url":"https:\/\/www.botta.it\/","logo":{"@type":"ImageObject","inLanguage":"de","@id":"https:\/\/www.botta.it\/#\/schema\/logo\/image\/","url":"https:\/\/www.botta.it\/wp-content\/uploads\/2021\/12\/Logo-RGB.png","contentUrl":"https:\/\/www.botta.it\/wp-content\/uploads\/2021\/12\/Logo-RGB.png","width":1600,"height":1043,"caption":"BOTTA EcoPackaging"},"image":{"@id":"https:\/\/www.botta.it\/#\/schema\/logo\/image\/"},"sameAs":["https:\/\/www.facebook.com\/bottapackaging\/","https:\/\/twitter.com\/botta_box","https:\/\/www.instagram.com\/botta_box\/","https:\/\/it.linkedin.com\/company\/botta-ecopackaging","https:\/\/www.youtube.com\/channel\/UCLhT-tw_FsukJfrKi73c48Q"]}]}},"_links":{"self":[{"href":"https:\/\/www.botta.it\/de\/wp-json\/wp\/v2\/product\/12325"}],"collection":[{"href":"https:\/\/www.botta.it\/de\/wp-json\/wp\/v2\/product"}],"about":[{"href":"https:\/\/www.botta.it\/de\/wp-json\/wp\/v2\/types\/product"}],"version-history":[{"count":4,"href":"https:\/\/www.botta.it\/de\/wp-json\/wp\/v2\/product\/12325\/revisions"}],"predecessor-version":[{"id":20927,"href":"https:\/\/www.botta.it\/de\/wp-json\/wp\/v2\/product\/12325\/revisions\/20927"}],"wp:featuredmedia":[{"embeddable":true,"href":"https:\/\/www.botta.it\/de\/wp-json\/wp\/v2\/media\/26949"}],"wp:attachment":[{"href":"https:\/\/www.botta.it\/de\/wp-json\/wp\/v2\/media?parent=12325"}],"wp:term":[{"taxonomy":"product_cat","embeddable":true,"href":"https:\/\/www.botta.it\/de\/wp-json\/wp\/v2\/product_cat?post=12325"},{"taxonomy":"product_tag","embeddable":true,"href":"https:\/\/www.botta.it\/de\/wp-json\/wp\/v2\/product_tag?post=12325"}],"curies":[{"name":"wp","href":"https:\/\/api.w.org\/{rel}","templated":true}]}}