{"id":12288,"date":"2020-04-17T08:59:48","date_gmt":"2020-04-17T06:59:48","guid":{"rendered":"https:\/\/www.botta.it\/?post_type=product&#038;p=12288"},"modified":"2025-05-16T10:43:14","modified_gmt":"2025-05-16T08:43:14","slug":"flexi-hex","status":"publish","type":"product","link":"https:\/\/www.botta.it\/de\/eco-produkte\/eco-protective-packaging\/bottle-packaging\/flexi-hex\/","title":{"rendered":"FLEXI-HEX\u00ae"},"content":{"rendered":"<p>BESCHREIBUNG:<\/p>\n<p><strong>Flexi-Hex\u00ae <\/strong>ist die Alternative zu Plastikverpackungen, hergestellt aus recyceltem Papierzellstoff und verwendet Klebstoff auf Wasserbasis. Unseres <strong>Flexi-Hex\u00ae <\/strong>ist plastikfrei, recycelbar, biologisch abbaubar und kompostierbar in 6 Wochen!\u00a0 Das wabenf\u00f6rmige Design kann sich bis zum 35-fachen seiner kompakten Gr\u00f6\u00dfe ausdehnen. Auf diese Weise gew\u00e4hrleistet es Schutz und Passform f\u00fcr eine Vielzahl von Formen und Gr\u00f6\u00dfen. Es hat die EU-Falltests bestanden, dank seiner technischen Form und der F\u00e4higkeit, zerbrechliche Gegenst\u00e4nde vor St\u00f6\u00dfen zu sch\u00fctzen, was die Bruchrate erheblich reduziert.<\/p>\n<p>Au\u00dferdem k\u00f6nnen Sie das Material durch seine flexible Natur der sechseckigen Struktur leicht an jede Produktform und -gr\u00f6\u00dfe anpassen. Das erm\u00f6glicht ihm verschiedene Anwendungen in unterschiedlichen Verpackungsbereichen. <strong>Flexi-Hex\u00ae <\/strong>ist au\u00dferdem leicht und nimmt in seiner komprimierten Form wenig Lagerplatz ein, was die Lagerkosten und die Transportwege und -kosten reduziert.<\/p>\n<p>&nbsp;<\/p>\n<p>HAUPTMERKMALE:<\/p>\n<ul>\n<li>Vollst\u00e4ndig aus Karton hergestellt<\/li>\n<li>Recycelbar, biologisch abbaubar &amp; kompostierbar<\/li>\n<li>Robust und leicht<\/li>\n<li>Einfach zusammenzubauen und user-freundlich<\/li>\n<li>Platz- und zeitsparend<\/li>\n<li>Sch\u00fctzend: hohe Druckfestigkeit<\/li>\n<li>Flexibel und anpassungsf\u00e4hig in der Form<\/li>\n<\/ul>\n<p>MATERIALIEN:<\/p>\n<p><strong>Flexi-Hex\u00ae <\/strong>ist aus recyceltem Papier hergestellt, recycelbar, biologisch abbaubar, kompostierbar und 100 % plastikfrei! Au\u00dferdem wird es mit minimalem Materialen, Klebstoff auf Wasserbasis hergestellt und hat ein sauberes Design.<\/p>\n<p><img decoding=\"async\" class=\"alignnone size-medium wp-image-12182\" src=\"https:\/\/www.botta.it\/wp-content\/uploads\/2020\/04\/1-300x168.png\" alt=\"\" width=\"300\" height=\"168\" srcset=\"https:\/\/www.botta.it\/wp-content\/uploads\/2020\/04\/1-300x168.png 300w, https:\/\/www.botta.it\/wp-content\/uploads\/2020\/04\/1-768x431.png 768w, https:\/\/www.botta.it\/wp-content\/uploads\/2020\/04\/1-1024x574.png 1024w, https:\/\/www.botta.it\/wp-content\/uploads\/2020\/04\/1-240x135.png 240w, https:\/\/www.botta.it\/wp-content\/uploads\/2020\/04\/1.png 1459w\" sizes=\"(max-width: 300px) 100vw, 300px\" \/><\/p>\n<p>Dank seines innovativen Designs dehnt sich <strong>Flexi-Hex\u00ae <\/strong>aus und haftet um Produkte aller Formen und Gr\u00f6\u00dfen und ist dabei funktional. <strong>Flexi-Hex<sup>\u00ae<\/sup><\/strong> \u00a0bietet ein effektiver Schutz und ist attraktiv.<\/p>\n<p>NACHHALTIGKEIT:<\/p>\n<p><strong>Flexi-Hex\u00ae <\/strong>ist eine zuverl\u00e4ssige Verpackungsalternative zu Kunststoffverpackungen, wie Luftpolster, Luftkissen und anderen Hohlraumf\u00fcllungen, mit weitaus geringeren Auswirkungen auf die Umwelt. Au\u00dferdem ist es in 6 Wochen kompostierbar!<\/p>\n<p>Au\u00dfer plastikfrei zu sein hat <strong>Flexi-Hex\u00ae <\/strong>es sogar eine mehrfache Lebensdauer. Allein diese Eigenschaft bringt einen doppelten Nutzen f\u00fcr die Nachhaltigkeit. Aus wirtschaftlicher Sicht ist<strong> Flexi-Hex\u00ae <\/strong>kosteneffektiv und vorteilhaft f\u00fcr die Effizienz der Lieferkette. Aus \u00f6kologischer Sicht bringt es den gr\u00f6\u00dften Wert der Kreislaufwirtschaft hervor &#8211; die Vermeidung von Abf\u00e4llen.<\/p>\n","protected":false},"excerpt":{"rendered":"<p><strong>Flexi-Hex<sup>\u00ae<\/sup><\/strong> ist eine revolution\u00e4re Verpackungsl\u00f6sung auf Papierbasis mit einer einzigartigen sechseckigen Zellstruktur, die sie extrem flexibel und anpassungsf\u00e4hig an die Form des darin platzierten Produkts macht. Die Wabenstruktur ist robust, leicht, dehnbar. Wir haben <strong>Flexi-Hex<sup>\u00ae<\/sup><\/strong> entwickelt, um eine Vielzahl von zerbrechlichen Gegenst\u00e4nden zu sch\u00fctzen, von Flaschen bis hin zu gr\u00f6\u00dferen Industrieprodukten. Es kann in einer Vielzahl von Industriezweigen eingesetzt werden, wie z.B. Weinkellerei, Sch\u00f6nheitspflege, Pharmabranche, usw.<\/p>\n<p><strong>Flexi-Hex\u00ae <\/strong>verwendet nur minimale Materialien und verbessert so den Schutz der Produkte. Es reduziert gleichzeitig die Versand- und Lagerkosten und darstellt eine \u00fcberlegene Alternative zu Plastikverpackungen.<\/p>\n<ul>\n<li>Hergestellt aus\u00a0FSC-zertifiziertes Papier &#8211; 100% Recyclingpapier<\/li>\n<li>Recyclebar<\/li>\n<li>Biologisch abbaubar<\/li>\n<li>Kompostierbar<\/li>\n<li>Klebstoff auf Wasserbasis<\/li>\n<li>Kompakt im Lagerraum<\/li>\n<li>Flexibel und sch\u00fctzend<\/li>\n<\/ul>\n<p><strong>Bitte beachten Sie, dass zylindrische Basis, Oberteil und H\u00fclle Zubeh\u00f6r sind, das auf Anfrage erh\u00e4ltlich ist.<\/strong><\/p>\n<p>&nbsp;<\/p>\n","protected":false},"featured_media":27113,"template":"","meta":{"om_disable_all_campaigns":false,"_monsterinsights_skip_tracking":false,"_monsterinsights_sitenote_active":false,"_monsterinsights_sitenote_note":"","_monsterinsights_sitenote_category":0,"site-sidebar-layout":"default","site-content-layout":"default","ast-global-header-display":"","ast-banner-title-visibility":"","ast-main-header-display":"","ast-hfb-above-header-display":"","ast-hfb-below-header-display":"","ast-hfb-mobile-header-display":"","site-post-title":"","ast-breadcrumbs-content":"","ast-featured-img":"","footer-sml-layout":"","theme-transparent-header-meta":"default","adv-header-id-meta":"","stick-header-meta":"","header-above-stick-meta":"","header-main-stick-meta":"","header-below-stick-meta":""},"product_cat":[5315,5306],"product_tag":[],"aioseo_notices":[],"yoast_head":"<!-- This site is optimized with the Yoast SEO Premium plugin v19.2.1 (Yoast SEO v21.9.1) - https:\/\/yoast.com\/wordpress\/plugins\/seo\/ -->\n<title>BOTTA PACKAGING \u00bb eco-verpackungsl\u00f6sungen - FLEXI-HEX\u00ae<\/title>\n<meta name=\"description\" content=\"Flexi-Hex\u00ae ist eine revolution\u00e4re Verpackungsl\u00f6sung auf Papierbasis mit einer einzigartigen sechseckigen Zellstruktur, die sie extrem flexibel.\" \/>\n<meta name=\"robots\" content=\"index, follow, max-snippet:-1, max-image-preview:large, max-video-preview:-1\" \/>\n<link rel=\"canonical\" href=\"https:\/\/www.botta.it\/de\/eco-produkte\/eco-protective-packaging\/bottle-packaging\/flexi-hex\/\" \/>\n<meta property=\"og:locale\" content=\"de_DE\" \/>\n<meta property=\"og:type\" content=\"article\" \/>\n<meta property=\"og:title\" content=\"FLEXI-HEX\u00ae\" \/>\n<meta property=\"og:description\" content=\"Flexi-Hex\u00ae ist eine revolution\u00e4re Verpackungsl\u00f6sung auf Papierbasis mit einer einzigartigen sechseckigen Zellstruktur, die sie extrem flexibel.\" \/>\n<meta property=\"og:url\" content=\"https:\/\/www.botta.it\/de\/eco-produkte\/eco-protective-packaging\/bottle-packaging\/flexi-hex\/\" \/>\n<meta property=\"og:site_name\" content=\"BOTTA PACKAGING \u00bb eco-verpackungsl\u00f6sungen\" \/>\n<meta property=\"article:publisher\" content=\"https:\/\/www.facebook.com\/bottapackaging\/\" \/>\n<meta property=\"article:modified_time\" content=\"2025-05-16T08:43:14+00:00\" \/>\n<meta property=\"og:image\" content=\"https:\/\/www.botta.it\/wp-content\/uploads\/2020\/04\/Flexi-hex-1.png\" \/>\n\t<meta property=\"og:image:width\" content=\"1024\" \/>\n\t<meta property=\"og:image:height\" content=\"1024\" \/>\n\t<meta property=\"og:image:type\" content=\"image\/png\" \/>\n<meta name=\"twitter:card\" content=\"summary_large_image\" \/>\n<meta name=\"twitter:site\" content=\"@botta_box\" \/>\n<script type=\"application\/ld+json\" class=\"yoast-schema-graph\">{\"@context\":\"https:\/\/schema.org\",\"@graph\":[{\"@type\":\"WebPage\",\"@id\":\"https:\/\/www.botta.it\/de\/eco-produkte\/eco-protective-packaging\/bottle-packaging\/flexi-hex\/\",\"url\":\"https:\/\/www.botta.it\/de\/eco-produkte\/eco-protective-packaging\/bottle-packaging\/flexi-hex\/\",\"name\":\"BOTTA PACKAGING \u00bb eco-verpackungsl\u00f6sungen - FLEXI-HEX\u00ae\",\"isPartOf\":{\"@id\":\"https:\/\/www.botta.it\/#website\"},\"datePublished\":\"2020-04-17T06:59:48+00:00\",\"dateModified\":\"2025-05-16T08:43:14+00:00\",\"description\":\"Flexi-Hex\u00ae ist eine revolution\u00e4re Verpackungsl\u00f6sung auf Papierbasis mit einer einzigartigen sechseckigen Zellstruktur, die sie extrem flexibel.\",\"breadcrumb\":{\"@id\":\"https:\/\/www.botta.it\/de\/eco-produkte\/eco-protective-packaging\/bottle-packaging\/flexi-hex\/#breadcrumb\"},\"inLanguage\":\"de\",\"potentialAction\":[{\"@type\":\"ReadAction\",\"target\":[\"https:\/\/www.botta.it\/de\/eco-produkte\/eco-protective-packaging\/bottle-packaging\/flexi-hex\/\"]}]},{\"@type\":\"BreadcrumbList\",\"@id\":\"https:\/\/www.botta.it\/de\/eco-produkte\/eco-protective-packaging\/bottle-packaging\/flexi-hex\/#breadcrumb\",\"itemListElement\":[{\"@type\":\"ListItem\",\"position\":1,\"name\":\"Home\",\"item\":\"https:\/\/www.botta.it\/\"},{\"@type\":\"ListItem\",\"position\":2,\"name\":\"Prodotti\",\"item\":\"https:\/\/www.botta.it\/shop\/\"},{\"@type\":\"ListItem\",\"position\":3,\"name\":\"ECO-PRODUKTE\",\"item\":\"https:\/\/www.botta.it\/de\/eco-produkte\/\"},{\"@type\":\"ListItem\",\"position\":4,\"name\":\"ECO-PROTECTIVE PACKAGING\",\"item\":\"https:\/\/www.botta.it\/de\/eco-produkte\/eco-protective-packaging\/\"},{\"@type\":\"ListItem\",\"position\":5,\"name\":\"BOTTLE PACKAGING\",\"item\":\"https:\/\/www.botta.it\/de\/eco-produkte\/eco-protective-packaging\/bottle-packaging\/\"},{\"@type\":\"ListItem\",\"position\":6,\"name\":\"FLEXI-HEX\u00ae\"}]},{\"@type\":\"WebSite\",\"@id\":\"https:\/\/www.botta.it\/#website\",\"url\":\"https:\/\/www.botta.it\/\",\"name\":\"BOTTA PACKAGING \u00bb eco-verpackungsl\u00f6sungen\",\"description\":\"\u00d6kologische verpackungsl\u00f6sungen, wellpappe liefert, kartons, umschl\u00e4ge, airbags.\",\"publisher\":{\"@id\":\"https:\/\/www.botta.it\/#organization\"},\"potentialAction\":[{\"@type\":\"SearchAction\",\"target\":{\"@type\":\"EntryPoint\",\"urlTemplate\":\"https:\/\/www.botta.it\/?s={search_term_string}\"},\"query-input\":\"required name=search_term_string\"}],\"inLanguage\":\"de\"},{\"@type\":\"Organization\",\"@id\":\"https:\/\/www.botta.it\/#organization\",\"name\":\"BOTTA EcoPackaging\",\"url\":\"https:\/\/www.botta.it\/\",\"logo\":{\"@type\":\"ImageObject\",\"inLanguage\":\"de\",\"@id\":\"https:\/\/www.botta.it\/#\/schema\/logo\/image\/\",\"url\":\"https:\/\/www.botta.it\/wp-content\/uploads\/2021\/12\/Logo-RGB.png\",\"contentUrl\":\"https:\/\/www.botta.it\/wp-content\/uploads\/2021\/12\/Logo-RGB.png\",\"width\":1600,\"height\":1043,\"caption\":\"BOTTA EcoPackaging\"},\"image\":{\"@id\":\"https:\/\/www.botta.it\/#\/schema\/logo\/image\/\"},\"sameAs\":[\"https:\/\/www.facebook.com\/bottapackaging\/\",\"https:\/\/twitter.com\/botta_box\",\"https:\/\/www.instagram.com\/botta_box\/\",\"https:\/\/it.linkedin.com\/company\/botta-ecopackaging\",\"https:\/\/www.youtube.com\/channel\/UCLhT-tw_FsukJfrKi73c48Q\"]}]}<\/script>\n<!-- \/ Yoast SEO Premium plugin. -->","yoast_head_json":{"title":"BOTTA PACKAGING \u00bb eco-verpackungsl\u00f6sungen - FLEXI-HEX\u00ae","description":"Flexi-Hex\u00ae ist eine revolution\u00e4re Verpackungsl\u00f6sung auf Papierbasis mit einer einzigartigen sechseckigen Zellstruktur, die sie extrem flexibel.","robots":{"index":"index","follow":"follow","max-snippet":"max-snippet:-1","max-image-preview":"max-image-preview:large","max-video-preview":"max-video-preview:-1"},"canonical":"https:\/\/www.botta.it\/de\/eco-produkte\/eco-protective-packaging\/bottle-packaging\/flexi-hex\/","og_locale":"de_DE","og_type":"article","og_title":"FLEXI-HEX\u00ae","og_description":"Flexi-Hex\u00ae ist eine revolution\u00e4re Verpackungsl\u00f6sung auf Papierbasis mit einer einzigartigen sechseckigen Zellstruktur, die sie extrem flexibel.","og_url":"https:\/\/www.botta.it\/de\/eco-produkte\/eco-protective-packaging\/bottle-packaging\/flexi-hex\/","og_site_name":"BOTTA PACKAGING \u00bb eco-verpackungsl\u00f6sungen","article_publisher":"https:\/\/www.facebook.com\/bottapackaging\/","article_modified_time":"2025-05-16T08:43:14+00:00","og_image":[{"width":1024,"height":1024,"url":"https:\/\/www.botta.it\/wp-content\/uploads\/2020\/04\/Flexi-hex-1.png","type":"image\/png"}],"twitter_card":"summary_large_image","twitter_site":"@botta_box","schema":{"@context":"https:\/\/schema.org","@graph":[{"@type":"WebPage","@id":"https:\/\/www.botta.it\/de\/eco-produkte\/eco-protective-packaging\/bottle-packaging\/flexi-hex\/","url":"https:\/\/www.botta.it\/de\/eco-produkte\/eco-protective-packaging\/bottle-packaging\/flexi-hex\/","name":"BOTTA PACKAGING \u00bb eco-verpackungsl\u00f6sungen - FLEXI-HEX\u00ae","isPartOf":{"@id":"https:\/\/www.botta.it\/#website"},"datePublished":"2020-04-17T06:59:48+00:00","dateModified":"2025-05-16T08:43:14+00:00","description":"Flexi-Hex\u00ae ist eine revolution\u00e4re Verpackungsl\u00f6sung auf Papierbasis mit einer einzigartigen sechseckigen Zellstruktur, die sie extrem flexibel.","breadcrumb":{"@id":"https:\/\/www.botta.it\/de\/eco-produkte\/eco-protective-packaging\/bottle-packaging\/flexi-hex\/#breadcrumb"},"inLanguage":"de","potentialAction":[{"@type":"ReadAction","target":["https:\/\/www.botta.it\/de\/eco-produkte\/eco-protective-packaging\/bottle-packaging\/flexi-hex\/"]}]},{"@type":"BreadcrumbList","@id":"https:\/\/www.botta.it\/de\/eco-produkte\/eco-protective-packaging\/bottle-packaging\/flexi-hex\/#breadcrumb","itemListElement":[{"@type":"ListItem","position":1,"name":"Home","item":"https:\/\/www.botta.it\/"},{"@type":"ListItem","position":2,"name":"Prodotti","item":"https:\/\/www.botta.it\/shop\/"},{"@type":"ListItem","position":3,"name":"ECO-PRODUKTE","item":"https:\/\/www.botta.it\/de\/eco-produkte\/"},{"@type":"ListItem","position":4,"name":"ECO-PROTECTIVE PACKAGING","item":"https:\/\/www.botta.it\/de\/eco-produkte\/eco-protective-packaging\/"},{"@type":"ListItem","position":5,"name":"BOTTLE PACKAGING","item":"https:\/\/www.botta.it\/de\/eco-produkte\/eco-protective-packaging\/bottle-packaging\/"},{"@type":"ListItem","position":6,"name":"FLEXI-HEX\u00ae"}]},{"@type":"WebSite","@id":"https:\/\/www.botta.it\/#website","url":"https:\/\/www.botta.it\/","name":"BOTTA PACKAGING \u00bb eco-verpackungsl\u00f6sungen","description":"\u00d6kologische verpackungsl\u00f6sungen, wellpappe liefert, kartons, umschl\u00e4ge, airbags.","publisher":{"@id":"https:\/\/www.botta.it\/#organization"},"potentialAction":[{"@type":"SearchAction","target":{"@type":"EntryPoint","urlTemplate":"https:\/\/www.botta.it\/?s={search_term_string}"},"query-input":"required name=search_term_string"}],"inLanguage":"de"},{"@type":"Organization","@id":"https:\/\/www.botta.it\/#organization","name":"BOTTA EcoPackaging","url":"https:\/\/www.botta.it\/","logo":{"@type":"ImageObject","inLanguage":"de","@id":"https:\/\/www.botta.it\/#\/schema\/logo\/image\/","url":"https:\/\/www.botta.it\/wp-content\/uploads\/2021\/12\/Logo-RGB.png","contentUrl":"https:\/\/www.botta.it\/wp-content\/uploads\/2021\/12\/Logo-RGB.png","width":1600,"height":1043,"caption":"BOTTA EcoPackaging"},"image":{"@id":"https:\/\/www.botta.it\/#\/schema\/logo\/image\/"},"sameAs":["https:\/\/www.facebook.com\/bottapackaging\/","https:\/\/twitter.com\/botta_box","https:\/\/www.instagram.com\/botta_box\/","https:\/\/it.linkedin.com\/company\/botta-ecopackaging","https:\/\/www.youtube.com\/channel\/UCLhT-tw_FsukJfrKi73c48Q"]}]}},"_links":{"self":[{"href":"https:\/\/www.botta.it\/de\/wp-json\/wp\/v2\/product\/12288"}],"collection":[{"href":"https:\/\/www.botta.it\/de\/wp-json\/wp\/v2\/product"}],"about":[{"href":"https:\/\/www.botta.it\/de\/wp-json\/wp\/v2\/types\/product"}],"version-history":[{"count":4,"href":"https:\/\/www.botta.it\/de\/wp-json\/wp\/v2\/product\/12288\/revisions"}],"predecessor-version":[{"id":24307,"href":"https:\/\/www.botta.it\/de\/wp-json\/wp\/v2\/product\/12288\/revisions\/24307"}],"wp:featuredmedia":[{"embeddable":true,"href":"https:\/\/www.botta.it\/de\/wp-json\/wp\/v2\/media\/27113"}],"wp:attachment":[{"href":"https:\/\/www.botta.it\/de\/wp-json\/wp\/v2\/media?parent=12288"}],"wp:term":[{"taxonomy":"product_cat","embeddable":true,"href":"https:\/\/www.botta.it\/de\/wp-json\/wp\/v2\/product_cat?post=12288"},{"taxonomy":"product_tag","embeddable":true,"href":"https:\/\/www.botta.it\/de\/wp-json\/wp\/v2\/product_tag?post=12288"}],"curies":[{"name":"wp","href":"https:\/\/api.w.org\/{rel}","templated":true}]}}