{"id":11935,"date":"2021-04-11T16:51:01","date_gmt":"2021-04-11T14:51:01","guid":{"rendered":"https:\/\/www.botta.it\/prodotto\/eco-sleeve-self-seal\/"},"modified":"2025-05-15T16:10:09","modified_gmt":"2025-05-15T14:10:09","slug":"eco-self-seal-cardboard","status":"publish","type":"product","link":"https:\/\/www.botta.it\/de\/eco-produkte\/eco-protective-packaging-de\/bottle-packaging-de\/eco-self-seal-cardboard\/","title":{"rendered":"ECO-SELF SEAL CARDBOARD"},"content":{"rendered":"<p><strong>Eco-Self Seal Cardboard<\/strong>\u00a0ist eine hervorragende nachhaltige Verpackungsl\u00f6sung f\u00fcr alle flaschenf\u00f6rmigen Produkte. Es wird in Wellpappbl\u00e4ttern oder -rollen geliefert und ist mit einem selbstdichtenden Klebstoff beschichtet, der zum Schutz auf dem Produkt haftet, ohne es zu zerkratzen. Die Klebung verhindert au\u00dferdem das Verrutschen und Verschieben des Produktes w\u00e4hrend des Transports innerhalb der Verpackung, wodurch ein zus\u00e4tzlicher Schutz gew\u00e4hrleistet wird.<\/p>\n<p><strong>Italienische ATICELCA-Zertifizierung f\u00fcr Papierrecyclingf\u00e4higkeit.<\/strong><\/p>\n<p><strong>Das Eco-Self Seal Cardboard hat die FSC\u00ae-Zertifizierung erhalten, die auf Anfrage erh\u00e4ltlich ist.<\/strong><\/p>\n","protected":false},"excerpt":{"rendered":"<p><em>M\u00fcheloses Selbstklebendes Verpackungsmaterial f\u00fcr Sicheren und Nachhaltigen Versand<\/em><\/p>\n<ul>\n<li><strong>Selbstklebetechnologie<\/strong>: Sichern Sie Produkte m\u00fchelos mit einem Naturkautschukkleber, der nur an sich selbst haftet und eine saubere, r\u00fcckstandsfreie Versiegelung bietet.<\/li>\n<li><strong>Recycelter Karton<\/strong>: Hergestellt aus 100% recyceltem Material, f\u00f6rdert Nachhaltigkeit und reduziert die Umweltbelastung.<\/li>\n<li><strong>Recycling-Zertifizierung<\/strong>: ATICELCA\u00ae zertifiziert f\u00fcr einfaches Recycling mit Papier, sorgt f\u00fcr umweltfreundliche Entsorgung.<\/li>\n<li><strong>Vielseitige Rollengr\u00f6\u00dfe<\/strong>: Erh\u00e4ltlich in praktischen Rollen (h300mm x 90 Meter), um verschiedene Produktgr\u00f6\u00dfen und -formen aufzunehmen.<\/li>\n<li><strong>Einfache Anwendung<\/strong>: Einfach zu verwenden ohne Hitze oder Werkzeuge; einfach leichten Druck aus\u00fcben, um zu versiegeln.<\/li>\n<li><strong>Branchenspezifische Anpassungsf\u00e4higkeit<\/strong>: Geeignet f\u00fcr verschiedene Branchen, einschlie\u00dflich Pharma, Beauty, Lebensmittel &amp; Getr\u00e4nke und E-Commerce.<\/li>\n<li><strong>FSC\u00ae-Zertifizierung<\/strong>: Optional verf\u00fcgbar, um hohe Standards f\u00fcr nachhaltige Forstwirtschaft zu erf\u00fcllen.<\/li>\n<li><strong>Sch\u00fctzendes Design<\/strong>: Ideal f\u00fcr zylindrische Produkte wie Flaschen, verhindert Bewegung und bietet \u00fcberlegenen Schutz w\u00e4hrend des Transports.<\/li>\n<\/ul>\n<blockquote><p>Wenn Sie den <strong>Eco-Self Seal Cardboard<\/strong> als Alternative zu einem Neupapierprodukt w\u00e4hlen, k\u00f6nnen Sie pro 1000 St\u00fcck <strong>47672,56 Kg Co2<\/strong> \u00c4quivalent an Treibhausgasemissionen einsparen!<br \/>\nUm alle Umwelteinsparungen zu erfahren, <a href=\"https:\/\/www.botta.it\/wp-content\/uploads\/2022\/01\/2_ECO-SELF-SEAL-CARDBOARD.pdf\" target=\"_blank\" rel=\"noopener\">klicken Sie hier<\/a><\/p>\n<p style=\"font-size: 11px;\">* Sch\u00e4tzungen der Umweltauswirkungen wurden mit dem Environmental Paper Network Paper Calculator Version 4.0 erstellt. F\u00fcr weitere Informationen besuchen Sie <a href=\"https:\/\/www.papercalculator.org\" target=\"_blank\" rel=\"noopener\">www.papercalculator.org<\/a><\/p>\n<\/blockquote>\n","protected":false},"featured_media":18386,"template":"","meta":{"om_disable_all_campaigns":false,"_monsterinsights_skip_tracking":false,"_monsterinsights_sitenote_active":false,"_monsterinsights_sitenote_note":"","_monsterinsights_sitenote_category":0,"site-sidebar-layout":"default","site-content-layout":"default","ast-global-header-display":"","ast-banner-title-visibility":"","ast-main-header-display":"","ast-hfb-above-header-display":"","ast-hfb-below-header-display":"","ast-hfb-mobile-header-display":"","site-post-title":"","ast-breadcrumbs-content":"","ast-featured-img":"","footer-sml-layout":"","theme-transparent-header-meta":"default","adv-header-id-meta":"","stick-header-meta":"","header-above-stick-meta":"","header-main-stick-meta":"","header-below-stick-meta":""},"product_cat":[5315],"product_tag":[],"aioseo_notices":[],"yoast_head":"<!-- This site is optimized with the Yoast SEO Premium plugin v19.2.1 (Yoast SEO v21.9.1) - https:\/\/yoast.com\/wordpress\/plugins\/seo\/ -->\n<title>ECO-SELF SEAL CARDBOARD<\/title>\n<meta name=\"description\" content=\"Eco-Self Seal Cardboard\u00a0ist eine hervorragende nachhaltige Verpackungsl\u00f6sung f\u00fcr alle flaschenf\u00f6rmigen Produkte.\" \/>\n<meta name=\"robots\" content=\"index, follow, max-snippet:-1, max-image-preview:large, max-video-preview:-1\" \/>\n<link rel=\"canonical\" href=\"https:\/\/www.botta.it\/de\/eco-produkte\/eco-protective-packaging-de\/bottle-packaging-de\/eco-self-seal-cardboard\/\" \/>\n<meta property=\"og:locale\" content=\"de_DE\" \/>\n<meta property=\"og:type\" content=\"article\" \/>\n<meta property=\"og:title\" content=\"ECO-SELF SEAL CARDBOARD\" \/>\n<meta property=\"og:description\" content=\"Eco-Self Seal Cardboard\u00a0ist eine hervorragende nachhaltige Verpackungsl\u00f6sung f\u00fcr alle flaschenf\u00f6rmigen Produkte.\" \/>\n<meta property=\"og:url\" content=\"https:\/\/www.botta.it\/de\/eco-produkte\/eco-protective-packaging-de\/bottle-packaging-de\/eco-self-seal-cardboard\/\" \/>\n<meta property=\"og:site_name\" content=\"BOTTA PACKAGING \u00bb eco-packaging solutions\" \/>\n<meta property=\"article:publisher\" content=\"https:\/\/www.facebook.com\/bottapackaging\/\" \/>\n<meta property=\"article:modified_time\" content=\"2025-05-15T14:10:09+00:00\" \/>\n<meta property=\"og:image\" content=\"https:\/\/www.botta.it\/wp-content\/uploads\/2021\/04\/Eco-self-seal-cardboard.png\" \/>\n\t<meta property=\"og:image:width\" content=\"1024\" \/>\n\t<meta property=\"og:image:height\" content=\"1024\" \/>\n\t<meta property=\"og:image:type\" content=\"image\/png\" \/>\n<meta name=\"twitter:card\" content=\"summary_large_image\" \/>\n<meta name=\"twitter:site\" content=\"@botta_box\" \/>\n<script type=\"application\/ld+json\" class=\"yoast-schema-graph\">{\"@context\":\"https:\/\/schema.org\",\"@graph\":[{\"@type\":\"WebPage\",\"@id\":\"https:\/\/www.botta.it\/de\/eco-produkte\/eco-protective-packaging-de\/bottle-packaging-de\/eco-self-seal-cardboard\/\",\"url\":\"https:\/\/www.botta.it\/de\/eco-produkte\/eco-protective-packaging-de\/bottle-packaging-de\/eco-self-seal-cardboard\/\",\"name\":\"ECO-SELF SEAL CARDBOARD\",\"isPartOf\":{\"@id\":\"https:\/\/www.botta.it\/#website\"},\"datePublished\":\"2021-04-11T14:51:01+00:00\",\"dateModified\":\"2025-05-15T14:10:09+00:00\",\"description\":\"Eco-Self Seal Cardboard\u00a0ist eine hervorragende nachhaltige Verpackungsl\u00f6sung f\u00fcr alle flaschenf\u00f6rmigen Produkte.\",\"breadcrumb\":{\"@id\":\"https:\/\/www.botta.it\/de\/eco-produkte\/eco-protective-packaging-de\/bottle-packaging-de\/eco-self-seal-cardboard\/#breadcrumb\"},\"inLanguage\":\"de\",\"potentialAction\":[{\"@type\":\"ReadAction\",\"target\":[\"https:\/\/www.botta.it\/de\/eco-produkte\/eco-protective-packaging-de\/bottle-packaging-de\/eco-self-seal-cardboard\/\"]}]},{\"@type\":\"BreadcrumbList\",\"@id\":\"https:\/\/www.botta.it\/de\/eco-produkte\/eco-protective-packaging-de\/bottle-packaging-de\/eco-self-seal-cardboard\/#breadcrumb\",\"itemListElement\":[{\"@type\":\"ListItem\",\"position\":1,\"name\":\"Home\",\"item\":\"https:\/\/www.botta.it\/\"},{\"@type\":\"ListItem\",\"position\":2,\"name\":\"Prodotti\",\"item\":\"https:\/\/www.botta.it\/shop\/\"},{\"@type\":\"ListItem\",\"position\":3,\"name\":\"ECO-PRODUKTE\",\"item\":\"https:\/\/www.botta.it\/de\/eco-produkte\/\"},{\"@type\":\"ListItem\",\"position\":4,\"name\":\"ECO-PROTECTIVE PACKAGING\",\"item\":\"https:\/\/www.botta.it\/de\/eco-produkte\/eco-protective-packaging\/\"},{\"@type\":\"ListItem\",\"position\":5,\"name\":\"BOTTLE PACKAGING\",\"item\":\"https:\/\/www.botta.it\/de\/eco-produkte\/eco-protective-packaging\/bottle-packaging\/\"},{\"@type\":\"ListItem\",\"position\":6,\"name\":\"ECO-SELF SEAL CARDBOARD\"}]},{\"@type\":\"WebSite\",\"@id\":\"https:\/\/www.botta.it\/#website\",\"url\":\"https:\/\/www.botta.it\/\",\"name\":\"BOTTA PACKAGING \u00bb eco-packaging solutions\",\"description\":\"\u00d6kologische verpackungsl\u00f6sungen, wellpappe liefert, kartons, umschl\u00e4ge, airbags.\",\"publisher\":{\"@id\":\"https:\/\/www.botta.it\/#organization\"},\"potentialAction\":[{\"@type\":\"SearchAction\",\"target\":{\"@type\":\"EntryPoint\",\"urlTemplate\":\"https:\/\/www.botta.it\/?s={search_term_string}\"},\"query-input\":\"required name=search_term_string\"}],\"inLanguage\":\"de\"},{\"@type\":\"Organization\",\"@id\":\"https:\/\/www.botta.it\/#organization\",\"name\":\"BOTTA EcoPackaging\",\"url\":\"https:\/\/www.botta.it\/\",\"logo\":{\"@type\":\"ImageObject\",\"inLanguage\":\"de\",\"@id\":\"https:\/\/www.botta.it\/#\/schema\/logo\/image\/\",\"url\":\"https:\/\/www.botta.it\/wp-content\/uploads\/2021\/12\/Logo-RGB.png\",\"contentUrl\":\"https:\/\/www.botta.it\/wp-content\/uploads\/2021\/12\/Logo-RGB.png\",\"width\":1600,\"height\":1043,\"caption\":\"BOTTA EcoPackaging\"},\"image\":{\"@id\":\"https:\/\/www.botta.it\/#\/schema\/logo\/image\/\"},\"sameAs\":[\"https:\/\/www.facebook.com\/bottapackaging\/\",\"https:\/\/twitter.com\/botta_box\",\"https:\/\/www.instagram.com\/botta_box\/\",\"https:\/\/it.linkedin.com\/company\/botta-ecopackaging\",\"https:\/\/www.youtube.com\/channel\/UCLhT-tw_FsukJfrKi73c48Q\"]}]}<\/script>\n<!-- \/ Yoast SEO Premium plugin. -->","yoast_head_json":{"title":"ECO-SELF SEAL CARDBOARD","description":"Eco-Self Seal Cardboard\u00a0ist eine hervorragende nachhaltige Verpackungsl\u00f6sung f\u00fcr alle flaschenf\u00f6rmigen Produkte.","robots":{"index":"index","follow":"follow","max-snippet":"max-snippet:-1","max-image-preview":"max-image-preview:large","max-video-preview":"max-video-preview:-1"},"canonical":"https:\/\/www.botta.it\/de\/eco-produkte\/eco-protective-packaging-de\/bottle-packaging-de\/eco-self-seal-cardboard\/","og_locale":"de_DE","og_type":"article","og_title":"ECO-SELF SEAL CARDBOARD","og_description":"Eco-Self Seal Cardboard\u00a0ist eine hervorragende nachhaltige Verpackungsl\u00f6sung f\u00fcr alle flaschenf\u00f6rmigen Produkte.","og_url":"https:\/\/www.botta.it\/de\/eco-produkte\/eco-protective-packaging-de\/bottle-packaging-de\/eco-self-seal-cardboard\/","og_site_name":"BOTTA PACKAGING \u00bb eco-packaging solutions","article_publisher":"https:\/\/www.facebook.com\/bottapackaging\/","article_modified_time":"2025-05-15T14:10:09+00:00","og_image":[{"width":1024,"height":1024,"url":"https:\/\/www.botta.it\/wp-content\/uploads\/2021\/04\/Eco-self-seal-cardboard.png","type":"image\/png"}],"twitter_card":"summary_large_image","twitter_site":"@botta_box","schema":{"@context":"https:\/\/schema.org","@graph":[{"@type":"WebPage","@id":"https:\/\/www.botta.it\/de\/eco-produkte\/eco-protective-packaging-de\/bottle-packaging-de\/eco-self-seal-cardboard\/","url":"https:\/\/www.botta.it\/de\/eco-produkte\/eco-protective-packaging-de\/bottle-packaging-de\/eco-self-seal-cardboard\/","name":"ECO-SELF SEAL CARDBOARD","isPartOf":{"@id":"https:\/\/www.botta.it\/#website"},"datePublished":"2021-04-11T14:51:01+00:00","dateModified":"2025-05-15T14:10:09+00:00","description":"Eco-Self Seal Cardboard\u00a0ist eine hervorragende nachhaltige Verpackungsl\u00f6sung f\u00fcr alle flaschenf\u00f6rmigen Produkte.","breadcrumb":{"@id":"https:\/\/www.botta.it\/de\/eco-produkte\/eco-protective-packaging-de\/bottle-packaging-de\/eco-self-seal-cardboard\/#breadcrumb"},"inLanguage":"de","potentialAction":[{"@type":"ReadAction","target":["https:\/\/www.botta.it\/de\/eco-produkte\/eco-protective-packaging-de\/bottle-packaging-de\/eco-self-seal-cardboard\/"]}]},{"@type":"BreadcrumbList","@id":"https:\/\/www.botta.it\/de\/eco-produkte\/eco-protective-packaging-de\/bottle-packaging-de\/eco-self-seal-cardboard\/#breadcrumb","itemListElement":[{"@type":"ListItem","position":1,"name":"Home","item":"https:\/\/www.botta.it\/"},{"@type":"ListItem","position":2,"name":"Prodotti","item":"https:\/\/www.botta.it\/shop\/"},{"@type":"ListItem","position":3,"name":"ECO-PRODUKTE","item":"https:\/\/www.botta.it\/de\/eco-produkte\/"},{"@type":"ListItem","position":4,"name":"ECO-PROTECTIVE PACKAGING","item":"https:\/\/www.botta.it\/de\/eco-produkte\/eco-protective-packaging\/"},{"@type":"ListItem","position":5,"name":"BOTTLE PACKAGING","item":"https:\/\/www.botta.it\/de\/eco-produkte\/eco-protective-packaging\/bottle-packaging\/"},{"@type":"ListItem","position":6,"name":"ECO-SELF SEAL CARDBOARD"}]},{"@type":"WebSite","@id":"https:\/\/www.botta.it\/#website","url":"https:\/\/www.botta.it\/","name":"BOTTA PACKAGING \u00bb eco-packaging solutions","description":"\u00d6kologische verpackungsl\u00f6sungen, wellpappe liefert, kartons, umschl\u00e4ge, airbags.","publisher":{"@id":"https:\/\/www.botta.it\/#organization"},"potentialAction":[{"@type":"SearchAction","target":{"@type":"EntryPoint","urlTemplate":"https:\/\/www.botta.it\/?s={search_term_string}"},"query-input":"required name=search_term_string"}],"inLanguage":"de"},{"@type":"Organization","@id":"https:\/\/www.botta.it\/#organization","name":"BOTTA EcoPackaging","url":"https:\/\/www.botta.it\/","logo":{"@type":"ImageObject","inLanguage":"de","@id":"https:\/\/www.botta.it\/#\/schema\/logo\/image\/","url":"https:\/\/www.botta.it\/wp-content\/uploads\/2021\/12\/Logo-RGB.png","contentUrl":"https:\/\/www.botta.it\/wp-content\/uploads\/2021\/12\/Logo-RGB.png","width":1600,"height":1043,"caption":"BOTTA EcoPackaging"},"image":{"@id":"https:\/\/www.botta.it\/#\/schema\/logo\/image\/"},"sameAs":["https:\/\/www.facebook.com\/bottapackaging\/","https:\/\/twitter.com\/botta_box","https:\/\/www.instagram.com\/botta_box\/","https:\/\/it.linkedin.com\/company\/botta-ecopackaging","https:\/\/www.youtube.com\/channel\/UCLhT-tw_FsukJfrKi73c48Q"]}]}},"_links":{"self":[{"href":"https:\/\/www.botta.it\/de\/wp-json\/wp\/v2\/product\/11935"}],"collection":[{"href":"https:\/\/www.botta.it\/de\/wp-json\/wp\/v2\/product"}],"about":[{"href":"https:\/\/www.botta.it\/de\/wp-json\/wp\/v2\/types\/product"}],"version-history":[{"count":8,"href":"https:\/\/www.botta.it\/de\/wp-json\/wp\/v2\/product\/11935\/revisions"}],"predecessor-version":[{"id":24889,"href":"https:\/\/www.botta.it\/de\/wp-json\/wp\/v2\/product\/11935\/revisions\/24889"}],"wp:featuredmedia":[{"embeddable":true,"href":"https:\/\/www.botta.it\/de\/wp-json\/wp\/v2\/media\/18386"}],"wp:attachment":[{"href":"https:\/\/www.botta.it\/de\/wp-json\/wp\/v2\/media?parent=11935"}],"wp:term":[{"taxonomy":"product_cat","embeddable":true,"href":"https:\/\/www.botta.it\/de\/wp-json\/wp\/v2\/product_cat?post=11935"},{"taxonomy":"product_tag","embeddable":true,"href":"https:\/\/www.botta.it\/de\/wp-json\/wp\/v2\/product_tag?post=11935"}],"curies":[{"name":"wp","href":"https:\/\/api.w.org\/{rel}","templated":true}]}}