{"id":11279,"date":"2020-10-12T13:59:25","date_gmt":"2020-10-12T11:59:25","guid":{"rendered":"https:\/\/www.botta.it\/prodotto\/eco-tape-compostable\/"},"modified":"2025-05-15T17:56:22","modified_gmt":"2025-05-15T15:56:22","slug":"eco-tape-compostable","status":"publish","type":"product","link":"https:\/\/www.botta.it\/de\/eco-produkte\/eco-closures-and-sealing\/eco-tape\/eco-tape-compostable\/","title":{"rendered":"Eco-Tape Compostable"},"content":{"rendered":"<p><em><strong>Detaillierte Beschreibung<\/strong><\/em><\/p>\n<p><strong>Material<\/strong><br \/>\nUnser <strong>Eco-Tape Compostable<\/strong> besteht zu 100% aus nachwachsenden Rohstoffen. Polymilchs\u00e4ure, die aus Mais und Zuckerrohr gewonnen wird, ist der Hauptbestandteil der PLA-Folie, w\u00e4hrend der Klebstoff aus Naturkautschuk und Harz besteht.<\/p>\n<p><strong>Verwendungszweck<\/strong><br \/>\nDieses <strong>Eco-Tape Compostable<\/strong> eignet sich zur Verwendung in:<\/p>\n<ul>\n<li>Ersetzen von PVC- oder OPP-Klebeband zum Versiegeln umweltfreundlicher Verpackungen<\/li>\n<li>B\u00fcndelung der Pflanzenwurzeln f\u00fcr die G\u00e4rtnerei<\/li>\n<li>Geeignet sowohl f\u00fcr den manuellen Gebrauch als auch f\u00fcr die Verpackungsmaschine<\/li>\n<\/ul>\n<p><strong>Nachhaltigkeit<\/strong><br \/>\nDie Nachhaltigkeit unseres <strong>Eco-Tape Compostable<\/strong> wird durch folgende Merkmale gezeigt:<\/p>\n<ul>\n<li>Innerhalb von 6 Monaten zu 90% biologisch abbaubar &#8211; vom T\u00dcV \u00d6sterreich getestet<\/li>\n<li>Industriell kompostierbar mit anderen Bioabf\u00e4llen &#8211; vom T\u00dcV \u00d6sterreich gepr\u00fcft<\/li>\n<li>Hergestellt aus pflanzlichen und nicht fossilen Materialien<\/li>\n<li>Erf\u00fcllung aller Kriterien f\u00fcr biologische Abbaubarkeit, Kompostierbarkeit, toxische Sicherheit und nachhaltiges Material gem\u00e4\u00df AS 4736, EN 13432, ASTM D 6400-04 und ISO 17088.<\/li>\n<li>L\u00f6sungen f\u00fcr die Entsorgungsbehandlung: thermisches Recycling zur Erzeugung neuer Energie f\u00fcr Heizung, Kunststoffrecycling und Biokompostierung<\/li>\n<\/ul>\n<p><strong>Weitere Vorteile<\/strong><\/p>\n<ul>\n<li>Gute Haftung<\/li>\n<li>Stark und z\u00e4h wie andere Kunststoffklebeb\u00e4nder<\/li>\n<li>Geringe Dehnung<\/li>\n<li>Entwarf, von Hand abgerissen oder leicht abgezogen zu werden<\/li>\n<li>Best\u00e4ndig gegen bestimmte extreme Temperaturen in kurzer Zeit (zwischen -30 und 70\u00b0C)<\/li>\n<\/ul>\n","protected":false},"excerpt":{"rendered":"<p><b><i>Eco-Tape Compostable<\/i><\/b><span style=\"font-weight: 400;\">ist eine nachhaltige L\u00f6sung, um PVC- oder OPP-Klebeb\u00e4nder in Verpackungen oder im t\u00e4glichen Gebrauch zu ersetzen.<\/span><\/p>\n<ul>\n<li><span style=\"font-weight: 400;\">Hergestellt aus pflanzlichen Materialien<\/span><\/li>\n<li style=\"font-weight: 400;\"><span style=\"font-weight: 400;\">Biologisch abbaubar und kompostierbar nach Entsorgung<\/span><\/li>\n<li style=\"font-weight: 400;\"><span style=\"font-weight: 400;\">Geeignet f\u00fcr umweltfreundliche Verpackungen<\/span><\/li>\n<li style=\"font-weight: 400;\"><span style=\"font-weight: 400;\">Stark und z\u00e4h wie normales Klebeband<\/span><\/li>\n<li style=\"font-weight: 400;\"><span style=\"font-weight: 400;\">Als normaler Kunststoff recycelbar sowie zur W\u00e4rmebehandlung zur Regeneration von Energie geeignet<\/span><\/li>\n<li style=\"font-weight: 400;\"><span style=\"font-weight: 400;\">Standardabmessung: 50 m x 50 mm\u00a0<\/span><\/li>\n<li style=\"font-weight: 400;\"><span style=\"font-weight: 400;\">Dicke: 0,047 mm<\/span><\/li>\n<li style=\"font-weight: 400;\"><span style=\"font-weight: 400;\">Farbe: Transparent<\/span><\/li>\n<li style=\"font-weight: 400;\"><span style=\"font-weight: 400;\">Vom T\u00dcV \u00d6sterreich gepr\u00fcft und zertifiziert<\/span><\/li>\n<\/ul>\n","protected":false},"featured_media":27071,"template":"","meta":{"om_disable_all_campaigns":false,"_monsterinsights_skip_tracking":false,"_monsterinsights_sitenote_active":false,"_monsterinsights_sitenote_note":"","_monsterinsights_sitenote_category":0,"site-sidebar-layout":"default","site-content-layout":"default","ast-global-header-display":"","ast-banner-title-visibility":"","ast-main-header-display":"","ast-hfb-above-header-display":"","ast-hfb-below-header-display":"","ast-hfb-mobile-header-display":"","site-post-title":"","ast-breadcrumbs-content":"","ast-featured-img":"","footer-sml-layout":"","theme-transparent-header-meta":"default","adv-header-id-meta":"","stick-header-meta":"","header-above-stick-meta":"","header-main-stick-meta":"","header-below-stick-meta":""},"product_cat":[5309],"product_tag":[],"aioseo_notices":[],"yoast_head":"<!-- This site is optimized with the Yoast SEO Premium plugin v19.2.1 (Yoast SEO v21.9.1) - https:\/\/yoast.com\/wordpress\/plugins\/seo\/ -->\n<title>BOTTA PACKAGING \u00bb eco-packaging solutions - Eco-Tape Compostable<\/title>\n<meta name=\"description\" content=\"Eco-Tape Compostable ist eine nachhaltige L\u00f6sung, um PVC- oder OPP-Klebeb\u00e4nder in Verpackungen oder im t\u00e4glichen Gebrauch zu ersetzen.\" \/>\n<meta name=\"robots\" content=\"index, follow, max-snippet:-1, max-image-preview:large, max-video-preview:-1\" \/>\n<link rel=\"canonical\" href=\"https:\/\/www.botta.it\/de\/eco-produkte\/eco-closures-and-sealing\/eco-tape\/eco-tape-compostable\/\" \/>\n<meta property=\"og:locale\" content=\"de_DE\" \/>\n<meta property=\"og:type\" content=\"article\" \/>\n<meta property=\"og:title\" content=\"Eco-Tape Compostable\" \/>\n<meta property=\"og:description\" content=\"Eco-Tape Compostable ist eine nachhaltige L\u00f6sung, um PVC- oder OPP-Klebeb\u00e4nder in Verpackungen oder im t\u00e4glichen Gebrauch zu ersetzen.\" \/>\n<meta property=\"og:url\" content=\"https:\/\/www.botta.it\/de\/eco-produkte\/eco-closures-and-sealing\/eco-tape\/eco-tape-compostable\/\" \/>\n<meta property=\"og:site_name\" content=\"BOTTA PACKAGING \u00bb eco-packaging solutions\" \/>\n<meta property=\"article:publisher\" content=\"https:\/\/www.facebook.com\/bottapackaging\/\" \/>\n<meta property=\"article:modified_time\" content=\"2025-05-15T15:56:22+00:00\" \/>\n<meta property=\"og:image\" content=\"https:\/\/www.botta.it\/wp-content\/uploads\/2020\/10\/Eco-tape-compostable-1-1024x1024.png\" \/>\n\t<meta property=\"og:image:width\" content=\"1024\" \/>\n\t<meta property=\"og:image:height\" content=\"1024\" \/>\n\t<meta property=\"og:image:type\" content=\"image\/png\" \/>\n<meta name=\"twitter:card\" content=\"summary_large_image\" \/>\n<meta name=\"twitter:site\" content=\"@botta_box\" \/>\n<script type=\"application\/ld+json\" class=\"yoast-schema-graph\">{\"@context\":\"https:\/\/schema.org\",\"@graph\":[{\"@type\":\"WebPage\",\"@id\":\"https:\/\/www.botta.it\/de\/eco-produkte\/eco-closures-and-sealing\/eco-tape\/eco-tape-compostable\/\",\"url\":\"https:\/\/www.botta.it\/de\/eco-produkte\/eco-closures-and-sealing\/eco-tape\/eco-tape-compostable\/\",\"name\":\"BOTTA PACKAGING \u00bb eco-packaging solutions - Eco-Tape Compostable\",\"isPartOf\":{\"@id\":\"https:\/\/www.botta.it\/#website\"},\"datePublished\":\"2020-10-12T11:59:25+00:00\",\"dateModified\":\"2025-05-15T15:56:22+00:00\",\"description\":\"Eco-Tape Compostable ist eine nachhaltige L\u00f6sung, um PVC- oder OPP-Klebeb\u00e4nder in Verpackungen oder im t\u00e4glichen Gebrauch zu ersetzen.\",\"breadcrumb\":{\"@id\":\"https:\/\/www.botta.it\/de\/eco-produkte\/eco-closures-and-sealing\/eco-tape\/eco-tape-compostable\/#breadcrumb\"},\"inLanguage\":\"de\",\"potentialAction\":[{\"@type\":\"ReadAction\",\"target\":[\"https:\/\/www.botta.it\/de\/eco-produkte\/eco-closures-and-sealing\/eco-tape\/eco-tape-compostable\/\"]}]},{\"@type\":\"BreadcrumbList\",\"@id\":\"https:\/\/www.botta.it\/de\/eco-produkte\/eco-closures-and-sealing\/eco-tape\/eco-tape-compostable\/#breadcrumb\",\"itemListElement\":[{\"@type\":\"ListItem\",\"position\":1,\"name\":\"Home\",\"item\":\"https:\/\/www.botta.it\/\"},{\"@type\":\"ListItem\",\"position\":2,\"name\":\"Prodotti\",\"item\":\"https:\/\/www.botta.it\/shop\/\"},{\"@type\":\"ListItem\",\"position\":3,\"name\":\"ECO-PRODUKTE\",\"item\":\"https:\/\/www.botta.it\/de\/eco-produkte\/\"},{\"@type\":\"ListItem\",\"position\":4,\"name\":\"ECO-CLOSURES AND SEALING\",\"item\":\"https:\/\/www.botta.it\/de\/eco-produkte\/eco-closures-and-sealing\/\"},{\"@type\":\"ListItem\",\"position\":5,\"name\":\"ECO-TAPE\",\"item\":\"https:\/\/www.botta.it\/de\/eco-produkte\/eco-closures-and-sealing\/eco-tape\/\"},{\"@type\":\"ListItem\",\"position\":6,\"name\":\"Eco-Tape Compostable\"}]},{\"@type\":\"WebSite\",\"@id\":\"https:\/\/www.botta.it\/#website\",\"url\":\"https:\/\/www.botta.it\/\",\"name\":\"BOTTA PACKAGING \u00bb eco-packaging solutions\",\"description\":\"\u00d6kologische verpackungsl\u00f6sungen, wellpappe liefert, kartons, umschl\u00e4ge, airbags.\",\"publisher\":{\"@id\":\"https:\/\/www.botta.it\/#organization\"},\"potentialAction\":[{\"@type\":\"SearchAction\",\"target\":{\"@type\":\"EntryPoint\",\"urlTemplate\":\"https:\/\/www.botta.it\/?s={search_term_string}\"},\"query-input\":\"required name=search_term_string\"}],\"inLanguage\":\"de\"},{\"@type\":\"Organization\",\"@id\":\"https:\/\/www.botta.it\/#organization\",\"name\":\"BOTTA EcoPackaging\",\"url\":\"https:\/\/www.botta.it\/\",\"logo\":{\"@type\":\"ImageObject\",\"inLanguage\":\"de\",\"@id\":\"https:\/\/www.botta.it\/#\/schema\/logo\/image\/\",\"url\":\"https:\/\/www.botta.it\/wp-content\/uploads\/2021\/12\/Logo-RGB.png\",\"contentUrl\":\"https:\/\/www.botta.it\/wp-content\/uploads\/2021\/12\/Logo-RGB.png\",\"width\":1600,\"height\":1043,\"caption\":\"BOTTA EcoPackaging\"},\"image\":{\"@id\":\"https:\/\/www.botta.it\/#\/schema\/logo\/image\/\"},\"sameAs\":[\"https:\/\/www.facebook.com\/bottapackaging\/\",\"https:\/\/twitter.com\/botta_box\",\"https:\/\/www.instagram.com\/botta_box\/\",\"https:\/\/it.linkedin.com\/company\/botta-ecopackaging\",\"https:\/\/www.youtube.com\/channel\/UCLhT-tw_FsukJfrKi73c48Q\"]}]}<\/script>\n<!-- \/ Yoast SEO Premium plugin. -->","yoast_head_json":{"title":"BOTTA PACKAGING \u00bb eco-packaging solutions - Eco-Tape Compostable","description":"Eco-Tape Compostable ist eine nachhaltige L\u00f6sung, um PVC- oder OPP-Klebeb\u00e4nder in Verpackungen oder im t\u00e4glichen Gebrauch zu ersetzen.","robots":{"index":"index","follow":"follow","max-snippet":"max-snippet:-1","max-image-preview":"max-image-preview:large","max-video-preview":"max-video-preview:-1"},"canonical":"https:\/\/www.botta.it\/de\/eco-produkte\/eco-closures-and-sealing\/eco-tape\/eco-tape-compostable\/","og_locale":"de_DE","og_type":"article","og_title":"Eco-Tape Compostable","og_description":"Eco-Tape Compostable ist eine nachhaltige L\u00f6sung, um PVC- oder OPP-Klebeb\u00e4nder in Verpackungen oder im t\u00e4glichen Gebrauch zu ersetzen.","og_url":"https:\/\/www.botta.it\/de\/eco-produkte\/eco-closures-and-sealing\/eco-tape\/eco-tape-compostable\/","og_site_name":"BOTTA PACKAGING \u00bb eco-packaging solutions","article_publisher":"https:\/\/www.facebook.com\/bottapackaging\/","article_modified_time":"2025-05-15T15:56:22+00:00","og_image":[{"width":1024,"height":1024,"url":"https:\/\/www.botta.it\/wp-content\/uploads\/2020\/10\/Eco-tape-compostable-1-1024x1024.png","type":"image\/png"}],"twitter_card":"summary_large_image","twitter_site":"@botta_box","schema":{"@context":"https:\/\/schema.org","@graph":[{"@type":"WebPage","@id":"https:\/\/www.botta.it\/de\/eco-produkte\/eco-closures-and-sealing\/eco-tape\/eco-tape-compostable\/","url":"https:\/\/www.botta.it\/de\/eco-produkte\/eco-closures-and-sealing\/eco-tape\/eco-tape-compostable\/","name":"BOTTA PACKAGING \u00bb eco-packaging solutions - Eco-Tape Compostable","isPartOf":{"@id":"https:\/\/www.botta.it\/#website"},"datePublished":"2020-10-12T11:59:25+00:00","dateModified":"2025-05-15T15:56:22+00:00","description":"Eco-Tape Compostable ist eine nachhaltige L\u00f6sung, um PVC- oder OPP-Klebeb\u00e4nder in Verpackungen oder im t\u00e4glichen Gebrauch zu ersetzen.","breadcrumb":{"@id":"https:\/\/www.botta.it\/de\/eco-produkte\/eco-closures-and-sealing\/eco-tape\/eco-tape-compostable\/#breadcrumb"},"inLanguage":"de","potentialAction":[{"@type":"ReadAction","target":["https:\/\/www.botta.it\/de\/eco-produkte\/eco-closures-and-sealing\/eco-tape\/eco-tape-compostable\/"]}]},{"@type":"BreadcrumbList","@id":"https:\/\/www.botta.it\/de\/eco-produkte\/eco-closures-and-sealing\/eco-tape\/eco-tape-compostable\/#breadcrumb","itemListElement":[{"@type":"ListItem","position":1,"name":"Home","item":"https:\/\/www.botta.it\/"},{"@type":"ListItem","position":2,"name":"Prodotti","item":"https:\/\/www.botta.it\/shop\/"},{"@type":"ListItem","position":3,"name":"ECO-PRODUKTE","item":"https:\/\/www.botta.it\/de\/eco-produkte\/"},{"@type":"ListItem","position":4,"name":"ECO-CLOSURES AND SEALING","item":"https:\/\/www.botta.it\/de\/eco-produkte\/eco-closures-and-sealing\/"},{"@type":"ListItem","position":5,"name":"ECO-TAPE","item":"https:\/\/www.botta.it\/de\/eco-produkte\/eco-closures-and-sealing\/eco-tape\/"},{"@type":"ListItem","position":6,"name":"Eco-Tape Compostable"}]},{"@type":"WebSite","@id":"https:\/\/www.botta.it\/#website","url":"https:\/\/www.botta.it\/","name":"BOTTA PACKAGING \u00bb eco-packaging solutions","description":"\u00d6kologische verpackungsl\u00f6sungen, wellpappe liefert, kartons, umschl\u00e4ge, airbags.","publisher":{"@id":"https:\/\/www.botta.it\/#organization"},"potentialAction":[{"@type":"SearchAction","target":{"@type":"EntryPoint","urlTemplate":"https:\/\/www.botta.it\/?s={search_term_string}"},"query-input":"required name=search_term_string"}],"inLanguage":"de"},{"@type":"Organization","@id":"https:\/\/www.botta.it\/#organization","name":"BOTTA EcoPackaging","url":"https:\/\/www.botta.it\/","logo":{"@type":"ImageObject","inLanguage":"de","@id":"https:\/\/www.botta.it\/#\/schema\/logo\/image\/","url":"https:\/\/www.botta.it\/wp-content\/uploads\/2021\/12\/Logo-RGB.png","contentUrl":"https:\/\/www.botta.it\/wp-content\/uploads\/2021\/12\/Logo-RGB.png","width":1600,"height":1043,"caption":"BOTTA EcoPackaging"},"image":{"@id":"https:\/\/www.botta.it\/#\/schema\/logo\/image\/"},"sameAs":["https:\/\/www.facebook.com\/bottapackaging\/","https:\/\/twitter.com\/botta_box","https:\/\/www.instagram.com\/botta_box\/","https:\/\/it.linkedin.com\/company\/botta-ecopackaging","https:\/\/www.youtube.com\/channel\/UCLhT-tw_FsukJfrKi73c48Q"]}]}},"_links":{"self":[{"href":"https:\/\/www.botta.it\/de\/wp-json\/wp\/v2\/product\/11279"}],"collection":[{"href":"https:\/\/www.botta.it\/de\/wp-json\/wp\/v2\/product"}],"about":[{"href":"https:\/\/www.botta.it\/de\/wp-json\/wp\/v2\/types\/product"}],"version-history":[{"count":2,"href":"https:\/\/www.botta.it\/de\/wp-json\/wp\/v2\/product\/11279\/revisions"}],"predecessor-version":[{"id":24972,"href":"https:\/\/www.botta.it\/de\/wp-json\/wp\/v2\/product\/11279\/revisions\/24972"}],"wp:featuredmedia":[{"embeddable":true,"href":"https:\/\/www.botta.it\/de\/wp-json\/wp\/v2\/media\/27071"}],"wp:attachment":[{"href":"https:\/\/www.botta.it\/de\/wp-json\/wp\/v2\/media?parent=11279"}],"wp:term":[{"taxonomy":"product_cat","embeddable":true,"href":"https:\/\/www.botta.it\/de\/wp-json\/wp\/v2\/product_cat?post=11279"},{"taxonomy":"product_tag","embeddable":true,"href":"https:\/\/www.botta.it\/de\/wp-json\/wp\/v2\/product_tag?post=11279"}],"curies":[{"name":"wp","href":"https:\/\/api.w.org\/{rel}","templated":true}]}}