{"id":10913,"date":"2020-06-24T01:42:21","date_gmt":"2020-06-23T23:42:21","guid":{"rendered":"https:\/\/www.botta.it\/?post_type=product&#038;p=10913"},"modified":"2025-05-19T10:34:51","modified_gmt":"2025-05-19T08:34:51","slug":"eco-safety-seal","status":"publish","type":"product","link":"https:\/\/www.botta.it\/de\/eco-produkte\/eco-closures-and-sealing\/eco-safety-seal\/","title":{"rendered":"Eco-Safety Seal"},"content":{"rendered":"<p><strong>Eco-Safety Seal<\/strong> ist eine Reihe von Sicherheitsetiketten, die f\u00fcr eine Vielzahl von Anwendungen in Branchen verwendet werden k\u00f6nnen, in denen Sicherheit, Authentifizierung und Vermeidung von Kreuzkontaminationen ber\u00fccksichtigt werden m\u00fcssen. Eine L\u00f6sung zum Schutz der Produkte vor m\u00f6glichen Manipulationen w\u00e4hrend des Transports; wird f\u00fcr alle Unternehmen und Restaurants empfohlen, die einen E-Commerce oder Lieferservice anbieten.<\/p>\n<p>Dar\u00fcber hinaus ist das <strong>Eco-Safety Seal<\/strong> eine nachhaltige L\u00f6sung, da es eine papierbasierte Zusammensetzung hat, die das \u00fcbliche Kunststoff-Sicherheitskennzeichen ersetzt und somit den Gesamtplastikgehalt der Verpackungen reduziert.<\/p>\n<p>Durch die Kombination Ihres Firmenlogos mit einem nachhaltigen Produkt k\u00f6nnen Sie eine einzigartige und hochsichere Verpackung erstellen.<\/p>\n<ul>\n<li>Format: 30\u00d780 mm<\/li>\n<li>Vierfarbenverfahren<\/li>\n<li>Option f\u00fcr personalisierte Gestaltung<\/li>\n<li>Holographische Endbearbeitung<\/li>\n<li>Material: Papier, ultrapermanenter Klebstoff und silikonbeschichteter Tr\u00e4ger<\/li>\n<\/ul>\n","protected":false},"excerpt":{"rendered":"<p><strong>Eco-Safety Seal<\/strong> ist eine ideale L\u00f6sung, um die Produktintegrit\u00e4t zu gew\u00e4hrleisten und m\u00f6gliche Manipulationen w\u00e4hrend des Transports und der Auslieferung zu verhindern. Es ist auf Papierbasis und verf\u00fcgt \u00fcber eine Top-of-the-line-Einbruchschutz-Schnitzereien, um das Paket vor Sicherheitsverletzungen zu sch\u00fctzen. Die perfekte Kombination aus Sicherheit, Innovation und Nachhaltigkeit. Diese Klebeunterlagen mit hoher Haftfestigkeit sind nach dem Auftragen extrem widerstandsf\u00e4hig und bieten einen zus\u00e4tzlichen Schutz f\u00fcr Ihr Produkt.<\/p>\n<p>Dar\u00fcber hinaus ist das <strong>Eco-Safety Seal<\/strong> dank seiner papierbasierten Zusammensetzung umweltfreundlich und recycelbar. Die Technik und das verwendete Material schaffen eine perfekte Mischung aus Sicherheit, Innovation und Nachhaltigkeit.<\/p>\n<p>Sie haben die M\u00f6glichkeit, ein Etikett auf Papierbasis zu verwenden, das zus\u00e4tzlichen Schutz bietet und es ihnen erm\u00f6glicht, das Produkt in der Verpackung mit der fortlaufenden Nummerierung sofort zu erkennen.<\/p>\n<p>Das <strong>Eco-Safety-Seal<\/strong>-Etikett kann individuell gestaltet werden: bis zu 4 Farben bedruckt, Firmenlogo und Sicherheits-Hologramm sind ebenfalls erh\u00e4ltlich.<\/p>\n<p>&nbsp;<\/p>\n<p>&nbsp;<\/p>\n","protected":false},"featured_media":27159,"template":"","meta":{"om_disable_all_campaigns":false,"_monsterinsights_skip_tracking":false,"_monsterinsights_sitenote_active":false,"_monsterinsights_sitenote_note":"","_monsterinsights_sitenote_category":0,"site-sidebar-layout":"default","site-content-layout":"default","ast-global-header-display":"","ast-banner-title-visibility":"","ast-main-header-display":"","ast-hfb-above-header-display":"","ast-hfb-below-header-display":"","ast-hfb-mobile-header-display":"","site-post-title":"","ast-breadcrumbs-content":"","ast-featured-img":"","footer-sml-layout":"","theme-transparent-header-meta":"default","adv-header-id-meta":"","stick-header-meta":"","header-above-stick-meta":"","header-main-stick-meta":"","header-below-stick-meta":""},"product_cat":[5308,5306],"product_tag":[],"aioseo_notices":[],"yoast_head":"<!-- This site is optimized with the Yoast SEO Premium plugin v19.2.1 (Yoast SEO v21.9.1) - https:\/\/yoast.com\/wordpress\/plugins\/seo\/ -->\n<title>BOTTA PACKAGING \u00bb eco-verpackungsl\u00f6sungen - Eco-Safety Seal<\/title>\n<meta name=\"description\" content=\"Eco-Safety Seal ist eine ideale L\u00f6sung, um die Produktintegrit\u00e4t zu gew\u00e4hrleisten und es ist auf Papierbasis.\" \/>\n<meta name=\"robots\" content=\"index, follow, max-snippet:-1, max-image-preview:large, max-video-preview:-1\" \/>\n<link rel=\"canonical\" href=\"https:\/\/www.botta.it\/de\/eco-produkte\/eco-closures-and-sealing\/eco-safety-seal\/\" \/>\n<meta property=\"og:locale\" content=\"de_DE\" \/>\n<meta property=\"og:type\" content=\"article\" \/>\n<meta property=\"og:title\" content=\"Eco-Safety Seal\" \/>\n<meta property=\"og:description\" content=\"Eco-Safety Seal ist eine ideale L\u00f6sung, um die Produktintegrit\u00e4t zu gew\u00e4hrleisten und es ist auf Papierbasis.\" \/>\n<meta property=\"og:url\" content=\"https:\/\/www.botta.it\/de\/eco-produkte\/eco-closures-and-sealing\/eco-safety-seal\/\" \/>\n<meta property=\"og:site_name\" content=\"BOTTA PACKAGING \u00bb eco-verpackungsl\u00f6sungen\" \/>\n<meta property=\"article:publisher\" content=\"https:\/\/www.facebook.com\/bottapackaging\/\" \/>\n<meta property=\"article:modified_time\" content=\"2025-05-19T08:34:51+00:00\" \/>\n<meta property=\"og:image\" content=\"https:\/\/www.botta.it\/wp-content\/uploads\/2020\/06\/safety-seal.png\" \/>\n\t<meta property=\"og:image:width\" content=\"1080\" \/>\n\t<meta property=\"og:image:height\" content=\"1080\" \/>\n\t<meta property=\"og:image:type\" content=\"image\/png\" \/>\n<meta name=\"twitter:card\" content=\"summary_large_image\" \/>\n<meta name=\"twitter:site\" content=\"@botta_box\" \/>\n<script type=\"application\/ld+json\" class=\"yoast-schema-graph\">{\"@context\":\"https:\/\/schema.org\",\"@graph\":[{\"@type\":\"WebPage\",\"@id\":\"https:\/\/www.botta.it\/de\/eco-produkte\/eco-closures-and-sealing\/eco-safety-seal\/\",\"url\":\"https:\/\/www.botta.it\/de\/eco-produkte\/eco-closures-and-sealing\/eco-safety-seal\/\",\"name\":\"BOTTA PACKAGING \u00bb eco-verpackungsl\u00f6sungen - Eco-Safety Seal\",\"isPartOf\":{\"@id\":\"https:\/\/www.botta.it\/#website\"},\"datePublished\":\"2020-06-23T23:42:21+00:00\",\"dateModified\":\"2025-05-19T08:34:51+00:00\",\"description\":\"Eco-Safety Seal ist eine ideale L\u00f6sung, um die Produktintegrit\u00e4t zu gew\u00e4hrleisten und es ist auf Papierbasis.\",\"breadcrumb\":{\"@id\":\"https:\/\/www.botta.it\/de\/eco-produkte\/eco-closures-and-sealing\/eco-safety-seal\/#breadcrumb\"},\"inLanguage\":\"de\",\"potentialAction\":[{\"@type\":\"ReadAction\",\"target\":[\"https:\/\/www.botta.it\/de\/eco-produkte\/eco-closures-and-sealing\/eco-safety-seal\/\"]}]},{\"@type\":\"BreadcrumbList\",\"@id\":\"https:\/\/www.botta.it\/de\/eco-produkte\/eco-closures-and-sealing\/eco-safety-seal\/#breadcrumb\",\"itemListElement\":[{\"@type\":\"ListItem\",\"position\":1,\"name\":\"Home\",\"item\":\"https:\/\/www.botta.it\/\"},{\"@type\":\"ListItem\",\"position\":2,\"name\":\"Prodotti\",\"item\":\"https:\/\/www.botta.it\/shop\/\"},{\"@type\":\"ListItem\",\"position\":3,\"name\":\"ECO-PRODUKTE\",\"item\":\"https:\/\/www.botta.it\/de\/eco-produkte\/\"},{\"@type\":\"ListItem\",\"position\":4,\"name\":\"ECO-CLOSURES AND SEALING\",\"item\":\"https:\/\/www.botta.it\/de\/eco-produkte\/eco-closures-and-sealing\/\"},{\"@type\":\"ListItem\",\"position\":5,\"name\":\"Eco-Safety Seal\"}]},{\"@type\":\"WebSite\",\"@id\":\"https:\/\/www.botta.it\/#website\",\"url\":\"https:\/\/www.botta.it\/\",\"name\":\"BOTTA PACKAGING \u00bb eco-verpackungsl\u00f6sungen\",\"description\":\"\u00d6kologische verpackungsl\u00f6sungen, wellpappe liefert, kartons, umschl\u00e4ge, airbags.\",\"publisher\":{\"@id\":\"https:\/\/www.botta.it\/#organization\"},\"potentialAction\":[{\"@type\":\"SearchAction\",\"target\":{\"@type\":\"EntryPoint\",\"urlTemplate\":\"https:\/\/www.botta.it\/?s={search_term_string}\"},\"query-input\":\"required name=search_term_string\"}],\"inLanguage\":\"de\"},{\"@type\":\"Organization\",\"@id\":\"https:\/\/www.botta.it\/#organization\",\"name\":\"BOTTA EcoPackaging\",\"url\":\"https:\/\/www.botta.it\/\",\"logo\":{\"@type\":\"ImageObject\",\"inLanguage\":\"de\",\"@id\":\"https:\/\/www.botta.it\/#\/schema\/logo\/image\/\",\"url\":\"https:\/\/www.botta.it\/wp-content\/uploads\/2021\/12\/Logo-RGB.png\",\"contentUrl\":\"https:\/\/www.botta.it\/wp-content\/uploads\/2021\/12\/Logo-RGB.png\",\"width\":1600,\"height\":1043,\"caption\":\"BOTTA EcoPackaging\"},\"image\":{\"@id\":\"https:\/\/www.botta.it\/#\/schema\/logo\/image\/\"},\"sameAs\":[\"https:\/\/www.facebook.com\/bottapackaging\/\",\"https:\/\/twitter.com\/botta_box\",\"https:\/\/www.instagram.com\/botta_box\/\",\"https:\/\/it.linkedin.com\/company\/botta-ecopackaging\",\"https:\/\/www.youtube.com\/channel\/UCLhT-tw_FsukJfrKi73c48Q\"]}]}<\/script>\n<!-- \/ Yoast SEO Premium plugin. -->","yoast_head_json":{"title":"BOTTA PACKAGING \u00bb eco-verpackungsl\u00f6sungen - Eco-Safety Seal","description":"Eco-Safety Seal ist eine ideale L\u00f6sung, um die Produktintegrit\u00e4t zu gew\u00e4hrleisten und es ist auf Papierbasis.","robots":{"index":"index","follow":"follow","max-snippet":"max-snippet:-1","max-image-preview":"max-image-preview:large","max-video-preview":"max-video-preview:-1"},"canonical":"https:\/\/www.botta.it\/de\/eco-produkte\/eco-closures-and-sealing\/eco-safety-seal\/","og_locale":"de_DE","og_type":"article","og_title":"Eco-Safety Seal","og_description":"Eco-Safety Seal ist eine ideale L\u00f6sung, um die Produktintegrit\u00e4t zu gew\u00e4hrleisten und es ist auf Papierbasis.","og_url":"https:\/\/www.botta.it\/de\/eco-produkte\/eco-closures-and-sealing\/eco-safety-seal\/","og_site_name":"BOTTA PACKAGING \u00bb eco-verpackungsl\u00f6sungen","article_publisher":"https:\/\/www.facebook.com\/bottapackaging\/","article_modified_time":"2025-05-19T08:34:51+00:00","og_image":[{"width":1080,"height":1080,"url":"https:\/\/www.botta.it\/wp-content\/uploads\/2020\/06\/safety-seal.png","type":"image\/png"}],"twitter_card":"summary_large_image","twitter_site":"@botta_box","schema":{"@context":"https:\/\/schema.org","@graph":[{"@type":"WebPage","@id":"https:\/\/www.botta.it\/de\/eco-produkte\/eco-closures-and-sealing\/eco-safety-seal\/","url":"https:\/\/www.botta.it\/de\/eco-produkte\/eco-closures-and-sealing\/eco-safety-seal\/","name":"BOTTA PACKAGING \u00bb eco-verpackungsl\u00f6sungen - Eco-Safety Seal","isPartOf":{"@id":"https:\/\/www.botta.it\/#website"},"datePublished":"2020-06-23T23:42:21+00:00","dateModified":"2025-05-19T08:34:51+00:00","description":"Eco-Safety Seal ist eine ideale L\u00f6sung, um die Produktintegrit\u00e4t zu gew\u00e4hrleisten und es ist auf Papierbasis.","breadcrumb":{"@id":"https:\/\/www.botta.it\/de\/eco-produkte\/eco-closures-and-sealing\/eco-safety-seal\/#breadcrumb"},"inLanguage":"de","potentialAction":[{"@type":"ReadAction","target":["https:\/\/www.botta.it\/de\/eco-produkte\/eco-closures-and-sealing\/eco-safety-seal\/"]}]},{"@type":"BreadcrumbList","@id":"https:\/\/www.botta.it\/de\/eco-produkte\/eco-closures-and-sealing\/eco-safety-seal\/#breadcrumb","itemListElement":[{"@type":"ListItem","position":1,"name":"Home","item":"https:\/\/www.botta.it\/"},{"@type":"ListItem","position":2,"name":"Prodotti","item":"https:\/\/www.botta.it\/shop\/"},{"@type":"ListItem","position":3,"name":"ECO-PRODUKTE","item":"https:\/\/www.botta.it\/de\/eco-produkte\/"},{"@type":"ListItem","position":4,"name":"ECO-CLOSURES AND SEALING","item":"https:\/\/www.botta.it\/de\/eco-produkte\/eco-closures-and-sealing\/"},{"@type":"ListItem","position":5,"name":"Eco-Safety Seal"}]},{"@type":"WebSite","@id":"https:\/\/www.botta.it\/#website","url":"https:\/\/www.botta.it\/","name":"BOTTA PACKAGING \u00bb eco-verpackungsl\u00f6sungen","description":"\u00d6kologische verpackungsl\u00f6sungen, wellpappe liefert, kartons, umschl\u00e4ge, airbags.","publisher":{"@id":"https:\/\/www.botta.it\/#organization"},"potentialAction":[{"@type":"SearchAction","target":{"@type":"EntryPoint","urlTemplate":"https:\/\/www.botta.it\/?s={search_term_string}"},"query-input":"required name=search_term_string"}],"inLanguage":"de"},{"@type":"Organization","@id":"https:\/\/www.botta.it\/#organization","name":"BOTTA EcoPackaging","url":"https:\/\/www.botta.it\/","logo":{"@type":"ImageObject","inLanguage":"de","@id":"https:\/\/www.botta.it\/#\/schema\/logo\/image\/","url":"https:\/\/www.botta.it\/wp-content\/uploads\/2021\/12\/Logo-RGB.png","contentUrl":"https:\/\/www.botta.it\/wp-content\/uploads\/2021\/12\/Logo-RGB.png","width":1600,"height":1043,"caption":"BOTTA EcoPackaging"},"image":{"@id":"https:\/\/www.botta.it\/#\/schema\/logo\/image\/"},"sameAs":["https:\/\/www.facebook.com\/bottapackaging\/","https:\/\/twitter.com\/botta_box","https:\/\/www.instagram.com\/botta_box\/","https:\/\/it.linkedin.com\/company\/botta-ecopackaging","https:\/\/www.youtube.com\/channel\/UCLhT-tw_FsukJfrKi73c48Q"]}]}},"_links":{"self":[{"href":"https:\/\/www.botta.it\/de\/wp-json\/wp\/v2\/product\/10913"}],"collection":[{"href":"https:\/\/www.botta.it\/de\/wp-json\/wp\/v2\/product"}],"about":[{"href":"https:\/\/www.botta.it\/de\/wp-json\/wp\/v2\/types\/product"}],"version-history":[{"count":3,"href":"https:\/\/www.botta.it\/de\/wp-json\/wp\/v2\/product\/10913\/revisions"}],"predecessor-version":[{"id":16758,"href":"https:\/\/www.botta.it\/de\/wp-json\/wp\/v2\/product\/10913\/revisions\/16758"}],"wp:featuredmedia":[{"embeddable":true,"href":"https:\/\/www.botta.it\/de\/wp-json\/wp\/v2\/media\/27159"}],"wp:attachment":[{"href":"https:\/\/www.botta.it\/de\/wp-json\/wp\/v2\/media?parent=10913"}],"wp:term":[{"taxonomy":"product_cat","embeddable":true,"href":"https:\/\/www.botta.it\/de\/wp-json\/wp\/v2\/product_cat?post=10913"},{"taxonomy":"product_tag","embeddable":true,"href":"https:\/\/www.botta.it\/de\/wp-json\/wp\/v2\/product_tag?post=10913"}],"curies":[{"name":"wp","href":"https:\/\/api.w.org\/{rel}","templated":true}]}}