{"id":10890,"date":"2020-06-30T11:38:12","date_gmt":"2020-06-30T09:38:12","guid":{"rendered":"https:\/\/www.botta.it\/?post_type=product&#038;p=10890"},"modified":"2025-05-15T16:01:56","modified_gmt":"2025-05-15T14:01:56","slug":"eco-tape-reduced-plastic-17my","status":"publish","type":"product","link":"https:\/\/www.botta.it\/de\/eco-produkte\/eco-closures-and-sealing\/eco-tape\/eco-tape-reduced-plastic-17my\/","title":{"rendered":"Eco-Tape Reduced Plastic 17my"},"content":{"rendered":"","protected":false},"excerpt":{"rendered":"<p><strong>Eco-Tape Reduced Plastic 17 my<\/strong> ist die neue Generation von Klebeb\u00e4ndern, die Umweltbewusstsein mit \u00fcberlegener Qualit\u00e4t f\u00fcr eine Vielzahl von Anwendungen kombiniert.<\/p>\n<p>Eco-Tape Reduced Plastic wurde aus einem innovativen, von der USV patentierten Konzept entwickelt und bietet die gleiche Qualit\u00e4tsleistung mit einem d\u00fcnneren Profil von 17 Mikron (my) anstelle der herk\u00f6mmlichen Dicke von 28 my. Das sind fast <strong>50% Plastikreduzierung!<\/strong><\/p>\n<p>Dieses einzigartige Produkt besteht aus einem l\u00f6sungsmittelfreien Klebstoff und einer Tr\u00e4gerpolyesterfolie. Die aus Gummi und Kunstharz mit Schmelzkleber hergestellte Klebebeschichtung bietet eine au\u00dfergew\u00f6hnliche Haftfestigkeit, eine hohe Anfangshaftung und eine lebenslange Haltekraft f\u00fcr eine Vielzahl von Substraten.<\/p>\n<p>Es ist eine Anpassungsoption verf\u00fcgbar, bei der Eco-Tape Reduced Plastic bis zu acht Farben auf einfarbigem oder farbigem Hintergrund gedruckt werden kann. Bei Verwendung der Sandwich-Technologie wird der Druck zwischen der Folie und dem Klebstoff eingeschlossen, um h\u00f6chste Qualit\u00e4t, Haltbarkeit und Schutz zu gew\u00e4hrleisten.<\/p>\n<ul>\n<li>Reduzierter Kunststoffverbrauch &#8211; bis zu 50%!<\/li>\n<li>Hohe Widerstandsleistung<\/li>\n<li>D\u00fcnnere St\u00fctzen und l\u00e4ngere Rollen<\/li>\n<li>Hervorragende Haftung<\/li>\n<li>Gewicht, Kosten und Platz sparen<\/li>\n<li>Benutzerdefinierte Druckoption<\/li>\n<li>Geeignet f\u00fcr eine Vielzahl von Kartons<\/li>\n<\/ul>\n","protected":false},"featured_media":27022,"template":"","meta":{"om_disable_all_campaigns":false,"_monsterinsights_skip_tracking":false,"_monsterinsights_sitenote_active":false,"_monsterinsights_sitenote_note":"","_monsterinsights_sitenote_category":0,"site-sidebar-layout":"default","site-content-layout":"default","ast-global-header-display":"","ast-banner-title-visibility":"","ast-main-header-display":"","ast-hfb-above-header-display":"","ast-hfb-below-header-display":"","ast-hfb-mobile-header-display":"","site-post-title":"","ast-breadcrumbs-content":"","ast-featured-img":"","footer-sml-layout":"","theme-transparent-header-meta":"default","adv-header-id-meta":"","stick-header-meta":"","header-above-stick-meta":"","header-main-stick-meta":"","header-below-stick-meta":""},"product_cat":[5309],"product_tag":[],"aioseo_notices":[],"yoast_head":"<!-- This site is optimized with the Yoast SEO Premium plugin v19.2.1 (Yoast SEO v21.9.1) - https:\/\/yoast.com\/wordpress\/plugins\/seo\/ -->\n<title>BOTTA PACKAGING \u00bb eco-verpackungsl\u00f6sungen - Eco-Tape Reduced Plastic 17my<\/title>\n<meta name=\"description\" content=\"Eco-Tape Reduced Plastic 17my ist die neue Generation von Klebeb\u00e4ndern, die Umweltbewusstsein mit \u00fcberlegener Qualit\u00e4t f\u00fcr eine Vielzahl von Anwendungen kombiniert.\" \/>\n<meta name=\"robots\" content=\"index, follow, max-snippet:-1, max-image-preview:large, max-video-preview:-1\" \/>\n<link rel=\"canonical\" href=\"https:\/\/www.botta.it\/de\/eco-produkte\/eco-closures-and-sealing\/eco-tape\/eco-tape-reduced-plastic-17my\/\" \/>\n<meta property=\"og:locale\" content=\"de_DE\" \/>\n<meta property=\"og:type\" content=\"article\" \/>\n<meta property=\"og:title\" content=\"Eco-Tape Reduced Plastic 17my\" \/>\n<meta property=\"og:description\" content=\"Eco-Tape Reduced Plastic 17my ist die neue Generation von Klebeb\u00e4ndern, die Umweltbewusstsein mit \u00fcberlegener Qualit\u00e4t f\u00fcr eine Vielzahl von Anwendungen kombiniert.\" \/>\n<meta property=\"og:url\" content=\"https:\/\/www.botta.it\/de\/eco-produkte\/eco-closures-and-sealing\/eco-tape\/eco-tape-reduced-plastic-17my\/\" \/>\n<meta property=\"og:site_name\" content=\"BOTTA PACKAGING \u00bb eco-verpackungsl\u00f6sungen\" \/>\n<meta property=\"article:publisher\" content=\"https:\/\/www.facebook.com\/bottapackaging\/\" \/>\n<meta property=\"article:modified_time\" content=\"2025-05-15T14:01:56+00:00\" \/>\n<meta property=\"og:image\" content=\"https:\/\/www.botta.it\/wp-content\/uploads\/2020\/06\/Eco-reduced-plastic.png\" \/>\n\t<meta property=\"og:image:width\" content=\"1024\" \/>\n\t<meta property=\"og:image:height\" content=\"1024\" \/>\n\t<meta property=\"og:image:type\" content=\"image\/png\" \/>\n<meta name=\"twitter:card\" content=\"summary_large_image\" \/>\n<meta name=\"twitter:site\" content=\"@botta_box\" \/>\n<script type=\"application\/ld+json\" class=\"yoast-schema-graph\">{\"@context\":\"https:\/\/schema.org\",\"@graph\":[{\"@type\":\"WebPage\",\"@id\":\"https:\/\/www.botta.it\/de\/eco-produkte\/eco-closures-and-sealing\/eco-tape\/eco-tape-reduced-plastic-17my\/\",\"url\":\"https:\/\/www.botta.it\/de\/eco-produkte\/eco-closures-and-sealing\/eco-tape\/eco-tape-reduced-plastic-17my\/\",\"name\":\"BOTTA PACKAGING \u00bb eco-verpackungsl\u00f6sungen - Eco-Tape Reduced Plastic 17my\",\"isPartOf\":{\"@id\":\"https:\/\/www.botta.it\/#website\"},\"datePublished\":\"2020-06-30T09:38:12+00:00\",\"dateModified\":\"2025-05-15T14:01:56+00:00\",\"description\":\"Eco-Tape Reduced Plastic 17my ist die neue Generation von Klebeb\u00e4ndern, die Umweltbewusstsein mit \u00fcberlegener Qualit\u00e4t f\u00fcr eine Vielzahl von Anwendungen kombiniert.\",\"breadcrumb\":{\"@id\":\"https:\/\/www.botta.it\/de\/eco-produkte\/eco-closures-and-sealing\/eco-tape\/eco-tape-reduced-plastic-17my\/#breadcrumb\"},\"inLanguage\":\"de\",\"potentialAction\":[{\"@type\":\"ReadAction\",\"target\":[\"https:\/\/www.botta.it\/de\/eco-produkte\/eco-closures-and-sealing\/eco-tape\/eco-tape-reduced-plastic-17my\/\"]}]},{\"@type\":\"BreadcrumbList\",\"@id\":\"https:\/\/www.botta.it\/de\/eco-produkte\/eco-closures-and-sealing\/eco-tape\/eco-tape-reduced-plastic-17my\/#breadcrumb\",\"itemListElement\":[{\"@type\":\"ListItem\",\"position\":1,\"name\":\"Home\",\"item\":\"https:\/\/www.botta.it\/\"},{\"@type\":\"ListItem\",\"position\":2,\"name\":\"Prodotti\",\"item\":\"https:\/\/www.botta.it\/shop\/\"},{\"@type\":\"ListItem\",\"position\":3,\"name\":\"ECO-PRODUKTE\",\"item\":\"https:\/\/www.botta.it\/de\/eco-produkte\/\"},{\"@type\":\"ListItem\",\"position\":4,\"name\":\"ECO-CLOSURES AND SEALING\",\"item\":\"https:\/\/www.botta.it\/de\/eco-produkte\/eco-closures-and-sealing\/\"},{\"@type\":\"ListItem\",\"position\":5,\"name\":\"ECO-TAPE\",\"item\":\"https:\/\/www.botta.it\/de\/eco-produkte\/eco-closures-and-sealing\/eco-tape\/\"},{\"@type\":\"ListItem\",\"position\":6,\"name\":\"Eco-Tape Reduced Plastic 17my\"}]},{\"@type\":\"WebSite\",\"@id\":\"https:\/\/www.botta.it\/#website\",\"url\":\"https:\/\/www.botta.it\/\",\"name\":\"BOTTA PACKAGING \u00bb eco-verpackungsl\u00f6sungen\",\"description\":\"\u00d6kologische verpackungsl\u00f6sungen, wellpappe liefert, kartons, umschl\u00e4ge, airbags.\",\"publisher\":{\"@id\":\"https:\/\/www.botta.it\/#organization\"},\"potentialAction\":[{\"@type\":\"SearchAction\",\"target\":{\"@type\":\"EntryPoint\",\"urlTemplate\":\"https:\/\/www.botta.it\/?s={search_term_string}\"},\"query-input\":\"required name=search_term_string\"}],\"inLanguage\":\"de\"},{\"@type\":\"Organization\",\"@id\":\"https:\/\/www.botta.it\/#organization\",\"name\":\"BOTTA EcoPackaging\",\"url\":\"https:\/\/www.botta.it\/\",\"logo\":{\"@type\":\"ImageObject\",\"inLanguage\":\"de\",\"@id\":\"https:\/\/www.botta.it\/#\/schema\/logo\/image\/\",\"url\":\"https:\/\/www.botta.it\/wp-content\/uploads\/2021\/12\/Logo-RGB.png\",\"contentUrl\":\"https:\/\/www.botta.it\/wp-content\/uploads\/2021\/12\/Logo-RGB.png\",\"width\":1600,\"height\":1043,\"caption\":\"BOTTA EcoPackaging\"},\"image\":{\"@id\":\"https:\/\/www.botta.it\/#\/schema\/logo\/image\/\"},\"sameAs\":[\"https:\/\/www.facebook.com\/bottapackaging\/\",\"https:\/\/twitter.com\/botta_box\",\"https:\/\/www.instagram.com\/botta_box\/\",\"https:\/\/it.linkedin.com\/company\/botta-ecopackaging\",\"https:\/\/www.youtube.com\/channel\/UCLhT-tw_FsukJfrKi73c48Q\"]}]}<\/script>\n<!-- \/ Yoast SEO Premium plugin. -->","yoast_head_json":{"title":"BOTTA PACKAGING \u00bb eco-verpackungsl\u00f6sungen - Eco-Tape Reduced Plastic 17my","description":"Eco-Tape Reduced Plastic 17my ist die neue Generation von Klebeb\u00e4ndern, die Umweltbewusstsein mit \u00fcberlegener Qualit\u00e4t f\u00fcr eine Vielzahl von Anwendungen kombiniert.","robots":{"index":"index","follow":"follow","max-snippet":"max-snippet:-1","max-image-preview":"max-image-preview:large","max-video-preview":"max-video-preview:-1"},"canonical":"https:\/\/www.botta.it\/de\/eco-produkte\/eco-closures-and-sealing\/eco-tape\/eco-tape-reduced-plastic-17my\/","og_locale":"de_DE","og_type":"article","og_title":"Eco-Tape Reduced Plastic 17my","og_description":"Eco-Tape Reduced Plastic 17my ist die neue Generation von Klebeb\u00e4ndern, die Umweltbewusstsein mit \u00fcberlegener Qualit\u00e4t f\u00fcr eine Vielzahl von Anwendungen kombiniert.","og_url":"https:\/\/www.botta.it\/de\/eco-produkte\/eco-closures-and-sealing\/eco-tape\/eco-tape-reduced-plastic-17my\/","og_site_name":"BOTTA PACKAGING \u00bb eco-verpackungsl\u00f6sungen","article_publisher":"https:\/\/www.facebook.com\/bottapackaging\/","article_modified_time":"2025-05-15T14:01:56+00:00","og_image":[{"width":1024,"height":1024,"url":"https:\/\/www.botta.it\/wp-content\/uploads\/2020\/06\/Eco-reduced-plastic.png","type":"image\/png"}],"twitter_card":"summary_large_image","twitter_site":"@botta_box","schema":{"@context":"https:\/\/schema.org","@graph":[{"@type":"WebPage","@id":"https:\/\/www.botta.it\/de\/eco-produkte\/eco-closures-and-sealing\/eco-tape\/eco-tape-reduced-plastic-17my\/","url":"https:\/\/www.botta.it\/de\/eco-produkte\/eco-closures-and-sealing\/eco-tape\/eco-tape-reduced-plastic-17my\/","name":"BOTTA PACKAGING \u00bb eco-verpackungsl\u00f6sungen - Eco-Tape Reduced Plastic 17my","isPartOf":{"@id":"https:\/\/www.botta.it\/#website"},"datePublished":"2020-06-30T09:38:12+00:00","dateModified":"2025-05-15T14:01:56+00:00","description":"Eco-Tape Reduced Plastic 17my ist die neue Generation von Klebeb\u00e4ndern, die Umweltbewusstsein mit \u00fcberlegener Qualit\u00e4t f\u00fcr eine Vielzahl von Anwendungen kombiniert.","breadcrumb":{"@id":"https:\/\/www.botta.it\/de\/eco-produkte\/eco-closures-and-sealing\/eco-tape\/eco-tape-reduced-plastic-17my\/#breadcrumb"},"inLanguage":"de","potentialAction":[{"@type":"ReadAction","target":["https:\/\/www.botta.it\/de\/eco-produkte\/eco-closures-and-sealing\/eco-tape\/eco-tape-reduced-plastic-17my\/"]}]},{"@type":"BreadcrumbList","@id":"https:\/\/www.botta.it\/de\/eco-produkte\/eco-closures-and-sealing\/eco-tape\/eco-tape-reduced-plastic-17my\/#breadcrumb","itemListElement":[{"@type":"ListItem","position":1,"name":"Home","item":"https:\/\/www.botta.it\/"},{"@type":"ListItem","position":2,"name":"Prodotti","item":"https:\/\/www.botta.it\/shop\/"},{"@type":"ListItem","position":3,"name":"ECO-PRODUKTE","item":"https:\/\/www.botta.it\/de\/eco-produkte\/"},{"@type":"ListItem","position":4,"name":"ECO-CLOSURES AND SEALING","item":"https:\/\/www.botta.it\/de\/eco-produkte\/eco-closures-and-sealing\/"},{"@type":"ListItem","position":5,"name":"ECO-TAPE","item":"https:\/\/www.botta.it\/de\/eco-produkte\/eco-closures-and-sealing\/eco-tape\/"},{"@type":"ListItem","position":6,"name":"Eco-Tape Reduced Plastic 17my"}]},{"@type":"WebSite","@id":"https:\/\/www.botta.it\/#website","url":"https:\/\/www.botta.it\/","name":"BOTTA PACKAGING \u00bb eco-verpackungsl\u00f6sungen","description":"\u00d6kologische verpackungsl\u00f6sungen, wellpappe liefert, kartons, umschl\u00e4ge, airbags.","publisher":{"@id":"https:\/\/www.botta.it\/#organization"},"potentialAction":[{"@type":"SearchAction","target":{"@type":"EntryPoint","urlTemplate":"https:\/\/www.botta.it\/?s={search_term_string}"},"query-input":"required name=search_term_string"}],"inLanguage":"de"},{"@type":"Organization","@id":"https:\/\/www.botta.it\/#organization","name":"BOTTA EcoPackaging","url":"https:\/\/www.botta.it\/","logo":{"@type":"ImageObject","inLanguage":"de","@id":"https:\/\/www.botta.it\/#\/schema\/logo\/image\/","url":"https:\/\/www.botta.it\/wp-content\/uploads\/2021\/12\/Logo-RGB.png","contentUrl":"https:\/\/www.botta.it\/wp-content\/uploads\/2021\/12\/Logo-RGB.png","width":1600,"height":1043,"caption":"BOTTA EcoPackaging"},"image":{"@id":"https:\/\/www.botta.it\/#\/schema\/logo\/image\/"},"sameAs":["https:\/\/www.facebook.com\/bottapackaging\/","https:\/\/twitter.com\/botta_box","https:\/\/www.instagram.com\/botta_box\/","https:\/\/it.linkedin.com\/company\/botta-ecopackaging","https:\/\/www.youtube.com\/channel\/UCLhT-tw_FsukJfrKi73c48Q"]}]}},"_links":{"self":[{"href":"https:\/\/www.botta.it\/de\/wp-json\/wp\/v2\/product\/10890"}],"collection":[{"href":"https:\/\/www.botta.it\/de\/wp-json\/wp\/v2\/product"}],"about":[{"href":"https:\/\/www.botta.it\/de\/wp-json\/wp\/v2\/types\/product"}],"version-history":[{"count":1,"href":"https:\/\/www.botta.it\/de\/wp-json\/wp\/v2\/product\/10890\/revisions"}],"predecessor-version":[{"id":15041,"href":"https:\/\/www.botta.it\/de\/wp-json\/wp\/v2\/product\/10890\/revisions\/15041"}],"wp:featuredmedia":[{"embeddable":true,"href":"https:\/\/www.botta.it\/de\/wp-json\/wp\/v2\/media\/27022"}],"wp:attachment":[{"href":"https:\/\/www.botta.it\/de\/wp-json\/wp\/v2\/media?parent=10890"}],"wp:term":[{"taxonomy":"product_cat","embeddable":true,"href":"https:\/\/www.botta.it\/de\/wp-json\/wp\/v2\/product_cat?post=10890"},{"taxonomy":"product_tag","embeddable":true,"href":"https:\/\/www.botta.it\/de\/wp-json\/wp\/v2\/product_tag?post=10890"}],"curies":[{"name":"wp","href":"https:\/\/api.w.org\/{rel}","templated":true}]}}