{"id":10871,"date":"2020-04-17T09:08:02","date_gmt":"2020-04-17T07:08:02","guid":{"rendered":"https:\/\/www.botta.it\/?post_type=product&#038;p=10871"},"modified":"2026-01-19T15:03:31","modified_gmt":"2026-01-19T14:03:31","slug":"eco-transparent-paper-polybag","status":"publish","type":"product","link":"https:\/\/www.botta.it\/de\/eco-produkte\/eco-envelopes-bags\/eco-transparent-paper-polybag\/","title":{"rendered":"Eco-Transparent Paper PolyBag"},"content":{"rendered":"<p>Unsere transparente Papiert\u00fcte aus Papier, das von Natur aus rund ist, bietet eine innovative Alternative zu den herk\u00f6mmlichen durchsichtigen Plastikt\u00fcten, ohne dabei auf ihre vorteilhaften Eigenschaften zu verzichten. Da Transparenz eine Grundvoraussetzung ist, wird f\u00fcr unsere Taschenlinie ein durchsichtiges Papiermaterial verwendet, das die Sichtbarkeit des Kleidungsst\u00fccks und des Markenzeichens erm\u00f6glicht und somit eine 100%ige Marken\u00e4sthetik garantiert.<\/p>\n<p>Dar\u00fcber hinaus sch\u00fctzen diese transparenten Taschen die Kleidungsst\u00fccke w\u00e4hrend des Transports, aber anstatt Hunderte von Jahren zu brauchen, um sich abzubauen, sind sie vollst\u00e4ndig recycelbar und biologisch abbaubar.<\/p>\n","protected":false},"excerpt":{"rendered":"<p><strong>Transparente Papiert\u00fcte, recycelbar und biologisch abbaubar f\u00fcr eine ethische Wahl!<\/strong><\/p>\n<p><strong>\u00a0<\/strong><\/p>\n<ul>\n<li><strong>Eine ethische Wahl, um Ihren Einsatz f\u00fcr die Umwelt zu zeigen: <\/strong>transparente, recycelbare und biologisch abbaubare durchsichtige Papiert\u00fcte als nachhaltige Alternative zu herk\u00f6mmlichen Plastikt\u00fcten.<\/li>\n<li><strong>Heben Sie sich von der Masse ab! <\/strong>Mit dieser Papiertasche heben Sie sich dank der M\u00f6glichkeit, Ihr Logo oder Muster aufzudrucken, von der Masse ab!<\/li>\n<li><strong>Ma\u00dfgeschneiderte L\u00f6sung: <\/strong>Ma\u00dfgeschneiderte Abmessungen<\/li>\n<li><strong>Transparenz und Widerstandsf\u00e4higkeit: <\/strong>Das durchscheinende Papier erm\u00f6glicht es Ihnen, Ihre Kleidungsst\u00fccke zu sehen und die Produktcodes zur Identifizierung zu scannen<\/li>\n<li><strong>Produktion mit geringem \u00f6kologischen Fu\u00dfabdruck<\/strong>: Wenn Sie sich f\u00fcr Eco-Transparent Paper PolyBag als Alternative zu einem Frischpapierprodukt entscheiden, sparen Sie 68,08 kg Co2 \u00e4quivalente Treibhausgasemissionen* pro 1000 St\u00fcck!<\/li>\n<\/ul>\n","protected":false},"featured_media":18429,"template":"","meta":{"om_disable_all_campaigns":false,"_monsterinsights_skip_tracking":false,"_monsterinsights_sitenote_active":false,"_monsterinsights_sitenote_note":"","_monsterinsights_sitenote_category":0,"site-sidebar-layout":"no-sidebar","site-content-layout":"page-builder","ast-global-header-display":"","ast-banner-title-visibility":"","ast-main-header-display":"","ast-hfb-above-header-display":"","ast-hfb-below-header-display":"","ast-hfb-mobile-header-display":"","site-post-title":"disabled","ast-breadcrumbs-content":"","ast-featured-img":"disabled","footer-sml-layout":"","theme-transparent-header-meta":"default","adv-header-id-meta":"","stick-header-meta":"","header-above-stick-meta":"","header-main-stick-meta":"","header-below-stick-meta":""},"product_cat":[5311],"product_tag":[],"aioseo_notices":[],"yoast_head":"<!-- This site is optimized with the Yoast SEO Premium plugin v19.2.1 (Yoast SEO v21.9.1) - https:\/\/yoast.com\/wordpress\/plugins\/seo\/ -->\n<title>BOTTA PACKAGING \u00bb eco-packaging solutions - Eco-Transparent Paper PolyBag<\/title>\n<meta name=\"description\" content=\"Eco-Transparent Paper Bag bietet eine innovative und einzigartige Alternative zu herk\u00f6mmlichen durchsichtigen Plastikt\u00fcten, ohne Kompromisse bei den vorteilhaften Eigenschaften einzugehen.\" \/>\n<meta name=\"robots\" content=\"index, follow, max-snippet:-1, max-image-preview:large, max-video-preview:-1\" \/>\n<link rel=\"canonical\" href=\"https:\/\/www.botta.it\/de\/eco-produkte\/eco-envelopes-bags\/eco-transparent-paper-polybag\/\" \/>\n<meta property=\"og:locale\" content=\"de_DE\" \/>\n<meta property=\"og:type\" content=\"article\" \/>\n<meta property=\"og:title\" content=\"Eco-Transparent Paper PolyBag\" \/>\n<meta property=\"og:description\" content=\"Eco-Transparent Paper Bag bietet eine innovative und einzigartige Alternative zu herk\u00f6mmlichen durchsichtigen Plastikt\u00fcten, ohne Kompromisse bei den vorteilhaften Eigenschaften einzugehen.\" \/>\n<meta property=\"og:url\" content=\"https:\/\/www.botta.it\/de\/eco-produkte\/eco-envelopes-bags\/eco-transparent-paper-polybag\/\" \/>\n<meta property=\"og:site_name\" content=\"BOTTA PACKAGING \u00bb eco-packaging solutions\" \/>\n<meta property=\"article:publisher\" content=\"https:\/\/www.facebook.com\/bottapackaging\/\" \/>\n<meta property=\"article:modified_time\" content=\"2026-01-19T14:03:31+00:00\" \/>\n<meta property=\"og:image\" content=\"https:\/\/www.botta.it\/wp-content\/uploads\/2020\/04\/Eco-transparent-paper-polybag-2.jpg\" \/>\n\t<meta property=\"og:image:width\" content=\"1600\" \/>\n\t<meta property=\"og:image:height\" content=\"1600\" \/>\n\t<meta property=\"og:image:type\" content=\"image\/jpeg\" \/>\n<meta name=\"twitter:card\" content=\"summary_large_image\" \/>\n<meta name=\"twitter:site\" content=\"@botta_box\" \/>\n<script type=\"application\/ld+json\" class=\"yoast-schema-graph\">{\"@context\":\"https:\/\/schema.org\",\"@graph\":[{\"@type\":\"WebPage\",\"@id\":\"https:\/\/www.botta.it\/de\/eco-produkte\/eco-envelopes-bags\/eco-transparent-paper-polybag\/\",\"url\":\"https:\/\/www.botta.it\/de\/eco-produkte\/eco-envelopes-bags\/eco-transparent-paper-polybag\/\",\"name\":\"BOTTA PACKAGING \u00bb eco-packaging solutions - Eco-Transparent Paper PolyBag\",\"isPartOf\":{\"@id\":\"https:\/\/www.botta.it\/#website\"},\"datePublished\":\"2020-04-17T07:08:02+00:00\",\"dateModified\":\"2026-01-19T14:03:31+00:00\",\"description\":\"Eco-Transparent Paper Bag bietet eine innovative und einzigartige Alternative zu herk\u00f6mmlichen durchsichtigen Plastikt\u00fcten, ohne Kompromisse bei den vorteilhaften Eigenschaften einzugehen.\",\"breadcrumb\":{\"@id\":\"https:\/\/www.botta.it\/de\/eco-produkte\/eco-envelopes-bags\/eco-transparent-paper-polybag\/#breadcrumb\"},\"inLanguage\":\"de\",\"potentialAction\":[{\"@type\":\"ReadAction\",\"target\":[\"https:\/\/www.botta.it\/de\/eco-produkte\/eco-envelopes-bags\/eco-transparent-paper-polybag\/\"]}]},{\"@type\":\"BreadcrumbList\",\"@id\":\"https:\/\/www.botta.it\/de\/eco-produkte\/eco-envelopes-bags\/eco-transparent-paper-polybag\/#breadcrumb\",\"itemListElement\":[{\"@type\":\"ListItem\",\"position\":1,\"name\":\"Home\",\"item\":\"https:\/\/www.botta.it\/\"},{\"@type\":\"ListItem\",\"position\":2,\"name\":\"Prodotti\",\"item\":\"https:\/\/www.botta.it\/shop\/\"},{\"@type\":\"ListItem\",\"position\":3,\"name\":\"ECO-PRODUKTE\",\"item\":\"https:\/\/www.botta.it\/de\/eco-produkte\/\"},{\"@type\":\"ListItem\",\"position\":4,\"name\":\"ECO-ENVELOPES &amp; BAGS\",\"item\":\"https:\/\/www.botta.it\/de\/eco-produkte\/eco-envelopes-bags\/\"},{\"@type\":\"ListItem\",\"position\":5,\"name\":\"Eco-Transparent Paper PolyBag\"}]},{\"@type\":\"WebSite\",\"@id\":\"https:\/\/www.botta.it\/#website\",\"url\":\"https:\/\/www.botta.it\/\",\"name\":\"BOTTA PACKAGING \u00bb eco-packaging solutions\",\"description\":\"\u00d6kologische verpackungsl\u00f6sungen, wellpappe liefert, kartons, umschl\u00e4ge, airbags.\",\"publisher\":{\"@id\":\"https:\/\/www.botta.it\/#organization\"},\"potentialAction\":[{\"@type\":\"SearchAction\",\"target\":{\"@type\":\"EntryPoint\",\"urlTemplate\":\"https:\/\/www.botta.it\/?s={search_term_string}\"},\"query-input\":\"required name=search_term_string\"}],\"inLanguage\":\"de\"},{\"@type\":\"Organization\",\"@id\":\"https:\/\/www.botta.it\/#organization\",\"name\":\"BOTTA EcoPackaging\",\"url\":\"https:\/\/www.botta.it\/\",\"logo\":{\"@type\":\"ImageObject\",\"inLanguage\":\"de\",\"@id\":\"https:\/\/www.botta.it\/#\/schema\/logo\/image\/\",\"url\":\"https:\/\/www.botta.it\/wp-content\/uploads\/2021\/12\/Logo-RGB.png\",\"contentUrl\":\"https:\/\/www.botta.it\/wp-content\/uploads\/2021\/12\/Logo-RGB.png\",\"width\":1600,\"height\":1043,\"caption\":\"BOTTA EcoPackaging\"},\"image\":{\"@id\":\"https:\/\/www.botta.it\/#\/schema\/logo\/image\/\"},\"sameAs\":[\"https:\/\/www.facebook.com\/bottapackaging\/\",\"https:\/\/twitter.com\/botta_box\",\"https:\/\/www.instagram.com\/botta_box\/\",\"https:\/\/it.linkedin.com\/company\/botta-ecopackaging\",\"https:\/\/www.youtube.com\/channel\/UCLhT-tw_FsukJfrKi73c48Q\"]}]}<\/script>\n<!-- \/ Yoast SEO Premium plugin. -->","yoast_head_json":{"title":"BOTTA PACKAGING \u00bb eco-packaging solutions - Eco-Transparent Paper PolyBag","description":"Eco-Transparent Paper Bag bietet eine innovative und einzigartige Alternative zu herk\u00f6mmlichen durchsichtigen Plastikt\u00fcten, ohne Kompromisse bei den vorteilhaften Eigenschaften einzugehen.","robots":{"index":"index","follow":"follow","max-snippet":"max-snippet:-1","max-image-preview":"max-image-preview:large","max-video-preview":"max-video-preview:-1"},"canonical":"https:\/\/www.botta.it\/de\/eco-produkte\/eco-envelopes-bags\/eco-transparent-paper-polybag\/","og_locale":"de_DE","og_type":"article","og_title":"Eco-Transparent Paper PolyBag","og_description":"Eco-Transparent Paper Bag bietet eine innovative und einzigartige Alternative zu herk\u00f6mmlichen durchsichtigen Plastikt\u00fcten, ohne Kompromisse bei den vorteilhaften Eigenschaften einzugehen.","og_url":"https:\/\/www.botta.it\/de\/eco-produkte\/eco-envelopes-bags\/eco-transparent-paper-polybag\/","og_site_name":"BOTTA PACKAGING \u00bb eco-packaging solutions","article_publisher":"https:\/\/www.facebook.com\/bottapackaging\/","article_modified_time":"2026-01-19T14:03:31+00:00","og_image":[{"width":1600,"height":1600,"url":"https:\/\/www.botta.it\/wp-content\/uploads\/2020\/04\/Eco-transparent-paper-polybag-2.jpg","type":"image\/jpeg"}],"twitter_card":"summary_large_image","twitter_site":"@botta_box","schema":{"@context":"https:\/\/schema.org","@graph":[{"@type":"WebPage","@id":"https:\/\/www.botta.it\/de\/eco-produkte\/eco-envelopes-bags\/eco-transparent-paper-polybag\/","url":"https:\/\/www.botta.it\/de\/eco-produkte\/eco-envelopes-bags\/eco-transparent-paper-polybag\/","name":"BOTTA PACKAGING \u00bb eco-packaging solutions - Eco-Transparent Paper PolyBag","isPartOf":{"@id":"https:\/\/www.botta.it\/#website"},"datePublished":"2020-04-17T07:08:02+00:00","dateModified":"2026-01-19T14:03:31+00:00","description":"Eco-Transparent Paper Bag bietet eine innovative und einzigartige Alternative zu herk\u00f6mmlichen durchsichtigen Plastikt\u00fcten, ohne Kompromisse bei den vorteilhaften Eigenschaften einzugehen.","breadcrumb":{"@id":"https:\/\/www.botta.it\/de\/eco-produkte\/eco-envelopes-bags\/eco-transparent-paper-polybag\/#breadcrumb"},"inLanguage":"de","potentialAction":[{"@type":"ReadAction","target":["https:\/\/www.botta.it\/de\/eco-produkte\/eco-envelopes-bags\/eco-transparent-paper-polybag\/"]}]},{"@type":"BreadcrumbList","@id":"https:\/\/www.botta.it\/de\/eco-produkte\/eco-envelopes-bags\/eco-transparent-paper-polybag\/#breadcrumb","itemListElement":[{"@type":"ListItem","position":1,"name":"Home","item":"https:\/\/www.botta.it\/"},{"@type":"ListItem","position":2,"name":"Prodotti","item":"https:\/\/www.botta.it\/shop\/"},{"@type":"ListItem","position":3,"name":"ECO-PRODUKTE","item":"https:\/\/www.botta.it\/de\/eco-produkte\/"},{"@type":"ListItem","position":4,"name":"ECO-ENVELOPES &amp; BAGS","item":"https:\/\/www.botta.it\/de\/eco-produkte\/eco-envelopes-bags\/"},{"@type":"ListItem","position":5,"name":"Eco-Transparent Paper PolyBag"}]},{"@type":"WebSite","@id":"https:\/\/www.botta.it\/#website","url":"https:\/\/www.botta.it\/","name":"BOTTA PACKAGING \u00bb eco-packaging solutions","description":"\u00d6kologische verpackungsl\u00f6sungen, wellpappe liefert, kartons, umschl\u00e4ge, airbags.","publisher":{"@id":"https:\/\/www.botta.it\/#organization"},"potentialAction":[{"@type":"SearchAction","target":{"@type":"EntryPoint","urlTemplate":"https:\/\/www.botta.it\/?s={search_term_string}"},"query-input":"required name=search_term_string"}],"inLanguage":"de"},{"@type":"Organization","@id":"https:\/\/www.botta.it\/#organization","name":"BOTTA EcoPackaging","url":"https:\/\/www.botta.it\/","logo":{"@type":"ImageObject","inLanguage":"de","@id":"https:\/\/www.botta.it\/#\/schema\/logo\/image\/","url":"https:\/\/www.botta.it\/wp-content\/uploads\/2021\/12\/Logo-RGB.png","contentUrl":"https:\/\/www.botta.it\/wp-content\/uploads\/2021\/12\/Logo-RGB.png","width":1600,"height":1043,"caption":"BOTTA EcoPackaging"},"image":{"@id":"https:\/\/www.botta.it\/#\/schema\/logo\/image\/"},"sameAs":["https:\/\/www.facebook.com\/bottapackaging\/","https:\/\/twitter.com\/botta_box","https:\/\/www.instagram.com\/botta_box\/","https:\/\/it.linkedin.com\/company\/botta-ecopackaging","https:\/\/www.youtube.com\/channel\/UCLhT-tw_FsukJfrKi73c48Q"]}]}},"_links":{"self":[{"href":"https:\/\/www.botta.it\/de\/wp-json\/wp\/v2\/product\/10871"}],"collection":[{"href":"https:\/\/www.botta.it\/de\/wp-json\/wp\/v2\/product"}],"about":[{"href":"https:\/\/www.botta.it\/de\/wp-json\/wp\/v2\/types\/product"}],"version-history":[{"count":3,"href":"https:\/\/www.botta.it\/de\/wp-json\/wp\/v2\/product\/10871\/revisions"}],"predecessor-version":[{"id":20625,"href":"https:\/\/www.botta.it\/de\/wp-json\/wp\/v2\/product\/10871\/revisions\/20625"}],"wp:featuredmedia":[{"embeddable":true,"href":"https:\/\/www.botta.it\/de\/wp-json\/wp\/v2\/media\/18429"}],"wp:attachment":[{"href":"https:\/\/www.botta.it\/de\/wp-json\/wp\/v2\/media?parent=10871"}],"wp:term":[{"taxonomy":"product_cat","embeddable":true,"href":"https:\/\/www.botta.it\/de\/wp-json\/wp\/v2\/product_cat?post=10871"},{"taxonomy":"product_tag","embeddable":true,"href":"https:\/\/www.botta.it\/de\/wp-json\/wp\/v2\/product_tag?post=10871"}],"curies":[{"name":"wp","href":"https:\/\/api.w.org\/{rel}","templated":true}]}}