{"id":10626,"date":"2020-05-18T12:33:17","date_gmt":"2020-05-18T10:33:17","guid":{"rendered":"https:\/\/www.botta.it\/?post_type=product&#038;p=10626"},"modified":"2025-05-15T14:51:53","modified_gmt":"2025-05-15T12:51:53","slug":"eco-paper-tape-reinforced","status":"publish","type":"product","link":"https:\/\/www.botta.it\/de\/eco-produkte\/eco-closures-and-sealing\/eco-tape\/eco-paper-tape-reinforced\/","title":{"rendered":"Eco-Paper Tape Reinforced"},"content":{"rendered":"<p class=\"x_MsoNormal\"><span lang=\"FR\">Eco-Paper Tape Reinforced ist ein selbstklebendes Klebeband mit einem Kraftpapiertr\u00e4ger und einem zus\u00e4tzlichen Glasfaser-Sicherheitseinsatz.<\/span><\/p>\n<p class=\"x_MsoNormal\"><span lang=\"FR\">Der Hochleistungsklebstoff zusammen mit der verst\u00e4rkten R\u00fcckseite macht dieses Produkt zur idealen Wahl sowohl f\u00fcr den E-Commerce als auch f\u00fcr die schwersten Anforderungen an Industrieverpackungen.<\/span><\/p>\n<p class=\"x_MsoNormal\"><span lang=\"FR\">Die spezielle Klebstoffformulierung sorgt f\u00fcr einen hervorragenden Halt auf den Pappkartons mit einer zus\u00e4tzlichen manipulationssicheren Eigenschaft.<\/span><\/p>\n<p class=\"x_MsoNormal\"><span lang=\"EN-US\">Dank der Steifheit des Tr\u00e4gers kann dieses Eco-Paper Tape Reinforced mit oder ohne Handspender aufgetragen werden.<\/span><\/p>\n","protected":false},"excerpt":{"rendered":"<ul>\n<li>Selbstklebendes Band, geeignet f\u00fcr alle Verpackungsanforderungen<\/li>\n<li>Hergestellt aus Kraftpapier mit Glasfaserverst\u00e4rkung f\u00fcr zus\u00e4tzliche St\u00e4rke<\/li>\n<li>Hervorragend geeignet zum Tragen von sehr schweren Lasten<\/li>\n<li>Gew\u00e4hrleistet eine starke Haftung auf Karton, wodurch die Sicherheit beim Transport erh\u00f6ht wird<\/li>\n<li>Robuste Zusammensetzung erm\u00f6glicht die Anwendung mit oder ohne Abroller<\/li>\n<li>Umweltfreundlich, aus Papiermaterialien hergestellt, im Einklang mit nachhaltigen Praktiken<\/li>\n<\/ul>\n","protected":false},"featured_media":27001,"template":"","meta":{"om_disable_all_campaigns":false,"_monsterinsights_skip_tracking":false,"_monsterinsights_sitenote_active":false,"_monsterinsights_sitenote_note":"","_monsterinsights_sitenote_category":0,"site-sidebar-layout":"default","site-content-layout":"default","ast-global-header-display":"","ast-banner-title-visibility":"","ast-main-header-display":"","ast-hfb-above-header-display":"","ast-hfb-below-header-display":"","ast-hfb-mobile-header-display":"","site-post-title":"","ast-breadcrumbs-content":"","ast-featured-img":"","footer-sml-layout":"","theme-transparent-header-meta":"default","adv-header-id-meta":"","stick-header-meta":"","header-above-stick-meta":"","header-main-stick-meta":"","header-below-stick-meta":""},"product_cat":[5309],"product_tag":[],"aioseo_notices":[],"yoast_head":"<!-- This site is optimized with the Yoast SEO Premium plugin v19.2.1 (Yoast SEO v21.9.1) - https:\/\/yoast.com\/wordpress\/plugins\/seo\/ -->\n<title>BOTTA PACKAGING \u00bb eco-verpackungsl\u00f6sungen - Eco-Paper Tape Reinforced<\/title>\n<meta name=\"description\" content=\"Eco-Paper Tape Reinforced ist ein selbstklebendes Klebeband mit einem Kraftpapiertr\u00e4ger und einem zus\u00e4tzlichen Glasfaser-Sicherheitseinsatz.\" \/>\n<meta name=\"robots\" content=\"index, follow, max-snippet:-1, max-image-preview:large, max-video-preview:-1\" \/>\n<link rel=\"canonical\" href=\"https:\/\/www.botta.it\/de\/eco-produkte\/eco-closures-and-sealing\/eco-tape\/eco-paper-tape-reinforced\/\" \/>\n<meta property=\"og:locale\" content=\"de_DE\" \/>\n<meta property=\"og:type\" content=\"article\" \/>\n<meta property=\"og:title\" content=\"Eco-Paper Tape Reinforced\" \/>\n<meta property=\"og:description\" content=\"Eco-Paper Tape Reinforced ist ein selbstklebendes Klebeband mit einem Kraftpapiertr\u00e4ger und einem zus\u00e4tzlichen Glasfaser-Sicherheitseinsatz.\" \/>\n<meta property=\"og:url\" content=\"https:\/\/www.botta.it\/de\/eco-produkte\/eco-closures-and-sealing\/eco-tape\/eco-paper-tape-reinforced\/\" \/>\n<meta property=\"og:site_name\" content=\"BOTTA PACKAGING \u00bb eco-verpackungsl\u00f6sungen\" \/>\n<meta property=\"article:publisher\" content=\"https:\/\/www.facebook.com\/bottapackaging\/\" \/>\n<meta property=\"article:modified_time\" content=\"2025-05-15T12:51:53+00:00\" \/>\n<meta property=\"og:image\" content=\"https:\/\/www.botta.it\/wp-content\/uploads\/2020\/05\/Eco-paper-tape-reinforced.png\" \/>\n\t<meta property=\"og:image:width\" content=\"1024\" \/>\n\t<meta property=\"og:image:height\" content=\"1024\" \/>\n\t<meta property=\"og:image:type\" content=\"image\/png\" \/>\n<meta name=\"twitter:card\" content=\"summary_large_image\" \/>\n<meta name=\"twitter:site\" content=\"@botta_box\" \/>\n<script type=\"application\/ld+json\" class=\"yoast-schema-graph\">{\"@context\":\"https:\/\/schema.org\",\"@graph\":[{\"@type\":\"WebPage\",\"@id\":\"https:\/\/www.botta.it\/de\/eco-produkte\/eco-closures-and-sealing\/eco-tape\/eco-paper-tape-reinforced\/\",\"url\":\"https:\/\/www.botta.it\/de\/eco-produkte\/eco-closures-and-sealing\/eco-tape\/eco-paper-tape-reinforced\/\",\"name\":\"BOTTA PACKAGING \u00bb eco-verpackungsl\u00f6sungen - Eco-Paper Tape Reinforced\",\"isPartOf\":{\"@id\":\"https:\/\/www.botta.it\/#website\"},\"datePublished\":\"2020-05-18T10:33:17+00:00\",\"dateModified\":\"2025-05-15T12:51:53+00:00\",\"description\":\"Eco-Paper Tape Reinforced ist ein selbstklebendes Klebeband mit einem Kraftpapiertr\u00e4ger und einem zus\u00e4tzlichen Glasfaser-Sicherheitseinsatz.\",\"breadcrumb\":{\"@id\":\"https:\/\/www.botta.it\/de\/eco-produkte\/eco-closures-and-sealing\/eco-tape\/eco-paper-tape-reinforced\/#breadcrumb\"},\"inLanguage\":\"de\",\"potentialAction\":[{\"@type\":\"ReadAction\",\"target\":[\"https:\/\/www.botta.it\/de\/eco-produkte\/eco-closures-and-sealing\/eco-tape\/eco-paper-tape-reinforced\/\"]}]},{\"@type\":\"BreadcrumbList\",\"@id\":\"https:\/\/www.botta.it\/de\/eco-produkte\/eco-closures-and-sealing\/eco-tape\/eco-paper-tape-reinforced\/#breadcrumb\",\"itemListElement\":[{\"@type\":\"ListItem\",\"position\":1,\"name\":\"Home\",\"item\":\"https:\/\/www.botta.it\/\"},{\"@type\":\"ListItem\",\"position\":2,\"name\":\"Prodotti\",\"item\":\"https:\/\/www.botta.it\/shop\/\"},{\"@type\":\"ListItem\",\"position\":3,\"name\":\"ECO-PRODUKTE\",\"item\":\"https:\/\/www.botta.it\/de\/eco-produkte\/\"},{\"@type\":\"ListItem\",\"position\":4,\"name\":\"ECO-CLOSURES AND SEALING\",\"item\":\"https:\/\/www.botta.it\/de\/eco-produkte\/eco-closures-and-sealing\/\"},{\"@type\":\"ListItem\",\"position\":5,\"name\":\"ECO-TAPE\",\"item\":\"https:\/\/www.botta.it\/de\/eco-produkte\/eco-closures-and-sealing\/eco-tape\/\"},{\"@type\":\"ListItem\",\"position\":6,\"name\":\"Eco-Paper Tape Reinforced\"}]},{\"@type\":\"WebSite\",\"@id\":\"https:\/\/www.botta.it\/#website\",\"url\":\"https:\/\/www.botta.it\/\",\"name\":\"BOTTA PACKAGING \u00bb eco-verpackungsl\u00f6sungen\",\"description\":\"\u00d6kologische verpackungsl\u00f6sungen, wellpappe liefert, kartons, umschl\u00e4ge, airbags.\",\"publisher\":{\"@id\":\"https:\/\/www.botta.it\/#organization\"},\"potentialAction\":[{\"@type\":\"SearchAction\",\"target\":{\"@type\":\"EntryPoint\",\"urlTemplate\":\"https:\/\/www.botta.it\/?s={search_term_string}\"},\"query-input\":\"required name=search_term_string\"}],\"inLanguage\":\"de\"},{\"@type\":\"Organization\",\"@id\":\"https:\/\/www.botta.it\/#organization\",\"name\":\"BOTTA EcoPackaging\",\"url\":\"https:\/\/www.botta.it\/\",\"logo\":{\"@type\":\"ImageObject\",\"inLanguage\":\"de\",\"@id\":\"https:\/\/www.botta.it\/#\/schema\/logo\/image\/\",\"url\":\"https:\/\/www.botta.it\/wp-content\/uploads\/2021\/12\/Logo-RGB.png\",\"contentUrl\":\"https:\/\/www.botta.it\/wp-content\/uploads\/2021\/12\/Logo-RGB.png\",\"width\":1600,\"height\":1043,\"caption\":\"BOTTA EcoPackaging\"},\"image\":{\"@id\":\"https:\/\/www.botta.it\/#\/schema\/logo\/image\/\"},\"sameAs\":[\"https:\/\/www.facebook.com\/bottapackaging\/\",\"https:\/\/twitter.com\/botta_box\",\"https:\/\/www.instagram.com\/botta_box\/\",\"https:\/\/it.linkedin.com\/company\/botta-ecopackaging\",\"https:\/\/www.youtube.com\/channel\/UCLhT-tw_FsukJfrKi73c48Q\"]}]}<\/script>\n<!-- \/ Yoast SEO Premium plugin. -->","yoast_head_json":{"title":"BOTTA PACKAGING \u00bb eco-verpackungsl\u00f6sungen - Eco-Paper Tape Reinforced","description":"Eco-Paper Tape Reinforced ist ein selbstklebendes Klebeband mit einem Kraftpapiertr\u00e4ger und einem zus\u00e4tzlichen Glasfaser-Sicherheitseinsatz.","robots":{"index":"index","follow":"follow","max-snippet":"max-snippet:-1","max-image-preview":"max-image-preview:large","max-video-preview":"max-video-preview:-1"},"canonical":"https:\/\/www.botta.it\/de\/eco-produkte\/eco-closures-and-sealing\/eco-tape\/eco-paper-tape-reinforced\/","og_locale":"de_DE","og_type":"article","og_title":"Eco-Paper Tape Reinforced","og_description":"Eco-Paper Tape Reinforced ist ein selbstklebendes Klebeband mit einem Kraftpapiertr\u00e4ger und einem zus\u00e4tzlichen Glasfaser-Sicherheitseinsatz.","og_url":"https:\/\/www.botta.it\/de\/eco-produkte\/eco-closures-and-sealing\/eco-tape\/eco-paper-tape-reinforced\/","og_site_name":"BOTTA PACKAGING \u00bb eco-verpackungsl\u00f6sungen","article_publisher":"https:\/\/www.facebook.com\/bottapackaging\/","article_modified_time":"2025-05-15T12:51:53+00:00","og_image":[{"width":1024,"height":1024,"url":"https:\/\/www.botta.it\/wp-content\/uploads\/2020\/05\/Eco-paper-tape-reinforced.png","type":"image\/png"}],"twitter_card":"summary_large_image","twitter_site":"@botta_box","schema":{"@context":"https:\/\/schema.org","@graph":[{"@type":"WebPage","@id":"https:\/\/www.botta.it\/de\/eco-produkte\/eco-closures-and-sealing\/eco-tape\/eco-paper-tape-reinforced\/","url":"https:\/\/www.botta.it\/de\/eco-produkte\/eco-closures-and-sealing\/eco-tape\/eco-paper-tape-reinforced\/","name":"BOTTA PACKAGING \u00bb eco-verpackungsl\u00f6sungen - Eco-Paper Tape Reinforced","isPartOf":{"@id":"https:\/\/www.botta.it\/#website"},"datePublished":"2020-05-18T10:33:17+00:00","dateModified":"2025-05-15T12:51:53+00:00","description":"Eco-Paper Tape Reinforced ist ein selbstklebendes Klebeband mit einem Kraftpapiertr\u00e4ger und einem zus\u00e4tzlichen Glasfaser-Sicherheitseinsatz.","breadcrumb":{"@id":"https:\/\/www.botta.it\/de\/eco-produkte\/eco-closures-and-sealing\/eco-tape\/eco-paper-tape-reinforced\/#breadcrumb"},"inLanguage":"de","potentialAction":[{"@type":"ReadAction","target":["https:\/\/www.botta.it\/de\/eco-produkte\/eco-closures-and-sealing\/eco-tape\/eco-paper-tape-reinforced\/"]}]},{"@type":"BreadcrumbList","@id":"https:\/\/www.botta.it\/de\/eco-produkte\/eco-closures-and-sealing\/eco-tape\/eco-paper-tape-reinforced\/#breadcrumb","itemListElement":[{"@type":"ListItem","position":1,"name":"Home","item":"https:\/\/www.botta.it\/"},{"@type":"ListItem","position":2,"name":"Prodotti","item":"https:\/\/www.botta.it\/shop\/"},{"@type":"ListItem","position":3,"name":"ECO-PRODUKTE","item":"https:\/\/www.botta.it\/de\/eco-produkte\/"},{"@type":"ListItem","position":4,"name":"ECO-CLOSURES AND SEALING","item":"https:\/\/www.botta.it\/de\/eco-produkte\/eco-closures-and-sealing\/"},{"@type":"ListItem","position":5,"name":"ECO-TAPE","item":"https:\/\/www.botta.it\/de\/eco-produkte\/eco-closures-and-sealing\/eco-tape\/"},{"@type":"ListItem","position":6,"name":"Eco-Paper Tape Reinforced"}]},{"@type":"WebSite","@id":"https:\/\/www.botta.it\/#website","url":"https:\/\/www.botta.it\/","name":"BOTTA PACKAGING \u00bb eco-verpackungsl\u00f6sungen","description":"\u00d6kologische verpackungsl\u00f6sungen, wellpappe liefert, kartons, umschl\u00e4ge, airbags.","publisher":{"@id":"https:\/\/www.botta.it\/#organization"},"potentialAction":[{"@type":"SearchAction","target":{"@type":"EntryPoint","urlTemplate":"https:\/\/www.botta.it\/?s={search_term_string}"},"query-input":"required name=search_term_string"}],"inLanguage":"de"},{"@type":"Organization","@id":"https:\/\/www.botta.it\/#organization","name":"BOTTA EcoPackaging","url":"https:\/\/www.botta.it\/","logo":{"@type":"ImageObject","inLanguage":"de","@id":"https:\/\/www.botta.it\/#\/schema\/logo\/image\/","url":"https:\/\/www.botta.it\/wp-content\/uploads\/2021\/12\/Logo-RGB.png","contentUrl":"https:\/\/www.botta.it\/wp-content\/uploads\/2021\/12\/Logo-RGB.png","width":1600,"height":1043,"caption":"BOTTA EcoPackaging"},"image":{"@id":"https:\/\/www.botta.it\/#\/schema\/logo\/image\/"},"sameAs":["https:\/\/www.facebook.com\/bottapackaging\/","https:\/\/twitter.com\/botta_box","https:\/\/www.instagram.com\/botta_box\/","https:\/\/it.linkedin.com\/company\/botta-ecopackaging","https:\/\/www.youtube.com\/channel\/UCLhT-tw_FsukJfrKi73c48Q"]}]}},"_links":{"self":[{"href":"https:\/\/www.botta.it\/de\/wp-json\/wp\/v2\/product\/10626"}],"collection":[{"href":"https:\/\/www.botta.it\/de\/wp-json\/wp\/v2\/product"}],"about":[{"href":"https:\/\/www.botta.it\/de\/wp-json\/wp\/v2\/types\/product"}],"version-history":[{"count":2,"href":"https:\/\/www.botta.it\/de\/wp-json\/wp\/v2\/product\/10626\/revisions"}],"predecessor-version":[{"id":24853,"href":"https:\/\/www.botta.it\/de\/wp-json\/wp\/v2\/product\/10626\/revisions\/24853"}],"wp:featuredmedia":[{"embeddable":true,"href":"https:\/\/www.botta.it\/de\/wp-json\/wp\/v2\/media\/27001"}],"wp:attachment":[{"href":"https:\/\/www.botta.it\/de\/wp-json\/wp\/v2\/media?parent=10626"}],"wp:term":[{"taxonomy":"product_cat","embeddable":true,"href":"https:\/\/www.botta.it\/de\/wp-json\/wp\/v2\/product_cat?post=10626"},{"taxonomy":"product_tag","embeddable":true,"href":"https:\/\/www.botta.it\/de\/wp-json\/wp\/v2\/product_tag?post=10626"}],"curies":[{"name":"wp","href":"https:\/\/api.w.org\/{rel}","templated":true}]}}