{"id":5825,"date":"2019-02-14T04:33:58","date_gmt":"2019-02-14T04:33:58","guid":{"rendered":"https:\/\/www.botta.it\/corporate-social-responsibility\/"},"modified":"2022-01-21T19:12:43","modified_gmt":"2022-01-21T18:12:43","slug":"soziale-verantwortung-der-unternehmen","status":"publish","type":"page","link":"https:\/\/www.botta.it\/de\/soziale-verantwortung-der-unternehmen\/","title":{"rendered":"SOZIALE VERANTWORTUNG DER UNTERNEHMEN"},"content":{"rendered":"\t\t<div data-elementor-type=\"wp-page\" data-elementor-id=\"5825\" class=\"elementor elementor-5825 elementor-4391\">\n\t\t\t\t\t\t\t\t\t<section class=\"elementor-section elementor-top-section elementor-element elementor-element-7368c8c elementor-section-stretched elementor-section-full_width elementor-section-height-default elementor-section-height-default\" data-id=\"7368c8c\" data-element_type=\"section\" data-settings=\"{&quot;background_background&quot;:&quot;classic&quot;,&quot;stretch_section&quot;:&quot;section-stretched&quot;}\">\n\t\t\t\t\t\t<div class=\"elementor-container elementor-column-gap-default\">\n\t\t\t\t\t<div class=\"elementor-column elementor-col-100 elementor-top-column elementor-element elementor-element-a21c0e3\" data-id=\"a21c0e3\" data-element_type=\"column\">\n\t\t\t<div class=\"elementor-widget-wrap elementor-element-populated\">\n\t\t\t\t\t\t\t\t<div class=\"elementor-element elementor-element-43f56d2 elementor-widget elementor-widget-heading\" data-id=\"43f56d2\" data-element_type=\"widget\" data-widget_type=\"heading.default\">\n\t\t\t\t<div class=\"elementor-widget-container\">\n\t\t\t<h1 class=\"elementor-heading-title elementor-size-default\">SOZIALE VERANTWORTUNG DER UNTERNEHMEN<\/h1>\t\t<\/div>\n\t\t\t\t<\/div>\n\t\t\t\t\t<\/div>\n\t\t<\/div>\n\t\t\t\t\t\t\t<\/div>\n\t\t<\/section>\n\t\t\t\t<section class=\"elementor-section elementor-top-section elementor-element elementor-element-e5e8e60 elementor-section-boxed elementor-section-height-default elementor-section-height-default\" data-id=\"e5e8e60\" data-element_type=\"section\">\n\t\t\t\t\t\t<div class=\"elementor-container elementor-column-gap-default\">\n\t\t\t\t\t<div class=\"elementor-column elementor-col-100 elementor-top-column elementor-element elementor-element-07ffb3d\" data-id=\"07ffb3d\" data-element_type=\"column\">\n\t\t\t<div class=\"elementor-widget-wrap elementor-element-populated\">\n\t\t\t\t\t\t\t\t<div class=\"elementor-element elementor-element-12c3548 elementor-widget elementor-widget-breadcrumbs\" data-id=\"12c3548\" data-element_type=\"widget\" data-widget_type=\"breadcrumbs.default\">\n\t\t\t\t<div class=\"elementor-widget-container\">\n\t\t\t<p id=\"breadcrumbs\"><span><span><a href=\"https:\/\/www.botta.it\/\">Home<\/a><\/span><\/span><\/p>\t\t<\/div>\n\t\t\t\t<\/div>\n\t\t\t\t\t<\/div>\n\t\t<\/div>\n\t\t\t\t\t\t\t<\/div>\n\t\t<\/section>\n\t\t\t\t<section class=\"elementor-section elementor-top-section elementor-element elementor-element-7a189f7 elementor-section-boxed elementor-section-height-default elementor-section-height-default\" data-id=\"7a189f7\" data-element_type=\"section\">\n\t\t\t\t\t\t<div class=\"elementor-container elementor-column-gap-default\">\n\t\t\t\t\t<div class=\"elementor-column elementor-col-50 elementor-top-column elementor-element elementor-element-e976cc2\" data-id=\"e976cc2\" data-element_type=\"column\">\n\t\t\t<div class=\"elementor-widget-wrap\">\n\t\t\t\t\t\t\t\t\t<\/div>\n\t\t<\/div>\n\t\t\t\t<div class=\"elementor-column elementor-col-50 elementor-top-column elementor-element elementor-element-d756c88\" data-id=\"d756c88\" data-element_type=\"column\">\n\t\t\t<div class=\"elementor-widget-wrap elementor-element-populated\">\n\t\t\t\t\t\t\t\t<div class=\"elementor-element elementor-element-77aea29 elementor-drop-cap-yes elementor-drop-cap-view-default elementor-widget elementor-widget-text-editor\" data-id=\"77aea29\" data-element_type=\"widget\" data-settings=\"{&quot;drop_cap&quot;:&quot;yes&quot;}\" data-widget_type=\"text-editor.default\">\n\t\t\t\t<div class=\"elementor-widget-container\">\n\t\t\t\t\t\t\t<p><img decoding=\"async\" class=\"alignleft wp-image-9841 size-full\" src=\"https:\/\/www.botta.it\/wp-content\/uploads\/2019\/12\/CORPORATE-SOCIAL-RESPONSIBILITY.jpg\" alt=\"\" width=\"500\" height=\"333\" srcset=\"https:\/\/www.botta.it\/wp-content\/uploads\/2019\/12\/CORPORATE-SOCIAL-RESPONSIBILITY.jpg 500w, https:\/\/www.botta.it\/wp-content\/uploads\/2019\/12\/CORPORATE-SOCIAL-RESPONSIBILITY-300x200.jpg 300w, https:\/\/www.botta.it\/wp-content\/uploads\/2019\/12\/CORPORATE-SOCIAL-RESPONSIBILITY-240x160.jpg 240w\" sizes=\"(max-width: 500px) 100vw, 500px\" \/><\/p><p>Bei <strong>Botta Packaging<\/strong> sind wir seit jeher auf unsere Umwelt bedacht und glauben an eine nachhaltige wirtschaftliche und soziale Entwicklung im Interesse der Gemeinschaft und des Territoriums, in dem wir t\u00e4tig sind.<\/p><p>Tats\u00e4chlich verfolgt das Unternehmen eine Politik, die wirtschaftliche Ziele mit den sozialen und \u00f6kologischen Zielen des betreffenden Gebiets im Hinblick auf die zuk\u00fcnftige Nachhaltigkeit in Einklang bringt.<\/p><p>Das Personalmanagement spielt eine zentrale Rolle bei den Aktivit\u00e4ten des Unternehmens, das sich dem Wohlbefinden, der Gesundheit und der Sicherheit aller Mitarbeiter und Partner verpflichtet f\u00fchlt.<\/p><p>Ihr Engagement und ihr professionelles Wachstum werden nun durch agile L\u00f6sungen f\u00fcr den Informationsaustausch und innovative Technologien zur Vereinfachung der Verfahren weiter verst\u00e4rkt. Das Unternehmen verpflichtet sich in Zusammenarbeit mit seinen Partnern zur Achtung der Menschenrechte entlang der gesamten Produktionskette.<\/p><p>Um zufriedenstellende Ergebnisse in Bezug auf Nachhaltigkeit und Umweltschutz zu erzielen und unseren \u00f6kologischen Fu\u00dfabdruck durch die Optimierung von Produktionsprozessen als Teil einer verantwortungsvollen Lieferkette zu verbessern, haben wir unsere externen Partner einbezogen: Kunden, Lieferanten und Vertriebsnetz.<\/p><p>Das Unternehmen pflegt einen langj\u00e4hrigen Dialog mit der lokalen Gemeinschaft.\u00a0Wir haben mehrmals mit lokalen Institutionen und Ausbildungseinrichtungen zusammengearbeitet, indem wir an den Tagen von \u201cOPEN RECYCLE\u201d; teilgenommen haben, um in Zusammenarbeit mit der COMIECO das Bewusstsein f\u00fcr die Bedeutung des Recyclings von Papier und Karton zu sch\u00e4rfen.<\/p><p>Das Unternehmen beteiligt sich auch an Initiativen zur Aufnahme von Gymnasiasten im Wechsel zwischen Schule und Beruf; das Projekt Laboratorio di Impresa richtet sich an Studenten der Universit\u00e4t Mailand Bicocca und das Projekt Invest Your Talent in Italy mit dem Ministerium f\u00fcr ausw\u00e4rtige Angelegenheiten und internationale Zusammenarbeit.<\/p><h4>Ein Familienunternehmen, das seine Arbeit mit Leidenschaft verrichtet und die Zukunft im Blick hat, aus 3 Generationen.<\/h4>\t\t\t\t\t\t<\/div>\n\t\t\t\t<\/div>\n\t\t\t\t<div class=\"elementor-element elementor-element-89384f6 elementor-widget-divider--view-line elementor-widget elementor-widget-divider\" data-id=\"89384f6\" data-element_type=\"widget\" data-widget_type=\"divider.default\">\n\t\t\t\t<div class=\"elementor-widget-container\">\n\t\t\t\t\t<div class=\"elementor-divider\">\n\t\t\t<span class=\"elementor-divider-separator\">\n\t\t\t\t\t\t<\/span>\n\t\t<\/div>\n\t\t\t\t<\/div>\n\t\t\t\t<\/div>\n\t\t\t\t<div class=\"elementor-element elementor-element-4895bcb elementor-widget elementor-widget-text-editor\" data-id=\"4895bcb\" data-element_type=\"widget\" data-widget_type=\"text-editor.default\">\n\t\t\t\t<div class=\"elementor-widget-container\">\n\t\t\t\t\t\t\t<a href=\"https:\/\/www.botta.it\/de\/politica-per-la-catena-di-custodia\/\" target=\"_blank\" rel=\"noopener\">Hier<\/a> finden Sie die BOTTA-Richtlinie zur Kette der Verwahrung.\t\t\t\t\t\t<\/div>\n\t\t\t\t<\/div>\n\t\t\t\t\t<\/div>\n\t\t<\/div>\n\t\t\t\t\t\t\t<\/div>\n\t\t<\/section>\n\t\t\t\t\t\t\t<\/div>\n\t\t","protected":false},"excerpt":{"rendered":"<p>SOZIALE VERANTWORTUNG DER UNTERNEHMEN Bei Botta Packaging sind wir seit jeher auf unsere Umwelt bedacht und glauben an eine nachhaltige wirtschaftliche und soziale Entwicklung im Interesse der Gemeinschaft und des Territoriums, in dem wir t\u00e4tig sind. Tats\u00e4chlich verfolgt das Unternehmen eine Politik, die wirtschaftliche Ziele mit den sozialen und \u00f6kologischen Zielen des betreffenden Gebiets im &hellip;<\/p>\n<p class=\"read-more\"> <a class=\"\" href=\"https:\/\/www.botta.it\/de\/soziale-verantwortung-der-unternehmen\/\"> <span class=\"screen-reader-text\">SOZIALE VERANTWORTUNG DER UNTERNEHMEN<\/span> Mehr lesen \u00bb<\/a><\/p>\n","protected":false},"author":1,"featured_media":0,"parent":0,"menu_order":0,"comment_status":"closed","ping_status":"closed","template":"elementor_header_footer","meta":{"om_disable_all_campaigns":false,"_monsterinsights_skip_tracking":false,"_monsterinsights_sitenote_active":false,"_monsterinsights_sitenote_note":"","_monsterinsights_sitenote_category":0,"site-sidebar-layout":"no-sidebar","site-content-layout":"page-builder","ast-global-header-display":"","ast-banner-title-visibility":"","ast-main-header-display":"","ast-hfb-above-header-display":"","ast-hfb-below-header-display":"","ast-hfb-mobile-header-display":"","site-post-title":"disabled","ast-breadcrumbs-content":"","ast-featured-img":"disabled","footer-sml-layout":"","theme-transparent-header-meta":"default","adv-header-id-meta":"","stick-header-meta":"","header-above-stick-meta":"","header-main-stick-meta":"","header-below-stick-meta":"","footnotes":""},"aioseo_notices":[],"yoast_head":"<!-- This site is optimized with the Yoast SEO Premium plugin v19.2.1 (Yoast SEO v21.9.1) - https:\/\/yoast.com\/wordpress\/plugins\/seo\/ -->\n<title>BOTTA PACKAGING \u00bb eco-packaging solutions - SOZIALE VERANTWORTUNG DER UNTERNEHMEN<\/title>\n<meta name=\"robots\" content=\"index, follow, max-snippet:-1, max-image-preview:large, max-video-preview:-1\" \/>\n<link rel=\"canonical\" href=\"https:\/\/www.botta.it\/de\/soziale-verantwortung-der-unternehmen\/\" \/>\n<meta property=\"og:locale\" content=\"de_DE\" \/>\n<meta property=\"og:type\" content=\"article\" \/>\n<meta property=\"og:title\" content=\"SOZIALE VERANTWORTUNG DER UNTERNEHMEN\" \/>\n<meta property=\"og:description\" content=\"SOZIALE VERANTWORTUNG DER UNTERNEHMEN Bei Botta Packaging sind wir seit jeher auf unsere Umwelt bedacht und glauben an eine nachhaltige wirtschaftliche und soziale Entwicklung im Interesse der Gemeinschaft und des Territoriums, in dem wir t\u00e4tig sind. Tats\u00e4chlich verfolgt das Unternehmen eine Politik, die wirtschaftliche Ziele mit den sozialen und \u00f6kologischen Zielen des betreffenden Gebiets im &hellip; SOZIALE VERANTWORTUNG DER UNTERNEHMEN Mehr lesen \u00bb\" \/>\n<meta property=\"og:url\" content=\"https:\/\/www.botta.it\/de\/soziale-verantwortung-der-unternehmen\/\" \/>\n<meta property=\"og:site_name\" content=\"BOTTA PACKAGING \u00bb eco-packaging solutions\" \/>\n<meta property=\"article:publisher\" content=\"https:\/\/www.facebook.com\/bottapackaging\/\" \/>\n<meta property=\"article:modified_time\" content=\"2022-01-21T18:12:43+00:00\" \/>\n<meta property=\"og:image\" content=\"https:\/\/www.botta.it\/wp-content\/uploads\/2019\/12\/CORPORATE-SOCIAL-RESPONSIBILITY.jpg\" \/>\n<meta name=\"twitter:card\" content=\"summary_large_image\" \/>\n<meta name=\"twitter:site\" content=\"@botta_box\" \/>\n<script type=\"application\/ld+json\" class=\"yoast-schema-graph\">{\"@context\":\"https:\/\/schema.org\",\"@graph\":[{\"@type\":\"WebPage\",\"@id\":\"https:\/\/www.botta.it\/de\/soziale-verantwortung-der-unternehmen\/\",\"url\":\"https:\/\/www.botta.it\/de\/soziale-verantwortung-der-unternehmen\/\",\"name\":\"BOTTA PACKAGING \u00bb eco-packaging solutions - SOZIALE VERANTWORTUNG DER UNTERNEHMEN\",\"isPartOf\":{\"@id\":\"https:\/\/www.botta.it\/#website\"},\"datePublished\":\"2019-02-14T04:33:58+00:00\",\"dateModified\":\"2022-01-21T18:12:43+00:00\",\"breadcrumb\":{\"@id\":\"https:\/\/www.botta.it\/de\/soziale-verantwortung-der-unternehmen\/#breadcrumb\"},\"inLanguage\":\"de\",\"potentialAction\":[{\"@type\":\"ReadAction\",\"target\":[\"https:\/\/www.botta.it\/de\/soziale-verantwortung-der-unternehmen\/\"]}]},{\"@type\":\"BreadcrumbList\",\"@id\":\"https:\/\/www.botta.it\/de\/soziale-verantwortung-der-unternehmen\/#breadcrumb\",\"itemListElement\":[{\"@type\":\"ListItem\",\"position\":1,\"name\":\"Home\",\"item\":\"https:\/\/www.botta.it\/\"},{\"@type\":\"ListItem\",\"position\":2,\"name\":\"SOZIALE VERANTWORTUNG DER UNTERNEHMEN\"}]},{\"@type\":\"WebSite\",\"@id\":\"https:\/\/www.botta.it\/#website\",\"url\":\"https:\/\/www.botta.it\/\",\"name\":\"BOTTA PACKAGING \u00bb eco-packaging solutions\",\"description\":\"\u00d6kologische verpackungsl\u00f6sungen, wellpappe liefert, kartons, umschl\u00e4ge, airbags.\",\"publisher\":{\"@id\":\"https:\/\/www.botta.it\/#organization\"},\"potentialAction\":[{\"@type\":\"SearchAction\",\"target\":{\"@type\":\"EntryPoint\",\"urlTemplate\":\"https:\/\/www.botta.it\/?s={search_term_string}\"},\"query-input\":\"required name=search_term_string\"}],\"inLanguage\":\"de\"},{\"@type\":\"Organization\",\"@id\":\"https:\/\/www.botta.it\/#organization\",\"name\":\"BOTTA EcoPackaging\",\"url\":\"https:\/\/www.botta.it\/\",\"logo\":{\"@type\":\"ImageObject\",\"inLanguage\":\"de\",\"@id\":\"https:\/\/www.botta.it\/#\/schema\/logo\/image\/\",\"url\":\"https:\/\/www.botta.it\/wp-content\/uploads\/2021\/12\/Logo-RGB.png\",\"contentUrl\":\"https:\/\/www.botta.it\/wp-content\/uploads\/2021\/12\/Logo-RGB.png\",\"width\":1600,\"height\":1043,\"caption\":\"BOTTA EcoPackaging\"},\"image\":{\"@id\":\"https:\/\/www.botta.it\/#\/schema\/logo\/image\/\"},\"sameAs\":[\"https:\/\/www.facebook.com\/bottapackaging\/\",\"https:\/\/twitter.com\/botta_box\",\"https:\/\/www.instagram.com\/botta_box\/\",\"https:\/\/it.linkedin.com\/company\/botta-ecopackaging\",\"https:\/\/www.youtube.com\/channel\/UCLhT-tw_FsukJfrKi73c48Q\"]}]}<\/script>\n<!-- \/ Yoast SEO Premium plugin. -->","yoast_head_json":{"title":"BOTTA PACKAGING \u00bb eco-packaging solutions - SOZIALE VERANTWORTUNG DER UNTERNEHMEN","robots":{"index":"index","follow":"follow","max-snippet":"max-snippet:-1","max-image-preview":"max-image-preview:large","max-video-preview":"max-video-preview:-1"},"canonical":"https:\/\/www.botta.it\/de\/soziale-verantwortung-der-unternehmen\/","og_locale":"de_DE","og_type":"article","og_title":"SOZIALE VERANTWORTUNG DER UNTERNEHMEN","og_description":"SOZIALE VERANTWORTUNG DER UNTERNEHMEN Bei Botta Packaging sind wir seit jeher auf unsere Umwelt bedacht und glauben an eine nachhaltige wirtschaftliche und soziale Entwicklung im Interesse der Gemeinschaft und des Territoriums, in dem wir t\u00e4tig sind. Tats\u00e4chlich verfolgt das Unternehmen eine Politik, die wirtschaftliche Ziele mit den sozialen und \u00f6kologischen Zielen des betreffenden Gebiets im &hellip; SOZIALE VERANTWORTUNG DER UNTERNEHMEN Mehr lesen \u00bb","og_url":"https:\/\/www.botta.it\/de\/soziale-verantwortung-der-unternehmen\/","og_site_name":"BOTTA PACKAGING \u00bb eco-packaging solutions","article_publisher":"https:\/\/www.facebook.com\/bottapackaging\/","article_modified_time":"2022-01-21T18:12:43+00:00","og_image":[{"url":"https:\/\/www.botta.it\/wp-content\/uploads\/2019\/12\/CORPORATE-SOCIAL-RESPONSIBILITY.jpg"}],"twitter_card":"summary_large_image","twitter_site":"@botta_box","schema":{"@context":"https:\/\/schema.org","@graph":[{"@type":"WebPage","@id":"https:\/\/www.botta.it\/de\/soziale-verantwortung-der-unternehmen\/","url":"https:\/\/www.botta.it\/de\/soziale-verantwortung-der-unternehmen\/","name":"BOTTA PACKAGING \u00bb eco-packaging solutions - SOZIALE VERANTWORTUNG DER UNTERNEHMEN","isPartOf":{"@id":"https:\/\/www.botta.it\/#website"},"datePublished":"2019-02-14T04:33:58+00:00","dateModified":"2022-01-21T18:12:43+00:00","breadcrumb":{"@id":"https:\/\/www.botta.it\/de\/soziale-verantwortung-der-unternehmen\/#breadcrumb"},"inLanguage":"de","potentialAction":[{"@type":"ReadAction","target":["https:\/\/www.botta.it\/de\/soziale-verantwortung-der-unternehmen\/"]}]},{"@type":"BreadcrumbList","@id":"https:\/\/www.botta.it\/de\/soziale-verantwortung-der-unternehmen\/#breadcrumb","itemListElement":[{"@type":"ListItem","position":1,"name":"Home","item":"https:\/\/www.botta.it\/"},{"@type":"ListItem","position":2,"name":"SOZIALE VERANTWORTUNG DER UNTERNEHMEN"}]},{"@type":"WebSite","@id":"https:\/\/www.botta.it\/#website","url":"https:\/\/www.botta.it\/","name":"BOTTA PACKAGING \u00bb eco-packaging solutions","description":"\u00d6kologische verpackungsl\u00f6sungen, wellpappe liefert, kartons, umschl\u00e4ge, airbags.","publisher":{"@id":"https:\/\/www.botta.it\/#organization"},"potentialAction":[{"@type":"SearchAction","target":{"@type":"EntryPoint","urlTemplate":"https:\/\/www.botta.it\/?s={search_term_string}"},"query-input":"required name=search_term_string"}],"inLanguage":"de"},{"@type":"Organization","@id":"https:\/\/www.botta.it\/#organization","name":"BOTTA EcoPackaging","url":"https:\/\/www.botta.it\/","logo":{"@type":"ImageObject","inLanguage":"de","@id":"https:\/\/www.botta.it\/#\/schema\/logo\/image\/","url":"https:\/\/www.botta.it\/wp-content\/uploads\/2021\/12\/Logo-RGB.png","contentUrl":"https:\/\/www.botta.it\/wp-content\/uploads\/2021\/12\/Logo-RGB.png","width":1600,"height":1043,"caption":"BOTTA EcoPackaging"},"image":{"@id":"https:\/\/www.botta.it\/#\/schema\/logo\/image\/"},"sameAs":["https:\/\/www.facebook.com\/bottapackaging\/","https:\/\/twitter.com\/botta_box","https:\/\/www.instagram.com\/botta_box\/","https:\/\/it.linkedin.com\/company\/botta-ecopackaging","https:\/\/www.youtube.com\/channel\/UCLhT-tw_FsukJfrKi73c48Q"]}]}},"_links":{"self":[{"href":"https:\/\/www.botta.it\/de\/wp-json\/wp\/v2\/pages\/5825"}],"collection":[{"href":"https:\/\/www.botta.it\/de\/wp-json\/wp\/v2\/pages"}],"about":[{"href":"https:\/\/www.botta.it\/de\/wp-json\/wp\/v2\/types\/page"}],"author":[{"embeddable":true,"href":"https:\/\/www.botta.it\/de\/wp-json\/wp\/v2\/users\/1"}],"replies":[{"embeddable":true,"href":"https:\/\/www.botta.it\/de\/wp-json\/wp\/v2\/comments?post=5825"}],"version-history":[{"count":6,"href":"https:\/\/www.botta.it\/de\/wp-json\/wp\/v2\/pages\/5825\/revisions"}],"predecessor-version":[{"id":15325,"href":"https:\/\/www.botta.it\/de\/wp-json\/wp\/v2\/pages\/5825\/revisions\/15325"}],"wp:attachment":[{"href":"https:\/\/www.botta.it\/de\/wp-json\/wp\/v2\/media?parent=5825"}],"curies":[{"name":"wp","href":"https:\/\/api.w.org\/{rel}","templated":true}]}}