{"id":5150,"date":"2019-02-21T01:35:57","date_gmt":"2019-02-21T01:35:57","guid":{"rendered":"https:\/\/www.botta.it\/?page_id=5150"},"modified":"2024-01-19T15:57:45","modified_gmt":"2024-01-19T14:57:45","slug":"computersystem","status":"publish","type":"page","link":"https:\/\/www.botta.it\/de\/geteilte-innovation-fur-optimale-leistung\/","title":{"rendered":"Geteilte Innovation f\u00fcr optimale Leistung"},"content":{"rendered":"\t\t<div data-elementor-type=\"wp-post\" data-elementor-id=\"5150\" class=\"elementor elementor-5150 elementor-4389\">\n\t\t\t\t\t\t\t<div class=\"elementor-element elementor-element-e9e1954 e-flex e-con-boxed e-con\" data-id=\"e9e1954\" data-element_type=\"container\" data-settings=\"{&quot;content_width&quot;:&quot;boxed&quot;}\">\n\t\t\t\t\t<div class=\"e-con-inner\">\n\t\t\t\t<div class=\"elementor-element elementor-element-dd88fd5 elementor-widget elementor-widget-heading\" data-id=\"dd88fd5\" data-element_type=\"widget\" data-widget_type=\"heading.default\">\n\t\t\t\t<div class=\"elementor-widget-container\">\n\t\t\t<h2 class=\"elementor-heading-title elementor-size-default\">Geteilte Innovation f\u00fcr optimale Leistung<\/h2>\t\t<\/div>\n\t\t\t\t<\/div>\n\t\t\t\t\t<\/div>\n\t\t\t\t<\/div>\n\t\t<div class=\"elementor-element elementor-element-92e8274 e-flex e-con-boxed e-con\" data-id=\"92e8274\" data-element_type=\"container\" data-settings=\"{&quot;content_width&quot;:&quot;boxed&quot;}\">\n\t\t\t\t\t<div class=\"e-con-inner\">\n\t\t\t\t<div class=\"elementor-element elementor-element-6f9e50a elementor-widget elementor-widget-text-editor\" data-id=\"6f9e50a\" data-element_type=\"widget\" data-widget_type=\"text-editor.default\">\n\t\t\t\t<div class=\"elementor-widget-container\">\n\t\t\t\t\t\t\t<p><img decoding=\"async\" class=\"aligncenter wp-image-22366\" src=\"https:\/\/www.botta.it\/wp-content\/uploads\/2024\/01\/1-2.jpg\" alt=\"Innovazione condivisa per una performance ottimale\" width=\"300\" height=\"200\" srcset=\"https:\/\/www.botta.it\/wp-content\/uploads\/2024\/01\/1-2.jpg 1037w, https:\/\/www.botta.it\/wp-content\/uploads\/2024\/01\/1-2-1024x683.jpg 1024w, https:\/\/www.botta.it\/wp-content\/uploads\/2024\/01\/1-2-150x100.jpg 150w, https:\/\/www.botta.it\/wp-content\/uploads\/2024\/01\/1-2-768x512.jpg 768w, https:\/\/www.botta.it\/wp-content\/uploads\/2024\/01\/1-2-240x160.jpg 240w\" sizes=\"(max-width: 300px) 100vw, 300px\" \/><\/p><p><span style=\"font-weight: 400;\">BOTTA EcoPackaging ist stolz darauf, unter den &#8222;Top 100 Digital Champions Europas&#8220; zu sein, wie vom Financial Times anerkannt. Unser strategischer Einsatz modernster Technologie veranschaulicht eine vorbildliche Innovation, die speziell darauf ausgerichtet ist, Kundenbed\u00fcrfnisse effizient zu erf\u00fcllen.<\/span><\/p><p><span style=\"font-weight: 400;\">Profitieren Sie von unserer bew\u00e4hrten Expertise im Bereich nachhaltige Verpackungen und unserem fortlaufenden Engagement in Forschung und Entwicklung. Entdecken Sie zwei wertvolle Ressourcen, die wir online frei teilen und die eine konkrete Ressourcenoptimierung durch nachhaltige Verpackungen aufzeigen sowie auf die damit verbundenen Auswirkungen aufmerksam machen.<\/span><\/p><ul><li><span style=\"font-weight: 400;\">Nutzen Sie unseren benutzerfreundlichen und kostenlosen Lebenszyklus-Analyse (LCA) Rechner auf unserer Website, um die Integration von LCAs in umfassende Nachhaltigkeitsprogramme zu f\u00f6rdern.<\/span><\/li><li><span style=\"font-weight: 400;\">F\u00fcr Logistik- und Lagermanager steht unser kostenloser Palettenrechner mit einem Optimierungsalgorithmus zur Verf\u00fcgung, der die Effizienz der Palettierung von Fracht bewertet.<\/span><\/li><\/ul><p><span style=\"font-weight: 400;\">Diese Werkzeuge sind wesentliche erste Schritte f\u00fcr Unternehmen, die innovative und nachhaltige L\u00f6sungen anstreben und sich den sich entwickelnden europ\u00e4ischen Richtlinien anpassen.<\/span><\/p><p><span style=\"font-weight: 400;\">Erkunden Sie unser fesselndes Videospiel, das darauf abzielt, das Bewusstsein bei B\u00fcrgern, Jugendlichen und Unternehmen auf unterhaltsame und einzigartige Weise zu steigern.<\/span><\/p><p><span style=\"font-weight: 400;\">Arbeiten Sie mit uns zusammen, um von unserer Expertise f\u00fcr nachhaltiges Wachstum zu profitieren. Schauen Sie sich unsere Nachhaltigkeits-TIPPS im YouTube-Video von Lara an oder treten Sie direkt mit uns in Kontakt.<\/span><\/p><p><span style=\"font-weight: 400;\">In einer wegweisenden Partnerschaft haben wir uns mit einer globalen Institution zusammengetan, um die j\u00e4hrlichen Kohlenstoffemissionen jeder verkauften Verpackungseinheit zu berechnen. \u00dcbersetzen Sie diese Daten in zertifizierte soziale Nachhaltigkeitsprojekte durch unseren <span style=\"text-decoration: underline;\">Carbon Compensation As A Service<\/span>. Erm\u00f6glichen Sie Ihrer Marke, unvermeidbare Emissionen aus der nachhaltigen Verpackungsproduktion durch Beitrag zu einem zertifizierten Projekt, das mit Ihren Nachhaltigkeitszielen im Einklang steht, auszugleichen. Erfahren Sie mehr: <a href=\"https:\/\/www.botta.it\/prodotti\/eco-carbon-kompensation-service\/\">hier <\/a><\/span><span style=\"font-weight: 400;\">oder KONTAKTIEREN SIE UNS.<\/span><\/p>\t\t\t\t\t\t<\/div>\n\t\t\t\t<\/div>\n\t\t\t\t\t<\/div>\n\t\t\t\t<\/div>\n\t\t\t\t\t\t\t<\/div>\n\t\t","protected":false},"excerpt":{"rendered":"<p>Geteilte Innovation f\u00fcr optimale Leistung BOTTA EcoPackaging ist stolz darauf, unter den &#8222;Top 100 Digital Champions Europas&#8220; zu sein, wie vom Financial Times anerkannt. Unser strategischer Einsatz modernster Technologie veranschaulicht eine vorbildliche Innovation, die speziell darauf ausgerichtet ist, Kundenbed\u00fcrfnisse effizient zu erf\u00fcllen. Profitieren Sie von unserer bew\u00e4hrten Expertise im Bereich nachhaltige Verpackungen und unserem fortlaufenden &hellip;<\/p>\n<p class=\"read-more\"> <a class=\"\" href=\"https:\/\/www.botta.it\/de\/geteilte-innovation-fur-optimale-leistung\/\"> <span class=\"screen-reader-text\">Geteilte Innovation f\u00fcr optimale Leistung<\/span> Mehr lesen \u00bb<\/a><\/p>\n","protected":false},"author":1,"featured_media":0,"parent":0,"menu_order":0,"comment_status":"closed","ping_status":"closed","template":"elementor_header_footer","meta":{"om_disable_all_campaigns":false,"_monsterinsights_skip_tracking":false,"_monsterinsights_sitenote_active":false,"_monsterinsights_sitenote_note":"","_monsterinsights_sitenote_category":0,"site-sidebar-layout":"no-sidebar","site-content-layout":"page-builder","ast-global-header-display":"","ast-banner-title-visibility":"","ast-main-header-display":"","ast-hfb-above-header-display":"","ast-hfb-below-header-display":"","ast-hfb-mobile-header-display":"","site-post-title":"disabled","ast-breadcrumbs-content":"","ast-featured-img":"disabled","footer-sml-layout":"","theme-transparent-header-meta":"default","adv-header-id-meta":"","stick-header-meta":"","header-above-stick-meta":"","header-main-stick-meta":"","header-below-stick-meta":"","footnotes":""},"aioseo_notices":[],"yoast_head":"<!-- This site is optimized with the Yoast SEO Premium plugin v19.2.1 (Yoast SEO v21.9.1) - https:\/\/yoast.com\/wordpress\/plugins\/seo\/ -->\n<title>BOTTA PACKAGING \u00bb eco-packaging solutions - Geteilte Innovation f\u00fcr optimale Leistung<\/title>\n<meta name=\"robots\" content=\"index, follow, max-snippet:-1, max-image-preview:large, max-video-preview:-1\" \/>\n<link rel=\"canonical\" href=\"https:\/\/www.botta.it\/de\/computersystem\/\" \/>\n<meta property=\"og:locale\" content=\"de_DE\" \/>\n<meta property=\"og:type\" content=\"article\" \/>\n<meta property=\"og:title\" content=\"Geteilte Innovation f\u00fcr optimale Leistung\" \/>\n<meta property=\"og:description\" content=\"Geteilte Innovation f\u00fcr optimale Leistung BOTTA EcoPackaging ist stolz darauf, unter den &#8222;Top 100 Digital Champions Europas&#8220; zu sein, wie vom Financial Times anerkannt. Unser strategischer Einsatz modernster Technologie veranschaulicht eine vorbildliche Innovation, die speziell darauf ausgerichtet ist, Kundenbed\u00fcrfnisse effizient zu erf\u00fcllen. Profitieren Sie von unserer bew\u00e4hrten Expertise im Bereich nachhaltige Verpackungen und unserem fortlaufenden &hellip; Geteilte Innovation f\u00fcr optimale Leistung Mehr lesen \u00bb\" \/>\n<meta property=\"og:url\" content=\"https:\/\/www.botta.it\/de\/computersystem\/\" \/>\n<meta property=\"og:site_name\" content=\"BOTTA PACKAGING \u00bb eco-packaging solutions\" \/>\n<meta property=\"article:publisher\" content=\"https:\/\/www.facebook.com\/bottapackaging\/\" \/>\n<meta property=\"article:modified_time\" content=\"2024-01-19T14:57:45+00:00\" \/>\n<meta property=\"og:image\" content=\"https:\/\/www.botta.it\/wp-content\/uploads\/2024\/01\/1-2.jpg\" \/>\n<meta name=\"twitter:card\" content=\"summary_large_image\" \/>\n<meta name=\"twitter:site\" content=\"@botta_box\" \/>\n<script type=\"application\/ld+json\" class=\"yoast-schema-graph\">{\"@context\":\"https:\/\/schema.org\",\"@graph\":[{\"@type\":\"WebPage\",\"@id\":\"https:\/\/www.botta.it\/de\/computersystem\/\",\"url\":\"https:\/\/www.botta.it\/de\/computersystem\/\",\"name\":\"BOTTA PACKAGING \u00bb eco-packaging solutions - Geteilte Innovation f\u00fcr optimale Leistung\",\"isPartOf\":{\"@id\":\"https:\/\/www.botta.it\/#website\"},\"datePublished\":\"2019-02-21T01:35:57+00:00\",\"dateModified\":\"2024-01-19T14:57:45+00:00\",\"breadcrumb\":{\"@id\":\"https:\/\/www.botta.it\/de\/computersystem\/#breadcrumb\"},\"inLanguage\":\"de\",\"potentialAction\":[{\"@type\":\"ReadAction\",\"target\":[\"https:\/\/www.botta.it\/de\/computersystem\/\"]}]},{\"@type\":\"BreadcrumbList\",\"@id\":\"https:\/\/www.botta.it\/de\/computersystem\/#breadcrumb\",\"itemListElement\":[{\"@type\":\"ListItem\",\"position\":1,\"name\":\"Home\",\"item\":\"https:\/\/www.botta.it\/\"},{\"@type\":\"ListItem\",\"position\":2,\"name\":\"Geteilte Innovation f\u00fcr optimale Leistung\"}]},{\"@type\":\"WebSite\",\"@id\":\"https:\/\/www.botta.it\/#website\",\"url\":\"https:\/\/www.botta.it\/\",\"name\":\"BOTTA PACKAGING \u00bb eco-packaging solutions\",\"description\":\"\u00d6kologische verpackungsl\u00f6sungen, wellpappe liefert, kartons, umschl\u00e4ge, airbags.\",\"publisher\":{\"@id\":\"https:\/\/www.botta.it\/#organization\"},\"potentialAction\":[{\"@type\":\"SearchAction\",\"target\":{\"@type\":\"EntryPoint\",\"urlTemplate\":\"https:\/\/www.botta.it\/?s={search_term_string}\"},\"query-input\":\"required name=search_term_string\"}],\"inLanguage\":\"de\"},{\"@type\":\"Organization\",\"@id\":\"https:\/\/www.botta.it\/#organization\",\"name\":\"BOTTA EcoPackaging\",\"url\":\"https:\/\/www.botta.it\/\",\"logo\":{\"@type\":\"ImageObject\",\"inLanguage\":\"de\",\"@id\":\"https:\/\/www.botta.it\/#\/schema\/logo\/image\/\",\"url\":\"https:\/\/www.botta.it\/wp-content\/uploads\/2021\/12\/Logo-RGB.png\",\"contentUrl\":\"https:\/\/www.botta.it\/wp-content\/uploads\/2021\/12\/Logo-RGB.png\",\"width\":1600,\"height\":1043,\"caption\":\"BOTTA EcoPackaging\"},\"image\":{\"@id\":\"https:\/\/www.botta.it\/#\/schema\/logo\/image\/\"},\"sameAs\":[\"https:\/\/www.facebook.com\/bottapackaging\/\",\"https:\/\/twitter.com\/botta_box\",\"https:\/\/www.instagram.com\/botta_box\/\",\"https:\/\/it.linkedin.com\/company\/botta-ecopackaging\",\"https:\/\/www.youtube.com\/channel\/UCLhT-tw_FsukJfrKi73c48Q\"]}]}<\/script>\n<!-- \/ Yoast SEO Premium plugin. -->","yoast_head_json":{"title":"BOTTA PACKAGING \u00bb eco-packaging solutions - Geteilte Innovation f\u00fcr optimale Leistung","robots":{"index":"index","follow":"follow","max-snippet":"max-snippet:-1","max-image-preview":"max-image-preview:large","max-video-preview":"max-video-preview:-1"},"canonical":"https:\/\/www.botta.it\/de\/computersystem\/","og_locale":"de_DE","og_type":"article","og_title":"Geteilte Innovation f\u00fcr optimale Leistung","og_description":"Geteilte Innovation f\u00fcr optimale Leistung BOTTA EcoPackaging ist stolz darauf, unter den &#8222;Top 100 Digital Champions Europas&#8220; zu sein, wie vom Financial Times anerkannt. Unser strategischer Einsatz modernster Technologie veranschaulicht eine vorbildliche Innovation, die speziell darauf ausgerichtet ist, Kundenbed\u00fcrfnisse effizient zu erf\u00fcllen. Profitieren Sie von unserer bew\u00e4hrten Expertise im Bereich nachhaltige Verpackungen und unserem fortlaufenden &hellip; Geteilte Innovation f\u00fcr optimale Leistung Mehr lesen \u00bb","og_url":"https:\/\/www.botta.it\/de\/computersystem\/","og_site_name":"BOTTA PACKAGING \u00bb eco-packaging solutions","article_publisher":"https:\/\/www.facebook.com\/bottapackaging\/","article_modified_time":"2024-01-19T14:57:45+00:00","og_image":[{"url":"https:\/\/www.botta.it\/wp-content\/uploads\/2024\/01\/1-2.jpg"}],"twitter_card":"summary_large_image","twitter_site":"@botta_box","schema":{"@context":"https:\/\/schema.org","@graph":[{"@type":"WebPage","@id":"https:\/\/www.botta.it\/de\/computersystem\/","url":"https:\/\/www.botta.it\/de\/computersystem\/","name":"BOTTA PACKAGING \u00bb eco-packaging solutions - Geteilte Innovation f\u00fcr optimale Leistung","isPartOf":{"@id":"https:\/\/www.botta.it\/#website"},"datePublished":"2019-02-21T01:35:57+00:00","dateModified":"2024-01-19T14:57:45+00:00","breadcrumb":{"@id":"https:\/\/www.botta.it\/de\/computersystem\/#breadcrumb"},"inLanguage":"de","potentialAction":[{"@type":"ReadAction","target":["https:\/\/www.botta.it\/de\/computersystem\/"]}]},{"@type":"BreadcrumbList","@id":"https:\/\/www.botta.it\/de\/computersystem\/#breadcrumb","itemListElement":[{"@type":"ListItem","position":1,"name":"Home","item":"https:\/\/www.botta.it\/"},{"@type":"ListItem","position":2,"name":"Geteilte Innovation f\u00fcr optimale Leistung"}]},{"@type":"WebSite","@id":"https:\/\/www.botta.it\/#website","url":"https:\/\/www.botta.it\/","name":"BOTTA PACKAGING \u00bb eco-packaging solutions","description":"\u00d6kologische verpackungsl\u00f6sungen, wellpappe liefert, kartons, umschl\u00e4ge, airbags.","publisher":{"@id":"https:\/\/www.botta.it\/#organization"},"potentialAction":[{"@type":"SearchAction","target":{"@type":"EntryPoint","urlTemplate":"https:\/\/www.botta.it\/?s={search_term_string}"},"query-input":"required name=search_term_string"}],"inLanguage":"de"},{"@type":"Organization","@id":"https:\/\/www.botta.it\/#organization","name":"BOTTA EcoPackaging","url":"https:\/\/www.botta.it\/","logo":{"@type":"ImageObject","inLanguage":"de","@id":"https:\/\/www.botta.it\/#\/schema\/logo\/image\/","url":"https:\/\/www.botta.it\/wp-content\/uploads\/2021\/12\/Logo-RGB.png","contentUrl":"https:\/\/www.botta.it\/wp-content\/uploads\/2021\/12\/Logo-RGB.png","width":1600,"height":1043,"caption":"BOTTA EcoPackaging"},"image":{"@id":"https:\/\/www.botta.it\/#\/schema\/logo\/image\/"},"sameAs":["https:\/\/www.facebook.com\/bottapackaging\/","https:\/\/twitter.com\/botta_box","https:\/\/www.instagram.com\/botta_box\/","https:\/\/it.linkedin.com\/company\/botta-ecopackaging","https:\/\/www.youtube.com\/channel\/UCLhT-tw_FsukJfrKi73c48Q"]}]}},"_links":{"self":[{"href":"https:\/\/www.botta.it\/de\/wp-json\/wp\/v2\/pages\/5150"}],"collection":[{"href":"https:\/\/www.botta.it\/de\/wp-json\/wp\/v2\/pages"}],"about":[{"href":"https:\/\/www.botta.it\/de\/wp-json\/wp\/v2\/types\/page"}],"author":[{"embeddable":true,"href":"https:\/\/www.botta.it\/de\/wp-json\/wp\/v2\/users\/1"}],"replies":[{"embeddable":true,"href":"https:\/\/www.botta.it\/de\/wp-json\/wp\/v2\/comments?post=5150"}],"version-history":[{"count":7,"href":"https:\/\/www.botta.it\/de\/wp-json\/wp\/v2\/pages\/5150\/revisions"}],"predecessor-version":[{"id":22431,"href":"https:\/\/www.botta.it\/de\/wp-json\/wp\/v2\/pages\/5150\/revisions\/22431"}],"wp:attachment":[{"href":"https:\/\/www.botta.it\/de\/wp-json\/wp\/v2\/media?parent=5150"}],"curies":[{"name":"wp","href":"https:\/\/api.w.org\/{rel}","templated":true}]}}